{"id":88334,"date":"2023-10-10T14:35:05","date_gmt":"2023-10-10T12:35:05","guid":{"rendered":"https:\/\/semmelweis.hu\/jogigfoig\/?page_id=88334"},"modified":"2023-10-10T14:35:26","modified_gmt":"2023-10-10T12:35:26","slug":"2023-szeptember-22","status":"publish","type":"page","link":"https:\/\/semmelweis.hu\/jogigfoig\/testuletek\/szenatus\/2023-evi-szenatusi-hatarozatok\/2023-szeptember-22\/","title":{"rendered":"2023. szeptember 22."},"content":{"rendered":"<p style=\"text-align: justify\"><a href=\"https:\/\/semmelweis.hu\/jogigfoig\/files\/2023\/10\/73_2023_a-Semmelweis-Egyetem-ingatlanvagyonanak-boviteserol.pdf\">A Semmelweis Egyetem Szen\u00e1tus\u00e1nak 73\/2023. (IX.22.) sz\u00e1m\u00fa hat\u00e1rozata a Semmelweis Egyetem ingatlanvagyon\u00e1nak b\u0151v\u00edt\u00e9s\u00e9r\u0151l<\/a><\/p>\n","protected":false},"excerpt":{"rendered":"<p><a href=\"https:\/\/semmelweis.hu\/jogigfoig\/files\/2023\/10\/73_2023_a-Semmelweis-Egyetem-ingatlanvagyonanak-boviteserol.pdf\">A Semmelweis Egyetem Szen\u00e1tus\u00e1nak 73\/2023. (IX.22.) sz\u00e1m\u00fa hat\u00e1rozata a Semmelweis Egyetem ingatlanvagyon\u00e1nak b\u0151v\u00edt\u00e9s\u00e9r\u0151l<\/a><\/p>\n","protected":false},"author":101467,"featured_media":0,"parent":86448,"menu_order":8,"comment_status":"closed","ping_status":"closed","template":"","meta":{"_acf_changed":false,"footnotes":""},"categories":[],"tags":[],"class_list":["post-88334","page","type-page","status-publish","hentry"],"acf":[],"_links":{"self":[{"href":"https:\/\/semmelweis.hu\/jogigfoig\/wp-json\/wp\/v2\/pages\/88334","targetHints":{"allow":["GET"]}}],"collection":[{"href":"https:\/\/semmelweis.hu\/jogigfoig\/wp-json\/wp\/v2\/pages"}],"about":[{"href":"https:\/\/semmelweis.hu\/jogigfoig\/wp-json\/wp\/v2\/types\/page"}],"author":[{"embeddable":true,"href":"https:\/\/semmelweis.hu\/jogigfoig\/wp-json\/wp\/v2\/users\/101467"}],"replies":[{"embeddable":true,"href":"https:\/\/semmelweis.hu\/jogigfoig\/wp-json\/wp\/v2\/comments?post=88334"}],"version-history":[{"count":1,"href":"https:\/\/semmelweis.hu\/jogigfoig\/wp-json\/wp\/v2\/pages\/88334\/revisions"}],"predecessor-version":[{"id":88336,"href":"https:\/\/semmelweis.hu\/jogigfoig\/wp-json\/wp\/v2\/pages\/88334\/revisions\/88336"}],"up":[{"embeddable":true,"href":"https:\/\/semmelweis.hu\/jogigfoig\/wp-json\/wp\/v2\/pages\/86448"}],"wp:attachment":[{"href":"https:\/\/semmelweis.hu\/jogigfoig\/wp-json\/wp\/v2\/media?parent=88334"}],"wp:term":[{"taxonomy":"category","embeddable":true,"href":"https:\/\/semmelweis.hu\/jogigfoig\/wp-json\/wp\/v2\/categories?post=88334"},{"taxonomy":"post_tag","embeddable":true,"href":"https:\/\/semmelweis.hu\/jogigfoig\/wp-json\/wp\/v2\/tags?post=88334"}],"curies":[{"name":"wp","href":"https:\/\/api.w.org\/{rel}","templated":true}]}}