{"id":88233,"date":"2023-09-14T11:03:39","date_gmt":"2023-09-14T09:03:39","guid":{"rendered":"https:\/\/semmelweis.hu\/jogigfoig\/?page_id=88233"},"modified":"2023-09-19T09:59:57","modified_gmt":"2023-09-19T07:59:57","slug":"2023-augusztus-31","status":"publish","type":"page","link":"https:\/\/semmelweis.hu\/jogigfoig\/testuletek\/szenatus\/2023-evi-szenatusi-hatarozatok\/2023-augusztus-31\/","title":{"rendered":"2023. augusztus 31."},"content":{"rendered":"<p style=\"text-align: justify\"><a href=\"https:\/\/semmelweis.hu\/jogigfoig\/files\/2023\/09\/N_5_2023_hatarozat.pdf\">A Semmelweis Egyetem Szen\u00e1tus\u00e1nak N-5.2023. (VIII.31.) sz\u00e1m\u00fa hat\u00e1rozata a szen\u00e1tusi \u00fcl\u00e9s napirendj\u00e9r\u0151l<\/a><\/p>\n<p style=\"text-align: justify\"><a href=\"https:\/\/semmelweis.hu\/jogigfoig\/files\/2023\/09\/67_2023_DHC-adomanyozasa.pdf\">A Semmelweis Egyetem Szen\u00e1tus\u00e1nak 67\/2023. (VIII.31.) sz\u00e1m\u00fa hat\u00e1rozata a DHC adom\u00e1nyoz\u00e1s\u00e1r\u00f3l<\/a><\/p>\n<p style=\"text-align: justify\"><a href=\"https:\/\/semmelweis.hu\/jogigfoig\/files\/2023\/09\/68_2023_AOK-kurrikulum-modositas.pdf\">A Semmelweis Egyetem Szen\u00e1tus\u00e1nak 68\/2023. (VIII.31.) sz\u00e1m\u00fa hat\u00e1rozata az \u00c1OK kurrikulum m\u00f3dos\u00edt\u00e1sr\u00f3l<\/a><\/p>\n<p style=\"text-align: justify\"><a href=\"https:\/\/semmelweis.hu\/jogigfoig\/files\/2023\/09\/69_2023_AOK-tantargyi-kovetelmenyrendzerek.pdf\">A Semmelweis Egyetem Szen\u00e1tus\u00e1nak 69\/2023. (VIII.31.) sz\u00e1m\u00fa hat\u00e1rozata az \u00c1OK tant\u00e1rgyi k\u00f6vetelm\u00e9nyrendszerekr\u0151l<\/a><\/p>\n<p style=\"text-align: justify\"><a href=\"https:\/\/semmelweis.hu\/jogigfoig\/files\/2023\/09\/70_2023_AOK-ra-felvett-hallgatok-kepzese.pdf\">A Semmelweis Egyetem Szen\u00e1tus\u00e1nak 70\/2023. (VIII.31.) sz\u00e1m\u00fa hat\u00e1rozata a felvett hallgat\u00f3k k\u00e9pz\u00e9s\u00e9r\u0151l<\/a><\/p>\n<p style=\"text-align: justify\"><a href=\"https:\/\/semmelweis.hu\/jogigfoig\/files\/2023\/09\/71_2023_FOK-ra-felvett-hallgatok-egyeni-tanrendben-torteno-kepzese.pdf\">A Semmelweis Egyetem Szen\u00e1tus\u00e1nak 71\/2023. (VIII.31.) sz\u00e1m\u00fa hat\u00e1rozata a FOK-ra felvett hallgat\u00f3k egy\u00e9ni tanrendben t\u00f6rt\u00e9n\u0151 k\u00e9pz\u00e9s\u00e9r\u0151l<\/a><\/p>\n<p style=\"text-align: justify\"><a href=\"https:\/\/semmelweis.hu\/jogigfoig\/files\/2023\/09\/72_2023_aktualis-vezetoi-palyazat.pdf\">A Semmelweis Egyetem Szen\u00e1tus\u00e1nak 72\/2023. (VIII.31.) sz\u00e1m\u00fa hat\u00e1rozata az aktu\u00e1lis vezet\u0151i p\u00e1ly\u00e1zatr\u00f3l<\/a><\/p>\n","protected":false},"excerpt":{"rendered":"<p><a href=\"https:\/\/semmelweis.hu\/jogigfoig\/files\/2023\/09\/N_5_2023_hatarozat.pdf\">A Semmelweis Egyetem Szen\u00e1tus\u00e1nak N-5.2023. (VIII.31.) sz\u00e1m\u00fa hat\u00e1rozata a szen\u00e1tusi \u00fcl\u00e9s napirendj\u00e9r\u0151l<\/a><br \/>\n<a href=\"https:\/\/semmelweis.hu\/jogigfoig\/files\/2023\/09\/67_2023_DHC-adomanyozasa.pdf\">A Semmelweis Egyetem Szen\u00e1tus\u00e1nak 67\/2023. (VIII.31.) sz\u00e1m\u00fa hat\u00e1rozata a DHC adom\u00e1nyoz\u00e1s\u00e1r\u00f3l<\/a><br \/>\n<a href=\"https:\/\/semmelweis.hu\/jogigfoig\/files\/2023\/09\/68_2023_AOK-kurrikulum-modositas.pdf\">A Semmelweis Egyetem Szen\u00e1tus\u00e1nak 68\/2023. (VIII.31.) sz\u00e1m\u00fa hat\u00e1rozata az \u00c1OK kurrikulum m\u00f3dos\u00edt\u00e1sr\u00f3l<\/a><br \/>\n<a href=\"https:\/\/semmelweis.hu\/jogigfoig\/files\/2023\/09\/69_2023_AOK-tantargyi-kovetelmenyrendzerek.pdf\">A Semmelweis Egyetem Szen\u00e1tus\u00e1nak 69\/2023. (VIII.31.) sz\u00e1m\u00fa hat\u00e1rozata az \u00c1OK tant\u00e1rgyi k\u00f6vetelm\u00e9nyrendszerekr\u0151l<\/a><br \/>\n<a href=\"https:\/\/semmelweis.hu\/jogigfoig\/files\/2023\/09\/70_2023_AOK-ra-felvett-hallgatok-kepzese.pdf\">A Semmelweis Egyetem Szen\u00e1tus\u00e1nak 70\/2023. (VIII.31.) sz\u00e1m\u00fa hat\u00e1rozata a felvett hallgat\u00f3k k\u00e9pz\u00e9s\u00e9r\u0151l<\/a><br \/>\n<a href=\"https:\/\/semmelweis.hu\/jogigfoig\/files\/2023\/09\/71_2023_FOK-ra-felvett-hallgatok-egyeni-tanrendben-torteno-kepzese.pdf\">A Semmelweis Egyetem Szen\u00e1tus\u00e1nak 71\/2023. (VIII.31.) sz\u00e1m\u00fa hat\u00e1rozata a FOK-ra felvett hallgat\u00f3k egy\u00e9ni tanrendben t\u00f6rt\u00e9n\u0151 k\u00e9pz\u00e9s\u00e9r\u0151l<\/a><br \/>\n<a href=\"https:\/\/semmelweis.hu\/jogigfoig\/files\/2023\/09\/72_2023_aktualis-vezetoi-palyazat.pdf\">A Semmelweis Egyetem Szen\u00e1tus\u00e1nak 72\/2023. (VIII.31.) sz\u00e1m\u00fa hat\u00e1rozata az aktu\u00e1lis vezet\u0151i p\u00e1ly\u00e1zatr\u00f3l<\/a><\/p>\n","protected":false},"author":101859,"featured_media":0,"parent":86448,"menu_order":7,"comment_status":"closed","ping_status":"closed","template":"","meta":{"_acf_changed":false,"footnotes":""},"categories":[],"tags":[],"class_list":["post-88233","page","type-page","status-publish","hentry"],"acf":[],"_links":{"self":[{"href":"https:\/\/semmelweis.hu\/jogigfoig\/wp-json\/wp\/v2\/pages\/88233","targetHints":{"allow":["GET"]}}],"collection":[{"href":"https:\/\/semmelweis.hu\/jogigfoig\/wp-json\/wp\/v2\/pages"}],"about":[{"href":"https:\/\/semmelweis.hu\/jogigfoig\/wp-json\/wp\/v2\/types\/page"}],"author":[{"embeddable":true,"href":"https:\/\/semmelweis.hu\/jogigfoig\/wp-json\/wp\/v2\/users\/101859"}],"replies":[{"embeddable":true,"href":"https:\/\/semmelweis.hu\/jogigfoig\/wp-json\/wp\/v2\/comments?post=88233"}],"version-history":[{"count":4,"href":"https:\/\/semmelweis.hu\/jogigfoig\/wp-json\/wp\/v2\/pages\/88233\/revisions"}],"predecessor-version":[{"id":88259,"href":"https:\/\/semmelweis.hu\/jogigfoig\/wp-json\/wp\/v2\/pages\/88233\/revisions\/88259"}],"up":[{"embeddable":true,"href":"https:\/\/semmelweis.hu\/jogigfoig\/wp-json\/wp\/v2\/pages\/86448"}],"wp:attachment":[{"href":"https:\/\/semmelweis.hu\/jogigfoig\/wp-json\/wp\/v2\/media?parent=88233"}],"wp:term":[{"taxonomy":"category","embeddable":true,"href":"https:\/\/semmelweis.hu\/jogigfoig\/wp-json\/wp\/v2\/categories?post=88233"},{"taxonomy":"post_tag","embeddable":true,"href":"https:\/\/semmelweis.hu\/jogigfoig\/wp-json\/wp\/v2\/tags?post=88233"}],"curies":[{"name":"wp","href":"https:\/\/api.w.org\/{rel}","templated":true}]}}