{"id":87810,"date":"2023-07-10T12:33:56","date_gmt":"2023-07-10T10:33:56","guid":{"rendered":"https:\/\/semmelweis.hu\/jogigfoig\/?page_id=87810"},"modified":"2023-07-17T13:24:21","modified_gmt":"2023-07-17T11:24:21","slug":"2023-junius-29","status":"publish","type":"page","link":"https:\/\/semmelweis.hu\/jogigfoig\/testuletek\/szenatus\/2023-evi-szenatusi-hatarozatok\/2023-junius-29\/","title":{"rendered":"2023. j\u00fanius 29."},"content":{"rendered":"<p style=\"text-align: justify\"><a href=\"https:\/\/semmelweis.hu\/jogigfoig\/files\/2023\/07\/N_4_2023_hatarozat.pdf\">A Semmelweis Egyetem\u00a0Szen\u00e1tus\u00e1nak\u00a0N-4.2023. (VI.29.) sz\u00e1m\u00fa hat\u00e1rozata\u00a0a szen\u00e1tusi \u00fcl\u00e9s napirendj\u00e9r\u0151l<\/a><\/p>\n<p style=\"text-align: justify\"><a href=\"https:\/\/semmelweis.hu\/jogigfoig\/files\/2023\/07\/52_2023_SzMSz-modositas.pdf\">A Semmelweis Egyetem\u00a0Szen\u00e1tus\u00e1nak\u00a052\/2023. (VI.29.) sz\u00e1m\u00fa hat\u00e1rozata\u00a0a Szervezeti \u00e9s M\u0171k\u00f6d\u00e9si Szab\u00e1lyzat egyes rendelkez\u00e9seinek m\u00f3dos\u00edt\u00e1s\u00e1r\u00f3l<\/a><\/p>\n<p style=\"text-align: justify\"><a href=\"https:\/\/semmelweis.hu\/jogigfoig\/files\/2023\/07\/52_2023_Melleklet_SzMSz.pdf\">A Semmelweis Egyetem Szen\u00e1tus\u00e1nak 52\/2023. (VI.29.) sz\u00e1m\u00fa hat\u00e1rozata a Szervezeti \u00e9s M\u0171k\u00f6d\u00e9si Szab\u00e1lyzat egyes rendelkez\u00e9seinek m\u00f3dos\u00edt\u00e1s\u00e1r\u00f3l &#8211; 1. sz\u00e1m\u00fa mell\u00e9klet<\/a><\/p>\n<p style=\"text-align: justify\"><a href=\"https:\/\/semmelweis.hu\/jogigfoig\/files\/2023\/07\/53_2023_KK-szervezeti-egysegek-modositasa.pdf\">A Semmelweis Egyetem\u00a0Szen\u00e1tus\u00e1nak\u00a053\/2023. (VI.29.) sz\u00e1m\u00fa hat\u00e1rozata\u00a0a Klinikai K\u00f6zpont szervezeti egys\u00e9geinek m\u00f3dos\u00edt\u00e1s\u00e1r\u00f3l<\/a><\/p>\n<p style=\"text-align: justify\"><a href=\"https:\/\/semmelweis.hu\/jogigfoig\/files\/2023\/07\/54_2023_Szabalyzatok-konyve-V.-utem_.pdf\">A Semmelweis Egyetem\u00a0Szen\u00e1tus\u00e1nak\u00a054\/2023. (VI.29.) sz\u00e1m\u00fa hat\u00e1rozata\u00a0a Szab\u00e1lyzatok k\u00f6nyve V. \u00fctemr\u0151l<\/a><\/p>\n<p style=\"text-align: justify\"><a href=\"https:\/\/semmelweis.hu\/jogigfoig\/files\/2023\/07\/54_2023_Melleklet_1_szamu.pdf\">A Semmelweis Egyetem Szen\u00e1tus\u00e1nak 54\/2023. (VI.29.) sz\u00e1m\u00fa hat\u00e1rozata a Szab\u00e1lyzatok k\u00f6nyve V. \u00fctemr\u0151l &#8211; 1. sz\u00e1m\u00fa mell\u00e9klet<\/a><\/p>\n<p style=\"text-align: justify\"><a href=\"https:\/\/semmelweis.hu\/jogigfoig\/files\/2023\/07\/54_2023_Melleklet_2_szamu.pdf\">A Semmelweis Egyetem Szen\u00e1tus\u00e1nak 54\/2023. (VI.29.) sz\u00e1m\u00fa hat\u00e1rozata a Szab\u00e1lyzatok k\u00f6nyve V. \u00fctemr\u0151l &#8211; 2. sz\u00e1m\u00fa mell\u00e9klet<\/a><\/p>\n<p style=\"text-align: justify\"><a href=\"https:\/\/semmelweis.hu\/jogigfoig\/files\/2023\/07\/54_2023_melleklet_3.zip\">A Semmelweis Egyetem Szen\u00e1tus\u00e1nak 54\/2023. (VI.29.) sz\u00e1m\u00fa hat\u00e1rozata a Szab\u00e1lyzatok k\u00f6nyve V. \u00fctemr\u0151l &#8211; 3. sz\u00e1m\u00fa mell\u00e9klet<\/a><\/p>\n<p style=\"text-align: justify\"><a href=\"https:\/\/semmelweis.hu\/jogigfoig\/files\/2023\/07\/54_2023_Melleklet_4_Rendezvenybiztositasi_szabalyzat.docx\">A Semmelweis Egyetem Szen\u00e1tus\u00e1nak 54\/2023. (VI.29.) sz\u00e1m\u00fa hat\u00e1rozata a Szab\u00e1lyzatok k\u00f6nyve V. \u00fctemr\u0151l &#8211; 4. sz\u00e1m\u00fa mell\u00e9klet<\/a><\/p>\n<p style=\"text-align: justify\"><a href=\"https:\/\/semmelweis.hu\/jogigfoig\/files\/2023\/07\/54_2023_Melleklet_5_Arculati-Kezikonyv-1.pdf\">A Semmelweis Egyetem Szen\u00e1tus\u00e1nak 54\/2023. (VI.29.) sz\u00e1m\u00fa hat\u00e1rozata a Szab\u00e1lyzatok k\u00f6nyve V. \u00fctemr\u0151l &#8211; 5. sz\u00e1m\u00fa mell\u00e9klet<\/a><\/p>\n<p style=\"text-align: justify\"><a href=\"https:\/\/semmelweis.hu\/jogigfoig\/files\/2023\/07\/54_2023_Melleklet_6_Kikuldetesi_es_utazasi_kltsgter_szab.docx\">A Semmelweis Egyetem Szen\u00e1tus\u00e1nak 54\/2023. (VI.29.) sz\u00e1m\u00fa hat\u00e1rozata a Szab\u00e1lyzatok k\u00f6nyve V. \u00fctemr\u0151l &#8211; 6. sz\u00e1m\u00fa mell\u00e9klet<\/a><\/p>\n<p style=\"text-align: justify\"><a href=\"https:\/\/semmelweis.hu\/jogigfoig\/files\/2023\/07\/54_2023_Melleklet_7_Semmelweis_Szimpozium_szabalyzat_korr.docx\">A Semmelweis Egyetem Szen\u00e1tus\u00e1nak 54\/2023. (VI.29.) sz\u00e1m\u00fa hat\u00e1rozata a Szab\u00e1lyzatok k\u00f6nyve V. \u00fctemr\u0151l &#8211; 7. sz\u00e1m\u00fa mell\u00e9klet<\/a><\/p>\n<p style=\"text-align: justify\"><a href=\"https:\/\/semmelweis.hu\/jogigfoig\/files\/2023\/07\/54_2023_melleklet_8.zip\">A Semmelweis Egyetem Szen\u00e1tus\u00e1nak 54\/2023. (VI.29.) sz\u00e1m\u00fa hat\u00e1rozata a Szab\u00e1lyzatok k\u00f6nyve V. \u00fctemr\u0151l &#8211; 8. sz\u00e1m\u00fa mell\u00e9klet<\/a><\/p>\n<p style=\"text-align: justify\"><a href=\"https:\/\/semmelweis.hu\/jogigfoig\/files\/2023\/07\/55_2023_Pro-Educatione.pdf\">A Semmelweis Egyetem\u00a0Szen\u00e1tus\u00e1nak\u00a055\/2023. (VI.29.) sz\u00e1m\u00fa hat\u00e1rozata\u00a0a Pro Educatione-d\u00edj megalap\u00edt\u00e1s\u00e1r\u00f3l<\/a><\/p>\n<p style=\"text-align: justify\"><a href=\"https:\/\/semmelweis.hu\/jogigfoig\/files\/2023\/07\/55_2023_Melleklet_Pro-Educatione.pdf\">A Semmelweis Egyetem Szen\u00e1tus\u00e1nak 55\/2023. (VI.29.) sz\u00e1m\u00fa hat\u00e1rozata a Pro Educatione-d\u00edj megalap\u00edt\u00e1s\u00e1r\u00f3l &#8211; 1. sz\u00e1m\u00fa mell\u00e9klet<\/a><\/p>\n<p style=\"text-align: justify\"><a href=\"https:\/\/semmelweis.hu\/jogigfoig\/files\/2023\/07\/56_2023_mintatantervek-idegen-nyelvi-kovetlmenyek_.pdf\">A Semmelweis Egyetem\u00a0Szen\u00e1tus\u00e1nak\u00a056\/2023. (VI.29.) sz\u00e1m\u00fa hat\u00e1rozata\u00a0az egyes szakok mintatanterveinek az idegen nyelvi k\u00f6vetelm\u00e9nyek v\u00e1ltoz\u00e1s\u00e1val \u00f6sszef\u00fcgg\u0151 m\u00f3dos\u00edt\u00e1s\u00e1r\u00f3l<\/a><\/p>\n<p style=\"text-align: justify\"><a href=\"https:\/\/semmelweis.hu\/jogigfoig\/files\/2023\/07\/56_2023_Mellekletek_mintatantervek.zip\">A Semmelweis Egyetem Szen\u00e1tus\u00e1nak 56\/2023. (VI.29.) sz\u00e1m\u00fa hat\u00e1rozata az egyes szakok mintatanterveinek az idegen nyelvi k\u00f6vetelm\u00e9nyek v\u00e1ltoz\u00e1s\u00e1val \u00f6sszef\u00fcgg\u0151 m\u00f3dos\u00edt\u00e1s\u00e1r\u00f3l &#8211; 1. sz\u00e1m\u00fa mell\u00e9klet<\/a><\/p>\n<p style=\"text-align: justify\"><a href=\"https:\/\/semmelweis.hu\/jogigfoig\/files\/2023\/07\/57_2023_CBT-konzulens.pdf\">A Semmelweis Egyetem\u00a0Szen\u00e1tus\u00e1nak\u00a057\/2023. (VI.29.) sz\u00e1m\u00fa hat\u00e1rozata\u00a0a kognit\u00edv viselked\u00e9ster\u00e1pi\u00e1s konzulens (CBT konzulens) szakir\u00e1ny\u00fa\u00a0tov\u00e1bbk\u00e9pz\u00e9si szak l\u00e9tes\u00edt\u00e9s\u00e9r\u0151l<\/a><\/p>\n<p style=\"text-align: justify\"><a href=\"https:\/\/semmelweis.hu\/jogigfoig\/files\/2023\/07\/58_2023_CBT-terapeuta.pdf\">A Semmelweis Egyetem\u00a0Szen\u00e1tus\u00e1nak\u00a058\/2023. (VI.29.) sz\u00e1m\u00fa hat\u00e1rozata\u00a0a kognit\u00edv viselked\u00e9sterapeuta (CBT terapeuta) szakir\u00e1ny\u00fa\u00a0tov\u00e1bbk\u00e9pz\u00e9si szak l\u00e9tes\u00edt\u00e9s\u00e9r\u0151l<\/a><\/p>\n<p style=\"text-align: justify\"><a href=\"https:\/\/semmelweis.hu\/jogigfoig\/files\/2023\/07\/59_2023_idegen-nyelvu-onkoltseges-kepzesek.pdf\">A Semmelweis Egyetem\u00a0Szen\u00e1tus\u00e1nak\u00a059\/2023. (VI.29.) sz\u00e1m\u00fa hat\u00e1rozata\u00a0az idegen nyelv\u0171, \u00f6nk\u00f6lts\u00e9ges k\u00e9pz\u00e9sek szab\u00e1lyainak m\u00f3dos\u00edt\u00e1s\u00e1r\u00f3l<\/a><\/p>\n<p style=\"text-align: justify\"><a href=\"https:\/\/semmelweis.hu\/jogigfoig\/files\/2023\/07\/59_2023_melleklet_SZMSZ_III_13.docx\">A Semmelweis Egyetem Szen\u00e1tus\u00e1nak 59\/2023. (VI.29.) sz\u00e1m\u00fa hat\u00e1rozata az idegen nyelv\u0171, \u00f6nk\u00f6lts\u00e9ges k\u00e9pz\u00e9sek szab\u00e1lyainak m\u00f3dos\u00edt\u00e1s\u00e1r\u00f3l &#8211; 1. sz\u00e1m\u00fa mell\u00e9klet<\/a><\/p>\n<p style=\"text-align: justify\"><a href=\"https:\/\/semmelweis.hu\/jogigfoig\/files\/2023\/07\/60_2023_SzMSz-HKR-TVSZ-modositas.pdf\">A Semmelweis Egyetem\u00a0Szen\u00e1tus\u00e1nak\u00a060\/2023. (VI.29.) sz\u00e1m\u00fa hat\u00e1rozata\u00a0a Szervezeti \u00e9s M\u0171k\u00f6d\u00e9si Szab\u00e1lyzat Hallgat\u00f3i K\u00f6vetelm\u00e9nyrendszer\u00a0Tanulm\u00e1nyi \u00e9s Vizsgaszab\u00e1lyzat\u00e1nak m\u00f3dos\u00edt\u00e1s\u00e1r\u00f3l<\/a><\/p>\n<p style=\"text-align: justify\"><a href=\"https:\/\/semmelweis.hu\/jogigfoig\/files\/2023\/07\/60_2023_melleklet_66943_Az-SE-HO\u0308K-u\u0308gyvivo\u030b-elno\u0308ke\u0301nek-22_2023.VII_.07.-SE-HO\u0308K-Elno\u0308k-sz.-hata\u0301rozata-az-egyete\u0301rte\u0301si-jog-gyakorla\u0301sa\u0301ro\u0301l.pdf\">A Semmelweis Egyetem\u00a0Szen\u00e1tus\u00e1nak\u00a060\/2023. (VI.29.) sz\u00e1m\u00fa hat\u00e1rozata\u00a0a Szervezeti \u00e9s M\u0171k\u00f6d\u00e9si Szab\u00e1lyzat Hallgat\u00f3i K\u00f6vetelm\u00e9nyrendszer\u00a0Tanulm\u00e1nyi \u00e9s Vizsgaszab\u00e1lyzat\u00e1nak m\u00f3dos\u00edt\u00e1s\u00e1r\u00f3l &#8211; Hallgat\u00f3i \u00d6nkorm\u00e1nyzat egyet\u00e9rt\u00e9s<\/a><\/p>\n<p style=\"text-align: justify\"><a href=\"https:\/\/semmelweis.hu\/jogigfoig\/files\/2023\/07\/61_2023_EEB-szemelyi-osszetetelenek-modositasa.pdf\">A Semmelweis Egyetem\u00a0Szen\u00e1tus\u00e1nak\u00a061\/2023. (VI.29.) sz\u00e1m\u00fa hat\u00e1rozata\u00a0az Egyetemi Es\u00e9lyegyenl\u0151s\u00e9gi Bizotts\u00e1g szem\u00e9lyi \u00f6sszet\u00e9tel\u00e9nek m\u00f3dos\u00edt\u00e1s\u00e1r\u00f3l<\/a><\/p>\n<p style=\"text-align: justify\"><a href=\"https:\/\/semmelweis.hu\/jogigfoig\/files\/2023\/07\/62_2023_egyetemi-hataskoru-bizottsagok.pdf\">A Semmelweis Egyetem\u00a0Szen\u00e1tus\u00e1nak\u00a062\/2023. (VI.29.) sz\u00e1m\u00fa hat\u00e1rozata\u00a0a Szen\u00e1tus \u00e1ltal l\u00e9trehozott, az egyetem eg\u00e9sz\u00e9re kiterjed\u0151, hat\u00e1sk\u00f6rrel rendelkez\u0151 \u00e1lland\u00f3 bizotts\u00e1gok hallgat\u00f3i \u00f6sszet\u00e9tel\u00e9nek meg\u00faj\u00edt\u00e1s\u00e1r\u00f3l<\/a><\/p>\n<p style=\"text-align: justify\"><a href=\"https:\/\/semmelweis.hu\/jogigfoig\/files\/2023\/07\/63_2023_Pro-Universitate-dij-es-SE-Kivalo-Oktato.pdf\">A Semmelweis Egyetem\u00a0Szen\u00e1tus\u00e1nak\u00a063\/2023. (VI.29.) sz\u00e1m\u00fa hat\u00e1rozata\u00a0a Pro Universitate d\u00edj \u00e9s a Semmelweis Egyetem Kiv\u00e1l\u00f3 Oktat\u00f3ja kit\u00fcntet\u00e9s adom\u00e1nyoz\u00e1s\u00e1r\u00f3l<\/a><\/p>\n<p style=\"text-align: justify\"><a href=\"https:\/\/semmelweis.hu\/jogigfoig\/files\/2023\/07\/64_2023_2024-evi-allami-miniszteri-kituntetes.pdf\">A Semmelweis Egyetem\u00a0Szen\u00e1tus\u00e1nak\u00a064\/2023. (VI.29.) sz\u00e1m\u00fa hat\u00e1rozata\u00a0a 2024. \u00e9vi \u00e1llami, miniszteri szint\u0171 kit\u00fcntet\u00e9sekre t\u00f6rt\u00e9n\u0151 felterjeszt\u00e9sr\u0151l<\/a><\/p>\n<p style=\"text-align: justify\"><a href=\"https:\/\/semmelweis.hu\/jogigfoig\/files\/2023\/07\/65_2023_az-oraado-oktatoknak-adomanyozhato-cimek-odaiteleserol.pdf\">A Semmelweis Egyetem\u00a0Szen\u00e1tus\u00e1nak\u00a065\/2023. (VI.29.) sz\u00e1m\u00fa hat\u00e1rozata\u00a0az \u00f3raad\u00f3 oktat\u00f3knak adom\u00e1nyozhat\u00f3 c\u00edmek oda\u00edt\u00e9l\u00e9s\u00e9r\u0151l<\/a><\/p>\n<p style=\"text-align: justify\"><a href=\"https:\/\/semmelweis.hu\/jogigfoig\/files\/2023\/07\/66_2023_aktualis-vezetoi-oktatoi-kutatoi-palyazatok_.pdf\">A Semmelweis Egyetem\u00a0Szen\u00e1tus\u00e1nak\u00a066\/2023. (VI.29.) sz\u00e1m\u00fa hat\u00e1rozata\u00a0az aktu\u00e1lis vezet\u0151i, valamint oktat\u00f3i-kutat\u00f3i p\u00e1ly\u00e1zatok v\u00e9lem\u00e9nyez\u00e9s\u00e9r\u0151l<\/a><\/p>\n","protected":false},"excerpt":{"rendered":"<p><a href=\"https:\/\/semmelweis.hu\/jogigfoig\/files\/2023\/07\/N_4_2023_hatarozat.pdf\">A Semmelweis Egyetem\u00a0Szen\u00e1tus\u00e1nak\u00a0N-4.2023. (VI.29.) sz\u00e1m\u00fa hat\u00e1rozata\u00a0a szen\u00e1tusi \u00fcl\u00e9s napirendj\u00e9r\u0151l<\/a><br \/>\n<a href=\"https:\/\/semmelweis.hu\/jogigfoig\/files\/2023\/07\/52_2023_SzMSz-modositas.pdf\">A Semmelweis Egyetem\u00a0Szen\u00e1tus\u00e1nak\u00a052\/2023. (VI.29.) sz\u00e1m\u00fa hat\u00e1rozata\u00a0a Szervezeti \u00e9s M\u0171k\u00f6d\u00e9si Szab\u00e1lyzat egyes rendelkez\u00e9seinek m\u00f3dos\u00edt\u00e1s\u00e1r\u00f3l<\/a><br \/>\n<a href=\"https:\/\/semmelweis.hu\/jogigfoig\/files\/2023\/07\/52_2023_Melleklet_SzMSz.pdf\">A Semmelweis Egyetem Szen\u00e1tus\u00e1nak 52\/2023. (VI.29.) sz\u00e1m\u00fa hat\u00e1rozata a Szervezeti \u00e9s M\u0171k\u00f6d\u00e9si Szab\u00e1lyzat egyes rendelkez\u00e9seinek m\u00f3dos\u00edt\u00e1s\u00e1r\u00f3l &#8211; 1. sz\u00e1m\u00fa mell\u00e9klet<\/a><br \/>\n<a href=\"https:\/\/semmelweis.hu\/jogigfoig\/files\/2023\/07\/53_2023_KK-szervezeti-egysegek-modositasa.pdf\">A Semmelweis Egyetem\u00a0Szen\u00e1tus\u00e1nak\u00a053\/2023. (VI.29.) sz\u00e1m\u00fa hat\u00e1rozata\u00a0a Klinikai K\u00f6zpont szervezeti egys\u00e9geinek m\u00f3dos\u00edt\u00e1s\u00e1r\u00f3l<\/a><br \/>\n<a href=\"https:\/\/semmelweis.hu\/jogigfoig\/files\/2023\/07\/54_2023_Szabalyzatok-konyve-V.-utem_.pdf\">A Semmelweis Egyetem\u00a0Szen\u00e1tus\u00e1nak\u00a054\/2023. (VI.29.) sz\u00e1m\u00fa hat\u00e1rozata\u00a0a Szab\u00e1lyzatok k\u00f6nyve V. \u00fctemr\u0151l<\/a><br \/>\n<a href=\"https:\/\/semmelweis.hu\/jogigfoig\/files\/2023\/07\/54_2023_Melleklet_1_szamu.pdf\">A Semmelweis Egyetem Szen\u00e1tus\u00e1nak 54\/2023. (VI.29.) sz\u00e1m\u00fa hat\u00e1rozata a Szab\u00e1lyzatok k\u00f6nyve V. \u00fctemr\u0151l &#8211; 1. sz\u00e1m\u00fa mell\u00e9klet<\/a><br \/>\n<a href=\"https:\/\/semmelweis.hu\/jogigfoig\/files\/2023\/07\/54_2023_Melleklet_2_szamu.pdf\">A Semmelweis Egyetem Szen\u00e1tus\u00e1nak 54\/2023. (VI.29.) sz\u00e1m\u00fa hat\u00e1rozata a Szab\u00e1lyzatok k\u00f6nyve V. \u00fctemr\u0151l &#8211; 2. sz\u00e1m\u00fa mell\u00e9klet<\/a><br \/>\n<a href=\"https:\/\/semmelweis.hu\/jogigfoig\/files\/2023\/07\/54_2023_melleklet_3.zip\">A Semmelweis Egyetem Szen\u00e1tus\u00e1nak 54\/2023. (VI.29.) sz\u00e1m\u00fa hat\u00e1rozata a Szab\u00e1lyzatok k\u00f6nyve V. \u00fctemr\u0151l &#8211; 3. sz\u00e1m\u00fa mell\u00e9klet<\/a><br \/>\n<a href=\"https:\/\/semmelweis.hu\/jogigfoig\/files\/2023\/07\/54_2023_Melleklet_4_Rendezvenybiztositasi_szabalyzat.docx\">A Semmelweis Egyetem Szen\u00e1tus\u00e1nak 54\/2023. (VI.29.) sz\u00e1m\u00fa hat\u00e1rozata a Szab\u00e1lyzatok k\u00f6nyve V. \u00fctemr\u0151l &#8211; 4. sz\u00e1m\u00fa mell\u00e9klet<\/a><br \/>\n<a href=\"https:\/\/semmelweis.hu\/jogigfoig\/files\/2023\/07\/54_2023_Melleklet_5_Arculati-Kezikonyv-1.pdf\">A Semmelweis Egyetem Szen\u00e1tus\u00e1nak 54\/2023. (VI.29.) sz\u00e1m\u00fa hat\u00e1rozata a Szab\u00e1lyzatok k\u00f6nyve V. \u00fctemr\u0151l &#8211; 5. sz\u00e1m\u00fa mell\u00e9klet<\/a><br \/>\n<a href=\"https:\/\/semmelweis.hu\/jogigfoig\/files\/2023\/07\/54_2023_Melleklet_6_Kikuldetesi_es_utazasi_kltsgter_szab.docx\">A Semmelweis Egyetem Szen\u00e1tus\u00e1nak 54\/2023. (VI.29.) sz\u00e1m\u00fa hat\u00e1rozata a Szab\u00e1lyzatok k\u00f6nyve V. \u00fctemr\u0151l &#8211; 6. sz\u00e1m\u00fa mell\u00e9klet<\/a><br \/>\n<a href=\"https:\/\/semmelweis.hu\/jogigfoig\/files\/2023\/07\/54_2023_Melleklet_7_Semmelweis_Szimpozium_szabalyzat_korr.docx\">A Semmelweis Egyetem Szen\u00e1tus\u00e1nak 54\/2023. (VI.29.) sz\u00e1m\u00fa hat\u00e1rozata a Szab\u00e1lyzatok k\u00f6nyve V. \u00fctemr\u0151l &#8211; 7. sz\u00e1m\u00fa mell\u00e9klet<\/a><br \/>\n<a href=\"https:\/\/semmelweis.hu\/jogigfoig\/files\/2023\/07\/54_2023_melleklet_8.zip\">A Semmelweis Egyetem Szen\u00e1tus\u00e1nak 54\/2023. (VI.29.) sz\u00e1m\u00fa hat\u00e1rozata a Szab\u00e1lyzatok k\u00f6nyve V. \u00fctemr\u0151l &#8211; 8. sz\u00e1m\u00fa mell\u00e9klet<\/a><br \/>\n<a href=\"https:\/\/semmelweis.hu\/jogigfoig\/files\/2023\/07\/55_2023_Pro-Educatione.pdf\">A Semmelweis Egyetem\u00a0Szen\u00e1tus\u00e1nak\u00a055\/2023. (VI.29.) sz\u00e1m\u00fa hat\u00e1rozata\u00a0a Pro Educatione-d\u00edj megalap\u00edt\u00e1s\u00e1r\u00f3l<\/a><br \/>\n<a href=\"https:\/\/semmelweis.hu\/jogigfoig\/files\/2023\/07\/55_2023_Melleklet_Pro-Educatione.pdf\">A Semmelweis Egyetem Szen\u00e1tus\u00e1nak 55\/2023. (VI.29.) sz\u00e1m\u00fa hat\u00e1rozata a Pro Educatione-d\u00edj megalap\u00edt\u00e1s\u00e1r\u00f3l &#8211; 1. sz\u00e1m\u00fa mell\u00e9klet<\/a><br \/>\n<a href=\"https:\/\/semmelweis.hu\/jogigfoig\/files\/2023\/07\/56_2023_mintatantervek-idegen-nyelvi-kovetlmenyek_.pdf\">A Semmelweis Egyetem\u00a0Szen\u00e1tus\u00e1nak\u00a056\/2023. (VI.29.) sz\u00e1m\u00fa hat\u00e1rozata\u00a0az egyes szakok mintatanterveinek az idegen nyelvi k\u00f6vetelm\u00e9nyek v\u00e1ltoz\u00e1s\u00e1val \u00f6sszef\u00fcgg\u0151 m\u00f3dos\u00edt\u00e1s\u00e1r\u00f3l<\/a><br \/>\n<a href=\"https:\/\/semmelweis.hu\/jogigfoig\/files\/2023\/07\/56_2023_Mellekletek_mintatantervek.zip\">A Semmelweis Egyetem Szen\u00e1tus\u00e1nak 56\/2023. (VI.29.) sz\u00e1m\u00fa hat\u00e1rozata az egyes szakok mintatanterveinek az idegen nyelvi k\u00f6vetelm\u00e9nyek v\u00e1ltoz\u00e1s\u00e1val \u00f6sszef\u00fcgg\u0151 m\u00f3dos\u00edt\u00e1s\u00e1r\u00f3l &#8211; 1. sz\u00e1m\u00fa mell\u00e9klet<\/a><br \/>\n<a href=\"https:\/\/semmelweis.hu\/jogigfoig\/files\/2023\/07\/57_2023_CBT-konzulens.pdf\">A Semmelweis Egyetem\u00a0Szen\u00e1tus\u00e1nak\u00a057\/2023. (VI.29.) sz\u00e1m\u00fa hat\u00e1rozata\u00a0a kognit\u00edv viselked\u00e9ster\u00e1pi\u00e1s konzulens (CBT konzulens) szakir\u00e1ny\u00fa\u00a0tov\u00e1bbk\u00e9pz\u00e9si szak l\u00e9tes\u00edt\u00e9s\u00e9r\u0151l<\/a><br \/>\n<a href=\"https:\/\/semmelweis.hu\/jogigfoig\/files\/2023\/07\/58_2023_CBT-terapeuta.pdf\">A Semmelweis Egyetem\u00a0Szen\u00e1tus\u00e1nak\u00a058\/2023. (VI.29.) sz\u00e1m\u00fa hat\u00e1rozata\u00a0a kognit\u00edv viselked\u00e9sterapeuta (CBT terapeuta) szakir\u00e1ny\u00fa\u00a0tov\u00e1bbk\u00e9pz\u00e9si szak l\u00e9tes\u00edt\u00e9s\u00e9r\u0151l<\/a><br \/>\n<a href=\"https:\/\/semmelweis.hu\/jogigfoig\/files\/2023\/07\/59_2023_idegen-nyelvu-onkoltseges-kepzesek.pdf\">A Semmelweis Egyetem\u00a0Szen\u00e1tus\u00e1nak\u00a059\/2023. (VI.29.) sz\u00e1m\u00fa hat\u00e1rozata\u00a0az idegen nyelv\u0171, \u00f6nk\u00f6lts\u00e9ges k\u00e9pz\u00e9sek szab\u00e1lyainak m\u00f3dos\u00edt\u00e1s\u00e1r\u00f3l<\/a><br \/>\n<a href=\"https:\/\/semmelweis.hu\/jogigfoig\/files\/2023\/07\/59_2023_melleklet_SZMSZ_III_13.docx\">A Semmelweis Egyetem Szen\u00e1tus\u00e1nak 59\/2023. (VI.29.) sz\u00e1m\u00fa hat\u00e1rozata az idegen nyelv\u0171, \u00f6nk\u00f6lts\u00e9ges k\u00e9pz\u00e9sek szab\u00e1lyainak m\u00f3dos\u00edt\u00e1s\u00e1r\u00f3l &#8211; 1. sz\u00e1m\u00fa mell\u00e9klet<\/a><br \/>\n<a href=\"https:\/\/semmelweis.hu\/jogigfoig\/files\/2023\/07\/60_2023_SzMSz-HKR-TVSZ-modositas.pdf\">A Semmelweis Egyetem\u00a0Szen\u00e1tus\u00e1nak\u00a060\/2023. (VI.29.) sz\u00e1m\u00fa hat\u00e1rozata\u00a0a Szervezeti \u00e9s M\u0171k\u00f6d\u00e9si Szab\u00e1lyzat Hallgat\u00f3i K\u00f6vetelm\u00e9nyrendszer\u00a0Tanulm\u00e1nyi \u00e9s Vizsgaszab\u00e1lyzat\u00e1nak m\u00f3dos\u00edt\u00e1s\u00e1r\u00f3l<\/a><br \/>\n<a href=\"https:\/\/semmelweis.hu\/jogigfoig\/files\/2023\/07\/60_2023_melleklet_66943_Az-SE-HO\u0308K-u\u0308gyvivo\u030b-elno\u0308ke\u0301nek-22_2023.VII_.07.-SE-HO\u0308K-Elno\u0308k-sz.-hata\u0301rozata-az-egyete\u0301rte\u0301si-jog-gyakorla\u0301sa\u0301ro\u0301l.pdf\">A Semmelweis Egyetem\u00a0Szen\u00e1tus\u00e1nak\u00a060\/2023. (VI.29.) sz\u00e1m\u00fa hat\u00e1rozata\u00a0a Szervezeti \u00e9s M\u0171k\u00f6d\u00e9si Szab\u00e1lyzat Hallgat\u00f3i K\u00f6vetelm\u00e9nyrendszer\u00a0Tanulm\u00e1nyi \u00e9s Vizsgaszab\u00e1lyzat\u00e1nak m\u00f3dos\u00edt\u00e1s\u00e1r\u00f3l &#8211; Hallgat\u00f3i \u00d6nkorm\u00e1nyzat egyet\u00e9rt\u00e9s<\/a><br \/>\n<a href=\"https:\/\/semmelweis.hu\/jogigfoig\/files\/2023\/07\/61_2023_EEB-szemelyi-osszetetelenek-modositasa.pdf\">A Semmelweis Egyetem\u00a0Szen\u00e1tus\u00e1nak\u00a061\/2023. (VI.29.) sz\u00e1m\u00fa hat\u00e1rozata\u00a0az Egyetemi Es\u00e9lyegyenl\u0151s\u00e9gi Bizotts\u00e1g szem\u00e9lyi \u00f6sszet\u00e9tel\u00e9nek m\u00f3dos\u00edt\u00e1s\u00e1r\u00f3l<\/a><br \/>\n<a href=\"https:\/\/semmelweis.hu\/jogigfoig\/files\/2023\/07\/62_2023_egyetemi-hataskoru-bizottsagok.pdf\">A Semmelweis Egyetem\u00a0Szen\u00e1tus\u00e1nak\u00a062\/2023. (VI.29.) sz\u00e1m\u00fa hat\u00e1rozata\u00a0a Szen\u00e1tus \u00e1ltal l\u00e9trehozott, az egyetem eg\u00e9sz\u00e9re kiterjed\u0151, hat\u00e1sk\u00f6rrel rendelkez\u0151 \u00e1lland\u00f3 bizotts\u00e1gok hallgat\u00f3i \u00f6sszet\u00e9tel\u00e9nek meg\u00faj\u00edt\u00e1s\u00e1r\u00f3l<\/a><br \/>\n<a href=\"https:\/\/semmelweis.hu\/jogigfoig\/files\/2023\/07\/63_2023_Pro-Universitate-dij-es-SE-Kivalo-Oktato.pdf\">A Semmelweis Egyetem\u00a0Szen\u00e1tus\u00e1nak\u00a063\/2023. (VI.29.) sz\u00e1m\u00fa hat\u00e1rozata\u00a0a Pro Universitate d\u00edj \u00e9s a Semmelweis Egyetem Kiv\u00e1l\u00f3 Oktat\u00f3ja kit\u00fcntet\u00e9s adom\u00e1nyoz\u00e1s\u00e1r\u00f3l<\/a><br \/>\n<a href=\"https:\/\/semmelweis.hu\/jogigfoig\/files\/2023\/07\/64_2023_2024-evi-allami-miniszteri-kituntetes.pdf\">A Semmelweis Egyetem\u00a0Szen\u00e1tus\u00e1nak\u00a064\/2023. (VI.29.) sz\u00e1m\u00fa hat\u00e1rozata\u00a0a 2024. \u00e9vi \u00e1llami, miniszteri szint\u0171 kit\u00fcntet\u00e9sekre t\u00f6rt\u00e9n\u0151 felterjeszt\u00e9sr\u0151l<\/a><br \/>\n<a href=\"https:\/\/semmelweis.hu\/jogigfoig\/files\/2023\/07\/65_2023_az-oraado-oktatoknak-adomanyozhato-cimek-odaiteleserol.pdf\">A Semmelweis Egyetem\u00a0Szen\u00e1tus\u00e1nak\u00a065\/2023. (VI.29.) sz\u00e1m\u00fa hat\u00e1rozata\u00a0az \u00f3raad\u00f3 oktat\u00f3knak adom\u00e1nyozhat\u00f3 c\u00edmek oda\u00edt\u00e9l\u00e9s\u00e9r\u0151l<\/a><br \/>\n<a href=\"https:\/\/semmelweis.hu\/jogigfoig\/files\/2023\/07\/66_2023_aktualis-vezetoi-oktatoi-kutatoi-palyazatok_.pdf\">A Semmelweis Egyetem\u00a0Szen\u00e1tus\u00e1nak\u00a066\/2023. (VI.29.) sz\u00e1m\u00fa hat\u00e1rozata\u00a0az aktu\u00e1lis vezet\u0151i, valamint oktat\u00f3i-kutat\u00f3i p\u00e1ly\u00e1zatok v\u00e9lem\u00e9nyez\u00e9s\u00e9r\u0151l<\/a><\/p>\n","protected":false},"author":101467,"featured_media":0,"parent":86448,"menu_order":6,"comment_status":"closed","ping_status":"closed","template":"","meta":{"_acf_changed":false,"footnotes":""},"categories":[],"tags":[],"class_list":["post-87810","page","type-page","status-publish","hentry"],"acf":[],"_links":{"self":[{"href":"https:\/\/semmelweis.hu\/jogigfoig\/wp-json\/wp\/v2\/pages\/87810","targetHints":{"allow":["GET"]}}],"collection":[{"href":"https:\/\/semmelweis.hu\/jogigfoig\/wp-json\/wp\/v2\/pages"}],"about":[{"href":"https:\/\/semmelweis.hu\/jogigfoig\/wp-json\/wp\/v2\/types\/page"}],"author":[{"embeddable":true,"href":"https:\/\/semmelweis.hu\/jogigfoig\/wp-json\/wp\/v2\/users\/101467"}],"replies":[{"embeddable":true,"href":"https:\/\/semmelweis.hu\/jogigfoig\/wp-json\/wp\/v2\/comments?post=87810"}],"version-history":[{"count":6,"href":"https:\/\/semmelweis.hu\/jogigfoig\/wp-json\/wp\/v2\/pages\/87810\/revisions"}],"predecessor-version":[{"id":87884,"href":"https:\/\/semmelweis.hu\/jogigfoig\/wp-json\/wp\/v2\/pages\/87810\/revisions\/87884"}],"up":[{"embeddable":true,"href":"https:\/\/semmelweis.hu\/jogigfoig\/wp-json\/wp\/v2\/pages\/86448"}],"wp:attachment":[{"href":"https:\/\/semmelweis.hu\/jogigfoig\/wp-json\/wp\/v2\/media?parent=87810"}],"wp:term":[{"taxonomy":"category","embeddable":true,"href":"https:\/\/semmelweis.hu\/jogigfoig\/wp-json\/wp\/v2\/categories?post=87810"},{"taxonomy":"post_tag","embeddable":true,"href":"https:\/\/semmelweis.hu\/jogigfoig\/wp-json\/wp\/v2\/tags?post=87810"}],"curies":[{"name":"wp","href":"https:\/\/api.w.org\/{rel}","templated":true}]}}