{"id":87433,"date":"2023-05-02T16:05:38","date_gmt":"2023-05-02T14:05:38","guid":{"rendered":"https:\/\/semmelweis.hu\/jogigfoig\/?page_id=87433"},"modified":"2023-05-03T12:11:44","modified_gmt":"2023-05-03T10:11:44","slug":"2023-aprilis-24","status":"publish","type":"page","link":"https:\/\/semmelweis.hu\/jogigfoig\/testuletek\/szenatus\/2023-evi-szenatusi-hatarozatok\/2023-aprilis-24\/","title":{"rendered":"2023. \u00e1prilis 24."},"content":{"rendered":"<p style=\"text-align: justify\"><a href=\"https:\/\/semmelweis.hu\/jogigfoig\/files\/2023\/05\/N-2_2023-hatarozat.pdf\">A Semmelweis Egyetem\u00a0Szen\u00e1tus\u00e1nak\u00a0N-2.2023. (IV.24.) sz\u00e1m\u00fa hat\u00e1rozata\u00a0a szen\u00e1tusi \u00fcl\u00e9s napirendj\u00e9r\u0151l<\/a><\/p>\n<p style=\"text-align: justify\"><a href=\"https:\/\/semmelweis.hu\/jogigfoig\/files\/2023\/05\/28_2023_a-szenatusi-valasztas-szabalyainak-felulvizsgalatarol.pdf\">A Semmelweis Egyetem\u00a0Szen\u00e1tus\u00e1nak\u00a028\/2023. (IV.24.) sz\u00e1m\u00fa hat\u00e1rozata\u00a0a szen\u00e1tusi v\u00e1laszt\u00e1s szab\u00e1lyainak fel\u00fclvizsg\u00e1lat\u00e1r\u00f3l<\/a><\/p>\n<p style=\"text-align: justify\"><a href=\"https:\/\/semmelweis.hu\/jogigfoig\/files\/2023\/05\/28_2023_1-sz-melleklet.pdf\">A Semmelweis Egyetem Szen\u00e1tus\u00e1nak 28\/2023. (IV.24.) sz\u00e1m\u00fa hat\u00e1rozata a szen\u00e1tusi v\u00e1laszt\u00e1s szab\u00e1lyainak fel\u00fclvizsg\u00e1lat\u00e1r\u00f3l &#8211; 1. sz\u00e1m\u00fa mell\u00e9klet<\/a><\/p>\n<p style=\"text-align: justify\"><a href=\"https:\/\/semmelweis.hu\/jogigfoig\/files\/2023\/05\/29_2023_SzMSz-modositas.pdf\">A Semmelweis Egyetem\u00a0Szen\u00e1tus\u00e1nak\u00a029\/2023. (IV.24.) sz\u00e1m\u00fa hat\u00e1rozata\u00a0a Szervezeti \u00e9s M\u0171k\u00f6d\u00e9si Szab\u00e1lyzat egyes rendelkez\u00e9seinek m\u00f3dos\u00edt\u00e1s\u00e1r\u00f3l<\/a><\/p>\n<p style=\"text-align: justify\"><a href=\"https:\/\/semmelweis.hu\/jogigfoig\/files\/2023\/05\/29_2023_melleklet_10_2023.IV_.28.-SE-HOK-Elnok-sz.-hatarozat-az-egyetertesi-jog-gyakorlasarol.pdf\">A Semmelweis Egyetem Szen\u00e1tus\u00e1nak 29\/2023. (IV.24.) sz\u00e1m\u00fa hat\u00e1rozata a Szervezeti \u00e9s M\u0171k\u00f6d\u00e9si Szab\u00e1lyzat egyes rendelkez\u00e9seinek m\u00f3dos\u00edt\u00e1s\u00e1r\u00f3l &#8211; Hallgat\u00f3i \u00d6nkorm\u00e1nyzat egyet\u00e9rt\u00e9s<\/a><\/p>\n<p style=\"text-align: justify\"><a href=\"https:\/\/semmelweis.hu\/jogigfoig\/files\/2023\/05\/29_2023_1-sz-melleklet.pdf\">A Semmelweis Egyetem Szen\u00e1tus\u00e1nak 29\/2023. (IV.24.) sz\u00e1m\u00fa hat\u00e1rozata a Szervezeti \u00e9s M\u0171k\u00f6d\u00e9si Szab\u00e1lyzat egyes rendelkez\u00e9seinek m\u00f3dos\u00edt\u00e1s\u00e1r\u00f3l &#8211; 1. sz\u00e1m\u00fa mell\u00e9klet<\/a><\/p>\n<p style=\"text-align: justify\"><a href=\"https:\/\/semmelweis.hu\/jogigfoig\/files\/2023\/05\/29_2023_2-sz-melleklet.pdf\">A Semmelweis Egyetem\u00a0Szen\u00e1tus\u00e1nak\u00a029\/2023. (IV.24.) sz\u00e1m\u00fa hat\u00e1rozata\u00a0a Szervezeti \u00e9s M\u0171k\u00f6d\u00e9si Szab\u00e1lyzat egyes rendelkez\u00e9seinek m\u00f3dos\u00edt\u00e1s\u00e1r\u00f3l &#8211; 2. sz\u00e1m\u00fa mell\u00e9klet<\/a><\/p>\n<p style=\"text-align: justify\"><a href=\"https:\/\/semmelweis.hu\/jogigfoig\/files\/2023\/05\/29_2023_3-sz-melleklet.pdf\">A Semmelweis Egyetem\u00a0Szen\u00e1tus\u00e1nak\u00a029\/2023. (IV.24.) sz\u00e1m\u00fa hat\u00e1rozata\u00a0a Szervezeti \u00e9s M\u0171k\u00f6d\u00e9si Szab\u00e1lyzat egyes rendelkez\u00e9seinek m\u00f3dos\u00edt\u00e1s\u00e1r\u00f3l &#8211; 3. sz\u00e1m\u00fa mell\u00e9klet<\/a><\/p>\n<p style=\"text-align: justify\"><a href=\"https:\/\/semmelweis.hu\/jogigfoig\/files\/2023\/05\/29_2023_4-sz-melleklet.pdf\">A Semmelweis Egyetem\u00a0Szen\u00e1tus\u00e1nak\u00a029\/2023. (IV.24.) sz\u00e1m\u00fa hat\u00e1rozata\u00a0a Szervezeti \u00e9s M\u0171k\u00f6d\u00e9si Szab\u00e1lyzat egyes rendelkez\u00e9seinek m\u00f3dos\u00edt\u00e1s\u00e1r\u00f3l &#8211; 4. sz\u00e1m\u00fa mell\u00e9klet<\/a><\/p>\n<p style=\"text-align: justify\"><a href=\"https:\/\/semmelweis.hu\/jogigfoig\/files\/2023\/05\/30_2023_Gyermekgyogyaszati-Hemato-onkologiai-Tanszek.pdf\">A Semmelweis Egyetem\u00a0Szen\u00e1tus\u00e1nak\u00a030\/2023. (IV.24.) sz\u00e1m\u00fa hat\u00e1rozata\u00a0a Gyermekgy\u00f3gy\u00e1szati Hemato-onkol\u00f3giai Tansz\u00e9k l\u00e9trehoz\u00e1s\u00e1r\u00f3l a Semmelweis Egyetem Gyermekklinika T\u0171zolt\u00f3 utcai r\u00e9szleg\u00e9n<\/a><\/p>\n<p style=\"text-align: justify\"><a href=\"https:\/\/semmelweis.hu\/jogigfoig\/files\/2023\/05\/31_2023_ACH-Nogyogyaszati-Tanszeki-Csoport.pdf\">A Semmelweis Egyetem\u00a0Szen\u00e1tus\u00e1nak\u00a031\/2023. (IV.24.) sz\u00e1m\u00fa hat\u00e1rozata\u00a0az ACH N\u0151gy\u00f3gy\u00e1szati Tansz\u00e9ki Csoport l\u00e9trehoz\u00e1s\u00e1r\u00f3l a Sz\u00fcl\u00e9szeti \u00e9s N\u0151gy\u00f3gy\u00e1szati Klinik\u00e1hoz rendelten a Semmelweis Egyetem sz\u00e9khelyen k\u00edv\u00fcli k\u00e9pz\u00e9si hely\u00e9n az Asklepios Campus Hamburgon 2023. szeptember 1. napj\u00e1t\u00f3l<\/a><\/p>\n<p style=\"text-align: justify\"><a href=\"https:\/\/semmelweis.hu\/jogigfoig\/files\/2023\/05\/32_2023_ETK-mintatantervenek-modositasarol.pdf\">A Semmelweis Egyetem\u00a0Szen\u00e1tus\u00e1nak\u00a032\/2023. (IV.24.) sz\u00e1m\u00fa hat\u00e1rozata\u00a0az Eg\u00e9szs\u00e9gtudom\u00e1nyi Kar 2019\/2020. tan\u00e9v mintatanterv\u00e9nek m\u00f3dos\u00edt\u00e1s\u00e1r\u00f3l<\/a><\/p>\n<p style=\"text-align: justify\"><a href=\"https:\/\/semmelweis.hu\/jogigfoig\/files\/2023\/05\/33_2023_EKK-hazassag-es-csalad-lelkigondozo-KKK-modositas.pdf\">A Semmelweis Egyetem\u00a0Szen\u00e1tus\u00e1nak\u00a033\/2023. (IV.24.) sz\u00e1m\u00fa hat\u00e1rozata\u00a0az Eg\u00e9szs\u00e9g\u00fcgyi K\u00f6zszolg\u00e1lati Kar Ment\u00e1lhigi\u00e9n\u00e9 Int\u00e9zet ment\u00e1lhigi\u00e9n\u00e9s h\u00e1zass\u00e1g- \u00e9s csal\u00e1d-lelkigondoz\u00f3 szakir\u00e1ny\u00fa tov\u00e1bbk\u00e9pz\u00e9si szak k\u00e9pz\u00e9si \u00e9s kimeneti k\u00f6vetelm\u00e9nyeinek m\u00f3dos\u00edt\u00e1s\u00e1r\u00f3l<\/a><\/p>\n<p style=\"text-align: justify\"><a href=\"https:\/\/semmelweis.hu\/jogigfoig\/files\/2023\/05\/34_2023_Kituntetesi-es-dijak-adomanyozasarol-szolo-szabalyzat-modositasa.pdf\">A Semmelweis Egyetem\u00a0Szen\u00e1tus\u00e1nak\u00a034\/2023. (IV.24.) sz\u00e1m\u00fa hat\u00e1rozata\u00a0a Kit\u00fcntet\u00e9si \u00e9s d\u00edjak adom\u00e1nyoz\u00e1s\u00e1r\u00f3l sz\u00f3l\u00f3 szab\u00e1lyzat m\u00f3dos\u00edt\u00e1s\u00e1r\u00f3l<\/a><\/p>\n<p style=\"text-align: justify\"><a href=\"https:\/\/semmelweis.hu\/jogigfoig\/files\/2023\/05\/34_2023_melleklet.pdf\">A Semmelweis Egyetem Szen\u00e1tus\u00e1nak 34\/2023. (IV.24.) sz\u00e1m\u00fa hat\u00e1rozata a Kit\u00fcntet\u00e9si \u00e9s d\u00edjak adom\u00e1nyoz\u00e1s\u00e1r\u00f3l sz\u00f3l\u00f3 szab\u00e1lyzat m\u00f3dos\u00edt\u00e1s\u00e1r\u00f3l &#8211; 1. sz\u00e1m\u00fa mell\u00e9klet<\/a><\/p>\n<p style=\"text-align: justify\"><a href=\"https:\/\/semmelweis.hu\/jogigfoig\/files\/2023\/05\/35_2023_Pro-Universitate-dij-es-SE-Kivalo-Oktato.pdf\">A Semmelweis Egyetem\u00a0Szen\u00e1tus\u00e1nak\u00a035\/2023. (IV.24.) sz\u00e1m\u00fa hat\u00e1rozata\u00a0a Pro Universitate d\u00edj, \u00e9s a Semmelweis Egyetem Kiv\u00e1l\u00f3 Oktat\u00f3ja kit\u00fcntet\u00e9s adom\u00e1nyoz\u00e1s\u00e1r\u00f3l<\/a><\/p>\n<p style=\"text-align: justify\"><a href=\"https:\/\/semmelweis.hu\/jogigfoig\/files\/2023\/05\/36_2023_aktualis-vezetoi-oktatoi-es-kutatoi-palyazatok.pdf\">A Semmelweis Egyetem\u00a0Szen\u00e1tus\u00e1nak\u00a036\/2023. (IV.24.) sz\u00e1m\u00fa hat\u00e1rozata\u00a0az aktu\u00e1lis vezet\u0151i, valamint oktat\u00f3i \u00e9s kutat\u00f3i p\u00e1ly\u00e1zatok v\u00e9lem\u00e9nyez\u00e9s\u00e9r\u0151l<\/a><\/p>\n<p style=\"text-align: justify\"><a href=\"https:\/\/semmelweis.hu\/jogigfoig\/files\/2023\/05\/37_2023_Szamviteli-politika-modositas.pdf\">A Semmelweis Egyetem\u00a0Szen\u00e1tus\u00e1nak\u00a037\/2023. (IV.24.) sz\u00e1m\u00fa hat\u00e1rozata\u00a0a Sz\u00e1mviteli politika I. K\u00f6nyv Sz\u00e1mviteli politika m\u00f3dos\u00edt\u00e1s\u00e1r\u00f3l<\/a><\/p>\n<p style=\"text-align: justify\"><a href=\"https:\/\/semmelweis.hu\/jogigfoig\/files\/2023\/05\/37_2023_melleklet_SzP_I_konyv_Szamviteli-Politika_hataly_2023.IV_.04-tol.pdf\">A Semmelweis Egyetem Szen\u00e1tus\u00e1nak 37\/2023. (IV.24.) sz\u00e1m\u00fa hat\u00e1rozata a Sz\u00e1mviteli politika I. K\u00f6nyv Sz\u00e1mviteli politika m\u00f3dos\u00edt\u00e1s\u00e1r\u00f3l &#8211; 1. sz\u00e1m\u00fa mell\u00e9klet<\/a><\/p>\n","protected":false},"excerpt":{"rendered":"<p><a href=\"https:\/\/semmelweis.hu\/jogigfoig\/files\/2023\/05\/N-2_2023-hatarozat.pdf\">A Semmelweis Egyetem\u00a0Szen\u00e1tus\u00e1nak\u00a0N-2.2023. (IV.24.) sz\u00e1m\u00fa hat\u00e1rozata\u00a0a szen\u00e1tusi \u00fcl\u00e9s napirendj\u00e9r\u0151l<\/a><br \/>\n<a href=\"https:\/\/semmelweis.hu\/jogigfoig\/files\/2023\/05\/28_2023_a-szenatusi-valasztas-szabalyainak-felulvizsgalatarol.pdf\">A Semmelweis Egyetem\u00a0Szen\u00e1tus\u00e1nak\u00a028\/2023. (IV.24.) sz\u00e1m\u00fa hat\u00e1rozata\u00a0a szen\u00e1tusi v\u00e1laszt\u00e1s szab\u00e1lyainak fel\u00fclvizsg\u00e1lat\u00e1r\u00f3l<\/a><br \/>\n<a href=\"https:\/\/semmelweis.hu\/jogigfoig\/files\/2023\/05\/28_2023_1-sz-melleklet.pdf\">A Semmelweis Egyetem Szen\u00e1tus\u00e1nak 28\/2023. (IV.24.) sz\u00e1m\u00fa hat\u00e1rozata a szen\u00e1tusi v\u00e1laszt\u00e1s szab\u00e1lyainak fel\u00fclvizsg\u00e1lat\u00e1r\u00f3l &#8211; 1. sz\u00e1m\u00fa mell\u00e9klet<\/a><br \/>\n<a href=\"https:\/\/semmelweis.hu\/jogigfoig\/files\/2023\/05\/29_2023_SzMSz-modositas.pdf\">A Semmelweis Egyetem\u00a0Szen\u00e1tus\u00e1nak\u00a029\/2023. (IV.24.) sz\u00e1m\u00fa hat\u00e1rozata\u00a0a Szervezeti \u00e9s M\u0171k\u00f6d\u00e9si Szab\u00e1lyzat egyes rendelkez\u00e9seinek m\u00f3dos\u00edt\u00e1s\u00e1r\u00f3l<\/a><br \/>\n<a href=\"https:\/\/semmelweis.hu\/jogigfoig\/files\/2023\/05\/29_2023_melleklet_10_2023.IV_.28.-SE-HOK-Elnok-sz.-hatarozat-az-egyetertesi-jog-gyakorlasarol.pdf\">A Semmelweis Egyetem Szen\u00e1tus\u00e1nak 29\/2023. (IV.24.) sz\u00e1m\u00fa hat\u00e1rozata a Szervezeti \u00e9s M\u0171k\u00f6d\u00e9si Szab\u00e1lyzat egyes rendelkez\u00e9seinek m\u00f3dos\u00edt\u00e1s\u00e1r\u00f3l &#8211; Hallgat\u00f3i \u00d6nkorm\u00e1nyzat egyet\u00e9rt\u00e9s<\/a><br \/>\n<a href=\"https:\/\/semmelweis.hu\/jogigfoig\/files\/2023\/05\/29_2023_1-sz-melleklet.pdf\">A Semmelweis Egyetem Szen\u00e1tus\u00e1nak 29\/2023. (IV.24.) sz\u00e1m\u00fa hat\u00e1rozata a Szervezeti \u00e9s M\u0171k\u00f6d\u00e9si Szab\u00e1lyzat egyes rendelkez\u00e9seinek m\u00f3dos\u00edt\u00e1s\u00e1r\u00f3l &#8211; 1. sz\u00e1m\u00fa mell\u00e9klet<\/a><br \/>\n<a href=\"https:\/\/semmelweis.hu\/jogigfoig\/files\/2023\/05\/29_2023_2-sz-melleklet.pdf\">A Semmelweis Egyetem\u00a0Szen\u00e1tus\u00e1nak\u00a029\/2023. (IV.24.) sz\u00e1m\u00fa hat\u00e1rozata\u00a0a Szervezeti \u00e9s M\u0171k\u00f6d\u00e9si Szab\u00e1lyzat egyes rendelkez\u00e9seinek m\u00f3dos\u00edt\u00e1s\u00e1r\u00f3l &#8211; 2. sz\u00e1m\u00fa mell\u00e9klet<\/a><br \/>\n<a href=\"https:\/\/semmelweis.hu\/jogigfoig\/files\/2023\/05\/29_2023_3-sz-melleklet.pdf\">A Semmelweis Egyetem\u00a0Szen\u00e1tus\u00e1nak\u00a029\/2023. (IV.24.) sz\u00e1m\u00fa hat\u00e1rozata\u00a0a Szervezeti \u00e9s M\u0171k\u00f6d\u00e9si Szab\u00e1lyzat egyes rendelkez\u00e9seinek m\u00f3dos\u00edt\u00e1s\u00e1r\u00f3l &#8211; 3. sz\u00e1m\u00fa mell\u00e9klet<\/a><br \/>\n<a href=\"https:\/\/semmelweis.hu\/jogigfoig\/files\/2023\/05\/29_2023_4-sz-melleklet.pdf\">A Semmelweis Egyetem\u00a0Szen\u00e1tus\u00e1nak\u00a029\/2023. (IV.24.) sz\u00e1m\u00fa hat\u00e1rozata\u00a0a Szervezeti \u00e9s M\u0171k\u00f6d\u00e9si Szab\u00e1lyzat egyes rendelkez\u00e9seinek m\u00f3dos\u00edt\u00e1s\u00e1r\u00f3l &#8211; 4. sz\u00e1m\u00fa mell\u00e9klet<\/a><br \/>\n<a href=\"https:\/\/semmelweis.hu\/jogigfoig\/files\/2023\/05\/30_2023_Gyermekgyogyaszati-Hemato-onkologiai-Tanszek.pdf\">A Semmelweis Egyetem\u00a0Szen\u00e1tus\u00e1nak\u00a030\/2023. (IV.24.) sz\u00e1m\u00fa hat\u00e1rozata\u00a0a Gyermekgy\u00f3gy\u00e1szati Hemato-onkol\u00f3giai Tansz\u00e9k l\u00e9trehoz\u00e1s\u00e1r\u00f3l a Semmelweis Egyetem Gyermekklinika T\u0171zolt\u00f3 utcai r\u00e9szleg\u00e9n<\/a><br \/>\n<a href=\"https:\/\/semmelweis.hu\/jogigfoig\/files\/2023\/05\/31_2023_ACH-Nogyogyaszati-Tanszeki-Csoport.pdf\">A Semmelweis Egyetem\u00a0Szen\u00e1tus\u00e1nak\u00a031\/2023. (IV.24.) sz\u00e1m\u00fa hat\u00e1rozata\u00a0az ACH N\u0151gy\u00f3gy\u00e1szati Tansz\u00e9ki Csoport l\u00e9trehoz\u00e1s\u00e1r\u00f3l a Sz\u00fcl\u00e9szeti \u00e9s N\u0151gy\u00f3gy\u00e1szati Klinik\u00e1hoz rendelten a Semmelweis Egyetem sz\u00e9khelyen k\u00edv\u00fcli k\u00e9pz\u00e9si hely\u00e9n az Asklepios Campus Hamburgon 2023. szeptember 1. napj\u00e1t\u00f3l<\/a><br \/>\n<a href=\"https:\/\/semmelweis.hu\/jogigfoig\/files\/2023\/05\/32_2023_ETK-mintatantervenek-modositasarol.pdf\">A Semmelweis Egyetem\u00a0Szen\u00e1tus\u00e1nak\u00a032\/2023. (IV.24.) sz\u00e1m\u00fa hat\u00e1rozata\u00a0az Eg\u00e9szs\u00e9gtudom\u00e1nyi Kar 2019\/2020. tan\u00e9v mintatanterv\u00e9nek m\u00f3dos\u00edt\u00e1s\u00e1r\u00f3l<\/a><br \/>\n<a href=\"https:\/\/semmelweis.hu\/jogigfoig\/files\/2023\/05\/33_2023_EKK-hazassag-es-csalad-lelkigondozo-KKK-modositas.pdf\">A Semmelweis Egyetem\u00a0Szen\u00e1tus\u00e1nak\u00a033\/2023. (IV.24.) sz\u00e1m\u00fa hat\u00e1rozata\u00a0az Eg\u00e9szs\u00e9g\u00fcgyi K\u00f6zszolg\u00e1lati Kar Ment\u00e1lhigi\u00e9n\u00e9 Int\u00e9zet ment\u00e1lhigi\u00e9n\u00e9s h\u00e1zass\u00e1g- \u00e9s csal\u00e1d-lelkigondoz\u00f3 szakir\u00e1ny\u00fa tov\u00e1bbk\u00e9pz\u00e9si szak k\u00e9pz\u00e9si \u00e9s kimeneti k\u00f6vetelm\u00e9nyeinek m\u00f3dos\u00edt\u00e1s\u00e1r\u00f3l<\/a><br \/>\n<a href=\"https:\/\/semmelweis.hu\/jogigfoig\/files\/2023\/05\/34_2023_Kituntetesi-es-dijak-adomanyozasarol-szolo-szabalyzat-modositasa.pdf\">A Semmelweis Egyetem\u00a0Szen\u00e1tus\u00e1nak\u00a034\/2023. (IV.24.) sz\u00e1m\u00fa hat\u00e1rozata\u00a0a Kit\u00fcntet\u00e9si \u00e9s d\u00edjak adom\u00e1nyoz\u00e1s\u00e1r\u00f3l sz\u00f3l\u00f3 szab\u00e1lyzat m\u00f3dos\u00edt\u00e1s\u00e1r\u00f3l<\/a><br \/>\n<a href=\"https:\/\/semmelweis.hu\/jogigfoig\/files\/2023\/05\/34_2023_melleklet.pdf\">A Semmelweis Egyetem Szen\u00e1tus\u00e1nak 34\/2023. (IV.24.) sz\u00e1m\u00fa hat\u00e1rozata a Kit\u00fcntet\u00e9si \u00e9s d\u00edjak adom\u00e1nyoz\u00e1s\u00e1r\u00f3l sz\u00f3l\u00f3 szab\u00e1lyzat m\u00f3dos\u00edt\u00e1s\u00e1r\u00f3l &#8211; 1. sz\u00e1m\u00fa mell\u00e9klet<\/a><br \/>\n<a href=\"https:\/\/semmelweis.hu\/jogigfoig\/files\/2023\/05\/35_2023_Pro-Universitate-dij-es-SE-Kivalo-Oktato.pdf\">A Semmelweis Egyetem\u00a0Szen\u00e1tus\u00e1nak\u00a035\/2023. (IV.24.) sz\u00e1m\u00fa hat\u00e1rozata\u00a0a Pro Universitate d\u00edj, \u00e9s a Semmelweis Egyetem Kiv\u00e1l\u00f3 Oktat\u00f3ja kit\u00fcntet\u00e9s adom\u00e1nyoz\u00e1s\u00e1r\u00f3l<\/a><br \/>\n<a href=\"https:\/\/semmelweis.hu\/jogigfoig\/files\/2023\/05\/36_2023_aktualis-vezetoi-oktatoi-es-kutatoi-palyazatok.pdf\">A Semmelweis Egyetem\u00a0Szen\u00e1tus\u00e1nak\u00a036\/2023. (IV.24.) sz\u00e1m\u00fa hat\u00e1rozata\u00a0az aktu\u00e1lis vezet\u0151i, valamint oktat\u00f3i \u00e9s kutat\u00f3i p\u00e1ly\u00e1zatok v\u00e9lem\u00e9nyez\u00e9s\u00e9r\u0151l<\/a><br \/>\n<a href=\"https:\/\/semmelweis.hu\/jogigfoig\/files\/2023\/05\/37_2023_Szamviteli-politika-modositas.pdf\">A Semmelweis Egyetem\u00a0Szen\u00e1tus\u00e1nak\u00a037\/2023. (IV.24.) sz\u00e1m\u00fa hat\u00e1rozata\u00a0a Sz\u00e1mviteli politika I. K\u00f6nyv Sz\u00e1mviteli politika m\u00f3dos\u00edt\u00e1s\u00e1r\u00f3l<\/a><br \/>\n<a href=\"https:\/\/semmelweis.hu\/jogigfoig\/files\/2023\/05\/37_2023_melleklet_SzP_I_konyv_Szamviteli-Politika_hataly_2023.IV_.04-tol.pdf\">A Semmelweis Egyetem Szen\u00e1tus\u00e1nak 37\/2023. (IV.24.) sz\u00e1m\u00fa hat\u00e1rozata a Sz\u00e1mviteli politika I. K\u00f6nyv Sz\u00e1mviteli politika m\u00f3dos\u00edt\u00e1s\u00e1r\u00f3l &#8211; 1. sz\u00e1m\u00fa mell\u00e9klet<\/a><\/p>\n","protected":false},"author":101467,"featured_media":0,"parent":86448,"menu_order":4,"comment_status":"closed","ping_status":"closed","template":"","meta":{"_acf_changed":false,"footnotes":""},"categories":[],"tags":[],"class_list":["post-87433","page","type-page","status-publish","hentry"],"acf":[],"_links":{"self":[{"href":"https:\/\/semmelweis.hu\/jogigfoig\/wp-json\/wp\/v2\/pages\/87433","targetHints":{"allow":["GET"]}}],"collection":[{"href":"https:\/\/semmelweis.hu\/jogigfoig\/wp-json\/wp\/v2\/pages"}],"about":[{"href":"https:\/\/semmelweis.hu\/jogigfoig\/wp-json\/wp\/v2\/types\/page"}],"author":[{"embeddable":true,"href":"https:\/\/semmelweis.hu\/jogigfoig\/wp-json\/wp\/v2\/users\/101467"}],"replies":[{"embeddable":true,"href":"https:\/\/semmelweis.hu\/jogigfoig\/wp-json\/wp\/v2\/comments?post=87433"}],"version-history":[{"count":3,"href":"https:\/\/semmelweis.hu\/jogigfoig\/wp-json\/wp\/v2\/pages\/87433\/revisions"}],"predecessor-version":[{"id":87457,"href":"https:\/\/semmelweis.hu\/jogigfoig\/wp-json\/wp\/v2\/pages\/87433\/revisions\/87457"}],"up":[{"embeddable":true,"href":"https:\/\/semmelweis.hu\/jogigfoig\/wp-json\/wp\/v2\/pages\/86448"}],"wp:attachment":[{"href":"https:\/\/semmelweis.hu\/jogigfoig\/wp-json\/wp\/v2\/media?parent=87433"}],"wp:term":[{"taxonomy":"category","embeddable":true,"href":"https:\/\/semmelweis.hu\/jogigfoig\/wp-json\/wp\/v2\/categories?post=87433"},{"taxonomy":"post_tag","embeddable":true,"href":"https:\/\/semmelweis.hu\/jogigfoig\/wp-json\/wp\/v2\/tags?post=87433"}],"curies":[{"name":"wp","href":"https:\/\/api.w.org\/{rel}","templated":true}]}}