{"id":87221,"date":"2023-04-03T13:46:10","date_gmt":"2023-04-03T11:46:10","guid":{"rendered":"https:\/\/semmelweis.hu\/jogigfoig\/?page_id=87221"},"modified":"2023-04-04T11:00:31","modified_gmt":"2023-04-04T09:00:31","slug":"2023-marcius-30","status":"publish","type":"page","link":"https:\/\/semmelweis.hu\/jogigfoig\/testuletek\/szenatus\/2023-evi-szenatusi-hatarozatok\/2023-marcius-30\/","title":{"rendered":"2023. m\u00e1rcius 30."},"content":{"rendered":"<p style=\"text-align: justify\"><a href=\"https:\/\/semmelweis.hu\/jogigfoig\/files\/2023\/04\/N_1_2023_hatarozat.pdf\">A Semmelweis Egyetem\u00a0Szen\u00e1tus\u00e1nak\u00a0N-1.2023. (III.30.) sz\u00e1m\u00fa hat\u00e1rozata\u00a0a szen\u00e1tusi \u00fcl\u00e9s napirendj\u00e9r\u0151l<\/a><\/p>\n<p style=\"text-align: justify\"><a href=\"https:\/\/semmelweis.hu\/jogigfoig\/files\/2023\/04\/15_2023_a-Doktori-Iskolak-osszevonasarol.pdf\">A Semmelweis Egyetem\u00a0Szen\u00e1tus\u00e1nak\u00a015\/2023. (III.30.) sz\u00e1m\u00fa hat\u00e1rozata\u00a0a Doktori Iskol\u00e1k \u00f6sszevon\u00e1s\u00e1r\u00f3l<\/a><\/p>\n<p style=\"text-align: justify\"><a href=\"https:\/\/semmelweis.hu\/jogigfoig\/files\/2023\/04\/16_2023_a-Habilitacios-Bizottsag-szemelyi-osszetetelenek-megujitasarol.pdf\">A Semmelweis Egyetem\u00a0Szen\u00e1tus\u00e1nak\u00a016\/2023. (III.30.) sz\u00e1m\u00fa hat\u00e1rozata\u00a0a Habilit\u00e1ci\u00f3s Bizotts\u00e1g szem\u00e9lyi \u00f6sszet\u00e9tel\u00e9nek meg\u00faj\u00edt\u00e1s\u00e1r\u00f3l<\/a><\/p>\n<p style=\"text-align: justify\"><a href=\"https:\/\/semmelweis.hu\/jogigfoig\/files\/2023\/04\/17_2023_az-egyes-gazdalkodasi-targyu-szabalyzatok-modositasarol.pdf\">A Semmelweis Egyetem\u00a0Szen\u00e1tus\u00e1nak\u00a017\/2023. (III.30.) sz\u00e1m\u00fa hat\u00e1rozata\u00a0az egyes gazd\u00e1lkod\u00e1si t\u00e1rgy\u00fa szab\u00e1lyzatok m\u00f3dos\u00edt\u00e1s\u00e1r\u00f3l<\/a><\/p>\n<p style=\"text-align: justify\"><a href=\"https:\/\/semmelweis.hu\/jogigfoig\/files\/2023\/04\/18_2023_a-Semmelweis-International-Vascular-Symposium-mint-uj-szabadon-valaszthato-tantargy-bevezeteserol.pdf\">A Semmelweis Egyetem\u00a0Szen\u00e1tus\u00e1nak\u00a018\/2023. (III.30.) sz\u00e1m\u00fa hat\u00e1rozata\u00a0a Semmelweis International Vascular Symposium, mint \u00faj szabadon v\u00e1laszthat\u00f3 tant\u00e1rgy bevezet\u00e9s\u00e9r\u0151l<\/a><\/p>\n<p style=\"text-align: justify\"><a href=\"https:\/\/semmelweis.hu\/jogigfoig\/files\/2023\/04\/18_2023_Melleklet_kovetelemenyrendszer_magyar.pdf\">A Semmelweis Egyetem Szen\u00e1tus\u00e1nak 18\/2023. (III.30.) sz\u00e1m\u00fa hat\u00e1rozata a Semmelweis International Vascular Symposium, mint \u00faj szabadon v\u00e1laszthat\u00f3 tant\u00e1rgy bevezet\u00e9s\u00e9r\u0151l &#8211; K\u00f6vetelm\u00e9nyrendszer magyar nyelven<\/a><\/p>\n<p style=\"text-align: justify\"><a href=\"https:\/\/semmelweis.hu\/jogigfoig\/files\/2023\/04\/18_2023_Melleklet_kovetelemenyrendszer_angol.pdf\">A Semmelweis Egyetem\u00a0Szen\u00e1tus\u00e1nak\u00a018\/2023. (III.30.) sz\u00e1m\u00fa hat\u00e1rozata\u00a0a Semmelweis International Vascular Symposium, mint \u00faj szabadon v\u00e1laszthat\u00f3 tant\u00e1rgy bevezet\u00e9s\u00e9r\u0151l &#8211; K\u00f6vetelm\u00e9nyrendszer angol nyelven<\/a><\/p>\n<p style=\"text-align: justify\"><a href=\"https:\/\/semmelweis.hu\/jogigfoig\/files\/2023\/04\/18_2023_Melleklet_kovetelemenyrendszer_nemet.pdf\">A Semmelweis Egyetem\u00a0Szen\u00e1tus\u00e1nak\u00a018\/2023. (III.30.) sz\u00e1m\u00fa hat\u00e1rozata\u00a0a Semmelweis International Vascular Symposium, mint \u00faj szabadon v\u00e1laszthat\u00f3 tant\u00e1rgy bevezet\u00e9s\u00e9r\u0151l &#8211; K\u00f6vetelm\u00e9nyrendszer n\u00e9met nyelven<\/a><\/p>\n<p style=\"text-align: justify\"><a href=\"https:\/\/semmelweis.hu\/jogigfoig\/files\/2023\/04\/19_2023_a-Tanulmanyi-es-Vizsgaszabalyzat-nemzeti-felsooktatasrol-szolo-torveny-modositasaival-osszefuggo-modositasarol.pdf\">A Semmelweis Egyetem Szen\u00e1tus\u00e1nak\u00a019\/2023. (III.30.) sz\u00e1m\u00fa hat\u00e1rozata\u00a0a Tanulm\u00e1nyi \u00e9s Vizsgaszab\u00e1lyzat\u00a0nemzeti fels\u0151oktat\u00e1sr\u00f3l sz\u00f3l\u00f3 t\u00f6rv\u00e9ny m\u00f3dos\u00edt\u00e1saival\u00a0\u00f6sszef\u00fcgg\u0151 m\u00f3dos\u00edt\u00e1s\u00e1r\u00f3l<\/a><\/p>\n<p style=\"text-align: justify\"><a href=\"https:\/\/semmelweis.hu\/jogigfoig\/files\/2023\/04\/19_2023_Melleklet_HOK-egyetertes.pdf\">A Semmelweis Egyetem Szen\u00e1tus\u00e1nak 19\/2023. (III.30.) sz\u00e1m\u00fa hat\u00e1rozata a Tanulm\u00e1nyi \u00e9s Vizsgaszab\u00e1lyzat nemzeti fels\u0151oktat\u00e1sr\u00f3l sz\u00f3l\u00f3 t\u00f6rv\u00e9ny m\u00f3dos\u00edt\u00e1saival \u00f6sszef\u00fcgg\u0151 m\u00f3dos\u00edt\u00e1s\u00e1r\u00f3l &#8211; Hallgat\u00f3i \u00d6nkorm\u00e1nyzat egyet\u00e9rt\u00e9s<\/a><\/p>\n<p style=\"text-align: justify\"><a href=\"https:\/\/semmelweis.hu\/jogigfoig\/files\/2023\/04\/19_2023_Melleklet.pdf\">A Semmelweis Egyetem Szen\u00e1tus\u00e1nak 19\/2023. (III.30.) sz\u00e1m\u00fa hat\u00e1rozata a Tanulm\u00e1nyi \u00e9s Vizsgaszab\u00e1lyzat nemzeti fels\u0151oktat\u00e1sr\u00f3l sz\u00f3l\u00f3 t\u00f6rv\u00e9ny m\u00f3dos\u00edt\u00e1saival \u00f6sszef\u00fcgg\u0151 m\u00f3dos\u00edt\u00e1s\u00e1r\u00f3l &#8211; 1. sz\u00e1m\u00fa mell\u00e9klet<\/a><\/p>\n<p style=\"text-align: justify\"><a href=\"https:\/\/semmelweis.hu\/jogigfoig\/files\/2023\/04\/20_2023_a-szabadon-valaszthato-tantargyak-elfogadasanak-rendjevel-osszefuggoen-a-Tanulmanyi-es-Vizsgaszabalyzat-modositasarol.pdf\">A Semmelweis Egyetem\u00a0Szen\u00e1tus\u00e1nak\u00a020\/2023. (III.30.) sz\u00e1m\u00fa hat\u00e1rozata a szabadon v\u00e1laszthat\u00f3 tant\u00e1rgyak elfogad\u00e1s\u00e1nak rendj\u00e9vel \u00f6sszef\u00fcgg\u0151en a Tanulm\u00e1nyi \u00e9s Vizsgaszab\u00e1lyzat m\u00f3dos\u00edt\u00e1s\u00e1r\u00f3l<\/a><\/p>\n<p style=\"text-align: justify\"><a href=\"https:\/\/semmelweis.hu\/jogigfoig\/files\/2023\/04\/20_2023_Melleklet_HOK-egyetertes.pdf\">A Semmelweis Egyetem Szen\u00e1tus\u00e1nak 20\/2023. (III.30.) sz\u00e1m\u00fa hat\u00e1rozata a szabadon v\u00e1laszthat\u00f3 tant\u00e1rgyak elfogad\u00e1s\u00e1nak rendj\u00e9vel \u00f6sszef\u00fcgg\u0151en a Tanulm\u00e1nyi \u00e9s Vizsgaszab\u00e1lyzat m\u00f3dos\u00edt\u00e1s\u00e1r\u00f3l &#8211; Hallgat\u00f3i \u00d6nkorm\u00e1nyzat egyet\u00e9rt\u00e9s<\/a><\/p>\n<p style=\"text-align: justify\"><a href=\"https:\/\/semmelweis.hu\/jogigfoig\/files\/2023\/04\/20_2023_Melleklet.pdf\">A Semmelweis Egyetem Szen\u00e1tus\u00e1nak 20\/2023. (III.30.) sz\u00e1m\u00fa hat\u00e1rozata a szabadon v\u00e1laszthat\u00f3 tant\u00e1rgyak elfogad\u00e1s\u00e1nak rendj\u00e9vel \u00f6sszef\u00fcgg\u0151en a Tanulm\u00e1nyi \u00e9s Vizsgaszab\u00e1lyzat m\u00f3dos\u00edt\u00e1s\u00e1r\u00f3l &#8211; 1. sz\u00e1m\u00fa mell\u00e9klet<\/a><\/p>\n<p style=\"text-align: justify\"><a href=\"https:\/\/semmelweis.hu\/jogigfoig\/files\/2023\/04\/21_2023_a-Felulbiralati-Bizottsag-szemelyi-osszetetelenek-valtozasarol.pdf\">A Semmelweis Egyetem\u00a0Szen\u00e1tus\u00e1nak\u00a021\/2023. (III.30.) sz\u00e1m\u00fa hat\u00e1rozata\u00a0a Fel\u00fclb\u00edr\u00e1lati Bizotts\u00e1g szem\u00e9lyi \u00f6sszet\u00e9tel\u00e9nek v\u00e1ltoz\u00e1s\u00e1r\u00f3l<\/a><\/p>\n<p style=\"text-align: justify\"><a href=\"https:\/\/semmelweis.hu\/jogigfoig\/files\/2023\/04\/22_2023_az-Intervencios-Gasztroenterologiai-Tanszek-letrehozasarol-a-Sebeszeti-Transzplantacios-es-Gasztroenterologiai-Klinikahoz-rendelten.pdf\">A Semmelweis Egyetem\u00a0Szen\u00e1tus\u00e1nak\u00a022\/2023. (III.30.) sz\u00e1m\u00fa hat\u00e1rozata\u00a0az Intervenci\u00f3s Gasztroenterol\u00f3giai Tansz\u00e9k l\u00e9trehoz\u00e1s\u00e1r\u00f3l a Seb\u00e9szeti, Transzplant\u00e1ci\u00f3s \u00e9s Gasztroenterol\u00f3giai Klinik\u00e1hoz rendelten<\/a><\/p>\n<p style=\"text-align: justify\"><a href=\"https:\/\/semmelweis.hu\/jogigfoig\/files\/2023\/04\/23_2023_Mozgasszervi-Radiologiai-Tanszeki-Csoport-letrehozasarol-az-Orvosi-Kepalkoto-Klinikahoz-rendelten.pdf\">A Semmelweis Egyetem\u00a0Szen\u00e1tus\u00e1nak\u00a023\/2023. (III.30.) sz\u00e1m\u00fa hat\u00e1rozata\u00a0a Mozg\u00e1sszervi Radiol\u00f3giai Tansz\u00e9ki Csoport l\u00e9trehoz\u00e1s\u00e1r\u00f3l az Orvosi K\u00e9palkot\u00f3 Klinik\u00e1hoz rendelten<\/a><\/p>\n<p style=\"text-align: justify\"><a href=\"https:\/\/semmelweis.hu\/jogigfoig\/files\/2023\/04\/24_2023_a-Fogorvostudomanyi-Kar-kurrikulumanak-modositasarol.pdf\">A Semmelweis Egyetem\u00a0Szen\u00e1tus\u00e1nak\u00a024\/2023. (III.30.) sz\u00e1m\u00fa hat\u00e1rozata\u00a0a Fogorvostudom\u00e1nyi Kar kurrikulum\u00e1nak m\u00f3dos\u00edt\u00e1s\u00e1r\u00f3l<\/a><\/p>\n<p style=\"text-align: justify\"><a href=\"https:\/\/semmelweis.hu\/jogigfoig\/files\/2023\/04\/24_2023_Melleklet_.pdf\">A Semmelweis Egyetem Szen\u00e1tus\u00e1nak 24\/2023. (III.30.) sz\u00e1m\u00fa hat\u00e1rozata a Fogorvostudom\u00e1nyi Kar kurrikulum\u00e1nak m\u00f3dos\u00edt\u00e1s\u00e1r\u00f3l &#8211; 1. sz\u00e1m\u00fa mell\u00e9klet<\/a><\/p>\n<p style=\"text-align: justify\"><a href=\"https:\/\/semmelweis.hu\/jogigfoig\/files\/2023\/04\/25_2023_a-Nepegeszsegugyi-Mesterkepzesi-Szak-inditasarol.pdf\">A Semmelweis Egyetem\u00a0Szen\u00e1tus\u00e1nak\u00a025\/2023. (III.30.) sz\u00e1m\u00fa hat\u00e1rozata\u00a0a N\u00e9peg\u00e9szs\u00e9g\u00fcgyi Mesterk\u00e9pz\u00e9si Szak ind\u00edt\u00e1s\u00e1r\u00f3l<\/a><\/p>\n<p style=\"text-align: justify\"><a href=\"https:\/\/semmelweis.hu\/jogigfoig\/files\/2023\/04\/25_2023__Melleklet.pdf\">A Semmelweis Egyetem Szen\u00e1tus\u00e1nak 25\/2023. (III.30.) sz\u00e1m\u00fa hat\u00e1rozata a N\u00e9peg\u00e9szs\u00e9g\u00fcgyi Mesterk\u00e9pz\u00e9si Szak ind\u00edt\u00e1s\u00e1r\u00f3l &#8211; 1. sz\u00e1m\u00fa mell\u00e9klet<\/a><\/p>\n<p style=\"text-align: justify\"><a href=\"https:\/\/semmelweis.hu\/jogigfoig\/files\/2023\/04\/25_2023_Melleklet_2.pdf\">A Semmelweis Egyetem\u00a0Szen\u00e1tus\u00e1nak\u00a025\/2023. (III.30.) sz\u00e1m\u00fa hat\u00e1rozata\u00a0a N\u00e9peg\u00e9szs\u00e9g\u00fcgyi Mesterk\u00e9pz\u00e9si Szak ind\u00edt\u00e1s\u00e1r\u00f3l &#8211; 2. sz\u00e1m\u00fa mell\u00e9klet<\/a><\/p>\n<p style=\"text-align: justify\"><a href=\"https:\/\/semmelweis.hu\/jogigfoig\/files\/2023\/04\/26_2023_a-Szenatus-altal-letrehozott-karokon-mukodo-allando-bizottsagok-munkajarol.pdf\">A Semmelweis Egyetem\u00a0Szen\u00e1tus\u00e1nak\u00a026\/2023. (III.30.) sz\u00e1m\u00fa hat\u00e1rozata\u00a0a Szen\u00e1tus \u00e1ltal l\u00e9trehozott, karokon m\u0171k\u00f6d\u0151 \u00e1lland\u00f3 bizotts\u00e1gok\u00a0munk\u00e1j\u00e1r\u00f3l sz\u00f3l\u00f3 besz\u00e1mol\u00f3 elfogad\u00e1s\u00e1r\u00f3l<\/a><\/p>\n<p style=\"text-align: justify\"><a href=\"https:\/\/semmelweis.hu\/jogigfoig\/files\/2023\/04\/27_2023_az-aktualis-vezetoi-palyazat-velemenyezesrol.pdf\">A Semmelweis Egyetem\u00a0Szen\u00e1tus\u00e1nak\u00a027\/2023. (III.30.) sz\u00e1m\u00fa hat\u00e1rozata\u00a0\u00a0az aktu\u00e1lis vezet\u0151i p\u00e1ly\u00e1zat v\u00e9lem\u00e9nyez\u00e9sr\u0151l<\/a><\/p>\n","protected":false},"excerpt":{"rendered":"<p><a href=\"https:\/\/semmelweis.hu\/jogigfoig\/files\/2023\/04\/N_1_2023_hatarozat.pdf\">A Semmelweis Egyetem\u00a0Szen\u00e1tus\u00e1nak\u00a0N-1.2023. (III.30.) sz\u00e1m\u00fa hat\u00e1rozata\u00a0a szen\u00e1tusi \u00fcl\u00e9s napirendj\u00e9r\u0151l<\/a><br \/>\n<a href=\"https:\/\/semmelweis.hu\/jogigfoig\/files\/2023\/04\/15_2023_a-Doktori-Iskolak-osszevonasarol.pdf\">A Semmelweis Egyetem\u00a0Szen\u00e1tus\u00e1nak\u00a015\/2023. (III.30.) sz\u00e1m\u00fa hat\u00e1rozata\u00a0a Doktori Iskol\u00e1k \u00f6sszevon\u00e1s\u00e1r\u00f3l<\/a><br \/>\n<a href=\"https:\/\/semmelweis.hu\/jogigfoig\/files\/2023\/04\/16_2023_a-Habilitacios-Bizottsag-szemelyi-osszetetelenek-megujitasarol.pdf\">A Semmelweis Egyetem\u00a0Szen\u00e1tus\u00e1nak\u00a016\/2023. (III.30.) sz\u00e1m\u00fa hat\u00e1rozata\u00a0a Habilit\u00e1ci\u00f3s Bizotts\u00e1g szem\u00e9lyi \u00f6sszet\u00e9tel\u00e9nek meg\u00faj\u00edt\u00e1s\u00e1r\u00f3l<\/a><br \/>\n<a href=\"https:\/\/semmelweis.hu\/jogigfoig\/files\/2023\/04\/17_2023_az-egyes-gazdalkodasi-targyu-szabalyzatok-modositasarol.pdf\">A Semmelweis Egyetem\u00a0Szen\u00e1tus\u00e1nak\u00a017\/2023. (III.30.) sz\u00e1m\u00fa hat\u00e1rozata\u00a0az egyes gazd\u00e1lkod\u00e1si t\u00e1rgy\u00fa szab\u00e1lyzatok m\u00f3dos\u00edt\u00e1s\u00e1r\u00f3l<\/a><br \/>\n<a href=\"https:\/\/semmelweis.hu\/jogigfoig\/files\/2023\/04\/18_2023_a-Semmelweis-International-Vascular-Symposium-mint-uj-szabadon-valaszthato-tantargy-bevezeteserol.pdf\">A Semmelweis Egyetem\u00a0Szen\u00e1tus\u00e1nak\u00a018\/2023. (III.30.) sz\u00e1m\u00fa hat\u00e1rozata\u00a0a Semmelweis International Vascular Symposium, mint \u00faj szabadon v\u00e1laszthat\u00f3 tant\u00e1rgy bevezet\u00e9s\u00e9r\u0151l<\/a><br \/>\n<a href=\"https:\/\/semmelweis.hu\/jogigfoig\/files\/2023\/04\/18_2023_Melleklet_kovetelemenyrendszer_magyar.pdf\">A Semmelweis Egyetem Szen\u00e1tus\u00e1nak 18\/2023. (III.30.) sz\u00e1m\u00fa hat\u00e1rozata a Semmelweis International Vascular Symposium, mint \u00faj szabadon v\u00e1laszthat\u00f3 tant\u00e1rgy bevezet\u00e9s\u00e9r\u0151l &#8211; K\u00f6vetelm\u00e9nyrendszer magyar nyelven<\/a><br \/>\n<a href=\"https:\/\/semmelweis.hu\/jogigfoig\/files\/2023\/04\/18_2023_Melleklet_kovetelemenyrendszer_angol.pdf\">A Semmelweis Egyetem\u00a0Szen\u00e1tus\u00e1nak\u00a018\/2023. (III.30.) sz\u00e1m\u00fa hat\u00e1rozata\u00a0a Semmelweis International Vascular Symposium, mint \u00faj szabadon v\u00e1laszthat\u00f3 tant\u00e1rgy bevezet\u00e9s\u00e9r\u0151l &#8211; K\u00f6vetelm\u00e9nyrendszer angol nyelven<\/a><br \/>\n<a href=\"https:\/\/semmelweis.hu\/jogigfoig\/files\/2023\/04\/18_2023_Melleklet_kovetelemenyrendszer_nemet.pdf\">A Semmelweis Egyetem\u00a0Szen\u00e1tus\u00e1nak\u00a018\/2023. (III.30.) sz\u00e1m\u00fa hat\u00e1rozata\u00a0a Semmelweis International Vascular Symposium, mint \u00faj szabadon v\u00e1laszthat\u00f3 tant\u00e1rgy bevezet\u00e9s\u00e9r\u0151l &#8211; K\u00f6vetelm\u00e9nyrendszer n\u00e9met nyelven<\/a><br \/>\n<a href=\"https:\/\/semmelweis.hu\/jogigfoig\/files\/2023\/04\/19_2023_a-Tanulmanyi-es-Vizsgaszabalyzat-nemzeti-felsooktatasrol-szolo-torveny-modositasaival-osszefuggo-modositasarol.pdf\">A Semmelweis Egyetem Szen\u00e1tus\u00e1nak\u00a019\/2023. (III.30.) sz\u00e1m\u00fa hat\u00e1rozata\u00a0a Tanulm\u00e1nyi \u00e9s Vizsgaszab\u00e1lyzat\u00a0nemzeti fels\u0151oktat\u00e1sr\u00f3l sz\u00f3l\u00f3 t\u00f6rv\u00e9ny m\u00f3dos\u00edt\u00e1saival\u00a0\u00f6sszef\u00fcgg\u0151 m\u00f3dos\u00edt\u00e1s\u00e1r\u00f3l<\/a><br \/>\n<a href=\"https:\/\/semmelweis.hu\/jogigfoig\/files\/2023\/04\/19_2023_Melleklet_HOK-egyetertes.pdf\">A Semmelweis Egyetem Szen\u00e1tus\u00e1nak 19\/2023. (III.30.) sz\u00e1m\u00fa hat\u00e1rozata a Tanulm\u00e1nyi \u00e9s Vizsgaszab\u00e1lyzat nemzeti fels\u0151oktat\u00e1sr\u00f3l sz\u00f3l\u00f3 t\u00f6rv\u00e9ny m\u00f3dos\u00edt\u00e1saival \u00f6sszef\u00fcgg\u0151 m\u00f3dos\u00edt\u00e1s\u00e1r\u00f3l &#8211; Hallgat\u00f3i \u00d6nkorm\u00e1nyzat egyet\u00e9rt\u00e9s<\/a><br \/>\n<a href=\"https:\/\/semmelweis.hu\/jogigfoig\/files\/2023\/04\/19_2023_Melleklet.pdf\">A Semmelweis Egyetem Szen\u00e1tus\u00e1nak 19\/2023. (III.30.) sz\u00e1m\u00fa hat\u00e1rozata a Tanulm\u00e1nyi \u00e9s Vizsgaszab\u00e1lyzat nemzeti fels\u0151oktat\u00e1sr\u00f3l sz\u00f3l\u00f3 t\u00f6rv\u00e9ny m\u00f3dos\u00edt\u00e1saival \u00f6sszef\u00fcgg\u0151 m\u00f3dos\u00edt\u00e1s\u00e1r\u00f3l &#8211; 1. sz\u00e1m\u00fa mell\u00e9klet<\/a><br \/>\n<a href=\"https:\/\/semmelweis.hu\/jogigfoig\/files\/2023\/04\/20_2023_a-szabadon-valaszthato-tantargyak-elfogadasanak-rendjevel-osszefuggoen-a-Tanulmanyi-es-Vizsgaszabalyzat-modositasarol.pdf\">A Semmelweis Egyetem\u00a0Szen\u00e1tus\u00e1nak\u00a020\/2023. (III.30.) sz\u00e1m\u00fa hat\u00e1rozata a szabadon v\u00e1laszthat\u00f3 tant\u00e1rgyak elfogad\u00e1s\u00e1nak rendj\u00e9vel \u00f6sszef\u00fcgg\u0151en a Tanulm\u00e1nyi \u00e9s Vizsgaszab\u00e1lyzat m\u00f3dos\u00edt\u00e1s\u00e1r\u00f3l<\/a><br \/>\n<a href=\"https:\/\/semmelweis.hu\/jogigfoig\/files\/2023\/04\/20_2023_Melleklet_HOK-egyetertes.pdf\">A Semmelweis Egyetem Szen\u00e1tus\u00e1nak 20\/2023. (III.30.) sz\u00e1m\u00fa hat\u00e1rozata a szabadon v\u00e1laszthat\u00f3 tant\u00e1rgyak elfogad\u00e1s\u00e1nak rendj\u00e9vel \u00f6sszef\u00fcgg\u0151en a Tanulm\u00e1nyi \u00e9s Vizsgaszab\u00e1lyzat m\u00f3dos\u00edt\u00e1s\u00e1r\u00f3l &#8211; Hallgat\u00f3i \u00d6nkorm\u00e1nyzat egyet\u00e9rt\u00e9s<\/a><br \/>\n<a href=\"https:\/\/semmelweis.hu\/jogigfoig\/files\/2023\/04\/20_2023_Melleklet.pdf\">A Semmelweis Egyetem Szen\u00e1tus\u00e1nak 20\/2023. (III.30.) sz\u00e1m\u00fa hat\u00e1rozata a szabadon v\u00e1laszthat\u00f3 tant\u00e1rgyak elfogad\u00e1s\u00e1nak rendj\u00e9vel \u00f6sszef\u00fcgg\u0151en a Tanulm\u00e1nyi \u00e9s Vizsgaszab\u00e1lyzat m\u00f3dos\u00edt\u00e1s\u00e1r\u00f3l &#8211; 1. sz\u00e1m\u00fa mell\u00e9klet<\/a><br \/>\n<a href=\"https:\/\/semmelweis.hu\/jogigfoig\/files\/2023\/04\/21_2023_a-Felulbiralati-Bizottsag-szemelyi-osszetetelenek-valtozasarol.pdf\">A Semmelweis Egyetem\u00a0Szen\u00e1tus\u00e1nak\u00a021\/2023. (III.30.) sz\u00e1m\u00fa hat\u00e1rozata\u00a0a Fel\u00fclb\u00edr\u00e1lati Bizotts\u00e1g szem\u00e9lyi \u00f6sszet\u00e9tel\u00e9nek v\u00e1ltoz\u00e1s\u00e1r\u00f3l<\/a><br \/>\n<a href=\"https:\/\/semmelweis.hu\/jogigfoig\/files\/2023\/04\/22_2023_az-Intervencios-Gasztroenterologiai-Tanszek-letrehozasarol-a-Sebeszeti-Transzplantacios-es-Gasztroenterologiai-Klinikahoz-rendelten.pdf\">A Semmelweis Egyetem\u00a0Szen\u00e1tus\u00e1nak\u00a022\/2023. (III.30.) sz\u00e1m\u00fa hat\u00e1rozata\u00a0az Intervenci\u00f3s Gasztroenterol\u00f3giai Tansz\u00e9k l\u00e9trehoz\u00e1s\u00e1r\u00f3l a Seb\u00e9szeti, Transzplant\u00e1ci\u00f3s \u00e9s Gasztroenterol\u00f3giai Klinik\u00e1hoz rendelten<\/a><br \/>\n<a href=\"https:\/\/semmelweis.hu\/jogigfoig\/files\/2023\/04\/23_2023_Mozgasszervi-Radiologiai-Tanszeki-Csoport-letrehozasarol-az-Orvosi-Kepalkoto-Klinikahoz-rendelten.pdf\">A Semmelweis Egyetem\u00a0Szen\u00e1tus\u00e1nak\u00a023\/2023. (III.30.) sz\u00e1m\u00fa hat\u00e1rozata\u00a0a Mozg\u00e1sszervi Radiol\u00f3giai Tansz\u00e9ki Csoport l\u00e9trehoz\u00e1s\u00e1r\u00f3l az Orvosi K\u00e9palkot\u00f3 Klinik\u00e1hoz rendelten<\/a><br \/>\n<a href=\"https:\/\/semmelweis.hu\/jogigfoig\/files\/2023\/04\/24_2023_a-Fogorvostudomanyi-Kar-kurrikulumanak-modositasarol.pdf\">A Semmelweis Egyetem\u00a0Szen\u00e1tus\u00e1nak\u00a024\/2023. (III.30.) sz\u00e1m\u00fa hat\u00e1rozata\u00a0a Fogorvostudom\u00e1nyi Kar kurrikulum\u00e1nak m\u00f3dos\u00edt\u00e1s\u00e1r\u00f3l<\/a><br \/>\n<a href=\"https:\/\/semmelweis.hu\/jogigfoig\/files\/2023\/04\/24_2023_Melleklet_.pdf\">A Semmelweis Egyetem Szen\u00e1tus\u00e1nak 24\/2023. (III.30.) sz\u00e1m\u00fa hat\u00e1rozata a Fogorvostudom\u00e1nyi Kar kurrikulum\u00e1nak m\u00f3dos\u00edt\u00e1s\u00e1r\u00f3l &#8211; 1. sz\u00e1m\u00fa mell\u00e9klet<\/a><br \/>\n<a href=\"https:\/\/semmelweis.hu\/jogigfoig\/files\/2023\/04\/25_2023_a-Nepegeszsegugyi-Mesterkepzesi-Szak-inditasarol.pdf\">A Semmelweis Egyetem\u00a0Szen\u00e1tus\u00e1nak\u00a025\/2023. (III.30.) sz\u00e1m\u00fa hat\u00e1rozata\u00a0a N\u00e9peg\u00e9szs\u00e9g\u00fcgyi Mesterk\u00e9pz\u00e9si Szak ind\u00edt\u00e1s\u00e1r\u00f3l<\/a><br \/>\n<a href=\"https:\/\/semmelweis.hu\/jogigfoig\/files\/2023\/04\/25_2023__Melleklet.pdf\">A Semmelweis Egyetem Szen\u00e1tus\u00e1nak 25\/2023. (III.30.) sz\u00e1m\u00fa hat\u00e1rozata a N\u00e9peg\u00e9szs\u00e9g\u00fcgyi Mesterk\u00e9pz\u00e9si Szak ind\u00edt\u00e1s\u00e1r\u00f3l &#8211; 1. sz\u00e1m\u00fa mell\u00e9klet<\/a><br \/>\n<a href=\"https:\/\/semmelweis.hu\/jogigfoig\/files\/2023\/04\/25_2023_Melleklet_2.pdf\">A Semmelweis Egyetem\u00a0Szen\u00e1tus\u00e1nak\u00a025\/2023. (III.30.) sz\u00e1m\u00fa hat\u00e1rozata\u00a0a N\u00e9peg\u00e9szs\u00e9g\u00fcgyi Mesterk\u00e9pz\u00e9si Szak ind\u00edt\u00e1s\u00e1r\u00f3l &#8211; 2. sz\u00e1m\u00fa mell\u00e9klet<\/a><br \/>\n<a href=\"https:\/\/semmelweis.hu\/jogigfoig\/files\/2023\/04\/26_2023_a-Szenatus-altal-letrehozott-karokon-mukodo-allando-bizottsagok-munkajarol.pdf\">A Semmelweis Egyetem\u00a0Szen\u00e1tus\u00e1nak\u00a026\/2023. (III.30.) sz\u00e1m\u00fa hat\u00e1rozata\u00a0a Szen\u00e1tus \u00e1ltal l\u00e9trehozott, karokon m\u0171k\u00f6d\u0151 \u00e1lland\u00f3 bizotts\u00e1gok\u00a0munk\u00e1j\u00e1r\u00f3l sz\u00f3l\u00f3 besz\u00e1mol\u00f3 elfogad\u00e1s\u00e1r\u00f3l<\/a><br \/>\n<a href=\"https:\/\/semmelweis.hu\/jogigfoig\/files\/2023\/04\/27_2023_az-aktualis-vezetoi-palyazat-velemenyezesrol.pdf\">A Semmelweis Egyetem\u00a0Szen\u00e1tus\u00e1nak\u00a027\/2023. (III.30.) sz\u00e1m\u00fa hat\u00e1rozata\u00a0\u00a0az aktu\u00e1lis vezet\u0151i p\u00e1ly\u00e1zat v\u00e9lem\u00e9nyez\u00e9sr\u0151l<\/a><\/p>\n","protected":false},"author":101467,"featured_media":0,"parent":86448,"menu_order":3,"comment_status":"closed","ping_status":"closed","template":"","meta":{"_acf_changed":false,"footnotes":""},"categories":[],"tags":[],"class_list":["post-87221","page","type-page","status-publish","hentry"],"acf":[],"_links":{"self":[{"href":"https:\/\/semmelweis.hu\/jogigfoig\/wp-json\/wp\/v2\/pages\/87221","targetHints":{"allow":["GET"]}}],"collection":[{"href":"https:\/\/semmelweis.hu\/jogigfoig\/wp-json\/wp\/v2\/pages"}],"about":[{"href":"https:\/\/semmelweis.hu\/jogigfoig\/wp-json\/wp\/v2\/types\/page"}],"author":[{"embeddable":true,"href":"https:\/\/semmelweis.hu\/jogigfoig\/wp-json\/wp\/v2\/users\/101467"}],"replies":[{"embeddable":true,"href":"https:\/\/semmelweis.hu\/jogigfoig\/wp-json\/wp\/v2\/comments?post=87221"}],"version-history":[{"count":2,"href":"https:\/\/semmelweis.hu\/jogigfoig\/wp-json\/wp\/v2\/pages\/87221\/revisions"}],"predecessor-version":[{"id":87274,"href":"https:\/\/semmelweis.hu\/jogigfoig\/wp-json\/wp\/v2\/pages\/87221\/revisions\/87274"}],"up":[{"embeddable":true,"href":"https:\/\/semmelweis.hu\/jogigfoig\/wp-json\/wp\/v2\/pages\/86448"}],"wp:attachment":[{"href":"https:\/\/semmelweis.hu\/jogigfoig\/wp-json\/wp\/v2\/media?parent=87221"}],"wp:term":[{"taxonomy":"category","embeddable":true,"href":"https:\/\/semmelweis.hu\/jogigfoig\/wp-json\/wp\/v2\/categories?post=87221"},{"taxonomy":"post_tag","embeddable":true,"href":"https:\/\/semmelweis.hu\/jogigfoig\/wp-json\/wp\/v2\/tags?post=87221"}],"curies":[{"name":"wp","href":"https:\/\/api.w.org\/{rel}","templated":true}]}}