{"id":86608,"date":"2023-02-15T10:02:53","date_gmt":"2023-02-15T09:02:53","guid":{"rendered":"https:\/\/semmelweis.hu\/jogigfoig\/?page_id=86608"},"modified":"2023-02-15T10:02:53","modified_gmt":"2023-02-15T09:02:53","slug":"2023-februar-9","status":"publish","type":"page","link":"https:\/\/semmelweis.hu\/jogigfoig\/testuletek\/szenatus\/2023-evi-szenatusi-hatarozatok\/2023-februar-9\/","title":{"rendered":"2023. febru\u00e1r 9."},"content":{"rendered":"<p style=\"text-align: justify\"><a href=\"https:\/\/semmelweis.hu\/jogigfoig\/files\/2023\/02\/2_2023_a-Szenatus-2023-tavaszi-munkaterverol.pdf\">A Semmelweis Egyetem\u00a0Szen\u00e1tus\u00e1nak\u00a02\/2023. (II.9.) sz\u00e1m\u00fa hat\u00e1rozata\u00a0a Szen\u00e1tus 2023. \u00e9vi tavaszi munkaterv\u00e9r\u0151l<\/a><\/p>\n<p style=\"text-align: justify\"><a href=\"https:\/\/semmelweis.hu\/jogigfoig\/files\/2023\/02\/2_2023_melleklet_munkaterv_2023-tavaszi-felev.pdf\">A Semmelweis Egyetem Szen\u00e1tus\u00e1nak 2\/2023. (II.9.) sz\u00e1m\u00fa hat\u00e1rozata a Szen\u00e1tus 2023. \u00e9vi tavaszi munkaterv\u00e9r\u0151l &#8211; 1. sz\u00e1m\u00fa mell\u00e9klet<\/a><\/p>\n<p style=\"text-align: justify\"><a href=\"https:\/\/semmelweis.hu\/jogigfoig\/files\/2023\/02\/3_2023_a-Habilitacios-Szabalyzat-modositasarol.pdf\">A Semmelweis Egyetem\u00a0Szen\u00e1tus\u00e1nak\u00a03\/2023. (II.9.) sz\u00e1m\u00fa hat\u00e1rozata\u00a0a Habilit\u00e1ci\u00f3s Szab\u00e1lyzat m\u00f3dos\u00edt\u00e1s\u00e1r\u00f3l<\/a><\/p>\n<p style=\"text-align: justify\"><a href=\"https:\/\/semmelweis.hu\/jogigfoig\/files\/2023\/02\/3_2023_melleklet_Habilitacios-Szabalyzat-modositasa.pdf\">A Semmelweis Egyetem Szen\u00e1tus\u00e1nak 3\/2023. (II.9.) sz\u00e1m\u00fa hat\u00e1rozata a Habilit\u00e1ci\u00f3s Szab\u00e1lyzat m\u00f3dos\u00edt\u00e1s\u00e1r\u00f3l &#8211; 1. sz\u00e1m\u00fa mell\u00e9klet<\/a><\/p>\n<p style=\"text-align: justify\"><a href=\"https:\/\/semmelweis.hu\/jogigfoig\/files\/2023\/02\/4_2023_SzMSz-modositas.pdf\">A Semmelweis Egyetem\u00a0Szen\u00e1tus\u00e1nak\u00a04\/2023. (II.9.) sz\u00e1m\u00fa hat\u00e1rozata\u00a0a Szervezeti \u00e9s M\u0171k\u00f6d\u00e9si Szab\u00e1lyzat egyes rendelkez\u00e9seinek m\u00f3dos\u00edt\u00e1s\u00e1r\u00f3l<\/a><\/p>\n<p style=\"text-align: justify\"><a href=\"https:\/\/semmelweis.hu\/jogigfoig\/files\/2023\/02\/4_2023_melleklet_SE-HOK-Elnok-sz.-hatarozata-az-egyetertesi-jog-gyakorlasarol.pdf\">A Semmelweis Egyetem Szen\u00e1tus\u00e1nak 4\/2023. (II.9.) sz\u00e1m\u00fa hat\u00e1rozata a Szervezeti \u00e9s M\u0171k\u00f6d\u00e9si Szab\u00e1lyzat egyes rendelkez\u00e9seinek m\u00f3dos\u00edt\u00e1s\u00e1r\u00f3l &#8211; Hallgat\u00f3i \u00d6nkorm\u00e1nyzat egyet\u00e9rt\u00e9s<\/a><\/p>\n<p style=\"text-align: justify\"><a href=\"https:\/\/semmelweis.hu\/jogigfoig\/files\/2023\/02\/4_2023_melleklet_SzMSz-modositas.pdf\">A Semmelweis Egyetem\u00a0Szen\u00e1tus\u00e1nak\u00a04\/2023. (II.9.) sz\u00e1m\u00fa hat\u00e1rozata\u00a0a Szervezeti \u00e9s M\u0171k\u00f6d\u00e9si Szab\u00e1lyzat egyes rendelkez\u00e9seinek m\u00f3dos\u00edt\u00e1s\u00e1r\u00f3l &#8211; 1. sz\u00e1m\u00fa mell\u00e9klet<\/a><\/p>\n<p style=\"text-align: justify\"><a href=\"https:\/\/semmelweis.hu\/jogigfoig\/files\/2023\/02\/5_2023_Jo-Tanulo_Jo-Sportolo.pdf\">A Semmelweis Egyetem\u00a0Szen\u00e1tus\u00e1nak\u00a05\/2023. (II.9.) sz\u00e1m\u00fa hat\u00e1rozata\u00a0a \u201eJ\u00f3 tanul\u00f3 \u2013 j\u00f3 sportol\u00f3\u201d kit\u00fcntet\u0151 c\u00edmek oda\u00edt\u00e9l\u00e9s\u00e9r\u0151l<\/a><\/p>\n<p style=\"text-align: justify\"><a href=\"https:\/\/semmelweis.hu\/jogigfoig\/files\/2023\/02\/6_2023_a-Colorectalis-Nap_uj-szabvall.pdf\">A Semmelweis Egyetem\u00a0Szen\u00e1tus\u00e1nak\u00a06\/2023. (II.9.) sz\u00e1m\u00fa hat\u00e1rozata\u00a0a Colorectalis Nap, mint \u00faj, szabadon v\u00e1laszthat\u00f3 tant\u00e1rgy bevezet\u00e9s\u00e9r\u0151l<\/a><\/p>\n<p style=\"text-align: justify\"><a href=\"https:\/\/semmelweis.hu\/jogigfoig\/files\/2023\/02\/6_2023_melleklet_Colorectalis-nap-kovetelmenyrendszer.pdf\">A Semmelweis Egyetem Szen\u00e1tus\u00e1nak 6\/2023. (II.9.) sz\u00e1m\u00fa hat\u00e1rozata a Colorectalis Nap, mint \u00faj, szabadon v\u00e1laszthat\u00f3 tant\u00e1rgy bevezet\u00e9s\u00e9r\u0151l &#8211; 1. sz\u00e1m\u00fa mell\u00e9klet<\/a><\/p>\n<p style=\"text-align: justify\"><a href=\"https:\/\/semmelweis.hu\/jogigfoig\/files\/2023\/02\/7_2023_Szaknyeli-Intezet_ENG-HUB-es-GER-HUN_egeszsegtudomanyi-szakfordito-es-tolmacs-tantervmodositas.pdf\">A Semmelweis Egyetem Szen\u00e1tus\u00e1nak\u00a07\/2023. (II.9.) sz\u00e1m\u00fa hat\u00e1rozata\u00a0a Szaknyelvi Int\u00e9zet posztgradu\u00e1lis angol-magyar \u00e9s n\u00e9met-magyar nyelvp\u00e1r\u00fa Eg\u00e9szs\u00e9gtudom\u00e1nyi szakford\u00edt\u00f3 \u00e9s tolm\u00e1cs szakir\u00e1ny\u00fa tov\u00e1bbk\u00e9pz\u00e9s\u00e9nek tantervm\u00f3dos\u00edt\u00e1s\u00e1r\u00f3l<\/a><\/p>\n<p style=\"text-align: justify\"><a href=\"https:\/\/semmelweis.hu\/jogigfoig\/files\/2023\/02\/7_2023_mellekletek.zip\">A Semmelweis Egyetem Szen\u00e1tus\u00e1nak 7\/2023. (II.9.) sz\u00e1m\u00fa hat\u00e1rozata a Szaknyelvi Int\u00e9zet posztgradu\u00e1lis angol-magyar \u00e9s n\u00e9met-magyar nyelvp\u00e1r\u00fa Eg\u00e9szs\u00e9gtudom\u00e1nyi szakford\u00edt\u00f3 \u00e9s tolm\u00e1cs szakir\u00e1ny\u00fa tov\u00e1bbk\u00e9pz\u00e9s\u00e9nek tantervm\u00f3dos\u00edt\u00e1s\u00e1r\u00f3l &#8211; Mell\u00e9kletek<\/a><\/p>\n<p style=\"text-align: justify\"><a href=\"https:\/\/semmelweis.hu\/jogigfoig\/files\/2023\/02\/8_2023_EKK-egeszsegugyi-ugyvitelszervezo-specializacio-mintatanterv-modositas.pdf\">A Semmelweis Egyetem\u00a0Szen\u00e1tus\u00e1nak\u00a08\/2023. (II.9.) sz\u00e1m\u00fa hat\u00e1rozata\u00a0az Eg\u00e9szs\u00e9g\u00fcgyi K\u00f6zszolg\u00e1lati Kar Digit\u00e1lis Eg\u00e9szs\u00e9gtudom\u00e1nyi Int\u00e9zet eg\u00e9szs\u00e9g\u00fcgyi szervez\u0151 alapk\u00e9pz\u00e9si szak eg\u00e9szs\u00e9g\u00fcgyi \u00fcgyvitelszervez\u0151 specializ\u00e1ci\u00f3\u00a02019\/2020. tan\u00e9v mintatanterv\u00e9nek m\u00f3dos\u00edt\u00e1s\u00e1r\u00f3l<\/a><\/p>\n<p style=\"text-align: justify\"><a href=\"https:\/\/semmelweis.hu\/jogigfoig\/files\/2023\/02\/9_2023_kotelezoen-valaszthato-targyak-2022-23-tol-az-ACH-n.pdf\">A Semmelweis Egyetem\u00a0Szen\u00e1tus\u00e1nak\u00a09\/2023. (II.9.) sz\u00e1m\u00fa hat\u00e1rozata\u00a0a \u201eNeurosurgery\u201d, \u201ePersonalized Medicine in Oncology and Hematology\u201d, valamint \u201eStudent Policlinic Module III\u201d c\u00edm\u0171 k\u00f6telez\u0151en v\u00e1laszthat\u00f3 t\u00e1rgyak\u00a02022\/2023. tan\u00e9v II. f\u00e9l\u00e9v\u00e9t\u0151l t\u00f6rt\u00e9n\u0151 bevezet\u00e9s\u00e9r\u0151l az Asklepios Campus Hamburgon<\/a><\/p>\n<p style=\"text-align: justify\"><a href=\"https:\/\/semmelweis.hu\/jogigfoig\/files\/2023\/02\/9_2023_melleklet_Kovetelmenyrendszer_Neurosurgery.pdf\">A Semmelweis Egyetem Szen\u00e1tus\u00e1nak 9\/2023. (II.9.) sz\u00e1m\u00fa hat\u00e1rozata a \u201eNeurosurgery\u201d, \u201ePersonalized Medicine in Oncology and Hematology\u201d, valamint \u201eStudent Policlinic Module III\u201d c\u00edm\u0171 k\u00f6telez\u0151en v\u00e1laszthat\u00f3 t\u00e1rgyak 2022\/2023. tan\u00e9v II. f\u00e9l\u00e9v\u00e9t\u0151l t\u00f6rt\u00e9n\u0151 bevezet\u00e9s\u00e9r\u0151l az Asklepios Campus Hamburgon &#8211; 1. sz\u00e1m\u00fa mell\u00e9klet<\/a><\/p>\n<p style=\"text-align: justify\"><a href=\"https:\/\/semmelweis.hu\/jogigfoig\/files\/2023\/02\/9_2023_melleklet_Kovetelmenyrendszer_Personalized-Medicine-in-Oncology-and-Hematology.pdf\">A Semmelweis Egyetem\u00a0Szen\u00e1tus\u00e1nak\u00a09\/2023. (II.9.) sz\u00e1m\u00fa hat\u00e1rozata\u00a0a \u201eNeurosurgery\u201d, \u201ePersonalized Medicine in Oncology and Hematology\u201d, valamint \u201eStudent Policlinic Module III\u201d c\u00edm\u0171 k\u00f6telez\u0151en v\u00e1laszthat\u00f3 t\u00e1rgyak\u00a02022\/2023. tan\u00e9v II. f\u00e9l\u00e9v\u00e9t\u0151l t\u00f6rt\u00e9n\u0151 bevezet\u00e9s\u00e9r\u0151l az Asklepios Campus Hamburgon &#8211; 2. sz\u00e1m\u00fa mell\u00e9klet<\/a><\/p>\n<p style=\"text-align: justify\"><a href=\"https:\/\/semmelweis.hu\/jogigfoig\/files\/2023\/02\/9_2023_melleklet_Kovetelmenyrendszer_Student-Policlinic-Module-III.pdf\">A Semmelweis Egyetem\u00a0Szen\u00e1tus\u00e1nak\u00a09\/2023. (II.9.) sz\u00e1m\u00fa hat\u00e1rozata\u00a0a \u201eNeurosurgery\u201d, \u201ePersonalized Medicine in Oncology and Hematology\u201d, valamint \u201eStudent Policlinic Module III\u201d c\u00edm\u0171 k\u00f6telez\u0151en v\u00e1laszthat\u00f3 t\u00e1rgyak\u00a02022\/2023. tan\u00e9v II. f\u00e9l\u00e9v\u00e9t\u0151l t\u00f6rt\u00e9n\u0151 bevezet\u00e9s\u00e9r\u0151l az Asklepios Campus Hamburgon &#8211; 3. sz\u00e1m\u00fa mell\u00e9klet<\/a><\/p>\n<p style=\"text-align: justify\"><a href=\"https:\/\/semmelweis.hu\/jogigfoig\/files\/2023\/02\/10_2023_kotelezoen-valaszthato-targy-2022-23-tol-az-AOK-n.pdf\">A Semmelweis Egyetem\u00a0Szen\u00e1tus\u00e1nak\u00a010\/2023. (II.9.) sz\u00e1m\u00fa hat\u00e1rozata\u00a0az \u201eAssisted Reproduction\u201d c\u00edm\u0171 k\u00f6telez\u0151en v\u00e1laszthat\u00f3 t\u00e1rgy 2022\/2023. tan\u00e9v f\u00e9l\u00e9v\u00e9t\u0151l t\u00f6rt\u00e9n\u0151 bevezet\u00e9s\u00e9r\u0151l az \u00c1ltal\u00e1nos Orvostudom\u00e1nyi Karon<\/a><\/p>\n<p style=\"text-align: justify\"><a href=\"https:\/\/semmelweis.hu\/jogigfoig\/files\/2023\/02\/10_melleklet_Kovetelmenyrendszer_Assisted-Reproduction.pdf\">A Semmelweis Egyetem Szen\u00e1tus\u00e1nak 10\/2023. (II.9.) sz\u00e1m\u00fa hat\u00e1rozata az \u201eAssisted Reproduction\u201d c\u00edm\u0171 k\u00f6telez\u0151en v\u00e1laszthat\u00f3 t\u00e1rgy 2022\/2023. tan\u00e9v f\u00e9l\u00e9v\u00e9t\u0151l t\u00f6rt\u00e9n\u0151 bevezet\u00e9s\u00e9r\u0151l az \u00c1ltal\u00e1nos Orvostudom\u00e1nyi Karon &#8211; 1. sz\u00e1m\u00fa mell\u00e9klet<\/a><\/p>\n<p style=\"text-align: justify\"><a href=\"https:\/\/semmelweis.hu\/jogigfoig\/files\/2023\/02\/11_2023_Kivalo-Tudomanyos-Diakkori-Nevelo.pdf\">A Semmelweis Egyetem\u00a0Szen\u00e1tus\u00e1nak\u00a011\/2023. (II.9.) sz\u00e1m\u00fa hat\u00e1rozata\u00a0a \u201eSemmelweis Egyetem Kiv\u00e1l\u00f3 Tudom\u00e1nyos Di\u00e1kk\u00f6ri Nevel\u0151je\u201d\u00a0kit\u00fcntet\u0151 c\u00edm adom\u00e1nyoz\u00e1s\u00e1r\u00f3l<\/a><\/p>\n<p style=\"text-align: justify\"><a href=\"https:\/\/semmelweis.hu\/jogigfoig\/files\/2023\/02\/12_2023_az-Egyetem-egeszere-kiterjedo-hataskorrel-rendelkezo-allando-bizottsagok-munkajarol.pdf\">A Semmelweis Egyetem\u00a0Szen\u00e1tus\u00e1nak\u00a012\/2023. (II.9.) sz\u00e1m\u00fa hat\u00e1rozata\u00a0a Szen\u00e1tus \u00e1ltal l\u00e9trehozott, az Egyetem eg\u00e9sz\u00e9re kiterjed\u0151\u00a0hat\u00e1sk\u00f6rrel rendelkez\u0151 \u00e1lland\u00f3 bizotts\u00e1gok munk\u00e1j\u00e1r\u00f3l<\/a><\/p>\n<p style=\"text-align: justify\"><a href=\"https:\/\/semmelweis.hu\/jogigfoig\/files\/2023\/02\/13_2023_az-aktualis-oktatoi-kutatoi-palyazatok-velemenyezeserol.pdf\">A Semmelweis Egyetem\u00a0Szen\u00e1tus\u00e1nak\u00a013\/2023. (II.9.) sz\u00e1m\u00fa hat\u00e1rozata\u00a0az aktu\u00e1lis oktat\u00f3i-kutat\u00f3i p\u00e1ly\u00e1zatok v\u00e9lem\u00e9nyez\u00e9s\u00e9r\u0151l<\/a><\/p>\n<p style=\"text-align: justify\"><a href=\"https:\/\/semmelweis.hu\/jogigfoig\/files\/2023\/02\/14_2023_az-Egyetem-ingatlanvagyonanak-boviteserol.pdf\">A Semmelweis Egyetem\u00a0Szen\u00e1tus\u00e1nak\u00a014\/2023. (II.9.) sz\u00e1m\u00fa hat\u00e1rozata\u00a0az Egyetem ingatlanvagyon\u00e1nak b\u0151v\u00edt\u00e9s\u00e9r\u0151l<\/a><\/p>\n","protected":false},"excerpt":{"rendered":"<p><a href=\"https:\/\/semmelweis.hu\/jogigfoig\/files\/2023\/02\/2_2023_a-Szenatus-2023-tavaszi-munkaterverol.pdf\">A Semmelweis Egyetem\u00a0Szen\u00e1tus\u00e1nak\u00a02\/2023. (II.9.) sz\u00e1m\u00fa hat\u00e1rozata\u00a0a Szen\u00e1tus 2023. \u00e9vi tavaszi munkaterv\u00e9r\u0151l<\/a><br \/>\n<a href=\"https:\/\/semmelweis.hu\/jogigfoig\/files\/2023\/02\/2_2023_melleklet_munkaterv_2023-tavaszi-felev.pdf\">A Semmelweis Egyetem Szen\u00e1tus\u00e1nak 2\/2023. (II.9.) sz\u00e1m\u00fa hat\u00e1rozata a Szen\u00e1tus 2023. \u00e9vi tavaszi munkaterv\u00e9r\u0151l &#8211; 1. sz\u00e1m\u00fa mell\u00e9klet<\/a><br \/>\n<a href=\"https:\/\/semmelweis.hu\/jogigfoig\/files\/2023\/02\/3_2023_a-Habilitacios-Szabalyzat-modositasarol.pdf\">A Semmelweis Egyetem\u00a0Szen\u00e1tus\u00e1nak\u00a03\/2023. (II.9.) sz\u00e1m\u00fa hat\u00e1rozata\u00a0a Habilit\u00e1ci\u00f3s Szab\u00e1lyzat m\u00f3dos\u00edt\u00e1s\u00e1r\u00f3l<\/a><br \/>\n<a href=\"https:\/\/semmelweis.hu\/jogigfoig\/files\/2023\/02\/3_2023_melleklet_Habilitacios-Szabalyzat-modositasa.pdf\">A Semmelweis Egyetem Szen\u00e1tus\u00e1nak 3\/2023. (II.9.) sz\u00e1m\u00fa hat\u00e1rozata a Habilit\u00e1ci\u00f3s Szab\u00e1lyzat m\u00f3dos\u00edt\u00e1s\u00e1r\u00f3l &#8211; 1. sz\u00e1m\u00fa mell\u00e9klet<\/a><br \/>\n<a href=\"https:\/\/semmelweis.hu\/jogigfoig\/files\/2023\/02\/4_2023_SzMSz-modositas.pdf\">A Semmelweis Egyetem\u00a0Szen\u00e1tus\u00e1nak\u00a04\/2023. (II.9.) sz\u00e1m\u00fa hat\u00e1rozata\u00a0a Szervezeti \u00e9s M\u0171k\u00f6d\u00e9si Szab\u00e1lyzat egyes rendelkez\u00e9seinek m\u00f3dos\u00edt\u00e1s\u00e1r\u00f3l<\/a><br \/>\n<a href=\"https:\/\/semmelweis.hu\/jogigfoig\/files\/2023\/02\/4_2023_melleklet_SE-HOK-Elnok-sz.-hatarozata-az-egyetertesi-jog-gyakorlasarol.pdf\">A Semmelweis Egyetem Szen\u00e1tus\u00e1nak 4\/2023. (II.9.) sz\u00e1m\u00fa hat\u00e1rozata a Szervezeti \u00e9s M\u0171k\u00f6d\u00e9si Szab\u00e1lyzat egyes rendelkez\u00e9seinek m\u00f3dos\u00edt\u00e1s\u00e1r\u00f3l &#8211; Hallgat\u00f3i \u00d6nkorm\u00e1nyzat egyet\u00e9rt\u00e9s<\/a><br \/>\n<a href=\"https:\/\/semmelweis.hu\/jogigfoig\/files\/2023\/02\/4_2023_melleklet_SzMSz-modositas.pdf\">A Semmelweis Egyetem\u00a0Szen\u00e1tus\u00e1nak\u00a04\/2023. (II.9.) sz\u00e1m\u00fa hat\u00e1rozata\u00a0a Szervezeti \u00e9s M\u0171k\u00f6d\u00e9si Szab\u00e1lyzat egyes rendelkez\u00e9seinek m\u00f3dos\u00edt\u00e1s\u00e1r\u00f3l &#8211; 1. sz\u00e1m\u00fa mell\u00e9klet<\/a><br \/>\n<a href=\"https:\/\/semmelweis.hu\/jogigfoig\/files\/2023\/02\/5_2023_Jo-Tanulo_Jo-Sportolo.pdf\">A Semmelweis Egyetem\u00a0Szen\u00e1tus\u00e1nak\u00a05\/2023. (II.9.) sz\u00e1m\u00fa hat\u00e1rozata\u00a0a \u201eJ\u00f3 tanul\u00f3 \u2013 j\u00f3 sportol\u00f3\u201d kit\u00fcntet\u0151 c\u00edmek oda\u00edt\u00e9l\u00e9s\u00e9r\u0151l<\/a><br \/>\n<a href=\"https:\/\/semmelweis.hu\/jogigfoig\/files\/2023\/02\/6_2023_a-Colorectalis-Nap_uj-szabvall.pdf\">A Semmelweis Egyetem\u00a0Szen\u00e1tus\u00e1nak\u00a06\/2023. (II.9.) sz\u00e1m\u00fa hat\u00e1rozata\u00a0a Colorectalis Nap, mint \u00faj, szabadon v\u00e1laszthat\u00f3 tant\u00e1rgy bevezet\u00e9s\u00e9r\u0151l<\/a><br \/>\n<a href=\"https:\/\/semmelweis.hu\/jogigfoig\/files\/2023\/02\/6_2023_melleklet_Colorectalis-nap-kovetelmenyrendszer.pdf\">A Semmelweis Egyetem Szen\u00e1tus\u00e1nak 6\/2023. (II.9.) sz\u00e1m\u00fa hat\u00e1rozata a Colorectalis Nap, mint \u00faj, szabadon v\u00e1laszthat\u00f3 tant\u00e1rgy bevezet\u00e9s\u00e9r\u0151l &#8211; 1. sz\u00e1m\u00fa mell\u00e9klet<\/a><br \/>\n<a href=\"https:\/\/semmelweis.hu\/jogigfoig\/files\/2023\/02\/7_2023_Szaknyeli-Intezet_ENG-HUB-es-GER-HUN_egeszsegtudomanyi-szakfordito-es-tolmacs-tantervmodositas.pdf\">A Semmelweis Egyetem Szen\u00e1tus\u00e1nak\u00a07\/2023. (II.9.) sz\u00e1m\u00fa hat\u00e1rozata\u00a0a Szaknyelvi Int\u00e9zet posztgradu\u00e1lis angol-magyar \u00e9s n\u00e9met-magyar nyelvp\u00e1r\u00fa Eg\u00e9szs\u00e9gtudom\u00e1nyi szakford\u00edt\u00f3 \u00e9s tolm\u00e1cs szakir\u00e1ny\u00fa tov\u00e1bbk\u00e9pz\u00e9s\u00e9nek tantervm\u00f3dos\u00edt\u00e1s\u00e1r\u00f3l<\/a><br \/>\n<a href=\"https:\/\/semmelweis.hu\/jogigfoig\/files\/2023\/02\/7_2023_mellekletek.zip\">A Semmelweis Egyetem Szen\u00e1tus\u00e1nak 7\/2023. (II.9.) sz\u00e1m\u00fa hat\u00e1rozata a Szaknyelvi Int\u00e9zet posztgradu\u00e1lis angol-magyar \u00e9s n\u00e9met-magyar nyelvp\u00e1r\u00fa Eg\u00e9szs\u00e9gtudom\u00e1nyi szakford\u00edt\u00f3 \u00e9s tolm\u00e1cs szakir\u00e1ny\u00fa tov\u00e1bbk\u00e9pz\u00e9s\u00e9nek tantervm\u00f3dos\u00edt\u00e1s\u00e1r\u00f3l &#8211; Mell\u00e9kletek<\/a><br \/>\n<a href=\"https:\/\/semmelweis.hu\/jogigfoig\/files\/2023\/02\/8_2023_EKK-egeszsegugyi-ugyvitelszervezo-specializacio-mintatanterv-modositas.pdf\">A Semmelweis Egyetem\u00a0Szen\u00e1tus\u00e1nak\u00a08\/2023. (II.9.) sz\u00e1m\u00fa hat\u00e1rozata\u00a0az Eg\u00e9szs\u00e9g\u00fcgyi K\u00f6zszolg\u00e1lati Kar Digit\u00e1lis Eg\u00e9szs\u00e9gtudom\u00e1nyi Int\u00e9zet eg\u00e9szs\u00e9g\u00fcgyi szervez\u0151 alapk\u00e9pz\u00e9si szak eg\u00e9szs\u00e9g\u00fcgyi \u00fcgyvitelszervez\u0151 specializ\u00e1ci\u00f3\u00a02019\/2020. tan\u00e9v mintatanterv\u00e9nek m\u00f3dos\u00edt\u00e1s\u00e1r\u00f3l<\/a><br \/>\n<a href=\"https:\/\/semmelweis.hu\/jogigfoig\/files\/2023\/02\/9_2023_kotelezoen-valaszthato-targyak-2022-23-tol-az-ACH-n.pdf\">A Semmelweis Egyetem\u00a0Szen\u00e1tus\u00e1nak\u00a09\/2023. (II.9.) sz\u00e1m\u00fa hat\u00e1rozata\u00a0a \u201eNeurosurgery\u201d, \u201ePersonalized Medicine in Oncology and Hematology\u201d, valamint \u201eStudent Policlinic Module III\u201d c\u00edm\u0171 k\u00f6telez\u0151en v\u00e1laszthat\u00f3 t\u00e1rgyak\u00a02022\/2023. tan\u00e9v II. f\u00e9l\u00e9v\u00e9t\u0151l t\u00f6rt\u00e9n\u0151 bevezet\u00e9s\u00e9r\u0151l az Asklepios Campus Hamburgon<\/a><br \/>\n<a href=\"https:\/\/semmelweis.hu\/jogigfoig\/files\/2023\/02\/9_2023_melleklet_Kovetelmenyrendszer_Neurosurgery.pdf\">A Semmelweis Egyetem Szen\u00e1tus\u00e1nak 9\/2023. (II.9.) sz\u00e1m\u00fa hat\u00e1rozata a \u201eNeurosurgery\u201d, \u201ePersonalized Medicine in Oncology and Hematology\u201d, valamint \u201eStudent Policlinic Module III\u201d c\u00edm\u0171 k\u00f6telez\u0151en v\u00e1laszthat\u00f3 t\u00e1rgyak 2022\/2023. tan\u00e9v II. f\u00e9l\u00e9v\u00e9t\u0151l t\u00f6rt\u00e9n\u0151 bevezet\u00e9s\u00e9r\u0151l az Asklepios Campus Hamburgon &#8211; 1. sz\u00e1m\u00fa mell\u00e9klet<\/a><br \/>\n<a href=\"https:\/\/semmelweis.hu\/jogigfoig\/files\/2023\/02\/9_2023_melleklet_Kovetelmenyrendszer_Personalized-Medicine-in-Oncology-and-Hematology.pdf\">A Semmelweis Egyetem\u00a0Szen\u00e1tus\u00e1nak\u00a09\/2023. (II.9.) sz\u00e1m\u00fa hat\u00e1rozata\u00a0a \u201eNeurosurgery\u201d, \u201ePersonalized Medicine in Oncology and Hematology\u201d, valamint \u201eStudent Policlinic Module III\u201d c\u00edm\u0171 k\u00f6telez\u0151en v\u00e1laszthat\u00f3 t\u00e1rgyak\u00a02022\/2023. tan\u00e9v II. f\u00e9l\u00e9v\u00e9t\u0151l t\u00f6rt\u00e9n\u0151 bevezet\u00e9s\u00e9r\u0151l az Asklepios Campus Hamburgon &#8211; 2. sz\u00e1m\u00fa mell\u00e9klet<\/a><br \/>\n<a href=\"https:\/\/semmelweis.hu\/jogigfoig\/files\/2023\/02\/9_2023_melleklet_Kovetelmenyrendszer_Student-Policlinic-Module-III.pdf\">A Semmelweis Egyetem\u00a0Szen\u00e1tus\u00e1nak\u00a09\/2023. (II.9.) sz\u00e1m\u00fa hat\u00e1rozata\u00a0a \u201eNeurosurgery\u201d, \u201ePersonalized Medicine in Oncology and Hematology\u201d, valamint \u201eStudent Policlinic Module III\u201d c\u00edm\u0171 k\u00f6telez\u0151en v\u00e1laszthat\u00f3 t\u00e1rgyak\u00a02022\/2023. tan\u00e9v II. f\u00e9l\u00e9v\u00e9t\u0151l t\u00f6rt\u00e9n\u0151 bevezet\u00e9s\u00e9r\u0151l az Asklepios Campus Hamburgon &#8211; 3. sz\u00e1m\u00fa mell\u00e9klet<\/a><br \/>\n<a href=\"https:\/\/semmelweis.hu\/jogigfoig\/files\/2023\/02\/10_2023_kotelezoen-valaszthato-targy-2022-23-tol-az-AOK-n.pdf\">A Semmelweis Egyetem\u00a0Szen\u00e1tus\u00e1nak\u00a010\/2023. (II.9.) sz\u00e1m\u00fa hat\u00e1rozata\u00a0az \u201eAssisted Reproduction\u201d c\u00edm\u0171 k\u00f6telez\u0151en v\u00e1laszthat\u00f3 t\u00e1rgy 2022\/2023. tan\u00e9v f\u00e9l\u00e9v\u00e9t\u0151l t\u00f6rt\u00e9n\u0151 bevezet\u00e9s\u00e9r\u0151l az \u00c1ltal\u00e1nos Orvostudom\u00e1nyi Karon<\/a><br \/>\n<a href=\"https:\/\/semmelweis.hu\/jogigfoig\/files\/2023\/02\/10_melleklet_Kovetelmenyrendszer_Assisted-Reproduction.pdf\">A Semmelweis Egyetem Szen\u00e1tus\u00e1nak 10\/2023. (II.9.) sz\u00e1m\u00fa hat\u00e1rozata az \u201eAssisted Reproduction\u201d c\u00edm\u0171 k\u00f6telez\u0151en v\u00e1laszthat\u00f3 t\u00e1rgy 2022\/2023. tan\u00e9v f\u00e9l\u00e9v\u00e9t\u0151l t\u00f6rt\u00e9n\u0151 bevezet\u00e9s\u00e9r\u0151l az \u00c1ltal\u00e1nos Orvostudom\u00e1nyi Karon &#8211; 1. sz\u00e1m\u00fa mell\u00e9klet<\/a><br \/>\n<a href=\"https:\/\/semmelweis.hu\/jogigfoig\/files\/2023\/02\/11_2023_Kivalo-Tudomanyos-Diakkori-Nevelo.pdf\">A Semmelweis Egyetem\u00a0Szen\u00e1tus\u00e1nak\u00a011\/2023. (II.9.) sz\u00e1m\u00fa hat\u00e1rozata\u00a0a \u201eSemmelweis Egyetem Kiv\u00e1l\u00f3 Tudom\u00e1nyos Di\u00e1kk\u00f6ri Nevel\u0151je\u201d\u00a0kit\u00fcntet\u0151 c\u00edm adom\u00e1nyoz\u00e1s\u00e1r\u00f3l<\/a><br \/>\n<a href=\"https:\/\/semmelweis.hu\/jogigfoig\/files\/2023\/02\/12_2023_az-Egyetem-egeszere-kiterjedo-hataskorrel-rendelkezo-allando-bizottsagok-munkajarol.pdf\">A Semmelweis Egyetem\u00a0Szen\u00e1tus\u00e1nak\u00a012\/2023. (II.9.) sz\u00e1m\u00fa hat\u00e1rozata\u00a0a Szen\u00e1tus \u00e1ltal l\u00e9trehozott, az Egyetem eg\u00e9sz\u00e9re kiterjed\u0151\u00a0hat\u00e1sk\u00f6rrel rendelkez\u0151 \u00e1lland\u00f3 bizotts\u00e1gok munk\u00e1j\u00e1r\u00f3l<\/a><br \/>\n<a href=\"https:\/\/semmelweis.hu\/jogigfoig\/files\/2023\/02\/13_2023_az-aktualis-oktatoi-kutatoi-palyazatok-velemenyezeserol.pdf\">A Semmelweis Egyetem\u00a0Szen\u00e1tus\u00e1nak\u00a013\/2023. (II.9.) sz\u00e1m\u00fa hat\u00e1rozata\u00a0az aktu\u00e1lis oktat\u00f3i-kutat\u00f3i p\u00e1ly\u00e1zatok v\u00e9lem\u00e9nyez\u00e9s\u00e9r\u0151l<\/a><br \/>\n<a href=\"https:\/\/semmelweis.hu\/jogigfoig\/files\/2023\/02\/14_2023_az-Egyetem-ingatlanvagyonanak-boviteserol.pdf\">A Semmelweis Egyetem\u00a0Szen\u00e1tus\u00e1nak\u00a014\/2023. (II.9.) sz\u00e1m\u00fa hat\u00e1rozata\u00a0az Egyetem ingatlanvagyon\u00e1nak b\u0151v\u00edt\u00e9s\u00e9r\u0151l<\/a><\/p>\n","protected":false},"author":101467,"featured_media":0,"parent":86448,"menu_order":1,"comment_status":"closed","ping_status":"closed","template":"","meta":{"_acf_changed":false,"footnotes":""},"categories":[],"tags":[],"class_list":["post-86608","page","type-page","status-publish","hentry"],"acf":[],"_links":{"self":[{"href":"https:\/\/semmelweis.hu\/jogigfoig\/wp-json\/wp\/v2\/pages\/86608","targetHints":{"allow":["GET"]}}],"collection":[{"href":"https:\/\/semmelweis.hu\/jogigfoig\/wp-json\/wp\/v2\/pages"}],"about":[{"href":"https:\/\/semmelweis.hu\/jogigfoig\/wp-json\/wp\/v2\/types\/page"}],"author":[{"embeddable":true,"href":"https:\/\/semmelweis.hu\/jogigfoig\/wp-json\/wp\/v2\/users\/101467"}],"replies":[{"embeddable":true,"href":"https:\/\/semmelweis.hu\/jogigfoig\/wp-json\/wp\/v2\/comments?post=86608"}],"version-history":[{"count":1,"href":"https:\/\/semmelweis.hu\/jogigfoig\/wp-json\/wp\/v2\/pages\/86608\/revisions"}],"predecessor-version":[{"id":86632,"href":"https:\/\/semmelweis.hu\/jogigfoig\/wp-json\/wp\/v2\/pages\/86608\/revisions\/86632"}],"up":[{"embeddable":true,"href":"https:\/\/semmelweis.hu\/jogigfoig\/wp-json\/wp\/v2\/pages\/86448"}],"wp:attachment":[{"href":"https:\/\/semmelweis.hu\/jogigfoig\/wp-json\/wp\/v2\/media?parent=86608"}],"wp:term":[{"taxonomy":"category","embeddable":true,"href":"https:\/\/semmelweis.hu\/jogigfoig\/wp-json\/wp\/v2\/categories?post=86608"},{"taxonomy":"post_tag","embeddable":true,"href":"https:\/\/semmelweis.hu\/jogigfoig\/wp-json\/wp\/v2\/tags?post=86608"}],"curies":[{"name":"wp","href":"https:\/\/api.w.org\/{rel}","templated":true}]}}