{"id":86464,"date":"2023-01-30T09:59:05","date_gmt":"2023-01-30T08:59:05","guid":{"rendered":"https:\/\/semmelweis.hu\/jogigfoig\/?page_id=86464"},"modified":"2025-02-20T15:01:15","modified_gmt":"2025-02-20T14:01:15","slug":"kulonos-kozzeteteli-lista-2023-januar-1-tol-archivum","status":"publish","type":"page","link":"https:\/\/semmelweis.hu\/jogigfoig\/adatvedelem-betegjog\/kozerdeku-adatok-archivum\/kulonos-kozzeteteli-lista-2023-januar-1-tol-archivum\/","title":{"rendered":"K\u00fcl\u00f6n\u00f6s k\u00f6zz\u00e9t\u00e9teli lista &#8211; 2023. janu\u00e1r 1-t\u0151l (Arch\u00edvum)"},"content":{"rendered":"<p style=\"text-align: justify\"><div class=\"responsive-tabs\">\n<h2 class=\"tabtitle\">Szervezeti, szem\u00e9lyzeti <br \/>\nadatok<\/h2>\n<div class=\"tabcontent\">\n<\/p>\n<p style=\"text-align: justify\"><strong>I. Szervezeti, szem\u00e9lyzeti adatok<\/strong><\/p>\n<p style=\"text-align: justify\">1. Alap\u00edt\u00f3 Okirat, szab\u00e1lyzatok \u00e9s nyilv\u00e1noss\u00e1gra hozott egy\u00e9b bels\u0151 szab\u00e1lyoz\u00f3k<\/p>\n<ul style=\"text-align: justify\">\n<li><a href=\"https:\/\/semmelweis.hu\/jogigfoig\/dokumentumtar\/alapito-okirat-archivum\/\">Alap\u00edt\u00f3 Okirat<\/a><\/li>\n<li><a href=\"https:\/\/semmelweis.hu\/jogigfoig\/dokumentumtar\/szabalyzattar-archivum\/\">Semmelweis Egyetem szab\u00e1lyzatai<\/a><\/li>\n<li><a href=\"https:\/\/semmelweis.hu\/jogigfoig\/dokumentumtar\/szabalyzattar-archivum\/szervezeti-es-mukodesi-szabalyzat-archivum\/\">Szervezeti \u00e9s M\u0171k\u00f6d\u00e9si Szab\u00e1lyzat<\/a><\/li>\n<\/ul>\n<p style=\"text-align: justify\">2. Az Egyetemen m\u0171k\u00f6d\u0151 \u00e9rdekk\u00e9pviseletek<\/p>\n<p style=\"text-align: justify\">\n<\/div><h2 class=\"tabtitle\">Tev\u00e9kenys\u00e9gre, m\u0171k\u00f6d\u00e9sre <br \/>\nvonatkoz\u00f3 adatok<\/h2>\n<div class=\"tabcontent\">\n<\/p>\n<p style=\"text-align: justify\"><strong>II. Tev\u00e9kenys\u00e9gre, m\u0171k\u00f6d\u00e9sre vonatkoz\u00f3 adatok<\/strong><\/p>\n<p style=\"text-align: justify\"><a href=\"https:\/\/semmelweis.hu\/jogigfoig\/testuletek\/szenatus\/\" target=\"_blank\" rel=\"noopener noreferrer\">1. A Szen\u00e1tus \u00e9s hat\u00e1rozatai<\/a><\/p>\n<p style=\"text-align: justify\">2. A hallgat\u00f3i jogviszony l\u00e9tes\u00edt\u00e9s\u00e9nek k\u00f6vetelm\u00e9nyei (felv\u00e9teli k\u00f6vetelm\u00e9nyek)<\/p>\n<p style=\"text-align: justify\">3. A munk\u00e1ltat\u00f3i jogok gyakorl\u00e1s\u00e1nak rendje<\/p>\n<p style=\"text-align: justify\">4. Besz\u00e1mol\u00f3 az Egyetem oktat\u00e1si, kutat\u00e1si, fejleszt\u00e9si \u00e9s innov\u00e1ci\u00f3s tev\u00e9kenys\u00e9g\u00e9r\u0151l \u00e9s az aktu\u00e1lis eredm\u00e9nyekr\u0151l<\/p>\n<ul style=\"text-align: justify\">\n<li><a href=\"https:\/\/semmelweis.hu\/jogigfoig\/files\/2023\/02\/00B-2022_FOK-vegleges-Osszesitett.pdf\">Oktat\u00e1si folyamatok \u00e9rt\u00e9kel\u00e9se a Fogorvostudom\u00e1nyi Karon \u2013 2022<\/a><\/li>\n<li><a href=\"https:\/\/semmelweis.hu\/jogigfoig\/files\/2023\/02\/SE-PAK-beszamolo-okt.-tud.teveknysegrol-2022.pdf\">Besz\u00e1mol\u00f3 a Pet\u0151 Andr\u00e1s Kar oktat\u00e1si tev\u00e9kenys\u00e9g\u00e9r\u0151l \u00e9s aktu\u00e1lis eredm\u00e9nyeir\u0151l \u2013 2022<\/a><\/li>\n<\/ul>\n<p style=\"text-align: justify\">5. Az int\u00e9zm\u00e9nyi v\u00e1r\u00f3lista<\/p>\n<p style=\"text-align: justify\">6. A t\u00e9r\u00edt\u00e9si d\u00edj ellen\u00e9ben ig\u00e9nybe vehet\u0151 egyes eg\u00e9szs\u00e9g\u00fcgyi szolg\u00e1ltat\u00e1sok t\u00e9r\u00edt\u00e9si d\u00edja<\/p>\n<p style=\"text-align: justify\"><\/div><\/div><\/p>\n","protected":false},"excerpt":{"rendered":"<p>I. Szervezeti, szem\u00e9lyzeti adatok 1. Alap\u00edt\u00f3 Okirat, szab\u00e1lyzatok \u00e9s nyilv\u00e1noss\u00e1gra hozott egy\u00e9b bels\u0151 szab\u00e1lyoz\u00f3k <a href=\"https:\/\/semmelweis.hu\/jogigfoig\/dokumentumtar\/alapito-okirat-archivum\/\">Alap\u00edt\u00f3 Okirat<\/a> <a href=\"https:\/\/semmelweis.hu\/jogigfoig\/dokumentumtar\/szabalyzattar-archivum\/\">Semmelweis Egyetem szab\u00e1lyzatai<\/a> <a href=\"https:\/\/semmelweis.hu\/jogigfoig\/dokumentumtar\/szabalyzattar-archivum\/szervezeti-es-mukodesi-szabalyzat-archivum\/\">Szervezeti \u00e9s M\u0171k\u00f6d\u00e9si Szab\u00e1lyzat<\/a> 2. Az Egyetemen m\u0171k\u00f6d\u0151 \u00e9rdekk\u00e9pviseletek II. Tev\u00e9kenys\u00e9gre, m\u0171k\u00f6d\u00e9sre vonatkoz\u00f3 adatok <a href=\"https:\/\/semmelweis.hu\/jogigfoig\/testuletek\/szenatus\/\" target=\"_blank\" rel=\"noopener noreferrer\">1. A Szen\u00e1tus \u00e9s hat\u00e1rozatai<\/a> 2. A hallgat\u00f3i jogviszony l\u00e9tes\u00edt\u00e9s\u00e9nek k\u00f6vetelm\u00e9nyei (felv\u00e9teli k\u00f6vetelm\u00e9nyek) 3. A munk\u00e1ltat\u00f3i jogok gyakorl\u00e1s\u00e1nak rendje 4. Besz\u00e1mol\u00f3 az Egyetem oktat\u00e1si, kutat\u00e1si, fejleszt\u00e9si \u00e9s innov\u00e1ci\u00f3s tev\u00e9kenys\u00e9g\u00e9r\u0151l \u00e9s az aktu\u00e1lis eredm\u00e9nyekr\u0151l <a href=\"https:\/\/semmelweis.hu\/jogigfoig\/files\/2023\/02\/00B-2022_FOK-vegleges-Osszesitett.pdf\">Oktat\u00e1si folyamatok \u00e9rt\u00e9kel\u00e9se a Fogorvostudom\u00e1nyi Karon \u2013 2022<\/a> <a href=\"https:\/\/semmelweis.hu\/jogigfoig\/files\/2023\/02\/SE-PAK-beszamolo-okt.-tud.teveknysegrol-2022.pdf\">Besz\u00e1mol\u00f3 a Pet\u0151 Andr\u00e1s Kar oktat\u00e1si tev\u00e9kenys\u00e9g\u00e9r\u0151l \u00e9s aktu\u00e1lis eredm\u00e9nyeir\u0151l \u2013 2022<\/a> 5. Az int\u00e9zm\u00e9nyi &hellip;<\/p>\n","protected":false},"author":101467,"featured_media":0,"parent":932,"menu_order":0,"comment_status":"closed","ping_status":"closed","template":"","meta":{"_acf_changed":false,"footnotes":""},"categories":[],"tags":[],"class_list":["post-86464","page","type-page","status-publish","hentry"],"acf":[],"_links":{"self":[{"href":"https:\/\/semmelweis.hu\/jogigfoig\/wp-json\/wp\/v2\/pages\/86464","targetHints":{"allow":["GET"]}}],"collection":[{"href":"https:\/\/semmelweis.hu\/jogigfoig\/wp-json\/wp\/v2\/pages"}],"about":[{"href":"https:\/\/semmelweis.hu\/jogigfoig\/wp-json\/wp\/v2\/types\/page"}],"author":[{"embeddable":true,"href":"https:\/\/semmelweis.hu\/jogigfoig\/wp-json\/wp\/v2\/users\/101467"}],"replies":[{"embeddable":true,"href":"https:\/\/semmelweis.hu\/jogigfoig\/wp-json\/wp\/v2\/comments?post=86464"}],"version-history":[{"count":5,"href":"https:\/\/semmelweis.hu\/jogigfoig\/wp-json\/wp\/v2\/pages\/86464\/revisions"}],"predecessor-version":[{"id":96948,"href":"https:\/\/semmelweis.hu\/jogigfoig\/wp-json\/wp\/v2\/pages\/86464\/revisions\/96948"}],"up":[{"embeddable":true,"href":"https:\/\/semmelweis.hu\/jogigfoig\/wp-json\/wp\/v2\/pages\/932"}],"wp:attachment":[{"href":"https:\/\/semmelweis.hu\/jogigfoig\/wp-json\/wp\/v2\/media?parent=86464"}],"wp:term":[{"taxonomy":"category","embeddable":true,"href":"https:\/\/semmelweis.hu\/jogigfoig\/wp-json\/wp\/v2\/categories?post=86464"},{"taxonomy":"post_tag","embeddable":true,"href":"https:\/\/semmelweis.hu\/jogigfoig\/wp-json\/wp\/v2\/tags?post=86464"}],"curies":[{"name":"wp","href":"https:\/\/api.w.org\/{rel}","templated":true}]}}