{"id":86463,"date":"2023-01-30T09:52:18","date_gmt":"2023-01-30T08:52:18","guid":{"rendered":"https:\/\/semmelweis.hu\/jogigfoig\/?page_id=86463"},"modified":"2026-04-21T11:49:16","modified_gmt":"2026-04-21T09:49:16","slug":"altalanos-kozzeteteli-lista-2023-januar-1-tol-archivum","status":"publish","type":"page","link":"https:\/\/semmelweis.hu\/jogigfoig\/adatvedelem-betegjog\/kozerdeku-adatok-archivum\/altalanos-kozzeteteli-lista-2023-januar-1-tol-archivum\/","title":{"rendered":"\u00c1ltal\u00e1nos k\u00f6zz\u00e9t\u00e9teli lista &#8211; 2023. janu\u00e1r 1-t\u0151l (Arch\u00edvum)"},"content":{"rendered":"<p style=\"text-align: justify\"><div class=\"responsive-tabs\">\n<h2 class=\"tabtitle\">Szervezeti, szem\u00e9lyzeti <br \/>\nadatok<\/h2>\n<div class=\"tabcontent\">\n<\/p>\n<p style=\"text-align: justify\"><strong>I. Szervezeti, szem\u00e9lyzeti adatok<\/strong><\/p>\n<p style=\"text-align: justify\">1. Az Egyetem hivatalos neve (magyar mellett angol \u00e9s n\u00e9met nyelven), sz\u00e9khelye, postai c\u00edme (levelez\u00e9si c\u00edm \u00e9s postafi\u00f3k), telefonsz\u00e1ma, elektronikus lev\u00e9lc\u00edme (Hivatali Kapu), honlap URL-ja<\/p>\n<p style=\"text-align: justify\">2. Az Egyetem szervezeti fel\u00e9p\u00edt\u00e9se a szervezeti egys\u00e9gek megjel\u00f6l\u00e9s\u00e9vel, az egyes szervezeti egys\u00e9gek feladatai<\/p>\n<p style=\"text-align: justify\">3. Az Egyetem vezet\u0151inek \u00e9s az egyes szervezeti egys\u00e9gek vezet\u0151inek neve, beoszt\u00e1sa, el\u00e9rhet\u0151s\u00e9ge (telefonsz\u00e1ma, elektronikus lev\u00e9lc\u00edme)<\/p>\n<p style=\"text-align: justify\"><a href=\"https:\/\/semmelweis.hu\/jogigfoig\/testuletek\/szenatus\/\" target=\"_blank\" rel=\"noopener noreferrer\">4. A Szen\u00e1tus l\u00e9tsz\u00e1ma, \u00f6sszet\u00e9tele, tagjainak neve, beoszt\u00e1sa, el\u00e9rhet\u0151s\u00e9ge <\/a><\/p>\n<p style=\"text-align: justify\">5. Az Egyetem ir\u00e1ny\u00edt\u00e1sa, fel\u00fcgyelete vagy ellen\u0151rz\u00e9se alatt \u00e1ll\u00f3 vagy al\u00e1rendelts\u00e9g\u00e9ben m\u0171k\u00f6d\u0151 m\u00e1s k\u00f6zfeladatot ell\u00e1t\u00f3 szervek megnevez\u00e9se (neve, sz\u00e9khelye, postai c\u00edme, elektronikus lev\u00e9lc\u00edme, honlapja, egy\u00e9b azonos\u00edt\u00f3ja)<\/p>\n<ul style=\"list-style-type: square;text-align: justify\">\n<li>Semmelweis Egyetem Napk\u00f6ziotthonos \u00d3vod\u00e1ja<\/li>\n<li><a href=\"https:\/\/semmelweis.hu\/rektori-hivatal\/semmelweis-egyetem-gyakorlo-altalanos-iskola-es-gimnazium\/\" target=\"_blank\" rel=\"noopener noreferrer\">Semmelweis Egyetem Gyakorl\u00f3 \u00c1ltal\u00e1nos Iskola \u00e9s Gimn\u00e1zium<\/a><\/li>\n<\/ul>\n<p style=\"text-align: justify\">6. Az Egyetem t\u00f6bbs\u00e9gi tulajdon\u00e1ban \u00e1ll\u00f3, illetve r\u00e9szv\u00e9tel\u00e9vel m\u0171k\u00f6d\u0151 gazd\u00e1lkod\u00f3 szervezet neve, sz\u00e9khelye, el\u00e9rhet\u0151s\u00e9ge (postai c\u00edme, telefonsz\u00e1ma, elektronikus lev\u00e9lc\u00edme), tev\u00e9kenys\u00e9gi k\u00f6re, k\u00e9pvisel\u0151j\u00e9nek neve, az Egyetem r\u00e9szesed\u00e9s\u00e9nek m\u00e9rt\u00e9ke<\/p>\n<p style=\"text-align: justify\">7. Az Egyetem \u00e1ltal alap\u00edtott lapok neve, a szerkeszt\u0151s\u00e9g \u00e9s kiad\u00f3 neve \u00e9s c\u00edme, valamint a f\u0151szerkeszt\u0151 neve<\/p>\n<ul style=\"list-style-type: square;text-align: justify\">\n<li><a href=\"https:\/\/semmelweis.hu\/ujsag\/category\/archivum-x\/\">Semmelweis \u00dajs\u00e1g<\/a><\/li>\n<li><a href=\"https:\/\/issuu.com\/szinapszis\/docs\">Szinapszis\u00a0<\/a><\/li>\n<\/ul>\n<p style=\"text-align: justify\">8. Az Egyetem fel\u00fcgyeleti szerv\u00e9nek az 1. pontban meghat\u00e1rozott adatai<\/p>\n<p style=\"text-align: justify\">\n<\/div><h2 class=\"tabtitle\">Tev\u00e9kenys\u00e9gre, m\u0171k\u00f6d\u00e9sre <br \/>\nvonatkoz\u00f3 adatok<\/h2>\n<div class=\"tabcontent\">\n<\/p>\n<p style=\"text-align: justify\"><strong>II. Tev\u00e9kenys\u00e9gre, m\u0171k\u00f6d\u00e9sre vonatkoz\u00f3 adatok<\/strong><\/p>\n<p style=\"text-align: justify\">1. Az Egyetem feladat\u00e1t \u00e9s alaptev\u00e9kenys\u00e9g\u00e9t meghat\u00e1roz\u00f3, az Egyetemre vonatkoz\u00f3 alapvet\u0151 jogszab\u00e1lyok, k\u00f6zjogi szervezetszab\u00e1lyoz\u00f3 eszk\u00f6z\u00f6k,<br \/>\nvalamint a szervezeti \u00e9s m\u0171k\u00f6d\u00e9si szab\u00e1lyzat, az adatv\u00e9delmi \u00e9s inform\u00e1ci\u00f3biztons\u00e1gi szab\u00e1lyzat hat\u00e1lyos \u00e9s teljes sz\u00f6vege<\/p>\n<p style=\"text-align: justify\">2. Az Egyetem \u00e1ltal ny\u00fajtott vagy k\u00f6lts\u00e9gvet\u00e9s\u00e9b\u0151l finansz\u00edrozott k\u00f6zszolg\u00e1ltat\u00e1sok megnevez\u00e9se, tartalma, a k\u00f6zszolg\u00e1ltat\u00e1sok ig\u00e9nybev\u00e9tel\u00e9nek rendje, a<br \/>\nk\u00f6zszolg\u00e1ltat\u00e1s\u00e9rt fizetend\u0151 d\u00edj m\u00e9rt\u00e9ke, az abb\u00f3l adott kedvezm\u00e9nyek<\/p>\n<ul style=\"text-align: justify\">\n<li>A Semmelweis Egyetemen foly\u00f3 k\u00e9pz\u00e9sek<\/li>\n<li>A t\u00e9r\u00edt\u00e9si d\u00edj ellen\u00e9ben ig\u00e9nybe vehet\u0151 egyes eg\u00e9szs\u00e9g\u00fcgyi szolg\u00e1ltat\u00e1sok t\u00e9r\u00edt\u00e9si d\u00edja<\/li>\n<li>A Semmelweis Egyetem \u00d6nk\u00f6lts\u00e9g-sz\u00e1m\u00edt\u00e1si \u00e9s \u00e1rk\u00e9pz\u00e9si szab\u00e1lyzata<\/li>\n<\/ul>\n<p style=\"text-align: justify\">3. Az Egyetem \u00e1ltal fenntartott adatb\u00e1zisok, illetve nyilv\u00e1ntart\u00e1sok le\u00edr\u00f3 adatai (n\u00e9v, form\u00e1tum, az adatkezel\u00e9s c\u00e9lja, jogalapja, id\u0151tartama, az \u00e9rintettek k\u00f6re, az adatok forr\u00e1sa, k\u00e9rd\u0151\u00edves adatfelv\u00e9tel eset\u00e9n a kit\u00f6ltend\u0151 k\u00e9rd\u0151\u00edv), az adatv\u00e9delmi nyilv\u00e1ntart\u00e1sba bejelentend\u0151 nyilv\u00e1ntart\u00e1soknak az Itv. szerinti azonos\u00edt\u00f3 adatai; az<br \/>\nEgyetem \u00e1ltal &#8211; alaptev\u00e9kenys\u00e9ge keret\u00e9ben &#8211; gy\u0171jt\u00f6tt \u00e9s feldolgozott adatok fajt\u00e1i, a hozz\u00e1f\u00e9r\u00e9s m\u00f3dja, a m\u00e1solatk\u00e9sz\u00edt\u00e9s k\u00f6lts\u00e9gei<\/p>\n<ul style=\"text-align: justify\">\n<li><a href=\"https:\/\/semmelweis.hu\/rektori-hivatal\/files\/2012\/07\/2_-Semmelweis-Egyetem-Medikai-\u00e9s-gazd\u00e1lkod\u00e1si-rendszerek-adatb\u00e1zisai.pdf\" target=\"_blank\" rel=\"noopener noreferrer\">Medikai \u00e9s gazd\u00e1lkod\u00e1si rendszerek adatb\u00e1zisai a Semmelweis Egyetemen<\/a><\/li>\n<li><a href=\"https:\/\/semmelweis.hu\/rektori-hivatal\/files\/2013\/01\/Nftv_3_melleklet_IA_IB.pdf\" target=\"_blank\" rel=\"noopener noreferrer\">2011. \u00e9vi CCIV. t\u00f6rv\u00e9ny a nemzeti fels\u0151oktat\u00e1sr\u00f3l 3. sz. mell\u00e9klet I\/A-I\/B<\/a><\/li>\n<\/ul>\n<p style=\"text-align: justify\">4. Az Egyetem nyilv\u00e1nos kiadv\u00e1nyai, el\u00e9rhet\u0151s\u00e9ge<\/p>\n<ul style=\"text-align: justify\">\n<li><a href=\"https:\/\/semmelweis.hu\/marketing-kommunikacio\/ujsag\/\" target=\"_blank\" rel=\"noopener noreferrer\">A Semmelweis Egyetem hallgat\u00f3inak \u00e9s munkat\u00e1rsainak lapja<\/a><\/li>\n<li><a href=\"https:\/\/www.semmelweiskiado.hu\/letoltesek\" target=\"_blank\" rel=\"noopener noreferrer\">Egyetemi tan\u00e9vk\u00f6nyv<\/a><\/li>\n<\/ul>\n<p style=\"text-align: justify\">5. Az Egyetem honlapja \u00e9s h\u00edrport\u00e1l<\/p>\n<p style=\"text-align: justify\">6. Az Egyetem \u00e1ltal ki\u00edrt p\u00e1ly\u00e1zatok szakmai le\u00edr\u00e1sa, azok eredm\u00e9nyei \u00e9s indokol\u00e1suk<\/p>\n<p style=\"text-align: justify\">7. Az Egyetemn\u00e9l v\u00e9gzett alaptev\u00e9kenys\u00e9ggel kapcsolatos vizsg\u00e1latok, ellen\u0151rz\u00e9sek nyilv\u00e1nos meg\u00e1llap\u00edt\u00e1sai<\/p>\n<ul style=\"text-align: justify\">\n<li><a href=\"https:\/\/semmelweis.hu\/jogigfoig\/files\/2022\/11\/SE_ELLIG_2022.pdf\">2022. janu\u00e1r 1 \u2013 2022. szeptember 30.<\/a><\/li>\n<li><a href=\"https:\/\/semmelweis.hu\/jogigfoig\/files\/2023\/02\/SE_ELLIG_2022_II.pdf\">2022. okt\u00f3ber 1 \u2013 2022. december 31.<\/a><\/li>\n<li><a href=\"https:\/\/semmelweis.hu\/jogigfoig\/files\/2023\/06\/Altalanos_kozzeteteli_lista_Ell_Ig_2023_01_01_06_30.pdf\">2023. janu\u00e1r 1 \u2013 2023. j\u00fanius 30.<\/a><\/li>\n<li><a href=\"https:\/\/semmelweis.hu\/jogigfoig\/files\/2023\/11\/Altalanos_kozzeteteli_lista_Ell_Ig_2023_0701_1115.pdf\">2023. j\u00falius 1 \u2013 2023. november 15.<\/a><\/li>\n<li><a href=\"https:\/\/semmelweis.hu\/jogigfoig\/files\/2024\/03\/32141_KSELL_2024.pdf\">2023. november 16 \u2013 2023. december 31.<\/a><\/li>\n<li><a href=\"https:\/\/semmelweis.hu\/jogigfoig\/files\/2025\/03\/43828_KSELL_2025_Kozzetetel_.pdf\">2024. janu\u00e1r 1-2024. december 31.<\/a><\/li>\n<li><a href=\"https:\/\/semmelweis.hu\/jogigfoig\/files\/2026\/04\/43828_3_KSELL_2025_Kozzetetel.pdf\">2025. janu\u00e1r 1- 2025. okt\u00f3ber 31.<\/a><\/li>\n<\/ul>\n<p style=\"text-align: justify\">8. A k\u00f6z\u00e9rdek\u0171 adatok megismer\u00e9s\u00e9re ir\u00e1nyul\u00f3 ig\u00e9nyek int\u00e9z\u00e9s\u00e9nek rendje, az illet\u00e9kes szervezeti egys\u00e9g neve, el\u00e9rhet\u0151s\u00e9ge, s ahol kijel\u00f6l\u00e9sre ker\u00fcl, az adatv\u00e9delmi felel\u0151s, vagy az inform\u00e1ci\u00f3s jogokkal foglalkoz\u00f3 szem\u00e9ly neve<\/p>\n<p style=\"text-align: justify\">9. Az Egyetem tev\u00e9kenys\u00e9g\u00e9re vonatkoz\u00f3, jogszab\u00e1lyon alapul\u00f3 statisztikai adatgy\u0171jt\u00e9s eredm\u00e9nyei, id\u0151beli v\u00e1ltoz\u00e1suk<\/p>\n<p style=\"text-align: justify\">10. A k\u00f6z\u00e9rdek\u0171 adatokkal kapcsolatos k\u00f6telez\u0151 statisztikai adatszolg\u00e1ltat\u00e1s adott szervre vonatkoz\u00f3 adatai<\/p>\n<ul style=\"text-align: justify\">\n<li><a href=\"https:\/\/semmelweis.hu\/jogigfoig\/files\/2024\/11\/ADATLAP_2023.pdf\">2023. \u00e9v<\/a><\/li>\n<li><a href=\"https:\/\/semmelweis.hu\/jogigfoig\/files\/2025\/01\/ADATLAP_2024_0101_2024_1231.pdf\">2024. \u00e9v<\/a><\/li>\n<\/ul>\n<p style=\"text-align: justify\">11. Az Egyetemre vonatkoz\u00f3 k\u00fcl\u00f6n\u00f6s k\u00f6zz\u00e9t\u00e9teli lista<\/p>\n<p style=\"text-align: justify\">\n<\/div><h2 class=\"tabtitle\">Gazd\u00e1lkod\u00e1si <br \/>\nadatok<\/h2>\n<div class=\"tabcontent\">\n<\/p>\n<p style=\"text-align: justify\"><strong>III. Gazd\u00e1lkod\u00e1si adatok<\/strong><\/p>\n<p style=\"text-align: justify\"><a href=\"https:\/\/semmelweis.hu\/jogigfoig\/adatvedelem-betegjog\/kozerdeku-adatok-archivum\/altalanos-kozzeteteli-lista-archivum\/a-semmelweis-egyetem-eves-elemi-koltsegvetese-szamszaki-es-szoveges-beszamoloja-archivum\/\">1a. Az Egyetem \u00e9ves k\u00f6lts\u00e9gvet\u00e9se<\/a><\/p>\n<p style=\"text-align: justify\">1b. Az Egyetem \u00e9ves besz\u00e1mol\u00f3ja \u00e9s k\u00f6zhaszn\u00fas\u00e1gi mell\u00e9klete<\/p>\n<ul>\n<li><a href=\"https:\/\/semmelweis.hu\/jogigfoig\/files\/2024\/08\/SE-jelentes-es-beszamolo-2023_alairt.pdf\">\u00c9ves besz\u00e1mol\u00f3 \u2013 2023<\/a><\/li>\n<li><a href=\"https:\/\/semmelweis.hu\/jogigfoig\/files\/2025\/01\/1_-sz.-melleklet_Szakmai-beszamolo-2023-FINAL_.pdf\">\u00c9ves szakmai besz\u00e1mol\u00f3 \u2013 2023<\/a><\/li>\n<\/ul>\n<p style=\"text-align: justify\">2. Az Egyetemn\u00e9l foglalkoztatottak l\u00e9tsz\u00e1mra \u00e9s szem\u00e9lyi juttat\u00e1saira vonatkoz\u00f3 \u00f6sszes\u00edtett adatok, illetve \u00f6sszes\u00edtve a vezet\u0151k \u00e9s vezet\u0151 tiszts\u00e9gvisel\u0151k<br \/>\nilletm\u00e9nye, munkab\u00e9re, \u00e9s rendszeres juttat\u00e1sai, valamint k\u00f6lts\u00e9gt\u00e9r\u00edt\u00e9se, az egy\u00e9b alkalmazottaknak ny\u00fajtott juttat\u00e1sok fajt\u00e1ja \u00e9s m\u00e9rt\u00e9ke \u00f6sszes\u00edtve<\/p>\n<ul style=\"text-align: justify\">\n<li><a href=\"https:\/\/semmelweis.hu\/jogigfoig\/files\/2020\/07\/Kozzeteteli_2019.pdf\">2019. \u00e9v<\/a><\/li>\n<li><a href=\"https:\/\/semmelweis.hu\/jogigfoig\/files\/2022\/05\/Kozerdeku_2020.pdf\">2020. \u00e9v<\/a><\/li>\n<li><a href=\"https:\/\/semmelweis.hu\/jogigfoig\/files\/2022\/05\/Kozerdeku_2021.pdf\">2021. \u00e9v<\/a><\/li>\n<li><a href=\"https:\/\/semmelweis.hu\/jogigfoig\/files\/2023\/02\/Kozerdeku_2022_IV.pdf\">2022. \u00e9v<\/a><\/li>\n<li><a href=\"https:\/\/semmelweis.hu\/jogigfoig\/files\/2024\/05\/Kozerdeku_2023_IV.pdf\">2023. \u00e9v<\/a><\/li>\n<\/ul>\n<p style=\"text-align: justify\">3. Az Egyetem \u00e1ltal ny\u00fajtott, az \u00e1llamh\u00e1ztart\u00e1sr\u00f3l sz\u00f3l\u00f3 t\u00f6rv\u00e9ny szerinti k\u00f6lts\u00e9gvet\u00e9si t\u00e1mogat\u00e1sok kedvezm\u00e9nyezettjeinek nev\u00e9re, a t\u00e1mogat\u00e1s c\u00e9lj\u00e1ra, \u00f6sszeg\u00e9re, tov\u00e1bb\u00e1 a t\u00e1mogat\u00e1si program megval\u00f3s\u00edt\u00e1si hely\u00e9re vonatkoz\u00f3 adatok, kiv\u00e9ve, ha a k\u00f6zz\u00e9t\u00e9tel el\u0151tt a k\u00f6lts\u00e9gvet\u00e9si t\u00e1mogat\u00e1st visszavonj\u00e1k vagy arr\u00f3l a kedvezm\u00e9nyezett lemond (<em>Az Egyetem fenti jogc\u00edmeken nem ny\u00fajtott t\u00e1mogat\u00e1st<\/em>.)<\/p>\n<p style=\"text-align: justify\"><a href=\"https:\/\/semmelweis.hu\/jogigfoig\/adatvedelem-betegjog\/kozerdeku-adatok-archivum\/a-netto-5-millio-forintot-elero-vagy-meghalado-szerzodesek-a-semmelweis-egyetemen-archivum\/\">4. Az \u00e1llamh\u00e1ztart\u00e1s p\u00e9nzeszk\u00f6zei felhaszn\u00e1l\u00e1s\u00e1val, az \u00e1llamh\u00e1ztart\u00e1shoz tartoz\u00f3 vagyonnal t\u00f6rt\u00e9n\u0151 gazd\u00e1lkod\u00e1ssal \u00f6sszef\u00fcgg\u0151, \u00f6tmilli\u00f3 forintot el\u00e9r\u0151 vagy azt meghalad\u00f3 \u00e9rt\u00e9k\u0171 \u00e1rubeszerz\u00e9sre, \u00e9p\u00edt\u00e9si beruh\u00e1z\u00e1sra, szolg\u00e1ltat\u00e1s megrendel\u00e9sre, vagyon\u00e9rt\u00e9kes\u00edt\u00e9sre, vagyonhasznos\u00edt\u00e1sra, vagyon vagy vagyoni \u00e9rt\u00e9k\u0171 jog \u00e1tad\u00e1s\u00e1ra, valamint koncesszi\u00f3ba ad\u00e1sra vonatkoz\u00f3 szerz\u0151d\u00e9sek megnevez\u00e9se (t\u00edpusa), t\u00e1rgya, a szerz\u0151d\u00e9st k\u00f6t\u0151 felek neve, a szerz\u0151d\u00e9s \u00e9rt\u00e9ke, hat\u00e1rozott id\u0151re k\u00f6t\u00f6tt szerz\u0151d\u00e9s eset\u00e9ben annak id\u0151tartama, valamint az eml\u00edtett adatok v\u00e1ltoz\u00e1sai a min\u0151s\u00edtett adatok kiv\u00e9tel\u00e9vel. A szerz\u0151d\u00e9s \u00e9rt\u00e9ke alatt a szerz\u0151d\u00e9s t\u00e1rgy\u00e1\u00e9rt kik\u00f6t\u00f6tt &#8211; \u00e1ltal\u00e1nos forgalmi ad\u00f3 n\u00e9lk\u00fcl sz\u00e1m\u00edtott &#8211; ellenszolg\u00e1ltat\u00e1st kell \u00e9rteni, ingyenes \u00fcgylet eset\u00e9n a vagyon piaci vagy k\u00f6nyv szerinti \u00e9rt\u00e9ke k\u00f6z\u00fcl a magasabb \u00f6sszeget kell figyelembe venni. Az id\u0151szakonk\u00e9nt visszat\u00e9r\u0151 &#8211; egy \u00e9vn\u00e9l hosszabb id\u0151tartamra k\u00f6t\u00f6tt &#8211; szerz\u0151d\u00e9sekn\u00e9l az \u00e9rt\u00e9k kisz\u00e1m\u00edt\u00e1sakor az ellenszolg\u00e1ltat\u00e1s egy \u00e9vre sz\u00e1m\u00edtott \u00f6sszeg\u00e9t kell alapul venni. Az egy k\u00f6lts\u00e9gvet\u00e9si \u00e9vben ugyanazon szerz\u0151d\u0151 f\u00e9llel k\u00f6t\u00f6tt azonos t\u00e1rgy\u00fa szerz\u0151d\u00e9sek \u00e9rt\u00e9k\u00e9t egybe kell sz\u00e1m\u00edtani.<\/a><\/p>\n<ul style=\"text-align: justify\">\n<li>\n<div style=\"text-align: justify\"><a href=\"https:\/\/semmelweis.hu\/jogigfoig\/adatvedelem-betegjog\/kozerdeku-adatok-archivum\/beszerzesi-igazgatosag-altal-lefolytatott-kozbeszerzesi-eljarasok-eredmenyekeppen-kotott-szerzodesek-amelyek-erteke-a-netto-otmillio-forintot-eleri-vagy-meghaladja-archivum\/\">Beszerz\u00e9si Igazgat\u00f3s\u00e1g \u00e1ltal lefolytatott (k\u00f6z)beszerz\u00e9si elj\u00e1r\u00e1sok eredm\u00e9nyek\u00e9ppen k\u00f6t\u00f6tt szerz\u0151d\u00e9sek, amelyek \u00e9rt\u00e9ke a nett\u00f3 \u00f6tmilli\u00f3 forintot el\u00e9ri, vagy meghaladja<\/a><\/div>\n<\/li>\n<\/ul>\n<p style=\"text-align: justify\">5. Az Egyetem \u00e1ltal nem alapfeladatai ell\u00e1t\u00e1s\u00e1ra (\u00edgy k\u00fcl\u00f6n\u00f6sen egyes\u00fclet t\u00e1mogat\u00e1s\u00e1ra, foglalkoztatottjai szakmai \u00e9s munkav\u00e1llal\u00f3i \u00e9rdek-k\u00e9pviseleti szervei sz\u00e1m\u00e1ra, foglalkoztatottjai, ell\u00e1tottjai betegei oktat\u00e1si, kultur\u00e1lis, szoci\u00e1lis \u00e9s sporttev\u00e9kenys\u00e9get seg\u00edt\u0151 szervezet t\u00e1mogat\u00e1s\u00e1ra, alap\u00edtv\u00e1nyok \u00e1ltal ell\u00e1tott feladatokkal \u00f6sszef\u00fcgg\u0151 kifizet\u00e9sre) ford\u00edtott, \u00f6tmilli\u00f3 forintot meghalad\u00f3 kifizet\u00e9sek\u00a0(<em>Az Egyetem fenti jogc\u00edmeken nem ny\u00fajtott t\u00e1mogat\u00e1st<\/em>.)<\/p>\n<p style=\"text-align: justify\">6. <a href=\"https:\/\/semmelweis.hu\/jogigfoig\/files\/2025\/10\/Adatszolgaltatas-tabla-2025_3-negyedev.pdf\">Az Eur\u00f3pai Uni\u00f3 t\u00e1mogat\u00e1s\u00e1val megval\u00f3sul\u00f3 fejleszt\u00e9sek le\u00edr\u00e1sa, az azokra vonatkoz\u00f3 szerz\u0151d\u00e9se <\/a><\/p>\n<p style=\"text-align: justify\">7. K\u00f6zbeszerz\u00e9si inform\u00e1ci\u00f3k (\u00e9ves terv, \u00f6sszegz\u00e9s az aj\u00e1nlatok elb\u00edr\u00e1l\u00e1s\u00e1r\u00f3l, a megk\u00f6t\u00f6tt szerz\u0151d\u00e9sekr\u0151l)<\/p>\n<ul style=\"text-align: justify\">\n<li><a href=\"https:\/\/semmelweis.hu\/rektori-hivatal\/files\/2012\/11\/K%C3%B6zbeszerz%C3%A9si-terv_2012.xls\" target=\"_blank\" rel=\"noopener noreferrer\">2012. \u00e9vi K\u00f6zbeszerz\u00e9si terv<\/a><\/li>\n<li><a href=\"https:\/\/semmelweis.hu\/rektori-hivatal\/files\/2013\/04\/2013.-%C3%A9v-K%C3%B6zbeszerz%C3%A9si-terv-m%C3%B3dos%C3%ADtott.pdf\" target=\"_blank\" rel=\"noopener noreferrer\">2013. \u00e9vi K\u00f6zbeszerz\u00e9si terv<\/a><\/li>\n<li><a href=\"https:\/\/semmelweis.hu\/jogigfoig\/files\/2014\/04\/Kozbeszerzesi_terv_2014.pdf\" target=\"_blank\" rel=\"noopener noreferrer\">2014. \u00e9vi K\u00f6zbeszerz\u00e9si terv<\/a><\/li>\n<li><a href=\"https:\/\/semmelweis.hu\/jogigfoig\/files\/2015\/10\/Semmelweis_Egyetem_Kozbeszerzesi_Terve_2015.pdf\" target=\"_blank\" rel=\"noopener noreferrer\">2015. \u00e9vi K\u00f6zbeszerz\u00e9si terv<\/a>\n<ul>\n<li><a href=\"https:\/\/semmelweis.hu\/jogigfoig\/files\/2015\/10\/SE_Kozbeszerzesi_Terv_2015_1_sz_modositas.pdf\" target=\"_blank\" rel=\"noopener noreferrer\">1. sz. m\u00f3dos\u00edt\u00e1s<\/a><\/li>\n<li><a href=\"https:\/\/semmelweis.hu\/jogigfoig\/files\/2015\/10\/SE_Kozbeszerzesi_Terv_2015_2_sz_modositas.pdf\" target=\"_blank\" rel=\"noopener noreferrer\">2. sz. m\u00f3dos\u00edt\u00e1s<\/a><\/li>\n<\/ul>\n<\/li>\n<\/ul>\n<p style=\"text-align: justify\"><\/div><\/div><\/p>\n","protected":false},"excerpt":{"rendered":"<p>I. Szervezeti, szem\u00e9lyzeti adatok 1. Az Egyetem hivatalos neve (magyar mellett angol \u00e9s n\u00e9met nyelven), sz\u00e9khelye, postai c\u00edme (levelez\u00e9si c\u00edm \u00e9s postafi\u00f3k), telefonsz\u00e1ma, elektronikus lev\u00e9lc\u00edme (Hivatali Kapu), honlap URL-ja 2. Az Egyetem szervezeti fel\u00e9p\u00edt\u00e9se a szervezeti egys\u00e9gek megjel\u00f6l\u00e9s\u00e9vel, az egyes szervezeti egys\u00e9gek feladatai 3. Az Egyetem vezet\u0151inek \u00e9s az egyes szervezeti egys\u00e9gek vezet\u0151inek neve, beoszt\u00e1sa, &hellip;<\/p>\n","protected":false},"author":101467,"featured_media":0,"parent":932,"menu_order":0,"comment_status":"closed","ping_status":"closed","template":"","meta":{"_acf_changed":false,"footnotes":""},"categories":[],"tags":[],"class_list":["post-86463","page","type-page","status-publish","hentry"],"acf":[],"_links":{"self":[{"href":"https:\/\/semmelweis.hu\/jogigfoig\/wp-json\/wp\/v2\/pages\/86463","targetHints":{"allow":["GET"]}}],"collection":[{"href":"https:\/\/semmelweis.hu\/jogigfoig\/wp-json\/wp\/v2\/pages"}],"about":[{"href":"https:\/\/semmelweis.hu\/jogigfoig\/wp-json\/wp\/v2\/types\/page"}],"author":[{"embeddable":true,"href":"https:\/\/semmelweis.hu\/jogigfoig\/wp-json\/wp\/v2\/users\/101467"}],"replies":[{"embeddable":true,"href":"https:\/\/semmelweis.hu\/jogigfoig\/wp-json\/wp\/v2\/comments?post=86463"}],"version-history":[{"count":10,"href":"https:\/\/semmelweis.hu\/jogigfoig\/wp-json\/wp\/v2\/pages\/86463\/revisions"}],"predecessor-version":[{"id":106528,"href":"https:\/\/semmelweis.hu\/jogigfoig\/wp-json\/wp\/v2\/pages\/86463\/revisions\/106528"}],"up":[{"embeddable":true,"href":"https:\/\/semmelweis.hu\/jogigfoig\/wp-json\/wp\/v2\/pages\/932"}],"wp:attachment":[{"href":"https:\/\/semmelweis.hu\/jogigfoig\/wp-json\/wp\/v2\/media?parent=86463"}],"wp:term":[{"taxonomy":"category","embeddable":true,"href":"https:\/\/semmelweis.hu\/jogigfoig\/wp-json\/wp\/v2\/categories?post=86463"},{"taxonomy":"post_tag","embeddable":true,"href":"https:\/\/semmelweis.hu\/jogigfoig\/wp-json\/wp\/v2\/tags?post=86463"}],"curies":[{"name":"wp","href":"https:\/\/api.w.org\/{rel}","templated":true}]}}