{"id":86449,"date":"2023-01-27T12:39:24","date_gmt":"2023-01-27T11:39:24","guid":{"rendered":"https:\/\/semmelweis.hu\/jogigfoig\/?page_id=86449"},"modified":"2023-01-27T12:39:45","modified_gmt":"2023-01-27T11:39:45","slug":"2023-januar-26","status":"publish","type":"page","link":"https:\/\/semmelweis.hu\/jogigfoig\/testuletek\/szenatus\/2023-evi-szenatusi-hatarozatok\/2023-januar-26\/","title":{"rendered":"2023. janu\u00e1r 26."},"content":{"rendered":"<p><a href=\"https:\/\/semmelweis.hu\/jogigfoig\/files\/2023\/01\/1_2023_a-Semmelweis-Egyetem-rektorjeloltjenek-megvalasztasarol.pdf\">A Semmelweis Egyetem Szen\u00e1tus\u00e1nak 1\/2023 (I.26.) sz\u00e1m\u00fa hat\u00e1rozata a Semmelweis Egyetem rektorjel\u00f6ltj\u00e9nek megv\u00e1laszt\u00e1s\u00e1r\u00f3l<\/a><\/p>\n","protected":false},"excerpt":{"rendered":"<p><a href=\"https:\/\/semmelweis.hu\/jogigfoig\/files\/2023\/01\/1_2023_a-Semmelweis-Egyetem-rektorjeloltjenek-megvalasztasarol.pdf\">A Semmelweis Egyetem Szen\u00e1tus\u00e1nak 1\/2023 (I.26.) sz\u00e1m\u00fa hat\u00e1rozata a Semmelweis Egyetem rektorjel\u00f6ltj\u00e9nek megv\u00e1laszt\u00e1s\u00e1r\u00f3l<\/a><\/p>\n","protected":false},"author":101467,"featured_media":0,"parent":86448,"menu_order":0,"comment_status":"closed","ping_status":"closed","template":"","meta":{"_acf_changed":false,"footnotes":""},"categories":[],"tags":[],"class_list":["post-86449","page","type-page","status-publish","hentry"],"acf":[],"_links":{"self":[{"href":"https:\/\/semmelweis.hu\/jogigfoig\/wp-json\/wp\/v2\/pages\/86449","targetHints":{"allow":["GET"]}}],"collection":[{"href":"https:\/\/semmelweis.hu\/jogigfoig\/wp-json\/wp\/v2\/pages"}],"about":[{"href":"https:\/\/semmelweis.hu\/jogigfoig\/wp-json\/wp\/v2\/types\/page"}],"author":[{"embeddable":true,"href":"https:\/\/semmelweis.hu\/jogigfoig\/wp-json\/wp\/v2\/users\/101467"}],"replies":[{"embeddable":true,"href":"https:\/\/semmelweis.hu\/jogigfoig\/wp-json\/wp\/v2\/comments?post=86449"}],"version-history":[{"count":1,"href":"https:\/\/semmelweis.hu\/jogigfoig\/wp-json\/wp\/v2\/pages\/86449\/revisions"}],"predecessor-version":[{"id":86452,"href":"https:\/\/semmelweis.hu\/jogigfoig\/wp-json\/wp\/v2\/pages\/86449\/revisions\/86452"}],"up":[{"embeddable":true,"href":"https:\/\/semmelweis.hu\/jogigfoig\/wp-json\/wp\/v2\/pages\/86448"}],"wp:attachment":[{"href":"https:\/\/semmelweis.hu\/jogigfoig\/wp-json\/wp\/v2\/media?parent=86449"}],"wp:term":[{"taxonomy":"category","embeddable":true,"href":"https:\/\/semmelweis.hu\/jogigfoig\/wp-json\/wp\/v2\/categories?post=86449"},{"taxonomy":"post_tag","embeddable":true,"href":"https:\/\/semmelweis.hu\/jogigfoig\/wp-json\/wp\/v2\/tags?post=86449"}],"curies":[{"name":"wp","href":"https:\/\/api.w.org\/{rel}","templated":true}]}}