{"id":86448,"date":"2023-01-27T12:39:10","date_gmt":"2023-01-27T11:39:10","guid":{"rendered":"https:\/\/semmelweis.hu\/jogigfoig\/?page_id=86448"},"modified":"2025-09-29T14:27:16","modified_gmt":"2025-09-29T12:27:16","slug":"2023-evi-szenatusi-hatarozatok","status":"publish","type":"page","link":"https:\/\/semmelweis.hu\/jogigfoig\/testuletek\/szenatus\/2023-evi-szenatusi-hatarozatok\/","title":{"rendered":"2023. \u00e9vi Szen\u00e1tusi hat\u00e1rozatok"},"content":{"rendered":"<ul>\n<li><a href=\"https:\/\/semmelweis.hu\/jogigfoig\/testuletek\/szenatus\/2023-evi-szenatusi-hatarozatok\/2023-januar-26\/\">2023. janu\u00e1r 26.<\/a><\/li>\n<li><a href=\"https:\/\/semmelweis.hu\/jogigfoig\/testuletek\/szenatus\/2023-evi-szenatusi-hatarozatok\/2023-februar-9\/\">2023. febru\u00e1r 9.<\/a><\/li>\n<li><a href=\"https:\/\/semmelweis.hu\/jogigfoig\/testuletek\/szenatus\/2023-evi-szenatusi-hatarozatok\/2023-marcius-30\/\">2023. m\u00e1rcius 30.<\/a><\/li>\n<li><a href=\"https:\/\/semmelweis.hu\/jogigfoig\/testuletek\/szenatus\/2023-evi-szenatusi-hatarozatok\/2023-aprilis-24\/\">2023. \u00e1prilis 24.<\/a><\/li>\n<li><a href=\"https:\/\/semmelweis.hu\/jogigfoig\/testuletek\/szenatus\/2023-evi-szenatusi-hatarozatok\/2023-majus-25\/\">2023. m\u00e1jus 25.<\/a><\/li>\n<li><a href=\"https:\/\/semmelweis.hu\/jogigfoig\/testuletek\/szenatus\/2023-evi-szenatusi-hatarozatok\/2023-junius-29\/\">2023. j\u00fanius 29.<\/a><\/li>\n<li><a href=\"https:\/\/semmelweis.hu\/jogigfoig\/testuletek\/szenatus\/2023-evi-szenatusi-hatarozatok\/2023-augusztus-31\/\">2023. augusztus 31.<\/a><\/li>\n<li><a href=\"https:\/\/semmelweis.hu\/jogigfoig\/testuletek\/szenatus\/2023-evi-szenatusi-hatarozatok\/2023-szeptember-22\/\">2023. szeptember 22.<\/a><\/li>\n<li><a href=\"https:\/\/semmelweis.hu\/jogigfoig\/testuletek\/szenatus\/2023-evi-szenatusi-hatarozatok\/2023-oktober-5\/\">2023. okt\u00f3ber 5.<\/a><\/li>\n<li><a href=\"https:\/\/semmelweis.hu\/jogigfoig\/testuletek\/szenatus\/2023-evi-szenatusi-hatarozatok\/2023-oktober-26\/\">2023. okt\u00f3ber 26.<\/a><\/li>\n<li><a href=\"https:\/\/semmelweis.hu\/jogigfoig\/testuletek\/szenatus\/2023-evi-szenatusi-hatarozatok\/2023-november-30\/\">2023. november 30.<\/a><\/li>\n<li><a href=\"https:\/\/semmelweis.hu\/jogigfoig\/testuletek\/szenatus\/2023-evi-szenatusi-hatarozatok\/2023-12-12\/\">2023. december 12.<\/a><\/li>\n<li><a href=\"https:\/\/semmelweis.hu\/jogigfoig\/testuletek\/szenatus\/2023-evi-szenatusi-hatarozatok\/2023-december-18\/\">2023. december 18.<\/a><\/li>\n<\/ul>\n","protected":false},"excerpt":{"rendered":"<p><a href=\"https:\/\/semmelweis.hu\/jogigfoig\/testuletek\/szenatus\/2023-evi-szenatusi-hatarozatok\/2023-januar-26\/\">2023. janu\u00e1r 26.<\/a><br \/>\n<a href=\"https:\/\/semmelweis.hu\/jogigfoig\/testuletek\/szenatus\/2023-evi-szenatusi-hatarozatok\/2023-februar-9\/\">2023. febru\u00e1r 9.<\/a><br \/>\n<a href=\"https:\/\/semmelweis.hu\/jogigfoig\/testuletek\/szenatus\/2023-evi-szenatusi-hatarozatok\/2023-marcius-30\/\">2023. m\u00e1rcius 30.<\/a><br \/>\n<a href=\"https:\/\/semmelweis.hu\/jogigfoig\/testuletek\/szenatus\/2023-evi-szenatusi-hatarozatok\/2023-aprilis-24\/\">2023. \u00e1prilis 24.<\/a><br \/>\n<a href=\"https:\/\/semmelweis.hu\/jogigfoig\/testuletek\/szenatus\/2023-evi-szenatusi-hatarozatok\/2023-majus-25\/\">2023. m\u00e1jus 25.<\/a><br \/>\n<a href=\"https:\/\/semmelweis.hu\/jogigfoig\/testuletek\/szenatus\/2023-evi-szenatusi-hatarozatok\/2023-junius-29\/\">2023. j\u00fanius 29.<\/a><br \/>\n<a href=\"https:\/\/semmelweis.hu\/jogigfoig\/testuletek\/szenatus\/2023-evi-szenatusi-hatarozatok\/2023-augusztus-31\/\">2023. augusztus 31.<\/a><br \/>\n<a href=\"https:\/\/semmelweis.hu\/jogigfoig\/testuletek\/szenatus\/2023-evi-szenatusi-hatarozatok\/2023-szeptember-22\/\">2023. szeptember 22.<\/a><br \/>\n<a href=\"https:\/\/semmelweis.hu\/jogigfoig\/testuletek\/szenatus\/2023-evi-szenatusi-hatarozatok\/2023-oktober-5\/\">2023. okt\u00f3ber 5.<\/a><br \/>\n<a href=\"https:\/\/semmelweis.hu\/jogigfoig\/testuletek\/szenatus\/2023-evi-szenatusi-hatarozatok\/2023-oktober-26\/\">2023. okt\u00f3ber 26.<\/a><br \/>\n<a href=\"https:\/\/semmelweis.hu\/jogigfoig\/testuletek\/szenatus\/2023-evi-szenatusi-hatarozatok\/2023-november-30\/\">2023. november 30.<\/a><br \/>\n<a href=\"https:\/\/semmelweis.hu\/jogigfoig\/testuletek\/szenatus\/2023-evi-szenatusi-hatarozatok\/2023-12-12\/\">2023. december 12.<\/a><br \/>\n<a href=\"https:\/\/semmelweis.hu\/jogigfoig\/testuletek\/szenatus\/2023-evi-szenatusi-hatarozatok\/2023-december-18\/\">2023. december 18.<\/a><\/p>\n","protected":false},"author":101467,"featured_media":0,"parent":43,"menu_order":87,"comment_status":"closed","ping_status":"closed","template":"","meta":{"_acf_changed":false,"footnotes":""},"categories":[],"tags":[],"class_list":["post-86448","page","type-page","status-publish","hentry"],"acf":[],"_links":{"self":[{"href":"https:\/\/semmelweis.hu\/jogigfoig\/wp-json\/wp\/v2\/pages\/86448","targetHints":{"allow":["GET"]}}],"collection":[{"href":"https:\/\/semmelweis.hu\/jogigfoig\/wp-json\/wp\/v2\/pages"}],"about":[{"href":"https:\/\/semmelweis.hu\/jogigfoig\/wp-json\/wp\/v2\/types\/page"}],"author":[{"embeddable":true,"href":"https:\/\/semmelweis.hu\/jogigfoig\/wp-json\/wp\/v2\/users\/101467"}],"replies":[{"embeddable":true,"href":"https:\/\/semmelweis.hu\/jogigfoig\/wp-json\/wp\/v2\/comments?post=86448"}],"version-history":[{"count":11,"href":"https:\/\/semmelweis.hu\/jogigfoig\/wp-json\/wp\/v2\/pages\/86448\/revisions"}],"predecessor-version":[{"id":88853,"href":"https:\/\/semmelweis.hu\/jogigfoig\/wp-json\/wp\/v2\/pages\/86448\/revisions\/88853"}],"up":[{"embeddable":true,"href":"https:\/\/semmelweis.hu\/jogigfoig\/wp-json\/wp\/v2\/pages\/43"}],"wp:attachment":[{"href":"https:\/\/semmelweis.hu\/jogigfoig\/wp-json\/wp\/v2\/media?parent=86448"}],"wp:term":[{"taxonomy":"category","embeddable":true,"href":"https:\/\/semmelweis.hu\/jogigfoig\/wp-json\/wp\/v2\/categories?post=86448"},{"taxonomy":"post_tag","embeddable":true,"href":"https:\/\/semmelweis.hu\/jogigfoig\/wp-json\/wp\/v2\/tags?post=86448"}],"curies":[{"name":"wp","href":"https:\/\/api.w.org\/{rel}","templated":true}]}}