{"id":85974,"date":"2022-12-21T12:03:00","date_gmt":"2022-12-21T11:03:00","guid":{"rendered":"https:\/\/semmelweis.hu\/jogigfoig\/?page_id=85974"},"modified":"2023-01-11T14:17:35","modified_gmt":"2023-01-11T13:17:35","slug":"2022-december-19","status":"publish","type":"page","link":"https:\/\/semmelweis.hu\/jogigfoig\/testuletek\/szenatus\/2022-evi-szenatusi-hatarozatok\/2022-december-19\/","title":{"rendered":"2022. december 19."},"content":{"rendered":"<p style=\"text-align: justify\"><a href=\"https:\/\/semmelweis.hu\/jogigfoig\/files\/2022\/12\/N_11_2022_hatarozat.pdf\">A Semmelweis Egyetem Szen\u00e1tus\u00e1nak N-11.2022 (XII.19) sz\u00e1m\u00fa hat\u00e1rozata a szen\u00e1tusi \u00fcl\u00e9s napirendj\u00e9r\u0151l<\/a><\/p>\n<p style=\"text-align: justify\"><a href=\"https:\/\/semmelweis.hu\/jogigfoig\/files\/2022\/12\/101_2022_a-Klinikai-Kozpont-gyermekgyogyaszati-es-pankreasz-betegeket-ellato-szervezeti-egysegeinek-strukturalis-valtozasairol.pdf\">A Semmelweis Egyetem Szen\u00e1tus\u00e1nak 101\/2022. (XII.19.) sz\u00e1m\u00fa hat\u00e1rozata a Klinikai K\u00f6zpont gyermekgy\u00f3gy\u00e1szati \u00e9s pankre\u00e1sz betegeket ell\u00e1t\u00f3 szervezeti egys\u00e9geinek struktur\u00e1lis v\u00e1ltoz\u00e1sair\u00f3l<\/a><\/p>\n<p style=\"text-align: justify\"><a href=\"https:\/\/semmelweis.hu\/jogigfoig\/files\/2022\/12\/102_2022_2023-evi-Intezmenyi-koltsegvetes.pdf\">A Semmelweis Egyetem Szen\u00e1tus\u00e1nak 102\/2022. (XII.19.) sz\u00e1m\u00fa hat\u00e1rozata a 2023. \u00e9vi Int\u00e9zm\u00e9nyi k\u00f6lts\u00e9gvet\u00e9sr\u0151l<\/a><\/p>\n<p style=\"text-align: justify\"><a href=\"https:\/\/semmelweis.hu\/jogigfoig\/files\/2022\/12\/102_2022_2_melleklet-1a_-2023-evi-Intezmenyi-koltsegvetese.pdf\">A Semmelweis Egyetem Szen\u00e1tus\u00e1nak 102\/2022. (XII.19.) sz\u00e1m\u00fa hat\u00e1rozata a 2023. \u00e9vi Int\u00e9zm\u00e9nyi k\u00f6lts\u00e9gvet\u00e9sr\u0151l &#8211; 1. a) sz\u00e1m\u00fa mell\u00e9klet &#8211; Int\u00e9zm\u00e9nyi K\u00f6lts\u00e9gvet\u00e9s<\/a><\/p>\n<p style=\"text-align: justify\"><a href=\"https:\/\/semmelweis.hu\/jogigfoig\/files\/2022\/12\/102_2022_2_melleklet-1b_2023-Mukodesi-koltsegvetes.pdf\">A Semmelweis Egyetem Szen\u00e1tus\u00e1nak 102\/2022. (XII.19.) sz\u00e1m\u00fa hat\u00e1rozata a 2023. \u00e9vi Int\u00e9zm\u00e9nyi k\u00f6lts\u00e9gvet\u00e9sr\u0151l &#8211; 1. b) sz\u00e1m\u00fa mell\u00e9klet &#8211; M\u0171k\u00f6d\u00e9si K\u00f6lts\u00e9gvet\u00e9s<\/a><\/p>\n<p style=\"text-align: justify\"><a href=\"https:\/\/semmelweis.hu\/jogigfoig\/files\/2022\/12\/102_2022_2_melleklet-1c_2023-Palyazati-koltsegvetes.pdf\">A Semmelweis Egyetem Szen\u00e1tus\u00e1nak 102\/2022. (XII.19.) sz\u00e1m\u00fa hat\u00e1rozata a 2023. \u00e9vi Int\u00e9zm\u00e9nyi k\u00f6lts\u00e9gvet\u00e9sr\u0151l &#8211; 1. c) sz\u00e1m\u00fa mell\u00e9klet &#8211; P\u00e1ly\u00e1zati K\u00f6lts\u00e9gvet\u00e9s<\/a><\/p>\n<p style=\"text-align: justify\"><a href=\"https:\/\/semmelweis.hu\/jogigfoig\/files\/2022\/12\/102_2022_2_melleklet-2_Semmelweis-Egyetem-2023.-evi-felujitasi-terve.pdf\">A Semmelweis Egyetem Szen\u00e1tus\u00e1nak 102\/2022. (XII.19.) sz\u00e1m\u00fa hat\u00e1rozata a 2023. \u00e9vi Int\u00e9zm\u00e9nyi k\u00f6lts\u00e9gvet\u00e9sr\u0151l &#8211; 2. sz\u00e1m\u00fa mell\u00e9klet &#8211; a Semmelweis Egyetem Fel\u00faj\u00edt\u00e1si Terve<\/a><\/p>\n<p style=\"text-align: justify\"><a href=\"https:\/\/semmelweis.hu\/jogigfoig\/files\/2022\/12\/102_2022_2_melleklet-3_Megallapodas-a-belso-transzferekrol.pdf\">A Semmelweis Egyetem Szen\u00e1tus\u00e1nak 102\/2022. (XII.19.) sz\u00e1m\u00fa hat\u00e1rozata a 2023. \u00e9vi Int\u00e9zm\u00e9nyi k\u00f6lts\u00e9gvet\u00e9sr\u0151l &#8211; 3. sz\u00e1m\u00fa mell\u00e9klet &#8211; Meg\u00e1llapod\u00e1s Bels\u0151 Transzferekr\u0151l<\/a><\/p>\n<p style=\"text-align: justify\"><a href=\"https:\/\/semmelweis.hu\/jogigfoig\/files\/2022\/12\/102_2022_2_melleklet-4_2023-evi-vezetoi-koltsegvetes.pdf\">A Semmelweis Egyetem Szen\u00e1tus\u00e1nak 102\/2022. (XII.19.) sz\u00e1m\u00fa hat\u00e1rozata a 2023. \u00e9vi Int\u00e9zm\u00e9nyi k\u00f6lts\u00e9gvet\u00e9sr\u0151l &#8211; 4. sz\u00e1m\u00fa mell\u00e9klet &#8211; 2023 \u00e9vi Vezet\u0151i K\u00f6lts\u00e9gvet\u00e9s<\/a><\/p>\n<p style=\"text-align: justify\"><a href=\"https:\/\/semmelweis.hu\/jogigfoig\/files\/2022\/12\/103_2022_2022-2026-os-idoszakra-vonatkozo-Vagyongazdalkodasi-terv.pdf\">A Semmelweis Egyetem Szen\u00e1tus\u00e1nak 103\/2022. (XII.19.) sz\u00e1m\u00fa hat\u00e1rozata a Semmelweis Egyetem 2022-2026-os id\u0151szakra vonatkoz\u00f3 Vagyongazd\u00e1lkod\u00e1si Terv\u00e9r\u0151l<\/a><\/p>\n<p style=\"text-align: justify\"><a href=\"https:\/\/semmelweis.hu\/jogigfoig\/files\/2022\/12\/103_2022_Melleklet.pdf\">A Semmelweis Egyetem Szen\u00e1tus\u00e1nak 103\/2022. (XII.19.) sz\u00e1m\u00fa hat\u00e1rozata a Semmelweis Egyetem 2022-2026-os id\u0151szakra vonatkoz\u00f3 Vagyongazd\u00e1lkod\u00e1si Terv\u00e9r\u0151l &#8211; 1. sz\u00e1m\u00fa mell\u00e9klet &#8211;\u00a0 Vagyongazd\u00e1lkod\u00e1si Terv<\/a><\/p>\n<p style=\"text-align: justify\"><a href=\"https:\/\/semmelweis.hu\/jogigfoig\/files\/2022\/12\/104_2022_SzMSz-modositas.pdf\">A Semmelweis Egyetem Szen\u00e1tus\u00e1nak 104\/2022. (XII.19.) sz\u00e1m\u00fa hat\u00e1rozata a Szervezeti \u00e9s M\u0171k\u00f6d\u00e9si Szab\u00e1lyzat egyes rendelkez\u00e9seinek m\u00f3dos\u00edt\u00e1s\u00e1r\u00f3l<\/a><\/p>\n<p style=\"text-align: justify\"><a href=\"https:\/\/semmelweis.hu\/jogigfoig\/files\/2022\/12\/104_2022_melleklet.pdf\">A Semmelweis Egyetem Szen\u00e1tus\u00e1nak 104\/2022. (XII.19.) sz\u00e1m\u00fa hat\u00e1rozata a Szervezeti \u00e9s M\u0171k\u00f6d\u00e9si Szab\u00e1lyzat egyes rendelkez\u00e9seinek m\u00f3dos\u00edt\u00e1s\u00e1r\u00f3l &#8211; 1. sz\u00e1m\u00fa mell\u00e9klet<\/a><\/p>\n<p style=\"text-align: justify\"><a href=\"https:\/\/semmelweis.hu\/jogigfoig\/files\/2022\/12\/105_2022_Habilitacios-Bizottsag-szemelyi-osszetetel.pdf\">A Semmelweis Egyetem Szen\u00e1tus\u00e1nak 105\/2022. (XII.19.) sz\u00e1m\u00fa hat\u00e1rozata a Habilit\u00e1ci\u00f3s Bizotts\u00e1g szem\u00e9lyi \u00f6sszet\u00e9tel\u00e9r\u0151l<\/a><\/p>\n<p style=\"text-align: justify\"><a href=\"https:\/\/semmelweis.hu\/jogigfoig\/files\/2022\/12\/106_2022_Doktori-Szabalyzat-modositas.pdf\">A Semmelweis Egyetem Szen\u00e1tus\u00e1nak 106\/2022. (XII.19.) sz\u00e1m\u00fa hat\u00e1rozata a Doktori Szab\u00e1lyzat m\u00f3dos\u00edt\u00e1s\u00e1r\u00f3l<\/a><\/p>\n<p style=\"text-align: justify\"><a href=\"https:\/\/semmelweis.hu\/jogigfoig\/files\/2022\/12\/107_2022_Szabalyzatok-Konyve-IV.-utem-1.pdf\">A Semmelweis Egyetem Szen\u00e1tus\u00e1nak 107\/2022. (XII.19.) sz\u00e1m\u00fa hat\u00e1rozata a Szab\u00e1lyzatok k\u00f6nyve IV. \u00fctemr\u0151l<\/a><\/p>\n<p style=\"text-align: justify\"><a href=\"https:\/\/semmelweis.hu\/jogigfoig\/files\/2022\/12\/107_2022_1_melleklet_Eselyegyenlosegi_szabalyzat.pdf\">A Semmelweis Egyetem Szen\u00e1tus\u00e1nak A Semmelweis Egyetem Szen\u00e1tus\u00e1nak 107\/2022. (XII.19.) sz\u00e1m\u00fa hat\u00e1rozata a Szab\u00e1lyzatok k\u00f6nyve IV. \u00fctemr\u0151l &#8211; 1. sz\u00e1m\u00fa mell\u00e9klet &#8211; Es\u00e9lyegyenl\u0151s\u00e9gi szab\u00e1lyzat<\/a><\/p>\n<p style=\"text-align: justify\"><a href=\"https:\/\/semmelweis.hu\/jogigfoig\/files\/2022\/12\/107_2022_2_melleklet_Kotelezettsegvallalasi_szabalyzat.pdf\">A Semmelweis Egyetem Szen\u00e1tus\u00e1nak 107\/2022. (XII.19.) sz\u00e1m\u00fa hat\u00e1rozata a Szab\u00e1lyzatok k\u00f6nyve IV. \u00fctemr\u0151l &#8211; 2. sz\u00e1m\u00fa mell\u00e9klet &#8211; K\u00f6telezetts\u00e9gv\u00e1llal\u00e1si szab\u00e1lyzat<\/a><\/p>\n<p style=\"text-align: justify\"><a href=\"https:\/\/semmelweis.hu\/jogigfoig\/files\/2022\/12\/107_2022_3_melleklet_Helyiseggazdalkodasi_szabalyzat.pdf\">A Semmelweis Egyetem Szen\u00e1tus\u00e1nak 107\/2022. (XII.19.) sz\u00e1m\u00fa hat\u00e1rozata a Szab\u00e1lyzatok k\u00f6nyve IV. \u00fctemr\u0151l &#8211; 3. sz\u00e1m\u00fa mell\u00e9klet &#8211; Helyis\u00e9ggazd\u00e1lkod\u00e1si szab\u00e1lyzat<\/a><\/p>\n<p style=\"text-align: justify\"><a href=\"https:\/\/semmelweis.hu\/jogigfoig\/files\/2022\/12\/107_2022_4_melleklet_I_Konyv_Adatvedelmi_szabalyzat.pdf\">A Semmelweis Egyetem Szen\u00e1tus\u00e1nak 107\/2022. (XII.19.) sz\u00e1m\u00fa hat\u00e1rozata a Szab\u00e1lyzatok k\u00f6nyve IV. \u00fctemr\u0151l &#8211; 4. sz\u00e1m\u00fa mell\u00e9klet &#8211; Adatv\u00e9delmi \u00e9s k\u00f6zz\u00e9t\u00e9teli szab\u00e1lyzat &#8211; I. K\u00f6nyv &#8211; Adatv\u00e9delmi szab\u00e1lyzat<\/a><\/p>\n<p style=\"text-align: justify\"><a href=\"https:\/\/semmelweis.hu\/jogigfoig\/files\/2022\/12\/107_2022_4_melleklet_II_Konyv_Kozzeteteli_szabalyzat.pdf\">A Semmelweis Egyetem Szen\u00e1tus\u00e1nak 107\/2022. (XII.19.) sz\u00e1m\u00fa hat\u00e1rozata a Szab\u00e1lyzatok k\u00f6nyve IV. \u00fctemr\u0151l &#8211; 4. sz\u00e1m\u00fa mell\u00e9klet &#8211; Adatv\u00e9delmi \u00e9s k\u00f6zz\u00e9t\u00e9teli szab\u00e1lyzat &#8211; II. K\u00f6nyv &#8211; K\u00f6zz\u00e9t\u00e9teli szab\u00e1lyzat<\/a><\/p>\n<p style=\"text-align: justify\"><a href=\"https:\/\/semmelweis.hu\/jogigfoig\/files\/2022\/12\/107_2022_5_Melleklet_I_konyv_Integralt_kockazatkezeles_eljarasrendje.pdf\">A Semmelweis Egyetem Szen\u00e1tus\u00e1nak 107\/2022. (XII.19.) sz\u00e1m\u00fa hat\u00e1rozata a Szab\u00e1lyzatok k\u00f6nyve IV. \u00fctemr\u0151l &#8211; 5. sz\u00e1m\u00fa mell\u00e9klet &#8211; Felel\u0151s szervezetir\u00e1ny\u00edt\u00e1si szab\u00e1lyzat &#8211; I. K\u00f6nyv &#8211; Integr\u00e1lt kock\u00e1zatkezel\u00e9s elj\u00e1r\u00e1srendje<\/a><\/p>\n<p style=\"text-align: justify\"><a href=\"https:\/\/semmelweis.hu\/jogigfoig\/files\/2022\/12\/107_2022_5_Melleklet_II_konyv_Szervezeti_integritast_serto_esemenyek_kezelesenek_eljarasrendje.pdf\">A Semmelweis Egyetem Szen\u00e1tus\u00e1nak 107\/2022. (XII.19.) sz\u00e1m\u00fa hat\u00e1rozata a Szab\u00e1lyzatok k\u00f6nyve IV. \u00fctemr\u0151l &#8211; 5. sz\u00e1m\u00fa mell\u00e9klet &#8211; Felel\u0151s szervezetir\u00e1ny\u00edt\u00e1si szab\u00e1lyzat\u00a0&#8211; II. K\u00f6nyv &#8211; Szervezeti integrit\u00e1st s\u00e9rt\u0151 esem\u00e9nyek kezel\u00e9s\u00e9nek elj\u00e1r\u00e1srendje<\/a><\/p>\n<p style=\"text-align: justify\"><a href=\"https:\/\/semmelweis.hu\/jogigfoig\/files\/2022\/12\/107_2022_5_Melleklet_III_konyv_Panaszkezeles_betegpanasz_kezeles.pdf\">A Semmelweis Egyetem Szen\u00e1tus\u00e1nak 107\/2022. (XII.19.) sz\u00e1m\u00fa hat\u00e1rozata a Szab\u00e1lyzatok k\u00f6nyve IV. \u00fctemr\u0151l &#8211;\u00a0 5. sz\u00e1m\u00fa mell\u00e9klet &#8211; Felel\u0151s szervezetir\u00e1ny\u00edt\u00e1si szab\u00e1lyzat &#8211;\u00a0 III. K\u00f6nyv &#8211; Panaszkezel\u00e9s betegpanasz kezel\u00e9s<\/a><\/p>\n<p style=\"text-align: justify\"><a href=\"https:\/\/semmelweis.hu\/jogigfoig\/files\/2022\/12\/107_2022_6_melleklet_Szolgaltatasi_szabalyzat_I_Konyv.pdf\">A Semmelweis Egyetem Szen\u00e1tus\u00e1nak 107\/2022. (XII.19.) sz\u00e1m\u00fa hat\u00e1rozata a Szab\u00e1lyzatok k\u00f6nyve IV. \u00fctemr\u0151l &#8211; 6. sz\u00e1m\u00fa mell\u00e9klet &#8211; Szolg\u00e1ltat\u00e1si szab\u00e1lyzat &#8211; I. K\u00f6nyv &#8211; Szolg\u00e1ltat\u00e1si szab\u00e1lyzat<\/a><\/p>\n<p style=\"text-align: justify\"><a href=\"https:\/\/semmelweis.hu\/jogigfoig\/files\/2022\/12\/107_2022_6_melleklet_Szolgaltatasi_szabalyzat_II_Konyv.pdf\">A Semmelweis Egyetem Szen\u00e1tus\u00e1nak 107\/2022. (XII.19.) sz\u00e1m\u00fa hat\u00e1rozata a Szab\u00e1lyzatok k\u00f6nyve IV. \u00fctemr\u0151l &#8211; 6. sz\u00e1m\u00fa mell\u00e9klet &#8211; Szolg\u00e1ltat\u00e1si szab\u00e1lyzat &#8211; II. K\u00f6nyv &#8211; Logisztikai szab\u00e1lyzat<\/a><\/p>\n<p style=\"text-align: justify\"><a href=\"https:\/\/semmelweis.hu\/jogigfoig\/files\/2022\/12\/107_2022_7_melleklet_Szerzodeskotesi_szabalyzat_korr_pk-2.pdf\">A Semmelweis Egyetem Szen\u00e1tus\u00e1nak 107\/2022. (XII.19.) sz\u00e1m\u00fa hat\u00e1rozata a Szab\u00e1lyzatok k\u00f6nyve IV. \u00fctemr\u0151l &#8211; 7. sz\u00e1m\u00fa &#8211;\u00a0 mell\u00e9klet &#8211; Szerz\u0151d\u00e9sk\u00f6t\u00e9si szab\u00e1lyzat<\/a><\/p>\n<p style=\"text-align: justify\"><a href=\"https:\/\/semmelweis.hu\/jogigfoig\/files\/2022\/12\/107_2022_8_mellelket_Arculati_kezikonyv.pdf\">A Semmelweis Egyetem Szen\u00e1tus\u00e1nak 107\/2022. (XII.19.) sz\u00e1m\u00fa hat\u00e1rozata a Szab\u00e1lyzatok k\u00f6nyve IV. \u00fctemr\u0151l &#8211; 8. sz\u00e1m\u00fa mell\u00e9klet &#8211; Arculati k\u00e9zik\u00f6nyv<\/a><\/p>\n<p style=\"text-align: justify\"><a href=\"https:\/\/semmelweis.hu\/jogigfoig\/files\/2022\/12\/107_2022_8_a_melleklet_Diszdiploma_barsonyhengerek_2022.pdf\">A Semmelweis Egyetem Szen\u00e1tus\u00e1nak 107\/2022. (XII.19.) sz\u00e1m\u00fa hat\u00e1rozata a Szab\u00e1lyzatok k\u00f6nyve IV. \u00fctemr\u0151l &#8211; 8. a) sz\u00e1m\u00fa mell\u00e9klet &#8211; D\u00edszdiploma b\u00e1rsonyhengerek<\/a><\/p>\n<p style=\"text-align: justify\"><a href=\"https:\/\/semmelweis.hu\/jogigfoig\/files\/2022\/12\/108_2022_aktualis-vezetoi-es-oktatoi-palyazatok.pdf\">A Semmelweis Egyetem Szen\u00e1tus\u00e1nak 108\/2022. (XII.19.) sz\u00e1m\u00fa hat\u00e1rozata az aktu\u00e1lis vezet\u0151i \u00e9s oktat\u00f3i p\u00e1ly\u00e1zatok v\u00e9lem\u00e9nyez\u00e9s\u00e9r\u0151l<\/a><\/p>\n","protected":false},"excerpt":{"rendered":"<p><a href=\"https:\/\/semmelweis.hu\/jogigfoig\/files\/2022\/12\/N_11_2022_hatarozat.pdf\">A Semmelweis Egyetem Szen\u00e1tus\u00e1nak N-11.2022 (XII.19) sz\u00e1m\u00fa hat\u00e1rozata a szen\u00e1tusi \u00fcl\u00e9s napirendj\u00e9r\u0151l<\/a><br \/>\n<a href=\"https:\/\/semmelweis.hu\/jogigfoig\/files\/2022\/12\/101_2022_a-Klinikai-Kozpont-gyermekgyogyaszati-es-pankreasz-betegeket-ellato-szervezeti-egysegeinek-strukturalis-valtozasairol.pdf\">A Semmelweis Egyetem Szen\u00e1tus\u00e1nak 101\/2022. (XII.19.) sz\u00e1m\u00fa hat\u00e1rozata a Klinikai K\u00f6zpont gyermekgy\u00f3gy\u00e1szati \u00e9s pankre\u00e1sz betegeket ell\u00e1t\u00f3 szervezeti egys\u00e9geinek struktur\u00e1lis v\u00e1ltoz\u00e1sair\u00f3l<\/a><br \/>\n<a href=\"https:\/\/semmelweis.hu\/jogigfoig\/files\/2022\/12\/102_2022_2023-evi-Intezmenyi-koltsegvetes.pdf\">A Semmelweis Egyetem Szen\u00e1tus\u00e1nak 102\/2022. (XII.19.) sz\u00e1m\u00fa hat\u00e1rozata a 2023. \u00e9vi Int\u00e9zm\u00e9nyi k\u00f6lts\u00e9gvet\u00e9sr\u0151l<\/a><br \/>\n<a href=\"https:\/\/semmelweis.hu\/jogigfoig\/files\/2022\/12\/102_2022_2_melleklet-1a_-2023-evi-Intezmenyi-koltsegvetese.pdf\">A Semmelweis Egyetem Szen\u00e1tus\u00e1nak 102\/2022. (XII.19.) sz\u00e1m\u00fa hat\u00e1rozata a 2023. \u00e9vi Int\u00e9zm\u00e9nyi k\u00f6lts\u00e9gvet\u00e9sr\u0151l &#8211; 1. a) sz\u00e1m\u00fa mell\u00e9klet &#8211; Int\u00e9zm\u00e9nyi K\u00f6lts\u00e9gvet\u00e9s<\/a><br \/>\n<a href=\"https:\/\/semmelweis.hu\/jogigfoig\/files\/2022\/12\/102_2022_2_melleklet-1b_2023-Mukodesi-koltsegvetes.pdf\">A Semmelweis Egyetem Szen\u00e1tus\u00e1nak 102\/2022. (XII.19.) sz\u00e1m\u00fa hat\u00e1rozata a 2023. \u00e9vi Int\u00e9zm\u00e9nyi k\u00f6lts\u00e9gvet\u00e9sr\u0151l &#8211; 1. b) sz\u00e1m\u00fa mell\u00e9klet &#8211; M\u0171k\u00f6d\u00e9si K\u00f6lts\u00e9gvet\u00e9s<\/a><br \/>\n<a href=\"https:\/\/semmelweis.hu\/jogigfoig\/files\/2022\/12\/102_2022_2_melleklet-1c_2023-Palyazati-koltsegvetes.pdf\">A Semmelweis Egyetem Szen\u00e1tus\u00e1nak 102\/2022. (XII.19.) sz\u00e1m\u00fa hat\u00e1rozata a 2023. \u00e9vi Int\u00e9zm\u00e9nyi k\u00f6lts\u00e9gvet\u00e9sr\u0151l &#8211; 1. c) sz\u00e1m\u00fa mell\u00e9klet &#8211; P\u00e1ly\u00e1zati K\u00f6lts\u00e9gvet\u00e9s<\/a><br \/>\n<a href=\"https:\/\/semmelweis.hu\/jogigfoig\/files\/2022\/12\/102_2022_2_melleklet-2_Semmelweis-Egyetem-2023.-evi-felujitasi-terve.pdf\">A Semmelweis Egyetem Szen\u00e1tus\u00e1nak 102\/2022. (XII.19.) sz\u00e1m\u00fa hat\u00e1rozata a 2023. \u00e9vi Int\u00e9zm\u00e9nyi k\u00f6lts\u00e9gvet\u00e9sr\u0151l &#8211; 2. sz\u00e1m\u00fa mell\u00e9klet &#8211; a Semmelweis Egyetem Fel\u00faj\u00edt\u00e1si Terve<\/a><br \/>\n<a href=\"https:\/\/semmelweis.hu\/jogigfoig\/files\/2022\/12\/102_2022_2_melleklet-3_Megallapodas-a-belso-transzferekrol.pdf\">A Semmelweis Egyetem Szen\u00e1tus\u00e1nak 102\/2022. (XII.19.) sz\u00e1m\u00fa hat\u00e1rozata a 2023. \u00e9vi Int\u00e9zm\u00e9nyi k\u00f6lts\u00e9gvet\u00e9sr\u0151l &#8211; 3. sz\u00e1m\u00fa mell\u00e9klet &#8211; Meg\u00e1llapod\u00e1s Bels\u0151 Transzferekr\u0151l<\/a><br \/>\n<a href=\"https:\/\/semmelweis.hu\/jogigfoig\/files\/2022\/12\/102_2022_2_melleklet-4_2023-evi-vezetoi-koltsegvetes.pdf\">A Semmelweis Egyetem Szen\u00e1tus\u00e1nak 102\/2022. (XII.19.) sz\u00e1m\u00fa hat\u00e1rozata a 2023. \u00e9vi Int\u00e9zm\u00e9nyi k\u00f6lts\u00e9gvet\u00e9sr\u0151l &#8211; 4. sz\u00e1m\u00fa mell\u00e9klet &#8211; 2023 \u00e9vi Vezet\u0151i K\u00f6lts\u00e9gvet\u00e9s<\/a><br \/>\n<a href=\"https:\/\/semmelweis.hu\/jogigfoig\/files\/2022\/12\/103_2022_2022-2026-os-idoszakra-vonatkozo-Vagyongazdalkodasi-terv.pdf\">A Semmelweis Egyetem Szen\u00e1tus\u00e1nak 103\/2022. (XII.19.) sz\u00e1m\u00fa hat\u00e1rozata a Semmelweis Egyetem 2022-2026-os id\u0151szakra vonatkoz\u00f3 Vagyongazd\u00e1lkod\u00e1si Terv\u00e9r\u0151l<\/a><br \/>\n<a href=\"https:\/\/semmelweis.hu\/jogigfoig\/files\/2022\/12\/103_2022_Melleklet.pdf\">A Semmelweis Egyetem Szen\u00e1tus\u00e1nak 103\/2022. (XII.19.) sz\u00e1m\u00fa hat\u00e1rozata a Semmelweis Egyetem 2022-2026-os id\u0151szakra vonatkoz\u00f3 Vagyongazd\u00e1lkod\u00e1si Terv\u00e9r\u0151l &#8211; 1. sz\u00e1m\u00fa mell\u00e9klet &#8211;\u00a0 Vagyongazd\u00e1lkod\u00e1si Terv<\/a><br \/>\n<a href=\"https:\/\/semmelweis.hu\/jogigfoig\/files\/2022\/12\/104_2022_SzMSz-modositas.pdf\">A Semmelweis Egyetem Szen\u00e1tus\u00e1nak 104\/2022. (XII.19.) sz\u00e1m\u00fa hat\u00e1rozata a Szervezeti \u00e9s M\u0171k\u00f6d\u00e9si Szab\u00e1lyzat egyes rendelkez\u00e9seinek m\u00f3dos\u00edt\u00e1s\u00e1r\u00f3l<\/a><br \/>\n<a href=\"https:\/\/semmelweis.hu\/jogigfoig\/files\/2022\/12\/104_2022_melleklet.pdf\">A Semmelweis Egyetem Szen\u00e1tus\u00e1nak 104\/2022. (XII.19.) sz\u00e1m\u00fa hat\u00e1rozata a Szervezeti \u00e9s M\u0171k\u00f6d\u00e9si Szab\u00e1lyzat egyes rendelkez\u00e9seinek m\u00f3dos\u00edt\u00e1s\u00e1r\u00f3l &#8211; 1. sz\u00e1m\u00fa mell\u00e9klet<\/a><br \/>\n<a href=\"https:\/\/semmelweis.hu\/jogigfoig\/files\/2022\/12\/105_2022_Habilitacios-Bizottsag-szemelyi-osszetetel.pdf\">A Semmelweis Egyetem Szen\u00e1tus\u00e1nak 105\/2022. (XII.19.) sz\u00e1m\u00fa hat\u00e1rozata a Habilit\u00e1ci\u00f3s Bizotts\u00e1g szem\u00e9lyi \u00f6sszet\u00e9tel\u00e9r\u0151l<\/a><br \/>\n<a href=\"https:\/\/semmelweis.hu\/jogigfoig\/files\/2022\/12\/106_2022_Doktori-Szabalyzat-modositas.pdf\">A Semmelweis Egyetem Szen\u00e1tus\u00e1nak 106\/2022. (XII.19.) sz\u00e1m\u00fa hat\u00e1rozata a Doktori Szab\u00e1lyzat m\u00f3dos\u00edt\u00e1s\u00e1r\u00f3l<\/a><br \/>\n<a href=\"https:\/\/semmelweis.hu\/jogigfoig\/files\/2022\/12\/107_2022_Szabalyzatok-Konyve-IV.-utem-1.pdf\">A Semmelweis Egyetem Szen\u00e1tus\u00e1nak 107\/2022. (XII.19.) sz\u00e1m\u00fa hat\u00e1rozata a Szab\u00e1lyzatok k\u00f6nyve IV. \u00fctemr\u0151l<\/a><br \/>\n<a href=\"https:\/\/semmelweis.hu\/jogigfoig\/files\/2022\/12\/107_2022_1_melleklet_Eselyegyenlosegi_szabalyzat.pdf\">A Semmelweis Egyetem Szen\u00e1tus\u00e1nak A Semmelweis Egyetem Szen\u00e1tus\u00e1nak 107\/2022. (XII.19.) sz\u00e1m\u00fa hat\u00e1rozata a Szab\u00e1lyzatok k\u00f6nyve IV. \u00fctemr\u0151l &#8211; 1. sz\u00e1m\u00fa mell\u00e9klet &#8211; Es\u00e9lyegyenl\u0151s\u00e9gi szab\u00e1lyzat<\/a><br \/>\n<a href=\"https:\/\/semmelweis.hu\/jogigfoig\/files\/2022\/12\/107_2022_2_melleklet_Kotelezettsegvallalasi_szabalyzat.pdf\">A Semmelweis Egyetem Szen\u00e1tus\u00e1nak 107\/2022. (XII.19.) sz\u00e1m\u00fa hat\u00e1rozata a Szab\u00e1lyzatok k\u00f6nyve IV. \u00fctemr\u0151l &#8211; 2. sz\u00e1m\u00fa mell\u00e9klet &#8211; K\u00f6telezetts\u00e9gv\u00e1llal\u00e1si szab\u00e1lyzat<\/a><br \/>\n<a href=\"https:\/\/semmelweis.hu\/jogigfoig\/files\/2022\/12\/107_2022_3_melleklet_Helyiseggazdalkodasi_szabalyzat.pdf\">A Semmelweis Egyetem Szen\u00e1tus\u00e1nak 107\/2022. (XII.19.) sz\u00e1m\u00fa hat\u00e1rozata a Szab\u00e1lyzatok k\u00f6nyve IV. \u00fctemr\u0151l &#8211; 3. sz\u00e1m\u00fa mell\u00e9klet &#8211; Helyis\u00e9ggazd\u00e1lkod\u00e1si szab\u00e1lyzat<\/a><br \/>\n<a href=\"https:\/\/semmelweis.hu\/jogigfoig\/files\/2022\/12\/107_2022_4_melleklet_I_Konyv_Adatvedelmi_szabalyzat.pdf\">A Semmelweis Egyetem Szen\u00e1tus\u00e1nak 107\/2022. (XII.19.) sz\u00e1m\u00fa hat\u00e1rozata a Szab\u00e1lyzatok k\u00f6nyve IV. \u00fctemr\u0151l &#8211; 4. sz\u00e1m\u00fa mell\u00e9klet &#8211; Adatv\u00e9delmi \u00e9s k\u00f6zz\u00e9t\u00e9teli szab\u00e1lyzat &#8211; I. K\u00f6nyv &#8211; Adatv\u00e9delmi szab\u00e1lyzat<\/a><br \/>\n<a href=\"https:\/\/semmelweis.hu\/jogigfoig\/files\/2022\/12\/107_2022_4_melleklet_II_Konyv_Kozzeteteli_szabalyzat.pdf\">A Semmelweis Egyetem Szen\u00e1tus\u00e1nak 107\/2022. (XII.19.) sz\u00e1m\u00fa hat\u00e1rozata a Szab\u00e1lyzatok k\u00f6nyve IV. \u00fctemr\u0151l &#8211; 4. sz\u00e1m\u00fa mell\u00e9klet &#8211; Adatv\u00e9delmi \u00e9s k\u00f6zz\u00e9t\u00e9teli szab\u00e1lyzat &#8211; II. K\u00f6nyv &#8211; K\u00f6zz\u00e9t\u00e9teli szab\u00e1lyzat<\/a><br \/>\n<a href=\"https:\/\/semmelweis.hu\/jogigfoig\/files\/2022\/12\/107_2022_5_Melleklet_I_konyv_Integralt_kockazatkezeles_eljarasrendje.pdf\">A Semmelweis Egyetem Szen\u00e1tus\u00e1nak 107\/2022. (XII.19.) sz\u00e1m\u00fa hat\u00e1rozata a Szab\u00e1lyzatok k\u00f6nyve IV. \u00fctemr\u0151l &#8211; 5. sz\u00e1m\u00fa mell\u00e9klet &#8211; Felel\u0151s szervezetir\u00e1ny\u00edt\u00e1si szab\u00e1lyzat &#8211; I. K\u00f6nyv &#8211; Integr\u00e1lt kock\u00e1zatkezel\u00e9s elj\u00e1r\u00e1srendje<\/a><br \/>\n<a href=\"https:\/\/semmelweis.hu\/jogigfoig\/files\/2022\/12\/107_2022_5_Melleklet_II_konyv_Szervezeti_integritast_serto_esemenyek_kezelesenek_eljarasrendje.pdf\">A Semmelweis Egyetem Szen\u00e1tus\u00e1nak 107\/2022. (XII.19.) sz\u00e1m\u00fa hat\u00e1rozata a Szab\u00e1lyzatok k\u00f6nyve IV. \u00fctemr\u0151l &#8211; 5. sz\u00e1m\u00fa mell\u00e9klet &#8211; Felel\u0151s szervezetir\u00e1ny\u00edt\u00e1si szab\u00e1lyzat\u00a0&#8211; II. K\u00f6nyv &#8211; Szervezeti integrit\u00e1st s\u00e9rt\u0151 esem\u00e9nyek kezel\u00e9s\u00e9nek elj\u00e1r\u00e1srendje<\/a><br \/>\n<a href=\"https:\/\/semmelweis.hu\/jogigfoig\/files\/2022\/12\/107_2022_5_Melleklet_III_konyv_Panaszkezeles_betegpanasz_kezeles.pdf\">A Semmelweis Egyetem Szen\u00e1tus\u00e1nak 107\/2022. (XII.19.) sz\u00e1m\u00fa hat\u00e1rozata a Szab\u00e1lyzatok k\u00f6nyve IV. \u00fctemr\u0151l &#8211;\u00a0 5. sz\u00e1m\u00fa mell\u00e9klet &#8211; Felel\u0151s szervezetir\u00e1ny\u00edt\u00e1si szab\u00e1lyzat &#8211;\u00a0 III. K\u00f6nyv &#8211; Panaszkezel\u00e9s betegpanasz kezel\u00e9s<\/a><br \/>\n<a href=\"https:\/\/semmelweis.hu\/jogigfoig\/files\/2022\/12\/107_2022_6_melleklet_Szolgaltatasi_szabalyzat_I_Konyv.pdf\">A Semmelweis Egyetem Szen\u00e1tus\u00e1nak 107\/2022. (XII.19.) sz\u00e1m\u00fa hat\u00e1rozata a Szab\u00e1lyzatok k\u00f6nyve IV. \u00fctemr\u0151l &#8211; 6. sz\u00e1m\u00fa mell\u00e9klet &#8211; Szolg\u00e1ltat\u00e1si szab\u00e1lyzat &#8211; I. K\u00f6nyv &#8211; Szolg\u00e1ltat\u00e1si szab\u00e1lyzat<\/a><br \/>\n<a href=\"https:\/\/semmelweis.hu\/jogigfoig\/files\/2022\/12\/107_2022_6_melleklet_Szolgaltatasi_szabalyzat_II_Konyv.pdf\">A Semmelweis Egyetem Szen\u00e1tus\u00e1nak 107\/2022. (XII.19.) sz\u00e1m\u00fa hat\u00e1rozata a Szab\u00e1lyzatok k\u00f6nyve IV. \u00fctemr\u0151l &#8211; 6. sz\u00e1m\u00fa mell\u00e9klet &#8211; Szolg\u00e1ltat\u00e1si szab\u00e1lyzat &#8211; II. K\u00f6nyv &#8211; Logisztikai szab\u00e1lyzat<\/a><br \/>\n<a href=\"https:\/\/semmelweis.hu\/jogigfoig\/files\/2022\/12\/107_2022_7_melleklet_Szerzodeskotesi_szabalyzat_korr_pk-2.pdf\">A Semmelweis Egyetem Szen\u00e1tus\u00e1nak 107\/2022. (XII.19.) sz\u00e1m\u00fa hat\u00e1rozata a Szab\u00e1lyzatok k\u00f6nyve IV. \u00fctemr\u0151l &#8211; 7. sz\u00e1m\u00fa &#8211;\u00a0 mell\u00e9klet &#8211; Szerz\u0151d\u00e9sk\u00f6t\u00e9si szab\u00e1lyzat<\/a><br \/>\n<a href=\"https:\/\/semmelweis.hu\/jogigfoig\/files\/2022\/12\/107_2022_8_mellelket_Arculati_kezikonyv.pdf\">A Semmelweis Egyetem Szen\u00e1tus\u00e1nak 107\/2022. (XII.19.) sz\u00e1m\u00fa hat\u00e1rozata a Szab\u00e1lyzatok k\u00f6nyve IV. \u00fctemr\u0151l &#8211; 8. sz\u00e1m\u00fa mell\u00e9klet &#8211; Arculati k\u00e9zik\u00f6nyv<\/a><br \/>\n<a href=\"https:\/\/semmelweis.hu\/jogigfoig\/files\/2022\/12\/107_2022_8_a_melleklet_Diszdiploma_barsonyhengerek_2022.pdf\">A Semmelweis Egyetem Szen\u00e1tus\u00e1nak 107\/2022. (XII.19.) sz\u00e1m\u00fa hat\u00e1rozata a Szab\u00e1lyzatok k\u00f6nyve IV. \u00fctemr\u0151l &#8211; 8. a) sz\u00e1m\u00fa mell\u00e9klet &#8211; D\u00edszdiploma b\u00e1rsonyhengerek<\/a><br \/>\n<a href=\"https:\/\/semmelweis.hu\/jogigfoig\/files\/2022\/12\/108_2022_aktualis-vezetoi-es-oktatoi-palyazatok.pdf\">A Semmelweis Egyetem Szen\u00e1tus\u00e1nak 108\/2022. (XII.19.) sz\u00e1m\u00fa hat\u00e1rozata az aktu\u00e1lis vezet\u0151i \u00e9s oktat\u00f3i p\u00e1ly\u00e1zatok v\u00e9lem\u00e9nyez\u00e9s\u00e9r\u0151l<\/a><\/p>\n","protected":false},"author":101095,"featured_media":0,"parent":82992,"menu_order":14,"comment_status":"closed","ping_status":"closed","template":"","meta":{"_acf_changed":false,"footnotes":""},"categories":[],"tags":[],"class_list":["post-85974","page","type-page","status-publish","hentry"],"acf":[],"_links":{"self":[{"href":"https:\/\/semmelweis.hu\/jogigfoig\/wp-json\/wp\/v2\/pages\/85974","targetHints":{"allow":["GET"]}}],"collection":[{"href":"https:\/\/semmelweis.hu\/jogigfoig\/wp-json\/wp\/v2\/pages"}],"about":[{"href":"https:\/\/semmelweis.hu\/jogigfoig\/wp-json\/wp\/v2\/types\/page"}],"author":[{"embeddable":true,"href":"https:\/\/semmelweis.hu\/jogigfoig\/wp-json\/wp\/v2\/users\/101095"}],"replies":[{"embeddable":true,"href":"https:\/\/semmelweis.hu\/jogigfoig\/wp-json\/wp\/v2\/comments?post=85974"}],"version-history":[{"count":10,"href":"https:\/\/semmelweis.hu\/jogigfoig\/wp-json\/wp\/v2\/pages\/85974\/revisions"}],"predecessor-version":[{"id":86237,"href":"https:\/\/semmelweis.hu\/jogigfoig\/wp-json\/wp\/v2\/pages\/85974\/revisions\/86237"}],"up":[{"embeddable":true,"href":"https:\/\/semmelweis.hu\/jogigfoig\/wp-json\/wp\/v2\/pages\/82992"}],"wp:attachment":[{"href":"https:\/\/semmelweis.hu\/jogigfoig\/wp-json\/wp\/v2\/media?parent=85974"}],"wp:term":[{"taxonomy":"category","embeddable":true,"href":"https:\/\/semmelweis.hu\/jogigfoig\/wp-json\/wp\/v2\/categories?post=85974"},{"taxonomy":"post_tag","embeddable":true,"href":"https:\/\/semmelweis.hu\/jogigfoig\/wp-json\/wp\/v2\/tags?post=85974"}],"curies":[{"name":"wp","href":"https:\/\/api.w.org\/{rel}","templated":true}]}}