{"id":85841,"date":"2022-12-01T12:27:22","date_gmt":"2022-12-01T11:27:22","guid":{"rendered":"https:\/\/semmelweis.hu\/jogigfoig\/?page_id=85841"},"modified":"2022-12-01T12:27:53","modified_gmt":"2022-12-01T11:27:53","slug":"2022-november-24","status":"publish","type":"page","link":"https:\/\/semmelweis.hu\/jogigfoig\/testuletek\/szenatus\/2022-evi-szenatusi-hatarozatok\/2022-november-24\/","title":{"rendered":"2022. november 24."},"content":{"rendered":"<p style=\"text-align: justify\"><a href=\"https:\/\/semmelweis.hu\/jogigfoig\/files\/2022\/12\/N_10_2022_hatarozat.pdf\">A Semmelweis Egyetem\u00a0Szen\u00e1tus\u00e1nak\u00a0N-10.2022. (XI.24.) sz\u00e1m\u00fa hat\u00e1rozata\u00a0a szen\u00e1tusi \u00fcl\u00e9s napirendj\u00e9r\u0151l<\/a><\/p>\n<p style=\"text-align: justify\"><a href=\"https:\/\/semmelweis.hu\/jogigfoig\/files\/2022\/12\/96_2022_TJSZ-modositas.pdf\">A Semmelweis Egyetem\u00a0Szen\u00e1tus\u00e1nak\u00a096\/2022. (XI.24.) sz\u00e1m\u00fa hat\u00e1rozata\u00a0a T\u00e9r\u00edt\u00e9si \u00e9s Juttat\u00e1si Szab\u00e1lyzat 1. sz\u00e1m\u00fa mell\u00e9klet\u00e9nek m\u00f3dos\u00edt\u00e1s\u00e1r\u00f3l<\/a><\/p>\n<p style=\"text-align: justify\"><a href=\"https:\/\/semmelweis.hu\/jogigfoig\/files\/2022\/12\/96_2022_melleklet_HOK-egyetertes.pdf\">A Semmelweis Egyetem Szen\u00e1tus\u00e1nak 96\/2022. (XI.24.) sz\u00e1m\u00fa hat\u00e1rozata a T\u00e9r\u00edt\u00e9si \u00e9s Juttat\u00e1si Szab\u00e1lyzat 1. sz\u00e1m\u00fa mell\u00e9klet\u00e9nek m\u00f3dos\u00edt\u00e1s\u00e1r\u00f3l &#8211; Hallgat\u00f3i \u00d6nkorm\u00e1nyzat egyet\u00e9rt\u00e9s<\/a><\/p>\n<p style=\"text-align: justify\"><a href=\"https:\/\/semmelweis.hu\/jogigfoig\/files\/2022\/12\/96_2022_melleklet_TJSZ-modositas.pdf\">A Semmelweis Egyetem Szen\u00e1tus\u00e1nak 96\/2022. (XI.24.) sz\u00e1m\u00fa hat\u00e1rozata a T\u00e9r\u00edt\u00e9si \u00e9s Juttat\u00e1si Szab\u00e1lyzat 1. sz\u00e1m\u00fa mell\u00e9klet\u00e9nek m\u00f3dos\u00edt\u00e1s\u00e1r\u00f3l &#8211; 1. sz\u00e1m\u00fa mell\u00e9klet<\/a><\/p>\n<p style=\"text-align: justify\"><a href=\"https:\/\/semmelweis.hu\/jogigfoig\/files\/2022\/12\/97_2022_EKK-munkahelyi-mentalhigiene-szakiranyu-tovabbkepzes.pdf\">A Semmelweis Egyetem\u00a0Szen\u00e1tus\u00e1nak\u00a097\/2022. (XI.24.) sz\u00e1m\u00fa hat\u00e1rozata\u00a0az Eg\u00e9szs\u00e9g\u00fcgyi K\u00f6zszolg\u00e1lati Kar Ment\u00e1lhigi\u00e9n\u00e9 Int\u00e9zet munkahelyi ment\u00e1lhigi\u00e9n\u00e9 szakir\u00e1ny\u00fa tov\u00e1bbk\u00e9pz\u00e9si szak ind\u00edt\u00e1s\u00e1nak \u00e9s tanterv\u00e9nek elfogad\u00e1s\u00e1r\u00f3l<\/a><\/p>\n<p style=\"text-align: justify\"><a href=\"https:\/\/semmelweis.hu\/jogigfoig\/files\/2022\/12\/98_2022_filozofia-orvosoknak.pdf\">A Semmelweis Egyetem\u00a0Szen\u00e1tus\u00e1nak\u00a098\/2022. (XI.24.) sz\u00e1m\u00fa hat\u00e1rozata\u00a0a \u201eFiloz\u00f3fia orvosoknak\u201d c\u00edm\u0171 szabadon v\u00e1laszthat\u00f3 t\u00e1rgy bevezet\u00e9s\u00e9r\u0151l<\/a><\/p>\n<p style=\"text-align: justify\"><a href=\"https:\/\/semmelweis.hu\/jogigfoig\/files\/2022\/12\/98_2022_melleklet-2_Tematika-Filozofia-orvosoknak.pdf\">A Semmelweis Egyetem Szen\u00e1tus\u00e1nak 98\/2022. (XI.24.) sz\u00e1m\u00fa hat\u00e1rozata a \u201eFiloz\u00f3fia orvosoknak\u201d c\u00edm\u0171 szabadon v\u00e1laszthat\u00f3 t\u00e1rgy bevezet\u00e9s\u00e9r\u0151l &#8211; Tematika Filoz\u00f3fia orvosoknak<\/a><\/p>\n<p style=\"text-align: justify\"><a href=\"https:\/\/semmelweis.hu\/jogigfoig\/files\/2022\/12\/98_2022_melleklet-1_Themen-Philosophie-fur-Artzte.pdf\">A Semmelweis Egyetem Szen\u00e1tus\u00e1nak 98\/2022. (XI.24.) sz\u00e1m\u00fa hat\u00e1rozata a \u201eFiloz\u00f3fia orvosoknak\u201d c\u00edm\u0171 szabadon v\u00e1laszthat\u00f3 t\u00e1rgy bevezet\u00e9s\u00e9r\u0151l &#8211; Themen Philosophie f\u00fcr \u00c4rtzte<\/a><\/p>\n<p style=\"text-align: justify\"><a href=\"https:\/\/semmelweis.hu\/jogigfoig\/files\/2022\/12\/98_2022_melleklet-3_Thematics-Philosophy-for-Physicians.pdf\">A Semmelweis Egyetem Szen\u00e1tus\u00e1nak 98\/2022. (XI.24.) sz\u00e1m\u00fa hat\u00e1rozata a \u201eFiloz\u00f3fia orvosoknak\u201d c\u00edm\u0171 szabadon v\u00e1laszthat\u00f3 t\u00e1rgy bevezet\u00e9s\u00e9r\u0151l &#8211; Thematics Philosophy for Physicians<\/a><\/p>\n<p style=\"text-align: justify\"><a href=\"https:\/\/semmelweis.hu\/jogigfoig\/files\/2022\/12\/99_2022_allando-bizottsagok-doktorandusz-hallgatok.pdf\">A Semmelweis Egyetem\u00a0Szen\u00e1tus\u00e1nak\u00a099\/2022. (XI.24.) sz\u00e1m\u00fa hat\u00e1rozata\u00a0a szen\u00e1tus \u00e1ltal l\u00e9trehozott, az egyetem eg\u00e9sz\u00e9re kiterjed\u0151, hat\u00e1sk\u00f6rrel rendelkez\u0151 \u00e1lland\u00f3 bizotts\u00e1gok doktorandusz hallgat\u00f3k szem\u00e9lyi \u00f6sszet\u00e9tel\u00e9nek a meg\u00faj\u00edt\u00e1s\u00e1r\u00f3l<\/a><\/p>\n<p style=\"text-align: justify\"><a href=\"https:\/\/semmelweis.hu\/jogigfoig\/files\/2022\/12\/100_2022_SZEB-hallgatoi-osszetetel.pdf\">A Semmelweis Egyetem\u00a0Szen\u00e1tus\u00e1nak\u00a0100\/2022. (XI.24.) sz\u00e1m\u00fa hat\u00e1rozata\u00a0a Hallgat\u00f3k Szoci\u00e1lis \u00e9s Es\u00e9lyegyenl\u0151s\u00e9gi \u00dcgyeivel Foglalkoz\u00f3 Bizotts\u00e1g (SZEB) hallgat\u00f3i \u00f6sszet\u00e9tel\u00e9nek v\u00e1ltoz\u00e1s\u00e1r\u00f3l <\/a><\/p>\n","protected":false},"excerpt":{"rendered":"<p><a href=\"https:\/\/semmelweis.hu\/jogigfoig\/files\/2022\/12\/N_10_2022_hatarozat.pdf\">A Semmelweis Egyetem\u00a0Szen\u00e1tus\u00e1nak\u00a0N-10.2022. (XI.24.) sz\u00e1m\u00fa hat\u00e1rozata\u00a0a szen\u00e1tusi \u00fcl\u00e9s napirendj\u00e9r\u0151l<\/a><br \/>\n<a href=\"https:\/\/semmelweis.hu\/jogigfoig\/files\/2022\/12\/96_2022_TJSZ-modositas.pdf\">A Semmelweis Egyetem\u00a0Szen\u00e1tus\u00e1nak\u00a096\/2022. (XI.24.) sz\u00e1m\u00fa hat\u00e1rozata\u00a0a T\u00e9r\u00edt\u00e9si \u00e9s Juttat\u00e1si Szab\u00e1lyzat 1. sz\u00e1m\u00fa mell\u00e9klet\u00e9nek m\u00f3dos\u00edt\u00e1s\u00e1r\u00f3l<\/a><br \/>\n<a href=\"https:\/\/semmelweis.hu\/jogigfoig\/files\/2022\/12\/96_2022_melleklet_HOK-egyetertes.pdf\">A Semmelweis Egyetem Szen\u00e1tus\u00e1nak 96\/2022. (XI.24.) sz\u00e1m\u00fa hat\u00e1rozata a T\u00e9r\u00edt\u00e9si \u00e9s Juttat\u00e1si Szab\u00e1lyzat 1. sz\u00e1m\u00fa mell\u00e9klet\u00e9nek m\u00f3dos\u00edt\u00e1s\u00e1r\u00f3l &#8211; Hallgat\u00f3i \u00d6nkorm\u00e1nyzat egyet\u00e9rt\u00e9s<\/a><br \/>\n<a href=\"https:\/\/semmelweis.hu\/jogigfoig\/files\/2022\/12\/96_2022_melleklet_TJSZ-modositas.pdf\">A Semmelweis Egyetem Szen\u00e1tus\u00e1nak 96\/2022. (XI.24.) sz\u00e1m\u00fa hat\u00e1rozata a T\u00e9r\u00edt\u00e9si \u00e9s Juttat\u00e1si Szab\u00e1lyzat 1. sz\u00e1m\u00fa mell\u00e9klet\u00e9nek m\u00f3dos\u00edt\u00e1s\u00e1r\u00f3l &#8211; 1. sz\u00e1m\u00fa mell\u00e9klet<\/a><br \/>\n<a href=\"https:\/\/semmelweis.hu\/jogigfoig\/files\/2022\/12\/97_2022_EKK-munkahelyi-mentalhigiene-szakiranyu-tovabbkepzes.pdf\">A Semmelweis Egyetem\u00a0Szen\u00e1tus\u00e1nak\u00a097\/2022. (XI.24.) sz\u00e1m\u00fa hat\u00e1rozata\u00a0az Eg\u00e9szs\u00e9g\u00fcgyi K\u00f6zszolg\u00e1lati Kar Ment\u00e1lhigi\u00e9n\u00e9 Int\u00e9zet munkahelyi ment\u00e1lhigi\u00e9n\u00e9 szakir\u00e1ny\u00fa tov\u00e1bbk\u00e9pz\u00e9si szak ind\u00edt\u00e1s\u00e1nak \u00e9s tanterv\u00e9nek elfogad\u00e1s\u00e1r\u00f3l<\/a><br \/>\n<a href=\"https:\/\/semmelweis.hu\/jogigfoig\/files\/2022\/12\/98_2022_filozofia-orvosoknak.pdf\">A Semmelweis Egyetem\u00a0Szen\u00e1tus\u00e1nak\u00a098\/2022. (XI.24.) sz\u00e1m\u00fa hat\u00e1rozata\u00a0a \u201eFiloz\u00f3fia orvosoknak\u201d c\u00edm\u0171 szabadon v\u00e1laszthat\u00f3 t\u00e1rgy bevezet\u00e9s\u00e9r\u0151l<\/a><br \/>\n<a href=\"https:\/\/semmelweis.hu\/jogigfoig\/files\/2022\/12\/98_2022_melleklet-2_Tematika-Filozofia-orvosoknak.pdf\">A Semmelweis Egyetem Szen\u00e1tus\u00e1nak 98\/2022. (XI.24.) sz\u00e1m\u00fa hat\u00e1rozata a \u201eFiloz\u00f3fia orvosoknak\u201d c\u00edm\u0171 szabadon v\u00e1laszthat\u00f3 t\u00e1rgy bevezet\u00e9s\u00e9r\u0151l &#8211; Tematika Filoz\u00f3fia orvosoknak<\/a><br \/>\n<a href=\"https:\/\/semmelweis.hu\/jogigfoig\/files\/2022\/12\/98_2022_melleklet-1_Themen-Philosophie-fur-Artzte.pdf\">A Semmelweis Egyetem Szen\u00e1tus\u00e1nak 98\/2022. (XI.24.) sz\u00e1m\u00fa hat\u00e1rozata a \u201eFiloz\u00f3fia orvosoknak\u201d c\u00edm\u0171 szabadon v\u00e1laszthat\u00f3 t\u00e1rgy bevezet\u00e9s\u00e9r\u0151l &#8211; Themen Philosophie f\u00fcr \u00c4rtzte<\/a><br \/>\n<a href=\"https:\/\/semmelweis.hu\/jogigfoig\/files\/2022\/12\/98_2022_melleklet-3_Thematics-Philosophy-for-Physicians.pdf\">A Semmelweis Egyetem Szen\u00e1tus\u00e1nak 98\/2022. (XI.24.) sz\u00e1m\u00fa hat\u00e1rozata a \u201eFiloz\u00f3fia orvosoknak\u201d c\u00edm\u0171 szabadon v\u00e1laszthat\u00f3 t\u00e1rgy bevezet\u00e9s\u00e9r\u0151l &#8211; Thematics Philosophy for Physicians<\/a><br \/>\n<a href=\"https:\/\/semmelweis.hu\/jogigfoig\/files\/2022\/12\/99_2022_allando-bizottsagok-doktorandusz-hallgatok.pdf\">A Semmelweis Egyetem\u00a0Szen\u00e1tus\u00e1nak\u00a099\/2022. (XI.24.) sz\u00e1m\u00fa hat\u00e1rozata\u00a0a szen\u00e1tus \u00e1ltal l\u00e9trehozott, az egyetem eg\u00e9sz\u00e9re kiterjed\u0151, hat\u00e1sk\u00f6rrel rendelkez\u0151 \u00e1lland\u00f3 bizotts\u00e1gok doktorandusz hallgat\u00f3k szem\u00e9lyi \u00f6sszet\u00e9tel\u00e9nek a meg\u00faj\u00edt\u00e1s\u00e1r\u00f3l<\/a><br \/>\n<a href=\"https:\/\/semmelweis.hu\/jogigfoig\/files\/2022\/12\/100_2022_SZEB-hallgatoi-osszetetel.pdf\">A Semmelweis Egyetem\u00a0Szen\u00e1tus\u00e1nak\u00a0100\/2022. (XI.24.) sz\u00e1m\u00fa hat\u00e1rozata\u00a0a Hallgat\u00f3k Szoci\u00e1lis \u00e9s Es\u00e9lyegyenl\u0151s\u00e9gi \u00dcgyeivel Foglalkoz\u00f3 Bizotts\u00e1g (SZEB) hallgat\u00f3i \u00f6sszet\u00e9tel\u00e9nek v\u00e1ltoz\u00e1s\u00e1r\u00f3l <\/a><\/p>\n","protected":false},"author":101467,"featured_media":0,"parent":82992,"menu_order":13,"comment_status":"closed","ping_status":"closed","template":"","meta":{"_acf_changed":false,"footnotes":""},"categories":[],"tags":[],"class_list":["post-85841","page","type-page","status-publish","hentry"],"acf":[],"_links":{"self":[{"href":"https:\/\/semmelweis.hu\/jogigfoig\/wp-json\/wp\/v2\/pages\/85841","targetHints":{"allow":["GET"]}}],"collection":[{"href":"https:\/\/semmelweis.hu\/jogigfoig\/wp-json\/wp\/v2\/pages"}],"about":[{"href":"https:\/\/semmelweis.hu\/jogigfoig\/wp-json\/wp\/v2\/types\/page"}],"author":[{"embeddable":true,"href":"https:\/\/semmelweis.hu\/jogigfoig\/wp-json\/wp\/v2\/users\/101467"}],"replies":[{"embeddable":true,"href":"https:\/\/semmelweis.hu\/jogigfoig\/wp-json\/wp\/v2\/comments?post=85841"}],"version-history":[{"count":2,"href":"https:\/\/semmelweis.hu\/jogigfoig\/wp-json\/wp\/v2\/pages\/85841\/revisions"}],"predecessor-version":[{"id":85854,"href":"https:\/\/semmelweis.hu\/jogigfoig\/wp-json\/wp\/v2\/pages\/85841\/revisions\/85854"}],"up":[{"embeddable":true,"href":"https:\/\/semmelweis.hu\/jogigfoig\/wp-json\/wp\/v2\/pages\/82992"}],"wp:attachment":[{"href":"https:\/\/semmelweis.hu\/jogigfoig\/wp-json\/wp\/v2\/media?parent=85841"}],"wp:term":[{"taxonomy":"category","embeddable":true,"href":"https:\/\/semmelweis.hu\/jogigfoig\/wp-json\/wp\/v2\/categories?post=85841"},{"taxonomy":"post_tag","embeddable":true,"href":"https:\/\/semmelweis.hu\/jogigfoig\/wp-json\/wp\/v2\/tags?post=85841"}],"curies":[{"name":"wp","href":"https:\/\/api.w.org\/{rel}","templated":true}]}}