{"id":85514,"date":"2022-11-07T08:07:48","date_gmt":"2022-11-07T07:07:48","guid":{"rendered":"https:\/\/semmelweis.hu\/jogigfoig\/?page_id=85514"},"modified":"2022-11-21T14:45:57","modified_gmt":"2022-11-21T13:45:57","slug":"2022-november-2","status":"publish","type":"page","link":"https:\/\/semmelweis.hu\/jogigfoig\/testuletek\/szenatus\/2022-evi-szenatusi-hatarozatok\/2022-november-2\/","title":{"rendered":"2022. november 2."},"content":{"rendered":"<p style=\"text-align: justify\"><a href=\"https:\/\/semmelweis.hu\/jogigfoig\/files\/2022\/11\/N-9_2022_rendkivuli-szenatusi-napirend.pdf\">A Semmelweis Egyetem\u00a0Szen\u00e1tus\u00e1nak\u00a0N-9.2022. (XI.02.) sz\u00e1m\u00fa hat\u00e1rozata\u00a0a rendk\u00edv\u00fcli szen\u00e1tusi \u00fcl\u00e9s napirendj\u00e9r\u0151l<\/a><\/p>\n<p style=\"text-align: justify\"><a href=\"https:\/\/semmelweis.hu\/jogigfoig\/files\/2022\/11\/94_2022_a-rektori-palyazati-felhivas-szovegtervezetenek-jovahagyasarol.pdf\">A Semmelweis Egyetem\u00a0Szen\u00e1tus\u00e1nak\u00a094\/2022. (XI.02.) sz\u00e1m\u00fa hat\u00e1rozata\u00a0a rektori p\u00e1ly\u00e1zati felh\u00edv\u00e1s sz\u00f6vegtervezet\u00e9nek j\u00f3v\u00e1hagy\u00e1s\u00e1r\u00f3l<\/a><\/p>\n<p style=\"text-align: justify\"><a href=\"https:\/\/semmelweis.hu\/jogigfoig\/files\/2022\/11\/94_2022_melleklet_rektori-palyazati-felhivas-szovegtervezete.pdf\">A Semmelweis Egyetem Szen\u00e1tus\u00e1nak 94\/2022. (XI.02.) sz\u00e1m\u00fa hat\u00e1rozata a rektori p\u00e1ly\u00e1zati felh\u00edv\u00e1s sz\u00f6vegtervezet\u00e9nek j\u00f3v\u00e1hagy\u00e1s\u00e1r\u00f3l &#8211; 1. sz\u00e1m\u00fa mell\u00e9klet<\/a><\/p>\n<p style=\"text-align: justify\"><a href=\"https:\/\/semmelweis.hu\/jogigfoig\/files\/2022\/11\/95_2022_Az-SzMSz-moositasarol_rektorvalasztas-szabalyai.pdf\">A Semmelweis Egyetem\u00a0Szen\u00e1tus\u00e1nak\u00a095\/2022. (XI.02.) sz\u00e1m\u00fa hat\u00e1rozata\u00a0a Szervezeti \u00e9s M\u0171k\u00f6d\u00e9si Szab\u00e1lyzat m\u00f3dos\u00edt\u00e1s\u00e1r\u00f3l &#8211; a rektorjel\u00f6lt v\u00e1laszt\u00e1sra vonatkoz\u00f3 elj\u00e1r\u00e1srend<\/a><\/p>\n<p style=\"text-align: justify\"><a href=\"https:\/\/semmelweis.hu\/jogigfoig\/files\/2022\/11\/95_2022_melleklet.pdf\">A Semmelweis Egyetem Szen\u00e1tus\u00e1nak 95\/2022. (XI.02.) sz\u00e1m\u00fa hat\u00e1rozata a Szervezeti \u00e9s M\u0171k\u00f6d\u00e9si Szab\u00e1lyzat m\u00f3dos\u00edt\u00e1s\u00e1r\u00f3l &#8211; a rektorjel\u00f6lt v\u00e1laszt\u00e1sra vonatkoz\u00f3 elj\u00e1r\u00e1srend &#8211; 1. sz\u00e1m\u00fa mell\u00e9klet<\/a><\/p>\n<p style=\"text-align: justify\">\u00a0<\/p>\n","protected":false},"excerpt":{"rendered":"<p><a href=\"https:\/\/semmelweis.hu\/jogigfoig\/files\/2022\/11\/N-9_2022_rendkivuli-szenatusi-napirend.pdf\">A Semmelweis Egyetem\u00a0Szen\u00e1tus\u00e1nak\u00a0N-9.2022. (XI.02.) sz\u00e1m\u00fa hat\u00e1rozata\u00a0a rendk\u00edv\u00fcli szen\u00e1tusi \u00fcl\u00e9s napirendj\u00e9r\u0151l<\/a><br \/>\n<a href=\"https:\/\/semmelweis.hu\/jogigfoig\/files\/2022\/11\/94_2022_a-rektori-palyazati-felhivas-szovegtervezetenek-jovahagyasarol.pdf\">A Semmelweis Egyetem\u00a0Szen\u00e1tus\u00e1nak\u00a094\/2022. (XI.02.) sz\u00e1m\u00fa hat\u00e1rozata\u00a0a rektori p\u00e1ly\u00e1zati felh\u00edv\u00e1s sz\u00f6vegtervezet\u00e9nek j\u00f3v\u00e1hagy\u00e1s\u00e1r\u00f3l<\/a><br \/>\n<a href=\"https:\/\/semmelweis.hu\/jogigfoig\/files\/2022\/11\/94_2022_melleklet_rektori-palyazati-felhivas-szovegtervezete.pdf\">A Semmelweis Egyetem Szen\u00e1tus\u00e1nak 94\/2022. (XI.02.) sz\u00e1m\u00fa hat\u00e1rozata a rektori p\u00e1ly\u00e1zati felh\u00edv\u00e1s sz\u00f6vegtervezet\u00e9nek j\u00f3v\u00e1hagy\u00e1s\u00e1r\u00f3l &#8211; 1. sz\u00e1m\u00fa mell\u00e9klet<\/a><br \/>\n<a href=\"https:\/\/semmelweis.hu\/jogigfoig\/files\/2022\/11\/95_2022_Az-SzMSz-moositasarol_rektorvalasztas-szabalyai.pdf\">A Semmelweis Egyetem\u00a0Szen\u00e1tus\u00e1nak\u00a095\/2022. (XI.02.) sz\u00e1m\u00fa hat\u00e1rozata\u00a0a Szervezeti \u00e9s M\u0171k\u00f6d\u00e9si Szab\u00e1lyzat m\u00f3dos\u00edt\u00e1s\u00e1r\u00f3l &#8211; a rektorjel\u00f6lt v\u00e1laszt\u00e1sra vonatkoz\u00f3 elj\u00e1r\u00e1srend<\/a><br \/>\n<a href=\"https:\/\/semmelweis.hu\/jogigfoig\/files\/2022\/11\/95_2022_melleklet.pdf\">A Semmelweis Egyetem Szen\u00e1tus\u00e1nak 95\/2022. (XI.02.) sz\u00e1m\u00fa hat\u00e1rozata a Szervezeti \u00e9s M\u0171k\u00f6d\u00e9si Szab\u00e1lyzat m\u00f3dos\u00edt\u00e1s\u00e1r\u00f3l &#8211; a rektorjel\u00f6lt v\u00e1laszt\u00e1sra vonatkoz\u00f3 elj\u00e1r\u00e1srend &#8211; 1. sz\u00e1m\u00fa mell\u00e9klet<\/a><br \/>\n\u00a0<\/p>\n","protected":false},"author":101467,"featured_media":0,"parent":82992,"menu_order":12,"comment_status":"closed","ping_status":"closed","template":"","meta":{"_acf_changed":false,"footnotes":""},"categories":[],"tags":[],"class_list":["post-85514","page","type-page","status-publish","hentry"],"acf":[],"_links":{"self":[{"href":"https:\/\/semmelweis.hu\/jogigfoig\/wp-json\/wp\/v2\/pages\/85514","targetHints":{"allow":["GET"]}}],"collection":[{"href":"https:\/\/semmelweis.hu\/jogigfoig\/wp-json\/wp\/v2\/pages"}],"about":[{"href":"https:\/\/semmelweis.hu\/jogigfoig\/wp-json\/wp\/v2\/types\/page"}],"author":[{"embeddable":true,"href":"https:\/\/semmelweis.hu\/jogigfoig\/wp-json\/wp\/v2\/users\/101467"}],"replies":[{"embeddable":true,"href":"https:\/\/semmelweis.hu\/jogigfoig\/wp-json\/wp\/v2\/comments?post=85514"}],"version-history":[{"count":1,"href":"https:\/\/semmelweis.hu\/jogigfoig\/wp-json\/wp\/v2\/pages\/85514\/revisions"}],"predecessor-version":[{"id":85520,"href":"https:\/\/semmelweis.hu\/jogigfoig\/wp-json\/wp\/v2\/pages\/85514\/revisions\/85520"}],"up":[{"embeddable":true,"href":"https:\/\/semmelweis.hu\/jogigfoig\/wp-json\/wp\/v2\/pages\/82992"}],"wp:attachment":[{"href":"https:\/\/semmelweis.hu\/jogigfoig\/wp-json\/wp\/v2\/media?parent=85514"}],"wp:term":[{"taxonomy":"category","embeddable":true,"href":"https:\/\/semmelweis.hu\/jogigfoig\/wp-json\/wp\/v2\/categories?post=85514"},{"taxonomy":"post_tag","embeddable":true,"href":"https:\/\/semmelweis.hu\/jogigfoig\/wp-json\/wp\/v2\/tags?post=85514"}],"curies":[{"name":"wp","href":"https:\/\/api.w.org\/{rel}","templated":true}]}}