{"id":853,"date":"2013-01-24T09:00:38","date_gmt":"2013-01-24T09:00:38","guid":{"rendered":"http:\/\/semmelweis-egyetem.hu\/rektori-hivatal\/?page_id=853"},"modified":"2024-05-30T13:48:32","modified_gmt":"2024-05-30T11:48:32","slug":"egyedi-kozzeteteli-lista-archivum","status":"publish","type":"page","link":"https:\/\/semmelweis.hu\/jogigfoig\/adatvedelem-betegjog\/kozerdeku-adatok-archivum\/egyedi-kozzeteteli-lista-archivum\/","title":{"rendered":"Egyedi k\u00f6zz\u00e9t\u00e9teli lista (Arch\u00edvum)"},"content":{"rendered":"<p><a href=\"https:\/\/semmelweis.hu\/jogigfoig\/dokumentumtar\/alapito-okirat\/\">1. A Semmelweis Egyetem Alap\u00edt\u00f3 Okirata<\/a><\/p>\n<p><a href=\"https:\/\/semmelweis.hu\/jogigfoig\/dokumentumtar\/szabalyzattar\/\">2. A Semmelweis Egyetem Szab\u00e1lyzatai<\/a><\/p>\n<p><a href=\"https:\/\/semmelweis.hu\/rektori-hivatal\/tamogatott-umft-palyazatok\/\" target=\"_blank\" rel=\"noopener noreferrer\">3. A folyamatban l\u00e9v\u0151 eur\u00f3pai uni\u00f3s t\u00e1mogat\u00e1sra ir\u00e1nyul\u00f3 p\u00e1ly\u00e1zatok<em><br \/>\n<\/em><\/a><\/p>\n<p>&nbsp;<\/p>\n","protected":false},"excerpt":{"rendered":"<p><a href=\"https:\/\/semmelweis.hu\/jogigfoig\/dokumentumtar\/alapito-okirat\/\">1. A Semmelweis Egyetem Alap\u00edt\u00f3 Okirata<\/a><br \/>\n<a href=\"https:\/\/semmelweis.hu\/jogigfoig\/dokumentumtar\/szabalyzattar\/\">2. A Semmelweis Egyetem Szab\u00e1lyzatai<\/a><br \/>\n<a href=\"https:\/\/semmelweis.hu\/rektori-hivatal\/tamogatott-umft-palyazatok\/\" target=\"_blank\" rel=\"noopener noreferrer\">3. A folyamatban l\u00e9v\u0151 eur\u00f3pai uni\u00f3s t\u00e1mogat\u00e1sra ir\u00e1nyul\u00f3 p\u00e1ly\u00e1zatok<br \/>\n<\/a><br \/>\n&nbsp;<\/p>\n","protected":false},"author":128,"featured_media":0,"parent":932,"menu_order":0,"comment_status":"open","ping_status":"open","template":"","meta":{"_acf_changed":false,"footnotes":""},"categories":[],"tags":[],"class_list":["post-853","page","type-page","status-publish","hentry"],"acf":[],"_links":{"self":[{"href":"https:\/\/semmelweis.hu\/jogigfoig\/wp-json\/wp\/v2\/pages\/853","targetHints":{"allow":["GET"]}}],"collection":[{"href":"https:\/\/semmelweis.hu\/jogigfoig\/wp-json\/wp\/v2\/pages"}],"about":[{"href":"https:\/\/semmelweis.hu\/jogigfoig\/wp-json\/wp\/v2\/types\/page"}],"author":[{"embeddable":true,"href":"https:\/\/semmelweis.hu\/jogigfoig\/wp-json\/wp\/v2\/users\/128"}],"replies":[{"embeddable":true,"href":"https:\/\/semmelweis.hu\/jogigfoig\/wp-json\/wp\/v2\/comments?post=853"}],"version-history":[{"count":5,"href":"https:\/\/semmelweis.hu\/jogigfoig\/wp-json\/wp\/v2\/pages\/853\/revisions"}],"predecessor-version":[{"id":76736,"href":"https:\/\/semmelweis.hu\/jogigfoig\/wp-json\/wp\/v2\/pages\/853\/revisions\/76736"}],"up":[{"embeddable":true,"href":"https:\/\/semmelweis.hu\/jogigfoig\/wp-json\/wp\/v2\/pages\/932"}],"wp:attachment":[{"href":"https:\/\/semmelweis.hu\/jogigfoig\/wp-json\/wp\/v2\/media?parent=853"}],"wp:term":[{"taxonomy":"category","embeddable":true,"href":"https:\/\/semmelweis.hu\/jogigfoig\/wp-json\/wp\/v2\/categories?post=853"},{"taxonomy":"post_tag","embeddable":true,"href":"https:\/\/semmelweis.hu\/jogigfoig\/wp-json\/wp\/v2\/tags?post=853"}],"curies":[{"name":"wp","href":"https:\/\/api.w.org\/{rel}","templated":true}]}}