{"id":85294,"date":"2022-10-25T14:12:32","date_gmt":"2022-10-25T12:12:32","guid":{"rendered":"https:\/\/semmelweis.hu\/jogigfoig\/?page_id=85294"},"modified":"2022-11-21T14:45:48","modified_gmt":"2022-11-21T13:45:48","slug":"2022-oktober-24","status":"publish","type":"page","link":"https:\/\/semmelweis.hu\/jogigfoig\/testuletek\/szenatus\/2022-evi-szenatusi-hatarozatok\/2022-oktober-24\/","title":{"rendered":"2022. okt\u00f3ber 24."},"content":{"rendered":"<p style=\"text-align: justify\"><a href=\"https:\/\/semmelweis.hu\/jogigfoig\/files\/2022\/11\/N_7_2022_szenatus-napirend.pdf\">A Semmelweis Egyetem\u00a0Szen\u00e1tus\u00e1nak\u00a0N-7.2022. (X.24.) sz\u00e1m\u00fa hat\u00e1rozata\u00a0a szen\u00e1tusi \u00fcl\u00e9s napirendj\u00e9r\u0151l<\/a><\/p>\n<p style=\"text-align: justify\"><a href=\"https:\/\/semmelweis.hu\/jogigfoig\/files\/2022\/11\/N-8_2022_szenatus-napirend.pdf\">A Semmelweis Egyetem\u00a0Szen\u00e1tus\u00e1nak\u00a0N-8.2022. (X.24.) sz\u00e1m\u00fa hat\u00e1rozata\u00a0a szen\u00e1tusi \u00fcl\u00e9s napirendj\u00e9r\u0151l<\/a><\/p>\n<p style=\"text-align: justify\"><a href=\"https:\/\/semmelweis.hu\/jogigfoig\/files\/2022\/10\/85_2022_TVSZ-egyes-rendelkezeseinek-modositasa-a-lemorzsolodas-es-a-bukasi-arany-csokkentese-erdekeben.pdf\">A Semmelweis Egyetem Szen\u00e1tus\u00e1nak 85\/2022. (X.24.) sz\u00e1m\u00fa hat\u00e1rozata a Tanulm\u00e1nyi \u00e9s Vizsgaszab\u00e1lyzat egyes rendelkez\u00e9seinek m\u00f3dos\u00edt\u00e1s\u00e1r\u00f3l<\/a><\/p>\n<p style=\"text-align: justify\"><a href=\"https:\/\/semmelweis.hu\/jogigfoig\/files\/2022\/10\/85_2022_melleklet_HOK-egyetertes.pdf\">A Semmelweis Egyetem Szen\u00e1tus\u00e1nak 85\/2022. (X.24.) sz\u00e1m\u00fa hat\u00e1rozata a Tanulm\u00e1nyi \u00e9s Vizsgaszab\u00e1lyzat egyes rendelkez\u00e9seinek m\u00f3dos\u00edt\u00e1s\u00e1r\u00f3l &#8211; 1. sz\u00e1m\u00fa mell\u00e9klet<\/a><\/p>\n<p style=\"text-align: justify\"><a href=\"https:\/\/semmelweis.hu\/jogigfoig\/files\/2022\/11\/86_2022_2023-evi-Intezmenyi-koltsegvetesi-koncepcio.pdf\">A Semmelweis Egyetem\u00a0Szen\u00e1tus\u00e1nak\u00a086\/2022. (X.24.) sz\u00e1m\u00fa hat\u00e1rozata\u00a0a 2023. \u00e9vi Int\u00e9zm\u00e9nyi k\u00f6lts\u00e9gvet\u00e9si koncepci\u00f3r\u00f3l<\/a><\/p>\n<p style=\"text-align: justify\"><a href=\"https:\/\/semmelweis.hu\/jogigfoig\/files\/2022\/11\/86_2022_melleklet_2023-evi-Intezmenyi-koltsegvetesi-koncepcio.pdf\">A Semmelweis Egyetem Szen\u00e1tus\u00e1nak 86\/2022. (X.24.) sz\u00e1m\u00fa hat\u00e1rozata a 2023. \u00e9vi Int\u00e9zm\u00e9nyi k\u00f6lts\u00e9gvet\u00e9si koncepci\u00f3r\u00f3l &#8211; 1. sz\u00e1m\u00fa mell\u00e9klet<\/a><\/p>\n<p style=\"text-align: justify\"><a href=\"https:\/\/semmelweis.hu\/jogigfoig\/files\/2022\/11\/87_2022_Repulo-es-Urorvostani-Tanszek-letrehozasa.pdf\">A Semmelweis Egyetem\u00a0Szen\u00e1tus\u00e1nak\u00a087\/2022. (X.24.) sz\u00e1m\u00fa hat\u00e1rozata\u00a0a Rep\u00fcl\u0151- \u00e9s \u0170rorvostani Tansz\u00e9k l\u00e9trehoz\u00e1s\u00e1r\u00f3l a V\u00e1rosmajori Sz\u00edv- \u00e9s \u00c9rgy\u00f3gy\u00e1szati Klinik\u00e1hoz rendelten<\/a><\/p>\n<p style=\"text-align: justify\"><a href=\"https:\/\/semmelweis.hu\/jogigfoig\/files\/2022\/11\/88_2022_AOK-kurrikulum-modositas.pdf\">A Semmelweis Egyetem\u00a0Szen\u00e1tus\u00e1nak\u00a088\/2022. (X.24.) sz\u00e1m\u00fa hat\u00e1rozata\u00a0a 2019\/2020-as tan\u00e9vt\u0151l bevezetett orvosk\u00e9pz\u00e9s kurrikulum\u00e1nak m\u00f3dos\u00edt\u00e1s\u00e1r\u00f3l az \u00c1ltal\u00e1nos Orvostudom\u00e1nyi Karon<\/a><\/p>\n<p style=\"text-align: justify\"><a href=\"https:\/\/semmelweis.hu\/jogigfoig\/files\/2022\/11\/89_2022_AOK-kovetelmenyrendszer-modositasa.pdf\">A Semmelweis Egyetem\u00a0Szen\u00e1tus\u00e1nak\u00a089\/2022. (X.24.) sz\u00e1m\u00fa hat\u00e1rozata\u00a0az \u00c1ltal\u00e1nos Orvostudom\u00e1nyi Kar 2022\/2023-as tan\u00e9v tant\u00e1rgyi k\u00f6vetelm\u00e9nyrendszereir\u0151l<\/a><\/p>\n<p style=\"text-align: justify\"><a href=\"https:\/\/semmelweis.hu\/jogigfoig\/files\/2022\/11\/89_2022_melleklet_kotelezo-targyak-modositott-kovetelmenyrendszerei.pdf\">A Semmelweis Egyetem Szen\u00e1tus\u00e1nak 89\/2022. (X.24.) sz\u00e1m\u00fa hat\u00e1rozata az \u00c1ltal\u00e1nos Orvostudom\u00e1nyi Kar 2022\/2023-as tan\u00e9v tant\u00e1rgyi k\u00f6vetelm\u00e9nyrendszereir\u0151l &#8211; 1. sz\u00e1m\u00fa mell\u00e9klet<\/a><\/p>\n<p style=\"text-align: justify\"><a href=\"https:\/\/semmelweis.hu\/jogigfoig\/files\/2022\/11\/89_2022_melleklet_ujonnan-bevezetendo-kotelezo-es-szabadon-valaszthato-targyak-kovetelmenyrendszerei.pdf\">A Semmelweis Egyetem\u00a0Szen\u00e1tus\u00e1nak\u00a089\/2022. (X.24.) sz\u00e1m\u00fa hat\u00e1rozata\u00a0az \u00c1ltal\u00e1nos Orvostudom\u00e1nyi Kar 2022\/2023-as tan\u00e9v tant\u00e1rgyi k\u00f6vetelm\u00e9nyrendszereir\u0151l &#8211; 2. sz\u00e1m\u00fa mell\u00e9klet<\/a><\/p>\n<p style=\"text-align: justify\"><a href=\"https:\/\/semmelweis.hu\/jogigfoig\/files\/2022\/11\/90_2022_AOK-allando-bizottsagok.pdf\">A Semmelweis Egyetem\u00a0Szen\u00e1tus\u00e1nak\u00a090\/2022. (X.24.) sz\u00e1m\u00fa hat\u00e1rozata\u00a0a Szen\u00e1tus \u00e1ltal l\u00e9trehozott \u00e9s az \u00c1ltal\u00e1nos Orvostudom\u00e1nyi Karon\u00a0m\u0171k\u00f6d\u0151 \u00e1lland\u00f3 bizotts\u00e1gok\u00a0(Etikai \u00e9s Fegyelmi Bizotts\u00e1g, Kredit\u00e1tviteli Bizotts\u00e1g, Tanulm\u00e1nyi \u00e9s Vizsgabizotts\u00e1g)\u00a0\u00fcgyrendjeinek elfogad\u00e1s\u00e1r\u00f3l<\/a><\/p>\n<p style=\"text-align: justify\"><a href=\"https:\/\/semmelweis.hu\/jogigfoig\/files\/2022\/11\/90_2022_melleklet_Etikai-es-Fegyelmi-Bizottsag-ugyrendje.pdf\">A Semmelweis Egyetem Szen\u00e1tus\u00e1nak 90\/2022. (X.24.) sz\u00e1m\u00fa hat\u00e1rozata a Szen\u00e1tus \u00e1ltal l\u00e9trehozott \u00e9s az \u00c1ltal\u00e1nos Orvostudom\u00e1nyi Karon m\u0171k\u00f6d\u0151 \u00e1lland\u00f3 bizotts\u00e1gok (Etikai \u00e9s Fegyelmi Bizotts\u00e1g, Kredit\u00e1tviteli Bizotts\u00e1g, Tanulm\u00e1nyi \u00e9s Vizsgabizotts\u00e1g) \u00fcgyrendjeinek elfogad\u00e1s\u00e1r\u00f3l &#8211; 1. sz\u00e1m\u00fa mell\u00e9klet<\/a><\/p>\n<p style=\"text-align: justify\"><a href=\"https:\/\/semmelweis.hu\/jogigfoig\/files\/2022\/11\/90_2022_melleklet_Kreditatviteli-Bizottsag-ugyrendje.pdf\">A Semmelweis Egyetem Szen\u00e1tus\u00e1nak 90\/2022. (X.24.) sz\u00e1m\u00fa hat\u00e1rozata a Szen\u00e1tus \u00e1ltal l\u00e9trehozott \u00e9s az \u00c1ltal\u00e1nos Orvostudom\u00e1nyi Karon m\u0171k\u00f6d\u0151 \u00e1lland\u00f3 bizotts\u00e1gok (Etikai \u00e9s Fegyelmi Bizotts\u00e1g, Kredit\u00e1tviteli Bizotts\u00e1g, Tanulm\u00e1nyi \u00e9s Vizsgabizotts\u00e1g) \u00fcgyrendjeinek elfogad\u00e1s\u00e1r\u00f3l &#8211; 2. sz\u00e1m\u00fa mell\u00e9klet<\/a><\/p>\n<p style=\"text-align: justify\"><a href=\"https:\/\/semmelweis.hu\/jogigfoig\/files\/2022\/11\/90_2022_melleklet_Tanulmanyi-es-Vizsgabizottsag-ugyrendje.pdf\">A Semmelweis Egyetem Szen\u00e1tus\u00e1nak 90\/2022. (X.24.) sz\u00e1m\u00fa hat\u00e1rozata a Szen\u00e1tus \u00e1ltal l\u00e9trehozott \u00e9s az \u00c1ltal\u00e1nos Orvostudom\u00e1nyi Karon m\u0171k\u00f6d\u0151 \u00e1lland\u00f3 bizotts\u00e1gok (Etikai \u00e9s Fegyelmi Bizotts\u00e1g, Kredit\u00e1tviteli Bizotts\u00e1g, Tanulm\u00e1nyi \u00e9s Vizsgabizotts\u00e1g) \u00fcgyrendjeinek elfogad\u00e1s\u00e1r\u00f3l &#8211; 3. sz\u00e1m\u00fa mell\u00e9klet<\/a><\/p>\n<p style=\"text-align: justify\"><a href=\"https:\/\/semmelweis.hu\/jogigfoig\/files\/2022\/11\/91_2022_Neurorehabilitacios-Szakerto-MSc-szak-inditasa-PAK.pdf\">A Semmelweis Egyetem\u00a0Szen\u00e1tus\u00e1nak\u00a091\/2022. (X.24.) sz\u00e1m\u00fa hat\u00e1rozata\u00a0a Neurorehabilit\u00e1ci\u00f3s Szak\u00e9rt\u0151 MSc szak ind\u00edt\u00e1s\u00e1r\u00f3l a Pet\u0151 Andr\u00e1s Karon<\/a><\/p>\n<p style=\"text-align: justify\"><a href=\"https:\/\/semmelweis.hu\/jogigfoig\/files\/2022\/11\/91_2022_melleklet_a-szak-kepzesi-es-kimeneti-kovetelmenye.pdf\">A Semmelweis Egyetem Szen\u00e1tus\u00e1nak 91\/2022. (X.24.) sz\u00e1m\u00fa hat\u00e1rozata a Neurorehabilit\u00e1ci\u00f3s Szak\u00e9rt\u0151 MSc szak ind\u00edt\u00e1s\u00e1r\u00f3l a Pet\u0151 Andr\u00e1s Karon &#8211; 1. sz\u00e1m\u00fa mell\u00e9klet<\/a><\/p>\n<p style=\"text-align: justify\"><a href=\"https:\/\/semmelweis.hu\/jogigfoig\/files\/2022\/11\/92_2022_Pedagogus-szakvizsgas-kepzes_bemeneti-kovetelmenyek-modositasa_PAK.pdf\">A Semmelweis Egyetem\u00a0Szen\u00e1tus\u00e1nak 92\/2022. (X.24.) sz\u00e1m\u00fa hat\u00e1rozata\u00a0a Pedag\u00f3gus szakvizsg\u00e1s k\u00e9pz\u00e9s bemeneti k\u00e9pz\u00e9si k\u00f6vetelm\u00e9ny\u00e9nek m\u00f3dos\u00edt\u00e1s\u00e1r\u00f3l a Pet\u0151 Andr\u00e1s Karon<\/a><\/p>\n<p style=\"text-align: justify\"><a href=\"https:\/\/semmelweis.hu\/jogigfoig\/files\/2022\/11\/92_2022_melleklet_modositott-bemeneti-kovetelmenyek.pdf\">A Semmelweis Egyetem Szen\u00e1tus\u00e1nak 92\/2022. (X.24.) sz\u00e1m\u00fa hat\u00e1rozata a Pedag\u00f3gus szakvizsg\u00e1s k\u00e9pz\u00e9s bemeneti k\u00e9pz\u00e9si k\u00f6vetelm\u00e9ny\u00e9nek m\u00f3dos\u00edt\u00e1s\u00e1r\u00f3l a Pet\u0151 Andr\u00e1s Karon &#8211; 1. sz\u00e1m\u00fa mell\u00e9klet<\/a><\/p>\n<p style=\"text-align: justify\"><a href=\"https:\/\/semmelweis.hu\/jogigfoig\/files\/2022\/11\/93_2022_aktualis-vezetoi.pdf\">A Semmelweis Egyetem\u00a0Szen\u00e1tus\u00e1nak\u00a093\/2022. (X.24.) sz\u00e1m\u00fa hat\u00e1rozata\u00a0az aktu\u00e1lis vezet\u0151i \u00e1s oktat\u00f3i p\u00e1ly\u00e1zatok v\u00e9lem\u00e9nyez\u00e9s\u00e9r\u0151l<\/a><\/p>\n","protected":false},"excerpt":{"rendered":"<p><a href=\"https:\/\/semmelweis.hu\/jogigfoig\/files\/2022\/11\/N_7_2022_szenatus-napirend.pdf\">A Semmelweis Egyetem\u00a0Szen\u00e1tus\u00e1nak\u00a0N-7.2022. (X.24.) sz\u00e1m\u00fa hat\u00e1rozata\u00a0a szen\u00e1tusi \u00fcl\u00e9s napirendj\u00e9r\u0151l<\/a><br \/>\n<a href=\"https:\/\/semmelweis.hu\/jogigfoig\/files\/2022\/11\/N-8_2022_szenatus-napirend.pdf\">A Semmelweis Egyetem\u00a0Szen\u00e1tus\u00e1nak\u00a0N-8.2022. (X.24.) sz\u00e1m\u00fa hat\u00e1rozata\u00a0a szen\u00e1tusi \u00fcl\u00e9s napirendj\u00e9r\u0151l<\/a><br \/>\n<a href=\"https:\/\/semmelweis.hu\/jogigfoig\/files\/2022\/10\/85_2022_TVSZ-egyes-rendelkezeseinek-modositasa-a-lemorzsolodas-es-a-bukasi-arany-csokkentese-erdekeben.pdf\">A Semmelweis Egyetem Szen\u00e1tus\u00e1nak 85\/2022. (X.24.) sz\u00e1m\u00fa hat\u00e1rozata a Tanulm\u00e1nyi \u00e9s Vizsgaszab\u00e1lyzat egyes rendelkez\u00e9seinek m\u00f3dos\u00edt\u00e1s\u00e1r\u00f3l<\/a><br \/>\n<a href=\"https:\/\/semmelweis.hu\/jogigfoig\/files\/2022\/10\/85_2022_melleklet_HOK-egyetertes.pdf\">A Semmelweis Egyetem Szen\u00e1tus\u00e1nak 85\/2022. (X.24.) sz\u00e1m\u00fa hat\u00e1rozata a Tanulm\u00e1nyi \u00e9s Vizsgaszab\u00e1lyzat egyes rendelkez\u00e9seinek m\u00f3dos\u00edt\u00e1s\u00e1r\u00f3l &#8211; 1. sz\u00e1m\u00fa mell\u00e9klet<\/a><br \/>\n<a href=\"https:\/\/semmelweis.hu\/jogigfoig\/files\/2022\/11\/86_2022_2023-evi-Intezmenyi-koltsegvetesi-koncepcio.pdf\">A Semmelweis Egyetem\u00a0Szen\u00e1tus\u00e1nak\u00a086\/2022. (X.24.) sz\u00e1m\u00fa hat\u00e1rozata\u00a0a 2023. \u00e9vi Int\u00e9zm\u00e9nyi k\u00f6lts\u00e9gvet\u00e9si koncepci\u00f3r\u00f3l<\/a><br \/>\n<a href=\"https:\/\/semmelweis.hu\/jogigfoig\/files\/2022\/11\/86_2022_melleklet_2023-evi-Intezmenyi-koltsegvetesi-koncepcio.pdf\">A Semmelweis Egyetem Szen\u00e1tus\u00e1nak 86\/2022. (X.24.) sz\u00e1m\u00fa hat\u00e1rozata a 2023. \u00e9vi Int\u00e9zm\u00e9nyi k\u00f6lts\u00e9gvet\u00e9si koncepci\u00f3r\u00f3l &#8211; 1. sz\u00e1m\u00fa mell\u00e9klet<\/a><br \/>\n<a href=\"https:\/\/semmelweis.hu\/jogigfoig\/files\/2022\/11\/87_2022_Repulo-es-Urorvostani-Tanszek-letrehozasa.pdf\">A Semmelweis Egyetem\u00a0Szen\u00e1tus\u00e1nak\u00a087\/2022. (X.24.) sz\u00e1m\u00fa hat\u00e1rozata\u00a0a Rep\u00fcl\u0151- \u00e9s \u0170rorvostani Tansz\u00e9k l\u00e9trehoz\u00e1s\u00e1r\u00f3l a V\u00e1rosmajori Sz\u00edv- \u00e9s \u00c9rgy\u00f3gy\u00e1szati Klinik\u00e1hoz rendelten<\/a><br \/>\n<a href=\"https:\/\/semmelweis.hu\/jogigfoig\/files\/2022\/11\/88_2022_AOK-kurrikulum-modositas.pdf\">A Semmelweis Egyetem\u00a0Szen\u00e1tus\u00e1nak\u00a088\/2022. (X.24.) sz\u00e1m\u00fa hat\u00e1rozata\u00a0a 2019\/2020-as tan\u00e9vt\u0151l bevezetett orvosk\u00e9pz\u00e9s kurrikulum\u00e1nak m\u00f3dos\u00edt\u00e1s\u00e1r\u00f3l az \u00c1ltal\u00e1nos Orvostudom\u00e1nyi Karon<\/a><br \/>\n<a href=\"https:\/\/semmelweis.hu\/jogigfoig\/files\/2022\/11\/89_2022_AOK-kovetelmenyrendszer-modositasa.pdf\">A Semmelweis Egyetem\u00a0Szen\u00e1tus\u00e1nak\u00a089\/2022. (X.24.) sz\u00e1m\u00fa hat\u00e1rozata\u00a0az \u00c1ltal\u00e1nos Orvostudom\u00e1nyi Kar 2022\/2023-as tan\u00e9v tant\u00e1rgyi k\u00f6vetelm\u00e9nyrendszereir\u0151l<\/a><br \/>\n<a href=\"https:\/\/semmelweis.hu\/jogigfoig\/files\/2022\/11\/89_2022_melleklet_kotelezo-targyak-modositott-kovetelmenyrendszerei.pdf\">A Semmelweis Egyetem Szen\u00e1tus\u00e1nak 89\/2022. (X.24.) sz\u00e1m\u00fa hat\u00e1rozata az \u00c1ltal\u00e1nos Orvostudom\u00e1nyi Kar 2022\/2023-as tan\u00e9v tant\u00e1rgyi k\u00f6vetelm\u00e9nyrendszereir\u0151l &#8211; 1. sz\u00e1m\u00fa mell\u00e9klet<\/a><br \/>\n<a href=\"https:\/\/semmelweis.hu\/jogigfoig\/files\/2022\/11\/89_2022_melleklet_ujonnan-bevezetendo-kotelezo-es-szabadon-valaszthato-targyak-kovetelmenyrendszerei.pdf\">A Semmelweis Egyetem\u00a0Szen\u00e1tus\u00e1nak\u00a089\/2022. (X.24.) sz\u00e1m\u00fa hat\u00e1rozata\u00a0az \u00c1ltal\u00e1nos Orvostudom\u00e1nyi Kar 2022\/2023-as tan\u00e9v tant\u00e1rgyi k\u00f6vetelm\u00e9nyrendszereir\u0151l &#8211; 2. sz\u00e1m\u00fa mell\u00e9klet<\/a><br \/>\n<a href=\"https:\/\/semmelweis.hu\/jogigfoig\/files\/2022\/11\/90_2022_AOK-allando-bizottsagok.pdf\">A Semmelweis Egyetem\u00a0Szen\u00e1tus\u00e1nak\u00a090\/2022. (X.24.) sz\u00e1m\u00fa hat\u00e1rozata\u00a0a Szen\u00e1tus \u00e1ltal l\u00e9trehozott \u00e9s az \u00c1ltal\u00e1nos Orvostudom\u00e1nyi Karon\u00a0m\u0171k\u00f6d\u0151 \u00e1lland\u00f3 bizotts\u00e1gok\u00a0(Etikai \u00e9s Fegyelmi Bizotts\u00e1g, Kredit\u00e1tviteli Bizotts\u00e1g, Tanulm\u00e1nyi \u00e9s Vizsgabizotts\u00e1g)\u00a0\u00fcgyrendjeinek elfogad\u00e1s\u00e1r\u00f3l<\/a><br \/>\n<a href=\"https:\/\/semmelweis.hu\/jogigfoig\/files\/2022\/11\/90_2022_melleklet_Etikai-es-Fegyelmi-Bizottsag-ugyrendje.pdf\">A Semmelweis Egyetem Szen\u00e1tus\u00e1nak 90\/2022. (X.24.) sz\u00e1m\u00fa hat\u00e1rozata a Szen\u00e1tus \u00e1ltal l\u00e9trehozott \u00e9s az \u00c1ltal\u00e1nos Orvostudom\u00e1nyi Karon m\u0171k\u00f6d\u0151 \u00e1lland\u00f3 bizotts\u00e1gok (Etikai \u00e9s Fegyelmi Bizotts\u00e1g, Kredit\u00e1tviteli Bizotts\u00e1g, Tanulm\u00e1nyi \u00e9s Vizsgabizotts\u00e1g) \u00fcgyrendjeinek elfogad\u00e1s\u00e1r\u00f3l &#8211; 1. sz\u00e1m\u00fa mell\u00e9klet<\/a><br \/>\n<a href=\"https:\/\/semmelweis.hu\/jogigfoig\/files\/2022\/11\/90_2022_melleklet_Kreditatviteli-Bizottsag-ugyrendje.pdf\">A Semmelweis Egyetem Szen\u00e1tus\u00e1nak 90\/2022. (X.24.) sz\u00e1m\u00fa hat\u00e1rozata a Szen\u00e1tus \u00e1ltal l\u00e9trehozott \u00e9s az \u00c1ltal\u00e1nos Orvostudom\u00e1nyi Karon m\u0171k\u00f6d\u0151 \u00e1lland\u00f3 bizotts\u00e1gok (Etikai \u00e9s Fegyelmi Bizotts\u00e1g, Kredit\u00e1tviteli Bizotts\u00e1g, Tanulm\u00e1nyi \u00e9s Vizsgabizotts\u00e1g) \u00fcgyrendjeinek elfogad\u00e1s\u00e1r\u00f3l &#8211; 2. sz\u00e1m\u00fa mell\u00e9klet<\/a><br \/>\n<a href=\"https:\/\/semmelweis.hu\/jogigfoig\/files\/2022\/11\/90_2022_melleklet_Tanulmanyi-es-Vizsgabizottsag-ugyrendje.pdf\">A Semmelweis Egyetem Szen\u00e1tus\u00e1nak 90\/2022. (X.24.) sz\u00e1m\u00fa hat\u00e1rozata a Szen\u00e1tus \u00e1ltal l\u00e9trehozott \u00e9s az \u00c1ltal\u00e1nos Orvostudom\u00e1nyi Karon m\u0171k\u00f6d\u0151 \u00e1lland\u00f3 bizotts\u00e1gok (Etikai \u00e9s Fegyelmi Bizotts\u00e1g, Kredit\u00e1tviteli Bizotts\u00e1g, Tanulm\u00e1nyi \u00e9s Vizsgabizotts\u00e1g) \u00fcgyrendjeinek elfogad\u00e1s\u00e1r\u00f3l &#8211; 3. sz\u00e1m\u00fa mell\u00e9klet<\/a><br \/>\n<a href=\"https:\/\/semmelweis.hu\/jogigfoig\/files\/2022\/11\/91_2022_Neurorehabilitacios-Szakerto-MSc-szak-inditasa-PAK.pdf\">A Semmelweis Egyetem\u00a0Szen\u00e1tus\u00e1nak\u00a091\/2022. (X.24.) sz\u00e1m\u00fa hat\u00e1rozata\u00a0a Neurorehabilit\u00e1ci\u00f3s Szak\u00e9rt\u0151 MSc szak ind\u00edt\u00e1s\u00e1r\u00f3l a Pet\u0151 Andr\u00e1s Karon<\/a><br \/>\n<a href=\"https:\/\/semmelweis.hu\/jogigfoig\/files\/2022\/11\/91_2022_melleklet_a-szak-kepzesi-es-kimeneti-kovetelmenye.pdf\">A Semmelweis Egyetem Szen\u00e1tus\u00e1nak 91\/2022. (X.24.) sz\u00e1m\u00fa hat\u00e1rozata a Neurorehabilit\u00e1ci\u00f3s Szak\u00e9rt\u0151 MSc szak ind\u00edt\u00e1s\u00e1r\u00f3l a Pet\u0151 Andr\u00e1s Karon &#8211; 1. sz\u00e1m\u00fa mell\u00e9klet<\/a><br \/>\n<a href=\"https:\/\/semmelweis.hu\/jogigfoig\/files\/2022\/11\/92_2022_Pedagogus-szakvizsgas-kepzes_bemeneti-kovetelmenyek-modositasa_PAK.pdf\">A Semmelweis Egyetem\u00a0Szen\u00e1tus\u00e1nak 92\/2022. (X.24.) sz\u00e1m\u00fa hat\u00e1rozata\u00a0a Pedag\u00f3gus szakvizsg\u00e1s k\u00e9pz\u00e9s bemeneti k\u00e9pz\u00e9si k\u00f6vetelm\u00e9ny\u00e9nek m\u00f3dos\u00edt\u00e1s\u00e1r\u00f3l a Pet\u0151 Andr\u00e1s Karon<\/a><br \/>\n<a href=\"https:\/\/semmelweis.hu\/jogigfoig\/files\/2022\/11\/92_2022_melleklet_modositott-bemeneti-kovetelmenyek.pdf\">A Semmelweis Egyetem Szen\u00e1tus\u00e1nak 92\/2022. (X.24.) sz\u00e1m\u00fa hat\u00e1rozata a Pedag\u00f3gus szakvizsg\u00e1s k\u00e9pz\u00e9s bemeneti k\u00e9pz\u00e9si k\u00f6vetelm\u00e9ny\u00e9nek m\u00f3dos\u00edt\u00e1s\u00e1r\u00f3l a Pet\u0151 Andr\u00e1s Karon &#8211; 1. sz\u00e1m\u00fa mell\u00e9klet<\/a><br \/>\n<a href=\"https:\/\/semmelweis.hu\/jogigfoig\/files\/2022\/11\/93_2022_aktualis-vezetoi.pdf\">A Semmelweis Egyetem\u00a0Szen\u00e1tus\u00e1nak\u00a093\/2022. (X.24.) sz\u00e1m\u00fa hat\u00e1rozata\u00a0az aktu\u00e1lis vezet\u0151i \u00e1s oktat\u00f3i p\u00e1ly\u00e1zatok v\u00e9lem\u00e9nyez\u00e9s\u00e9r\u0151l<\/a><\/p>\n","protected":false},"author":101467,"featured_media":0,"parent":82992,"menu_order":11,"comment_status":"closed","ping_status":"closed","template":"","meta":{"_acf_changed":false,"footnotes":""},"categories":[],"tags":[],"class_list":["post-85294","page","type-page","status-publish","hentry"],"acf":[],"_links":{"self":[{"href":"https:\/\/semmelweis.hu\/jogigfoig\/wp-json\/wp\/v2\/pages\/85294","targetHints":{"allow":["GET"]}}],"collection":[{"href":"https:\/\/semmelweis.hu\/jogigfoig\/wp-json\/wp\/v2\/pages"}],"about":[{"href":"https:\/\/semmelweis.hu\/jogigfoig\/wp-json\/wp\/v2\/types\/page"}],"author":[{"embeddable":true,"href":"https:\/\/semmelweis.hu\/jogigfoig\/wp-json\/wp\/v2\/users\/101467"}],"replies":[{"embeddable":true,"href":"https:\/\/semmelweis.hu\/jogigfoig\/wp-json\/wp\/v2\/comments?post=85294"}],"version-history":[{"count":3,"href":"https:\/\/semmelweis.hu\/jogigfoig\/wp-json\/wp\/v2\/pages\/85294\/revisions"}],"predecessor-version":[{"id":85513,"href":"https:\/\/semmelweis.hu\/jogigfoig\/wp-json\/wp\/v2\/pages\/85294\/revisions\/85513"}],"up":[{"embeddable":true,"href":"https:\/\/semmelweis.hu\/jogigfoig\/wp-json\/wp\/v2\/pages\/82992"}],"wp:attachment":[{"href":"https:\/\/semmelweis.hu\/jogigfoig\/wp-json\/wp\/v2\/media?parent=85294"}],"wp:term":[{"taxonomy":"category","embeddable":true,"href":"https:\/\/semmelweis.hu\/jogigfoig\/wp-json\/wp\/v2\/categories?post=85294"},{"taxonomy":"post_tag","embeddable":true,"href":"https:\/\/semmelweis.hu\/jogigfoig\/wp-json\/wp\/v2\/tags?post=85294"}],"curies":[{"name":"wp","href":"https:\/\/api.w.org\/{rel}","templated":true}]}}