{"id":852,"date":"2013-01-24T09:14:28","date_gmt":"2013-01-24T09:14:28","guid":{"rendered":"http:\/\/semmelweis-egyetem.hu\/rektori-hivatal\/?page_id=852"},"modified":"2023-01-30T09:41:27","modified_gmt":"2023-01-30T08:41:27","slug":"kulonos-kozzeteteli-lista-archivum","status":"publish","type":"page","link":"https:\/\/semmelweis.hu\/jogigfoig\/adatvedelem-betegjog\/kozerdeku-adatok-archivum\/kulonos-kozzeteteli-lista-archivum\/","title":{"rendered":"K\u00fcl\u00f6n\u00f6s k\u00f6zz\u00e9t\u00e9teli lista &#8211; 2022. december 31-ig (Arch\u00edvum)"},"content":{"rendered":"<div class=\"responsive-tabs\">\n<h2 class=\"tabtitle\">Szervezeti, szem\u00e9lyzeti <br \/>\nadatok<\/h2>\n<div class=\"tabcontent\">\n\n<p><strong>I. Szervezeti, szem\u00e9lyzeti adatok<\/strong><\/p>\n<p>1. A Semmelweis Egyetem Szervezeti \u00e9s M\u0171k\u00f6d\u00e9si Szab\u00e1lyzata<\/p>\n\n<\/div><h2 class=\"tabtitle\">Tev\u00e9kenys\u00e9gre, m\u0171k\u00f6d\u00e9sre <br \/>\nvonatkoz\u00f3 adatok<\/h2>\n<div class=\"tabcontent\">\n\n<p><strong>II. Tev\u00e9kenys\u00e9gre, m\u0171k\u00f6d\u00e9sre vonatkoz\u00f3 adatok<\/strong><\/p>\n<p>1. A Szen\u00e1tus \u00f6sszet\u00e9tele \u00e9s hat\u00e1rozatai<\/p>\n<p>2. Besz\u00e1mol\u00f3 a Semmelweis Egyetem oktat\u00e1si, kutat\u00e1si, fejleszt\u00e9si \u00e9s innov\u00e1ci\u00f3s tev\u00e9kenys\u00e9g\u00e9r\u0151l<\/p>\n<ul>\n<li><em><a href=\"https:\/\/semmelweis.hu\/rektori-hivatal\/files\/2013\/01\/Oktat\u00e1s-besz\u00e1mol\u00f3-2007_2008.pdf\" target=\"_blank\" rel=\"noopener noreferrer\">Oktat\u00e1s 2007\/2008-as tan\u00e9v <\/a><\/em><\/li>\n<li><em><a href=\"https:\/\/semmelweis.hu\/wp-content\/uploads\/2011\/05\/academic_excellence_in_biomedical_research_at_semmelweis_university_budapest_hungary.pdf\" target=\"_blank\" rel=\"noopener noreferrer\">Kutat\u00e1s 2007\/2008-as tan\u00e9v<\/a><br \/>\n<\/em><\/li>\n<\/ul>\n<p>3. Az int\u00e9zm\u00e9nyi v\u00e1r\u00f3lista<\/p>\n<p>4. A t\u00e9r\u00edt\u00e9si d\u00edj ellen\u00e9ben ig\u00e9nybe vehet\u0151 egyes eg\u00e9szs\u00e9g\u00fcgyi szolg\u00e1ltat\u00e1sok t\u00e9r\u00edt\u00e9si d\u00edja<\/p>\n\n<\/div><h2 class=\"tabtitle\">Gazd\u00e1lkod\u00e1si <br \/>\nadatok<\/h2>\n<div class=\"tabcontent\">\n\n<p><strong>III. Gazd\u00e1lkod\u00e1si adatok<\/strong><\/p>\n<p>1. A k\u00f6zbeszerz\u00e9sekr\u0151l sz\u00f3l\u00f3 2011. \u00e9vi CVIII. T\u00f6rv\u00e9ny (Kbt.) 31 \u00a7-\u00e1ban meghat\u00e1rozott adatok<\/p>\n<ul>\n<li><a href=\"https:\/\/semmelweis.hu\/rektori-hivatal\/files\/2013\/01\/2009_\u00e9vi-k\u00f6zbeszerz\u00e9si-terv.pdf\" target=\"_blank\" rel=\"noopener noreferrer\">2009. \u00e9vi k\u00f6zbeszerz\u00e9si terv<\/a><\/li>\n<li><a href=\"https:\/\/semmelweis.hu\/rektori-hivatal\/files\/2013\/01\/2009_\u00e9vi-statisztikai-\u00f6sszegz\u00e9s.pdf\" target=\"_blank\" rel=\"noopener noreferrer\">2009. \u00e9vi \u00e9ves statisztikai \u00f6sszegz\u00e9s<\/a><\/li>\n<li><a href=\"https:\/\/semmelweis.hu\/rektori-hivatal\/files\/2013\/01\/2010_\u00e9vi-k\u00f6zbeszerz\u00e9si-terv.pdf\" target=\"_blank\" rel=\"noopener noreferrer\">2010. \u00e9vi k\u00f6zbeszerz\u00e9si terv<\/a><\/li>\n<li><a href=\"https:\/\/semmelweis.hu\/rektori-hivatal\/files\/2013\/01\/2010_\u00e9vi-statisztikai-\u00f6sszegz\u00e9s.pdf\" target=\"_blank\" rel=\"noopener noreferrer\">2010. \u00e9vi statisztikai \u00f6sszegz\u00e9s<\/a><\/li>\n<li><a href=\"https:\/\/semmelweis.hu\/rektori-hivatal\/files\/2013\/01\/2011_\u00e9vi-k\u00f6zbeszerz\u00e9si-terv-m\u00f3dos\u00edtott.xls\" target=\"_blank\" rel=\"noopener noreferrer\">2011. \u00e9vi k\u00f6zbeszerz\u00e9si terv<\/a><\/li>\n<li><a href=\"https:\/\/semmelweis.hu\/rektori-hivatal\/files\/2012\/11\/Statisztikai-\u00f6sszegz\u00e9s_2011.pdf\" target=\"_blank\" rel=\"noopener noreferrer\">2011. \u00e9vi \u00e9ves statisztikai \u00f6sszegz\u00e9s<\/a><\/li>\n<li><a href=\"https:\/\/semmelweis.hu\/rektori-hivatal\/files\/2012\/11\/K\u00f6zbeszerz\u00e9si-terv_2012.xls\" target=\"_blank\" rel=\"noopener noreferrer\">2012. \u00e9vi k\u00f6zbeszerz\u00e9si terv<\/a><\/li>\n<li><a href=\"https:\/\/semmelweis.hu\/rektori-hivatal\/files\/2013\/07\/2012-\u00e9vr\u0151l-statisztikai-\u00f6sszegez\u00e9s.pdf\" target=\"_blank\" rel=\"noopener noreferrer\">2012. \u00e9vi \u00e9ves statisztikai \u00f6sszegz\u00e9s\u00a0<\/a><\/li>\n<li><a href=\"https:\/\/semmelweis.hu\/rektori-hivatal\/files\/2013\/04\/2013.-\u00e9v-K\u00f6zbeszerz\u00e9si-terv-m\u00f3dos\u00edtott.pdf\" target=\"_blank\" rel=\"noopener noreferrer\">2013. \u00e9vi k\u00f6zbeszerz\u00e9si terv<\/a><\/li>\n<li>A k\u00f6zbeszerz\u00e9si elj\u00e1r\u00e1s alapj\u00e1n megk\u00f6t\u00f6tt szerz\u0151d\u00e9sek (<a href=\"https:\/\/semmelweis.hu\/rektori-hivatal\/a-kozbeszerzesi-eljaras-alapjan-megkotott-szerzodesek-archivum\/\" target=\"_blank\" rel=\"noopener noreferrer\">2007-2012. \u00e9v<\/a>, <a href=\"https:\/\/semmelweis.hu\/rektori-hivatal\/files\/2013\/01\/K\u00f6zbeszerz\u00e9si-elj\u00e1r\u00e1s-alapj\u00e1n-megk\u00f6t\u00f6tt-szer\u0151d\u00e9sek_2012_12_31.pdf\" target=\"_blank\" rel=\"noopener noreferrer\">2012. \u00e9v<\/a>)<\/li>\n<li>Folyamatban l\u00e9v\u0151 k\u00f6zbeszerz\u00e9si elj\u00e1r\u00e1sok (2009.\u00e9v, 2010. \u00e9v)<\/li>\n<li>A megk\u00f6t\u00f6tt szerz\u0151d\u00e9sek teljes\u00edt\u00e9s\u00e9re vonatkoz\u00f3 adatok<\/li>\n<\/ul>\n<p style=\"text-align: justify\"><a href=\"https:\/\/semmelweis.hu\/jogigfoig\/adatvedelem-betegjog\/kozerdeku-adatok-archivum\/kulonos-kozzeteteli-lista-archivum\/a-netto-100-millio-forintot-elero-vagy-meghalado-szerzodesek-alapjan-teljesitett-kifizetesek-a-semmelweis-egyetemen\/\">2. A nett\u00f3 100 milli\u00f3 forintot el\u00e9r\u0151, vagy meghalad\u00f3 szerz\u0151d\u00e9sek alapj\u00e1n teljes\u00edtett kifizet\u00e9sek a Semmelweis Egyetemen<\/a><\/p>\n<\/div><\/div>\n","protected":false},"excerpt":{"rendered":"<p>I. Szervezeti, szem\u00e9lyzeti adatok 1. A Semmelweis Egyetem Szervezeti \u00e9s M\u0171k\u00f6d\u00e9si Szab\u00e1lyzata II. Tev\u00e9kenys\u00e9gre, m\u0171k\u00f6d\u00e9sre vonatkoz\u00f3 adatok 1. A Szen\u00e1tus \u00f6sszet\u00e9tele \u00e9s hat\u00e1rozatai 2. Besz\u00e1mol\u00f3 a Semmelweis Egyetem oktat\u00e1si, kutat\u00e1si, fejleszt\u00e9si \u00e9s innov\u00e1ci\u00f3s tev\u00e9kenys\u00e9g\u00e9r\u0151l <a href=\"https:\/\/semmelweis.hu\/rektori-hivatal\/files\/2013\/01\/Oktat\u00e1s-besz\u00e1mol\u00f3-2007_2008.pdf\" target=\"_blank\" rel=\"noopener noreferrer\">Oktat\u00e1s 2007\/2008-as tan\u00e9v <\/a> <a href=\"https:\/\/semmelweis.hu\/wp-content\/uploads\/2011\/05\/academic_excellence_in_biomedical_research_at_semmelweis_university_budapest_hungary.pdf\" target=\"_blank\" rel=\"noopener noreferrer\">Kutat\u00e1s 2007\/2008-as tan\u00e9v<\/a> 3. Az int\u00e9zm\u00e9nyi v\u00e1r\u00f3lista 4. A t\u00e9r\u00edt\u00e9si d\u00edj ellen\u00e9ben ig\u00e9nybe vehet\u0151 egyes eg\u00e9szs\u00e9g\u00fcgyi szolg\u00e1ltat\u00e1sok t\u00e9r\u00edt\u00e9si d\u00edja III. Gazd\u00e1lkod\u00e1si adatok 1. A &hellip;<\/p>\n","protected":false},"author":128,"featured_media":0,"parent":932,"menu_order":0,"comment_status":"open","ping_status":"open","template":"","meta":{"_acf_changed":false,"footnotes":""},"categories":[],"tags":[],"class_list":["post-852","page","type-page","status-publish","hentry"],"acf":[],"_links":{"self":[{"href":"https:\/\/semmelweis.hu\/jogigfoig\/wp-json\/wp\/v2\/pages\/852","targetHints":{"allow":["GET"]}}],"collection":[{"href":"https:\/\/semmelweis.hu\/jogigfoig\/wp-json\/wp\/v2\/pages"}],"about":[{"href":"https:\/\/semmelweis.hu\/jogigfoig\/wp-json\/wp\/v2\/types\/page"}],"author":[{"embeddable":true,"href":"https:\/\/semmelweis.hu\/jogigfoig\/wp-json\/wp\/v2\/users\/128"}],"replies":[{"embeddable":true,"href":"https:\/\/semmelweis.hu\/jogigfoig\/wp-json\/wp\/v2\/comments?post=852"}],"version-history":[{"count":12,"href":"https:\/\/semmelweis.hu\/jogigfoig\/wp-json\/wp\/v2\/pages\/852\/revisions"}],"predecessor-version":[{"id":86461,"href":"https:\/\/semmelweis.hu\/jogigfoig\/wp-json\/wp\/v2\/pages\/852\/revisions\/86461"}],"up":[{"embeddable":true,"href":"https:\/\/semmelweis.hu\/jogigfoig\/wp-json\/wp\/v2\/pages\/932"}],"wp:attachment":[{"href":"https:\/\/semmelweis.hu\/jogigfoig\/wp-json\/wp\/v2\/media?parent=852"}],"wp:term":[{"taxonomy":"category","embeddable":true,"href":"https:\/\/semmelweis.hu\/jogigfoig\/wp-json\/wp\/v2\/categories?post=852"},{"taxonomy":"post_tag","embeddable":true,"href":"https:\/\/semmelweis.hu\/jogigfoig\/wp-json\/wp\/v2\/tags?post=852"}],"curies":[{"name":"wp","href":"https:\/\/api.w.org\/{rel}","templated":true}]}}