{"id":85022,"date":"2022-10-04T14:04:55","date_gmt":"2022-10-04T12:04:55","guid":{"rendered":"https:\/\/semmelweis.hu\/jogigfoig\/?page_id=85022"},"modified":"2022-11-21T14:45:42","modified_gmt":"2022-11-21T13:45:42","slug":"2022-szeptember-26","status":"publish","type":"page","link":"https:\/\/semmelweis.hu\/jogigfoig\/testuletek\/szenatus\/2022-evi-szenatusi-hatarozatok\/2022-szeptember-26\/","title":{"rendered":"2022. szeptember 26."},"content":{"rendered":"<p style=\"text-align: justify\"><a href=\"https:\/\/semmelweis.hu\/jogigfoig\/files\/2022\/10\/68_2022_a-Szenatus-2022.-evi-oszi-munkaterverol.pdf\">A Semmelweis Egyetem\u00a0Szen\u00e1tus\u00e1nak\u00a068\/2022. (IX.26.) sz\u00e1m\u00fa hat\u00e1rozata\u00a0a Szen\u00e1tus 2022. \u00e9vi \u0151szi munkaterv\u00e9r\u0151l<\/a><\/p>\n<p style=\"text-align: justify\"><a href=\"https:\/\/semmelweis.hu\/jogigfoig\/files\/2022\/10\/68_2022_melleklet_a-Szenatus-2022.-evi-oszi-munkaterverol.pdf\">A Semmelweis Egyetem Szen\u00e1tus\u00e1nak 68\/2022. (IX.26.) sz\u00e1m\u00fa hat\u00e1rozata a Szen\u00e1tus 2022. \u00e9vi \u0151szi munkaterv\u00e9r\u0151l &#8211; 1. sz\u00e1m\u00fa mell\u00e9klet<\/a><\/p>\n<p style=\"text-align: justify\"><a href=\"https:\/\/semmelweis.hu\/jogigfoig\/files\/2022\/10\/70_2022_az-SzMSz-egyes-rendelkezeseinek-modositasarol.pdf\">A Semmelweis Egyetem\u00a0Szen\u00e1tus\u00e1nak\u00a070\/2022. (IX.26.) sz\u00e1m\u00fa hat\u00e1rozata\u00a0a Szervezeti \u00e9s M\u0171k\u00f6d\u00e9si Szab\u00e1lyzat egyes rendelkez\u00e9seinek m\u00f3dos\u00edt\u00e1s\u00e1r\u00f3l<\/a><\/p>\n<p style=\"text-align: justify\"><a href=\"https:\/\/semmelweis.hu\/jogigfoig\/files\/2022\/10\/70_2022_melleklet_az-SzMSz-egyes-rendelkezeseinek-modositasarol.pdf\">A Semmelweis Egyetem Szen\u00e1tus\u00e1nak 70\/2022. (IX.26.) sz\u00e1m\u00fa hat\u00e1rozata a Szervezeti \u00e9s M\u0171k\u00f6d\u00e9si Szab\u00e1lyzat egyes rendelkez\u00e9seinek m\u00f3dos\u00edt\u00e1s\u00e1r\u00f3l &#8211; 1. sz\u00e1m\u00fa mell\u00e9klet<\/a><\/p>\n<p style=\"text-align: justify\"><a href=\"https:\/\/semmelweis.hu\/jogigfoig\/files\/2022\/10\/71_2022_a-Testneveles-tantargy-orainak-latogatasa-aloli-felmentesre-iranyulo-hallgatoi-igenyek-elbiralasanak-folyamatarol.pdf\">A Semmelweis Egyetem\u00a0Szen\u00e1tus\u00e1nak\u00a071\/2022. (IX.26.) sz\u00e1m\u00fa hat\u00e1rozata\u00a0a Testnevel\u00e9s tant\u00e1rgy \u00f3r\u00e1inak l\u00e1togat\u00e1sa al\u00f3li felment\u00e9sre ir\u00e1nyul\u00f3 hallgat\u00f3i ig\u00e9nyek elb\u00edr\u00e1l\u00e1s\u00e1nak folyamat\u00e1r\u00f3l<\/a><\/p>\n<p style=\"text-align: justify\"><a href=\"https:\/\/semmelweis.hu\/jogigfoig\/files\/2022\/10\/72_2022_a-Semmelweis-Egyetem-Kivalo-Oktato-Szakdolgozoja-kituntetes-alapitasarol.pdf\">A Semmelweis Egyetem\u00a0Szen\u00e1tus\u00e1nak\u00a072\/2022. (IX.26.) sz\u00e1m\u00fa hat\u00e1rozata\u00a0a Semmelweis Egyetem Kiv\u00e1l\u00f3 Oktat\u00f3 Szakdolgoz\u00f3ja kit\u00fcntet\u00e9s alap\u00edt\u00e1s\u00e1r\u00f3l<\/a><\/p>\n<p style=\"text-align: justify\"><a href=\"https:\/\/semmelweis.hu\/jogigfoig\/files\/2022\/10\/72_2022_melleklet_Kivalo-Szakdolgozo-Oktato-kituntetes-alapitasarol.pdf\">A Semmelweis Egyetem Szen\u00e1tus\u00e1nak 72\/2022. (IX.26.) sz\u00e1m\u00fa hat\u00e1rozata a Semmelweis Egyetem Kiv\u00e1l\u00f3 Oktat\u00f3 Szakdolgoz\u00f3ja kit\u00fcntet\u00e9s alap\u00edt\u00e1s\u00e1r\u00f3l &#8211; 1. sz\u00e1m\u00fa mell\u00e9klet<\/a><\/p>\n<p style=\"text-align: justify\"><a href=\"https:\/\/semmelweis.hu\/jogigfoig\/files\/2022\/10\/73_2022_a-Kulso-Klinikai-Kutatasi-Munkat-Velemenyezo-Bizottsag-ugyrendjenek-modositasarol.pdf\">A Semmelweis Egyetem\u00a0Szen\u00e1tus\u00e1nak\u00a073\/2022. (IX.26.) sz\u00e1m\u00fa hat\u00e1rozata\u00a0a K\u00fcls\u0151 Klinikai Kutat\u00e1si Munk\u00e1t V\u00e9lem\u00e9nyez\u0151 Bizotts\u00e1g \u00fcgyrendj\u00e9nek m\u00f3dos\u00edt\u00e1s\u00e1r\u00f3l<\/a><\/p>\n<p style=\"text-align: justify\"><a href=\"https:\/\/semmelweis.hu\/jogigfoig\/files\/2022\/10\/73_2022_melleklet_a-Kulso-Klinikai-Kutatasi-Munkat-Velemenyezo-Bizottsag-ugyrendje.pdf\">A Semmelweis Egyetem Szen\u00e1tus\u00e1nak 73\/2022. (IX.26.) sz\u00e1m\u00fa hat\u00e1rozata a K\u00fcls\u0151 Klinikai Kutat\u00e1si Munk\u00e1t V\u00e9lem\u00e9nyez\u0151 Bizotts\u00e1g \u00fcgyrendj\u00e9nek m\u00f3dos\u00edt\u00e1s\u00e1r\u00f3l &#8211; 1. sz\u00e1m\u00fa mell\u00e9klet<\/a><\/p>\n<p style=\"text-align: justify\"><a href=\"https:\/\/semmelweis.hu\/jogigfoig\/files\/2022\/10\/74_2022_a-Kulso-Klinikai-Kutatasi-Munkat-Velemenyezo-Bizottsag-szemelyi-osszetetelenek-megujitasarol.pdf\">A Semmelweis Egyetem\u00a0Szen\u00e1tus\u00e1nak\u00a074\/2022. (IX.26.) sz\u00e1m\u00fa hat\u00e1rozata\u00a0a K\u00fcls\u0151 Klinikai Kutat\u00e1si Munk\u00e1t V\u00e9lem\u00e9nyez\u0151 Bizotts\u00e1g szem\u00e9lyi \u00f6sszet\u00e9tel\u00e9nek meg\u00faj\u00edt\u00e1s\u00e1r\u00f3l<\/a><\/p>\n<p style=\"text-align: justify\"><a href=\"https:\/\/semmelweis.hu\/jogigfoig\/files\/2022\/10\/75_2022_az-Egyetemi-Tudomanyos-Tanacs-Ugyrendjenek-modositasarol.pdf\">A Semmelweis Egyetem\u00a0Szen\u00e1tus\u00e1nak\u00a075\/2022. (IX.26.) sz\u00e1m\u00fa hat\u00e1rozata\u00a0az Egyetemi Tudom\u00e1nyos Tan\u00e1cs \u00dcgyrendj\u00e9nek m\u00f3dos\u00edt\u00e1s\u00e1r\u00f3l<\/a><\/p>\n<p style=\"text-align: justify\"><a href=\"https:\/\/semmelweis.hu\/jogigfoig\/files\/2022\/10\/76_2022_Semmelweis-Budapest-Award.pdf\">A Semmelweis Egyetem\u00a0Szen\u00e1tus\u00e1nak\u00a076\/2022. (IX.26.) sz\u00e1m\u00fa hat\u00e1rozata\u00a0a 2022. \u00e9vi Semmelweis Budapest Award adom\u00e1nyoz\u00e1s\u00e1r\u00f3l<\/a><\/p>\n<p style=\"text-align: justify\"><a href=\"https:\/\/semmelweis.hu\/jogigfoig\/files\/2022\/10\/77_2022_Semmelweis-Ignac-jutalomdij.pdf\">A Semmelweis Egyetem\u00a0Szen\u00e1tus\u00e1nak\u00a077\/2022. (IX.26.) sz\u00e1m\u00fa hat\u00e1rozata\u00a0a 2022. \u00e9vi Semmelweis Ign\u00e1c eml\u00e9k\u00e9rem \u00e9s jutalomd\u00edj adom\u00e1nyoz\u00e1s\u00e1r\u00f3l<\/a><\/p>\n<p style=\"text-align: justify\"><a href=\"https:\/\/semmelweis.hu\/jogigfoig\/files\/2022\/10\/78_2022_Richter-Gedeon-emlekerem-es-jutalomdij.pdf\">A Semmelweis Egyetem\u00a0Szen\u00e1tus\u00e1nak\u00a078\/2022. (IX.26.) sz\u00e1m\u00fa hat\u00e1rozata\u00a0a 2022. \u00e9vi Richter Gedeon eml\u00e9k\u00e9rem \u00e9s jutalomd\u00edj adom\u00e1nyoz\u00e1s\u00e1r\u00f3l<\/a><\/p>\n<p style=\"text-align: justify\"><a href=\"https:\/\/semmelweis.hu\/jogigfoig\/files\/2022\/10\/79_2022_Hugonnai-Vilma-emlekerem-es-jutalomdij.pdf\">A Semmelweis Egyetem\u00a0Szen\u00e1tus\u00e1nak\u00a079\/2022. (IX.26.) sz\u00e1m\u00fa hat\u00e1rozata\u00a0a 2022. \u00e9vi Hugonnai Vilma eml\u00e9k\u00e9rem \u00e9s jutalomd\u00edj adom\u00e1nyoz\u00e1s\u00e1r\u00f3l<\/a><\/p>\n<p style=\"text-align: justify\"><a href=\"https:\/\/semmelweis.hu\/jogigfoig\/files\/2022\/10\/80_2022_Huzella-Tivadar-emlekerem-es-jutalomdij.pdf\">A Semmelweis Egyetem\u00a0Szen\u00e1tus\u00e1nak\u00a080\/2022. (IX.26.) sz\u00e1m\u00fa hat\u00e1rozata\u00a0a 2022. \u00e9vi Huzella Tivadar eml\u00e9k\u00e9rem \u00e9s jutalomd\u00edj adom\u00e1nyoz\u00e1s\u00e1r\u00f3l<\/a><\/p>\n<p style=\"text-align: justify\"><a href=\"https:\/\/semmelweis.hu\/jogigfoig\/files\/2022\/10\/81_2022_Jendrassik-Erno-emlekerem-es-jutalomdij.pdf\">A Semmelweis Egyetem\u00a0Szen\u00e1tus\u00e1nak\u00a081\/2022. (IX.26.) sz\u00e1m\u00fa hat\u00e1rozata\u00a0a 2022. \u00e9vi Jendrassik Ern\u0151 eml\u00e9k\u00e9rem \u00e9s jutalomd\u00edj adom\u00e1nyoz\u00e1s\u00e1r\u00f3l<\/a><\/p>\n<p style=\"text-align: justify\"><a href=\"https:\/\/semmelweis.hu\/jogigfoig\/files\/2022\/10\/82_2022_Semmelweis-Innovacios-Dij.pdf\">A Semmelweis Egyetem\u00a0Szen\u00e1tus\u00e1nak\u00a082\/2022. (IX.26.) sz\u00e1m\u00fa hat\u00e1rozata\u00a0a 2022. \u00e9vi Semmelweis Innov\u00e1ci\u00f3s D\u00edj adom\u00e1nyoz\u00e1s\u00e1r\u00f3l<\/a><\/p>\n<p style=\"text-align: justify\"><a href=\"https:\/\/semmelweis.hu\/jogigfoig\/files\/2022\/10\/83_2022_az-oraado-oktatoknak-adomanyozhato-cimek-odaiteleserol.pdf\">A Semmelweis Egyetem\u00a0Szen\u00e1tus\u00e1nak\u00a083\/2022. (IX.26.) sz\u00e1m\u00fa hat\u00e1rozata\u00a0az \u00f3raad\u00f3 oktat\u00f3knak adom\u00e1nyozhat\u00f3 c\u00edmek oda\u00edt\u00e9l\u00e9s\u00e9r\u0151l<\/a><\/p>\n<p style=\"text-align: justify\"><a href=\"https:\/\/semmelweis.hu\/jogigfoig\/files\/2022\/10\/84_2022_az-aktualis-vezetoi-palyazat-velemenyezeserol.pdf\">A Semmelweis Egyetem\u00a0Szen\u00e1tus\u00e1nak\u00a084\/2022. (IX.26.) sz\u00e1m\u00fa hat\u00e1rozata\u00a0az aktu\u00e1lis vezet\u0151i p\u00e1ly\u00e1zat v\u00e9lem\u00e9nyez\u00e9s\u00e9r\u0151l<\/a><\/p>\n","protected":false},"excerpt":{"rendered":"<p><a href=\"https:\/\/semmelweis.hu\/jogigfoig\/files\/2022\/10\/68_2022_a-Szenatus-2022.-evi-oszi-munkaterverol.pdf\">A Semmelweis Egyetem\u00a0Szen\u00e1tus\u00e1nak\u00a068\/2022. (IX.26.) sz\u00e1m\u00fa hat\u00e1rozata\u00a0a Szen\u00e1tus 2022. \u00e9vi \u0151szi munkaterv\u00e9r\u0151l<\/a><br \/>\n<a href=\"https:\/\/semmelweis.hu\/jogigfoig\/files\/2022\/10\/68_2022_melleklet_a-Szenatus-2022.-evi-oszi-munkaterverol.pdf\">A Semmelweis Egyetem Szen\u00e1tus\u00e1nak 68\/2022. (IX.26.) sz\u00e1m\u00fa hat\u00e1rozata a Szen\u00e1tus 2022. \u00e9vi \u0151szi munkaterv\u00e9r\u0151l &#8211; 1. sz\u00e1m\u00fa mell\u00e9klet<\/a><br \/>\n<a href=\"https:\/\/semmelweis.hu\/jogigfoig\/files\/2022\/10\/70_2022_az-SzMSz-egyes-rendelkezeseinek-modositasarol.pdf\">A Semmelweis Egyetem\u00a0Szen\u00e1tus\u00e1nak\u00a070\/2022. (IX.26.) sz\u00e1m\u00fa hat\u00e1rozata\u00a0a Szervezeti \u00e9s M\u0171k\u00f6d\u00e9si Szab\u00e1lyzat egyes rendelkez\u00e9seinek m\u00f3dos\u00edt\u00e1s\u00e1r\u00f3l<\/a><br \/>\n<a href=\"https:\/\/semmelweis.hu\/jogigfoig\/files\/2022\/10\/70_2022_melleklet_az-SzMSz-egyes-rendelkezeseinek-modositasarol.pdf\">A Semmelweis Egyetem Szen\u00e1tus\u00e1nak 70\/2022. (IX.26.) sz\u00e1m\u00fa hat\u00e1rozata a Szervezeti \u00e9s M\u0171k\u00f6d\u00e9si Szab\u00e1lyzat egyes rendelkez\u00e9seinek m\u00f3dos\u00edt\u00e1s\u00e1r\u00f3l &#8211; 1. sz\u00e1m\u00fa mell\u00e9klet<\/a><br \/>\n<a href=\"https:\/\/semmelweis.hu\/jogigfoig\/files\/2022\/10\/71_2022_a-Testneveles-tantargy-orainak-latogatasa-aloli-felmentesre-iranyulo-hallgatoi-igenyek-elbiralasanak-folyamatarol.pdf\">A Semmelweis Egyetem\u00a0Szen\u00e1tus\u00e1nak\u00a071\/2022. (IX.26.) sz\u00e1m\u00fa hat\u00e1rozata\u00a0a Testnevel\u00e9s tant\u00e1rgy \u00f3r\u00e1inak l\u00e1togat\u00e1sa al\u00f3li felment\u00e9sre ir\u00e1nyul\u00f3 hallgat\u00f3i ig\u00e9nyek elb\u00edr\u00e1l\u00e1s\u00e1nak folyamat\u00e1r\u00f3l<\/a><br \/>\n<a href=\"https:\/\/semmelweis.hu\/jogigfoig\/files\/2022\/10\/72_2022_a-Semmelweis-Egyetem-Kivalo-Oktato-Szakdolgozoja-kituntetes-alapitasarol.pdf\">A Semmelweis Egyetem\u00a0Szen\u00e1tus\u00e1nak\u00a072\/2022. (IX.26.) sz\u00e1m\u00fa hat\u00e1rozata\u00a0a Semmelweis Egyetem Kiv\u00e1l\u00f3 Oktat\u00f3 Szakdolgoz\u00f3ja kit\u00fcntet\u00e9s alap\u00edt\u00e1s\u00e1r\u00f3l<\/a><br \/>\n<a href=\"https:\/\/semmelweis.hu\/jogigfoig\/files\/2022\/10\/72_2022_melleklet_Kivalo-Szakdolgozo-Oktato-kituntetes-alapitasarol.pdf\">A Semmelweis Egyetem Szen\u00e1tus\u00e1nak 72\/2022. (IX.26.) sz\u00e1m\u00fa hat\u00e1rozata a Semmelweis Egyetem Kiv\u00e1l\u00f3 Oktat\u00f3 Szakdolgoz\u00f3ja kit\u00fcntet\u00e9s alap\u00edt\u00e1s\u00e1r\u00f3l &#8211; 1. sz\u00e1m\u00fa mell\u00e9klet<\/a><br \/>\n<a href=\"https:\/\/semmelweis.hu\/jogigfoig\/files\/2022\/10\/73_2022_a-Kulso-Klinikai-Kutatasi-Munkat-Velemenyezo-Bizottsag-ugyrendjenek-modositasarol.pdf\">A Semmelweis Egyetem\u00a0Szen\u00e1tus\u00e1nak\u00a073\/2022. (IX.26.) sz\u00e1m\u00fa hat\u00e1rozata\u00a0a K\u00fcls\u0151 Klinikai Kutat\u00e1si Munk\u00e1t V\u00e9lem\u00e9nyez\u0151 Bizotts\u00e1g \u00fcgyrendj\u00e9nek m\u00f3dos\u00edt\u00e1s\u00e1r\u00f3l<\/a><br \/>\n<a href=\"https:\/\/semmelweis.hu\/jogigfoig\/files\/2022\/10\/73_2022_melleklet_a-Kulso-Klinikai-Kutatasi-Munkat-Velemenyezo-Bizottsag-ugyrendje.pdf\">A Semmelweis Egyetem Szen\u00e1tus\u00e1nak 73\/2022. (IX.26.) sz\u00e1m\u00fa hat\u00e1rozata a K\u00fcls\u0151 Klinikai Kutat\u00e1si Munk\u00e1t V\u00e9lem\u00e9nyez\u0151 Bizotts\u00e1g \u00fcgyrendj\u00e9nek m\u00f3dos\u00edt\u00e1s\u00e1r\u00f3l &#8211; 1. sz\u00e1m\u00fa mell\u00e9klet<\/a><br \/>\n<a href=\"https:\/\/semmelweis.hu\/jogigfoig\/files\/2022\/10\/74_2022_a-Kulso-Klinikai-Kutatasi-Munkat-Velemenyezo-Bizottsag-szemelyi-osszetetelenek-megujitasarol.pdf\">A Semmelweis Egyetem\u00a0Szen\u00e1tus\u00e1nak\u00a074\/2022. (IX.26.) sz\u00e1m\u00fa hat\u00e1rozata\u00a0a K\u00fcls\u0151 Klinikai Kutat\u00e1si Munk\u00e1t V\u00e9lem\u00e9nyez\u0151 Bizotts\u00e1g szem\u00e9lyi \u00f6sszet\u00e9tel\u00e9nek meg\u00faj\u00edt\u00e1s\u00e1r\u00f3l<\/a><br \/>\n<a href=\"https:\/\/semmelweis.hu\/jogigfoig\/files\/2022\/10\/75_2022_az-Egyetemi-Tudomanyos-Tanacs-Ugyrendjenek-modositasarol.pdf\">A Semmelweis Egyetem\u00a0Szen\u00e1tus\u00e1nak\u00a075\/2022. (IX.26.) sz\u00e1m\u00fa hat\u00e1rozata\u00a0az Egyetemi Tudom\u00e1nyos Tan\u00e1cs \u00dcgyrendj\u00e9nek m\u00f3dos\u00edt\u00e1s\u00e1r\u00f3l<\/a><br \/>\n<a href=\"https:\/\/semmelweis.hu\/jogigfoig\/files\/2022\/10\/76_2022_Semmelweis-Budapest-Award.pdf\">A Semmelweis Egyetem\u00a0Szen\u00e1tus\u00e1nak\u00a076\/2022. (IX.26.) sz\u00e1m\u00fa hat\u00e1rozata\u00a0a 2022. \u00e9vi Semmelweis Budapest Award adom\u00e1nyoz\u00e1s\u00e1r\u00f3l<\/a><br \/>\n<a href=\"https:\/\/semmelweis.hu\/jogigfoig\/files\/2022\/10\/77_2022_Semmelweis-Ignac-jutalomdij.pdf\">A Semmelweis Egyetem\u00a0Szen\u00e1tus\u00e1nak\u00a077\/2022. (IX.26.) sz\u00e1m\u00fa hat\u00e1rozata\u00a0a 2022. \u00e9vi Semmelweis Ign\u00e1c eml\u00e9k\u00e9rem \u00e9s jutalomd\u00edj adom\u00e1nyoz\u00e1s\u00e1r\u00f3l<\/a><br \/>\n<a href=\"https:\/\/semmelweis.hu\/jogigfoig\/files\/2022\/10\/78_2022_Richter-Gedeon-emlekerem-es-jutalomdij.pdf\">A Semmelweis Egyetem\u00a0Szen\u00e1tus\u00e1nak\u00a078\/2022. (IX.26.) sz\u00e1m\u00fa hat\u00e1rozata\u00a0a 2022. \u00e9vi Richter Gedeon eml\u00e9k\u00e9rem \u00e9s jutalomd\u00edj adom\u00e1nyoz\u00e1s\u00e1r\u00f3l<\/a><br \/>\n<a href=\"https:\/\/semmelweis.hu\/jogigfoig\/files\/2022\/10\/79_2022_Hugonnai-Vilma-emlekerem-es-jutalomdij.pdf\">A Semmelweis Egyetem\u00a0Szen\u00e1tus\u00e1nak\u00a079\/2022. (IX.26.) sz\u00e1m\u00fa hat\u00e1rozata\u00a0a 2022. \u00e9vi Hugonnai Vilma eml\u00e9k\u00e9rem \u00e9s jutalomd\u00edj adom\u00e1nyoz\u00e1s\u00e1r\u00f3l<\/a><br \/>\n<a href=\"https:\/\/semmelweis.hu\/jogigfoig\/files\/2022\/10\/80_2022_Huzella-Tivadar-emlekerem-es-jutalomdij.pdf\">A Semmelweis Egyetem\u00a0Szen\u00e1tus\u00e1nak\u00a080\/2022. (IX.26.) sz\u00e1m\u00fa hat\u00e1rozata\u00a0a 2022. \u00e9vi Huzella Tivadar eml\u00e9k\u00e9rem \u00e9s jutalomd\u00edj adom\u00e1nyoz\u00e1s\u00e1r\u00f3l<\/a><br \/>\n<a href=\"https:\/\/semmelweis.hu\/jogigfoig\/files\/2022\/10\/81_2022_Jendrassik-Erno-emlekerem-es-jutalomdij.pdf\">A Semmelweis Egyetem\u00a0Szen\u00e1tus\u00e1nak\u00a081\/2022. (IX.26.) sz\u00e1m\u00fa hat\u00e1rozata\u00a0a 2022. \u00e9vi Jendrassik Ern\u0151 eml\u00e9k\u00e9rem \u00e9s jutalomd\u00edj adom\u00e1nyoz\u00e1s\u00e1r\u00f3l<\/a><br \/>\n<a href=\"https:\/\/semmelweis.hu\/jogigfoig\/files\/2022\/10\/82_2022_Semmelweis-Innovacios-Dij.pdf\">A Semmelweis Egyetem\u00a0Szen\u00e1tus\u00e1nak\u00a082\/2022. (IX.26.) sz\u00e1m\u00fa hat\u00e1rozata\u00a0a 2022. \u00e9vi Semmelweis Innov\u00e1ci\u00f3s D\u00edj adom\u00e1nyoz\u00e1s\u00e1r\u00f3l<\/a><br \/>\n<a href=\"https:\/\/semmelweis.hu\/jogigfoig\/files\/2022\/10\/83_2022_az-oraado-oktatoknak-adomanyozhato-cimek-odaiteleserol.pdf\">A Semmelweis Egyetem\u00a0Szen\u00e1tus\u00e1nak\u00a083\/2022. (IX.26.) sz\u00e1m\u00fa hat\u00e1rozata\u00a0az \u00f3raad\u00f3 oktat\u00f3knak adom\u00e1nyozhat\u00f3 c\u00edmek oda\u00edt\u00e9l\u00e9s\u00e9r\u0151l<\/a><br \/>\n<a href=\"https:\/\/semmelweis.hu\/jogigfoig\/files\/2022\/10\/84_2022_az-aktualis-vezetoi-palyazat-velemenyezeserol.pdf\">A Semmelweis Egyetem\u00a0Szen\u00e1tus\u00e1nak\u00a084\/2022. (IX.26.) sz\u00e1m\u00fa hat\u00e1rozata\u00a0az aktu\u00e1lis vezet\u0151i p\u00e1ly\u00e1zat v\u00e9lem\u00e9nyez\u00e9s\u00e9r\u0151l<\/a><\/p>\n","protected":false},"author":101467,"featured_media":0,"parent":82992,"menu_order":10,"comment_status":"closed","ping_status":"closed","template":"","meta":{"_acf_changed":false,"footnotes":""},"categories":[],"tags":[],"class_list":["post-85022","page","type-page","status-publish","hentry"],"acf":[],"_links":{"self":[{"href":"https:\/\/semmelweis.hu\/jogigfoig\/wp-json\/wp\/v2\/pages\/85022","targetHints":{"allow":["GET"]}}],"collection":[{"href":"https:\/\/semmelweis.hu\/jogigfoig\/wp-json\/wp\/v2\/pages"}],"about":[{"href":"https:\/\/semmelweis.hu\/jogigfoig\/wp-json\/wp\/v2\/types\/page"}],"author":[{"embeddable":true,"href":"https:\/\/semmelweis.hu\/jogigfoig\/wp-json\/wp\/v2\/users\/101467"}],"replies":[{"embeddable":true,"href":"https:\/\/semmelweis.hu\/jogigfoig\/wp-json\/wp\/v2\/comments?post=85022"}],"version-history":[{"count":2,"href":"https:\/\/semmelweis.hu\/jogigfoig\/wp-json\/wp\/v2\/pages\/85022\/revisions"}],"predecessor-version":[{"id":85028,"href":"https:\/\/semmelweis.hu\/jogigfoig\/wp-json\/wp\/v2\/pages\/85022\/revisions\/85028"}],"up":[{"embeddable":true,"href":"https:\/\/semmelweis.hu\/jogigfoig\/wp-json\/wp\/v2\/pages\/82992"}],"wp:attachment":[{"href":"https:\/\/semmelweis.hu\/jogigfoig\/wp-json\/wp\/v2\/media?parent=85022"}],"wp:term":[{"taxonomy":"category","embeddable":true,"href":"https:\/\/semmelweis.hu\/jogigfoig\/wp-json\/wp\/v2\/categories?post=85022"},{"taxonomy":"post_tag","embeddable":true,"href":"https:\/\/semmelweis.hu\/jogigfoig\/wp-json\/wp\/v2\/tags?post=85022"}],"curies":[{"name":"wp","href":"https:\/\/api.w.org\/{rel}","templated":true}]}}