{"id":849,"date":"2013-01-08T08:45:03","date_gmt":"2013-01-08T08:45:03","guid":{"rendered":"http:\/\/semmelweis-egyetem.hu\/rektori-hivatal\/?page_id=849"},"modified":"2016-04-08T13:17:28","modified_gmt":"2016-04-08T11:17:28","slug":"onkoltseg-szamitasi-es-arkepzesi-szabalyzat-archivum","status":"publish","type":"page","link":"https:\/\/semmelweis.hu\/jogigfoig\/dokumentumtar\/szabalyzattar-archivum\/onkoltseg-szamitasi-es-arkepzesi-szabalyzat-archivum\/","title":{"rendered":"\u00d6nk\u00f6lts\u00e9g-sz\u00e1m\u00edt\u00e1si \u00e9s \u00e1rk\u00e9pz\u00e9si szab\u00e1lyzat (Arch\u00edvum)"},"content":{"rendered":"<ul>\n<li><a href=\"https:\/\/semmelweis.hu\/jogigfoig\/files\/2012\/12\/132_b_2012_XII_13_hat_%c3%b6nk%c3%b6lts%c3%a9g.pdf\" target=\"_blank\">A 2016. \u00e1prilis 8-ig hat\u00e1lyos szab\u00e1lyzat sz\u00f6vege<\/a><\/li>\n<li><a href=\"https:\/\/semmelweis.hu\/jogigfoig\/files\/2012\/01\/%c3%96nk%c3%b6lts%c3%a9gsz%c3%a1m_%c3%a9s-%c3%a1rk%c3%a9pz%c3%a9si-szab.pdf\" target=\"_blank\">A 2012. december 12-ig hat\u00e1lyos szab\u00e1lyzat sz\u00f6vege<\/a><\/li>\n<\/ul>\n","protected":false},"excerpt":{"rendered":"<p><a href=\"https:\/\/semmelweis.hu\/jogigfoig\/files\/2012\/12\/132_b_2012_XII_13_hat_%c3%b6nk%c3%b6lts%c3%a9g.pdf\" target=\"_blank\">A 2016. \u00e1prilis 8-ig hat\u00e1lyos szab\u00e1lyzat sz\u00f6vege<\/a><br \/>\n<a href=\"https:\/\/semmelweis.hu\/jogigfoig\/files\/2012\/01\/%c3%96nk%c3%b6lts%c3%a9gsz%c3%a1m_%c3%a9s-%c3%a1rk%c3%a9pz%c3%a9si-szab.pdf\" target=\"_blank\">A 2012. december 12-ig hat\u00e1lyos szab\u00e1lyzat sz\u00f6vege<\/a><\/p>\n","protected":false},"author":128,"featured_media":0,"parent":362,"menu_order":0,"comment_status":"open","ping_status":"open","template":"","meta":{"_acf_changed":false,"footnotes":""},"categories":[],"tags":[],"class_list":["post-849","page","type-page","status-publish","hentry"],"acf":[],"_links":{"self":[{"href":"https:\/\/semmelweis.hu\/jogigfoig\/wp-json\/wp\/v2\/pages\/849","targetHints":{"allow":["GET"]}}],"collection":[{"href":"https:\/\/semmelweis.hu\/jogigfoig\/wp-json\/wp\/v2\/pages"}],"about":[{"href":"https:\/\/semmelweis.hu\/jogigfoig\/wp-json\/wp\/v2\/types\/page"}],"author":[{"embeddable":true,"href":"https:\/\/semmelweis.hu\/jogigfoig\/wp-json\/wp\/v2\/users\/128"}],"replies":[{"embeddable":true,"href":"https:\/\/semmelweis.hu\/jogigfoig\/wp-json\/wp\/v2\/comments?post=849"}],"version-history":[{"count":2,"href":"https:\/\/semmelweis.hu\/jogigfoig\/wp-json\/wp\/v2\/pages\/849\/revisions"}],"predecessor-version":[{"id":4585,"href":"https:\/\/semmelweis.hu\/jogigfoig\/wp-json\/wp\/v2\/pages\/849\/revisions\/4585"}],"up":[{"embeddable":true,"href":"https:\/\/semmelweis.hu\/jogigfoig\/wp-json\/wp\/v2\/pages\/362"}],"wp:attachment":[{"href":"https:\/\/semmelweis.hu\/jogigfoig\/wp-json\/wp\/v2\/media?parent=849"}],"wp:term":[{"taxonomy":"category","embeddable":true,"href":"https:\/\/semmelweis.hu\/jogigfoig\/wp-json\/wp\/v2\/categories?post=849"},{"taxonomy":"post_tag","embeddable":true,"href":"https:\/\/semmelweis.hu\/jogigfoig\/wp-json\/wp\/v2\/tags?post=849"}],"curies":[{"name":"wp","href":"https:\/\/api.w.org\/{rel}","templated":true}]}}