{"id":84674,"date":"2022-09-09T09:58:10","date_gmt":"2022-09-09T07:58:10","guid":{"rendered":"https:\/\/semmelweis.hu\/jogigfoig\/?page_id=84674"},"modified":"2024-10-08T13:13:11","modified_gmt":"2024-10-08T11:13:11","slug":"2022-szeptember-2","status":"publish","type":"page","link":"https:\/\/semmelweis.hu\/jogigfoig\/testuletek\/szenatus\/2022-evi-szenatusi-hatarozatok\/2022-szeptember-2\/","title":{"rendered":"2022. szeptember 2."},"content":{"rendered":"<p style=\"text-align: justify\"><a href=\"https:\/\/semmelweis.hu\/jogigfoig\/files\/2022\/09\/65_2022_Szabalyzatok_III_utem_kancellarival.pdf\">A Semmelweis Egyetem Szen\u00e1tus\u00e1nak 65\/2022. (IX.02.) sz\u00e1m\u00fa hat\u00e1rozata a Szab\u00e1lyzatok k\u00f6nyve III. \u00fctem\u00e9nek elfogad\u00e1s\u00e1r\u00f3l<\/a><\/p>\n<p style=\"text-align: justify\"><a href=\"https:\/\/semmelweis.hu\/jogigfoig\/files\/2022\/09\/1.-sz.-melleklet_Neptun-Szabalyzat.pdf\">A Semmelweis Egyetem Szen\u00e1tus\u00e1nak 65\/2022. (IX.02.) sz\u00e1m\u00fa hat\u00e1rozata a Szab\u00e1lyzatok k\u00f6nyve III. \u00fctem\u00e9nek elfogad\u00e1s\u00e1r\u00f3l &#8211; 1. sz\u00e1m\u00fa mell\u00e9klet<\/a><\/p>\n<p style=\"text-align: justify\"><a href=\"https:\/\/semmelweis.hu\/jogigfoig\/files\/2022\/09\/2.-sz.-melleklet_Erasmus_szabalyzat.pdf\">A Semmelweis Egyetem\u00a0Szen\u00e1tus\u00e1nak\u00a065\/2022. (IX.02.) sz\u00e1m\u00fa hat\u00e1rozata\u00a0a Szab\u00e1lyzatok k\u00f6nyve III. \u00fctem\u00e9nek elfogad\u00e1s\u00e1r\u00f3l &#8211; 2. sz\u00e1m\u00fa mell\u00e9klet<\/a><\/p>\n<p style=\"text-align: justify\"><a href=\"https:\/\/semmelweis.hu\/jogigfoig\/files\/2022\/09\/3.-sz.-melleklet_Halottkezelesi_szabalyzat.pdf\">A Semmelweis Egyetem\u00a0Szen\u00e1tus\u00e1nak\u00a065\/2022. (IX.02.) sz\u00e1m\u00fa hat\u00e1rozata\u00a0a Szab\u00e1lyzatok k\u00f6nyve III. \u00fctem\u00e9nek elfogad\u00e1s\u00e1r\u00f3l &#8211; 3. sz\u00e1m\u00fa mell\u00e9klet<\/a><\/p>\n<p style=\"text-align: justify\"><a href=\"https:\/\/semmelweis.hu\/jogigfoig\/files\/2022\/09\/4.-sz.-melleklet_Muszergazdalkodasi_szabalyzat.pdf\">A Semmelweis Egyetem\u00a0Szen\u00e1tus\u00e1nak\u00a065\/2022. (IX.02.) sz\u00e1m\u00fa hat\u00e1rozata\u00a0a Szab\u00e1lyzatok k\u00f6nyve III. \u00fctem\u00e9nek elfogad\u00e1s\u00e1r\u00f3l &#8211; 4. sz\u00e1m\u00fa mell\u00e9klet<\/a><\/p>\n<p style=\"text-align: justify\"><a href=\"https:\/\/semmelweis.hu\/jogigfoig\/files\/2022\/09\/5.-sz.-melleklet_Keszletgazdalkodasi_szabalyzat.pdf\">A Semmelweis Egyetem\u00a0Szen\u00e1tus\u00e1nak\u00a065\/2022. (IX.02.) sz\u00e1m\u00fa hat\u00e1rozata\u00a0a Szab\u00e1lyzatok k\u00f6nyve III. \u00fctem\u00e9nek elfogad\u00e1s\u00e1r\u00f3l &#8211; 5. sz\u00e1m\u00fa mell\u00e9klet<\/a><\/p>\n<p style=\"text-align: justify\"><a href=\"https:\/\/semmelweis.hu\/jogigfoig\/files\/2022\/09\/6.-sz.-melleklet_Informaciobiztonsagi_szabalyzat.pdf\">A Semmelweis Egyetem\u00a0Szen\u00e1tus\u00e1nak\u00a065\/2022. (IX.02.) sz\u00e1m\u00fa hat\u00e1rozata\u00a0a Szab\u00e1lyzatok k\u00f6nyve III. \u00fctem\u00e9nek elfogad\u00e1s\u00e1r\u00f3l &#8211; 6. sz\u00e1m\u00fa mell\u00e9klet<\/a><\/p>\n<p style=\"text-align: justify\"><a href=\"https:\/\/semmelweis.hu\/jogigfoig\/files\/2022\/09\/7.-sz.-melleklet_Allatkiserleti_szabalyzat.pdf\">A Semmelweis Egyetem\u00a0Szen\u00e1tus\u00e1nak\u00a065\/2022. (IX.02.) sz\u00e1m\u00fa hat\u00e1rozata\u00a0a Szab\u00e1lyzatok k\u00f6nyve III. \u00fctem\u00e9nek elfogad\u00e1s\u00e1r\u00f3l &#8211; 7. sz\u00e1m\u00fa mell\u00e9klet<\/a><\/p>\n<p style=\"text-align: justify\"><a href=\"https:\/\/semmelweis.hu\/jogigfoig\/files\/2022\/09\/8.-sz.-melleklet_Gazdalkodasi_szabalyzat.pdf\">A Semmelweis Egyetem\u00a0Szen\u00e1tus\u00e1nak\u00a065\/2022. (IX.02.) sz\u00e1m\u00fa hat\u00e1rozata\u00a0a Szab\u00e1lyzatok k\u00f6nyve III. \u00fctem\u00e9nek elfogad\u00e1s\u00e1r\u00f3l &#8211; 8. sz\u00e1m\u00fa mell\u00e9klet<\/a><\/p>\n<p style=\"text-align: justify\"><a href=\"https:\/\/semmelweis.hu\/jogigfoig\/files\/2022\/09\/9.-sz.-melleklet_Adomanyok_ajandekok_elfogadasanak_rendje.pdf\">A Semmelweis Egyetem\u00a0Szen\u00e1tus\u00e1nak\u00a065\/2022. (IX.02.) sz\u00e1m\u00fa hat\u00e1rozata\u00a0a Szab\u00e1lyzatok k\u00f6nyve III. \u00fctem\u00e9nek elfogad\u00e1s\u00e1r\u00f3l &#8211; 9. sz\u00e1m\u00fa mell\u00e9klet<\/a><\/p>\n<p style=\"text-align: justify\"><a href=\"https:\/\/semmelweis.hu\/jogigfoig\/files\/2022\/09\/10.-sz.-melleklet_Letesitmenyfejlesztesi_es_uzemeltetesi_szabalyzat.pdf\">A Semmelweis Egyetem\u00a0Szen\u00e1tus\u00e1nak\u00a065\/2022. (IX.02.) sz\u00e1m\u00fa hat\u00e1rozata\u00a0a Szab\u00e1lyzatok k\u00f6nyve III. \u00fctem\u00e9nek elfogad\u00e1s\u00e1r\u00f3l &#8211; 10. sz\u00e1m\u00fa mell\u00e9klet<\/a><\/p>\n<p style=\"text-align: justify\"><a href=\"https:\/\/semmelweis.hu\/jogigfoig\/files\/2022\/09\/11.-sz.-melleklet.zip\">A Semmelweis Egyetem\u00a0Szen\u00e1tus\u00e1nak\u00a065\/2022. (IX.02.) sz\u00e1m\u00fa hat\u00e1rozata\u00a0a Szab\u00e1lyzatok k\u00f6nyve III. \u00fctem\u00e9nek elfogad\u00e1s\u00e1r\u00f3l &#8211; 11. sz\u00e1m\u00fa mell\u00e9klet<\/a><\/p>\n<p style=\"text-align: justify\"><a href=\"https:\/\/semmelweis.hu\/jogigfoig\/files\/2022\/09\/12.-sz.-melleklet.zip\">A Semmelweis Egyetem\u00a0Szen\u00e1tus\u00e1nak\u00a065\/2022. (IX.02.) sz\u00e1m\u00fa hat\u00e1rozata\u00a0a Szab\u00e1lyzatok k\u00f6nyve III. \u00fctem\u00e9nek elfogad\u00e1s\u00e1r\u00f3l &#8211; 12. sz\u00e1m\u00fa mell\u00e9klet<\/a><\/p>\n<p style=\"padding-left: 40px\"><a href=\"https:\/\/semmelweis.hu\/jogigfoig\/files\/2024\/10\/77_2024_SzMSz-modositas.pdf\">\u201eKieg\u00e9sz\u00edtette a 77\/2024. (Ix.27.) sz\u00e1m\u00fa szen\u00e1tusi hat\u00e1rozat 9.\u00a7.\u201d<\/a><\/p>\n<p style=\"text-align: justify\"><a href=\"https:\/\/semmelweis.hu\/jogigfoig\/files\/2022\/09\/66_2022_Bariatriai-sebeszeti-konferencia-1.pdf\">A Semmelweis Egyetem\u00a0Szen\u00e1tus\u00e1nak\u00a066\/2022. (IX.02.) sz\u00e1m\u00fa hat\u00e1rozata a Bari\u00e1triai seb\u00e9szeti konferencia,\u00a0mint \u00faj, szabadon v\u00e1laszthat\u00f3 tant\u00e1rgy bevezet\u00e9s\u00e9r\u0151l<\/a><\/p>\n<p style=\"text-align: justify\"><a href=\"https:\/\/semmelweis.hu\/jogigfoig\/files\/2022\/09\/66_2022_Melleklet_Kovetelemenyrendszer-1.pdf\">A Semmelweis Egyetem Szen\u00e1tus\u00e1nak 66\/2022. (IX.02.) sz\u00e1m\u00fa hat\u00e1rozata a Bari\u00e1triai seb\u00e9szeti konferencia, mint \u00faj, szabadon v\u00e1laszthat\u00f3 tant\u00e1rgy bevezet\u00e9s\u00e9r\u0151l &#8211; 1. sz\u00e1m\u00fa mell\u00e9klet<\/a><\/p>\n<p style=\"text-align: justify\"><a href=\"https:\/\/semmelweis.hu\/jogigfoig\/files\/2022\/09\/67_2022_SE_RG_szuletesenek-150.-evforduloja-1.pdf\">A Semmelweis Egyetem\u00a0Szen\u00e1tus\u00e1nak\u00a067\/2022. (IX.02.) sz\u00e1m\u00fa hat\u00e1rozata\u00a0a Semmelweis Egyetem Richter Gedeon sz\u00fclet\u00e9s\u00e9nek 150. \u00e9vfordul\u00f3ja\u00a0alkalm\u00e1b\u00f3l tartand\u00f3 jubileumi \u00e9vhez val\u00f3 csatlakoz\u00e1s\u00e1r\u00f3l <\/a><\/p>\n","protected":false},"excerpt":{"rendered":"<p><a href=\"https:\/\/semmelweis.hu\/jogigfoig\/files\/2022\/09\/65_2022_Szabalyzatok_III_utem_kancellarival.pdf\">A Semmelweis Egyetem Szen\u00e1tus\u00e1nak 65\/2022. (IX.02.) sz\u00e1m\u00fa hat\u00e1rozata a Szab\u00e1lyzatok k\u00f6nyve III. \u00fctem\u00e9nek elfogad\u00e1s\u00e1r\u00f3l<\/a><br \/>\n<a href=\"https:\/\/semmelweis.hu\/jogigfoig\/files\/2022\/09\/1.-sz.-melleklet_Neptun-Szabalyzat.pdf\">A Semmelweis Egyetem Szen\u00e1tus\u00e1nak 65\/2022. (IX.02.) sz\u00e1m\u00fa hat\u00e1rozata a Szab\u00e1lyzatok k\u00f6nyve III. \u00fctem\u00e9nek elfogad\u00e1s\u00e1r\u00f3l &#8211; 1. sz\u00e1m\u00fa mell\u00e9klet<\/a><br \/>\n<a href=\"https:\/\/semmelweis.hu\/jogigfoig\/files\/2022\/09\/2.-sz.-melleklet_Erasmus_szabalyzat.pdf\">A Semmelweis Egyetem\u00a0Szen\u00e1tus\u00e1nak\u00a065\/2022. (IX.02.) sz\u00e1m\u00fa hat\u00e1rozata\u00a0a Szab\u00e1lyzatok k\u00f6nyve III. \u00fctem\u00e9nek elfogad\u00e1s\u00e1r\u00f3l &#8211; 2. sz\u00e1m\u00fa mell\u00e9klet<\/a><br \/>\n<a href=\"https:\/\/semmelweis.hu\/jogigfoig\/files\/2022\/09\/3.-sz.-melleklet_Halottkezelesi_szabalyzat.pdf\">A Semmelweis Egyetem\u00a0Szen\u00e1tus\u00e1nak\u00a065\/2022. (IX.02.) sz\u00e1m\u00fa hat\u00e1rozata\u00a0a Szab\u00e1lyzatok k\u00f6nyve III. \u00fctem\u00e9nek elfogad\u00e1s\u00e1r\u00f3l &#8211; 3. sz\u00e1m\u00fa mell\u00e9klet<\/a><br \/>\n<a href=\"https:\/\/semmelweis.hu\/jogigfoig\/files\/2022\/09\/4.-sz.-melleklet_Muszergazdalkodasi_szabalyzat.pdf\">A Semmelweis Egyetem\u00a0Szen\u00e1tus\u00e1nak\u00a065\/2022. (IX.02.) sz\u00e1m\u00fa hat\u00e1rozata\u00a0a Szab\u00e1lyzatok k\u00f6nyve III. \u00fctem\u00e9nek elfogad\u00e1s\u00e1r\u00f3l &#8211; 4. sz\u00e1m\u00fa mell\u00e9klet<\/a><br \/>\n<a href=\"https:\/\/semmelweis.hu\/jogigfoig\/files\/2022\/09\/5.-sz.-melleklet_Keszletgazdalkodasi_szabalyzat.pdf\">A Semmelweis Egyetem\u00a0Szen\u00e1tus\u00e1nak\u00a065\/2022. (IX.02.) sz\u00e1m\u00fa hat\u00e1rozata\u00a0a Szab\u00e1lyzatok k\u00f6nyve III. \u00fctem\u00e9nek elfogad\u00e1s\u00e1r\u00f3l &#8211; 5. sz\u00e1m\u00fa mell\u00e9klet<\/a><br \/>\n<a href=\"https:\/\/semmelweis.hu\/jogigfoig\/files\/2022\/09\/6.-sz.-melleklet_Informaciobiztonsagi_szabalyzat.pdf\">A Semmelweis Egyetem\u00a0Szen\u00e1tus\u00e1nak\u00a065\/2022. (IX.02.) sz\u00e1m\u00fa hat\u00e1rozata\u00a0a Szab\u00e1lyzatok k\u00f6nyve III. \u00fctem\u00e9nek elfogad\u00e1s\u00e1r\u00f3l &#8211; 6. sz\u00e1m\u00fa mell\u00e9klet<\/a><br \/>\n<a href=\"https:\/\/semmelweis.hu\/jogigfoig\/files\/2022\/09\/7.-sz.-melleklet_Allatkiserleti_szabalyzat.pdf\">A Semmelweis Egyetem\u00a0Szen\u00e1tus\u00e1nak\u00a065\/2022. (IX.02.) sz\u00e1m\u00fa hat\u00e1rozata\u00a0a Szab\u00e1lyzatok k\u00f6nyve III. \u00fctem\u00e9nek elfogad\u00e1s\u00e1r\u00f3l &#8211; 7. sz\u00e1m\u00fa mell\u00e9klet<\/a><br \/>\n<a href=\"https:\/\/semmelweis.hu\/jogigfoig\/files\/2022\/09\/8.-sz.-melleklet_Gazdalkodasi_szabalyzat.pdf\">A Semmelweis Egyetem\u00a0Szen\u00e1tus\u00e1nak\u00a065\/2022. (IX.02.) sz\u00e1m\u00fa hat\u00e1rozata\u00a0a Szab\u00e1lyzatok k\u00f6nyve III. \u00fctem\u00e9nek elfogad\u00e1s\u00e1r\u00f3l &#8211; 8. sz\u00e1m\u00fa mell\u00e9klet<\/a><br \/>\n<a href=\"https:\/\/semmelweis.hu\/jogigfoig\/files\/2022\/09\/9.-sz.-melleklet_Adomanyok_ajandekok_elfogadasanak_rendje.pdf\">A Semmelweis Egyetem\u00a0Szen\u00e1tus\u00e1nak\u00a065\/2022. (IX.02.) sz\u00e1m\u00fa hat\u00e1rozata\u00a0a Szab\u00e1lyzatok k\u00f6nyve III. \u00fctem\u00e9nek elfogad\u00e1s\u00e1r\u00f3l &#8211; 9. sz\u00e1m\u00fa mell\u00e9klet<\/a><br \/>\n<a href=\"https:\/\/semmelweis.hu\/jogigfoig\/files\/2022\/09\/10.-sz.-melleklet_Letesitmenyfejlesztesi_es_uzemeltetesi_szabalyzat.pdf\">A Semmelweis Egyetem\u00a0Szen\u00e1tus\u00e1nak\u00a065\/2022. (IX.02.) sz\u00e1m\u00fa hat\u00e1rozata\u00a0a Szab\u00e1lyzatok k\u00f6nyve III. \u00fctem\u00e9nek elfogad\u00e1s\u00e1r\u00f3l &#8211; 10. sz\u00e1m\u00fa mell\u00e9klet<\/a><br \/>\n<a href=\"https:\/\/semmelweis.hu\/jogigfoig\/files\/2022\/09\/11.-sz.-melleklet.zip\">A Semmelweis Egyetem\u00a0Szen\u00e1tus\u00e1nak\u00a065\/2022. (IX.02.) sz\u00e1m\u00fa hat\u00e1rozata\u00a0a Szab\u00e1lyzatok k\u00f6nyve III. \u00fctem\u00e9nek elfogad\u00e1s\u00e1r\u00f3l &#8211; 11. sz\u00e1m\u00fa mell\u00e9klet<\/a><br \/>\n<a href=\"https:\/\/semmelweis.hu\/jogigfoig\/files\/2022\/09\/12.-sz.-melleklet.zip\">A Semmelweis Egyetem\u00a0Szen\u00e1tus\u00e1nak\u00a065\/2022. (IX.02.) sz\u00e1m\u00fa hat\u00e1rozata\u00a0a Szab\u00e1lyzatok k\u00f6nyve III. \u00fctem\u00e9nek elfogad\u00e1s\u00e1r\u00f3l &#8211; 12. sz\u00e1m\u00fa mell\u00e9klet<\/a><br \/>\n<a href=\"https:\/\/semmelweis.hu\/jogigfoig\/files\/2024\/10\/77_2024_SzMSz-modositas.pdf\">\u201eKieg\u00e9sz\u00edtette a 77\/2024. (Ix.27.) sz\u00e1m\u00fa szen\u00e1tusi hat\u00e1rozat 9.\u00a7.\u201d<\/a><br \/>\n<a href=\"https:\/\/semmelweis.hu\/jogigfoig\/files\/2022\/09\/66_2022_Bariatriai-sebeszeti-konferencia-1.pdf\">A Semmelweis Egyetem\u00a0Szen\u00e1tus\u00e1nak\u00a066\/2022. (IX.02.) sz\u00e1m\u00fa hat\u00e1rozata a Bari\u00e1triai seb\u00e9szeti konferencia,\u00a0mint \u00faj, szabadon v\u00e1laszthat\u00f3 tant\u00e1rgy bevezet\u00e9s\u00e9r\u0151l<\/a><br \/>\n<a href=\"https:\/\/semmelweis.hu\/jogigfoig\/files\/2022\/09\/66_2022_Melleklet_Kovetelemenyrendszer-1.pdf\">A Semmelweis Egyetem Szen\u00e1tus\u00e1nak 66\/2022. (IX.02.) sz\u00e1m\u00fa hat\u00e1rozata a Bari\u00e1triai seb\u00e9szeti konferencia, mint \u00faj, szabadon v\u00e1laszthat\u00f3 tant\u00e1rgy bevezet\u00e9s\u00e9r\u0151l &#8211; 1. sz\u00e1m\u00fa mell\u00e9klet<\/a><br \/>\n<a href=\"https:\/\/semmelweis.hu\/jogigfoig\/files\/2022\/09\/67_2022_SE_RG_szuletesenek-150.-evforduloja-1.pdf\">A Semmelweis Egyetem\u00a0Szen\u00e1tus\u00e1nak\u00a067\/2022. (IX.02.) sz\u00e1m\u00fa hat\u00e1rozata\u00a0a Semmelweis Egyetem Richter Gedeon sz\u00fclet\u00e9s\u00e9nek 150. \u00e9vfordul\u00f3ja\u00a0alkalm\u00e1b\u00f3l tartand\u00f3 jubileumi \u00e9vhez val\u00f3 csatlakoz\u00e1s\u00e1r\u00f3l <\/a><\/p>\n","protected":false},"author":101467,"featured_media":0,"parent":82992,"menu_order":9,"comment_status":"closed","ping_status":"closed","template":"","meta":{"_acf_changed":false,"footnotes":""},"categories":[],"tags":[],"class_list":["post-84674","page","type-page","status-publish","hentry"],"acf":[],"_links":{"self":[{"href":"https:\/\/semmelweis.hu\/jogigfoig\/wp-json\/wp\/v2\/pages\/84674","targetHints":{"allow":["GET"]}}],"collection":[{"href":"https:\/\/semmelweis.hu\/jogigfoig\/wp-json\/wp\/v2\/pages"}],"about":[{"href":"https:\/\/semmelweis.hu\/jogigfoig\/wp-json\/wp\/v2\/types\/page"}],"author":[{"embeddable":true,"href":"https:\/\/semmelweis.hu\/jogigfoig\/wp-json\/wp\/v2\/users\/101467"}],"replies":[{"embeddable":true,"href":"https:\/\/semmelweis.hu\/jogigfoig\/wp-json\/wp\/v2\/comments?post=84674"}],"version-history":[{"count":4,"href":"https:\/\/semmelweis.hu\/jogigfoig\/wp-json\/wp\/v2\/pages\/84674\/revisions"}],"predecessor-version":[{"id":93973,"href":"https:\/\/semmelweis.hu\/jogigfoig\/wp-json\/wp\/v2\/pages\/84674\/revisions\/93973"}],"up":[{"embeddable":true,"href":"https:\/\/semmelweis.hu\/jogigfoig\/wp-json\/wp\/v2\/pages\/82992"}],"wp:attachment":[{"href":"https:\/\/semmelweis.hu\/jogigfoig\/wp-json\/wp\/v2\/media?parent=84674"}],"wp:term":[{"taxonomy":"category","embeddable":true,"href":"https:\/\/semmelweis.hu\/jogigfoig\/wp-json\/wp\/v2\/categories?post=84674"},{"taxonomy":"post_tag","embeddable":true,"href":"https:\/\/semmelweis.hu\/jogigfoig\/wp-json\/wp\/v2\/tags?post=84674"}],"curies":[{"name":"wp","href":"https:\/\/api.w.org\/{rel}","templated":true}]}}