{"id":845,"date":"2013-01-07T11:37:11","date_gmt":"2013-01-07T11:37:11","guid":{"rendered":"http:\/\/semmelweis-egyetem.hu\/rektori-hivatal\/?page_id=845"},"modified":"2013-01-07T11:39:33","modified_gmt":"2013-01-07T11:39:33","slug":"valaszthato-beren-kivuli-juttatasok-szabalyzata-archivum","status":"publish","type":"page","link":"https:\/\/semmelweis.hu\/jogigfoig\/dokumentumtar\/szabalyzattar-archivum\/valaszthato-beren-kivuli-juttatasok-szabalyzata-archivum\/","title":{"rendered":"V\u00e1laszthat\u00f3 b\u00e9ren k\u00edv\u00fcli juttat\u00e1sok szab\u00e1lyzata (Arch\u00edvum)"},"content":{"rendered":"<p><a href=\"https:\/\/semmelweis.hu\/rektori-hivatal\/files\/2013\/01\/Valaszthato_beren_kivuli_juttatasok_szabalyzat_mod_130_b_2012_3.pdf\">A 2012. december 12-ig hat\u00e1lyos szab\u00e1lyzat sz\u00f6vege<\/a><\/p>\n","protected":false},"excerpt":{"rendered":"<p><a href=\"https:\/\/semmelweis.hu\/rektori-hivatal\/files\/2013\/01\/Valaszthato_beren_kivuli_juttatasok_szabalyzat_mod_130_b_2012_3.pdf\">A 2012. december 12-ig hat\u00e1lyos szab\u00e1lyzat sz\u00f6vege<\/a><\/p>\n","protected":false},"author":128,"featured_media":0,"parent":362,"menu_order":0,"comment_status":"open","ping_status":"open","template":"","meta":{"_acf_changed":false,"footnotes":""},"categories":[],"tags":[],"class_list":["post-845","page","type-page","status-publish","hentry"],"acf":[],"_links":{"self":[{"href":"https:\/\/semmelweis.hu\/jogigfoig\/wp-json\/wp\/v2\/pages\/845","targetHints":{"allow":["GET"]}}],"collection":[{"href":"https:\/\/semmelweis.hu\/jogigfoig\/wp-json\/wp\/v2\/pages"}],"about":[{"href":"https:\/\/semmelweis.hu\/jogigfoig\/wp-json\/wp\/v2\/types\/page"}],"author":[{"embeddable":true,"href":"https:\/\/semmelweis.hu\/jogigfoig\/wp-json\/wp\/v2\/users\/128"}],"replies":[{"embeddable":true,"href":"https:\/\/semmelweis.hu\/jogigfoig\/wp-json\/wp\/v2\/comments?post=845"}],"version-history":[{"count":0,"href":"https:\/\/semmelweis.hu\/jogigfoig\/wp-json\/wp\/v2\/pages\/845\/revisions"}],"up":[{"embeddable":true,"href":"https:\/\/semmelweis.hu\/jogigfoig\/wp-json\/wp\/v2\/pages\/362"}],"wp:attachment":[{"href":"https:\/\/semmelweis.hu\/jogigfoig\/wp-json\/wp\/v2\/media?parent=845"}],"wp:term":[{"taxonomy":"category","embeddable":true,"href":"https:\/\/semmelweis.hu\/jogigfoig\/wp-json\/wp\/v2\/categories?post=845"},{"taxonomy":"post_tag","embeddable":true,"href":"https:\/\/semmelweis.hu\/jogigfoig\/wp-json\/wp\/v2\/tags?post=845"}],"curies":[{"name":"wp","href":"https:\/\/api.w.org\/{rel}","templated":true}]}}