{"id":84245,"date":"2022-06-30T14:27:00","date_gmt":"2022-06-30T12:27:00","guid":{"rendered":"https:\/\/semmelweis.hu\/jogigfoig\/?page_id=84245"},"modified":"2022-11-21T14:45:16","modified_gmt":"2022-11-21T13:45:16","slug":"2022-junius-23","status":"publish","type":"page","link":"https:\/\/semmelweis.hu\/jogigfoig\/testuletek\/szenatus\/2022-evi-szenatusi-hatarozatok\/2022-junius-23\/","title":{"rendered":"2022. j\u00fanius 23."},"content":{"rendered":"<p style=\"text-align: justify\"><a href=\"https:\/\/semmelweis.hu\/jogigfoig\/files\/2022\/06\/N_5_2022_hatarozat.pdf\">A Semmelweis Egyetem Szen\u00e1tus\u00e1nak\u00a0N-5.2022. (VI.23.) sz\u00e1m\u00fa hat\u00e1rozata a szen\u00e1tusi \u00fcl\u00e9s napirendj\u00e9r\u0151l<\/a><\/p>\n<p style=\"text-align: justify\"><a href=\"https:\/\/semmelweis.hu\/jogigfoig\/files\/2022\/06\/44_2022_Szervezeti-es-Mukodesi-Szabalyzat-modositasarol.pdf\">A Semmelweis Egyetem\u00a0Szen\u00e1tus\u00e1nak\u00a044\/2022. (VI.23.) sz\u00e1m\u00fa hat\u00e1rozata a Szervezeti \u00e9s M\u0171k\u00f6d\u00e9si Szab\u00e1lyzat I.1. R\u00e9sz\u00e9nek m\u00f3dos\u00edt\u00e1s\u00e1r\u00f3l<\/a><\/p>\n<p style=\"text-align: justify\"><a href=\"https:\/\/semmelweis.hu\/jogigfoig\/files\/2022\/06\/44_2022_1-sz-melleklet.pdf\"> A Semmelweis Egyetem Szen\u00e1tus\u00e1nak 44\/2022. (VI.23.) sz\u00e1m\u00fa hat\u00e1rozata a Szervezeti \u00e9s M\u0171k\u00f6d\u00e9si Szab\u00e1lyzat I.1. R\u00e9sz\u00e9nek m\u00f3dos\u00edt\u00e1s\u00e1r\u00f3l &#8211; 1. sz\u00e1m\u00fa mell\u00e9klet<\/a><\/p>\n<p style=\"text-align: justify\"><a href=\"https:\/\/semmelweis.hu\/jogigfoig\/files\/2022\/06\/45_2022_BC22-Irodahaz-parkolo-megvetelehez-szukseges-uzletresz-megszerzeserol.pdf\">A Semmelweis Egyetem\u00a0Szen\u00e1tus\u00e1nak\u00a045\/2022. (VI.23.) sz\u00e1m\u00fa hat\u00e1rozata\u00a0a BC22 Irodah\u00e1z, parkol\u00f3 megv\u00e9tel\u00e9hez sz\u00fcks\u00e9ges \u00fczletr\u00e9sz megszerz\u00e9s\u00e9r\u0151l<\/a><\/p>\n<p style=\"text-align: justify\"><a href=\"https:\/\/semmelweis.hu\/jogigfoig\/files\/2022\/06\/46_2022_Szervezeti-es-Mukodesi-Szabalyzat.pdf\">A Semmelweis Egyetem\u00a0Szen\u00e1tus\u00e1nak\u00a046\/2022. (VI.23.) sz\u00e1m\u00fa hat\u00e1rozata\u00a0a Szervezeti \u00e9s M\u0171k\u00f6d\u00e9si Szab\u00e1lyzat III. K\u00f6nyv Hallgat\u00f3i K\u00f6vetelm\u00e9nyrendszer\u00a0III.2. R\u00e9sz Tanulm\u00e1nyi \u00e9s Vizsgaszab\u00e1lyzat m\u00f3dos\u00edt\u00e1s\u00e1r\u00f3l<\/a><\/p>\n<p style=\"text-align: justify\"><a href=\"https:\/\/semmelweis.hu\/jogigfoig\/files\/2022\/06\/46_2022_melleklet_TVSZ-revizio.pdf\">A Semmelweis Egyetem Szen\u00e1tus\u00e1nak 46\/2022. (VI.23.) sz\u00e1m\u00fa hat\u00e1rozata a Szervezeti \u00e9s M\u0171k\u00f6d\u00e9si Szab\u00e1lyzat III. K\u00f6nyv Hallgat\u00f3i K\u00f6vetelm\u00e9nyrendszer III.2. R\u00e9sz Tanulm\u00e1nyi \u00e9s Vizsgaszab\u00e1lyzat m\u00f3dos\u00edt\u00e1s\u00e1r\u00f3l &#8211; 1. sz\u00e1m\u00fa mell\u00e9klet<\/a><\/p>\n<p style=\"text-align: justify\"><a href=\"https:\/\/semmelweis.hu\/jogigfoig\/files\/2022\/07\/46_2022_melleklet.pdf\">A Semmelweis Egyetem Szen\u00e1tus\u00e1nak 46\/2022. (VI.23.) sz\u00e1m\u00fa hat\u00e1rozata a Szervezeti \u00e9s M\u0171k\u00f6d\u00e9si Szab\u00e1lyzat III. K\u00f6nyv Hallgat\u00f3i K\u00f6vetelm\u00e9nyrendszer III.2. R\u00e9sz Tanulm\u00e1nyi \u00e9s Vizsgaszab\u00e1lyzat m\u00f3dos\u00edt\u00e1s\u00e1r\u00f3l &#8211; Hallgat\u00f3i \u00d6nkorm\u00e1nyzat egyet\u00e9rt\u00e9si jog gyakorl\u00e1sa<\/a><\/p>\n<p style=\"text-align: justify\"><a href=\"https:\/\/semmelweis.hu\/jogigfoig\/files\/2022\/06\/47_2022_Semmelweis-Szimpozium-mint-uj-kriteriumkovetelmeny-bevezeteserol.pdf\">A Semmelweis Egyetem\u00a0Szen\u00e1tus\u00e1nak\u00a047\/2022. (VI.23.) sz\u00e1m\u00fa hat\u00e1rozata\u00a0a Semmelweis Szimp\u00f3zium, mint \u00faj krit\u00e9riumk\u00f6vetelm\u00e9ny bevezet\u00e9s\u00e9r\u0151l<\/a><\/p>\n<p style=\"text-align: justify\"><a href=\"https:\/\/semmelweis.hu\/jogigfoig\/files\/2022\/06\/47_2022_melleklet-1_kovetelmenyrendszer_HU.pdf\">A Semmelweis Egyetem Szen\u00e1tus\u00e1nak 47\/2022. (VI.23.) sz\u00e1m\u00fa hat\u00e1rozata a Semmelweis Szimp\u00f3zium, mint \u00faj krit\u00e9riumk\u00f6vetelm\u00e9ny bevezet\u00e9s\u00e9r\u0151l &#8211; 1. sz\u00e1m\u00fa mell\u00e9klet<\/a><\/p>\n<p style=\"text-align: justify\"><a href=\"https:\/\/semmelweis.hu\/jogigfoig\/files\/2022\/06\/47_2022_melleklet-2_kovetelmenyrendszer_EN.pdf\">A Semmelweis Egyetem\u00a0Szen\u00e1tus\u00e1nak\u00a047\/2022. (VI.23.) sz\u00e1m\u00fa hat\u00e1rozata\u00a0a Semmelweis Szimp\u00f3zium, mint \u00faj krit\u00e9riumk\u00f6vetelm\u00e9ny bevezet\u00e9s\u00e9r\u0151l &#8211; 2. sz\u00e1m\u00fa mell\u00e9klet<\/a><\/p>\n<p style=\"text-align: justify\"><a href=\"https:\/\/semmelweis.hu\/jogigfoig\/files\/2022\/06\/48_2022_Doctor-Honoris-Causa-cim-adomanyozasarol.pdf\">A Semmelweis Egyetem\u00a0Szen\u00e1tus\u00e1nak\u00a048\/2022. (VI.23.) sz\u00e1m\u00fa hat\u00e1rozata\u00a0a Doctor Honoris Causa c\u00edm adom\u00e1nyoz\u00e1s\u00e1r\u00f3l<\/a><\/p>\n<p style=\"text-align: justify\"><a href=\"https:\/\/semmelweis.hu\/jogigfoig\/files\/2022\/06\/49_2022_Pro-Universitate-eletmudij-adomanyozasarol.pdf\">A Semmelweis Egyetem\u00a0Szen\u00e1tus\u00e1nak\u00a049\/2022. (VI.23.) sz\u00e1m\u00fa hat\u00e1rozata\u00a0a Pro Universitate \u00e9letm\u0171d\u00edj adom\u00e1nyoz\u00e1s\u00e1r\u00f3l<\/a><\/p>\n<p style=\"text-align: justify\"><a href=\"https:\/\/semmelweis.hu\/jogigfoig\/files\/2022\/06\/50_2022_OTDK-1-kredites-szabadon-valaszthato-tantargy-bevezeteserol.pdf\">A Semmelweis Egyetem\u00a0Szen\u00e1tus\u00e1nak\u00a050\/2022. (VI.23.) sz\u00e1m\u00fa hat\u00e1rozata\u00a0az OTDK 1 kredites szabadon v\u00e1laszthat\u00f3 tant\u00e1rgy bevezet\u00e9s\u00e9r\u0151l<\/a><\/p>\n<p style=\"text-align: justify\"><a href=\"https:\/\/semmelweis.hu\/jogigfoig\/files\/2022\/06\/50_2022_melleklet_kovetelmenyrendszer.pdf\">A Semmelweis Egyetem Szen\u00e1tus\u00e1nak 50\/2022. (VI.23.) sz\u00e1m\u00fa hat\u00e1rozata az OTDK 1 kredites szabadon v\u00e1laszthat\u00f3 tant\u00e1rgy bevezet\u00e9s\u00e9r\u0151l &#8211; 1. sz\u00e1m\u00fa mell\u00e9klet<\/a><\/p>\n<p style=\"text-align: justify\"><a href=\"https:\/\/semmelweis.hu\/jogigfoig\/files\/2022\/06\/51_2022_aktualis-vezetoi-es-oktatoi-kutatoi-palyazatok-velemenyezeserol.pdf\">A Semmelweis Egyetem\u00a0Szen\u00e1tus\u00e1nak\u00a051\/2022. (VI.23.) sz\u00e1m\u00fa hat\u00e1rozata\u00a0az aktu\u00e1lis vezet\u0151i \u00e9s oktat\u00f3i-kutat\u00f3i p\u00e1ly\u00e1zatok v\u00e9lem\u00e9nyez\u00e9s\u00e9r\u0151l<\/a><\/p>\n","protected":false},"excerpt":{"rendered":"<p><a href=\"https:\/\/semmelweis.hu\/jogigfoig\/files\/2022\/06\/N_5_2022_hatarozat.pdf\">A Semmelweis Egyetem Szen\u00e1tus\u00e1nak\u00a0N-5.2022. (VI.23.) sz\u00e1m\u00fa hat\u00e1rozata a szen\u00e1tusi \u00fcl\u00e9s napirendj\u00e9r\u0151l<\/a><br \/>\n<a href=\"https:\/\/semmelweis.hu\/jogigfoig\/files\/2022\/06\/44_2022_Szervezeti-es-Mukodesi-Szabalyzat-modositasarol.pdf\">A Semmelweis Egyetem\u00a0Szen\u00e1tus\u00e1nak\u00a044\/2022. (VI.23.) sz\u00e1m\u00fa hat\u00e1rozata a Szervezeti \u00e9s M\u0171k\u00f6d\u00e9si Szab\u00e1lyzat I.1. R\u00e9sz\u00e9nek m\u00f3dos\u00edt\u00e1s\u00e1r\u00f3l<\/a><br \/>\n<a href=\"https:\/\/semmelweis.hu\/jogigfoig\/files\/2022\/06\/44_2022_1-sz-melleklet.pdf\"> A Semmelweis Egyetem Szen\u00e1tus\u00e1nak 44\/2022. (VI.23.) sz\u00e1m\u00fa hat\u00e1rozata a Szervezeti \u00e9s M\u0171k\u00f6d\u00e9si Szab\u00e1lyzat I.1. R\u00e9sz\u00e9nek m\u00f3dos\u00edt\u00e1s\u00e1r\u00f3l &#8211; 1. sz\u00e1m\u00fa mell\u00e9klet<\/a><br \/>\n<a href=\"https:\/\/semmelweis.hu\/jogigfoig\/files\/2022\/06\/45_2022_BC22-Irodahaz-parkolo-megvetelehez-szukseges-uzletresz-megszerzeserol.pdf\">A Semmelweis Egyetem\u00a0Szen\u00e1tus\u00e1nak\u00a045\/2022. (VI.23.) sz\u00e1m\u00fa hat\u00e1rozata\u00a0a BC22 Irodah\u00e1z, parkol\u00f3 megv\u00e9tel\u00e9hez sz\u00fcks\u00e9ges \u00fczletr\u00e9sz megszerz\u00e9s\u00e9r\u0151l<\/a><br \/>\n<a href=\"https:\/\/semmelweis.hu\/jogigfoig\/files\/2022\/06\/46_2022_Szervezeti-es-Mukodesi-Szabalyzat.pdf\">A Semmelweis Egyetem\u00a0Szen\u00e1tus\u00e1nak\u00a046\/2022. (VI.23.) sz\u00e1m\u00fa hat\u00e1rozata\u00a0a Szervezeti \u00e9s M\u0171k\u00f6d\u00e9si Szab\u00e1lyzat III. K\u00f6nyv Hallgat\u00f3i K\u00f6vetelm\u00e9nyrendszer\u00a0III.2. R\u00e9sz Tanulm\u00e1nyi \u00e9s Vizsgaszab\u00e1lyzat m\u00f3dos\u00edt\u00e1s\u00e1r\u00f3l<\/a><br \/>\n<a href=\"https:\/\/semmelweis.hu\/jogigfoig\/files\/2022\/06\/46_2022_melleklet_TVSZ-revizio.pdf\">A Semmelweis Egyetem Szen\u00e1tus\u00e1nak 46\/2022. (VI.23.) sz\u00e1m\u00fa hat\u00e1rozata a Szervezeti \u00e9s M\u0171k\u00f6d\u00e9si Szab\u00e1lyzat III. K\u00f6nyv Hallgat\u00f3i K\u00f6vetelm\u00e9nyrendszer III.2. R\u00e9sz Tanulm\u00e1nyi \u00e9s Vizsgaszab\u00e1lyzat m\u00f3dos\u00edt\u00e1s\u00e1r\u00f3l &#8211; 1. sz\u00e1m\u00fa mell\u00e9klet<\/a><br \/>\n<a href=\"https:\/\/semmelweis.hu\/jogigfoig\/files\/2022\/07\/46_2022_melleklet.pdf\">A Semmelweis Egyetem Szen\u00e1tus\u00e1nak 46\/2022. (VI.23.) sz\u00e1m\u00fa hat\u00e1rozata a Szervezeti \u00e9s M\u0171k\u00f6d\u00e9si Szab\u00e1lyzat III. K\u00f6nyv Hallgat\u00f3i K\u00f6vetelm\u00e9nyrendszer III.2. R\u00e9sz Tanulm\u00e1nyi \u00e9s Vizsgaszab\u00e1lyzat m\u00f3dos\u00edt\u00e1s\u00e1r\u00f3l &#8211; Hallgat\u00f3i \u00d6nkorm\u00e1nyzat egyet\u00e9rt\u00e9si jog gyakorl\u00e1sa<\/a><br \/>\n<a href=\"https:\/\/semmelweis.hu\/jogigfoig\/files\/2022\/06\/47_2022_Semmelweis-Szimpozium-mint-uj-kriteriumkovetelmeny-bevezeteserol.pdf\">A Semmelweis Egyetem\u00a0Szen\u00e1tus\u00e1nak\u00a047\/2022. (VI.23.) sz\u00e1m\u00fa hat\u00e1rozata\u00a0a Semmelweis Szimp\u00f3zium, mint \u00faj krit\u00e9riumk\u00f6vetelm\u00e9ny bevezet\u00e9s\u00e9r\u0151l<\/a><br \/>\n<a href=\"https:\/\/semmelweis.hu\/jogigfoig\/files\/2022\/06\/47_2022_melleklet-1_kovetelmenyrendszer_HU.pdf\">A Semmelweis Egyetem Szen\u00e1tus\u00e1nak 47\/2022. (VI.23.) sz\u00e1m\u00fa hat\u00e1rozata a Semmelweis Szimp\u00f3zium, mint \u00faj krit\u00e9riumk\u00f6vetelm\u00e9ny bevezet\u00e9s\u00e9r\u0151l &#8211; 1. sz\u00e1m\u00fa mell\u00e9klet<\/a><br \/>\n<a href=\"https:\/\/semmelweis.hu\/jogigfoig\/files\/2022\/06\/47_2022_melleklet-2_kovetelmenyrendszer_EN.pdf\">A Semmelweis Egyetem\u00a0Szen\u00e1tus\u00e1nak\u00a047\/2022. (VI.23.) sz\u00e1m\u00fa hat\u00e1rozata\u00a0a Semmelweis Szimp\u00f3zium, mint \u00faj krit\u00e9riumk\u00f6vetelm\u00e9ny bevezet\u00e9s\u00e9r\u0151l &#8211; 2. sz\u00e1m\u00fa mell\u00e9klet<\/a><br \/>\n<a href=\"https:\/\/semmelweis.hu\/jogigfoig\/files\/2022\/06\/48_2022_Doctor-Honoris-Causa-cim-adomanyozasarol.pdf\">A Semmelweis Egyetem\u00a0Szen\u00e1tus\u00e1nak\u00a048\/2022. (VI.23.) sz\u00e1m\u00fa hat\u00e1rozata\u00a0a Doctor Honoris Causa c\u00edm adom\u00e1nyoz\u00e1s\u00e1r\u00f3l<\/a><br \/>\n<a href=\"https:\/\/semmelweis.hu\/jogigfoig\/files\/2022\/06\/49_2022_Pro-Universitate-eletmudij-adomanyozasarol.pdf\">A Semmelweis Egyetem\u00a0Szen\u00e1tus\u00e1nak\u00a049\/2022. (VI.23.) sz\u00e1m\u00fa hat\u00e1rozata\u00a0a Pro Universitate \u00e9letm\u0171d\u00edj adom\u00e1nyoz\u00e1s\u00e1r\u00f3l<\/a><br \/>\n<a href=\"https:\/\/semmelweis.hu\/jogigfoig\/files\/2022\/06\/50_2022_OTDK-1-kredites-szabadon-valaszthato-tantargy-bevezeteserol.pdf\">A Semmelweis Egyetem\u00a0Szen\u00e1tus\u00e1nak\u00a050\/2022. (VI.23.) sz\u00e1m\u00fa hat\u00e1rozata\u00a0az OTDK 1 kredites szabadon v\u00e1laszthat\u00f3 tant\u00e1rgy bevezet\u00e9s\u00e9r\u0151l<\/a><br \/>\n<a href=\"https:\/\/semmelweis.hu\/jogigfoig\/files\/2022\/06\/50_2022_melleklet_kovetelmenyrendszer.pdf\">A Semmelweis Egyetem Szen\u00e1tus\u00e1nak 50\/2022. (VI.23.) sz\u00e1m\u00fa hat\u00e1rozata az OTDK 1 kredites szabadon v\u00e1laszthat\u00f3 tant\u00e1rgy bevezet\u00e9s\u00e9r\u0151l &#8211; 1. sz\u00e1m\u00fa mell\u00e9klet<\/a><br \/>\n<a href=\"https:\/\/semmelweis.hu\/jogigfoig\/files\/2022\/06\/51_2022_aktualis-vezetoi-es-oktatoi-kutatoi-palyazatok-velemenyezeserol.pdf\">A Semmelweis Egyetem\u00a0Szen\u00e1tus\u00e1nak\u00a051\/2022. (VI.23.) sz\u00e1m\u00fa hat\u00e1rozata\u00a0az aktu\u00e1lis vezet\u0151i \u00e9s oktat\u00f3i-kutat\u00f3i p\u00e1ly\u00e1zatok v\u00e9lem\u00e9nyez\u00e9s\u00e9r\u0151l<\/a><\/p>\n","protected":false},"author":101467,"featured_media":0,"parent":82992,"menu_order":7,"comment_status":"closed","ping_status":"closed","template":"","meta":{"_acf_changed":false,"footnotes":""},"categories":[],"tags":[],"class_list":["post-84245","page","type-page","status-publish","hentry"],"acf":[],"_links":{"self":[{"href":"https:\/\/semmelweis.hu\/jogigfoig\/wp-json\/wp\/v2\/pages\/84245","targetHints":{"allow":["GET"]}}],"collection":[{"href":"https:\/\/semmelweis.hu\/jogigfoig\/wp-json\/wp\/v2\/pages"}],"about":[{"href":"https:\/\/semmelweis.hu\/jogigfoig\/wp-json\/wp\/v2\/types\/page"}],"author":[{"embeddable":true,"href":"https:\/\/semmelweis.hu\/jogigfoig\/wp-json\/wp\/v2\/users\/101467"}],"replies":[{"embeddable":true,"href":"https:\/\/semmelweis.hu\/jogigfoig\/wp-json\/wp\/v2\/comments?post=84245"}],"version-history":[{"count":3,"href":"https:\/\/semmelweis.hu\/jogigfoig\/wp-json\/wp\/v2\/pages\/84245\/revisions"}],"predecessor-version":[{"id":84276,"href":"https:\/\/semmelweis.hu\/jogigfoig\/wp-json\/wp\/v2\/pages\/84245\/revisions\/84276"}],"up":[{"embeddable":true,"href":"https:\/\/semmelweis.hu\/jogigfoig\/wp-json\/wp\/v2\/pages\/82992"}],"wp:attachment":[{"href":"https:\/\/semmelweis.hu\/jogigfoig\/wp-json\/wp\/v2\/media?parent=84245"}],"wp:term":[{"taxonomy":"category","embeddable":true,"href":"https:\/\/semmelweis.hu\/jogigfoig\/wp-json\/wp\/v2\/categories?post=84245"},{"taxonomy":"post_tag","embeddable":true,"href":"https:\/\/semmelweis.hu\/jogigfoig\/wp-json\/wp\/v2\/tags?post=84245"}],"curies":[{"name":"wp","href":"https:\/\/api.w.org\/{rel}","templated":true}]}}