{"id":84239,"date":"2022-06-30T10:54:48","date_gmt":"2022-06-30T08:54:48","guid":{"rendered":"https:\/\/semmelweis.hu\/jogigfoig\/?page_id=84239"},"modified":"2026-03-03T14:09:16","modified_gmt":"2026-03-03T13:09:16","slug":"elektronikus-alairas-nyilvantartas","status":"publish","type":"page","link":"https:\/\/semmelweis.hu\/jogigfoig\/igazgatas\/elektronikus-alairas-nyilvantartas\/","title":{"rendered":"Elektronikus al\u00e1\u00edr\u00e1s nyilv\u00e1ntart\u00e1s"},"content":{"rendered":"<ul>\n<li><a href=\"https:\/\/semmelweis.hu\/jogigfoig\/files\/2022\/06\/Elektronikus_alairas_nyilvantartas_202203.pdf\">2022. m\u00e1rcius<\/a><\/li>\n<li><a href=\"https:\/\/semmelweis.hu\/jogigfoig\/files\/2022\/07\/Elektronikus_alairas_nyilvantartas_202207.pdf\">2022. j\u00falius<\/a><\/li>\n<li><a href=\"https:\/\/semmelweis.hu\/jogigfoig\/files\/2023\/11\/Elektronikus_alairas_nyilvantartas_202311.pdf\">2023. november<\/a><\/li>\n<li><a href=\"https:\/\/semmelweis.hu\/jogigfoig\/files\/2025\/06\/Elektronikus_alairas_nyilvantartas_202506.pdf\">2025. j\u00fanius<\/a><\/li>\n<li><a href=\"https:\/\/semmelweis.hu\/jogigfoig\/files\/2026\/03\/SE-elektronikus-alairas-nyilvantartas2025.12.31.-ig.pdf\">2025. december 31-ig<\/a><\/li>\n<\/ul>\n","protected":false},"excerpt":{"rendered":"<p><a href=\"https:\/\/semmelweis.hu\/jogigfoig\/files\/2022\/06\/Elektronikus_alairas_nyilvantartas_202203.pdf\">2022. m\u00e1rcius<\/a><br \/>\n<a href=\"https:\/\/semmelweis.hu\/jogigfoig\/files\/2022\/07\/Elektronikus_alairas_nyilvantartas_202207.pdf\">2022. j\u00falius<\/a><br \/>\n<a href=\"https:\/\/semmelweis.hu\/jogigfoig\/files\/2023\/11\/Elektronikus_alairas_nyilvantartas_202311.pdf\">2023. november<\/a><br \/>\n<a href=\"https:\/\/semmelweis.hu\/jogigfoig\/files\/2025\/06\/Elektronikus_alairas_nyilvantartas_202506.pdf\">2025. j\u00fanius<\/a><br \/>\n<a href=\"https:\/\/semmelweis.hu\/jogigfoig\/files\/2026\/03\/SE-elektronikus-alairas-nyilvantartas2025.12.31.-ig.pdf\">2025. december 31-ig<\/a><\/p>\n","protected":false},"author":101467,"featured_media":0,"parent":3413,"menu_order":0,"comment_status":"closed","ping_status":"closed","template":"","meta":{"_acf_changed":false,"footnotes":""},"categories":[],"tags":[],"class_list":["post-84239","page","type-page","status-publish","hentry"],"acf":[],"_links":{"self":[{"href":"https:\/\/semmelweis.hu\/jogigfoig\/wp-json\/wp\/v2\/pages\/84239","targetHints":{"allow":["GET"]}}],"collection":[{"href":"https:\/\/semmelweis.hu\/jogigfoig\/wp-json\/wp\/v2\/pages"}],"about":[{"href":"https:\/\/semmelweis.hu\/jogigfoig\/wp-json\/wp\/v2\/types\/page"}],"author":[{"embeddable":true,"href":"https:\/\/semmelweis.hu\/jogigfoig\/wp-json\/wp\/v2\/users\/101467"}],"replies":[{"embeddable":true,"href":"https:\/\/semmelweis.hu\/jogigfoig\/wp-json\/wp\/v2\/comments?post=84239"}],"version-history":[{"count":10,"href":"https:\/\/semmelweis.hu\/jogigfoig\/wp-json\/wp\/v2\/pages\/84239\/revisions"}],"predecessor-version":[{"id":105250,"href":"https:\/\/semmelweis.hu\/jogigfoig\/wp-json\/wp\/v2\/pages\/84239\/revisions\/105250"}],"up":[{"embeddable":true,"href":"https:\/\/semmelweis.hu\/jogigfoig\/wp-json\/wp\/v2\/pages\/3413"}],"wp:attachment":[{"href":"https:\/\/semmelweis.hu\/jogigfoig\/wp-json\/wp\/v2\/media?parent=84239"}],"wp:term":[{"taxonomy":"category","embeddable":true,"href":"https:\/\/semmelweis.hu\/jogigfoig\/wp-json\/wp\/v2\/categories?post=84239"},{"taxonomy":"post_tag","embeddable":true,"href":"https:\/\/semmelweis.hu\/jogigfoig\/wp-json\/wp\/v2\/tags?post=84239"}],"curies":[{"name":"wp","href":"https:\/\/api.w.org\/{rel}","templated":true}]}}