{"id":83938,"date":"2022-06-02T13:44:57","date_gmt":"2022-06-02T11:44:57","guid":{"rendered":"https:\/\/semmelweis.hu\/jogigfoig\/?page_id=83938"},"modified":"2022-11-21T14:45:00","modified_gmt":"2022-11-21T13:45:00","slug":"2022-majus-26","status":"publish","type":"page","link":"https:\/\/semmelweis.hu\/jogigfoig\/testuletek\/szenatus\/2022-evi-szenatusi-hatarozatok\/2022-majus-26\/","title":{"rendered":"2022. m\u00e1jus 26."},"content":{"rendered":"<p style=\"text-align: justify\"><a href=\"https:\/\/semmelweis.hu\/jogigfoig\/files\/2022\/06\/N_4_2022_hatarozat.pdf\">A Semmelweis Egyetem\u00a0Szen\u00e1tus\u00e1nak N-4.2022. (V.26.) sz\u00e1m\u00fa hat\u00e1rozata\u00a0a szen\u00e1tusi \u00fcl\u00e9s napirendj\u00e9r\u0151l<\/a><\/p>\n<p style=\"text-align: justify\"><a href=\"https:\/\/semmelweis.hu\/jogigfoig\/files\/2022\/06\/34_2022_Felveteli-Szabalyzat.pdf\">A Semmelweis Egyetem\u00a0Szen\u00e1tus\u00e1nak\u00a034\/2022. (V.26.) sz\u00e1m\u00fa hat\u00e1rozata a Semmelweis Egyetem Szervezeti \u00e9s M\u0171k\u00f6d\u00e9si Szab\u00e1lyzat \u2013 III. K\u00f6nyv, Hallgat\u00f3i K\u00f6vetelm\u00e9nyrendszer \u2013 III.1. R\u00e9sz, Felv\u00e9teli Szab\u00e1lyzat egyes rendelkez\u00e9seinek m\u00f3dos\u00edt\u00e1s\u00e1r\u00f3l<\/a><\/p>\n<p style=\"text-align: justify\"><a href=\"https:\/\/semmelweis.hu\/jogigfoig\/files\/2022\/06\/34_2022_Melleklet.pdf\">A Semmelweis Egyetem Szen\u00e1tus\u00e1nak 34\/2022. (V.26.) sz\u00e1m\u00fa hat\u00e1rozata a Semmelweis Egyetem Szervezeti \u00e9s M\u0171k\u00f6d\u00e9si Szab\u00e1lyzat \u2013 III. K\u00f6nyv, Hallgat\u00f3i K\u00f6vetelm\u00e9nyrendszer \u2013 III.1. R\u00e9sz, Felv\u00e9teli Szab\u00e1lyzat egyes rendelkez\u00e9seinek m\u00f3dos\u00edt\u00e1s\u00e1r\u00f3l &#8211; 1. sz\u00e1m\u00fa mell\u00e9klet<\/a><\/p>\n<p style=\"text-align: justify\"><a href=\"https:\/\/semmelweis.hu\/jogigfoig\/files\/2022\/06\/35_2022_a-Klinikai-Kozpont-ugyrendjenek-modositasarol.pdf\">A Semmelweis Egyetem\u00a0Szen\u00e1tus\u00e1nak\u00a035\/2022. (V.26.) sz\u00e1m\u00fa hat\u00e1rozata\u00a0a Klinikai K\u00f6zpont \u00fcgyrendj\u00e9nek m\u00f3dos\u00edt\u00e1s\u00e1r\u00f3l<\/a><\/p>\n<p style=\"text-align: justify\"><a href=\"https:\/\/semmelweis.hu\/jogigfoig\/files\/2022\/06\/36_2022_a-PhD-Tudomanyos-Napok-mint-uj-szabadon-valaszthato-tantargy-bevezeteserol.pdf\">A Semmelweis Egyetem\u00a0Szen\u00e1tus\u00e1nak\u00a036\/2022. (V.26.) sz\u00e1m\u00fa hat\u00e1rozata\u00a0a PhD Tudom\u00e1nyos Napok, mint \u00faj szabadon v\u00e1laszthat\u00f3 tant\u00e1rgy bevezet\u00e9s\u00e9r\u0151l<\/a><\/p>\n<p style=\"text-align: justify\"><a href=\"https:\/\/semmelweis.hu\/jogigfoig\/files\/2022\/06\/36_2022_Melleklet.pdf\">A Semmelweis Egyetem Szen\u00e1tus\u00e1nak 36\/2022. (V.26.) sz\u00e1m\u00fa hat\u00e1rozata a PhD Tudom\u00e1nyos Napok, mint \u00faj szabadon v\u00e1laszthat\u00f3 tant\u00e1rgy bevezet\u00e9s\u00e9r\u0151l &#8211; 1. sz\u00e1m\u00fa mell\u00e9klet<\/a><\/p>\n<p style=\"text-align: justify\"><a href=\"https:\/\/semmelweis.hu\/jogigfoig\/files\/2022\/06\/37_2022_a-Doktori-Szabalyzat-es-Mellekleteinek-modositasarol.pdf\">A Semmelweis Egyetem\u00a0Szen\u00e1tus\u00e1nak\u00a037\/2022. (V.26.) sz\u00e1m\u00fa hat\u00e1rozata\u00a0a Doktori Szab\u00e1lyzat \u00e9s Mell\u00e9kleteinek m\u00f3dos\u00edt\u00e1s\u00e1r\u00f3l<\/a><\/p>\n<p style=\"text-align: justify\"><a href=\"https:\/\/semmelweis.hu\/jogigfoig\/files\/2022\/06\/37_2022_Doktori-Szabalyzat.pdf\">A Semmelweis Egyetem Szen\u00e1tus\u00e1nak 37\/2022. (V.26.) sz\u00e1m\u00fa hat\u00e1rozata a Doktori Szab\u00e1lyzat \u00e9s Mell\u00e9kleteinek m\u00f3dos\u00edt\u00e1s\u00e1r\u00f3l &#8211; 1. sz\u00e1m\u00fa mell\u00e9klet &#8211; Doktori Szab\u00e1lyzat<\/a><\/p>\n<p style=\"text-align: justify\"><a href=\"https:\/\/semmelweis.hu\/jogigfoig\/files\/2022\/06\/37_2022_Doktori-Szabalyzat-mellekletei.pdf\">A Semmelweis Egyetem Szen\u00e1tus\u00e1nak 37\/2022. (V.26.) sz\u00e1m\u00fa hat\u00e1rozata a Doktori Szab\u00e1lyzat \u00e9s Mell\u00e9kleteinek m\u00f3dos\u00edt\u00e1s\u00e1r\u00f3l &#8211; 2. sz\u00e1m\u00fa mell\u00e9klet &#8211; Doktori szab\u00e1lyzat mell\u00e9kletei<\/a><\/p>\n<p style=\"text-align: justify\"><a href=\"https:\/\/semmelweis.hu\/jogigfoig\/files\/2022\/06\/38_2022_az-Egeszsegtudomanyi-Karon-adomanyozhato-Forgacs-Ivan-dij-alapitasarol.pdf\">A Semmelweis Egyetem\u00a0Szen\u00e1tus\u00e1nak\u00a038\/2022. (V.26.) sz\u00e1m\u00fa hat\u00e1rozata\u00a0az Eg\u00e9szs\u00e9gtudom\u00e1nyi Karon adom\u00e1nyozhat\u00f3 Forg\u00e1cs Iv\u00e1n-d\u00edj alap\u00edt\u00e1s\u00e1r\u00f3l<\/a><\/p>\n<p style=\"text-align: justify\"><a href=\"https:\/\/semmelweis.hu\/jogigfoig\/files\/2022\/06\/39_2022_a-Doktorandusz-Onkormanyzat-Alapszabaly-modositasanak-a-jovahagyasarol.pdf\">A Semmelweis Egyetem\u00a0Szen\u00e1tus\u00e1nak\u00a039\/2022. (V.26.) sz\u00e1m\u00fa hat\u00e1rozata\u00a0a Doktorandusz \u00d6nkorm\u00e1nyzat Alapszab\u00e1ly-m\u00f3dos\u00edt\u00e1s\u00e1nak a j\u00f3v\u00e1hagy\u00e1s\u00e1r\u00f3l<\/a><\/p>\n<p style=\"text-align: justify\"><a href=\"https:\/\/semmelweis.hu\/jogigfoig\/files\/2022\/06\/40_2022_a-Professor-Emeritus-cim-odaiteleserol.pdf\">A Semmelweis Egyetem\u00a0Szen\u00e1tus\u00e1nak\u00a040\/2022. (V.26.) sz\u00e1m\u00fa hat\u00e1rozata\u00a0a Professor Emeritus c\u00edm oda\u00edt\u00e9l\u00e9s\u00e9r\u0151l<\/a><\/p>\n<p style=\"text-align: justify\"><a href=\"https:\/\/semmelweis.hu\/jogigfoig\/files\/2022\/06\/41_2022_az-aktualis-vezetoi-palyazatok-velemenyezeserol.pdf\">A Semmelweis Egyetem\u00a0Szen\u00e1tus\u00e1nak\u00a041\/2022. (V.26.) sz\u00e1m\u00fa hat\u00e1rozata\u00a0az aktu\u00e1lis vezet\u0151i p\u00e1ly\u00e1zatok v\u00e9lem\u00e9nyez\u00e9s\u00e9r\u0151l<\/a><\/p>\n","protected":false},"excerpt":{"rendered":"<p><a href=\"https:\/\/semmelweis.hu\/jogigfoig\/files\/2022\/06\/N_4_2022_hatarozat.pdf\">A Semmelweis Egyetem\u00a0Szen\u00e1tus\u00e1nak N-4.2022. (V.26.) sz\u00e1m\u00fa hat\u00e1rozata\u00a0a szen\u00e1tusi \u00fcl\u00e9s napirendj\u00e9r\u0151l<\/a><br \/>\n<a href=\"https:\/\/semmelweis.hu\/jogigfoig\/files\/2022\/06\/34_2022_Felveteli-Szabalyzat.pdf\">A Semmelweis Egyetem\u00a0Szen\u00e1tus\u00e1nak\u00a034\/2022. (V.26.) sz\u00e1m\u00fa hat\u00e1rozata a Semmelweis Egyetem Szervezeti \u00e9s M\u0171k\u00f6d\u00e9si Szab\u00e1lyzat \u2013 III. K\u00f6nyv, Hallgat\u00f3i K\u00f6vetelm\u00e9nyrendszer \u2013 III.1. R\u00e9sz, Felv\u00e9teli Szab\u00e1lyzat egyes rendelkez\u00e9seinek m\u00f3dos\u00edt\u00e1s\u00e1r\u00f3l<\/a><br \/>\n<a href=\"https:\/\/semmelweis.hu\/jogigfoig\/files\/2022\/06\/34_2022_Melleklet.pdf\">A Semmelweis Egyetem Szen\u00e1tus\u00e1nak 34\/2022. (V.26.) sz\u00e1m\u00fa hat\u00e1rozata a Semmelweis Egyetem Szervezeti \u00e9s M\u0171k\u00f6d\u00e9si Szab\u00e1lyzat \u2013 III. K\u00f6nyv, Hallgat\u00f3i K\u00f6vetelm\u00e9nyrendszer \u2013 III.1. R\u00e9sz, Felv\u00e9teli Szab\u00e1lyzat egyes rendelkez\u00e9seinek m\u00f3dos\u00edt\u00e1s\u00e1r\u00f3l &#8211; 1. sz\u00e1m\u00fa mell\u00e9klet<\/a><br \/>\n<a href=\"https:\/\/semmelweis.hu\/jogigfoig\/files\/2022\/06\/35_2022_a-Klinikai-Kozpont-ugyrendjenek-modositasarol.pdf\">A Semmelweis Egyetem\u00a0Szen\u00e1tus\u00e1nak\u00a035\/2022. (V.26.) sz\u00e1m\u00fa hat\u00e1rozata\u00a0a Klinikai K\u00f6zpont \u00fcgyrendj\u00e9nek m\u00f3dos\u00edt\u00e1s\u00e1r\u00f3l<\/a><br \/>\n<a href=\"https:\/\/semmelweis.hu\/jogigfoig\/files\/2022\/06\/36_2022_a-PhD-Tudomanyos-Napok-mint-uj-szabadon-valaszthato-tantargy-bevezeteserol.pdf\">A Semmelweis Egyetem\u00a0Szen\u00e1tus\u00e1nak\u00a036\/2022. (V.26.) sz\u00e1m\u00fa hat\u00e1rozata\u00a0a PhD Tudom\u00e1nyos Napok, mint \u00faj szabadon v\u00e1laszthat\u00f3 tant\u00e1rgy bevezet\u00e9s\u00e9r\u0151l<\/a><br \/>\n<a href=\"https:\/\/semmelweis.hu\/jogigfoig\/files\/2022\/06\/36_2022_Melleklet.pdf\">A Semmelweis Egyetem Szen\u00e1tus\u00e1nak 36\/2022. (V.26.) sz\u00e1m\u00fa hat\u00e1rozata a PhD Tudom\u00e1nyos Napok, mint \u00faj szabadon v\u00e1laszthat\u00f3 tant\u00e1rgy bevezet\u00e9s\u00e9r\u0151l &#8211; 1. sz\u00e1m\u00fa mell\u00e9klet<\/a><br \/>\n<a href=\"https:\/\/semmelweis.hu\/jogigfoig\/files\/2022\/06\/37_2022_a-Doktori-Szabalyzat-es-Mellekleteinek-modositasarol.pdf\">A Semmelweis Egyetem\u00a0Szen\u00e1tus\u00e1nak\u00a037\/2022. (V.26.) sz\u00e1m\u00fa hat\u00e1rozata\u00a0a Doktori Szab\u00e1lyzat \u00e9s Mell\u00e9kleteinek m\u00f3dos\u00edt\u00e1s\u00e1r\u00f3l<\/a><br \/>\n<a href=\"https:\/\/semmelweis.hu\/jogigfoig\/files\/2022\/06\/37_2022_Doktori-Szabalyzat.pdf\">A Semmelweis Egyetem Szen\u00e1tus\u00e1nak 37\/2022. (V.26.) sz\u00e1m\u00fa hat\u00e1rozata a Doktori Szab\u00e1lyzat \u00e9s Mell\u00e9kleteinek m\u00f3dos\u00edt\u00e1s\u00e1r\u00f3l &#8211; 1. sz\u00e1m\u00fa mell\u00e9klet &#8211; Doktori Szab\u00e1lyzat<\/a><br \/>\n<a href=\"https:\/\/semmelweis.hu\/jogigfoig\/files\/2022\/06\/37_2022_Doktori-Szabalyzat-mellekletei.pdf\">A Semmelweis Egyetem Szen\u00e1tus\u00e1nak 37\/2022. (V.26.) sz\u00e1m\u00fa hat\u00e1rozata a Doktori Szab\u00e1lyzat \u00e9s Mell\u00e9kleteinek m\u00f3dos\u00edt\u00e1s\u00e1r\u00f3l &#8211; 2. sz\u00e1m\u00fa mell\u00e9klet &#8211; Doktori szab\u00e1lyzat mell\u00e9kletei<\/a><br \/>\n<a href=\"https:\/\/semmelweis.hu\/jogigfoig\/files\/2022\/06\/38_2022_az-Egeszsegtudomanyi-Karon-adomanyozhato-Forgacs-Ivan-dij-alapitasarol.pdf\">A Semmelweis Egyetem\u00a0Szen\u00e1tus\u00e1nak\u00a038\/2022. (V.26.) sz\u00e1m\u00fa hat\u00e1rozata\u00a0az Eg\u00e9szs\u00e9gtudom\u00e1nyi Karon adom\u00e1nyozhat\u00f3 Forg\u00e1cs Iv\u00e1n-d\u00edj alap\u00edt\u00e1s\u00e1r\u00f3l<\/a><br \/>\n<a href=\"https:\/\/semmelweis.hu\/jogigfoig\/files\/2022\/06\/39_2022_a-Doktorandusz-Onkormanyzat-Alapszabaly-modositasanak-a-jovahagyasarol.pdf\">A Semmelweis Egyetem\u00a0Szen\u00e1tus\u00e1nak\u00a039\/2022. (V.26.) sz\u00e1m\u00fa hat\u00e1rozata\u00a0a Doktorandusz \u00d6nkorm\u00e1nyzat Alapszab\u00e1ly-m\u00f3dos\u00edt\u00e1s\u00e1nak a j\u00f3v\u00e1hagy\u00e1s\u00e1r\u00f3l<\/a><br \/>\n<a href=\"https:\/\/semmelweis.hu\/jogigfoig\/files\/2022\/06\/40_2022_a-Professor-Emeritus-cim-odaiteleserol.pdf\">A Semmelweis Egyetem\u00a0Szen\u00e1tus\u00e1nak\u00a040\/2022. (V.26.) sz\u00e1m\u00fa hat\u00e1rozata\u00a0a Professor Emeritus c\u00edm oda\u00edt\u00e9l\u00e9s\u00e9r\u0151l<\/a><br \/>\n<a href=\"https:\/\/semmelweis.hu\/jogigfoig\/files\/2022\/06\/41_2022_az-aktualis-vezetoi-palyazatok-velemenyezeserol.pdf\">A Semmelweis Egyetem\u00a0Szen\u00e1tus\u00e1nak\u00a041\/2022. (V.26.) sz\u00e1m\u00fa hat\u00e1rozata\u00a0az aktu\u00e1lis vezet\u0151i p\u00e1ly\u00e1zatok v\u00e9lem\u00e9nyez\u00e9s\u00e9r\u0151l<\/a><\/p>\n","protected":false},"author":101467,"featured_media":0,"parent":82992,"menu_order":5,"comment_status":"closed","ping_status":"closed","template":"","meta":{"_acf_changed":false,"footnotes":""},"categories":[],"tags":[],"class_list":["post-83938","page","type-page","status-publish","hentry"],"acf":[],"_links":{"self":[{"href":"https:\/\/semmelweis.hu\/jogigfoig\/wp-json\/wp\/v2\/pages\/83938","targetHints":{"allow":["GET"]}}],"collection":[{"href":"https:\/\/semmelweis.hu\/jogigfoig\/wp-json\/wp\/v2\/pages"}],"about":[{"href":"https:\/\/semmelweis.hu\/jogigfoig\/wp-json\/wp\/v2\/types\/page"}],"author":[{"embeddable":true,"href":"https:\/\/semmelweis.hu\/jogigfoig\/wp-json\/wp\/v2\/users\/101467"}],"replies":[{"embeddable":true,"href":"https:\/\/semmelweis.hu\/jogigfoig\/wp-json\/wp\/v2\/comments?post=83938"}],"version-history":[{"count":3,"href":"https:\/\/semmelweis.hu\/jogigfoig\/wp-json\/wp\/v2\/pages\/83938\/revisions"}],"predecessor-version":[{"id":84106,"href":"https:\/\/semmelweis.hu\/jogigfoig\/wp-json\/wp\/v2\/pages\/83938\/revisions\/84106"}],"up":[{"embeddable":true,"href":"https:\/\/semmelweis.hu\/jogigfoig\/wp-json\/wp\/v2\/pages\/82992"}],"wp:attachment":[{"href":"https:\/\/semmelweis.hu\/jogigfoig\/wp-json\/wp\/v2\/media?parent=83938"}],"wp:term":[{"taxonomy":"category","embeddable":true,"href":"https:\/\/semmelweis.hu\/jogigfoig\/wp-json\/wp\/v2\/categories?post=83938"},{"taxonomy":"post_tag","embeddable":true,"href":"https:\/\/semmelweis.hu\/jogigfoig\/wp-json\/wp\/v2\/tags?post=83938"}],"curies":[{"name":"wp","href":"https:\/\/api.w.org\/{rel}","templated":true}]}}