{"id":83754,"date":"2022-05-20T09:32:42","date_gmt":"2022-05-20T07:32:42","guid":{"rendered":"https:\/\/semmelweis.hu\/jogigfoig\/?page_id=83754"},"modified":"2022-11-21T14:44:53","modified_gmt":"2022-11-21T13:44:53","slug":"2022-majus-13","status":"publish","type":"page","link":"https:\/\/semmelweis.hu\/jogigfoig\/testuletek\/szenatus\/2022-evi-szenatusi-hatarozatok\/2022-majus-13\/","title":{"rendered":"2022. m\u00e1jus 13."},"content":{"rendered":"<p style=\"text-align: justify\"><a href=\"https:\/\/semmelweis.hu\/jogigfoig\/files\/2022\/05\/33_2022_Szabalyzatok-Konyve-I.utem_.pdf\">A Semmelweis Egyetem\u00a0Szen\u00e1tus\u00e1nak\u00a033\/2022. (V.13.) sz\u00e1m\u00fa hat\u00e1rozata\u00a0a Szab\u00e1lyzatok k\u00f6nyve I. \u00fctem c\u00edm\u0171 el\u0151terjeszt\u00e9sr\u0151l<\/a><\/p>\n<p style=\"text-align: justify\"><a href=\"https:\/\/semmelweis.hu\/jogigfoig\/files\/2022\/05\/Szabalyzatok.zip\">A Semmelweis Egyetem Szen\u00e1tus\u00e1nak 33\/2022. (V.13.) sz\u00e1m\u00fa hat\u00e1rozata a Szab\u00e1lyzatok k\u00f6nyve I. \u00fctem c\u00edm\u0171 el\u0151terjeszt\u00e9sr\u0151l &#8211; 1. sz\u00e1m\u00fa mell\u00e9klet<\/a><\/p>\n","protected":false},"excerpt":{"rendered":"<p><a href=\"https:\/\/semmelweis.hu\/jogigfoig\/files\/2022\/05\/33_2022_Szabalyzatok-Konyve-I.utem_.pdf\">A Semmelweis Egyetem\u00a0Szen\u00e1tus\u00e1nak\u00a033\/2022. (V.13.) sz\u00e1m\u00fa hat\u00e1rozata\u00a0a Szab\u00e1lyzatok k\u00f6nyve I. \u00fctem c\u00edm\u0171 el\u0151terjeszt\u00e9sr\u0151l<\/a><br \/>\n<a href=\"https:\/\/semmelweis.hu\/jogigfoig\/files\/2022\/05\/Szabalyzatok.zip\">A Semmelweis Egyetem Szen\u00e1tus\u00e1nak 33\/2022. (V.13.) sz\u00e1m\u00fa hat\u00e1rozata a Szab\u00e1lyzatok k\u00f6nyve I. \u00fctem c\u00edm\u0171 el\u0151terjeszt\u00e9sr\u0151l &#8211; 1. sz\u00e1m\u00fa mell\u00e9klet<\/a><\/p>\n","protected":false},"author":101467,"featured_media":0,"parent":82992,"menu_order":4,"comment_status":"closed","ping_status":"closed","template":"","meta":{"_acf_changed":false,"footnotes":""},"categories":[],"tags":[],"class_list":["post-83754","page","type-page","status-publish","hentry"],"acf":[],"_links":{"self":[{"href":"https:\/\/semmelweis.hu\/jogigfoig\/wp-json\/wp\/v2\/pages\/83754","targetHints":{"allow":["GET"]}}],"collection":[{"href":"https:\/\/semmelweis.hu\/jogigfoig\/wp-json\/wp\/v2\/pages"}],"about":[{"href":"https:\/\/semmelweis.hu\/jogigfoig\/wp-json\/wp\/v2\/types\/page"}],"author":[{"embeddable":true,"href":"https:\/\/semmelweis.hu\/jogigfoig\/wp-json\/wp\/v2\/users\/101467"}],"replies":[{"embeddable":true,"href":"https:\/\/semmelweis.hu\/jogigfoig\/wp-json\/wp\/v2\/comments?post=83754"}],"version-history":[{"count":1,"href":"https:\/\/semmelweis.hu\/jogigfoig\/wp-json\/wp\/v2\/pages\/83754\/revisions"}],"predecessor-version":[{"id":83757,"href":"https:\/\/semmelweis.hu\/jogigfoig\/wp-json\/wp\/v2\/pages\/83754\/revisions\/83757"}],"up":[{"embeddable":true,"href":"https:\/\/semmelweis.hu\/jogigfoig\/wp-json\/wp\/v2\/pages\/82992"}],"wp:attachment":[{"href":"https:\/\/semmelweis.hu\/jogigfoig\/wp-json\/wp\/v2\/media?parent=83754"}],"wp:term":[{"taxonomy":"category","embeddable":true,"href":"https:\/\/semmelweis.hu\/jogigfoig\/wp-json\/wp\/v2\/categories?post=83754"},{"taxonomy":"post_tag","embeddable":true,"href":"https:\/\/semmelweis.hu\/jogigfoig\/wp-json\/wp\/v2\/tags?post=83754"}],"curies":[{"name":"wp","href":"https:\/\/api.w.org\/{rel}","templated":true}]}}