{"id":83684,"date":"2022-05-09T08:21:43","date_gmt":"2022-05-09T06:21:43","guid":{"rendered":"https:\/\/semmelweis.hu\/jogigfoig\/?page_id=83684"},"modified":"2025-05-06T10:46:13","modified_gmt":"2025-05-06T08:46:13","slug":"szervezeti-egysegek-adatkezelesi-tajekoztatoi","status":"publish","type":"page","link":"https:\/\/semmelweis.hu\/jogigfoig\/adatvedelem-betegjog\/adatkezelesi-tajekoztatok\/szervezeti-egysegek-adatkezelesi-tajekoztatoi\/","title":{"rendered":"Szervezeti egys\u00e9gek adatkezel\u00e9si t\u00e1j\u00e9koztat\u00f3i"},"content":{"rendered":"<p style=\"text-align: justify\"><span style=\"font-size: 14pt\"><a href=\"https:\/\/semmelweis.hu\/jogigfoig\/adatvedelem-betegjog\/egyedi-adatkezelesi-tajekoztato-jogi-es-igazgatasi-foigazgatosag\/\">1. Jogi \u00e9s Igazgat\u00e1si F\u0151igazgat\u00f3s\u00e1g\u00a0\u00a0<\/a><\/span><\/p>\n<p style=\"text-align: justify\"><span style=\"font-size: 14pt\"><a href=\"https:\/\/semmelweis.hu\/ellenorzesi-igazgatosag\/az-ellenorzesi-igazgatosag-adatkezelese\/\">2. Ellen\u0151rz\u00e9si Igazgat\u00f3s\u00e1g<\/a><\/span><\/p>\n<p style=\"text-align: justify\"><span style=\"font-size: 14pt\"><a href=\"https:\/\/semmelweis.hu\/rokus\/a-szent-rokus-klinikai-tombigazgatosag-bemutatasa\/adatvedelem\/\">3. Szent R\u00f3kus Klinikai T\u00f6mbigazgat\u00f3s\u00e1g<\/a><\/span><\/p>\n<p style=\"text-align: justify\"><a href=\"https:\/\/semmelweis.hu\/human\/az-emberieroforras-gazdalkodasi-foigazgatosag-adatkezelese\/\">4. Emberier\u0151forr\u00e1s-gazd\u00e1lkod\u00e1si F\u0151igazgat\u00f3s\u00e1g<\/a><\/p>\n<p style=\"text-align: justify\"><span style=\"font-size: 14pt\"><a href=\"https:\/\/semmelweis.hu\/gyermekklinika2\/adatvedelem\/klinikai-adatkezelesi-tajekoztatok\/\">5. Gyermekgy\u00f3gy\u00e1szati Klinika T\u0171zolt\u00f3 utcai r\u00e9szleg<\/a><\/span><\/p>\n<p style=\"text-align: justify\"><span style=\"font-size: 14pt\"><a href=\"https:\/\/semmelweis.hu\/fszoi\/altalanos-informaciok\/adatkezeles-adatvedelem\/\">6. Fog\u00e1szati \u00e9s Sz\u00e1jseb\u00e9szeti Oktat\u00f3 Int\u00e9zet<\/a><\/span><\/p>\n<p style=\"text-align: justify\"><span style=\"font-size: 14pt\"><a href=\"https:\/\/semmelweis.hu\/fok\/altalanos-informaciok\/adatvedelem\/\">7. Fogorvostudom\u00e1nyi Kar<\/a><\/span><\/p>\n<p style=\"text-align: justify\"><span style=\"font-size: 14pt\"><a href=\"https:\/\/semmelweis.hu\/aok\/a-karrol\/adatvedelem-2\/\">8. \u00c1ltal\u00e1nos Orvostudom\u00e1nyi Kar<\/a><\/span><\/p>\n<p style=\"text-align: justify\"><span style=\"font-size: 14pt\"><a href=\"https:\/\/semmelweis.hu\/etk\/dokumentumok\/szabalyzatok-utasitasok\">9. Eg\u00e9szs\u00e9gtudom\u00e1nyi Kar<\/a><\/span><\/p>\n<p style=\"text-align: justify\"><span style=\"font-size: 14pt\"><a href=\"https:\/\/semmelweis.hu\/pak\/a-karrol\/adatkezeles\/\">10. Pet\u0151 Andr\u00e1s Kar<\/a><\/span><\/p>\n<p style=\"text-align: justify\"><span style=\"font-size: 14pt\"><a href=\"https:\/\/semmelweis.hu\/oktatasigazgatas\/adatvedelem\/\">11. Oktat\u00e1sigazgat\u00e1si Hivatal<\/a><\/span><\/p>\n<p style=\"text-align: justify\"><span style=\"font-size: 14pt\"><a href=\"https:\/\/semmelweis.hu\/oktatasmodszertan\/magunkrol\/adatkezeles\/\">12. Oktat\u00e1sfejleszt\u00e9si, -m\u00f3dszertani\u00a0\u00e9s -szervez\u00e9si K\u00f6zpont<\/a><\/span><\/p>\n<p style=\"text-align: justify\"><span style=\"font-size: 14pt\"><a href=\"https:\/\/semmelweis.hu\/mfi\/adatvedelem\/\">13. M\u0171szaki F\u0151igazgat\u00f3s\u00e1g<\/a><\/span><\/p>\n<p style=\"text-align: justify\"><span style=\"font-size: 14pt\"><a href=\"https:\/\/semmelweis.hu\/szaknyelv\/adatvedelem\/\">14. Szaknyelvi Int\u00e9zet<\/a><\/span><\/p>\n<p style=\"text-align: justify\"><span style=\"font-size: 14pt\"><a href=\"http:\/\/bel1.semmelweis.hu\/info.aspx?sp=110&amp;Ord=0&amp;Asc=1\">15. Belgy\u00f3gy\u00e1szati \u00e9s Onkol\u00f3giai Klinika<\/a><\/span><\/p>\n<p style=\"text-align: justify\"><span style=\"font-size: 14pt\"><a href=\"https:\/\/semmelweis.hu\/noi1\/adatkezelesi-tajekoztatok\/\">16. Sz\u00fcl\u00e9szeti \u00e9s N\u0151gy\u00f3gy\u00e1szati Klinika<\/a><\/span><\/p>\n<p style=\"text-align: justify\"><span style=\"font-size: 14pt\"><a href=\"https:\/\/semmelweis.hu\/patologia1\/diagnosztika-profilok\/adatkezeles\/\">17. Patol\u00f3giai \u00e9s K\u00eds\u00e9rleti R\u00e1kkutat\u00f3 Int\u00e9zet<\/a><\/span><\/p>\n<p style=\"text-align: justify\"><span style=\"font-size: 14pt\"><a href=\"https:\/\/semmelweis.hu\/alumni\/adatvedelem\/\">18. Alumni igazgat\u00f3s\u00e1g<\/a><\/span><\/p>\n<p style=\"text-align: justify\"><span style=\"font-size: 14pt\"><a href=\"https:\/\/semmelweis.hu\/etk\/dokumentumok\/szabalyzatok-utasitasok\/\">19. Eg\u00e9szs\u00e9g\u00fcgyi K\u00f6zszolg\u00e1lati Kar<\/a><\/span><\/p>\n<p style=\"text-align: justify\"><span style=\"font-size: 14pt\"><a href=\"https:\/\/semmelweis.hu\/informatika\/adatvedelem\/\">20. Informatikai F\u0151igazgat\u00f3s\u00e1g<\/a><\/span><\/p>\n<p style=\"text-align: justify\"><span style=\"font-size: 14pt\"><a href=\"https:\/\/semmelweis.hu\/kollegiumok\/adatvedelem\/\">21. Koll\u00e9giumok Igazgat\u00f3s\u00e1ga<\/a><\/span><\/p>\n<p style=\"text-align: justify\"><span style=\"font-size: 14pt\"><a href=\"https:\/\/semmelweis.hu\/sportkozpont\/rolunk\/adatvedelem\/\">22. Testnevel\u00e9si \u00e9s Sportk\u00f6zpont<\/a><\/span><\/p>\n<p style=\"text-align: justify\"><span style=\"font-size: 14pt\"><a href=\"https:\/\/semmelweis.hu\/innovacio\/kozpontrol\/adatkezeles-adatvedelem\/\">23. Innov\u00e1ci\u00f3s K\u00f6zpont<\/a><\/span><\/p>\n<p style=\"text-align: justify\"><span style=\"font-size: 14pt\"><a href=\"https:\/\/semmelweis.hu\/hta\/adatvedelem\/\">24. Eg\u00e9szs\u00e9g\u00fcgyi Technol\u00f3gia\u00e9rt\u00e9kel\u0151 \u00e9s Elemz\u00e9si K\u00f6zpont<\/a><\/span><\/p>\n<p style=\"text-align: justify\"><span style=\"font-size: 14pt\"><a href=\"https:\/\/semmelweis.hu\/rektorikabinet\/adatkezeles\/\">25. Rektori Kabinet<\/a><\/span><\/p>\n<p style=\"text-align: justify\"><span style=\"font-size: 14pt\"><a href=\"https:\/\/semmelweis.hu\/kancellaria\/adatkezeles\/\">26. Kancell\u00e1ri Kabinet<\/a><\/span><\/p>\n<p style=\"text-align: justify\"><span style=\"font-size: 14pt\"><a href=\"https:\/\/semmelweis.hu\/klinikaikozpont\/a-semmelweis-egyetem-klinikai-kozpontja\/adatkezeles\/\">27. Klinikai K\u00f6zpont Eln\u00f6k\u00e9nek Hivatala<\/a><\/span><\/p>\n<p style=\"text-align: justify\"><span style=\"font-size: 14pt\"><a href=\"https:\/\/semmelweis.hu\/nhkk\/adatkezeles\/\">28. Nemzetk\u00f6zi Hallgat\u00f3k K\u00e9pz\u00e9seinek K\u00f6zpontja<\/a><\/span><\/p>\n<p style=\"text-align: justify\"><span style=\"font-size: 14pt\"><a href=\"https:\/\/semmelweis.hu\/gytk\/a-karrol\/adatvedelem\/\">29. Gy\u00f3gyszer\u00e9sztudom\u00e1nyi Kar<\/a><\/span><\/p>\n<p style=\"text-align: justify\"><span style=\"font-size: 14pt\"><a href=\"https:\/\/semmelweis.hu\/aneszteziologia\/rolunk\/adatvedelem\/\">30. Aneszteziol\u00f3giai \u00e9s Intenz\u00edv Ter\u00e1pi\u00e1s Klinika<\/a><\/span><\/p>\n<p style=\"text-align: justify\"><span style=\"font-size: 14pt\"><a href=\"https:\/\/semmelweis.hu\/borklinika\/magunkrol\/adatvedelem\/\">31. B\u0151r-, Nemik\u00f3rtani \u00e9s B\u0151ronkol\u00f3giai Klinika<\/a><\/span><\/p>\n<p style=\"text-align: justify\"><span style=\"font-size: 14pt\"><a href=\"https:\/\/semmelweis.hu\/genomikai-medicina\/az-intezetrol\/adatvedelem\/\">32. Genomikai Medicina \u00e9s Ritka Betegs\u00e9gek Int\u00e9zet<\/a><\/span><\/p>\n<p style=\"text-align: justify\"><span style=\"font-size: 14pt\"><a href=\"https:\/\/semmelweis.hu\/egynapossebeszet\/klinikankrol\/adatvedelem\/\">33. Multidiszciplin\u00e1ris Egynapos Seb\u00e9szeti Klinika<\/a><\/span><\/p>\n<p style=\"text-align: justify\"><span style=\"font-size: 14pt\"><a href=\"https:\/\/semmelweis.hu\/geriatriaiklinika\/magunkrol\/adatkezeles-adatvedelem\/\">34. Geri\u00e1triai Klinika \u00e9s \u00c1pol\u00e1studom\u00e1nyi K\u00f6zpont<\/a><\/span><\/p>\n<p style=\"text-align: justify\"><span style=\"font-size: 14pt\"><a href=\"https:\/\/semmelweis.hu\/sebeszet\/a-klinikarol\/adatvedelem\/\">35. Seb\u00e9szeti, Transzplant\u00e1ci\u00f3s \u00e9s Gasztroenterol\u00f3giai Klinika<\/a><\/span><\/p>\n<p style=\"text-align: justify\"><span style=\"font-size: 14pt\"><a href=\"https:\/\/semmelweis.hu\/szajsebeszet\/rolunk\/adatvedelmi-szabalyzat\/\">36. Arc-, \u00c1llcsont-, Sz\u00e1jseb\u00e9szeti \u00e9s Fog\u00e1szati Klinika<\/a><\/span><\/p>\n<p style=\"text-align: justify\"><span style=\"font-size: 14pt\"><a href=\"https:\/\/semmelweis.hu\/konzervalo-fogaszat\/adatvedelmi-tajekoztato\/\">37. Helyre\u00e1ll\u00edt\u00f3 Fog\u00e1szati \u00e9s Endodonciai Klinika<\/a><\/span><\/p>\n<p style=\"text-align: justify\"><span style=\"font-size: 14pt\"><a href=\"https:\/\/semmelweis.hu\/parodontologia\/a-klinikarol\/adatvedelem\/\">38. Parodontol\u00f3giai Klinika<\/a><\/span><\/p>\n<p style=\"text-align: justify\"><span style=\"font-size: 14pt\"><a href=\"https:\/\/semmelweis.hu\/bokayklinika\/a-gyermekgyogyaszati-klinika-bokay-utcai-reszleg-bemutatasa\/adatvedelem\/\">39. Gyermekgy\u00f3gy\u00e1szati Klinika<\/a><\/span><\/p>\n<p style=\"text-align: justify\"><span style=\"font-size: 14pt\"><a href=\"https:\/\/semmelweis.hu\/urologia\/betegellatas\/adatvedelem\/\">40. Urol\u00f3giai Klinika<\/a><\/span><\/p>\n<p style=\"text-align: justify\"><span style=\"font-size: 14pt\"><a href=\"https:\/\/semmelweis.hu\/mellkassebeszet\/adatvedelem\/\">41. Mellkasseb\u00e9szeti Klinika<\/a><\/span><\/p>\n<p style=\"text-align: justify\"><span style=\"font-size: 14pt\"><a href=\"https:\/\/semmelweis.hu\/szemeszet\/betegellatas\/gdpr\/\">42. Szem\u00e9szeti Klinika<\/a><\/span><\/p>\n<p style=\"text-align: justify\"><span style=\"font-size: 14pt\"><a href=\"https:\/\/semmelweis.hu\/pszichiatria\/adatvedelem\/\">43. Pszichi\u00e1triai \u00e9s Pszichoter\u00e1pi\u00e1s Klinika<\/a><\/span><\/p>\n<p style=\"text-align: justify\"><span style=\"font-size: 14pt\"><a href=\"https:\/\/semmelweis.hu\/klinikai-pszichologia\/adatvedelem\/\">44. Klinikai Pszichol\u00f3gia Tansz\u00e9k<\/a><\/span><\/p>\n<p style=\"text-align: justify\"><span style=\"font-size: 14pt\"><a href=\"https:\/\/semmelweis.hu\/studentservices\/adatvedelem\/\">45. Hallgat\u00f3i Szolg\u00e1ltat\u00e1sok Igazgat\u00f3s\u00e1ga<\/a><\/span><\/p>\n<p style=\"text-align: justify\"><span style=\"font-size: 14pt\"><a href=\"https:\/\/semmelweis.hu\/dok\/dokumentumok\/adatvedelem\/\">46. Doktorandusz \u00d6nkorm\u00e1nyzat<\/a><\/span><\/p>\n<p style=\"text-align: justify\"><span style=\"font-size: 14pt\"><a href=\"https:\/\/semmelweis.hu\/hok\/adatvedelem\/\">47. Hallgat\u00f3i \u00d6nkorm\u00e1nyzat<\/a><\/span><\/p>\n<p style=\"text-align: justify\"><span style=\"font-size: 14pt\"><a href=\"https:\/\/semmelweis.hu\/kerpel\/bemutatkozas\/adatvedelem\/\">48. Kerpel-Fronius \u00d6d\u00f6n Tehets\u00e9ggondoz\u00f3 Program<\/a><\/span><\/p>\n<p><a href=\"https:\/\/semmelweis.hu\/szii\/rolunk\/adatkezeles\/\">49. Szakk\u00e9pz\u0151 Int\u00e9zm\u00e9nyek Igazgat\u00f3s\u00e1ga<\/a><\/p>\n<p>&nbsp;<\/p>\n","protected":false},"excerpt":{"rendered":"<p><a href=\"https:\/\/semmelweis.hu\/jogigfoig\/adatvedelem-betegjog\/egyedi-adatkezelesi-tajekoztato-jogi-es-igazgatasi-foigazgatosag\/\">1. Jogi \u00e9s Igazgat\u00e1si F\u0151igazgat\u00f3s\u00e1g\u00a0\u00a0<\/a><br \/>\n<a href=\"https:\/\/semmelweis.hu\/ellenorzesi-igazgatosag\/az-ellenorzesi-igazgatosag-adatkezelese\/\">2. Ellen\u0151rz\u00e9si Igazgat\u00f3s\u00e1g<\/a><br \/>\n<a href=\"https:\/\/semmelweis.hu\/rokus\/a-szent-rokus-klinikai-tombigazgatosag-bemutatasa\/adatvedelem\/\">3. Szent R\u00f3kus Klinikai T\u00f6mbigazgat\u00f3s\u00e1g<\/a><br \/>\n<a href=\"https:\/\/semmelweis.hu\/human\/az-emberieroforras-gazdalkodasi-foigazgatosag-adatkezelese\/\">4. Emberier\u0151forr\u00e1s-gazd\u00e1lkod\u00e1si F\u0151igazgat\u00f3s\u00e1g<\/a><br \/>\n<a href=\"https:\/\/semmelweis.hu\/gyermekklinika2\/adatvedelem\/klinikai-adatkezelesi-tajekoztatok\/\">5. Gyermekgy\u00f3gy\u00e1szati Klinika T\u0171zolt\u00f3 utcai r\u00e9szleg<\/a><br \/>\n<a href=\"https:\/\/semmelweis.hu\/fszoi\/altalanos-informaciok\/adatkezeles-adatvedelem\/\">6. Fog\u00e1szati \u00e9s Sz\u00e1jseb\u00e9szeti Oktat\u00f3 Int\u00e9zet<\/a><br \/>\n<a href=\"https:\/\/semmelweis.hu\/fok\/altalanos-informaciok\/adatvedelem\/\">7. Fogorvostudom\u00e1nyi Kar<\/a><br \/>\n<a href=\"https:\/\/semmelweis.hu\/aok\/a-karrol\/adatvedelem-2\/\">8. \u00c1ltal\u00e1nos Orvostudom\u00e1nyi Kar<\/a><br \/>\n<a href=\"https:\/\/semmelweis.hu\/etk\/dokumentumok\/szabalyzatok-utasitasok\">9. Eg\u00e9szs\u00e9gtudom\u00e1nyi Kar<\/a><br \/>\n<a href=\"https:\/\/semmelweis.hu\/pak\/a-karrol\/adatkezeles\/\">10. Pet\u0151 Andr\u00e1s Kar<\/a><br \/>\n<a href=\"https:\/\/semmelweis.hu\/oktatasigazgatas\/adatvedelem\/\">11. Oktat\u00e1sigazgat\u00e1si Hivatal<\/a><br \/>\n<a href=\"https:\/\/semmelweis.hu\/oktatasmodszertan\/magunkrol\/adatkezeles\/\">12. Oktat\u00e1sfejleszt\u00e9si, -m\u00f3dszertani\u00a0\u00e9s -szervez\u00e9si K\u00f6zpont<\/a><br \/>\n<a href=\"https:\/\/semmelweis.hu\/mfi\/adatvedelem\/\">13. M\u0171szaki F\u0151igazgat\u00f3s\u00e1g<\/a><br \/>\n<a href=\"https:\/\/semmelweis.hu\/szaknyelv\/adatvedelem\/\">14. Szaknyelvi Int\u00e9zet<\/a><br \/>\n<a href=\"http:\/\/bel1.semmelweis.hu\/info.aspx?sp=110&amp;Ord=0&amp;Asc=1\">15. Belgy\u00f3gy\u00e1szati \u00e9s Onkol\u00f3giai Klinika<\/a><br \/>\n<a href=\"https:\/\/semmelweis.hu\/noi1\/adatkezelesi-tajekoztatok\/\">16. Sz\u00fcl\u00e9szeti \u00e9s N\u0151gy\u00f3gy\u00e1szati Klinika<\/a><br \/>\n<a href=\"https:\/\/semmelweis.hu\/patologia1\/diagnosztika-profilok\/adatkezeles\/\">17. Patol\u00f3giai \u00e9s K\u00eds\u00e9rleti R\u00e1kkutat\u00f3 Int\u00e9zet<\/a><br \/>\n<a href=\"https:\/\/semmelweis.hu\/alumni\/adatvedelem\/\">18. Alumni igazgat\u00f3s\u00e1g<\/a><br \/>\n<a href=\"https:\/\/semmelweis.hu\/etk\/dokumentumok\/szabalyzatok-utasitasok\/\">19. Eg\u00e9szs\u00e9g\u00fcgyi K\u00f6zszolg\u00e1lati Kar<\/a><br \/>\n<a href=\"https:\/\/semmelweis.hu\/informatika\/adatvedelem\/\">20. Informatikai F\u0151igazgat\u00f3s\u00e1g<\/a><br \/>\n<a href=\"https:\/\/semmelweis.hu\/kollegiumok\/adatvedelem\/\">21. Koll\u00e9giumok Igazgat\u00f3s\u00e1ga<\/a><br \/>\n<a href=\"https:\/\/semmelweis.hu\/sportkozpont\/rolunk\/adatvedelem\/\">22. Testnevel\u00e9si \u00e9s Sportk\u00f6zpont<\/a><br \/>\n<a href=\"https:\/\/semmelweis.hu\/innovacio\/kozpontrol\/adatkezeles-adatvedelem\/\">23. Innov\u00e1ci\u00f3s K\u00f6zpont<\/a><br \/>\n<a href=\"https:\/\/semmelweis.hu\/hta\/adatvedelem\/\">24. Eg\u00e9szs\u00e9g\u00fcgyi Technol\u00f3gia\u00e9rt\u00e9kel\u0151 \u00e9s Elemz\u00e9si K\u00f6zpont<\/a><br \/>\n<a href=\"https:\/\/semmelweis.hu\/rektorikabinet\/adatkezeles\/\">25. Rektori Kabinet<\/a><br \/>\n<a href=\"https:\/\/semmelweis.hu\/kancellaria\/adatkezeles\/\">26. Kancell\u00e1ri Kabinet<\/a><br \/>\n<a href=\"https:\/\/semmelweis.hu\/klinikaikozpont\/a-semmelweis-egyetem-klinikai-kozpontja\/adatkezeles\/\">27. Klinikai K\u00f6zpont Eln\u00f6k\u00e9nek Hivatala<\/a><br \/>\n<a href=\"https:\/\/semmelweis.hu\/nhkk\/adatkezeles\/\">28. Nemzetk\u00f6zi Hallgat\u00f3k K\u00e9pz\u00e9seinek K\u00f6zpontja<\/a><br \/>\n<a href=\"https:\/\/semmelweis.hu\/gytk\/a-karrol\/adatvedelem\/\">29. Gy\u00f3gyszer\u00e9sztudom\u00e1nyi Kar<\/a><br \/>\n<a href=\"https:\/\/semmelweis.hu\/aneszteziologia\/rolunk\/adatvedelem\/\">30. Aneszteziol\u00f3giai \u00e9s Intenz\u00edv Ter\u00e1pi\u00e1s Klinika<\/a><br \/>\n<a href=\"https:\/\/semmelweis.hu\/borklinika\/magunkrol\/adatvedelem\/\">31. B\u0151r-, Nemik\u00f3rtani \u00e9s B\u0151ronkol\u00f3giai Klinika<\/a><br \/>\n<a href=\"https:\/\/semmelweis.hu\/genomikai-medicina\/az-intezetrol\/adatvedelem\/\">32. Genomikai Medicina \u00e9s Ritka Betegs\u00e9gek Int\u00e9zet<\/a><br \/>\n<a href=\"https:\/\/semmelweis.hu\/egynapossebeszet\/klinikankrol\/adatvedelem\/\">33. Multidiszciplin\u00e1ris Egynapos Seb\u00e9szeti Klinika<\/a><br \/>\n<a href=\"https:\/\/semmelweis.hu\/geriatriaiklinika\/magunkrol\/adatkezeles-adatvedelem\/\">34. Geri\u00e1triai Klinika \u00e9s \u00c1pol\u00e1studom\u00e1nyi K\u00f6zpont<\/a><br \/>\n<a href=\"https:\/\/semmelweis.hu\/sebeszet\/a-klinikarol\/adatvedelem\/\">35. Seb\u00e9szeti, Transzplant\u00e1ci\u00f3s \u00e9s Gasztroenterol\u00f3giai Klinika<\/a><br \/>\n<a href=\"https:\/\/semmelweis.hu\/szajsebeszet\/rolunk\/adatvedelmi-szabalyzat\/\">36. Arc-, \u00c1llcsont-, Sz\u00e1jseb\u00e9szeti \u00e9s Fog\u00e1szati Klinika<\/a><br \/>\n<a href=\"https:\/\/semmelweis.hu\/konzervalo-fogaszat\/adatvedelmi-tajekoztato\/\">37. Helyre\u00e1ll\u00edt\u00f3 Fog\u00e1szati \u00e9s Endodonciai Klinika<\/a><br \/>\n<a href=\"https:\/\/semmelweis.hu\/parodontologia\/a-klinikarol\/adatvedelem\/\">38. Parodontol\u00f3giai Klinika<\/a><br \/>\n<a href=\"https:\/\/semmelweis.hu\/bokayklinika\/a-gyermekgyogyaszati-klinika-bokay-utcai-reszleg-bemutatasa\/adatvedelem\/\">39. Gyermekgy\u00f3gy\u00e1szati Klinika<\/a><br \/>\n<a href=\"https:\/\/semmelweis.hu\/urologia\/betegellatas\/adatvedelem\/\">40. Urol\u00f3giai Klinika<\/a><br \/>\n<a href=\"https:\/\/semmelweis.hu\/mellkassebeszet\/adatvedelem\/\">41. Mellkasseb\u00e9szeti Klinika<\/a><br \/>\n<a href=\"https:\/\/semmelweis.hu\/szemeszet\/betegellatas\/gdpr\/\">42. Szem\u00e9szeti Klinika<\/a><br \/>\n<a href=\"https:\/\/semmelweis.hu\/pszichiatria\/adatvedelem\/\">43. Pszichi\u00e1triai \u00e9s Pszichoter\u00e1pi\u00e1s Klinika<\/a><br \/>\n<a href=\"https:\/\/semmelweis.hu\/klinikai-pszichologia\/adatvedelem\/\">44. Klinikai Pszichol\u00f3gia Tansz\u00e9k<\/a><br \/>\n<a href=\"https:\/\/semmelweis.hu\/studentservices\/adatvedelem\/\">45. Hallgat\u00f3i Szolg\u00e1ltat\u00e1sok Igazgat\u00f3s\u00e1ga<\/a><br \/>\n<a href=\"https:\/\/semmelweis.hu\/dok\/dokumentumok\/adatvedelem\/\">46. Doktorandusz \u00d6nkorm\u00e1nyzat<\/a><br \/>\n<a href=\"https:\/\/semmelweis.hu\/hok\/adatvedelem\/\">47. Hallgat\u00f3i \u00d6nkorm\u00e1nyzat<\/a><br \/>\n<a href=\"https:\/\/semmelweis.hu\/kerpel\/bemutatkozas\/adatvedelem\/\">48. Kerpel-Fronius \u00d6d\u00f6n Tehets\u00e9ggondoz\u00f3 Program<\/a><br \/>\n<a href=\"https:\/\/semmelweis.hu\/szii\/rolunk\/adatkezeles\/\">49. Szakk\u00e9pz\u0151 Int\u00e9zm\u00e9nyek Igazgat\u00f3s\u00e1ga<\/a><br \/>\n&nbsp;<\/p>\n","protected":false},"author":101467,"featured_media":0,"parent":83683,"menu_order":0,"comment_status":"closed","ping_status":"closed","template":"template-fullwidth.php","meta":{"_acf_changed":false,"footnotes":""},"categories":[],"tags":[],"class_list":["post-83684","page","type-page","status-publish","hentry"],"acf":[],"_links":{"self":[{"href":"https:\/\/semmelweis.hu\/jogigfoig\/wp-json\/wp\/v2\/pages\/83684","targetHints":{"allow":["GET"]}}],"collection":[{"href":"https:\/\/semmelweis.hu\/jogigfoig\/wp-json\/wp\/v2\/pages"}],"about":[{"href":"https:\/\/semmelweis.hu\/jogigfoig\/wp-json\/wp\/v2\/types\/page"}],"author":[{"embeddable":true,"href":"https:\/\/semmelweis.hu\/jogigfoig\/wp-json\/wp\/v2\/users\/101467"}],"replies":[{"embeddable":true,"href":"https:\/\/semmelweis.hu\/jogigfoig\/wp-json\/wp\/v2\/comments?post=83684"}],"version-history":[{"count":10,"href":"https:\/\/semmelweis.hu\/jogigfoig\/wp-json\/wp\/v2\/pages\/83684\/revisions"}],"predecessor-version":[{"id":85275,"href":"https:\/\/semmelweis.hu\/jogigfoig\/wp-json\/wp\/v2\/pages\/83684\/revisions\/85275"}],"up":[{"embeddable":true,"href":"https:\/\/semmelweis.hu\/jogigfoig\/wp-json\/wp\/v2\/pages\/83683"}],"wp:attachment":[{"href":"https:\/\/semmelweis.hu\/jogigfoig\/wp-json\/wp\/v2\/media?parent=83684"}],"wp:term":[{"taxonomy":"category","embeddable":true,"href":"https:\/\/semmelweis.hu\/jogigfoig\/wp-json\/wp\/v2\/categories?post=83684"},{"taxonomy":"post_tag","embeddable":true,"href":"https:\/\/semmelweis.hu\/jogigfoig\/wp-json\/wp\/v2\/tags?post=83684"}],"curies":[{"name":"wp","href":"https:\/\/api.w.org\/{rel}","templated":true}]}}