{"id":83683,"date":"2022-05-09T08:21:00","date_gmt":"2022-05-09T06:21:00","guid":{"rendered":"https:\/\/semmelweis.hu\/jogigfoig\/?page_id=83683"},"modified":"2023-11-09T13:18:00","modified_gmt":"2023-11-09T12:18:00","slug":"adatkezelesi-tajekoztatok","status":"publish","type":"page","link":"https:\/\/semmelweis.hu\/jogigfoig\/adatvedelem-betegjog\/adatkezelesi-tajekoztatok\/","title":{"rendered":"Adatkezel\u00e9si t\u00e1j\u00e9koztat\u00f3k"},"content":{"rendered":"<ul>\n<li><a href=\"https:\/\/semmelweis.hu\/jogigfoig\/adatvedelem-betegjog\/tajekoztatas\/\">\u00c1ltal\u00e1nos egyetemi adatkezel\u00e9si t\u00e1j\u00e9koztat\u00f3k<\/a><\/li>\n<li><a href=\"https:\/\/semmelweis.hu\/jogigfoig\/adatvedelem-betegjog\/adatkezelesi-tajekoztatok\/egyedi-adatkezelesi-tajekoztato-jogi-es-igazgatasi-foigazgatosag\/\">Egyedi adatkezel\u00e9si t\u00e1j\u00e9koztat\u00f3 &#8211; Jogi \u00e9s Igazgat\u00e1si F\u0151igazgat\u00f3s\u00e1g<\/a><\/li>\n<li>\n<p><a href=\"https:\/\/semmelweis.hu\/jogigfoig\/adatvedelem-betegjog\/adatkezelesi-tajekoztatok\/szervezeti-egysegek-adatkezelesi-tajekoztatoi\/\">Szervezeti egys\u00e9gek adatkezel\u00e9si t\u00e1j\u00e9koztat\u00f3i<\/a><\/p>\n<\/li>\n<\/ul>\n","protected":false},"excerpt":{"rendered":"<p><a href=\"https:\/\/semmelweis.hu\/jogigfoig\/adatvedelem-betegjog\/tajekoztatas\/\">\u00c1ltal\u00e1nos egyetemi adatkezel\u00e9si t\u00e1j\u00e9koztat\u00f3k<\/a><br \/>\n<a href=\"https:\/\/semmelweis.hu\/jogigfoig\/adatvedelem-betegjog\/adatkezelesi-tajekoztatok\/egyedi-adatkezelesi-tajekoztato-jogi-es-igazgatasi-foigazgatosag\/\">Egyedi adatkezel\u00e9si t\u00e1j\u00e9koztat\u00f3 &#8211; Jogi \u00e9s Igazgat\u00e1si F\u0151igazgat\u00f3s\u00e1g<\/a><\/p>\n<p><a href=\"https:\/\/semmelweis.hu\/jogigfoig\/adatvedelem-betegjog\/adatkezelesi-tajekoztatok\/szervezeti-egysegek-adatkezelesi-tajekoztatoi\/\">Szervezeti egys\u00e9gek adatkezel\u00e9si t\u00e1j\u00e9koztat\u00f3i<\/a><\/p>\n","protected":false},"author":101467,"featured_media":0,"parent":8034,"menu_order":6,"comment_status":"closed","ping_status":"closed","template":"","meta":{"_acf_changed":false,"footnotes":""},"categories":[],"tags":[],"class_list":["post-83683","page","type-page","status-publish","hentry"],"acf":[],"_links":{"self":[{"href":"https:\/\/semmelweis.hu\/jogigfoig\/wp-json\/wp\/v2\/pages\/83683","targetHints":{"allow":["GET"]}}],"collection":[{"href":"https:\/\/semmelweis.hu\/jogigfoig\/wp-json\/wp\/v2\/pages"}],"about":[{"href":"https:\/\/semmelweis.hu\/jogigfoig\/wp-json\/wp\/v2\/types\/page"}],"author":[{"embeddable":true,"href":"https:\/\/semmelweis.hu\/jogigfoig\/wp-json\/wp\/v2\/users\/101467"}],"replies":[{"embeddable":true,"href":"https:\/\/semmelweis.hu\/jogigfoig\/wp-json\/wp\/v2\/comments?post=83683"}],"version-history":[{"count":4,"href":"https:\/\/semmelweis.hu\/jogigfoig\/wp-json\/wp\/v2\/pages\/83683\/revisions"}],"predecessor-version":[{"id":83692,"href":"https:\/\/semmelweis.hu\/jogigfoig\/wp-json\/wp\/v2\/pages\/83683\/revisions\/83692"}],"up":[{"embeddable":true,"href":"https:\/\/semmelweis.hu\/jogigfoig\/wp-json\/wp\/v2\/pages\/8034"}],"wp:attachment":[{"href":"https:\/\/semmelweis.hu\/jogigfoig\/wp-json\/wp\/v2\/media?parent=83683"}],"wp:term":[{"taxonomy":"category","embeddable":true,"href":"https:\/\/semmelweis.hu\/jogigfoig\/wp-json\/wp\/v2\/categories?post=83683"},{"taxonomy":"post_tag","embeddable":true,"href":"https:\/\/semmelweis.hu\/jogigfoig\/wp-json\/wp\/v2\/tags?post=83683"}],"curies":[{"name":"wp","href":"https:\/\/api.w.org\/{rel}","templated":true}]}}