{"id":83650,"date":"2022-05-04T14:14:23","date_gmt":"2022-05-04T12:14:23","guid":{"rendered":"https:\/\/semmelweis.hu\/jogigfoig\/?page_id=83650"},"modified":"2022-11-21T14:44:44","modified_gmt":"2022-11-21T13:44:44","slug":"2022-aprilis-25","status":"publish","type":"page","link":"https:\/\/semmelweis.hu\/jogigfoig\/testuletek\/szenatus\/2022-evi-szenatusi-hatarozatok\/2022-aprilis-25\/","title":{"rendered":"2022. \u00e1prilis 25."},"content":{"rendered":"<p style=\"text-align: justify\"><a href=\"https:\/\/semmelweis.hu\/jogigfoig\/files\/2022\/05\/N_3_2022_hatarozat.pdf\">A Semmelweis Egyetem Szen\u00e1tus\u00e1nak N-3.2022. (IV.25.) sz\u00e1m\u00fa hat\u00e1rozata a\u00a0szen\u00e1tusi \u00fcl\u00e9s napirendj\u00e9r\u0151l<\/a><\/p>\n<p style=\"text-align: justify\"><a href=\"https:\/\/semmelweis.hu\/jogigfoig\/files\/2022\/05\/20_2022_SzMSz-I.2.Resz_a-Szenatus-ugyrendje.pdf\">A Semmelweis Egyetem Szen\u00e1tus\u00e1nak 20\/2022. (IV.25.) sz\u00e1m\u00fa hat\u00e1rozata az SzMSz I.2. R\u00e9sz\u00e9nek &#8211; a Szen\u00e1tus \u00dcgyrendje &#8211; m\u00f3dos\u00edt\u00e1s\u00e1r\u00f3l<\/a><\/p>\n<p style=\"text-align: justify\"><a href=\"https:\/\/semmelweis.hu\/jogigfoig\/files\/2022\/05\/20_2022_1-sz-melleklet-SzMSz-I.2.Resz_.pdf\">A Semmelweis Egyetem Szen\u00e1tus\u00e1nak 20\/2022. (IV.25.) sz\u00e1m\u00fa hat\u00e1rozata az SzMSz I.2. R\u00e9sz\u00e9nek &#8211; a Szen\u00e1tus \u00dcgyrendje &#8211; m\u00f3dos\u00edt\u00e1s\u00e1r\u00f3l &#8211; 1. sz\u00e1m\u00fa mell\u00e9klet<\/a><\/p>\n<p style=\"text-align: justify\"><a href=\"https:\/\/semmelweis.hu\/jogigfoig\/files\/2022\/05\/21_2022_a-2021.-evi-gazdalkodasarol-szolo-beszamolo-velemenyezeserol.pdf\">A Semmelweis Egyetem Szen\u00e1tus\u00e1nak 21\/2022. (IV.25.) sz\u00e1m\u00fa hat\u00e1rozata a Semmelweis Egyetem sz\u00e1mviteli t\u00f6rv\u00e9ny szerinti, 2021. december 31-ei fordul\u00f3napra vonatkoz\u00f3 \u00c9ves besz\u00e1mol\u00f3j\u00e1nak elfogad\u00e1s\u00e1r\u00f3l<\/a><\/p>\n<p style=\"text-align: justify\"><a href=\"https:\/\/semmelweis.hu\/jogigfoig\/files\/2022\/05\/22_2022_SzMSz-modositas_HKR-TVSZ.pdf\">A Semmelweis Egyetem\u00a0Szen\u00e1tus\u00e1nak\u00a022\/2022. (IV.25.) sz\u00e1m\u00fa hat\u00e1rozata\u00a0a Semmelweis Egyetem Szervezeti \u00e9s M\u0171k\u00f6d\u00e9si Szab\u00e1lyzat III. K\u00f6nyv Hallgat\u00f3i k\u00f6vetelm\u00e9nyrendszer III.2. R\u00e9sz Tanulm\u00e1nyi \u00e9s Vizsgaszab\u00e1lyzat m\u00f3dos\u00edt\u00e1s\u00e1r\u00f3l<\/a><\/p>\n<p style=\"text-align: justify\"><a href=\"https:\/\/semmelweis.hu\/jogigfoig\/files\/2022\/05\/22_2022_1-sz-melleklet_SzMSz-mod.pdf\">A Semmelweis Egyetem Szen\u00e1tus\u00e1nak 22\/2022. (IV.25.) sz\u00e1m\u00fa hat\u00e1rozata a Semmelweis Egyetem Szervezeti \u00e9s M\u0171k\u00f6d\u00e9si Szab\u00e1lyzat III. K\u00f6nyv Hallgat\u00f3i k\u00f6vetelm\u00e9nyrendszer III.2. R\u00e9sz Tanulm\u00e1nyi \u00e9s Vizsgaszab\u00e1lyzat m\u00f3dos\u00edt\u00e1s\u00e1r\u00f3l &#8211; 1. sz\u00e1m\u00fa mell\u00e9klet<\/a><\/p>\n<p style=\"text-align: justify\"><a href=\"https:\/\/semmelweis.hu\/jogigfoig\/files\/2022\/05\/22_2022_melleklet-2_50382_A-Semmelweis-Egyetem-Hallgatoi-Onkormanyzat-elnokenek-25_2022.V.04.-SE-HOK-Elnok-sz.-hatarozata.pdf\">A Semmelweis Egyetem Szen\u00e1tus\u00e1nak 22\/2022. (IV.25.) sz\u00e1m\u00fa hat\u00e1rozata a Semmelweis Egyetem Szervezeti \u00e9s M\u0171k\u00f6d\u00e9si Szab\u00e1lyzat III. K\u00f6nyv Hallgat\u00f3i k\u00f6vetelm\u00e9nyrendszer III.2. R\u00e9sz Tanulm\u00e1nyi \u00e9s Vizsgaszab\u00e1lyzat m\u00f3dos\u00edt\u00e1s\u00e1r\u00f3l &#8211; Hallgat\u00f3i \u00d6nkorm\u00e1nyzat egyet\u00e9rt\u00e9s<\/a><\/p>\n<p style=\"text-align: justify\"><a href=\"https:\/\/semmelweis.hu\/jogigfoig\/files\/2022\/05\/23_2022_SzMSz-III.2.-Resz-TVSZ-kiegeszitesere_Ukrajnabol-menekult-hallgatok-rendkivuli-atvetele.pdf\">A Semmelweis Egyetem\u00a0Szen\u00e1tus\u00e1nak\u00a023\/2022. (IV.25.) sz\u00e1m\u00fa hat\u00e1rozata\u00a0az SzMSz III.2. R\u00e9sz &#8211; Tanulm\u00e1nyi \u00e9s Vizsgaszab\u00e1lyzat kieg\u00e9sz\u00edt\u00e9s\u00e9r\u0151l az Ukrajn\u00e1b\u00f3l menek\u00fclt hallgat\u00f3k rendk\u00edv\u00fcli \u00e1tv\u00e9teli elj\u00e1r\u00e1s\u00e1r\u00f3l<\/a><\/p>\n<p style=\"text-align: justify\"><a href=\"https:\/\/semmelweis.hu\/jogigfoig\/files\/2022\/05\/23_2022_1.-sz.-melleklet_SzMSz-III.2-mod.pdf\">A Semmelweis Egyetem Szen\u00e1tus\u00e1nak 23\/2022. (IV.25.) sz\u00e1m\u00fa hat\u00e1rozata az SzMSz III.2. R\u00e9sz &#8211; Tanulm\u00e1nyi \u00e9s Vizsgaszab\u00e1lyzat kieg\u00e9sz\u00edt\u00e9s\u00e9r\u0151l az Ukrajn\u00e1b\u00f3l menek\u00fclt hallgat\u00f3k rendk\u00edv\u00fcli \u00e1tv\u00e9teli elj\u00e1r\u00e1s\u00e1r\u00f3l &#8211; 1. sz\u00e1m\u00fa mell\u00e9klet<\/a><\/p>\n<p style=\"text-align: justify\"><a href=\"https:\/\/semmelweis.hu\/jogigfoig\/files\/2022\/05\/23_2022_melleklet-2_50388_A-Semmelweis-Egyetem-Hallgatoi-Onkormanyzat-elnokenek-26_2022.V.04.-SE-HOK-Elnok-sz.-hatarozata.pdf\">A Semmelweis Egyetem\u00a0Szen\u00e1tus\u00e1nak\u00a023\/2022. (IV.25.) sz\u00e1m\u00fa hat\u00e1rozata\u00a0az SzMSz III.2. R\u00e9sz &#8211; Tanulm\u00e1nyi \u00e9s Vizsgaszab\u00e1lyzat kieg\u00e9sz\u00edt\u00e9s\u00e9r\u0151l az Ukrajn\u00e1b\u00f3l menek\u00fclt hallgat\u00f3k rendk\u00edv\u00fcli \u00e1tv\u00e9teli elj\u00e1r\u00e1s\u00e1r\u00f3l &#8211; Hallgat\u00f3i \u00d6nkorm\u00e1nyzat egyet\u00e9rt\u00e9s<\/a><\/p>\n<p style=\"text-align: justify\"><a href=\"https:\/\/semmelweis.hu\/jogigfoig\/files\/2022\/05\/24_2022_Pancreas-betegsegek-tanszeki-csoport-letrehozasarol.pdf\">A Semmelweis Egyetem Szen\u00e1tus\u00e1nak\u00a024\/2022. (IV.25.) sz\u00e1m\u00fa hat\u00e1rozata a \u201ePancreas Betegs\u00e9gek Tansz\u00e9ki Csoport\u201d l\u00e9trehoz\u00e1s\u00e1r\u00f3l a Pancreas Betegs\u00e9gek R\u00e9szleg\u00e9n bel\u00fcl, a V\u00e1rosmajori Sz\u00edv- \u00e9s \u00c9rgy\u00f3gy\u00e1szati Klinik\u00e1hoz rendelten<\/a><\/p>\n<p style=\"text-align: justify\"><a href=\"https:\/\/semmelweis.hu\/jogigfoig\/files\/2022\/05\/25_2022_Demonstrator-Tatigkeit-\u2013-Erste-Hilfe-szabvall.pdf\">A Semmelweis Egyetem Szen\u00e1tus\u00e1nak\u00a025\/2022. (IV.25.) sz\u00e1m\u00fa hat\u00e1rozata a 2022\/2023-as tan\u00e9v I. f\u00e9l\u00e9v\u00e9t\u0151l \u00fajonnan bevezetend\u0151 \u201eDemonstrator T\u00e4tigkeit \u2013 Erste Hilfe\u201d c\u00edm\u0171 szabadon v\u00e1laszthat\u00f3 t\u00e1rgy elfogad\u00e1s\u00e1r\u00f3l az \u00c1ltal\u00e1nos Orvostudom\u00e1nyi Karon\u00a0<\/a><\/p>\n<p style=\"text-align: justify\"><a href=\"https:\/\/semmelweis.hu\/jogigfoig\/files\/2022\/05\/25_2022_1-sz-melleklet_kovetelmenyrendszer.pdf\">A Semmelweis Egyetem Szen\u00e1tus\u00e1nak 25\/2022. (IV.25.) sz\u00e1m\u00fa hat\u00e1rozata a 2022\/2023-as tan\u00e9v I. f\u00e9l\u00e9v\u00e9t\u0151l \u00fajonnan bevezetend\u0151 \u201eDemonstrator T\u00e4tigkeit \u2013 Erste Hilfe\u201d c\u00edm\u0171 szabadon v\u00e1laszthat\u00f3 t\u00e1rgy elfogad\u00e1s\u00e1r\u00f3l az \u00c1ltal\u00e1nos Orvostudom\u00e1nyi Karon &#8211; 1. sz\u00e1m\u00fa mell\u00e9klet<\/a><\/p>\n<p style=\"text-align: justify\"><a href=\"https:\/\/semmelweis.hu\/jogigfoig\/files\/2022\/05\/26_2022_biostat-BSc-es-adatelemzo-biostat-MSc.pdf\">A Semmelweis Egyetem Szen\u00e1tus\u00e1nak\u00a026\/2022. (IV.25.) sz\u00e1m\u00fa hat\u00e1rozata a Biostatisztikus alapk\u00e9pz\u00e9s (BSc) \u00e9s Adatelemz\u0151 biostatisztikus mesterk\u00e9pz\u00e9s (MSc) ind\u00edt\u00e1shoz sz\u00fcks\u00e9ges miniszteri j\u00f3v\u00e1hagy\u00e1s megk\u00e9r\u00e9s\u00e9r\u0151l<\/a><\/p>\n<p style=\"text-align: justify\"><a href=\"https:\/\/semmelweis.hu\/jogigfoig\/files\/2022\/05\/27_2022_ETK-Kreditatviteli-Bizottsag-Ugyrend.pdf\">A Semmelweis Egyetem Szen\u00e1tus\u00e1nak\u00a027\/2022. (IV.25.) sz\u00e1m\u00fa hat\u00e1rozata az Eg\u00e9szs\u00e9gtudom\u00e1nyi Kar Kredit\u00e1tviteli Bizotts\u00e1g \u00dcgyrendj\u00e9nek m\u00f3dos\u00edt\u00e1s\u00e1r\u00f3l<\/a><\/p>\n<p style=\"text-align: justify\"><a href=\"https:\/\/semmelweis.hu\/jogigfoig\/files\/2022\/05\/28_2022_EKK-Mentalhigiene-Intezet_kepzesi-tanterv-modositas.pdf\">A Semmelweis Egyetem Szen\u00e1tus\u00e1nak 28\/2022. (IV.25.) sz\u00e1m\u00fa hat\u00e1rozata az Eg\u00e9szs\u00e9g\u00fcgyi K\u00f6zszolg\u00e1lati Kar Ment\u00e1lhigi\u00e9n\u00e9 Int\u00e9zet egyes k\u00e9pz\u00e9sei tanterv\u00e9nek m\u00f3dos\u00edt\u00e1s\u00e1r\u00f3l<\/a><\/p>\n<p style=\"text-align: justify\"><a href=\"https:\/\/semmelweis.hu\/jogigfoig\/files\/2022\/05\/28_2022_melleklet-1_interdiszciplinaris-csaladtudomany_mintatanterv-es-tanulmanyi-tajekoztato.pdf\">A Semmelweis Egyetem Szen\u00e1tus\u00e1nak 28\/2022. (IV.25.) sz\u00e1m\u00fa hat\u00e1rozata az Eg\u00e9szs\u00e9g\u00fcgyi K\u00f6zszolg\u00e1lati Kar Ment\u00e1lhigi\u00e9n\u00e9 Int\u00e9zet egyes k\u00e9pz\u00e9sei tanterv\u00e9nek m\u00f3dos\u00edt\u00e1s\u00e1r\u00f3l &#8211; 1. sz\u00e1m\u00fa mell\u00e9klet<\/a><\/p>\n<p style=\"text-align: justify\"><a href=\"https:\/\/semmelweis.hu\/jogigfoig\/files\/2022\/05\/28_2022_melleklet-2_kozossegi-es-csaladi-mediacio_mintatanterv-es-tanulmanyi-tajekoztato.pdf\">A Semmelweis Egyetem Szen\u00e1tus\u00e1nak 28\/2022. (IV.25.) sz\u00e1m\u00fa hat\u00e1rozata az Eg\u00e9szs\u00e9g\u00fcgyi K\u00f6zszolg\u00e1lati Kar Ment\u00e1lhigi\u00e9n\u00e9 Int\u00e9zet egyes k\u00e9pz\u00e9sei tanterv\u00e9nek m\u00f3dos\u00edt\u00e1s\u00e1r\u00f3l &#8211; 2. sz\u00e1m\u00fa mell\u00e9klet<\/a><\/p>\n<p style=\"text-align: justify\"><a href=\"https:\/\/semmelweis.hu\/jogigfoig\/files\/2022\/05\/28_2022_melleklet-3_laktacios-szaktanacsado_tanulmanyi-tajekoztato.pdf\">A Semmelweis Egyetem Szen\u00e1tus\u00e1nak 28\/2022. (IV.25.) sz\u00e1m\u00fa hat\u00e1rozata az Eg\u00e9szs\u00e9g\u00fcgyi K\u00f6zszolg\u00e1lati Kar Ment\u00e1lhigi\u00e9n\u00e9 Int\u00e9zet egyes k\u00e9pz\u00e9sei tanterv\u00e9nek m\u00f3dos\u00edt\u00e1s\u00e1r\u00f3l &#8211; 3. sz\u00e1m\u00fa mell\u00e9klet<\/a><\/p>\n<p style=\"text-align: justify\"><a href=\"https:\/\/semmelweis.hu\/jogigfoig\/files\/2022\/05\/29_2022_EKK-EMK_minosegugyi-es-betegbiztositasi-menedzser-MSc.pdf\">A Semmelweis Egyetem Szen\u00e1tus\u00e1nak 29\/2022. (IV.25.) sz\u00e1m\u00fa hat\u00e1rozata az Eg\u00e9szs\u00e9g\u00fcgyi K\u00f6zszolg\u00e1lati Kar Eg\u00e9szs\u00e9g\u00fcgyi Menedzserk\u00e9pz\u0151 K\u00f6zpont min\u0151s\u00e9g\u00fcgyi \u00e9s betegbiztons\u00e1gi menedzser mesterk\u00e9pz\u00e9si szak l\u00e9tes\u00edt\u00e9s\u00e9nek valamint a k\u00e9pz\u00e9si \u00e9s kimeneti k\u00f6vetelm\u00e9nyeinek elfogad\u00e1s\u00e1r\u00f3l<\/a><\/p>\n<p style=\"text-align: justify\"><a href=\"https:\/\/semmelweis.hu\/jogigfoig\/files\/2022\/05\/30_2022_dijak-kituntetesek-adomanyozasarol-szolo-szabalyzat-modositasa.pdf\">A Semmelweis Egyetem Szen\u00e1tus\u00e1nak\u00a030\/2022. (IV.25.) sz\u00e1m\u00fa hat\u00e1rozata az egyetemi kit\u00fcntet\u00e9sek, d\u00edjak adom\u00e1nyoz\u00e1s\u00e1r\u00f3l, valamint az \u00e1llami kit\u00fcntet\u00e9sek felterjeszt\u00e9si elj\u00e1r\u00e1s\u00e1r\u00f3l sz\u00f3l\u00f3 szab\u00e1lyzat m\u00f3dos\u00edt\u00e1s\u00e1r\u00f3l<\/a>\u00a0<\/p>\n<p><a href=\"https:\/\/semmelweis.hu\/jogigfoig\/files\/2022\/05\/30_2022_melleklet.pdf\">A Semmelweis Egyetem Szen\u00e1tus\u00e1nak 30\/2022. (IV.25.) sz\u00e1m\u00fa hat\u00e1rozata az egyetemi kit\u00fcntet\u00e9sek, d\u00edjak adom\u00e1nyoz\u00e1s\u00e1r\u00f3l, valamint az \u00e1llami kit\u00fcntet\u00e9sek felterjeszt\u00e9si elj\u00e1r\u00e1s\u00e1r\u00f3l sz\u00f3l\u00f3 szab\u00e1lyzat m\u00f3dos\u00edt\u00e1s\u00e1r\u00f3l &#8211; 1. sz\u00e1m\u00fa mell\u00e9klet<\/a><\/p>\n<p style=\"text-align: justify\"><a href=\"https:\/\/semmelweis.hu\/jogigfoig\/files\/2022\/05\/31_2022_Pro-Universitate-eletmudij-Pro-Universitate-dij-SE-Kivalo-Oktato.pdf\">A Semmelweis Egyetem Szen\u00e1tus\u00e1nak\u00a031\/2022. (IV.24.) sz\u00e1m\u00fa hat\u00e1rozata a Pro Universitate \u00e9letm\u0171d\u00edj, a Pro Universitate d\u00edj, valamint a Semmelweis Egyetem Kiv\u00e1l\u00f3 Oktat\u00f3ja kit\u00fcntet\u00e9s adom\u00e1nyoz\u00e1s\u00e1r\u00f3l<\/a><\/p>\n<p style=\"text-align: justify\"><a href=\"https:\/\/semmelweis.hu\/jogigfoig\/files\/2022\/05\/32_2022_aktualis-kutatoi-palyazat.pdf\">A Semmelweis Egyetem Szen\u00e1tus\u00e1nak 32\/2022. (IV.25.) sz\u00e1m\u00fa hat\u00e1rozata az aktu\u00e1lis kutat\u00f3i p\u00e1ly\u00e1zat v\u00e9lem\u00e9nyez\u00e9s\u00e9r\u0151l<\/a><\/p>\n","protected":false},"excerpt":{"rendered":"<p><a href=\"https:\/\/semmelweis.hu\/jogigfoig\/files\/2022\/05\/N_3_2022_hatarozat.pdf\">A Semmelweis Egyetem Szen\u00e1tus\u00e1nak N-3.2022. (IV.25.) sz\u00e1m\u00fa hat\u00e1rozata a\u00a0szen\u00e1tusi \u00fcl\u00e9s napirendj\u00e9r\u0151l<\/a><br \/>\n<a href=\"https:\/\/semmelweis.hu\/jogigfoig\/files\/2022\/05\/20_2022_SzMSz-I.2.Resz_a-Szenatus-ugyrendje.pdf\">A Semmelweis Egyetem Szen\u00e1tus\u00e1nak 20\/2022. (IV.25.) sz\u00e1m\u00fa hat\u00e1rozata az SzMSz I.2. R\u00e9sz\u00e9nek &#8211; a Szen\u00e1tus \u00dcgyrendje &#8211; m\u00f3dos\u00edt\u00e1s\u00e1r\u00f3l<\/a><br \/>\n<a href=\"https:\/\/semmelweis.hu\/jogigfoig\/files\/2022\/05\/20_2022_1-sz-melleklet-SzMSz-I.2.Resz_.pdf\">A Semmelweis Egyetem Szen\u00e1tus\u00e1nak 20\/2022. (IV.25.) sz\u00e1m\u00fa hat\u00e1rozata az SzMSz I.2. R\u00e9sz\u00e9nek &#8211; a Szen\u00e1tus \u00dcgyrendje &#8211; m\u00f3dos\u00edt\u00e1s\u00e1r\u00f3l &#8211; 1. sz\u00e1m\u00fa mell\u00e9klet<\/a><br \/>\n<a href=\"https:\/\/semmelweis.hu\/jogigfoig\/files\/2022\/05\/21_2022_a-2021.-evi-gazdalkodasarol-szolo-beszamolo-velemenyezeserol.pdf\">A Semmelweis Egyetem Szen\u00e1tus\u00e1nak 21\/2022. (IV.25.) sz\u00e1m\u00fa hat\u00e1rozata a Semmelweis Egyetem sz\u00e1mviteli t\u00f6rv\u00e9ny szerinti, 2021. december 31-ei fordul\u00f3napra vonatkoz\u00f3 \u00c9ves besz\u00e1mol\u00f3j\u00e1nak elfogad\u00e1s\u00e1r\u00f3l<\/a><br \/>\n<a href=\"https:\/\/semmelweis.hu\/jogigfoig\/files\/2022\/05\/22_2022_SzMSz-modositas_HKR-TVSZ.pdf\">A Semmelweis Egyetem\u00a0Szen\u00e1tus\u00e1nak\u00a022\/2022. (IV.25.) sz\u00e1m\u00fa hat\u00e1rozata\u00a0a Semmelweis Egyetem Szervezeti \u00e9s M\u0171k\u00f6d\u00e9si Szab\u00e1lyzat III. K\u00f6nyv Hallgat\u00f3i k\u00f6vetelm\u00e9nyrendszer III.2. R\u00e9sz Tanulm\u00e1nyi \u00e9s Vizsgaszab\u00e1lyzat m\u00f3dos\u00edt\u00e1s\u00e1r\u00f3l<\/a><br \/>\n<a href=\"https:\/\/semmelweis.hu\/jogigfoig\/files\/2022\/05\/22_2022_1-sz-melleklet_SzMSz-mod.pdf\">A Semmelweis Egyetem Szen\u00e1tus\u00e1nak 22\/2022. (IV.25.) sz\u00e1m\u00fa hat\u00e1rozata a Semmelweis Egyetem Szervezeti \u00e9s M\u0171k\u00f6d\u00e9si Szab\u00e1lyzat III. K\u00f6nyv Hallgat\u00f3i k\u00f6vetelm\u00e9nyrendszer III.2. R\u00e9sz Tanulm\u00e1nyi \u00e9s Vizsgaszab\u00e1lyzat m\u00f3dos\u00edt\u00e1s\u00e1r\u00f3l &#8211; 1. sz\u00e1m\u00fa mell\u00e9klet<\/a><br \/>\n<a href=\"https:\/\/semmelweis.hu\/jogigfoig\/files\/2022\/05\/22_2022_melleklet-2_50382_A-Semmelweis-Egyetem-Hallgatoi-Onkormanyzat-elnokenek-25_2022.V.04.-SE-HOK-Elnok-sz.-hatarozata.pdf\">A Semmelweis Egyetem Szen\u00e1tus\u00e1nak 22\/2022. (IV.25.) sz\u00e1m\u00fa hat\u00e1rozata a Semmelweis Egyetem Szervezeti \u00e9s M\u0171k\u00f6d\u00e9si Szab\u00e1lyzat III. K\u00f6nyv Hallgat\u00f3i k\u00f6vetelm\u00e9nyrendszer III.2. R\u00e9sz Tanulm\u00e1nyi \u00e9s Vizsgaszab\u00e1lyzat m\u00f3dos\u00edt\u00e1s\u00e1r\u00f3l &#8211; Hallgat\u00f3i \u00d6nkorm\u00e1nyzat egyet\u00e9rt\u00e9s<\/a><br \/>\n<a href=\"https:\/\/semmelweis.hu\/jogigfoig\/files\/2022\/05\/23_2022_SzMSz-III.2.-Resz-TVSZ-kiegeszitesere_Ukrajnabol-menekult-hallgatok-rendkivuli-atvetele.pdf\">A Semmelweis Egyetem\u00a0Szen\u00e1tus\u00e1nak\u00a023\/2022. (IV.25.) sz\u00e1m\u00fa hat\u00e1rozata\u00a0az SzMSz III.2. R\u00e9sz &#8211; Tanulm\u00e1nyi \u00e9s Vizsgaszab\u00e1lyzat kieg\u00e9sz\u00edt\u00e9s\u00e9r\u0151l az Ukrajn\u00e1b\u00f3l menek\u00fclt hallgat\u00f3k rendk\u00edv\u00fcli \u00e1tv\u00e9teli elj\u00e1r\u00e1s\u00e1r\u00f3l<\/a><br \/>\n<a href=\"https:\/\/semmelweis.hu\/jogigfoig\/files\/2022\/05\/23_2022_1.-sz.-melleklet_SzMSz-III.2-mod.pdf\">A Semmelweis Egyetem Szen\u00e1tus\u00e1nak 23\/2022. (IV.25.) sz\u00e1m\u00fa hat\u00e1rozata az SzMSz III.2. R\u00e9sz &#8211; Tanulm\u00e1nyi \u00e9s Vizsgaszab\u00e1lyzat kieg\u00e9sz\u00edt\u00e9s\u00e9r\u0151l az Ukrajn\u00e1b\u00f3l menek\u00fclt hallgat\u00f3k rendk\u00edv\u00fcli \u00e1tv\u00e9teli elj\u00e1r\u00e1s\u00e1r\u00f3l &#8211; 1. sz\u00e1m\u00fa mell\u00e9klet<\/a><br \/>\n<a href=\"https:\/\/semmelweis.hu\/jogigfoig\/files\/2022\/05\/23_2022_melleklet-2_50388_A-Semmelweis-Egyetem-Hallgatoi-Onkormanyzat-elnokenek-26_2022.V.04.-SE-HOK-Elnok-sz.-hatarozata.pdf\">A Semmelweis Egyetem\u00a0Szen\u00e1tus\u00e1nak\u00a023\/2022. (IV.25.) sz\u00e1m\u00fa hat\u00e1rozata\u00a0az SzMSz III.2. R\u00e9sz &#8211; Tanulm\u00e1nyi \u00e9s Vizsgaszab\u00e1lyzat kieg\u00e9sz\u00edt\u00e9s\u00e9r\u0151l az Ukrajn\u00e1b\u00f3l menek\u00fclt hallgat\u00f3k rendk\u00edv\u00fcli \u00e1tv\u00e9teli elj\u00e1r\u00e1s\u00e1r\u00f3l &#8211; Hallgat\u00f3i \u00d6nkorm\u00e1nyzat egyet\u00e9rt\u00e9s<\/a><br \/>\n<a href=\"https:\/\/semmelweis.hu\/jogigfoig\/files\/2022\/05\/24_2022_Pancreas-betegsegek-tanszeki-csoport-letrehozasarol.pdf\">A Semmelweis Egyetem Szen\u00e1tus\u00e1nak\u00a024\/2022. (IV.25.) sz\u00e1m\u00fa hat\u00e1rozata a \u201ePancreas Betegs\u00e9gek Tansz\u00e9ki Csoport\u201d l\u00e9trehoz\u00e1s\u00e1r\u00f3l a Pancreas Betegs\u00e9gek R\u00e9szleg\u00e9n bel\u00fcl, a V\u00e1rosmajori Sz\u00edv- \u00e9s \u00c9rgy\u00f3gy\u00e1szati Klinik\u00e1hoz rendelten<\/a><br \/>\n<a href=\"https:\/\/semmelweis.hu\/jogigfoig\/files\/2022\/05\/25_2022_Demonstrator-Tatigkeit-\u2013-Erste-Hilfe-szabvall.pdf\">A Semmelweis Egyetem Szen\u00e1tus\u00e1nak\u00a025\/2022. (IV.25.) sz\u00e1m\u00fa hat\u00e1rozata a 2022\/2023-as tan\u00e9v I. f\u00e9l\u00e9v\u00e9t\u0151l \u00fajonnan bevezetend\u0151 \u201eDemonstrator T\u00e4tigkeit \u2013 Erste Hilfe\u201d c\u00edm\u0171 szabadon v\u00e1laszthat\u00f3 t\u00e1rgy elfogad\u00e1s\u00e1r\u00f3l az \u00c1ltal\u00e1nos Orvostudom\u00e1nyi Karon\u00a0<\/a><br \/>\n<a href=\"https:\/\/semmelweis.hu\/jogigfoig\/files\/2022\/05\/25_2022_1-sz-melleklet_kovetelmenyrendszer.pdf\">A Semmelweis Egyetem Szen\u00e1tus\u00e1nak 25\/2022. (IV.25.) sz\u00e1m\u00fa hat\u00e1rozata a 2022\/2023-as tan\u00e9v I. f\u00e9l\u00e9v\u00e9t\u0151l \u00fajonnan bevezetend\u0151 \u201eDemonstrator T\u00e4tigkeit \u2013 Erste Hilfe\u201d c\u00edm\u0171 szabadon v\u00e1laszthat\u00f3 t\u00e1rgy elfogad\u00e1s\u00e1r\u00f3l az \u00c1ltal\u00e1nos Orvostudom\u00e1nyi Karon &#8211; 1. sz\u00e1m\u00fa mell\u00e9klet<\/a><br \/>\n<a href=\"https:\/\/semmelweis.hu\/jogigfoig\/files\/2022\/05\/26_2022_biostat-BSc-es-adatelemzo-biostat-MSc.pdf\">A Semmelweis Egyetem Szen\u00e1tus\u00e1nak\u00a026\/2022. (IV.25.) sz\u00e1m\u00fa hat\u00e1rozata a Biostatisztikus alapk\u00e9pz\u00e9s (BSc) \u00e9s Adatelemz\u0151 biostatisztikus mesterk\u00e9pz\u00e9s (MSc) ind\u00edt\u00e1shoz sz\u00fcks\u00e9ges miniszteri j\u00f3v\u00e1hagy\u00e1s megk\u00e9r\u00e9s\u00e9r\u0151l<\/a><br \/>\n<a href=\"https:\/\/semmelweis.hu\/jogigfoig\/files\/2022\/05\/27_2022_ETK-Kreditatviteli-Bizottsag-Ugyrend.pdf\">A Semmelweis Egyetem Szen\u00e1tus\u00e1nak\u00a027\/2022. (IV.25.) sz\u00e1m\u00fa hat\u00e1rozata az Eg\u00e9szs\u00e9gtudom\u00e1nyi Kar Kredit\u00e1tviteli Bizotts\u00e1g \u00dcgyrendj\u00e9nek m\u00f3dos\u00edt\u00e1s\u00e1r\u00f3l<\/a><br \/>\n<a href=\"https:\/\/semmelweis.hu\/jogigfoig\/files\/2022\/05\/28_2022_EKK-Mentalhigiene-Intezet_kepzesi-tanterv-modositas.pdf\">A Semmelweis Egyetem Szen\u00e1tus\u00e1nak 28\/2022. (IV.25.) sz\u00e1m\u00fa hat\u00e1rozata az Eg\u00e9szs\u00e9g\u00fcgyi K\u00f6zszolg\u00e1lati Kar Ment\u00e1lhigi\u00e9n\u00e9 Int\u00e9zet egyes k\u00e9pz\u00e9sei tanterv\u00e9nek m\u00f3dos\u00edt\u00e1s\u00e1r\u00f3l<\/a><br \/>\n<a href=\"https:\/\/semmelweis.hu\/jogigfoig\/files\/2022\/05\/28_2022_melleklet-1_interdiszciplinaris-csaladtudomany_mintatanterv-es-tanulmanyi-tajekoztato.pdf\">A Semmelweis Egyetem Szen\u00e1tus\u00e1nak 28\/2022. (IV.25.) sz\u00e1m\u00fa hat\u00e1rozata az Eg\u00e9szs\u00e9g\u00fcgyi K\u00f6zszolg\u00e1lati Kar Ment\u00e1lhigi\u00e9n\u00e9 Int\u00e9zet egyes k\u00e9pz\u00e9sei tanterv\u00e9nek m\u00f3dos\u00edt\u00e1s\u00e1r\u00f3l &#8211; 1. sz\u00e1m\u00fa mell\u00e9klet<\/a><br \/>\n<a href=\"https:\/\/semmelweis.hu\/jogigfoig\/files\/2022\/05\/28_2022_melleklet-2_kozossegi-es-csaladi-mediacio_mintatanterv-es-tanulmanyi-tajekoztato.pdf\">A Semmelweis Egyetem Szen\u00e1tus\u00e1nak 28\/2022. (IV.25.) sz\u00e1m\u00fa hat\u00e1rozata az Eg\u00e9szs\u00e9g\u00fcgyi K\u00f6zszolg\u00e1lati Kar Ment\u00e1lhigi\u00e9n\u00e9 Int\u00e9zet egyes k\u00e9pz\u00e9sei tanterv\u00e9nek m\u00f3dos\u00edt\u00e1s\u00e1r\u00f3l &#8211; 2. sz\u00e1m\u00fa mell\u00e9klet<\/a><br \/>\n<a href=\"https:\/\/semmelweis.hu\/jogigfoig\/files\/2022\/05\/28_2022_melleklet-3_laktacios-szaktanacsado_tanulmanyi-tajekoztato.pdf\">A Semmelweis Egyetem Szen\u00e1tus\u00e1nak 28\/2022. (IV.25.) sz\u00e1m\u00fa hat\u00e1rozata az Eg\u00e9szs\u00e9g\u00fcgyi K\u00f6zszolg\u00e1lati Kar Ment\u00e1lhigi\u00e9n\u00e9 Int\u00e9zet egyes k\u00e9pz\u00e9sei tanterv\u00e9nek m\u00f3dos\u00edt\u00e1s\u00e1r\u00f3l &#8211; 3. sz\u00e1m\u00fa mell\u00e9klet<\/a><br \/>\n<a href=\"https:\/\/semmelweis.hu\/jogigfoig\/files\/2022\/05\/29_2022_EKK-EMK_minosegugyi-es-betegbiztositasi-menedzser-MSc.pdf\">A Semmelweis Egyetem Szen\u00e1tus\u00e1nak 29\/2022. (IV.25.) sz\u00e1m\u00fa hat\u00e1rozata az Eg\u00e9szs\u00e9g\u00fcgyi K\u00f6zszolg\u00e1lati Kar Eg\u00e9szs\u00e9g\u00fcgyi Menedzserk\u00e9pz\u0151 K\u00f6zpont min\u0151s\u00e9g\u00fcgyi \u00e9s betegbiztons\u00e1gi menedzser mesterk\u00e9pz\u00e9si szak l\u00e9tes\u00edt\u00e9s\u00e9nek valamint a k\u00e9pz\u00e9si \u00e9s kimeneti k\u00f6vetelm\u00e9nyeinek elfogad\u00e1s\u00e1r\u00f3l<\/a><br \/>\n<a href=\"https:\/\/semmelweis.hu\/jogigfoig\/files\/2022\/05\/30_2022_dijak-kituntetesek-adomanyozasarol-szolo-szabalyzat-modositasa.pdf\">A Semmelweis Egyetem Szen\u00e1tus\u00e1nak\u00a030\/2022. (IV.25.) sz\u00e1m\u00fa hat\u00e1rozata az egyetemi kit\u00fcntet\u00e9sek, d\u00edjak adom\u00e1nyoz\u00e1s\u00e1r\u00f3l, valamint az \u00e1llami kit\u00fcntet\u00e9sek felterjeszt\u00e9si elj\u00e1r\u00e1s\u00e1r\u00f3l sz\u00f3l\u00f3 szab\u00e1lyzat m\u00f3dos\u00edt\u00e1s\u00e1r\u00f3l<\/a>\u00a0<br \/>\n<a href=\"https:\/\/semmelweis.hu\/jogigfoig\/files\/2022\/05\/30_2022_melleklet.pdf\">A Semmelweis Egyetem Szen\u00e1tus\u00e1nak 30\/2022. (IV.25.) sz\u00e1m\u00fa hat\u00e1rozata az egyetemi kit\u00fcntet\u00e9sek, d\u00edjak adom\u00e1nyoz\u00e1s\u00e1r\u00f3l, valamint az \u00e1llami kit\u00fcntet\u00e9sek felterjeszt\u00e9si elj\u00e1r\u00e1s\u00e1r\u00f3l sz\u00f3l\u00f3 szab\u00e1lyzat m\u00f3dos\u00edt\u00e1s\u00e1r\u00f3l &#8211; 1. sz\u00e1m\u00fa mell\u00e9klet<\/a><br \/>\n<a href=\"https:\/\/semmelweis.hu\/jogigfoig\/files\/2022\/05\/31_2022_Pro-Universitate-eletmudij-Pro-Universitate-dij-SE-Kivalo-Oktato.pdf\">A Semmelweis Egyetem Szen\u00e1tus\u00e1nak\u00a031\/2022. (IV.24.) sz\u00e1m\u00fa hat\u00e1rozata a Pro Universitate \u00e9letm\u0171d\u00edj, a Pro Universitate d\u00edj, valamint a Semmelweis Egyetem Kiv\u00e1l\u00f3 Oktat\u00f3ja kit\u00fcntet\u00e9s adom\u00e1nyoz\u00e1s\u00e1r\u00f3l<\/a><br \/>\n<a href=\"https:\/\/semmelweis.hu\/jogigfoig\/files\/2022\/05\/32_2022_aktualis-kutatoi-palyazat.pdf\">A Semmelweis Egyetem Szen\u00e1tus\u00e1nak 32\/2022. (IV.25.) sz\u00e1m\u00fa hat\u00e1rozata az aktu\u00e1lis kutat\u00f3i p\u00e1ly\u00e1zat v\u00e9lem\u00e9nyez\u00e9s\u00e9r\u0151l<\/a><\/p>\n","protected":false},"author":101467,"featured_media":0,"parent":82992,"menu_order":3,"comment_status":"closed","ping_status":"closed","template":"","meta":{"_acf_changed":false,"footnotes":""},"categories":[],"tags":[],"class_list":["post-83650","page","type-page","status-publish","hentry"],"acf":[],"_links":{"self":[{"href":"https:\/\/semmelweis.hu\/jogigfoig\/wp-json\/wp\/v2\/pages\/83650","targetHints":{"allow":["GET"]}}],"collection":[{"href":"https:\/\/semmelweis.hu\/jogigfoig\/wp-json\/wp\/v2\/pages"}],"about":[{"href":"https:\/\/semmelweis.hu\/jogigfoig\/wp-json\/wp\/v2\/types\/page"}],"author":[{"embeddable":true,"href":"https:\/\/semmelweis.hu\/jogigfoig\/wp-json\/wp\/v2\/users\/101467"}],"replies":[{"embeddable":true,"href":"https:\/\/semmelweis.hu\/jogigfoig\/wp-json\/wp\/v2\/comments?post=83650"}],"version-history":[{"count":5,"href":"https:\/\/semmelweis.hu\/jogigfoig\/wp-json\/wp\/v2\/pages\/83650\/revisions"}],"predecessor-version":[{"id":83743,"href":"https:\/\/semmelweis.hu\/jogigfoig\/wp-json\/wp\/v2\/pages\/83650\/revisions\/83743"}],"up":[{"embeddable":true,"href":"https:\/\/semmelweis.hu\/jogigfoig\/wp-json\/wp\/v2\/pages\/82992"}],"wp:attachment":[{"href":"https:\/\/semmelweis.hu\/jogigfoig\/wp-json\/wp\/v2\/media?parent=83650"}],"wp:term":[{"taxonomy":"category","embeddable":true,"href":"https:\/\/semmelweis.hu\/jogigfoig\/wp-json\/wp\/v2\/categories?post=83650"},{"taxonomy":"post_tag","embeddable":true,"href":"https:\/\/semmelweis.hu\/jogigfoig\/wp-json\/wp\/v2\/tags?post=83650"}],"curies":[{"name":"wp","href":"https:\/\/api.w.org\/{rel}","templated":true}]}}