{"id":83510,"date":"2022-04-05T13:53:57","date_gmt":"2022-04-05T11:53:57","guid":{"rendered":"https:\/\/semmelweis.hu\/jogigfoig\/?page_id=83510"},"modified":"2022-11-21T14:44:35","modified_gmt":"2022-11-21T13:44:35","slug":"2022-marcius-28","status":"publish","type":"page","link":"https:\/\/semmelweis.hu\/jogigfoig\/testuletek\/szenatus\/2022-evi-szenatusi-hatarozatok\/2022-marcius-28\/","title":{"rendered":"2022. m\u00e1rcius 28."},"content":{"rendered":"<p style=\"text-align: justify\"><a href=\"https:\/\/semmelweis.hu\/jogigfoig\/files\/2022\/04\/N_2_2022_hatarozat.pdf\">A Semmelweis Egyetem Szen\u00e1tus\u00e1nak N-2.2022. (III.28.) sz\u00e1m\u00fa hat\u00e1rozata a szen\u00e1tusi \u00fcl\u00e9s napirendj\u00e9r\u0151l<\/a><\/p>\n<p style=\"text-align: justify\"><a href=\"https:\/\/semmelweis.hu\/jogigfoig\/files\/2022\/04\/14_2022_a-kulfoldon-viselheto-\u201eDr.-med.-cim-megszerzesenek-lehetosegerol.pdf\">A Semmelweis Egyetem\u00a0Szen\u00e1tus\u00e1nak 14\/2022. (III.28.) sz\u00e1m\u00fa hat\u00e1rozata a k\u00fclf\u00f6ld\u00f6n viselhet\u0151 \u201eDr. med.\u201d c\u00edm megszerz\u00e9s\u00e9nek lehet\u0151s\u00e9g\u00e9r\u0151l<\/a><\/p>\n<p style=\"text-align: justify\"><a href=\"https:\/\/semmelweis.hu\/jogigfoig\/files\/2022\/04\/14_Melleklet_DOK-egyetertes.pdf\">A Semmelweis Egyetem Szen\u00e1tus\u00e1nak 14\/2022. (III.28.) sz\u00e1m\u00fa hat\u00e1rozata a k\u00fclf\u00f6ld\u00f6n viselhet\u0151 \u201eDr. med.\u201d c\u00edm megszerz\u00e9s\u00e9nek lehet\u0151s\u00e9g\u00e9r\u0151l &#8211; Doktorandusz \u00d6nkorm\u00e1nyzat egyet\u00e9rt\u00e9s<\/a><\/p>\n<p style=\"text-align: justify\"><a href=\"https:\/\/semmelweis.hu\/jogigfoig\/files\/2022\/04\/14_Melleklet_HOK-egyetertes.pdf\">A Semmelweis Egyetem Szen\u00e1tus\u00e1nak 14\/2022. (III.28.) sz\u00e1m\u00fa hat\u00e1rozata a k\u00fclf\u00f6ld\u00f6n viselhet\u0151 \u201eDr. med.\u201d c\u00edm megszerz\u00e9s\u00e9nek lehet\u0151s\u00e9g\u00e9r\u0151l &#8211; Hallgat\u00f3i \u00d6nkorm\u00e1nyzat egyet\u00e9rt\u00e9s<\/a><\/p>\n<p style=\"text-align: justify\"><a href=\"https:\/\/semmelweis.hu\/jogigfoig\/files\/2022\/04\/14_2022_Melleklet_SzMSz_Dr-med-cim.pdf\">A Semmelweis Egyetem Szen\u00e1tus\u00e1nak 14\/2022. (III.28.) sz\u00e1m\u00fa hat\u00e1rozata a k\u00fclf\u00f6ld\u00f6n viselhet\u0151 \u201eDr. med.\u201d c\u00edm megszerz\u00e9s\u00e9nek lehet\u0151s\u00e9g\u00e9r\u0151l &#8211; 1. sz\u00e1m\u00fa mell\u00e9klet<\/a><\/p>\n<p style=\"text-align: justify\"><a href=\"https:\/\/semmelweis.hu\/jogigfoig\/files\/2022\/04\/15_2022_Neurorehabilitacios-szakerto-MSc-szak-letesiteserol-a-Peto-Andras-Karon.pdf\">A Semmelweis Egyetem\u00a0Szen\u00e1tus\u00e1nak 15\/2022. (III.28.) sz\u00e1m\u00fa hat\u00e1rozata Neurorehabilit\u00e1ci\u00f3s szak\u00e9rt\u0151 MSc szak l\u00e9tes\u00edt\u00e9s\u00e9r\u0151l a Pet\u0151 Andr\u00e1s Karon<\/a><\/p>\n<p style=\"text-align: justify\"><a href=\"https:\/\/semmelweis.hu\/jogigfoig\/files\/2022\/04\/15_Melleklet_Kepzesi-kimeneti-kovetelmenyek.pdf\">A Semmelweis Egyetem Szen\u00e1tus\u00e1nak 15\/2022. (III.28.) sz\u00e1m\u00fa hat\u00e1rozata Neurorehabilit\u00e1ci\u00f3s szak\u00e9rt\u0151 MSc szak l\u00e9tes\u00edt\u00e9s\u00e9r\u0151l a Pet\u0151 Andr\u00e1s Karon &#8211; 1. sz\u00e1m\u00fa mell\u00e9klet<\/a><\/p>\n<p style=\"text-align: justify\"><a href=\"https:\/\/semmelweis.hu\/jogigfoig\/files\/2022\/04\/15_Melleklet_MSc-Neurorehabilitacio-szakerto-OVT.pdf\">A Semmelweis Egyetem\u00a0Szen\u00e1tus\u00e1nak 15\/2022. (III.28.) sz\u00e1m\u00fa hat\u00e1rozata Neurorehabilit\u00e1ci\u00f3s szak\u00e9rt\u0151 MSc szak l\u00e9tes\u00edt\u00e9s\u00e9r\u0151l a Pet\u0151 Andr\u00e1s Karon &#8211; 2. sz\u00e1m\u00fa mell\u00e9klet<\/a><\/p>\n<p style=\"text-align: justify\"><a href=\"https:\/\/semmelweis.hu\/jogigfoig\/files\/2022\/04\/16_2022_a-Hallgatoi-Onkormanyzat-Alapszabalyanak-modositasarol.pdf\">A Semmelweis Egyetem\u00a0Szen\u00e1tus\u00e1nak 16\/2022. (III.28.) sz\u00e1m\u00fa hat\u00e1rozata a Hallgat\u00f3i \u00d6nkorm\u00e1nyzat Alapszab\u00e1ly\u00e1nak m\u00f3dos\u00edt\u00e1s\u00e1r\u00f3l<\/a><\/p>\n<p style=\"text-align: justify\"><a href=\"https:\/\/semmelweis.hu\/jogigfoig\/files\/2022\/04\/16_Melleklet_Alapszabaly-modositas_angol.pdf\">A Semmelweis Egyetem Szen\u00e1tus\u00e1nak 16\/2022. (III.28.) sz\u00e1m\u00fa hat\u00e1rozata a Hallgat\u00f3i \u00d6nkorm\u00e1nyzat Alapszab\u00e1ly\u00e1nak m\u00f3dos\u00edt\u00e1s\u00e1r\u00f3l &#8211; 1. sz\u00e1m\u00fa mell\u00e9klet<\/a><\/p>\n<p style=\"text-align: justify\"><a href=\"https:\/\/semmelweis.hu\/jogigfoig\/files\/2022\/04\/16_Melleklet_Alapszabaly-modositas_magyar.pdf\">A Semmelweis Egyetem\u00a0Szen\u00e1tus\u00e1nak 16\/2022. (III.28.) sz\u00e1m\u00fa hat\u00e1rozata a Hallgat\u00f3i \u00d6nkorm\u00e1nyzat Alapszab\u00e1ly\u00e1nak m\u00f3dos\u00edt\u00e1s\u00e1r\u00f3l &#8211; 2. sz\u00e1m\u00fa mell\u00e9klet<\/a><\/p>\n<p style=\"text-align: justify\"><a href=\"https:\/\/semmelweis.hu\/jogigfoig\/files\/2022\/04\/17_2022_a-Szenatus-altal-letrehozott-karokon-mukodo-allando-bizottsagok-munkajarol-szolo-beszamolok-elfogadasarol.pdf\">A Semmelweis Egyetem\u00a0Szen\u00e1tus\u00e1nak 17\/2022. (III.28.) sz\u00e1m\u00fa hat\u00e1rozata a Szen\u00e1tus \u00e1ltal l\u00e9trehozott, karokon m\u0171k\u00f6d\u0151 \u00e1lland\u00f3 bizotts\u00e1gok munk\u00e1j\u00e1r\u00f3l sz\u00f3l\u00f3 besz\u00e1mol\u00f3k elfogad\u00e1s\u00e1r\u00f3l<\/a><\/p>\n<p style=\"text-align: justify\"><a href=\"https:\/\/semmelweis.hu\/jogigfoig\/files\/2022\/04\/17-Mellekletek_Beszamolok.zip\">A Semmelweis Egyetem Szen\u00e1tus\u00e1nak 17\/2022. (III.28.) sz\u00e1m\u00fa hat\u00e1rozata a Szen\u00e1tus \u00e1ltal l\u00e9trehozott, karokon m\u0171k\u00f6d\u0151 \u00e1lland\u00f3 bizotts\u00e1gok munk\u00e1j\u00e1r\u00f3l sz\u00f3l\u00f3 besz\u00e1mol\u00f3k elfogad\u00e1s\u00e1r\u00f3l &#8211; 1. sz\u00e1m\u00fa mell\u00e9klet<\/a><\/p>\n<p style=\"text-align: justify\"><a href=\"https:\/\/semmelweis.hu\/jogigfoig\/files\/2022\/04\/18_2022_a-Szervezeti-es-Mukodesi-Szabalyzat-II.-Konyvenek-elfogadasarol.pdf\">A Semmelweis Egyetem\u00a0Szen\u00e1tus\u00e1nak 18\/2022. (III.28.) sz\u00e1m\u00fa hat\u00e1rozata a Szervezeti \u00e9s M\u0171k\u00f6d\u00e9si Szab\u00e1lyzat II. K\u00f6nyv\u00e9nek (Foglalkoztat\u00e1si K\u00f6vetelm\u00e9nyrendszer) elfogad\u00e1s\u00e1r\u00f3l<\/a><\/p>\n<p style=\"text-align: justify\"><a href=\"https:\/\/semmelweis.hu\/jogigfoig\/files\/2022\/04\/18_melleklet-SZMSZ_FKR_II_KONYV_II_1_RESZ.pdf\">A Semmelweis Egyetem Szen\u00e1tus\u00e1nak 18\/2022. (III.28.) sz\u00e1m\u00fa hat\u00e1rozata a Szervezeti \u00e9s M\u0171k\u00f6d\u00e9si Szab\u00e1lyzat II. K\u00f6nyv\u00e9nek (Foglalkoztat\u00e1si K\u00f6vetelm\u00e9nyrendszer) elfogad\u00e1s\u00e1r\u00f3l &#8211; 1. sz\u00e1m\u00fa mell\u00e9klet<\/a><\/p>\n<p style=\"text-align: justify\"><a href=\"https:\/\/semmelweis.hu\/jogigfoig\/files\/2022\/04\/18_melleklet-SZMSZ_FKR_II_KONYV_II_1_RESZ_Mellekletek.pdf\">A Semmelweis Egyetem Szen\u00e1tus\u00e1nak 18\/2022. (III.28.) sz\u00e1m\u00fa hat\u00e1rozata a Szervezeti \u00e9s M\u0171k\u00f6d\u00e9si Szab\u00e1lyzat II. K\u00f6nyv\u00e9nek (Foglalkoztat\u00e1si K\u00f6vetelm\u00e9nyrendszer) elfogad\u00e1s\u00e1r\u00f3l &#8211; 2. sz\u00e1m\u00fa mell\u00e9klet<\/a><\/p>\n<p style=\"text-align: justify\"><a href=\"https:\/\/semmelweis.hu\/jogigfoig\/files\/2022\/04\/18_melleklet-SZMSZ_FKR_II_KONYV_II_2_RESZ.pdf\">A Semmelweis Egyetem Szen\u00e1tus\u00e1nak 18\/2022. (III.28.) sz\u00e1m\u00fa hat\u00e1rozata a Szervezeti \u00e9s M\u0171k\u00f6d\u00e9si Szab\u00e1lyzat II. K\u00f6nyv\u00e9nek (Foglalkoztat\u00e1si K\u00f6vetelm\u00e9nyrendszer) elfogad\u00e1s\u00e1r\u00f3l &#8211; 3. sz\u00e1m\u00fa mell\u00e9klet<\/a><\/p>\n<p style=\"text-align: justify\"><a href=\"https:\/\/semmelweis.hu\/jogigfoig\/files\/2022\/04\/18_melleklet-SZMSZ_FKR_II_KONYV_II_3_RESZ.pdf\">A Semmelweis Egyetem Szen\u00e1tus\u00e1nak 18\/2022. (III.28.) sz\u00e1m\u00fa hat\u00e1rozata a Szervezeti \u00e9s M\u0171k\u00f6d\u00e9si Szab\u00e1lyzat II. K\u00f6nyv\u00e9nek (Foglalkoztat\u00e1si K\u00f6vetelm\u00e9nyrendszer) elfogad\u00e1s\u00e1r\u00f3l &#8211; 4. sz\u00e1m\u00fa mell\u00e9klet<\/a><\/p>\n<p style=\"text-align: justify\"><a href=\"https:\/\/semmelweis.hu\/jogigfoig\/files\/2022\/04\/18_melleklet-SZMSZ_FKR_II_KONYV_II_3_RESZ_Mellekletek.pdf\">A Semmelweis Egyetem Szen\u00e1tus\u00e1nak 18\/2022. (III.28.) sz\u00e1m\u00fa hat\u00e1rozata a Szervezeti \u00e9s M\u0171k\u00f6d\u00e9si Szab\u00e1lyzat II. K\u00f6nyv\u00e9nek (Foglalkoztat\u00e1si K\u00f6vetelm\u00e9nyrendszer) elfogad\u00e1s\u00e1r\u00f3l &#8211; 5. sz\u00e1m\u00fa mell\u00e9klet<\/a><\/p>\n<p style=\"text-align: justify\"><a href=\"https:\/\/semmelweis.hu\/jogigfoig\/files\/2022\/04\/18_melleklet-SZMSZ_FKR_II_KONYV_II_4_RESZ.pdf\">A Semmelweis Egyetem Szen\u00e1tus\u00e1nak 18\/2022. (III.28.) sz\u00e1m\u00fa hat\u00e1rozata a Szervezeti \u00e9s M\u0171k\u00f6d\u00e9si Szab\u00e1lyzat II. K\u00f6nyv\u00e9nek (Foglalkoztat\u00e1si K\u00f6vetelm\u00e9nyrendszer) elfogad\u00e1s\u00e1r\u00f3l &#8211; 6. sz\u00e1m\u00fa mell\u00e9klet<\/a><\/p>\n<p style=\"text-align: justify\"><a href=\"https:\/\/semmelweis.hu\/jogigfoig\/files\/2022\/04\/18_melleklet-SZMSZ_FKR_II_KONYV_II_5_RESZ.pdf\">A Semmelweis Egyetem Szen\u00e1tus\u00e1nak 18\/2022. (III.28.) sz\u00e1m\u00fa hat\u00e1rozata a Szervezeti \u00e9s M\u0171k\u00f6d\u00e9si Szab\u00e1lyzat II. K\u00f6nyv\u00e9nek (Foglalkoztat\u00e1si K\u00f6vetelm\u00e9nyrendszer) elfogad\u00e1s\u00e1r\u00f3l &#8211; 7. sz\u00e1m\u00fa mell\u00e9klet<\/a><\/p>\n<p style=\"text-align: justify\"><a href=\"https:\/\/semmelweis.hu\/jogigfoig\/files\/2022\/04\/18_melleklet-SZMSZ_FKR_II_KONYV_II_6_RESZ.pdf\">A Semmelweis Egyetem Szen\u00e1tus\u00e1nak 18\/2022. (III.28.) sz\u00e1m\u00fa hat\u00e1rozata a Szervezeti \u00e9s M\u0171k\u00f6d\u00e9si Szab\u00e1lyzat II. K\u00f6nyv\u00e9nek (Foglalkoztat\u00e1si K\u00f6vetelm\u00e9nyrendszer) elfogad\u00e1s\u00e1r\u00f3l &#8211; 8. sz\u00e1m\u00fa mell\u00e9klet<\/a><\/p>\n<p style=\"text-align: justify\"><a href=\"https:\/\/semmelweis.hu\/jogigfoig\/files\/2022\/04\/19_2022_az-aktualis-vezetoi-es-oktatoi-palyazatok-velemenyezeserol.pdf\">A Semmelweis Egyetem\u00a0Szen\u00e1tus\u00e1nak 19\/2022. (III.28.) sz\u00e1m\u00fa hat\u00e1rozata az aktu\u00e1lis vezet\u0151i \u00e9s oktat\u00f3i p\u00e1ly\u00e1zatok v\u00e9lem\u00e9nyez\u00e9s\u00e9r\u0151l<\/a><\/p>\n<p style=\"text-align: justify\">\u00a0<\/p>\n","protected":false},"excerpt":{"rendered":"<p><a href=\"https:\/\/semmelweis.hu\/jogigfoig\/files\/2022\/04\/N_2_2022_hatarozat.pdf\">A Semmelweis Egyetem Szen\u00e1tus\u00e1nak N-2.2022. (III.28.) sz\u00e1m\u00fa hat\u00e1rozata a szen\u00e1tusi \u00fcl\u00e9s napirendj\u00e9r\u0151l<\/a><br \/>\n<a href=\"https:\/\/semmelweis.hu\/jogigfoig\/files\/2022\/04\/14_2022_a-kulfoldon-viselheto-\u201eDr.-med.-cim-megszerzesenek-lehetosegerol.pdf\">A Semmelweis Egyetem\u00a0Szen\u00e1tus\u00e1nak 14\/2022. (III.28.) sz\u00e1m\u00fa hat\u00e1rozata a k\u00fclf\u00f6ld\u00f6n viselhet\u0151 \u201eDr. med.\u201d c\u00edm megszerz\u00e9s\u00e9nek lehet\u0151s\u00e9g\u00e9r\u0151l<\/a><br \/>\n<a href=\"https:\/\/semmelweis.hu\/jogigfoig\/files\/2022\/04\/14_Melleklet_DOK-egyetertes.pdf\">A Semmelweis Egyetem Szen\u00e1tus\u00e1nak 14\/2022. (III.28.) sz\u00e1m\u00fa hat\u00e1rozata a k\u00fclf\u00f6ld\u00f6n viselhet\u0151 \u201eDr. med.\u201d c\u00edm megszerz\u00e9s\u00e9nek lehet\u0151s\u00e9g\u00e9r\u0151l &#8211; Doktorandusz \u00d6nkorm\u00e1nyzat egyet\u00e9rt\u00e9s<\/a><br \/>\n<a href=\"https:\/\/semmelweis.hu\/jogigfoig\/files\/2022\/04\/14_Melleklet_HOK-egyetertes.pdf\">A Semmelweis Egyetem Szen\u00e1tus\u00e1nak 14\/2022. (III.28.) sz\u00e1m\u00fa hat\u00e1rozata a k\u00fclf\u00f6ld\u00f6n viselhet\u0151 \u201eDr. med.\u201d c\u00edm megszerz\u00e9s\u00e9nek lehet\u0151s\u00e9g\u00e9r\u0151l &#8211; Hallgat\u00f3i \u00d6nkorm\u00e1nyzat egyet\u00e9rt\u00e9s<\/a><br \/>\n<a href=\"https:\/\/semmelweis.hu\/jogigfoig\/files\/2022\/04\/14_2022_Melleklet_SzMSz_Dr-med-cim.pdf\">A Semmelweis Egyetem Szen\u00e1tus\u00e1nak 14\/2022. (III.28.) sz\u00e1m\u00fa hat\u00e1rozata a k\u00fclf\u00f6ld\u00f6n viselhet\u0151 \u201eDr. med.\u201d c\u00edm megszerz\u00e9s\u00e9nek lehet\u0151s\u00e9g\u00e9r\u0151l &#8211; 1. sz\u00e1m\u00fa mell\u00e9klet<\/a><br \/>\n<a href=\"https:\/\/semmelweis.hu\/jogigfoig\/files\/2022\/04\/15_2022_Neurorehabilitacios-szakerto-MSc-szak-letesiteserol-a-Peto-Andras-Karon.pdf\">A Semmelweis Egyetem\u00a0Szen\u00e1tus\u00e1nak 15\/2022. (III.28.) sz\u00e1m\u00fa hat\u00e1rozata Neurorehabilit\u00e1ci\u00f3s szak\u00e9rt\u0151 MSc szak l\u00e9tes\u00edt\u00e9s\u00e9r\u0151l a Pet\u0151 Andr\u00e1s Karon<\/a><br \/>\n<a href=\"https:\/\/semmelweis.hu\/jogigfoig\/files\/2022\/04\/15_Melleklet_Kepzesi-kimeneti-kovetelmenyek.pdf\">A Semmelweis Egyetem Szen\u00e1tus\u00e1nak 15\/2022. (III.28.) sz\u00e1m\u00fa hat\u00e1rozata Neurorehabilit\u00e1ci\u00f3s szak\u00e9rt\u0151 MSc szak l\u00e9tes\u00edt\u00e9s\u00e9r\u0151l a Pet\u0151 Andr\u00e1s Karon &#8211; 1. sz\u00e1m\u00fa mell\u00e9klet<\/a><br \/>\n<a href=\"https:\/\/semmelweis.hu\/jogigfoig\/files\/2022\/04\/15_Melleklet_MSc-Neurorehabilitacio-szakerto-OVT.pdf\">A Semmelweis Egyetem\u00a0Szen\u00e1tus\u00e1nak 15\/2022. (III.28.) sz\u00e1m\u00fa hat\u00e1rozata Neurorehabilit\u00e1ci\u00f3s szak\u00e9rt\u0151 MSc szak l\u00e9tes\u00edt\u00e9s\u00e9r\u0151l a Pet\u0151 Andr\u00e1s Karon &#8211; 2. sz\u00e1m\u00fa mell\u00e9klet<\/a><br \/>\n<a href=\"https:\/\/semmelweis.hu\/jogigfoig\/files\/2022\/04\/16_2022_a-Hallgatoi-Onkormanyzat-Alapszabalyanak-modositasarol.pdf\">A Semmelweis Egyetem\u00a0Szen\u00e1tus\u00e1nak 16\/2022. (III.28.) sz\u00e1m\u00fa hat\u00e1rozata a Hallgat\u00f3i \u00d6nkorm\u00e1nyzat Alapszab\u00e1ly\u00e1nak m\u00f3dos\u00edt\u00e1s\u00e1r\u00f3l<\/a><br \/>\n<a href=\"https:\/\/semmelweis.hu\/jogigfoig\/files\/2022\/04\/16_Melleklet_Alapszabaly-modositas_angol.pdf\">A Semmelweis Egyetem Szen\u00e1tus\u00e1nak 16\/2022. (III.28.) sz\u00e1m\u00fa hat\u00e1rozata a Hallgat\u00f3i \u00d6nkorm\u00e1nyzat Alapszab\u00e1ly\u00e1nak m\u00f3dos\u00edt\u00e1s\u00e1r\u00f3l &#8211; 1. sz\u00e1m\u00fa mell\u00e9klet<\/a><br \/>\n<a href=\"https:\/\/semmelweis.hu\/jogigfoig\/files\/2022\/04\/16_Melleklet_Alapszabaly-modositas_magyar.pdf\">A Semmelweis Egyetem\u00a0Szen\u00e1tus\u00e1nak 16\/2022. (III.28.) sz\u00e1m\u00fa hat\u00e1rozata a Hallgat\u00f3i \u00d6nkorm\u00e1nyzat Alapszab\u00e1ly\u00e1nak m\u00f3dos\u00edt\u00e1s\u00e1r\u00f3l &#8211; 2. sz\u00e1m\u00fa mell\u00e9klet<\/a><br \/>\n<a href=\"https:\/\/semmelweis.hu\/jogigfoig\/files\/2022\/04\/17_2022_a-Szenatus-altal-letrehozott-karokon-mukodo-allando-bizottsagok-munkajarol-szolo-beszamolok-elfogadasarol.pdf\">A Semmelweis Egyetem\u00a0Szen\u00e1tus\u00e1nak 17\/2022. (III.28.) sz\u00e1m\u00fa hat\u00e1rozata a Szen\u00e1tus \u00e1ltal l\u00e9trehozott, karokon m\u0171k\u00f6d\u0151 \u00e1lland\u00f3 bizotts\u00e1gok munk\u00e1j\u00e1r\u00f3l sz\u00f3l\u00f3 besz\u00e1mol\u00f3k elfogad\u00e1s\u00e1r\u00f3l<\/a><br \/>\n<a href=\"https:\/\/semmelweis.hu\/jogigfoig\/files\/2022\/04\/17-Mellekletek_Beszamolok.zip\">A Semmelweis Egyetem Szen\u00e1tus\u00e1nak 17\/2022. (III.28.) sz\u00e1m\u00fa hat\u00e1rozata a Szen\u00e1tus \u00e1ltal l\u00e9trehozott, karokon m\u0171k\u00f6d\u0151 \u00e1lland\u00f3 bizotts\u00e1gok munk\u00e1j\u00e1r\u00f3l sz\u00f3l\u00f3 besz\u00e1mol\u00f3k elfogad\u00e1s\u00e1r\u00f3l &#8211; 1. sz\u00e1m\u00fa mell\u00e9klet<\/a><br \/>\n<a href=\"https:\/\/semmelweis.hu\/jogigfoig\/files\/2022\/04\/18_2022_a-Szervezeti-es-Mukodesi-Szabalyzat-II.-Konyvenek-elfogadasarol.pdf\">A Semmelweis Egyetem\u00a0Szen\u00e1tus\u00e1nak 18\/2022. (III.28.) sz\u00e1m\u00fa hat\u00e1rozata a Szervezeti \u00e9s M\u0171k\u00f6d\u00e9si Szab\u00e1lyzat II. K\u00f6nyv\u00e9nek (Foglalkoztat\u00e1si K\u00f6vetelm\u00e9nyrendszer) elfogad\u00e1s\u00e1r\u00f3l<\/a><br \/>\n<a href=\"https:\/\/semmelweis.hu\/jogigfoig\/files\/2022\/04\/18_melleklet-SZMSZ_FKR_II_KONYV_II_1_RESZ.pdf\">A Semmelweis Egyetem Szen\u00e1tus\u00e1nak 18\/2022. (III.28.) sz\u00e1m\u00fa hat\u00e1rozata a Szervezeti \u00e9s M\u0171k\u00f6d\u00e9si Szab\u00e1lyzat II. K\u00f6nyv\u00e9nek (Foglalkoztat\u00e1si K\u00f6vetelm\u00e9nyrendszer) elfogad\u00e1s\u00e1r\u00f3l &#8211; 1. sz\u00e1m\u00fa mell\u00e9klet<\/a><br \/>\n<a href=\"https:\/\/semmelweis.hu\/jogigfoig\/files\/2022\/04\/18_melleklet-SZMSZ_FKR_II_KONYV_II_1_RESZ_Mellekletek.pdf\">A Semmelweis Egyetem Szen\u00e1tus\u00e1nak 18\/2022. (III.28.) sz\u00e1m\u00fa hat\u00e1rozata a Szervezeti \u00e9s M\u0171k\u00f6d\u00e9si Szab\u00e1lyzat II. K\u00f6nyv\u00e9nek (Foglalkoztat\u00e1si K\u00f6vetelm\u00e9nyrendszer) elfogad\u00e1s\u00e1r\u00f3l &#8211; 2. sz\u00e1m\u00fa mell\u00e9klet<\/a><br \/>\n<a href=\"https:\/\/semmelweis.hu\/jogigfoig\/files\/2022\/04\/18_melleklet-SZMSZ_FKR_II_KONYV_II_2_RESZ.pdf\">A Semmelweis Egyetem Szen\u00e1tus\u00e1nak 18\/2022. (III.28.) sz\u00e1m\u00fa hat\u00e1rozata a Szervezeti \u00e9s M\u0171k\u00f6d\u00e9si Szab\u00e1lyzat II. K\u00f6nyv\u00e9nek (Foglalkoztat\u00e1si K\u00f6vetelm\u00e9nyrendszer) elfogad\u00e1s\u00e1r\u00f3l &#8211; 3. sz\u00e1m\u00fa mell\u00e9klet<\/a><br \/>\n<a href=\"https:\/\/semmelweis.hu\/jogigfoig\/files\/2022\/04\/18_melleklet-SZMSZ_FKR_II_KONYV_II_3_RESZ.pdf\">A Semmelweis Egyetem Szen\u00e1tus\u00e1nak 18\/2022. (III.28.) sz\u00e1m\u00fa hat\u00e1rozata a Szervezeti \u00e9s M\u0171k\u00f6d\u00e9si Szab\u00e1lyzat II. K\u00f6nyv\u00e9nek (Foglalkoztat\u00e1si K\u00f6vetelm\u00e9nyrendszer) elfogad\u00e1s\u00e1r\u00f3l &#8211; 4. sz\u00e1m\u00fa mell\u00e9klet<\/a><br \/>\n<a href=\"https:\/\/semmelweis.hu\/jogigfoig\/files\/2022\/04\/18_melleklet-SZMSZ_FKR_II_KONYV_II_3_RESZ_Mellekletek.pdf\">A Semmelweis Egyetem Szen\u00e1tus\u00e1nak 18\/2022. (III.28.) sz\u00e1m\u00fa hat\u00e1rozata a Szervezeti \u00e9s M\u0171k\u00f6d\u00e9si Szab\u00e1lyzat II. K\u00f6nyv\u00e9nek (Foglalkoztat\u00e1si K\u00f6vetelm\u00e9nyrendszer) elfogad\u00e1s\u00e1r\u00f3l &#8211; 5. sz\u00e1m\u00fa mell\u00e9klet<\/a><br \/>\n<a href=\"https:\/\/semmelweis.hu\/jogigfoig\/files\/2022\/04\/18_melleklet-SZMSZ_FKR_II_KONYV_II_4_RESZ.pdf\">A Semmelweis Egyetem Szen\u00e1tus\u00e1nak 18\/2022. (III.28.) sz\u00e1m\u00fa hat\u00e1rozata a Szervezeti \u00e9s M\u0171k\u00f6d\u00e9si Szab\u00e1lyzat II. K\u00f6nyv\u00e9nek (Foglalkoztat\u00e1si K\u00f6vetelm\u00e9nyrendszer) elfogad\u00e1s\u00e1r\u00f3l &#8211; 6. sz\u00e1m\u00fa mell\u00e9klet<\/a><br \/>\n<a href=\"https:\/\/semmelweis.hu\/jogigfoig\/files\/2022\/04\/18_melleklet-SZMSZ_FKR_II_KONYV_II_5_RESZ.pdf\">A Semmelweis Egyetem Szen\u00e1tus\u00e1nak 18\/2022. (III.28.) sz\u00e1m\u00fa hat\u00e1rozata a Szervezeti \u00e9s M\u0171k\u00f6d\u00e9si Szab\u00e1lyzat II. K\u00f6nyv\u00e9nek (Foglalkoztat\u00e1si K\u00f6vetelm\u00e9nyrendszer) elfogad\u00e1s\u00e1r\u00f3l &#8211; 7. sz\u00e1m\u00fa mell\u00e9klet<\/a><br \/>\n<a href=\"https:\/\/semmelweis.hu\/jogigfoig\/files\/2022\/04\/18_melleklet-SZMSZ_FKR_II_KONYV_II_6_RESZ.pdf\">A Semmelweis Egyetem Szen\u00e1tus\u00e1nak 18\/2022. (III.28.) sz\u00e1m\u00fa hat\u00e1rozata a Szervezeti \u00e9s M\u0171k\u00f6d\u00e9si Szab\u00e1lyzat II. K\u00f6nyv\u00e9nek (Foglalkoztat\u00e1si K\u00f6vetelm\u00e9nyrendszer) elfogad\u00e1s\u00e1r\u00f3l &#8211; 8. sz\u00e1m\u00fa mell\u00e9klet<\/a><br \/>\n<a href=\"https:\/\/semmelweis.hu\/jogigfoig\/files\/2022\/04\/19_2022_az-aktualis-vezetoi-es-oktatoi-palyazatok-velemenyezeserol.pdf\">A Semmelweis Egyetem\u00a0Szen\u00e1tus\u00e1nak 19\/2022. (III.28.) sz\u00e1m\u00fa hat\u00e1rozata az aktu\u00e1lis vezet\u0151i \u00e9s oktat\u00f3i p\u00e1ly\u00e1zatok v\u00e9lem\u00e9nyez\u00e9s\u00e9r\u0151l<\/a><br \/>\n\u00a0<\/p>\n","protected":false},"author":101467,"featured_media":0,"parent":82992,"menu_order":2,"comment_status":"closed","ping_status":"closed","template":"","meta":{"_acf_changed":false,"footnotes":""},"categories":[],"tags":[],"class_list":["post-83510","page","type-page","status-publish","hentry"],"acf":[],"_links":{"self":[{"href":"https:\/\/semmelweis.hu\/jogigfoig\/wp-json\/wp\/v2\/pages\/83510","targetHints":{"allow":["GET"]}}],"collection":[{"href":"https:\/\/semmelweis.hu\/jogigfoig\/wp-json\/wp\/v2\/pages"}],"about":[{"href":"https:\/\/semmelweis.hu\/jogigfoig\/wp-json\/wp\/v2\/types\/page"}],"author":[{"embeddable":true,"href":"https:\/\/semmelweis.hu\/jogigfoig\/wp-json\/wp\/v2\/users\/101467"}],"replies":[{"embeddable":true,"href":"https:\/\/semmelweis.hu\/jogigfoig\/wp-json\/wp\/v2\/comments?post=83510"}],"version-history":[{"count":3,"href":"https:\/\/semmelweis.hu\/jogigfoig\/wp-json\/wp\/v2\/pages\/83510\/revisions"}],"predecessor-version":[{"id":83537,"href":"https:\/\/semmelweis.hu\/jogigfoig\/wp-json\/wp\/v2\/pages\/83510\/revisions\/83537"}],"up":[{"embeddable":true,"href":"https:\/\/semmelweis.hu\/jogigfoig\/wp-json\/wp\/v2\/pages\/82992"}],"wp:attachment":[{"href":"https:\/\/semmelweis.hu\/jogigfoig\/wp-json\/wp\/v2\/media?parent=83510"}],"wp:term":[{"taxonomy":"category","embeddable":true,"href":"https:\/\/semmelweis.hu\/jogigfoig\/wp-json\/wp\/v2\/categories?post=83510"},{"taxonomy":"post_tag","embeddable":true,"href":"https:\/\/semmelweis.hu\/jogigfoig\/wp-json\/wp\/v2\/tags?post=83510"}],"curies":[{"name":"wp","href":"https:\/\/api.w.org\/{rel}","templated":true}]}}