{"id":83250,"date":"2022-03-01T13:11:20","date_gmt":"2022-03-01T12:11:20","guid":{"rendered":"https:\/\/semmelweis.hu\/jogigfoig\/?page_id=83250"},"modified":"2022-11-21T14:44:28","modified_gmt":"2022-11-21T13:44:28","slug":"2022-februar-24","status":"publish","type":"page","link":"https:\/\/semmelweis.hu\/jogigfoig\/testuletek\/szenatus\/2022-evi-szenatusi-hatarozatok\/2022-februar-24\/","title":{"rendered":"2022. febru\u00e1r 24."},"content":{"rendered":"<p style=\"text-align: justify\"><a href=\"https:\/\/semmelweis.hu\/jogigfoig\/files\/2022\/03\/9_a-Szenatus-2022.-I.-felevi-tavaszi-munkaterverol_.pdf\">A Semmelweis Egyetem\u00a0\u00a0Szen\u00e1tus\u00e1nak 9\/2022. (II.24.) sz\u00e1m\u00fa hat\u00e1rozata a Szen\u00e1tus 2022. I. f\u00e9l\u00e9vi (tavaszi) munkaterv\u00e9r\u0151l<\/a><\/p>\n<p style=\"text-align: justify\"><a href=\"https:\/\/semmelweis.hu\/jogigfoig\/files\/2022\/03\/9_melleklet_Munkaterv_2022-I-felev_OSSZESITETT_fin-1.pdf\">A Semmelweis Egyetem\u00a0\u00a0Szen\u00e1tus\u00e1nak 9\/2022. (II.24.) sz\u00e1m\u00fa hat\u00e1rozata a Szen\u00e1tus 2022. I. f\u00e9l\u00e9vi (tavaszi) munkaterv\u00e9r\u0151l &#8211; 1. sz\u00e1m\u00fa mell\u00e9klet<\/a><\/p>\n<p style=\"text-align: justify\"><a href=\"https:\/\/semmelweis.hu\/jogigfoig\/files\/2022\/03\/10_2022_SzMSz_HKR_Felveteli-Szabalyzat-modositasarol.pdf\">A Semmelweis Egyetem\u00a0Szen\u00e1tus\u00e1nak 10\/2022. (II.24.) sz\u00e1m\u00fa hat\u00e1rozata a Semmelweis Egyetem Szervezeti \u00e9s M\u0171k\u00f6d\u00e9si Szab\u00e1lyzat III. K\u00f6nyv &#8211; Hallgat\u00f3i k\u00f6vetelm\u00e9nyrendszer III.1. R\u00e9sz &#8211; Felv\u00e9teli Szab\u00e1lyzat m\u00f3dos\u00edt\u00e1s\u00e1r\u00f3l<\/a><\/p>\n<p style=\"text-align: justify\"><a href=\"https:\/\/semmelweis.hu\/jogigfoig\/files\/2022\/03\/10_Melleklet.pdf\">A Semmelweis Egyetem Szen\u00e1tus\u00e1nak 10\/2022. (II.24.) sz\u00e1m\u00fa hat\u00e1rozata a Semmelweis Egyetem Szervezeti \u00e9s M\u0171k\u00f6d\u00e9si Szab\u00e1lyzat III. K\u00f6nyv &#8211; Hallgat\u00f3i k\u00f6vetelm\u00e9nyrendszer III.1. R\u00e9sz &#8211; Felv\u00e9teli Szab\u00e1lyzat m\u00f3dos\u00edt\u00e1s\u00e1r\u00f3l &#8211; 1. sz\u00e1m\u00fa mell\u00e9klet<\/a><\/p>\n<p style=\"text-align: justify\"><a href=\"https:\/\/semmelweis.hu\/jogigfoig\/files\/2022\/03\/11_a-\u201eTransplant-Today-mint-uj-szabadon-valaszthato-tantargy-bevezeteserol.pdf\">A Semmelweis Egyetem\u00a0Szen\u00e1tus\u00e1nak 11\/2022. (II.24.) sz\u00e1m\u00fa hat\u00e1rozata a \u201e<em>Transplant Today<\/em>\u201d, mint \u00faj, szabadon v\u00e1laszthat\u00f3 tant\u00e1rgy bevezet\u00e9s\u00e9r\u0151l<\/a><\/p>\n<p style=\"text-align: justify\"><a href=\"https:\/\/semmelweis.hu\/jogigfoig\/files\/2022\/03\/11_Melleklet_Kovetelmenyrendszer.pdf\">A Semmelweis Egyetem\u00a0Szen\u00e1tus\u00e1nak 11\/2022. (II.24.) sz\u00e1m\u00fa hat\u00e1rozata a \u201e<em>Transplant Today<\/em>\u201d, mint \u00faj, szabadon v\u00e1laszthat\u00f3 tant\u00e1rgy bevezet\u00e9s\u00e9r\u0151l &#8211; 1. sz\u00e1m\u00fa mell\u00e9klet<\/a><\/p>\n<p style=\"text-align: justify\"><a href=\"https:\/\/semmelweis.hu\/jogigfoig\/files\/2022\/03\/12_a-Szenatus-altal-letrehozott-az-Egyetem-egeszere-kiterjedo-hataskorrel-rendelkezo-allando-bizottsagok-munkajarol.pdf\">A Semmelweis Egyetem\u00a0Szen\u00e1tus\u00e1nak 12\/2022. (II.24.) sz\u00e1m\u00fa hat\u00e1rozata a Szen\u00e1tus \u00e1ltal l\u00e9trehozott, az Egyetem eg\u00e9sz\u00e9re kiterjed\u0151 hat\u00e1sk\u00f6rrel rendelkez\u0151 \u00e1lland\u00f3 bizotts\u00e1gok munk\u00e1j\u00e1r\u00f3l<\/a><\/p>\n<p style=\"text-align: justify\"><a href=\"https:\/\/semmelweis.hu\/jogigfoig\/files\/2022\/03\/12_Melleklet_beszamolok.zip\">A Semmelweis Egyetem Szen\u00e1tus\u00e1nak 12\/2022. (II.24.) sz\u00e1m\u00fa hat\u00e1rozata a Szen\u00e1tus \u00e1ltal l\u00e9trehozott, az Egyetem eg\u00e9sz\u00e9re kiterjed\u0151 hat\u00e1sk\u00f6rrel rendelkez\u0151 \u00e1lland\u00f3 bizotts\u00e1gok munk\u00e1j\u00e1r\u00f3l &#8211; 1. sz\u00e1m\u00fa mell\u00e9klet<\/a><\/p>\n<p style=\"text-align: justify\"><a href=\"https:\/\/semmelweis.hu\/jogigfoig\/files\/2022\/03\/13_az-aktualis-vezetoi-es-oktatoi-kutatoi-palyazatok-velemenyezeserol.pdf\">A Semmelweis Egyetem\u00a0Szen\u00e1tus\u00e1nak 13\/2022. (II.24.) sz\u00e1m\u00fa hat\u00e1rozata az aktu\u00e1lis vezet\u0151i \u00e9s oktat\u00f3i-kutat\u00f3i p\u00e1ly\u00e1zatok v\u00e9lem\u00e9nyez\u00e9s\u00e9r\u0151l<\/a><\/p>\n","protected":false},"excerpt":{"rendered":"<p><a href=\"https:\/\/semmelweis.hu\/jogigfoig\/files\/2022\/03\/9_a-Szenatus-2022.-I.-felevi-tavaszi-munkaterverol_.pdf\">A Semmelweis Egyetem\u00a0\u00a0Szen\u00e1tus\u00e1nak 9\/2022. (II.24.) sz\u00e1m\u00fa hat\u00e1rozata a Szen\u00e1tus 2022. I. f\u00e9l\u00e9vi (tavaszi) munkaterv\u00e9r\u0151l<\/a><br \/>\n<a href=\"https:\/\/semmelweis.hu\/jogigfoig\/files\/2022\/03\/9_melleklet_Munkaterv_2022-I-felev_OSSZESITETT_fin-1.pdf\">A Semmelweis Egyetem\u00a0\u00a0Szen\u00e1tus\u00e1nak 9\/2022. (II.24.) sz\u00e1m\u00fa hat\u00e1rozata a Szen\u00e1tus 2022. I. f\u00e9l\u00e9vi (tavaszi) munkaterv\u00e9r\u0151l &#8211; 1. sz\u00e1m\u00fa mell\u00e9klet<\/a><br \/>\n<a href=\"https:\/\/semmelweis.hu\/jogigfoig\/files\/2022\/03\/10_2022_SzMSz_HKR_Felveteli-Szabalyzat-modositasarol.pdf\">A Semmelweis Egyetem\u00a0Szen\u00e1tus\u00e1nak 10\/2022. (II.24.) sz\u00e1m\u00fa hat\u00e1rozata a Semmelweis Egyetem Szervezeti \u00e9s M\u0171k\u00f6d\u00e9si Szab\u00e1lyzat III. K\u00f6nyv &#8211; Hallgat\u00f3i k\u00f6vetelm\u00e9nyrendszer III.1. R\u00e9sz &#8211; Felv\u00e9teli Szab\u00e1lyzat m\u00f3dos\u00edt\u00e1s\u00e1r\u00f3l<\/a><br \/>\n<a href=\"https:\/\/semmelweis.hu\/jogigfoig\/files\/2022\/03\/10_Melleklet.pdf\">A Semmelweis Egyetem Szen\u00e1tus\u00e1nak 10\/2022. (II.24.) sz\u00e1m\u00fa hat\u00e1rozata a Semmelweis Egyetem Szervezeti \u00e9s M\u0171k\u00f6d\u00e9si Szab\u00e1lyzat III. K\u00f6nyv &#8211; Hallgat\u00f3i k\u00f6vetelm\u00e9nyrendszer III.1. R\u00e9sz &#8211; Felv\u00e9teli Szab\u00e1lyzat m\u00f3dos\u00edt\u00e1s\u00e1r\u00f3l &#8211; 1. sz\u00e1m\u00fa mell\u00e9klet<\/a><br \/>\n<a href=\"https:\/\/semmelweis.hu\/jogigfoig\/files\/2022\/03\/11_a-\u201eTransplant-Today-mint-uj-szabadon-valaszthato-tantargy-bevezeteserol.pdf\">A Semmelweis Egyetem\u00a0Szen\u00e1tus\u00e1nak 11\/2022. (II.24.) sz\u00e1m\u00fa hat\u00e1rozata a \u201eTransplant Today\u201d, mint \u00faj, szabadon v\u00e1laszthat\u00f3 tant\u00e1rgy bevezet\u00e9s\u00e9r\u0151l<\/a><br \/>\n<a href=\"https:\/\/semmelweis.hu\/jogigfoig\/files\/2022\/03\/11_Melleklet_Kovetelmenyrendszer.pdf\">A Semmelweis Egyetem\u00a0Szen\u00e1tus\u00e1nak 11\/2022. (II.24.) sz\u00e1m\u00fa hat\u00e1rozata a \u201eTransplant Today\u201d, mint \u00faj, szabadon v\u00e1laszthat\u00f3 tant\u00e1rgy bevezet\u00e9s\u00e9r\u0151l &#8211; 1. sz\u00e1m\u00fa mell\u00e9klet<\/a><br \/>\n<a href=\"https:\/\/semmelweis.hu\/jogigfoig\/files\/2022\/03\/12_a-Szenatus-altal-letrehozott-az-Egyetem-egeszere-kiterjedo-hataskorrel-rendelkezo-allando-bizottsagok-munkajarol.pdf\">A Semmelweis Egyetem\u00a0Szen\u00e1tus\u00e1nak 12\/2022. (II.24.) sz\u00e1m\u00fa hat\u00e1rozata a Szen\u00e1tus \u00e1ltal l\u00e9trehozott, az Egyetem eg\u00e9sz\u00e9re kiterjed\u0151 hat\u00e1sk\u00f6rrel rendelkez\u0151 \u00e1lland\u00f3 bizotts\u00e1gok munk\u00e1j\u00e1r\u00f3l<\/a><br \/>\n<a href=\"https:\/\/semmelweis.hu\/jogigfoig\/files\/2022\/03\/12_Melleklet_beszamolok.zip\">A Semmelweis Egyetem Szen\u00e1tus\u00e1nak 12\/2022. (II.24.) sz\u00e1m\u00fa hat\u00e1rozata a Szen\u00e1tus \u00e1ltal l\u00e9trehozott, az Egyetem eg\u00e9sz\u00e9re kiterjed\u0151 hat\u00e1sk\u00f6rrel rendelkez\u0151 \u00e1lland\u00f3 bizotts\u00e1gok munk\u00e1j\u00e1r\u00f3l &#8211; 1. sz\u00e1m\u00fa mell\u00e9klet<\/a><br \/>\n<a href=\"https:\/\/semmelweis.hu\/jogigfoig\/files\/2022\/03\/13_az-aktualis-vezetoi-es-oktatoi-kutatoi-palyazatok-velemenyezeserol.pdf\">A Semmelweis Egyetem\u00a0Szen\u00e1tus\u00e1nak 13\/2022. (II.24.) sz\u00e1m\u00fa hat\u00e1rozata az aktu\u00e1lis vezet\u0151i \u00e9s oktat\u00f3i-kutat\u00f3i p\u00e1ly\u00e1zatok v\u00e9lem\u00e9nyez\u00e9s\u00e9r\u0151l<\/a><\/p>\n","protected":false},"author":101467,"featured_media":0,"parent":82992,"menu_order":1,"comment_status":"closed","ping_status":"closed","template":"","meta":{"_acf_changed":false,"footnotes":""},"categories":[],"tags":[],"class_list":["post-83250","page","type-page","status-publish","hentry"],"acf":[],"_links":{"self":[{"href":"https:\/\/semmelweis.hu\/jogigfoig\/wp-json\/wp\/v2\/pages\/83250","targetHints":{"allow":["GET"]}}],"collection":[{"href":"https:\/\/semmelweis.hu\/jogigfoig\/wp-json\/wp\/v2\/pages"}],"about":[{"href":"https:\/\/semmelweis.hu\/jogigfoig\/wp-json\/wp\/v2\/types\/page"}],"author":[{"embeddable":true,"href":"https:\/\/semmelweis.hu\/jogigfoig\/wp-json\/wp\/v2\/users\/101467"}],"replies":[{"embeddable":true,"href":"https:\/\/semmelweis.hu\/jogigfoig\/wp-json\/wp\/v2\/comments?post=83250"}],"version-history":[{"count":1,"href":"https:\/\/semmelweis.hu\/jogigfoig\/wp-json\/wp\/v2\/pages\/83250\/revisions"}],"predecessor-version":[{"id":83262,"href":"https:\/\/semmelweis.hu\/jogigfoig\/wp-json\/wp\/v2\/pages\/83250\/revisions\/83262"}],"up":[{"embeddable":true,"href":"https:\/\/semmelweis.hu\/jogigfoig\/wp-json\/wp\/v2\/pages\/82992"}],"wp:attachment":[{"href":"https:\/\/semmelweis.hu\/jogigfoig\/wp-json\/wp\/v2\/media?parent=83250"}],"wp:term":[{"taxonomy":"category","embeddable":true,"href":"https:\/\/semmelweis.hu\/jogigfoig\/wp-json\/wp\/v2\/categories?post=83250"},{"taxonomy":"post_tag","embeddable":true,"href":"https:\/\/semmelweis.hu\/jogigfoig\/wp-json\/wp\/v2\/tags?post=83250"}],"curies":[{"name":"wp","href":"https:\/\/api.w.org\/{rel}","templated":true}]}}