{"id":82996,"date":"2022-02-02T13:29:19","date_gmt":"2022-02-02T12:29:19","guid":{"rendered":"https:\/\/semmelweis.hu\/jogigfoig\/?page_id=82996"},"modified":"2025-09-29T14:27:06","modified_gmt":"2025-09-29T12:27:06","slug":"2022-januar-27","status":"publish","type":"page","link":"https:\/\/semmelweis.hu\/jogigfoig\/testuletek\/szenatus\/2022-evi-szenatusi-hatarozatok\/2022-januar-27\/","title":{"rendered":"2022. janu\u00e1r 27."},"content":{"rendered":"<p style=\"text-align: justify\"><a href=\"https:\/\/semmelweis.hu\/jogigfoig\/files\/2022\/02\/N_1_2022_hatarozat.pdf\"><span style=\"font-size: 14pt\">A Semmelweis Egyetem\u00a0Szen\u00e1tus\u00e1nak N-1.2022. (I.27.) sz\u00e1m\u00fa hat\u00e1rozata a szen\u00e1tusi \u00fcl\u00e9s napirendj\u00e9r\u0151l<\/span><\/a><\/p>\n<p style=\"text-align: justify\"><a href=\"https:\/\/semmelweis.hu\/jogigfoig\/files\/2022\/02\/1_2022_Jo-Tanulo_Jo-Sportolo.pdf\"><span style=\"font-size: 14pt\">A Semmelweis Egyetem\u00a0Szen\u00e1tus\u00e1nak 1\/2022. (I.27.) sz\u00e1m\u00fa hat\u00e1rozata a\u00a0 \u201eJ\u00f3 tanul\u00f3 \u2013 j\u00f3 sportol\u00f3\u201d kit\u00fcntet\u0151 c\u00edmek oda\u00edt\u00e9l\u00e9s\u00e9r\u0151l<\/span><\/a><\/p>\n<p style=\"text-align: justify\"><a href=\"https:\/\/semmelweis.hu\/jogigfoig\/files\/2022\/02\/2_2022_II.-Patologia-IBOI-osszevonasa.pdf\"><span style=\"font-size: 14pt\">A Semmelweis Egyetem\u00a0Szen\u00e1tus\u00e1nak 2\/2022. (I.27.) sz\u00e1m\u00fa hat\u00e1rozata az Igazs\u00e1g\u00fcgyi \u00e9s Biztos\u00edt\u00e1s-orvostani Int\u00e9zet II. sz. Patol\u00f3giai Int\u00e9zetbe val\u00f3 beolvad\u00e1s\u00e1r\u00f3l \u00e9s ezzel a Patol\u00f3giai, Igazs\u00e1g\u00fcgyi \u00e9s Biztos\u00edt\u00e1si Orvostani Int\u00e9zet l\u00e9trehoz\u00e1s\u00e1r\u00f3l, valamint az I. Sz. Patol\u00f3giai \u00e9s K\u00eds\u00e9rleti R\u00e1kkutat\u00f3 Int\u00e9zet n\u00e9vv\u00e1ltoztat\u00e1s\u00e1r\u00f3l<\/span><\/a><\/p>\n<p style=\"text-align: justify\"><a href=\"https:\/\/semmelweis.hu\/jogigfoig\/files\/2022\/02\/3_2022_FOK-kurrikulumanak-modositasa.pdf\"><span style=\"font-size: 14pt\">A Semmelweis Egyetem\u00a0Szen\u00e1tus\u00e1nak 3\/2022. (I.27.) sz\u00e1m\u00fa hat\u00e1rozata a Fogorvostudom\u00e1nyi Kar kurrikulum\u00e1nak m\u00f3dos\u00edt\u00e1s\u00e1r\u00f3l<\/span><\/a><\/p>\n<p style=\"text-align: justify\"><a href=\"https:\/\/semmelweis.hu\/jogigfoig\/files\/2024\/07\/3_2022_melleklet_Kovetelmeny.pdf\"><span style=\"font-size: 14pt\">A Semmelweis Egyetem Szen\u00e1tus\u00e1nak 3\/2022. (I.27.) <\/span><span style=\"font-size: 14pt\">sz\u00e1m\u00fa<\/span><span style=\"font-size: 14pt\"> hat\u00e1rozata <\/span><span style=\"font-size: 14pt\">a Fogorvostudom\u00e1nyi Kar kurrikulum\u00e1nak m\u00f3dos\u00edt\u00e1s\u00e1r\u00f3l &#8211; 1. sz\u00e1m\u00fa mell\u00e9klet<\/span><\/a><\/p>\n<p style=\"text-align: justify\"><a href=\"https:\/\/semmelweis.hu\/jogigfoig\/files\/2022\/02\/Tantargyi-leirasok_pdf.zip\"><span style=\"font-size: 14pt\">A Semmelweis Egyetem Szen\u00e1tus\u00e1nak 3\/2022. (I.27.) sz\u00e1m\u00fa hat\u00e1rozata a Fogorvostudom\u00e1nyi Kar kurrikulum\u00e1nak m\u00f3dos\u00edt\u00e1s\u00e1r\u00f3l &#8211; 2. sz\u00e1m\u00fa mell\u00e9klet<\/span><\/a><\/p>\n<p style=\"text-align: justify\"><a href=\"https:\/\/semmelweis.hu\/jogigfoig\/files\/2022\/02\/4_2022_Ismerkedes-a-konduktiv-pedagogiaval-c.-szabadon-valaszthato-targy.pdf\"><span style=\"font-size: 14pt\">A Semmelweis Egyetem\u00a0Szen\u00e1tus\u00e1nak 4\/2022. (I.27.) sz\u00e1m\u00fa hat\u00e1rozata az \u201e<em>Ismerked\u00e9s a kondukt\u00edv pedag\u00f3gi\u00e1val<\/em>\u201d c\u00edm\u0171 szabadon v\u00e1laszthat\u00f3 t\u00e1rgy\u00a0Pet\u0151 Andr\u00e1s Karon t\u00f6rt\u00e9n\u0151 bevezet\u00e9s\u00e9r\u0151l<\/span><\/a><\/p>\n<p style=\"text-align: justify\"><a href=\"https:\/\/semmelweis.hu\/jogigfoig\/files\/2022\/02\/4_2022_melleklet_TEMATIKA-az-Ismerkedes-a-konduktiv-pedagogiaval-szabadon_valaszthato_kurzushoz.pdf\"><span style=\"font-size: 14pt\">A Semmelweis Egyetem\u00a0Szen\u00e1tus\u00e1nak 4\/2022. (I.27.) sz\u00e1m\u00fa hat\u00e1rozata az \u201e<em>Ismerked\u00e9s a kondukt\u00edv pedag\u00f3gi\u00e1val<\/em>\u201d c\u00edm\u0171 szabadon v\u00e1laszthat\u00f3 t\u00e1rgy Pet\u0151 Andr\u00e1s Karon t\u00f6rt\u00e9n\u0151 bevezet\u00e9s\u00e9r\u0151l &#8211; 1. sz\u00e1m\u00fa mell\u00e9klet<\/span><\/a><\/p>\n<p style=\"text-align: justify\"><a href=\"https:\/\/semmelweis.hu\/jogigfoig\/files\/2022\/02\/5_2022_Kivalo-Tudomanyos-Diakkori-Nevelo.pdf\"><span style=\"font-size: 14pt\">A Semmelweis Egyetem\u00a0Szen\u00e1tus\u00e1nak 5\/2022. (I.27.) sz\u00e1m\u00fa hat\u00e1rozata a \u201eSemmelweis Egyetem Kiv\u00e1l\u00f3 Tudom\u00e1nyos Di\u00e1kk\u00f6ri Nevel\u0151je\u201d kit\u00fcntet\u0151 c\u00edm\u00a0 adom\u00e1nyoz\u00e1s\u00e1r\u00f3l<\/span><\/a><\/p>\n<p style=\"text-align: justify\"><a href=\"https:\/\/semmelweis.hu\/jogigfoig\/files\/2022\/02\/6_2022_SzMSz-modositas.pdf\"><span style=\"font-size: 14pt\">A Semmelweis Egyetem\u00a0Szen\u00e1tus\u00e1nak 6\/2022. (I.27.) sz\u00e1m\u00fa hat\u00e1rozata a Szervezeti \u00e9s M\u0171k\u00f6d\u00e9si Szab\u00e1lyzat I. K\u00f6nyv\u00e9nek \u00e9s a II. K\u00f6nyv Foglalkoztat\u00e1si K\u00f6vetelm\u00e9nyrendszer I.10. R\u00e9sz\u00e9nek elfogad\u00e1s\u00e1r\u00f3l<\/span><\/a><\/p>\n<p style=\"text-align: justify\"><a href=\"https:\/\/semmelweis.hu\/jogigfoig\/files\/2022\/02\/6_2022_1.-sz.-melleklet_pdf.zip\"><span style=\"font-size: 14pt\">A Semmelweis Egyetem Szen\u00e1tus\u00e1nak 6\/2022. (I.27.) sz\u00e1m\u00fa hat\u00e1rozata a Szervezeti \u00e9s M\u0171k\u00f6d\u00e9si Szab\u00e1lyzat I. K\u00f6nyv\u00e9nek \u00e9s a II. K\u00f6nyv Foglalkoztat\u00e1si K\u00f6vetelm\u00e9nyrendszer I.10. R\u00e9sz\u00e9nek elfogad\u00e1s\u00e1r\u00f3l &#8211; 1. sz\u00e1m\u00fa mell\u00e9klet<\/span><\/a><\/p>\n<p style=\"text-align: justify\"><a href=\"https:\/\/semmelweis.hu\/jogigfoig\/files\/2022\/02\/6_2022_2.-melleklet-SZMSZ_FKR_II_KONYV_II_10_RESZ_Atmeneti-rendelkezesek_-az-utasitas-kiadasaig.pdf\"><span style=\"font-size: 14pt\">A Semmelweis Egyetem\u00a0Szen\u00e1tus\u00e1nak 6\/2022. (I.27.) sz\u00e1m\u00fa hat\u00e1rozata a Szervezeti \u00e9s M\u0171k\u00f6d\u00e9si Szab\u00e1lyzat I. K\u00f6nyv\u00e9nek \u00e9s a II. K\u00f6nyv Foglalkoztat\u00e1si K\u00f6vetelm\u00e9nyrendszer I.10. R\u00e9sz\u00e9nek elfogad\u00e1s\u00e1r\u00f3l &#8211; 2. sz\u00e1m\u00fa mell\u00e9klet<\/span><\/a><\/p>\n<p style=\"text-align: justify\"><a href=\"https:\/\/semmelweis.hu\/jogigfoig\/files\/2022\/02\/6_2022_3.-melleklet-SZMSZ_FKR_II_KONYV_II_10_RESZ_Atmeneti-rendelkezesek_-az-utasitas-kiadasat-kovetoen.pdf\"><span style=\"font-size: 14pt\">A Semmelweis Egyetem\u00a0Szen\u00e1tus\u00e1nak 6\/2022. (I.27.) sz\u00e1m\u00fa hat\u00e1rozata a Szervezeti \u00e9s M\u0171k\u00f6d\u00e9si Szab\u00e1lyzat I. K\u00f6nyv\u00e9nek \u00e9s a II. K\u00f6nyv Foglalkoztat\u00e1si K\u00f6vetelm\u00e9nyrendszer I.10. R\u00e9sz\u00e9nek elfogad\u00e1s\u00e1r\u00f3l &#8211; 3. sz\u00e1m\u00fa mell\u00e9klet<\/span><\/a><\/p>\n<p style=\"text-align: justify\"><a href=\"https:\/\/semmelweis.hu\/jogigfoig\/files\/2022\/02\/7_2022_humaneroforras-megtartasi-es-fejlesztesi-koncepcio.pdf\"><span style=\"font-size: 14pt\">A Semmelweis Egyetem\u00a0Szen\u00e1tus\u00e1nak 7\/2022. (I.27.) sz\u00e1m\u00fa hat\u00e1rozata a hum\u00e1ner\u0151forr\u00e1s-megtart\u00e1si \u00e9s -fejleszt\u00e9si koncepci\u00f3 v\u00e9grehajt\u00e1s\u00e1nak folytat\u00e1s\u00e1r\u00f3l<\/span><\/a><\/p>\n<p style=\"text-align: justify\"><a href=\"https:\/\/semmelweis.hu\/jogigfoig\/files\/2022\/02\/8_2022_aktualis-vezetoi-palyazat.pdf\"><span style=\"font-size: 14pt\">A Semmelweis Egyetem\u00a0Szen\u00e1tus\u00e1nak 8\/2022. (I.27.) sz\u00e1m\u00fa hat\u00e1rozata aktu\u00e1lis vezet\u0151i p\u00e1ly\u00e1zat v\u00e9lem\u00e9nyez\u00e9s\u00e9r\u0151l<\/span><\/a><\/p>\n","protected":false},"excerpt":{"rendered":"<p><a href=\"https:\/\/semmelweis.hu\/jogigfoig\/files\/2022\/02\/N_1_2022_hatarozat.pdf\">A Semmelweis Egyetem\u00a0Szen\u00e1tus\u00e1nak N-1.2022. (I.27.) sz\u00e1m\u00fa hat\u00e1rozata a szen\u00e1tusi \u00fcl\u00e9s napirendj\u00e9r\u0151l<\/a><br \/>\n<a href=\"https:\/\/semmelweis.hu\/jogigfoig\/files\/2022\/02\/1_2022_Jo-Tanulo_Jo-Sportolo.pdf\">A Semmelweis Egyetem\u00a0Szen\u00e1tus\u00e1nak 1\/2022. (I.27.) sz\u00e1m\u00fa hat\u00e1rozata a\u00a0 \u201eJ\u00f3 tanul\u00f3 \u2013 j\u00f3 sportol\u00f3\u201d kit\u00fcntet\u0151 c\u00edmek oda\u00edt\u00e9l\u00e9s\u00e9r\u0151l<\/a><br \/>\n<a href=\"https:\/\/semmelweis.hu\/jogigfoig\/files\/2022\/02\/2_2022_II.-Patologia-IBOI-osszevonasa.pdf\">A Semmelweis Egyetem\u00a0Szen\u00e1tus\u00e1nak 2\/2022. (I.27.) sz\u00e1m\u00fa hat\u00e1rozata az Igazs\u00e1g\u00fcgyi \u00e9s Biztos\u00edt\u00e1s-orvostani Int\u00e9zet II. sz. Patol\u00f3giai Int\u00e9zetbe val\u00f3 beolvad\u00e1s\u00e1r\u00f3l \u00e9s ezzel a Patol\u00f3giai, Igazs\u00e1g\u00fcgyi \u00e9s Biztos\u00edt\u00e1si Orvostani Int\u00e9zet l\u00e9trehoz\u00e1s\u00e1r\u00f3l, valamint az I. Sz. Patol\u00f3giai \u00e9s K\u00eds\u00e9rleti R\u00e1kkutat\u00f3 Int\u00e9zet n\u00e9vv\u00e1ltoztat\u00e1s\u00e1r\u00f3l<\/a><br \/>\n<a href=\"https:\/\/semmelweis.hu\/jogigfoig\/files\/2022\/02\/3_2022_FOK-kurrikulumanak-modositasa.pdf\">A Semmelweis Egyetem\u00a0Szen\u00e1tus\u00e1nak 3\/2022. (I.27.) sz\u00e1m\u00fa hat\u00e1rozata a Fogorvostudom\u00e1nyi Kar kurrikulum\u00e1nak m\u00f3dos\u00edt\u00e1s\u00e1r\u00f3l<\/a><br \/>\n<a href=\"https:\/\/semmelweis.hu\/jogigfoig\/files\/2024\/07\/3_2022_melleklet_Kovetelmeny.pdf\">A Semmelweis Egyetem Szen\u00e1tus\u00e1nak 3\/2022. (I.27.) sz\u00e1m\u00fa hat\u00e1rozata a Fogorvostudom\u00e1nyi Kar kurrikulum\u00e1nak m\u00f3dos\u00edt\u00e1s\u00e1r\u00f3l &#8211; 1. sz\u00e1m\u00fa mell\u00e9klet<\/a><br \/>\n<a href=\"https:\/\/semmelweis.hu\/jogigfoig\/files\/2022\/02\/Tantargyi-leirasok_pdf.zip\">A Semmelweis Egyetem Szen\u00e1tus\u00e1nak 3\/2022. (I.27.) sz\u00e1m\u00fa hat\u00e1rozata a Fogorvostudom\u00e1nyi Kar kurrikulum\u00e1nak m\u00f3dos\u00edt\u00e1s\u00e1r\u00f3l &#8211; 2. sz\u00e1m\u00fa mell\u00e9klet<\/a><br \/>\n<a href=\"https:\/\/semmelweis.hu\/jogigfoig\/files\/2022\/02\/4_2022_Ismerkedes-a-konduktiv-pedagogiaval-c.-szabadon-valaszthato-targy.pdf\">A Semmelweis Egyetem\u00a0Szen\u00e1tus\u00e1nak 4\/2022. (I.27.) sz\u00e1m\u00fa hat\u00e1rozata az \u201eIsmerked\u00e9s a kondukt\u00edv pedag\u00f3gi\u00e1val\u201d c\u00edm\u0171 szabadon v\u00e1laszthat\u00f3 t\u00e1rgy\u00a0Pet\u0151 Andr\u00e1s Karon t\u00f6rt\u00e9n\u0151 bevezet\u00e9s\u00e9r\u0151l<\/a><br \/>\n<a href=\"https:\/\/semmelweis.hu\/jogigfoig\/files\/2022\/02\/4_2022_melleklet_TEMATIKA-az-Ismerkedes-a-konduktiv-pedagogiaval-szabadon_valaszthato_kurzushoz.pdf\">A Semmelweis Egyetem\u00a0Szen\u00e1tus\u00e1nak 4\/2022. (I.27.) sz\u00e1m\u00fa hat\u00e1rozata az \u201eIsmerked\u00e9s a kondukt\u00edv pedag\u00f3gi\u00e1val\u201d c\u00edm\u0171 szabadon v\u00e1laszthat\u00f3 t\u00e1rgy Pet\u0151 Andr\u00e1s Karon t\u00f6rt\u00e9n\u0151 bevezet\u00e9s\u00e9r\u0151l &#8211; 1. sz\u00e1m\u00fa mell\u00e9klet<\/a><br \/>\n<a href=\"https:\/\/semmelweis.hu\/jogigfoig\/files\/2022\/02\/5_2022_Kivalo-Tudomanyos-Diakkori-Nevelo.pdf\">A Semmelweis Egyetem\u00a0Szen\u00e1tus\u00e1nak 5\/2022. (I.27.) sz\u00e1m\u00fa hat\u00e1rozata a \u201eSemmelweis Egyetem Kiv\u00e1l\u00f3 Tudom\u00e1nyos Di\u00e1kk\u00f6ri Nevel\u0151je\u201d kit\u00fcntet\u0151 c\u00edm\u00a0 adom\u00e1nyoz\u00e1s\u00e1r\u00f3l<\/a><br \/>\n<a href=\"https:\/\/semmelweis.hu\/jogigfoig\/files\/2022\/02\/6_2022_SzMSz-modositas.pdf\">A Semmelweis Egyetem\u00a0Szen\u00e1tus\u00e1nak 6\/2022. (I.27.) sz\u00e1m\u00fa hat\u00e1rozata a Szervezeti \u00e9s M\u0171k\u00f6d\u00e9si Szab\u00e1lyzat I. K\u00f6nyv\u00e9nek \u00e9s a II. K\u00f6nyv Foglalkoztat\u00e1si K\u00f6vetelm\u00e9nyrendszer I.10. R\u00e9sz\u00e9nek elfogad\u00e1s\u00e1r\u00f3l<\/a><br \/>\n<a href=\"https:\/\/semmelweis.hu\/jogigfoig\/files\/2022\/02\/6_2022_1.-sz.-melleklet_pdf.zip\">A Semmelweis Egyetem Szen\u00e1tus\u00e1nak 6\/2022. (I.27.) sz\u00e1m\u00fa hat\u00e1rozata a Szervezeti \u00e9s M\u0171k\u00f6d\u00e9si Szab\u00e1lyzat I. K\u00f6nyv\u00e9nek \u00e9s a II. K\u00f6nyv Foglalkoztat\u00e1si K\u00f6vetelm\u00e9nyrendszer I.10. R\u00e9sz\u00e9nek elfogad\u00e1s\u00e1r\u00f3l &#8211; 1. sz\u00e1m\u00fa mell\u00e9klet<\/a><br \/>\n<a href=\"https:\/\/semmelweis.hu\/jogigfoig\/files\/2022\/02\/6_2022_2.-melleklet-SZMSZ_FKR_II_KONYV_II_10_RESZ_Atmeneti-rendelkezesek_-az-utasitas-kiadasaig.pdf\">A Semmelweis Egyetem\u00a0Szen\u00e1tus\u00e1nak 6\/2022. (I.27.) sz\u00e1m\u00fa hat\u00e1rozata a Szervezeti \u00e9s M\u0171k\u00f6d\u00e9si Szab\u00e1lyzat I. K\u00f6nyv\u00e9nek \u00e9s a II. K\u00f6nyv Foglalkoztat\u00e1si K\u00f6vetelm\u00e9nyrendszer I.10. R\u00e9sz\u00e9nek elfogad\u00e1s\u00e1r\u00f3l &#8211; 2. sz\u00e1m\u00fa mell\u00e9klet<\/a><br \/>\n<a href=\"https:\/\/semmelweis.hu\/jogigfoig\/files\/2022\/02\/6_2022_3.-melleklet-SZMSZ_FKR_II_KONYV_II_10_RESZ_Atmeneti-rendelkezesek_-az-utasitas-kiadasat-kovetoen.pdf\">A Semmelweis Egyetem\u00a0Szen\u00e1tus\u00e1nak 6\/2022. (I.27.) sz\u00e1m\u00fa hat\u00e1rozata a Szervezeti \u00e9s M\u0171k\u00f6d\u00e9si Szab\u00e1lyzat I. K\u00f6nyv\u00e9nek \u00e9s a II. K\u00f6nyv Foglalkoztat\u00e1si K\u00f6vetelm\u00e9nyrendszer I.10. R\u00e9sz\u00e9nek elfogad\u00e1s\u00e1r\u00f3l &#8211; 3. sz\u00e1m\u00fa mell\u00e9klet<\/a><br \/>\n<a href=\"https:\/\/semmelweis.hu\/jogigfoig\/files\/2022\/02\/7_2022_humaneroforras-megtartasi-es-fejlesztesi-koncepcio.pdf\">A Semmelweis Egyetem\u00a0Szen\u00e1tus\u00e1nak 7\/2022. (I.27.) sz\u00e1m\u00fa hat\u00e1rozata a hum\u00e1ner\u0151forr\u00e1s-megtart\u00e1si \u00e9s -fejleszt\u00e9si koncepci\u00f3 v\u00e9grehajt\u00e1s\u00e1nak folytat\u00e1s\u00e1r\u00f3l<\/a><br \/>\n<a href=\"https:\/\/semmelweis.hu\/jogigfoig\/files\/2022\/02\/8_2022_aktualis-vezetoi-palyazat.pdf\">A Semmelweis Egyetem\u00a0Szen\u00e1tus\u00e1nak 8\/2022. (I.27.) sz\u00e1m\u00fa hat\u00e1rozata aktu\u00e1lis vezet\u0151i p\u00e1ly\u00e1zat v\u00e9lem\u00e9nyez\u00e9s\u00e9r\u0151l<\/a><\/p>\n","protected":false},"author":101467,"featured_media":0,"parent":82992,"menu_order":88,"comment_status":"closed","ping_status":"closed","template":"","meta":{"_acf_changed":false,"footnotes":""},"categories":[],"tags":[],"class_list":["post-82996","page","type-page","status-publish","hentry"],"acf":[],"_links":{"self":[{"href":"https:\/\/semmelweis.hu\/jogigfoig\/wp-json\/wp\/v2\/pages\/82996","targetHints":{"allow":["GET"]}}],"collection":[{"href":"https:\/\/semmelweis.hu\/jogigfoig\/wp-json\/wp\/v2\/pages"}],"about":[{"href":"https:\/\/semmelweis.hu\/jogigfoig\/wp-json\/wp\/v2\/types\/page"}],"author":[{"embeddable":true,"href":"https:\/\/semmelweis.hu\/jogigfoig\/wp-json\/wp\/v2\/users\/101467"}],"replies":[{"embeddable":true,"href":"https:\/\/semmelweis.hu\/jogigfoig\/wp-json\/wp\/v2\/comments?post=82996"}],"version-history":[{"count":4,"href":"https:\/\/semmelweis.hu\/jogigfoig\/wp-json\/wp\/v2\/pages\/82996\/revisions"}],"predecessor-version":[{"id":91052,"href":"https:\/\/semmelweis.hu\/jogigfoig\/wp-json\/wp\/v2\/pages\/82996\/revisions\/91052"}],"up":[{"embeddable":true,"href":"https:\/\/semmelweis.hu\/jogigfoig\/wp-json\/wp\/v2\/pages\/82992"}],"wp:attachment":[{"href":"https:\/\/semmelweis.hu\/jogigfoig\/wp-json\/wp\/v2\/media?parent=82996"}],"wp:term":[{"taxonomy":"category","embeddable":true,"href":"https:\/\/semmelweis.hu\/jogigfoig\/wp-json\/wp\/v2\/categories?post=82996"},{"taxonomy":"post_tag","embeddable":true,"href":"https:\/\/semmelweis.hu\/jogigfoig\/wp-json\/wp\/v2\/tags?post=82996"}],"curies":[{"name":"wp","href":"https:\/\/api.w.org\/{rel}","templated":true}]}}