{"id":82992,"date":"2022-02-02T12:56:22","date_gmt":"2022-02-02T11:56:22","guid":{"rendered":"https:\/\/semmelweis.hu\/jogigfoig\/?page_id=82992"},"modified":"2025-09-29T14:28:15","modified_gmt":"2025-09-29T12:28:15","slug":"2022-evi-szenatusi-hatarozatok","status":"publish","type":"page","link":"https:\/\/semmelweis.hu\/jogigfoig\/testuletek\/szenatus\/2022-evi-szenatusi-hatarozatok\/","title":{"rendered":"2022. \u00e9vi Szen\u00e1tusi hat\u00e1rozatok"},"content":{"rendered":"<ul>\n<li><a href=\"https:\/\/semmelweis.hu\/jogigfoig\/testuletek\/szenatus\/2022-evi-szenatusi-hatarozatok\/2022-januar-27\/\">2022. janu\u00e1r 27.<\/a><\/li>\n<li><a href=\"https:\/\/semmelweis.hu\/jogigfoig\/testuletek\/szenatus\/2022-evi-szenatusi-hatarozatok\/2022-februar-24\/\">2022. febru\u00e1r 24.<\/a><\/li>\n<li><a href=\"https:\/\/semmelweis.hu\/jogigfoig\/testuletek\/szenatus\/2022-evi-szenatusi-hatarozatok\/2022-marcius-28\/\">2022. m\u00e1rcius 28.<\/a><\/li>\n<li><a href=\"https:\/\/semmelweis.hu\/jogigfoig\/testuletek\/szenatus\/2022-evi-szenatusi-hatarozatok\/2022-aprilis-25\/\">2022. \u00e1prilis 25.<\/a><\/li>\n<li><a href=\"https:\/\/semmelweis.hu\/jogigfoig\/testuletek\/szenatus\/2022-evi-szenatusi-hatarozatok\/2022-majus-13\/\">2022. m\u00e1jus 13.<\/a><\/li>\n<li><a href=\"https:\/\/semmelweis.hu\/jogigfoig\/testuletek\/szenatus\/2022-evi-szenatusi-hatarozatok\/2022-majus-26\/\">2022. m\u00e1jus 26.<\/a><\/li>\n<li><a href=\"https:\/\/semmelweis.hu\/jogigfoig\/testuletek\/szenatus\/2022-evi-szenatusi-hatarozatok\/2022-junius-9\/\">2022. j\u00fanius 9.<\/a><\/li>\n<li><a href=\"https:\/\/semmelweis.hu\/jogigfoig\/testuletek\/szenatus\/2022-evi-szenatusi-hatarozatok\/2022-junius-23\/\">2022. j\u00fanius 23.<\/a><\/li>\n<li><a href=\"https:\/\/semmelweis.hu\/jogigfoig\/testuletek\/szenatus\/2022-evi-szenatusi-hatarozatok\/2022-julius-28\/\">2022. j\u00falius 28.<\/a><\/li>\n<li><a href=\"https:\/\/semmelweis.hu\/jogigfoig\/testuletek\/szenatus\/2022-evi-szenatusi-hatarozatok\/2022-szeptember-2\/\">2022. szeptember 2.<\/a><\/li>\n<li><a href=\"https:\/\/semmelweis.hu\/jogigfoig\/testuletek\/szenatus\/2022-evi-szenatusi-hatarozatok\/2022-szeptember-26\/\">2022. szeptember 26.<\/a><\/li>\n<li><a href=\"https:\/\/semmelweis.hu\/jogigfoig\/testuletek\/szenatus\/2022-evi-szenatusi-hatarozatok\/2022-oktober-24\/\">2022. okt\u00f3ber 24.<\/a><\/li>\n<li><a href=\"https:\/\/semmelweis.hu\/jogigfoig\/testuletek\/szenatus\/2022-evi-szenatusi-hatarozatok\/2022-november-2\/\">2022. november 2.<\/a><\/li>\n<li><a href=\"https:\/\/semmelweis.hu\/jogigfoig\/testuletek\/szenatus\/2022-evi-szenatusi-hatarozatok\/2022-november-24\/\">2022. november 24.<\/a><\/li>\n<li><a href=\"https:\/\/semmelweis.hu\/jogigfoig\/testuletek\/szenatus\/2022-evi-szenatusi-hatarozatok\/2022-december-19\/\">2022. december 19.<\/a><\/li>\n<\/ul>\n","protected":false},"excerpt":{"rendered":"<p><a href=\"https:\/\/semmelweis.hu\/jogigfoig\/testuletek\/szenatus\/2022-evi-szenatusi-hatarozatok\/2022-januar-27\/\">2022. janu\u00e1r 27.<\/a><br \/>\n<a href=\"https:\/\/semmelweis.hu\/jogigfoig\/testuletek\/szenatus\/2022-evi-szenatusi-hatarozatok\/2022-februar-24\/\">2022. febru\u00e1r 24.<\/a><br \/>\n<a href=\"https:\/\/semmelweis.hu\/jogigfoig\/testuletek\/szenatus\/2022-evi-szenatusi-hatarozatok\/2022-marcius-28\/\">2022. m\u00e1rcius 28.<\/a><br \/>\n<a href=\"https:\/\/semmelweis.hu\/jogigfoig\/testuletek\/szenatus\/2022-evi-szenatusi-hatarozatok\/2022-aprilis-25\/\">2022. \u00e1prilis 25.<\/a><br \/>\n<a href=\"https:\/\/semmelweis.hu\/jogigfoig\/testuletek\/szenatus\/2022-evi-szenatusi-hatarozatok\/2022-majus-13\/\">2022. m\u00e1jus 13.<\/a><br \/>\n<a href=\"https:\/\/semmelweis.hu\/jogigfoig\/testuletek\/szenatus\/2022-evi-szenatusi-hatarozatok\/2022-majus-26\/\">2022. m\u00e1jus 26.<\/a><br \/>\n<a href=\"https:\/\/semmelweis.hu\/jogigfoig\/testuletek\/szenatus\/2022-evi-szenatusi-hatarozatok\/2022-junius-9\/\">2022. j\u00fanius 9.<\/a><br \/>\n<a href=\"https:\/\/semmelweis.hu\/jogigfoig\/testuletek\/szenatus\/2022-evi-szenatusi-hatarozatok\/2022-junius-23\/\">2022. j\u00fanius 23.<\/a><br \/>\n<a href=\"https:\/\/semmelweis.hu\/jogigfoig\/testuletek\/szenatus\/2022-evi-szenatusi-hatarozatok\/2022-julius-28\/\">2022. j\u00falius 28.<\/a><br \/>\n<a href=\"https:\/\/semmelweis.hu\/jogigfoig\/testuletek\/szenatus\/2022-evi-szenatusi-hatarozatok\/2022-szeptember-2\/\">2022. szeptember 2.<\/a><br \/>\n<a href=\"https:\/\/semmelweis.hu\/jogigfoig\/testuletek\/szenatus\/2022-evi-szenatusi-hatarozatok\/2022-szeptember-26\/\">2022. szeptember 26.<\/a><br \/>\n<a href=\"https:\/\/semmelweis.hu\/jogigfoig\/testuletek\/szenatus\/2022-evi-szenatusi-hatarozatok\/2022-oktober-24\/\">2022. okt\u00f3ber 24.<\/a><br \/>\n<a href=\"https:\/\/semmelweis.hu\/jogigfoig\/testuletek\/szenatus\/2022-evi-szenatusi-hatarozatok\/2022-november-2\/\">2022. november 2.<\/a><br \/>\n<a href=\"https:\/\/semmelweis.hu\/jogigfoig\/testuletek\/szenatus\/2022-evi-szenatusi-hatarozatok\/2022-november-24\/\">2022. november 24.<\/a><br \/>\n<a href=\"https:\/\/semmelweis.hu\/jogigfoig\/testuletek\/szenatus\/2022-evi-szenatusi-hatarozatok\/2022-december-19\/\">2022. december 19.<\/a><\/p>\n","protected":false},"author":101467,"featured_media":0,"parent":43,"menu_order":88,"comment_status":"closed","ping_status":"closed","template":"","meta":{"_acf_changed":false,"footnotes":""},"categories":[],"tags":[],"class_list":["post-82992","page","type-page","status-publish","hentry"],"acf":[],"_links":{"self":[{"href":"https:\/\/semmelweis.hu\/jogigfoig\/wp-json\/wp\/v2\/pages\/82992","targetHints":{"allow":["GET"]}}],"collection":[{"href":"https:\/\/semmelweis.hu\/jogigfoig\/wp-json\/wp\/v2\/pages"}],"about":[{"href":"https:\/\/semmelweis.hu\/jogigfoig\/wp-json\/wp\/v2\/types\/page"}],"author":[{"embeddable":true,"href":"https:\/\/semmelweis.hu\/jogigfoig\/wp-json\/wp\/v2\/users\/101467"}],"replies":[{"embeddable":true,"href":"https:\/\/semmelweis.hu\/jogigfoig\/wp-json\/wp\/v2\/comments?post=82992"}],"version-history":[{"count":10,"href":"https:\/\/semmelweis.hu\/jogigfoig\/wp-json\/wp\/v2\/pages\/82992\/revisions"}],"predecessor-version":[{"id":85997,"href":"https:\/\/semmelweis.hu\/jogigfoig\/wp-json\/wp\/v2\/pages\/82992\/revisions\/85997"}],"up":[{"embeddable":true,"href":"https:\/\/semmelweis.hu\/jogigfoig\/wp-json\/wp\/v2\/pages\/43"}],"wp:attachment":[{"href":"https:\/\/semmelweis.hu\/jogigfoig\/wp-json\/wp\/v2\/media?parent=82992"}],"wp:term":[{"taxonomy":"category","embeddable":true,"href":"https:\/\/semmelweis.hu\/jogigfoig\/wp-json\/wp\/v2\/categories?post=82992"},{"taxonomy":"post_tag","embeddable":true,"href":"https:\/\/semmelweis.hu\/jogigfoig\/wp-json\/wp\/v2\/tags?post=82992"}],"curies":[{"name":"wp","href":"https:\/\/api.w.org\/{rel}","templated":true}]}}