{"id":8283,"date":"2017-06-16T09:53:48","date_gmt":"2017-06-16T07:53:48","guid":{"rendered":"http:\/\/semmelweis.hu\/jogigfoig\/?page_id=8283"},"modified":"2020-02-11T11:04:24","modified_gmt":"2020-02-11T10:04:24","slug":"2017-junius-15","status":"publish","type":"page","link":"https:\/\/semmelweis.hu\/jogigfoig\/testuletek\/szenatus\/2017-evi-szenatusi-hatarozatok\/2017-junius-15\/","title":{"rendered":"2017. j\u00fanius 15. (elektronikus szavaz\u00e1s)"},"content":{"rendered":"<ul>\n<li style=\"text-align: justify\"><a href=\"https:\/\/semmelweis.hu\/jogigfoig\/files\/2017\/06\/69_VI_15_2017_felveteli_szabalyzat_mod.pdf\">69\/2017. (VI.15.) sz\u00e1m\u00fa hat\u00e1rozata az SZMSZ III. r\u00e9sz I. fejezet a felv\u00e9teli elj\u00e1r\u00e1sr\u00f3l sz\u00f3l\u00f3 szab\u00e1lyzat m\u00f3dos\u00edt\u00e1s\u00e1r\u00f3l<\/a><\/li>\n<li style=\"text-align: justify\"><a href=\"https:\/\/semmelweis.hu\/jogigfoig\/files\/2017\/06\/Kozzetetel_69_VI_15_2017_sz_hatarozat.pdf\">K\u00f6zz\u00e9t\u00e9tel &#8222;az SZMSZ III. r\u00e9sz I. fejezet a felv\u00e9teli elj\u00e1r\u00e1sr\u00f3l sz\u00f3l\u00f3 szab\u00e1lyzat m\u00f3dos\u00edt\u00e1s\u00e1r\u00f3l&#8221;<\/a><\/li>\n<\/ul>\n","protected":false},"excerpt":{"rendered":"<p><a href=\"https:\/\/semmelweis.hu\/jogigfoig\/files\/2017\/06\/69_VI_15_2017_felveteli_szabalyzat_mod.pdf\">69\/2017. (VI.15.) sz\u00e1m\u00fa hat\u00e1rozata az SZMSZ III. r\u00e9sz I. fejezet a felv\u00e9teli elj\u00e1r\u00e1sr\u00f3l sz\u00f3l\u00f3 szab\u00e1lyzat m\u00f3dos\u00edt\u00e1s\u00e1r\u00f3l<\/a><br \/>\n<a href=\"https:\/\/semmelweis.hu\/jogigfoig\/files\/2017\/06\/Kozzetetel_69_VI_15_2017_sz_hatarozat.pdf\">K\u00f6zz\u00e9t\u00e9tel &#8222;az SZMSZ III. r\u00e9sz I. fejezet a felv\u00e9teli elj\u00e1r\u00e1sr\u00f3l sz\u00f3l\u00f3 szab\u00e1lyzat m\u00f3dos\u00edt\u00e1s\u00e1r\u00f3l&#8221;<\/a><\/p>\n","protected":false},"author":101117,"featured_media":0,"parent":7832,"menu_order":7,"comment_status":"closed","ping_status":"closed","template":"","meta":{"_acf_changed":false,"footnotes":""},"categories":[],"tags":[],"class_list":["post-8283","page","type-page","status-publish","hentry"],"acf":[],"_links":{"self":[{"href":"https:\/\/semmelweis.hu\/jogigfoig\/wp-json\/wp\/v2\/pages\/8283","targetHints":{"allow":["GET"]}}],"collection":[{"href":"https:\/\/semmelweis.hu\/jogigfoig\/wp-json\/wp\/v2\/pages"}],"about":[{"href":"https:\/\/semmelweis.hu\/jogigfoig\/wp-json\/wp\/v2\/types\/page"}],"author":[{"embeddable":true,"href":"https:\/\/semmelweis.hu\/jogigfoig\/wp-json\/wp\/v2\/users\/101117"}],"replies":[{"embeddable":true,"href":"https:\/\/semmelweis.hu\/jogigfoig\/wp-json\/wp\/v2\/comments?post=8283"}],"version-history":[{"count":5,"href":"https:\/\/semmelweis.hu\/jogigfoig\/wp-json\/wp\/v2\/pages\/8283\/revisions"}],"predecessor-version":[{"id":8292,"href":"https:\/\/semmelweis.hu\/jogigfoig\/wp-json\/wp\/v2\/pages\/8283\/revisions\/8292"}],"up":[{"embeddable":true,"href":"https:\/\/semmelweis.hu\/jogigfoig\/wp-json\/wp\/v2\/pages\/7832"}],"wp:attachment":[{"href":"https:\/\/semmelweis.hu\/jogigfoig\/wp-json\/wp\/v2\/media?parent=8283"}],"wp:term":[{"taxonomy":"category","embeddable":true,"href":"https:\/\/semmelweis.hu\/jogigfoig\/wp-json\/wp\/v2\/categories?post=8283"},{"taxonomy":"post_tag","embeddable":true,"href":"https:\/\/semmelweis.hu\/jogigfoig\/wp-json\/wp\/v2\/tags?post=8283"}],"curies":[{"name":"wp","href":"https:\/\/api.w.org\/{rel}","templated":true}]}}