{"id":82668,"date":"2021-12-09T08:51:30","date_gmt":"2021-12-09T07:51:30","guid":{"rendered":"https:\/\/semmelweis.hu\/jogigfoig\/?page_id=82668"},"modified":"2022-11-21T14:41:23","modified_gmt":"2022-11-21T13:41:23","slug":"2021-december-6","status":"publish","type":"page","link":"https:\/\/semmelweis.hu\/jogigfoig\/testuletek\/szenatus\/2021-evi-szenatusi-hatarozatok\/2021-december-6\/","title":{"rendered":"2021. december 6."},"content":{"rendered":"<p style=\"text-align: justify\"><a href=\"https:\/\/semmelweis.hu\/jogigfoig\/files\/2021\/12\/138_2021_az-ETK-an-folyo-kiterjesztett-hataskoru-apolo-mesterkepzesi-szak-perioperativ-szakapolo-es-intenziv-szakapolo-specializacioinak-bevezeteserol.pdf\">A Semmelweis Egyetem\u00a0Szen\u00e1tus\u00e1nak 138\/2021. (XII.07.) sz\u00e1m\u00fa hat\u00e1rozata az Eg\u00e9szs\u00e9gtudom\u00e1nyi Karon foly\u00f3 kiterjesztett hat\u00e1sk\u00f6r\u0171 \u00e1pol\u00f3 mesterk\u00e9pz\u00e9si szak perioperat\u00edv szak\u00e1pol\u00f3 \u00e9s intenz\u00edv szak\u00e1pol\u00f3 specializ\u00e1ci\u00f3inak bevezet\u00e9s\u00e9r\u0151l<\/a><\/p>\n","protected":false},"excerpt":{"rendered":"<p><a href=\"https:\/\/semmelweis.hu\/jogigfoig\/files\/2021\/12\/138_2021_az-ETK-an-folyo-kiterjesztett-hataskoru-apolo-mesterkepzesi-szak-perioperativ-szakapolo-es-intenziv-szakapolo-specializacioinak-bevezeteserol.pdf\">A Semmelweis Egyetem\u00a0Szen\u00e1tus\u00e1nak 138\/2021. (XII.07.) sz\u00e1m\u00fa hat\u00e1rozata az Eg\u00e9szs\u00e9gtudom\u00e1nyi Karon foly\u00f3 kiterjesztett hat\u00e1sk\u00f6r\u0171 \u00e1pol\u00f3 mesterk\u00e9pz\u00e9si szak perioperat\u00edv szak\u00e1pol\u00f3 \u00e9s intenz\u00edv szak\u00e1pol\u00f3 specializ\u00e1ci\u00f3inak bevezet\u00e9s\u00e9r\u0151l<\/a><\/p>\n","protected":false},"author":101467,"featured_media":0,"parent":79349,"menu_order":14,"comment_status":"closed","ping_status":"closed","template":"","meta":{"_acf_changed":false,"footnotes":""},"categories":[],"tags":[],"class_list":["post-82668","page","type-page","status-publish","hentry"],"acf":[],"_links":{"self":[{"href":"https:\/\/semmelweis.hu\/jogigfoig\/wp-json\/wp\/v2\/pages\/82668","targetHints":{"allow":["GET"]}}],"collection":[{"href":"https:\/\/semmelweis.hu\/jogigfoig\/wp-json\/wp\/v2\/pages"}],"about":[{"href":"https:\/\/semmelweis.hu\/jogigfoig\/wp-json\/wp\/v2\/types\/page"}],"author":[{"embeddable":true,"href":"https:\/\/semmelweis.hu\/jogigfoig\/wp-json\/wp\/v2\/users\/101467"}],"replies":[{"embeddable":true,"href":"https:\/\/semmelweis.hu\/jogigfoig\/wp-json\/wp\/v2\/comments?post=82668"}],"version-history":[{"count":1,"href":"https:\/\/semmelweis.hu\/jogigfoig\/wp-json\/wp\/v2\/pages\/82668\/revisions"}],"predecessor-version":[{"id":82670,"href":"https:\/\/semmelweis.hu\/jogigfoig\/wp-json\/wp\/v2\/pages\/82668\/revisions\/82670"}],"up":[{"embeddable":true,"href":"https:\/\/semmelweis.hu\/jogigfoig\/wp-json\/wp\/v2\/pages\/79349"}],"wp:attachment":[{"href":"https:\/\/semmelweis.hu\/jogigfoig\/wp-json\/wp\/v2\/media?parent=82668"}],"wp:term":[{"taxonomy":"category","embeddable":true,"href":"https:\/\/semmelweis.hu\/jogigfoig\/wp-json\/wp\/v2\/categories?post=82668"},{"taxonomy":"post_tag","embeddable":true,"href":"https:\/\/semmelweis.hu\/jogigfoig\/wp-json\/wp\/v2\/tags?post=82668"}],"curies":[{"name":"wp","href":"https:\/\/api.w.org\/{rel}","templated":true}]}}