{"id":82627,"date":"2021-12-02T11:26:41","date_gmt":"2021-12-02T10:26:41","guid":{"rendered":"https:\/\/semmelweis.hu\/jogigfoig\/?page_id=82627"},"modified":"2022-11-21T14:41:15","modified_gmt":"2022-11-21T13:41:15","slug":"2021-november-25","status":"publish","type":"page","link":"https:\/\/semmelweis.hu\/jogigfoig\/testuletek\/szenatus\/2021-evi-szenatusi-hatarozatok\/2021-november-25\/","title":{"rendered":"2021. november 25."},"content":{"rendered":"<p style=\"text-align: justify\"><a href=\"https:\/\/semmelweis.hu\/jogigfoig\/files\/2021\/12\/N_9_2021_hatarozat.pdf\">A Semmelweis Egyetem\u00a0Szen\u00e1tus\u00e1nak\u00a0N-9.2021. (XI.25.) sz\u00e1m\u00fa hat\u00e1rozata a szen\u00e1tusi \u00fcl\u00e9s napirendj\u00e9r\u0151l<\/a><\/p>\n<p style=\"text-align: justify\"><a href=\"https:\/\/semmelweis.hu\/jogigfoig\/files\/2021\/12\/129_2021_traumatologiai-ellatas-letrehozasa-az-Ortopediai-Klinika-bazisan.pdf\">A Semmelweis Egyetem Szen\u00e1tus\u00e1nak 129\/2021. (XI.25.) sz\u00e1m\u00fa hat\u00e1rozata a traumatol\u00f3giai ell\u00e1t\u00e1s l\u00e9trehoz\u00e1s\u00e1r\u00f3l az Ortop\u00e9diai Klinika b\u00e1zis\u00e1n<\/a><\/p>\n<p style=\"text-align: justify\"><a href=\"https:\/\/semmelweis.hu\/jogigfoig\/files\/2021\/12\/130_2021_A-bridzs-alapjai-szabvall-bevezetese.pdf\">A Semmelweis Egyetem\u00a0Szen\u00e1tus\u00e1nak 130\/2021. (XI.25.) sz\u00e1m\u00fa hat\u00e1rozata \u201eA Bridzs alapjai\u201d nev\u0171 angol nyelv\u0171 szabadon v\u00e1laszthat\u00f3 tant\u00e1rgy bevezet\u00e9s\u00e9r\u0151l<\/a><\/p>\n<p style=\"text-align: justify\"><a href=\"https:\/\/semmelweis.hu\/jogigfoig\/files\/2021\/12\/130_2021_Melleklet_Kovetelmenyrendszer.pdf\">A Semmelweis Egyetem Szen\u00e1tus\u00e1nak 130\/2021. (XI.25.) sz\u00e1m\u00fa hat\u00e1rozata \u201eA Bridzs alapjai\u201d nev\u0171 angol nyelv\u0171 szabadon v\u00e1laszthat\u00f3 tant\u00e1rgy bevezet\u00e9s\u00e9r\u0151l &#8211; 1. sz\u00e1m\u00fa mell\u00e9klet<\/a><\/p>\n<p style=\"text-align: justify\"><a href=\"https:\/\/semmelweis.hu\/jogigfoig\/files\/2021\/12\/131_2021_FOK-allando-bizottsagok-ugyrendjei.pdf\">A Semmelweis Egyetem\u00a0Szen\u00e1tus\u00e1nak 131\/2021. (XI.25.) sz\u00e1m\u00fa hat\u00e1rozata a Szen\u00e1tus \u00e1ltal l\u00e9trehozott, a Fogorvostudom\u00e1nyi Karon m\u0171k\u00f6d\u0151 \u00e1lland\u00f3 bizotts\u00e1gok \u00fcgyrendj\u00e9nek j\u00f3v\u00e1hagy\u00e1s\u00e1r\u00f3l<\/a><\/p>\n<p style=\"text-align: justify\"><a href=\"https:\/\/semmelweis.hu\/jogigfoig\/files\/2021\/12\/131_2021_Melleklet1_TVB.pdf\">A Semmelweis Egyetem Szen\u00e1tus\u00e1nak 131\/2021. (XI.25.) sz\u00e1m\u00fa hat\u00e1rozata a Szen\u00e1tus \u00e1ltal l\u00e9trehozott, a Fogorvostudom\u00e1nyi Karon m\u0171k\u00f6d\u0151 \u00e1lland\u00f3 bizotts\u00e1gok \u00fcgyrendj\u00e9nek j\u00f3v\u00e1hagy\u00e1s\u00e1r\u00f3l &#8211; 1. sz\u00e1m\u00fa mell\u00e9klet<\/a><\/p>\n<p style=\"text-align: justify\"><a href=\"https:\/\/semmelweis.hu\/jogigfoig\/files\/2021\/12\/131_2021_Melleklet2_KB.pdf\">A Semmelweis Egyetem\u00a0Szen\u00e1tus\u00e1nak 131\/2021. (XI.25.) sz\u00e1m\u00fa hat\u00e1rozata a Szen\u00e1tus \u00e1ltal l\u00e9trehozott, a Fogorvostudom\u00e1nyi Karon m\u0171k\u00f6d\u0151 \u00e1lland\u00f3 bizotts\u00e1gok \u00fcgyrendj\u00e9nek j\u00f3v\u00e1hagy\u00e1s\u00e1r\u00f3l &#8211; 2. sz\u00e1m\u00fa mell\u00e9klet<\/a><\/p>\n<p style=\"text-align: justify\"><a href=\"https:\/\/semmelweis.hu\/jogigfoig\/files\/2021\/12\/131_2021_Melleklet3_EFB.pdf\">A Semmelweis Egyetem\u00a0Szen\u00e1tus\u00e1nak 131\/2021. (XI.25.) sz\u00e1m\u00fa hat\u00e1rozata a Szen\u00e1tus \u00e1ltal l\u00e9trehozott, a Fogorvostudom\u00e1nyi Karon m\u0171k\u00f6d\u0151 \u00e1lland\u00f3 bizotts\u00e1gok \u00fcgyrendj\u00e9nek j\u00f3v\u00e1hagy\u00e1s\u00e1r\u00f3l &#8211; 3. sz\u00e1m\u00fa mell\u00e9klet<\/a><\/p>\n<p style=\"text-align: justify\"><a href=\"https:\/\/semmelweis.hu\/jogigfoig\/files\/2021\/12\/132_2021_EKK_adatvezerelt-eu-mesterkepzes.pdf\">A Semmelweis Egyetem\u00a0Szen\u00e1tus\u00e1nak 132\/2021. (XI.25.) sz\u00e1m\u00fa hat\u00e1rozata az Eg\u00e9szs\u00e9g\u00fcgyi K\u00f6zszolg\u00e1lati Kar Eg\u00e9szs\u00e9g\u00fcgyi Menedzserk\u00e9pz\u0151 K\u00f6zpont adatvez\u00e9relt eg\u00e9szs\u00e9g\u00fcgy mesterk\u00e9pz\u00e9si szak l\u00e9tes\u00edt\u00e9s\u00e9nek valamint a k\u00e9pz\u00e9si \u00e9s kimeneti k\u00f6vetelm\u00e9ny\u00e9nek elfogad\u00e1s\u00e1r\u00f3l<\/a><\/p>\n<p style=\"text-align: justify\"><a href=\"https:\/\/semmelweis.hu\/jogigfoig\/files\/2021\/12\/132_2021_Melleklet_Utmutato_urlap.pdf\">A Semmelweis Egyetem Szen\u00e1tus\u00e1nak 132\/2021. (XI.25.) sz\u00e1m\u00fa hat\u00e1rozata az Eg\u00e9szs\u00e9g\u00fcgyi K\u00f6zszolg\u00e1lati Kar Eg\u00e9szs\u00e9g\u00fcgyi Menedzserk\u00e9pz\u0151 K\u00f6zpont adatvez\u00e9relt eg\u00e9szs\u00e9g\u00fcgy mesterk\u00e9pz\u00e9si szak l\u00e9tes\u00edt\u00e9s\u00e9nek valamint a k\u00e9pz\u00e9si \u00e9s kimeneti k\u00f6vetelm\u00e9ny\u00e9nek elfogad\u00e1s\u00e1r\u00f3l &#8211; 1. sz\u00e1m\u00fa mell\u00e9klet<\/a><\/p>\n<p style=\"text-align: justify\"><a href=\"https:\/\/semmelweis.hu\/jogigfoig\/files\/2021\/12\/133_2021_EKK_hazassag-es-csalad-lelkigondozo-szakirany.pdf\">A Semmelweis Egyetem\u00a0Szen\u00e1tus\u00e1nak 133\/2021. (XI.25.) sz\u00e1m\u00fa hat\u00e1rozata az Eg\u00e9szs\u00e9g\u00fcgyi K\u00f6zszolg\u00e1lati Kar Ment\u00e1lhigi\u00e9n\u00e9 Int\u00e9zet ment\u00e1lhigi\u00e9n\u00e9s h\u00e1zass\u00e1g- \u00e9s csal\u00e1d-lelkigondoz\u00f3 szakir\u00e1ny\u00fa tov\u00e1bbk\u00e9pz\u00e9si szak tanterv\u00e9nek m\u00f3dos\u00edt\u00e1s\u00e1r\u00f3l<\/a><\/p>\n<p style=\"text-align: justify\"><a href=\"https:\/\/semmelweis.hu\/jogigfoig\/files\/2021\/12\/133_2021_Melleklet.pdf\">A Semmelweis Egyetem Szen\u00e1tus\u00e1nak 133\/2021. (XI.25.) sz\u00e1m\u00fa hat\u00e1rozata az Eg\u00e9szs\u00e9g\u00fcgyi K\u00f6zszolg\u00e1lati Kar Ment\u00e1lhigi\u00e9n\u00e9 Int\u00e9zet ment\u00e1lhigi\u00e9n\u00e9s h\u00e1zass\u00e1g- \u00e9s csal\u00e1d-lelkigondoz\u00f3 szakir\u00e1ny\u00fa tov\u00e1bbk\u00e9pz\u00e9si szak tanterv\u00e9nek m\u00f3dos\u00edt\u00e1s\u00e1r\u00f3l &#8211; 1. sz\u00e1m\u00fa mell\u00e9klet<\/a><\/p>\n<p style=\"text-align: justify\"><a href=\"https:\/\/semmelweis.hu\/jogigfoig\/files\/2021\/12\/133_2021_Melleklet_Mintatanterv.pdf\">A Semmelweis Egyetem Szen\u00e1tus\u00e1nak 133\/2021. (XI.25.) sz\u00e1m\u00fa hat\u00e1rozata az Eg\u00e9szs\u00e9g\u00fcgyi K\u00f6zszolg\u00e1lati Kar Ment\u00e1lhigi\u00e9n\u00e9 Int\u00e9zet ment\u00e1lhigi\u00e9n\u00e9s h\u00e1zass\u00e1g- \u00e9s csal\u00e1d-lelkigondoz\u00f3 szakir\u00e1ny\u00fa tov\u00e1bbk\u00e9pz\u00e9si szak tanterv\u00e9nek m\u00f3dos\u00edt\u00e1s\u00e1r\u00f3l &#8211; 2. sz\u00e1m\u00fa mell\u00e9klet<\/a><\/p>\n<p style=\"text-align: justify\"><a href=\"https:\/\/semmelweis.hu\/jogigfoig\/files\/2021\/12\/134_2021_EKK_Fenntarthatosag-az-egeszsegugyben-szabvall.pdf\">A Semmelweis Egyetem\u00a0Szen\u00e1tus\u00e1nak 134\/2021. (XI.25.) sz\u00e1m\u00fa hat\u00e1rozata a \u201eFenntarthat\u00f3s\u00e1g az eg\u00e9szs\u00e9g\u00fcgyben (Sustainability in Healthcare)\u201d c\u00edm\u0171 szabadon v\u00e1laszthat\u00f3 tant\u00e1rgy bevezet\u00e9s\u00e9r\u0151l az Eg\u00e9szs\u00e9g\u00fcgyi K\u00f6zszolg\u00e1lati Karon<\/a><\/p>\n<p style=\"text-align: justify\"><a href=\"https:\/\/semmelweis.hu\/jogigfoig\/files\/2021\/12\/134_2021_Melleklet.pdf\">A Semmelweis Egyetem Szen\u00e1tus\u00e1nak 134\/2021. (XI.25.) sz\u00e1m\u00fa hat\u00e1rozata a \u201eFenntarthat\u00f3s\u00e1g az eg\u00e9szs\u00e9g\u00fcgyben (Sustainability in Healthcare)\u201d c\u00edm\u0171 szabadon v\u00e1laszthat\u00f3 tant\u00e1rgy bevezet\u00e9s\u00e9r\u0151l az Eg\u00e9szs\u00e9g\u00fcgyi K\u00f6zszolg\u00e1lati Karon &#8211; 1. sz\u00e1m\u00fa mell\u00e9klet<\/a><\/p>\n<p style=\"text-align: justify\"><a href=\"https:\/\/semmelweis.hu\/jogigfoig\/files\/2021\/12\/135_2021_PAK_SZMR.pdf\">A Semmelweis Egyetem\u00a0Szen\u00e1tus\u00e1nak 135\/2021. (XI.25.) sz\u00e1m\u00fa hat\u00e1rozata a Pet\u0151 Andr\u00e1s Kar Szervezeti \u00e9s M\u0171k\u00f6d\u00e9si Rendj\u00e9nek m\u00f3dos\u00edt\u00e1s\u00e1r\u00f3l<\/a><\/p>\n<p style=\"text-align: justify\"><a href=\"https:\/\/semmelweis.hu\/jogigfoig\/files\/2021\/12\/135_2021_Melleklet_SZMR.pdf\">A Semmelweis Egyetem Szen\u00e1tus\u00e1nak 135\/2021. (XI.25.) sz\u00e1m\u00fa hat\u00e1rozata a Pet\u0151 Andr\u00e1s Kar Szervezeti \u00e9s M\u0171k\u00f6d\u00e9si Rendj\u00e9nek m\u00f3dos\u00edt\u00e1s\u00e1r\u00f3l &#8211; 1. sz\u00e1m\u00fa mell\u00e9klet<\/a><\/p>\n<p style=\"text-align: justify\"><a href=\"https:\/\/semmelweis.hu\/jogigfoig\/files\/2021\/12\/135_2021_Melleklet_.pdf\">A Semmelweis Egyetem\u00a0Szen\u00e1tus\u00e1nak 135\/2021. (XI.25.) sz\u00e1m\u00fa hat\u00e1rozata a Pet\u0151 Andr\u00e1s Kar Szervezeti \u00e9s M\u0171k\u00f6d\u00e9si Rendj\u00e9nek m\u00f3dos\u00edt\u00e1s\u00e1r\u00f3l &#8211; 2. sz\u00e1m\u00fa mell\u00e9klet<\/a><\/p>\n<p style=\"text-align: justify\"><a href=\"https:\/\/semmelweis.hu\/jogigfoig\/files\/2021\/12\/135_2021_Melleklet_Kari-Tanacs-Valasztasi-Rendje.pdf\">A Semmelweis Egyetem\u00a0Szen\u00e1tus\u00e1nak 135\/2021. (XI.25.) sz\u00e1m\u00fa hat\u00e1rozata a Pet\u0151 Andr\u00e1s Kar Szervezeti \u00e9s M\u0171k\u00f6d\u00e9si Rendj\u00e9nek m\u00f3dos\u00edt\u00e1s\u00e1r\u00f3l &#8211; 3. sz\u00e1m\u00fa mell\u00e9klet<\/a><\/p>\n<p style=\"text-align: justify\"><a href=\"https:\/\/semmelweis.hu\/jogigfoig\/files\/2021\/12\/136_2021_allando-bizottsagok_doktorandusz-hallagtok.pdf\">A Semmelweis Egyetem\u00a0Szen\u00e1tus\u00e1nak 136\/2021. (XI.25.) sz\u00e1m\u00fa hat\u00e1rozata a Szen\u00e1tus \u00e1ltal l\u00e9trehozott, az Egyetem eg\u00e9sz\u00e9re kiterjed\u0151, hat\u00e1sk\u00f6rrel rendelkez\u0151 \u00e1lland\u00f3 bizotts\u00e1gok \u2013 Egyetemi Es\u00e9lyegyenl\u0151s\u00e9gi Bizotts\u00e1g, Egyetemi Etikai Bizotts\u00e1g, Fel\u00fclb\u00edr\u00e1lati Bizotts\u00e1g, Habilit\u00e1ci\u00f3s Bizotts\u00e1g, Gy\u00f3gyszerter\u00e1pi\u00e1s \u00e9s Antibiotikum Bizotts\u00e1g,\u00a0 K\u00fcls\u0151 Kutat\u00e1si Munk\u00e1kat V\u00e9lem\u00e9nyez\u0151 Bizotts\u00e1g, Min\u0151s\u00e9gfejleszt\u00e9si \u00e9s Min\u0151s\u00e9g\u00e9rt\u00e9kel\u0151 Bizotts\u00e1g, Munkahelyi \u00e9s \u00c1llatj\u00f3l\u00e9ti Bizotts\u00e1g \u2013 doktorandusz hallgat\u00f3k szem\u00e9lyi \u00f6sszet\u00e9tel\u00e9nek meg\u00faj\u00edt\u00e1s\u00e1r\u00f3l<\/a><\/p>\n<p style=\"text-align: justify\"><a href=\"https:\/\/semmelweis.hu\/jogigfoig\/files\/2021\/12\/136_2021_Melleklet_DOK-hatarozat.pdf\">A Semmelweis Egyetem Szen\u00e1tus\u00e1nak 136\/2021. (XI.25.) sz\u00e1m\u00fa hat\u00e1rozata a Szen\u00e1tus \u00e1ltal l\u00e9trehozott, az Egyetem eg\u00e9sz\u00e9re kiterjed\u0151, hat\u00e1sk\u00f6rrel rendelkez\u0151 \u00e1lland\u00f3 bizotts\u00e1gok \u2013 Egyetemi Es\u00e9lyegyenl\u0151s\u00e9gi Bizotts\u00e1g, Egyetemi Etikai Bizotts\u00e1g, Fel\u00fclb\u00edr\u00e1lati Bizotts\u00e1g, Habilit\u00e1ci\u00f3s Bizotts\u00e1g, Gy\u00f3gyszerter\u00e1pi\u00e1s \u00e9s Antibiotikum Bizotts\u00e1g,\u00a0 K\u00fcls\u0151 Kutat\u00e1si Munk\u00e1kat V\u00e9lem\u00e9nyez\u0151 Bizotts\u00e1g, Min\u0151s\u00e9gfejleszt\u00e9si \u00e9s Min\u0151s\u00e9g\u00e9rt\u00e9kel\u0151 Bizotts\u00e1g, Munkahelyi \u00e9s \u00c1llatj\u00f3l\u00e9ti Bizotts\u00e1g \u2013 doktorandusz hallgat\u00f3k szem\u00e9lyi \u00f6sszet\u00e9tel\u00e9nek meg\u00faj\u00edt\u00e1s\u00e1r\u00f3l &#8211; 1. sz\u00e1m\u00fa mell\u00e9klet<\/a><\/p>\n<p style=\"text-align: justify\"><a href=\"https:\/\/semmelweis.hu\/jogigfoig\/files\/2021\/12\/137_2021_Selye-Janos-Doktorandusz-Szakkollegium.pdf\">A Semmelweis Egyetem\u00a0Szen\u00e1tus\u00e1nak 137\/2021. (XI.25.) sz\u00e1m\u00fa hat\u00e1rozata a Selye J\u00e1nos Doktorandusz Szakkoll\u00e9gium megalap\u00edt\u00e1s\u00e1r\u00f3l<\/a><\/p>\n<p style=\"text-align: justify\"><a href=\"https:\/\/semmelweis.hu\/jogigfoig\/files\/2021\/12\/137_2021_Melleklet_Alapito-Okirat.pdf\">A Semmelweis Egyetem Szen\u00e1tus\u00e1nak 137\/2021. (XI.25.) sz\u00e1m\u00fa hat\u00e1rozata a Selye J\u00e1nos Doktorandusz Szakkoll\u00e9gium megalap\u00edt\u00e1s\u00e1r\u00f3l &#8211; 1. sz\u00e1m\u00fa mell\u00e9klet<\/a><\/p>\n<p style=\"text-align: justify\"><a href=\"https:\/\/semmelweis.hu\/jogigfoig\/files\/2021\/12\/137_2021_Melleklet_HOK-egyetertes.pdf\">A Semmelweis Egyetem\u00a0Szen\u00e1tus\u00e1nak 137\/2021. (XI.25.) sz\u00e1m\u00fa hat\u00e1rozata a Selye J\u00e1nos Doktorandusz Szakkoll\u00e9gium megalap\u00edt\u00e1s\u00e1r\u00f3l &#8211; 2. sz\u00e1m\u00fa mell\u00e9klet<\/a><\/p>\n","protected":false},"excerpt":{"rendered":"<p><a href=\"https:\/\/semmelweis.hu\/jogigfoig\/files\/2021\/12\/N_9_2021_hatarozat.pdf\">A Semmelweis Egyetem\u00a0Szen\u00e1tus\u00e1nak\u00a0N-9.2021. (XI.25.) sz\u00e1m\u00fa hat\u00e1rozata a szen\u00e1tusi \u00fcl\u00e9s napirendj\u00e9r\u0151l<\/a><br \/>\n<a href=\"https:\/\/semmelweis.hu\/jogigfoig\/files\/2021\/12\/129_2021_traumatologiai-ellatas-letrehozasa-az-Ortopediai-Klinika-bazisan.pdf\">A Semmelweis Egyetem Szen\u00e1tus\u00e1nak 129\/2021. (XI.25.) sz\u00e1m\u00fa hat\u00e1rozata a traumatol\u00f3giai ell\u00e1t\u00e1s l\u00e9trehoz\u00e1s\u00e1r\u00f3l az Ortop\u00e9diai Klinika b\u00e1zis\u00e1n<\/a><br \/>\n<a href=\"https:\/\/semmelweis.hu\/jogigfoig\/files\/2021\/12\/130_2021_A-bridzs-alapjai-szabvall-bevezetese.pdf\">A Semmelweis Egyetem\u00a0Szen\u00e1tus\u00e1nak 130\/2021. (XI.25.) sz\u00e1m\u00fa hat\u00e1rozata \u201eA Bridzs alapjai\u201d nev\u0171 angol nyelv\u0171 szabadon v\u00e1laszthat\u00f3 tant\u00e1rgy bevezet\u00e9s\u00e9r\u0151l<\/a><br \/>\n<a href=\"https:\/\/semmelweis.hu\/jogigfoig\/files\/2021\/12\/130_2021_Melleklet_Kovetelmenyrendszer.pdf\">A Semmelweis Egyetem Szen\u00e1tus\u00e1nak 130\/2021. (XI.25.) sz\u00e1m\u00fa hat\u00e1rozata \u201eA Bridzs alapjai\u201d nev\u0171 angol nyelv\u0171 szabadon v\u00e1laszthat\u00f3 tant\u00e1rgy bevezet\u00e9s\u00e9r\u0151l &#8211; 1. sz\u00e1m\u00fa mell\u00e9klet<\/a><br \/>\n<a href=\"https:\/\/semmelweis.hu\/jogigfoig\/files\/2021\/12\/131_2021_FOK-allando-bizottsagok-ugyrendjei.pdf\">A Semmelweis Egyetem\u00a0Szen\u00e1tus\u00e1nak 131\/2021. (XI.25.) sz\u00e1m\u00fa hat\u00e1rozata a Szen\u00e1tus \u00e1ltal l\u00e9trehozott, a Fogorvostudom\u00e1nyi Karon m\u0171k\u00f6d\u0151 \u00e1lland\u00f3 bizotts\u00e1gok \u00fcgyrendj\u00e9nek j\u00f3v\u00e1hagy\u00e1s\u00e1r\u00f3l<\/a><br \/>\n<a href=\"https:\/\/semmelweis.hu\/jogigfoig\/files\/2021\/12\/131_2021_Melleklet1_TVB.pdf\">A Semmelweis Egyetem Szen\u00e1tus\u00e1nak 131\/2021. (XI.25.) sz\u00e1m\u00fa hat\u00e1rozata a Szen\u00e1tus \u00e1ltal l\u00e9trehozott, a Fogorvostudom\u00e1nyi Karon m\u0171k\u00f6d\u0151 \u00e1lland\u00f3 bizotts\u00e1gok \u00fcgyrendj\u00e9nek j\u00f3v\u00e1hagy\u00e1s\u00e1r\u00f3l &#8211; 1. sz\u00e1m\u00fa mell\u00e9klet<\/a><br \/>\n<a href=\"https:\/\/semmelweis.hu\/jogigfoig\/files\/2021\/12\/131_2021_Melleklet2_KB.pdf\">A Semmelweis Egyetem\u00a0Szen\u00e1tus\u00e1nak 131\/2021. (XI.25.) sz\u00e1m\u00fa hat\u00e1rozata a Szen\u00e1tus \u00e1ltal l\u00e9trehozott, a Fogorvostudom\u00e1nyi Karon m\u0171k\u00f6d\u0151 \u00e1lland\u00f3 bizotts\u00e1gok \u00fcgyrendj\u00e9nek j\u00f3v\u00e1hagy\u00e1s\u00e1r\u00f3l &#8211; 2. sz\u00e1m\u00fa mell\u00e9klet<\/a><br \/>\n<a href=\"https:\/\/semmelweis.hu\/jogigfoig\/files\/2021\/12\/131_2021_Melleklet3_EFB.pdf\">A Semmelweis Egyetem\u00a0Szen\u00e1tus\u00e1nak 131\/2021. (XI.25.) sz\u00e1m\u00fa hat\u00e1rozata a Szen\u00e1tus \u00e1ltal l\u00e9trehozott, a Fogorvostudom\u00e1nyi Karon m\u0171k\u00f6d\u0151 \u00e1lland\u00f3 bizotts\u00e1gok \u00fcgyrendj\u00e9nek j\u00f3v\u00e1hagy\u00e1s\u00e1r\u00f3l &#8211; 3. sz\u00e1m\u00fa mell\u00e9klet<\/a><br \/>\n<a href=\"https:\/\/semmelweis.hu\/jogigfoig\/files\/2021\/12\/132_2021_EKK_adatvezerelt-eu-mesterkepzes.pdf\">A Semmelweis Egyetem\u00a0Szen\u00e1tus\u00e1nak 132\/2021. (XI.25.) sz\u00e1m\u00fa hat\u00e1rozata az Eg\u00e9szs\u00e9g\u00fcgyi K\u00f6zszolg\u00e1lati Kar Eg\u00e9szs\u00e9g\u00fcgyi Menedzserk\u00e9pz\u0151 K\u00f6zpont adatvez\u00e9relt eg\u00e9szs\u00e9g\u00fcgy mesterk\u00e9pz\u00e9si szak l\u00e9tes\u00edt\u00e9s\u00e9nek valamint a k\u00e9pz\u00e9si \u00e9s kimeneti k\u00f6vetelm\u00e9ny\u00e9nek elfogad\u00e1s\u00e1r\u00f3l<\/a><br \/>\n<a href=\"https:\/\/semmelweis.hu\/jogigfoig\/files\/2021\/12\/132_2021_Melleklet_Utmutato_urlap.pdf\">A Semmelweis Egyetem Szen\u00e1tus\u00e1nak 132\/2021. (XI.25.) sz\u00e1m\u00fa hat\u00e1rozata az Eg\u00e9szs\u00e9g\u00fcgyi K\u00f6zszolg\u00e1lati Kar Eg\u00e9szs\u00e9g\u00fcgyi Menedzserk\u00e9pz\u0151 K\u00f6zpont adatvez\u00e9relt eg\u00e9szs\u00e9g\u00fcgy mesterk\u00e9pz\u00e9si szak l\u00e9tes\u00edt\u00e9s\u00e9nek valamint a k\u00e9pz\u00e9si \u00e9s kimeneti k\u00f6vetelm\u00e9ny\u00e9nek elfogad\u00e1s\u00e1r\u00f3l &#8211; 1. sz\u00e1m\u00fa mell\u00e9klet<\/a><br \/>\n<a href=\"https:\/\/semmelweis.hu\/jogigfoig\/files\/2021\/12\/133_2021_EKK_hazassag-es-csalad-lelkigondozo-szakirany.pdf\">A Semmelweis Egyetem\u00a0Szen\u00e1tus\u00e1nak 133\/2021. (XI.25.) sz\u00e1m\u00fa hat\u00e1rozata az Eg\u00e9szs\u00e9g\u00fcgyi K\u00f6zszolg\u00e1lati Kar Ment\u00e1lhigi\u00e9n\u00e9 Int\u00e9zet ment\u00e1lhigi\u00e9n\u00e9s h\u00e1zass\u00e1g- \u00e9s csal\u00e1d-lelkigondoz\u00f3 szakir\u00e1ny\u00fa tov\u00e1bbk\u00e9pz\u00e9si szak tanterv\u00e9nek m\u00f3dos\u00edt\u00e1s\u00e1r\u00f3l<\/a><br \/>\n<a href=\"https:\/\/semmelweis.hu\/jogigfoig\/files\/2021\/12\/133_2021_Melleklet.pdf\">A Semmelweis Egyetem Szen\u00e1tus\u00e1nak 133\/2021. (XI.25.) sz\u00e1m\u00fa hat\u00e1rozata az Eg\u00e9szs\u00e9g\u00fcgyi K\u00f6zszolg\u00e1lati Kar Ment\u00e1lhigi\u00e9n\u00e9 Int\u00e9zet ment\u00e1lhigi\u00e9n\u00e9s h\u00e1zass\u00e1g- \u00e9s csal\u00e1d-lelkigondoz\u00f3 szakir\u00e1ny\u00fa tov\u00e1bbk\u00e9pz\u00e9si szak tanterv\u00e9nek m\u00f3dos\u00edt\u00e1s\u00e1r\u00f3l &#8211; 1. sz\u00e1m\u00fa mell\u00e9klet<\/a><br \/>\n<a href=\"https:\/\/semmelweis.hu\/jogigfoig\/files\/2021\/12\/133_2021_Melleklet_Mintatanterv.pdf\">A Semmelweis Egyetem Szen\u00e1tus\u00e1nak 133\/2021. (XI.25.) sz\u00e1m\u00fa hat\u00e1rozata az Eg\u00e9szs\u00e9g\u00fcgyi K\u00f6zszolg\u00e1lati Kar Ment\u00e1lhigi\u00e9n\u00e9 Int\u00e9zet ment\u00e1lhigi\u00e9n\u00e9s h\u00e1zass\u00e1g- \u00e9s csal\u00e1d-lelkigondoz\u00f3 szakir\u00e1ny\u00fa tov\u00e1bbk\u00e9pz\u00e9si szak tanterv\u00e9nek m\u00f3dos\u00edt\u00e1s\u00e1r\u00f3l &#8211; 2. sz\u00e1m\u00fa mell\u00e9klet<\/a><br \/>\n<a href=\"https:\/\/semmelweis.hu\/jogigfoig\/files\/2021\/12\/134_2021_EKK_Fenntarthatosag-az-egeszsegugyben-szabvall.pdf\">A Semmelweis Egyetem\u00a0Szen\u00e1tus\u00e1nak 134\/2021. (XI.25.) sz\u00e1m\u00fa hat\u00e1rozata a \u201eFenntarthat\u00f3s\u00e1g az eg\u00e9szs\u00e9g\u00fcgyben (Sustainability in Healthcare)\u201d c\u00edm\u0171 szabadon v\u00e1laszthat\u00f3 tant\u00e1rgy bevezet\u00e9s\u00e9r\u0151l az Eg\u00e9szs\u00e9g\u00fcgyi K\u00f6zszolg\u00e1lati Karon<\/a><br \/>\n<a href=\"https:\/\/semmelweis.hu\/jogigfoig\/files\/2021\/12\/134_2021_Melleklet.pdf\">A Semmelweis Egyetem Szen\u00e1tus\u00e1nak 134\/2021. (XI.25.) sz\u00e1m\u00fa hat\u00e1rozata a \u201eFenntarthat\u00f3s\u00e1g az eg\u00e9szs\u00e9g\u00fcgyben (Sustainability in Healthcare)\u201d c\u00edm\u0171 szabadon v\u00e1laszthat\u00f3 tant\u00e1rgy bevezet\u00e9s\u00e9r\u0151l az Eg\u00e9szs\u00e9g\u00fcgyi K\u00f6zszolg\u00e1lati Karon &#8211; 1. sz\u00e1m\u00fa mell\u00e9klet<\/a><br \/>\n<a href=\"https:\/\/semmelweis.hu\/jogigfoig\/files\/2021\/12\/135_2021_PAK_SZMR.pdf\">A Semmelweis Egyetem\u00a0Szen\u00e1tus\u00e1nak 135\/2021. (XI.25.) sz\u00e1m\u00fa hat\u00e1rozata a Pet\u0151 Andr\u00e1s Kar Szervezeti \u00e9s M\u0171k\u00f6d\u00e9si Rendj\u00e9nek m\u00f3dos\u00edt\u00e1s\u00e1r\u00f3l<\/a><br \/>\n<a href=\"https:\/\/semmelweis.hu\/jogigfoig\/files\/2021\/12\/135_2021_Melleklet_SZMR.pdf\">A Semmelweis Egyetem Szen\u00e1tus\u00e1nak 135\/2021. (XI.25.) sz\u00e1m\u00fa hat\u00e1rozata a Pet\u0151 Andr\u00e1s Kar Szervezeti \u00e9s M\u0171k\u00f6d\u00e9si Rendj\u00e9nek m\u00f3dos\u00edt\u00e1s\u00e1r\u00f3l &#8211; 1. sz\u00e1m\u00fa mell\u00e9klet<\/a><br \/>\n<a href=\"https:\/\/semmelweis.hu\/jogigfoig\/files\/2021\/12\/135_2021_Melleklet_.pdf\">A Semmelweis Egyetem\u00a0Szen\u00e1tus\u00e1nak 135\/2021. (XI.25.) sz\u00e1m\u00fa hat\u00e1rozata a Pet\u0151 Andr\u00e1s Kar Szervezeti \u00e9s M\u0171k\u00f6d\u00e9si Rendj\u00e9nek m\u00f3dos\u00edt\u00e1s\u00e1r\u00f3l &#8211; 2. sz\u00e1m\u00fa mell\u00e9klet<\/a><br \/>\n<a href=\"https:\/\/semmelweis.hu\/jogigfoig\/files\/2021\/12\/135_2021_Melleklet_Kari-Tanacs-Valasztasi-Rendje.pdf\">A Semmelweis Egyetem\u00a0Szen\u00e1tus\u00e1nak 135\/2021. (XI.25.) sz\u00e1m\u00fa hat\u00e1rozata a Pet\u0151 Andr\u00e1s Kar Szervezeti \u00e9s M\u0171k\u00f6d\u00e9si Rendj\u00e9nek m\u00f3dos\u00edt\u00e1s\u00e1r\u00f3l &#8211; 3. sz\u00e1m\u00fa mell\u00e9klet<\/a><br \/>\n<a href=\"https:\/\/semmelweis.hu\/jogigfoig\/files\/2021\/12\/136_2021_allando-bizottsagok_doktorandusz-hallagtok.pdf\">A Semmelweis Egyetem\u00a0Szen\u00e1tus\u00e1nak 136\/2021. (XI.25.) sz\u00e1m\u00fa hat\u00e1rozata a Szen\u00e1tus \u00e1ltal l\u00e9trehozott, az Egyetem eg\u00e9sz\u00e9re kiterjed\u0151, hat\u00e1sk\u00f6rrel rendelkez\u0151 \u00e1lland\u00f3 bizotts\u00e1gok \u2013 Egyetemi Es\u00e9lyegyenl\u0151s\u00e9gi Bizotts\u00e1g, Egyetemi Etikai Bizotts\u00e1g, Fel\u00fclb\u00edr\u00e1lati Bizotts\u00e1g, Habilit\u00e1ci\u00f3s Bizotts\u00e1g, Gy\u00f3gyszerter\u00e1pi\u00e1s \u00e9s Antibiotikum Bizotts\u00e1g,\u00a0 K\u00fcls\u0151 Kutat\u00e1si Munk\u00e1kat V\u00e9lem\u00e9nyez\u0151 Bizotts\u00e1g, Min\u0151s\u00e9gfejleszt\u00e9si \u00e9s Min\u0151s\u00e9g\u00e9rt\u00e9kel\u0151 Bizotts\u00e1g, Munkahelyi \u00e9s \u00c1llatj\u00f3l\u00e9ti Bizotts\u00e1g \u2013 doktorandusz hallgat\u00f3k szem\u00e9lyi \u00f6sszet\u00e9tel\u00e9nek meg\u00faj\u00edt\u00e1s\u00e1r\u00f3l<\/a><br \/>\n<a href=\"https:\/\/semmelweis.hu\/jogigfoig\/files\/2021\/12\/136_2021_Melleklet_DOK-hatarozat.pdf\">A Semmelweis Egyetem Szen\u00e1tus\u00e1nak 136\/2021. (XI.25.) sz\u00e1m\u00fa hat\u00e1rozata a Szen\u00e1tus \u00e1ltal l\u00e9trehozott, az Egyetem eg\u00e9sz\u00e9re kiterjed\u0151, hat\u00e1sk\u00f6rrel rendelkez\u0151 \u00e1lland\u00f3 bizotts\u00e1gok \u2013 Egyetemi Es\u00e9lyegyenl\u0151s\u00e9gi Bizotts\u00e1g, Egyetemi Etikai Bizotts\u00e1g, Fel\u00fclb\u00edr\u00e1lati Bizotts\u00e1g, Habilit\u00e1ci\u00f3s Bizotts\u00e1g, Gy\u00f3gyszerter\u00e1pi\u00e1s \u00e9s Antibiotikum Bizotts\u00e1g,\u00a0 K\u00fcls\u0151 Kutat\u00e1si Munk\u00e1kat V\u00e9lem\u00e9nyez\u0151 Bizotts\u00e1g, Min\u0151s\u00e9gfejleszt\u00e9si \u00e9s Min\u0151s\u00e9g\u00e9rt\u00e9kel\u0151 Bizotts\u00e1g, Munkahelyi \u00e9s \u00c1llatj\u00f3l\u00e9ti Bizotts\u00e1g \u2013 doktorandusz hallgat\u00f3k szem\u00e9lyi \u00f6sszet\u00e9tel\u00e9nek meg\u00faj\u00edt\u00e1s\u00e1r\u00f3l &#8211; 1. sz\u00e1m\u00fa mell\u00e9klet<\/a><br \/>\n<a href=\"https:\/\/semmelweis.hu\/jogigfoig\/files\/2021\/12\/137_2021_Selye-Janos-Doktorandusz-Szakkollegium.pdf\">A Semmelweis Egyetem\u00a0Szen\u00e1tus\u00e1nak 137\/2021. (XI.25.) sz\u00e1m\u00fa hat\u00e1rozata a Selye J\u00e1nos Doktorandusz Szakkoll\u00e9gium megalap\u00edt\u00e1s\u00e1r\u00f3l<\/a><br \/>\n<a href=\"https:\/\/semmelweis.hu\/jogigfoig\/files\/2021\/12\/137_2021_Melleklet_Alapito-Okirat.pdf\">A Semmelweis Egyetem Szen\u00e1tus\u00e1nak 137\/2021. (XI.25.) sz\u00e1m\u00fa hat\u00e1rozata a Selye J\u00e1nos Doktorandusz Szakkoll\u00e9gium megalap\u00edt\u00e1s\u00e1r\u00f3l &#8211; 1. sz\u00e1m\u00fa mell\u00e9klet<\/a><br \/>\n<a href=\"https:\/\/semmelweis.hu\/jogigfoig\/files\/2021\/12\/137_2021_Melleklet_HOK-egyetertes.pdf\">A Semmelweis Egyetem\u00a0Szen\u00e1tus\u00e1nak 137\/2021. (XI.25.) sz\u00e1m\u00fa hat\u00e1rozata a Selye J\u00e1nos Doktorandusz Szakkoll\u00e9gium megalap\u00edt\u00e1s\u00e1r\u00f3l &#8211; 2. sz\u00e1m\u00fa mell\u00e9klet<\/a><\/p>\n","protected":false},"author":101467,"featured_media":0,"parent":79349,"menu_order":13,"comment_status":"closed","ping_status":"closed","template":"","meta":{"_acf_changed":false,"footnotes":""},"categories":[],"tags":[],"class_list":["post-82627","page","type-page","status-publish","hentry"],"acf":[],"_links":{"self":[{"href":"https:\/\/semmelweis.hu\/jogigfoig\/wp-json\/wp\/v2\/pages\/82627","targetHints":{"allow":["GET"]}}],"collection":[{"href":"https:\/\/semmelweis.hu\/jogigfoig\/wp-json\/wp\/v2\/pages"}],"about":[{"href":"https:\/\/semmelweis.hu\/jogigfoig\/wp-json\/wp\/v2\/types\/page"}],"author":[{"embeddable":true,"href":"https:\/\/semmelweis.hu\/jogigfoig\/wp-json\/wp\/v2\/users\/101467"}],"replies":[{"embeddable":true,"href":"https:\/\/semmelweis.hu\/jogigfoig\/wp-json\/wp\/v2\/comments?post=82627"}],"version-history":[{"count":2,"href":"https:\/\/semmelweis.hu\/jogigfoig\/wp-json\/wp\/v2\/pages\/82627\/revisions"}],"predecessor-version":[{"id":90141,"href":"https:\/\/semmelweis.hu\/jogigfoig\/wp-json\/wp\/v2\/pages\/82627\/revisions\/90141"}],"up":[{"embeddable":true,"href":"https:\/\/semmelweis.hu\/jogigfoig\/wp-json\/wp\/v2\/pages\/79349"}],"wp:attachment":[{"href":"https:\/\/semmelweis.hu\/jogigfoig\/wp-json\/wp\/v2\/media?parent=82627"}],"wp:term":[{"taxonomy":"category","embeddable":true,"href":"https:\/\/semmelweis.hu\/jogigfoig\/wp-json\/wp\/v2\/categories?post=82627"},{"taxonomy":"post_tag","embeddable":true,"href":"https:\/\/semmelweis.hu\/jogigfoig\/wp-json\/wp\/v2\/tags?post=82627"}],"curies":[{"name":"wp","href":"https:\/\/api.w.org\/{rel}","templated":true}]}}