{"id":82511,"date":"2021-11-11T10:08:57","date_gmt":"2021-11-11T09:08:57","guid":{"rendered":"https:\/\/semmelweis.hu\/jogigfoig\/?page_id=82511"},"modified":"2025-05-16T09:34:21","modified_gmt":"2025-05-16T07:34:21","slug":"a-semmelweis-egyetem-eves-elemi-koltsegvetese-szamszaki-es-szoveges-beszamoloja-archivum","status":"publish","type":"page","link":"https:\/\/semmelweis.hu\/jogigfoig\/adatvedelem-betegjog\/kozerdeku-adatok-archivum\/altalanos-kozzeteteli-lista-archivum\/a-semmelweis-egyetem-eves-elemi-koltsegvetese-szamszaki-es-szoveges-beszamoloja-archivum\/","title":{"rendered":"A Semmelweis Egyetem \u00e9ves elemi k\u00f6lts\u00e9gvet\u00e9se, sz\u00e1mszaki \u00e9s sz\u00f6veges besz\u00e1mol\u00f3ja (Arch\u00edvum)"},"content":{"rendered":"<p><strong>2024. \u00e9v:<\/strong><\/p>\n<ul>\n<li><a href=\"https:\/\/semmelweis.hu\/jogigfoig\/files\/2025\/05\/Osszefoglalo_SE-2024-evi-intezmenyi-koltsegvetese-es-modositasa.pdf\">A Semmelweis Egyetem 2024. \u00e9vi Int\u00e9zm\u00e9nyi k\u00f6lts\u00e9gvet\u00e9se \u00e9s a 2024. \u00e9vi m\u00f3dos\u00edtott Int\u00e9zm\u00e9nyi k\u00f6lts\u00e9gvet\u00e9se<\/a><\/li>\n<\/ul>\n<p><strong>2023. \u00e9v:<\/strong><\/p>\n<ul>\n<li><a href=\"https:\/\/semmelweis.hu\/jogigfoig\/files\/2023\/06\/Osszefoglalo-SE-2023-evi-vezetoi-koltsegvetes.pdf\">\u00c9ves k\u00f6lts\u00e9gvet\u00e9si besz\u00e1mol\u00f3 \u2013 2023<\/a><\/li>\n<\/ul>\n<p><strong>2022. \u00e9v:<\/strong><\/p>\n<ul>\n<li><a href=\"https:\/\/semmelweis.hu\/jogigfoig\/files\/2023\/06\/2022.evi-eves-beszamolo_2.szamu-melleklettel.pdf\">\u00c9ves besz\u00e1mol\u00f3 &#8211; 2022.01.01 &#8211; 2022.12.31.<\/a><\/li>\n<li><a href=\"https:\/\/semmelweis.hu\/jogigfoig\/files\/2022\/05\/A_Semmelweis_Egyetem_2022_evi_koltsegvetese.pdf\">Elemi k\u00f6lts\u00e9gvet\u00e9se, sz\u00e1mszaki \u00e9s sz\u00f6veges besz\u00e1mol\u00f3<\/a><\/li>\n<li><a href=\"https:\/\/semmelweis.hu\/jogigfoig\/files\/2023\/11\/2022.-evi-eves-beszamolo.pdf\">F\u00fcggetlen k\u00f6nyvvizsg\u00e1l\u00f3i jelent\u00e9s, \u00e9ves besz\u00e1mol\u00f3 \u00e9s k\u00f6zhaszn\u00fas\u00e1gi mell\u00e9klet \u00a0&#8211; 2022.01.01-2022.12.31 <\/a><\/li>\n<\/ul>\n<p><strong>2021. \u00e9v:<\/strong><\/p>\n<ul>\n<li><a href=\"https:\/\/semmelweis.hu\/jogigfoig\/files\/2021\/05\/Elemi_koltsegvetes_2021.pdf\">Elemi k\u00f6lts\u00e9gvet\u00e9s<\/a><\/li>\n<li><a href=\"https:\/\/semmelweis.hu\/jogigfoig\/files\/2022\/07\/Semmelweis-Egyetem_2021.01_07_eves-koltsegvetesi-beszamolo.pdf\">\u00c9ves k\u00f6lts\u00e9gvet\u00e9si besz\u00e1mol\u00f3 &#8211; 2021.01.01 &#8211; 2021.07.31.<\/a><\/li>\n<li><a href=\"https:\/\/semmelweis.hu\/jogigfoig\/files\/2022\/06\/Eves-beszamolo-elfogadasa.pdf\">\u00c9ves besz\u00e1mol\u00f3 &#8211; 2021.08.01 &#8211; 2021.12.31<\/a><\/li>\n<li><a href=\"https:\/\/semmelweis.hu\/jogigfoig\/files\/2022\/06\/SE-Eves-beszamolo.pdf\">F\u00fcggetlen k\u00f6nyvvizsg\u00e1l\u00f3i jelent\u00e9s<\/a><\/li>\n<\/ul>\n<p><strong>2020. \u00e9v:<\/strong><\/p>\n<ul>\n<li><a href=\"https:\/\/semmelweis.hu\/jogigfoig\/files\/2021\/05\/Elemi_koltsegvetes_II_2020.pdf\">Elemi k\u00f6lts\u00e9gvet\u00e9s II.\u00a0<\/a><\/li>\n<li><a href=\"https:\/\/semmelweis.hu\/jogigfoig\/files\/2022\/01\/SE_2020Eves-ktgvbeszamolo.pdf\">\u00c9ves k\u00f6lts\u00e9gvet\u00e9si besz\u00e1mol\u00f3<\/a><\/li>\n<\/ul>\n<p><strong>2019. \u00e9v:<\/strong><\/p>\n<ul>\n<li><a href=\"https:\/\/semmelweis.hu\/jogigfoig\/files\/2021\/02\/Eves_koltsegvetesi_beszamolo_2019.pdf\">\u00c9ves k\u00f6lts\u00e9gvet\u00e9si besz\u00e1mol\u00f3<\/a><\/li>\n<li><a href=\"https:\/\/semmelweis.hu\/jogigfoig\/files\/2019\/09\/Elemi-k%C3%B6lts%C3%A9gvet%C3%A9s-I.-2019..pdf\">Elemi k\u00f6lts\u00e9gvet\u00e9s I.<\/a><\/li>\n<li><a href=\"https:\/\/semmelweis.hu\/jogigfoig\/files\/2019\/09\/Elemi-k%C3%B6lts%C3%A9gvet%C3%A9s-II.-2019..pdf\">Elemi k\u00f6lts\u00e9gvet\u00e9s II.<\/a><\/li>\n<\/ul>\n<p><em><strong>2018. \u00e9v:<\/strong><\/em><\/p>\n<ul>\n<li><a href=\"https:\/\/semmelweis.hu\/jogigfoig\/files\/2019\/09\/%C3%89ves-k%C3%B6lts%C3%A9gvet%C3%A9si-besz%C3%A1mol%C3%B3-2018..pdf\">\u00c9ves k\u00f6lts\u00e9gvet\u00e9si besz\u00e1mol\u00f3<\/a><\/li>\n<li><a href=\"https:\/\/semmelweis.hu\/jogigfoig\/files\/2018\/04\/elemi_koltsegvetes_2018.pdf\">Elemi k\u00f6lts\u00e9gvet\u00e9s<\/a><\/li>\n<li><a href=\"https:\/\/semmelweis.hu\/jogigfoig\/files\/2019\/10\/Gazdalkodasi_tevekenyseg_szoveges_ertekelese_2018.pdf\">Gazd\u00e1lkod\u00e1si tev\u00e9kenys\u00e9g sz\u00f6veges \u00e9rt\u00e9kel\u00e9se<\/a><\/li>\n<\/ul>\n<p><strong><em>2017. \u00e9v:<\/em><\/strong><\/p>\n<ul>\n<li><a href=\"https:\/\/semmelweis.hu\/jogigfoig\/files\/2018\/05\/2017_evi_koltsegvetesi_beszamolo.pdf\">\u00c9ves k\u00f6lts\u00e9gvet\u00e9si besz\u00e1mol\u00f3<\/a><\/li>\n<li><a href=\"https:\/\/semmelweis.hu\/jogigfoig\/files\/2012\/08\/2017_elemi_koltsegvetes.pdf\">Elemi k\u00f6lts\u00e9gvet\u00e9s<\/a><\/li>\n<\/ul>\n<p><em><strong>2016. \u00e9v:<\/strong><\/em><\/p>\n<ul>\n<li><a href=\"https:\/\/semmelweis.hu\/jogigfoig\/files\/2012\/08\/2016_eves_koltsegvetesi_beszamolo.pdf\" target=\"_blank\" rel=\"noopener noreferrer\">\u00c9ves k\u00f6lts\u00e9gvet\u00e9si besz\u00e1mol\u00f3<\/a><\/li>\n<li><a href=\"https:\/\/semmelweis.hu\/jogigfoig\/files\/2012\/08\/Elemi_koltsegvetes_2016.pdf\" target=\"_blank\" rel=\"noopener noreferrer\">Elemi k\u00f6lts\u00e9gvet\u00e9s<\/a><\/li>\n<\/ul>\n<p><em><strong>2015. \u00e9v:<\/strong><\/em><\/p>\n<ul>\n<li><a href=\"https:\/\/semmelweis.hu\/jogigfoig\/files\/2012\/08\/Eves_beszamolo_2015.pdf\" target=\"_blank\" rel=\"noopener noreferrer\">\u00c9ves k\u00f6lts\u00e9gvet\u00e9si besz\u00e1mol\u00f3<\/a><\/li>\n<li><a href=\"https:\/\/semmelweis.hu\/jogigfoig\/files\/2015\/10\/2015_Elemi_koltsegvetes.pdf\" target=\"_blank\" rel=\"noopener noreferrer\">Elemi k\u00f6lts\u00e9gvet\u00e9s<\/a><\/li>\n<\/ul>\n<p><em><strong>2014. \u00e9v:<\/strong><\/em><\/p>\n<ul>\n<li><a href=\"https:\/\/semmelweis.hu\/jogigfoig\/files\/2015\/10\/2014_Eves_beszamolo.pdf\" target=\"_blank\" rel=\"noopener noreferrer\">\u00c9ves besz\u00e1mol\u00f3<\/a><\/li>\n<li><a href=\"https:\/\/semmelweis.hu\/rektori-hivatal\/files\/2015\/03\/2014_Elemi_koltsegvetes.pdf\" target=\"_blank\" rel=\"noopener noreferrer\">Elemi k\u00f6lts\u00e9gvet\u00e9s<\/a><\/li>\n<\/ul>\n<p><em><strong>2013. \u00e9v:<\/strong><\/em><\/p>\n<ul>\n<li><a href=\"https:\/\/semmelweis.hu\/rektori-hivatal\/files\/2015\/03\/2013_Eves_beszamolo.pdf\" target=\"_blank\" rel=\"noopener noreferrer\">\u00c9ves besz\u00e1mol\u00f3<\/a><\/li>\n<li><a href=\"https:\/\/semmelweis.hu\/rektori-hivatal\/files\/2013\/05\/2013-Elemi-k%C3%B6lts%C3%A9gvet%C3%A9s.pdf\" target=\"_blank\" rel=\"noopener noreferrer\">Elemi k\u00f6lts\u00e9gvet\u00e9s<\/a><\/li>\n<\/ul>\n<p><em><strong>2012. \u00e9v:<\/strong><\/em><\/p>\n<ul>\n<li><a href=\"https:\/\/semmelweis.hu\/rektori-hivatal\/files\/2013\/05\/2012-%C3%89ves-besz%C3%A1mol%C3%B3.pdf\" target=\"_blank\" rel=\"noopener noreferrer\">\u00c9ves besz\u00e1mol\u00f3<\/a><\/li>\n<li><a href=\"https:\/\/semmelweis.hu\/rektori-hivatal\/files\/2012\/07\/4_A-Semmelweis-Egyetem-2012_%C3%A9vi-Elemi-koltsegvetese-feladott.pdf\" target=\"_blank\" rel=\"noopener noreferrer\">Elemi k\u00f6lts\u00e9gvet\u00e9s<\/a><\/li>\n<\/ul>\n<p><em><strong>2011. \u00e9v:<\/strong><\/em><\/p>\n<ul>\n<li><a href=\"https:\/\/semmelweis.hu\/rektori-hivatal\/files\/2012\/07\/4_Semmelweis-Egyetem_2011-%C3%89ves-besz%C3%A1mol%C3%B3-feladott.pdf\" target=\"_blank\" rel=\"noopener noreferrer\">\u00c9ves besz\u00e1mol\u00f3<\/a><\/li>\n<li><a href=\"https:\/\/semmelweis.hu\/jogigfoig\/files\/2019\/09\/2011.-%C3%A9vi-k%C3%B6lts%C3%A9gvet%C3%A9s.pdf\">Elemi k\u00f6lts\u00e9gvet\u00e9s<\/a><\/li>\n<li><a href=\"https:\/\/semmelweis.hu\/rektori-hivatal\/files\/2012\/07\/4_Semmelweis-Egyetem-_2011_Merleg_IV_negyedev.pdf\" target=\"_blank\" rel=\"noopener noreferrer\">\u00c9ves m\u00e9rleg \u2013 IV. negyed\u00e9v<\/a><\/li>\n<li><a href=\"https:\/\/semmelweis.hu\/rektori-hivatal\/files\/2012\/07\/4_A-Semmelweis-Egyetem-2011_%C3%A9vi-gazd%C3%A1lkod%C3%A1si-tev%C3%A9kenys%C3%A9g%C3%A9nek-sz%C3%B6veges-%C3%A9rt%C3%A9kel%C3%A9se.pdf\" target=\"_blank\" rel=\"noopener noreferrer\">Gazd\u00e1lkod\u00e1si tev\u00e9kenys\u00e9g sz\u00f6veges \u00e9rt\u00e9kel\u00e9se<\/a><\/li>\n<li><a href=\"https:\/\/semmelweis.hu\/rektori-hivatal\/files\/2012\/07\/4_-A-Semmelweis-Egyetem-2011_%C3%A9vi-gazd%C3%A1lkod%C3%A1si-tev%C3%A9kenys%C3%A9g%C3%A9nek-sz%C3%B6veges-%C3%A9rt%C3%A9kel%C3%A9s%C3%A9nek-mell%C3%A9klete.pdf\" target=\"_blank\" rel=\"noopener noreferrer\">Gazd\u00e1lkod\u00e1si tev\u00e9kenys\u00e9g sz\u00f6veges \u00e9rt\u00e9kel\u00e9s\u00e9nek mell\u00e9klete<\/a><\/li>\n<\/ul>\n<p>&nbsp;<\/p>\n<p>&nbsp;<\/p>\n<p>&nbsp;<\/p>\n","protected":false},"excerpt":{"rendered":"<p>2024. \u00e9v: <a href=\"https:\/\/semmelweis.hu\/jogigfoig\/files\/2025\/05\/Osszefoglalo_SE-2024-evi-intezmenyi-koltsegvetese-es-modositasa.pdf\">A Semmelweis Egyetem 2024. \u00e9vi Int\u00e9zm\u00e9nyi k\u00f6lts\u00e9gvet\u00e9se \u00e9s a 2024. \u00e9vi m\u00f3dos\u00edtott Int\u00e9zm\u00e9nyi k\u00f6lts\u00e9gvet\u00e9se<\/a> 2023. \u00e9v: <a href=\"https:\/\/semmelweis.hu\/jogigfoig\/files\/2023\/06\/Osszefoglalo-SE-2023-evi-vezetoi-koltsegvetes.pdf\">\u00c9ves k\u00f6lts\u00e9gvet\u00e9si besz\u00e1mol\u00f3 \u2013 2023<\/a> 2022. \u00e9v: <a href=\"https:\/\/semmelweis.hu\/jogigfoig\/files\/2023\/06\/2022.evi-eves-beszamolo_2.szamu-melleklettel.pdf\">\u00c9ves besz\u00e1mol\u00f3 &#8211; 2022.01.01 &#8211; 2022.12.31.<\/a> <a href=\"https:\/\/semmelweis.hu\/jogigfoig\/files\/2022\/05\/A_Semmelweis_Egyetem_2022_evi_koltsegvetese.pdf\">Elemi k\u00f6lts\u00e9gvet\u00e9se, sz\u00e1mszaki \u00e9s sz\u00f6veges besz\u00e1mol\u00f3<\/a> <a href=\"https:\/\/semmelweis.hu\/jogigfoig\/files\/2023\/11\/2022.-evi-eves-beszamolo.pdf\">F\u00fcggetlen k\u00f6nyvvizsg\u00e1l\u00f3i jelent\u00e9s, \u00e9ves besz\u00e1mol\u00f3 \u00e9s k\u00f6zhaszn\u00fas\u00e1gi mell\u00e9klet \u00a0&#8211; 2022.01.01-2022.12.31 <\/a> 2021. \u00e9v: <a href=\"https:\/\/semmelweis.hu\/jogigfoig\/files\/2021\/05\/Elemi_koltsegvetes_2021.pdf\">Elemi k\u00f6lts\u00e9gvet\u00e9s<\/a> <a href=\"https:\/\/semmelweis.hu\/jogigfoig\/files\/2022\/07\/Semmelweis-Egyetem_2021.01_07_eves-koltsegvetesi-beszamolo.pdf\">\u00c9ves k\u00f6lts\u00e9gvet\u00e9si besz\u00e1mol\u00f3 &#8211; 2021.01.01 &#8211; 2021.07.31.<\/a> <a href=\"https:\/\/semmelweis.hu\/jogigfoig\/files\/2022\/06\/Eves-beszamolo-elfogadasa.pdf\">\u00c9ves besz\u00e1mol\u00f3 &#8211; 2021.08.01 &#8211; 2021.12.31<\/a> <a href=\"https:\/\/semmelweis.hu\/jogigfoig\/files\/2022\/06\/SE-Eves-beszamolo.pdf\">F\u00fcggetlen k\u00f6nyvvizsg\u00e1l\u00f3i jelent\u00e9s<\/a> 2020. \u00e9v: <a href=\"https:\/\/semmelweis.hu\/jogigfoig\/files\/2021\/05\/Elemi_koltsegvetes_II_2020.pdf\">Elemi k\u00f6lts\u00e9gvet\u00e9s II.\u00a0<\/a> <a href=\"https:\/\/semmelweis.hu\/jogigfoig\/files\/2022\/01\/SE_2020Eves-ktgvbeszamolo.pdf\">\u00c9ves k\u00f6lts\u00e9gvet\u00e9si besz\u00e1mol\u00f3<\/a> 2019. \u00e9v: <a href=\"https:\/\/semmelweis.hu\/jogigfoig\/files\/2021\/02\/Eves_koltsegvetesi_beszamolo_2019.pdf\">\u00c9ves k\u00f6lts\u00e9gvet\u00e9si besz\u00e1mol\u00f3<\/a> <a href=\"https:\/\/semmelweis.hu\/jogigfoig\/files\/2019\/09\/Elemi-k%C3%B6lts%C3%A9gvet%C3%A9s-I.-2019..pdf\">Elemi k\u00f6lts\u00e9gvet\u00e9s I.<\/a> <a href=\"https:\/\/semmelweis.hu\/jogigfoig\/files\/2019\/09\/Elemi-k%C3%B6lts%C3%A9gvet%C3%A9s-II.-2019..pdf\">Elemi k\u00f6lts\u00e9gvet\u00e9s II.<\/a> 2018. \u00e9v: <a href=\"https:\/\/semmelweis.hu\/jogigfoig\/files\/2019\/09\/%C3%89ves-k%C3%B6lts%C3%A9gvet%C3%A9si-besz%C3%A1mol%C3%B3-2018..pdf\">\u00c9ves k\u00f6lts\u00e9gvet\u00e9si besz\u00e1mol\u00f3<\/a> <a href=\"https:\/\/semmelweis.hu\/jogigfoig\/files\/2018\/04\/elemi_koltsegvetes_2018.pdf\">Elemi k\u00f6lts\u00e9gvet\u00e9s<\/a> <a href=\"https:\/\/semmelweis.hu\/jogigfoig\/files\/2019\/10\/Gazdalkodasi_tevekenyseg_szoveges_ertekelese_2018.pdf\">Gazd\u00e1lkod\u00e1si tev\u00e9kenys\u00e9g sz\u00f6veges \u00e9rt\u00e9kel\u00e9se<\/a> 2017. \u00e9v: <a href=\"https:\/\/semmelweis.hu\/jogigfoig\/files\/2018\/05\/2017_evi_koltsegvetesi_beszamolo.pdf\">\u00c9ves k\u00f6lts\u00e9gvet\u00e9si besz\u00e1mol\u00f3<\/a> <a href=\"https:\/\/semmelweis.hu\/jogigfoig\/files\/2012\/08\/2017_elemi_koltsegvetes.pdf\">Elemi k\u00f6lts\u00e9gvet\u00e9s<\/a> 2016. \u00e9v: <a href=\"https:\/\/semmelweis.hu\/jogigfoig\/files\/2012\/08\/2016_eves_koltsegvetesi_beszamolo.pdf\" target=\"_blank\" rel=\"noopener noreferrer\">\u00c9ves k\u00f6lts\u00e9gvet\u00e9si besz\u00e1mol\u00f3<\/a> <a href=\"https:\/\/semmelweis.hu\/jogigfoig\/files\/2012\/08\/Elemi_koltsegvetes_2016.pdf\" target=\"_blank\" rel=\"noopener noreferrer\">Elemi k\u00f6lts\u00e9gvet\u00e9s<\/a> 2015. \u00e9v: <a href=\"https:\/\/semmelweis.hu\/jogigfoig\/files\/2012\/08\/Eves_beszamolo_2015.pdf\" target=\"_blank\" rel=\"noopener noreferrer\">\u00c9ves k\u00f6lts\u00e9gvet\u00e9si besz\u00e1mol\u00f3<\/a> <a href=\"https:\/\/semmelweis.hu\/jogigfoig\/files\/2015\/10\/2015_Elemi_koltsegvetes.pdf\" target=\"_blank\" rel=\"noopener noreferrer\">Elemi k\u00f6lts\u00e9gvet\u00e9s<\/a> 2014. \u00e9v: <a href=\"https:\/\/semmelweis.hu\/jogigfoig\/files\/2015\/10\/2014_Eves_beszamolo.pdf\" target=\"_blank\" rel=\"noopener noreferrer\">\u00c9ves besz\u00e1mol\u00f3<\/a> <a href=\"https:\/\/semmelweis.hu\/rektori-hivatal\/files\/2015\/03\/2014_Elemi_koltsegvetes.pdf\" target=\"_blank\" rel=\"noopener noreferrer\">Elemi k\u00f6lts\u00e9gvet\u00e9s<\/a> 2013. \u00e9v: <a href=\"https:\/\/semmelweis.hu\/rektori-hivatal\/files\/2015\/03\/2013_Eves_beszamolo.pdf\" target=\"_blank\" rel=\"noopener noreferrer\">\u00c9ves besz\u00e1mol\u00f3<\/a> <a href=\"https:\/\/semmelweis.hu\/rektori-hivatal\/files\/2013\/05\/2013-Elemi-k%C3%B6lts%C3%A9gvet%C3%A9s.pdf\" target=\"_blank\" rel=\"noopener noreferrer\">Elemi k\u00f6lts\u00e9gvet\u00e9s<\/a> 2012. \u00e9v: <a href=\"https:\/\/semmelweis.hu\/rektori-hivatal\/files\/2013\/05\/2012-%C3%89ves-besz%C3%A1mol%C3%B3.pdf\" target=\"_blank\" rel=\"noopener noreferrer\">\u00c9ves besz\u00e1mol\u00f3<\/a> <a href=\"https:\/\/semmelweis.hu\/rektori-hivatal\/files\/2012\/07\/4_A-Semmelweis-Egyetem-2012_%C3%A9vi-Elemi-koltsegvetese-feladott.pdf\" target=\"_blank\" rel=\"noopener noreferrer\">Elemi k\u00f6lts\u00e9gvet\u00e9s<\/a> 2011. \u00e9v: <a href=\"https:\/\/semmelweis.hu\/rektori-hivatal\/files\/2012\/07\/4_Semmelweis-Egyetem_2011-%C3%89ves-besz%C3%A1mol%C3%B3-feladott.pdf\" target=\"_blank\" rel=\"noopener noreferrer\">\u00c9ves besz\u00e1mol\u00f3<\/a> <a href=\"https:\/\/semmelweis.hu\/jogigfoig\/files\/2019\/09\/2011.-%C3%A9vi-k%C3%B6lts%C3%A9gvet%C3%A9s.pdf\">Elemi k\u00f6lts\u00e9gvet\u00e9s<\/a> <a href=\"https:\/\/semmelweis.hu\/rektori-hivatal\/files\/2012\/07\/4_Semmelweis-Egyetem-_2011_Merleg_IV_negyedev.pdf\" target=\"_blank\" rel=\"noopener noreferrer\">\u00c9ves m\u00e9rleg \u2013 IV. negyed\u00e9v<\/a> <a href=\"https:\/\/semmelweis.hu\/rektori-hivatal\/files\/2012\/07\/4_A-Semmelweis-Egyetem-2011_%C3%A9vi-gazd%C3%A1lkod%C3%A1si-tev%C3%A9kenys%C3%A9g%C3%A9nek-sz%C3%B6veges-%C3%A9rt%C3%A9kel%C3%A9se.pdf\" target=\"_blank\" rel=\"noopener noreferrer\">Gazd\u00e1lkod\u00e1si tev\u00e9kenys\u00e9g sz\u00f6veges \u00e9rt\u00e9kel\u00e9se<\/a> <a href=\"https:\/\/semmelweis.hu\/rektori-hivatal\/files\/2012\/07\/4_-A-Semmelweis-Egyetem-2011_%C3%A9vi-gazd%C3%A1lkod%C3%A1si-tev%C3%A9kenys%C3%A9g%C3%A9nek-sz%C3%B6veges-%C3%A9rt%C3%A9kel%C3%A9s%C3%A9nek-mell%C3%A9klete.pdf\" target=\"_blank\" rel=\"noopener noreferrer\">Gazd\u00e1lkod\u00e1si tev\u00e9kenys\u00e9g sz\u00f6veges \u00e9rt\u00e9kel\u00e9s\u00e9nek mell\u00e9klete<\/a> &nbsp; &nbsp; &hellip;<\/p>\n","protected":false},"author":101467,"featured_media":0,"parent":851,"menu_order":0,"comment_status":"closed","ping_status":"closed","template":"","meta":{"_acf_changed":false,"footnotes":""},"categories":[],"tags":[],"class_list":["post-82511","page","type-page","status-publish","hentry"],"acf":[],"_links":{"self":[{"href":"https:\/\/semmelweis.hu\/jogigfoig\/wp-json\/wp\/v2\/pages\/82511","targetHints":{"allow":["GET"]}}],"collection":[{"href":"https:\/\/semmelweis.hu\/jogigfoig\/wp-json\/wp\/v2\/pages"}],"about":[{"href":"https:\/\/semmelweis.hu\/jogigfoig\/wp-json\/wp\/v2\/types\/page"}],"author":[{"embeddable":true,"href":"https:\/\/semmelweis.hu\/jogigfoig\/wp-json\/wp\/v2\/users\/101467"}],"replies":[{"embeddable":true,"href":"https:\/\/semmelweis.hu\/jogigfoig\/wp-json\/wp\/v2\/comments?post=82511"}],"version-history":[{"count":10,"href":"https:\/\/semmelweis.hu\/jogigfoig\/wp-json\/wp\/v2\/pages\/82511\/revisions"}],"predecessor-version":[{"id":98660,"href":"https:\/\/semmelweis.hu\/jogigfoig\/wp-json\/wp\/v2\/pages\/82511\/revisions\/98660"}],"up":[{"embeddable":true,"href":"https:\/\/semmelweis.hu\/jogigfoig\/wp-json\/wp\/v2\/pages\/851"}],"wp:attachment":[{"href":"https:\/\/semmelweis.hu\/jogigfoig\/wp-json\/wp\/v2\/media?parent=82511"}],"wp:term":[{"taxonomy":"category","embeddable":true,"href":"https:\/\/semmelweis.hu\/jogigfoig\/wp-json\/wp\/v2\/categories?post=82511"},{"taxonomy":"post_tag","embeddable":true,"href":"https:\/\/semmelweis.hu\/jogigfoig\/wp-json\/wp\/v2\/tags?post=82511"}],"curies":[{"name":"wp","href":"https:\/\/api.w.org\/{rel}","templated":true}]}}