{"id":82454,"date":"2021-11-05T14:37:53","date_gmt":"2021-11-05T13:37:53","guid":{"rendered":"https:\/\/semmelweis.hu\/jogigfoig\/?page_id=82454"},"modified":"2024-07-25T10:57:35","modified_gmt":"2024-07-25T08:57:35","slug":"2021-november-2","status":"publish","type":"page","link":"https:\/\/semmelweis.hu\/jogigfoig\/testuletek\/szenatus\/2021-evi-szenatusi-hatarozatok\/2021-november-2\/","title":{"rendered":"2021. november 2."},"content":{"rendered":"<p style=\"text-align: justify\"><a href=\"https:\/\/semmelweis.hu\/jogigfoig\/files\/2021\/11\/N_8_2021_hat\u00e1rozat.pdf\">A Semmelweis Egyetem\u00a0Szen\u00e1tus\u00e1nak N-8.2021. (XI.02.) sz\u00e1m\u00fa hat\u00e1rozata a szen\u00e1tusi \u00fcl\u00e9s napirendj\u00e9r\u0151l<\/a><\/p>\n<p style=\"text-align: justify\"><a href=\"https:\/\/semmelweis.hu\/jogigfoig\/files\/2021\/11\/116_2021_a-Szervezeti-\u00e9s-M\u0171k\u00f6d\u00e9si-Szab\u00e1lyzat-egyes-rendelkez\u00e9seinek-m\u00f3dos\u00edt\u00e1s\u00e1r\u00f3l.pdf\">A Semmelweis Egyetem\u00a0Szen\u00e1tus\u00e1nak 116\/2021. (XI.02.) sz\u00e1m\u00fa hat\u00e1rozata a Szervezeti \u00e9s M\u0171k\u00f6d\u00e9si Szab\u00e1lyzat egyes rendelkez\u00e9seinek m\u00f3dos\u00edt\u00e1s\u00e1r\u00f3l<\/a><\/p>\n<p style=\"text-align: justify\"><a href=\"https:\/\/semmelweis.hu\/jogigfoig\/files\/2021\/11\/116_2021_Mell\u00e9klet.pdf\">A Semmelweis Egyetem Szen\u00e1tus\u00e1nak 116\/2021. (XI.02.) sz\u00e1m\u00fa hat\u00e1rozata a Szervezeti \u00e9s M\u0171k\u00f6d\u00e9si Szab\u00e1lyzat egyes rendelkez\u00e9seinek m\u00f3dos\u00edt\u00e1s\u00e1r\u00f3l &#8211; 1. sz\u00e1m\u00fa mell\u00e9klet<\/a><\/p>\n<p style=\"text-align: justify\"><a href=\"https:\/\/semmelweis.hu\/jogigfoig\/files\/2021\/11\/117_2021_a-Bp-i-Egyetemi-V\u00edv\u00f3-Club-alap\u00edt\u00e1s\u00e1r\u00f3l.pdf\">A Semmelweis Egyetem Szen\u00e1tus\u00e1nak 117\/2021. (XI.02.) sz\u00e1m\u00fa hat\u00e1rozata a Budapesti Egyetemi V\u00edv\u00f3 Club Kft. alap\u00edt\u00e1s\u00e1r\u00f3l<\/a><\/p>\n<p style=\"text-align: justify\"><a href=\"https:\/\/semmelweis.hu\/jogigfoig\/files\/2021\/11\/118_2021_az-Egyetem-2022.-\u00e9vi-int\u00e9zm\u00e9nyi-k\u00f6lts\u00e9gvet\u00e9st-megalapoz\u00f3-koncepci\u00f3.pdf\">A Semmelweis Egyetem\u00a0Szen\u00e1tus\u00e1nak 118\/2021. (XI.02.) sz\u00e1m\u00fa hat\u00e1rozata az Egyetem 2022. \u00e9vi int\u00e9zm\u00e9nyi k\u00f6lts\u00e9gvet\u00e9st megalapoz\u00f3 koncepci\u00f3 j\u00f3v\u00e1hagy\u00e1s\u00e1r\u00f3l<\/a><\/p>\n<p style=\"text-align: justify\"><a href=\"https:\/\/semmelweis.hu\/jogigfoig\/files\/2021\/11\/119_2021_a-Semmelweis-Egyetem-Szervezeti-\u00e9s-M\u0171k\u00f6d\u00e9si-Szab\u00e1lyzat-III.-K\u00f6nyv-Hallgat\u00f3-k\u00f6vetelm\u00e9nyrendszer-III.1.-R\u00e9sz-Felv\u00e9teli-Szab\u00e1lyzat-m\u00f3dos\u00edt\u00e1s\u00e1r\u00f3l.pdf\">A Semmelweis Egyetem\u00a0Szen\u00e1tus\u00e1nak 119\/2021. (XI.02.) sz\u00e1m\u00fa hat\u00e1rozata a Semmelweis Egyetem Szervezeti \u00e9s M\u0171k\u00f6d\u00e9si Szab\u00e1lyzat III. K\u00f6nyv Hallgat\u00f3 k\u00f6vetelm\u00e9nyrendszer III.1. R\u00e9sz Felv\u00e9teli Szab\u00e1lyzat m\u00f3dos\u00edt\u00e1s\u00e1r\u00f3l<\/a><\/p>\n<p style=\"text-align: justify\"><a href=\"https:\/\/semmelweis.hu\/jogigfoig\/files\/2021\/11\/119_2021_Mell\u00e9klet.pdf\">A Semmelweis Egyetem Szen\u00e1tus\u00e1nak 119\/2021. (XI.02.) sz\u00e1m\u00fa hat\u00e1rozata a Semmelweis Egyetem Szervezeti \u00e9s M\u0171k\u00f6d\u00e9si Szab\u00e1lyzat III. K\u00f6nyv Hallgat\u00f3 k\u00f6vetelm\u00e9nyrendszer III.1. R\u00e9sz Felv\u00e9teli Szab\u00e1lyzat m\u00f3dos\u00edt\u00e1s\u00e1r\u00f3l &#8211; 1. sz\u00e1m\u00fa mell\u00e9klet<\/a><\/p>\n<p style=\"text-align: justify\"><a href=\"https:\/\/semmelweis.hu\/jogigfoig\/files\/2021\/11\/120_2021_a-\u201eZen\u00e9l\u0151-orvostanhallgat\u00f3k-\u2013-a-Medikus-Zenekar\u201d-c\u00edm\u0171.pdf\">A Semmelweis Egyetem\u00a0Szen\u00e1tus\u00e1nak 120\/2021. (XI.02.) sz\u00e1m\u00fa hat\u00e1rozata a \u201eZen\u00e9l\u0151 orvostanhallgat\u00f3k \u2013 a Medikus Zenekar\u201d c\u00edm\u0171 szabadon v\u00e1laszthat\u00f3 tant\u00e1rgy bevezet\u00e9s\u00e9r\u0151l<\/a><\/p>\n<p style=\"text-align: justify\"><a href=\"https:\/\/semmelweis.hu\/jogigfoig\/files\/2021\/11\/120_2021_Mell\u00e9klet.pdf\">A Semmelweis Egyetem Szen\u00e1tus\u00e1nak 120\/2021. (XI.02.) sz\u00e1m\u00fa hat\u00e1rozata a \u201eZen\u00e9l\u0151 orvostanhallgat\u00f3k \u2013 a Medikus Zenekar\u201d c\u00edm\u0171 szabadon v\u00e1laszthat\u00f3 tant\u00e1rgy bevezet\u00e9s\u00e9r\u0151l &#8211; 1. sz\u00e1m\u00fa mell\u00e9klet<\/a><\/p>\n<p style=\"text-align: justify\"><a href=\"https:\/\/semmelweis.hu\/jogigfoig\/files\/2021\/11\/121_2021_a-Semmelweis-Egyetem-Szaknyelvi-Int\u00e9zet\u00e9nek-eg\u00e9szs\u00e9gtudom\u00e1nyi-szakford\u00edt\u00f3-tolm\u00e1cs-posztgradu\u00e1lis-k\u00e9pz\u00e9s\u00e9nek-ind\u00edt\u00e1s\u00e1r\u00f3l-n\u00e9met-magyar-nyelvp\u00e1rban.pdf\">A Semmelweis Egyetem\u00a0Szen\u00e1tus\u00e1nak 121\/2021. (XI.02.) sz\u00e1m\u00fa hat\u00e1rozata a Semmelweis Egyetem Szaknyelvi Int\u00e9zet\u00e9nek eg\u00e9szs\u00e9gtudom\u00e1nyi szakford\u00edt\u00f3-tolm\u00e1cs posztgradu\u00e1lis k\u00e9pz\u00e9s\u00e9nek ind\u00edt\u00e1s\u00e1r\u00f3l n\u00e9met-magyar nyelvp\u00e1rban<\/a><\/p>\n<p style=\"text-align: justify\"><a href=\"https:\/\/semmelweis.hu\/jogigfoig\/files\/2024\/07\/121_2021_Melleklet.pdf\">A Semmelweis Egyetem\u00a0Szen\u00e1tus\u00e1nak 121\/2021. (XI.02.) sz\u00e1m\u00fa hat\u00e1rozata a Semmelweis Egyetem Szaknyelvi Int\u00e9zet\u00e9nek eg\u00e9szs\u00e9gtudom\u00e1nyi szakford\u00edt\u00f3-tolm\u00e1cs posztgradu\u00e1lis k\u00e9pz\u00e9s\u00e9nek ind\u00edt\u00e1s\u00e1r\u00f3l n\u00e9met-magyar nyelvp\u00e1rban- 1. sz\u00e1m\u00fa mell\u00e9klet<\/a><\/p>\n<p style=\"text-align: justify\"><a href=\"https:\/\/semmelweis.hu\/jogigfoig\/files\/2021\/11\/122_2021_a-Semmelweis-Szimp\u00f3zium-szab\u00e1lyzat-elfogad\u00e1s\u00e1r\u00f3l.pdf\">A Semmelweis Egyetem\u00a0Szen\u00e1tus\u00e1nak 122\/2021. (XI.02.) sz\u00e1m\u00fa hat\u00e1rozata a Semmelweis Szimp\u00f3zium szab\u00e1lyzat elfogad\u00e1s\u00e1r\u00f3l<\/a><\/p>\n<p style=\"text-align: justify\"><a href=\"https:\/\/semmelweis.hu\/jogigfoig\/files\/2021\/11\/122_2021_Mell\u00e9klet.pdf\">A Semmelweis Egyetem\u00a0Szen\u00e1tus\u00e1nak 122\/2021. (XI.02.) sz\u00e1m\u00fa hat\u00e1rozata a Semmelweis Szimp\u00f3zium szab\u00e1lyzat elfogad\u00e1s\u00e1r\u00f3l- 1. sz\u00e1m\u00fa mell\u00e9klet<\/a><\/p>\n<p style=\"text-align: justify\"><a href=\"https:\/\/semmelweis.hu\/jogigfoig\/files\/2021\/11\/123_2021_a-Semmelweis-Tudom\u00e1nyos-\u00e9s-\u00dczleti-Szalon-programsorozat-mint-\u00faj-szabadon-v\u00e1laszthat\u00f3-tant\u00e1rgy-bevezet\u00e9s\u00e9r\u0151l.pdf\">A Semmelweis Egyetem Szen\u00e1tus\u00e1nak\u00a0123\/2021. (XI.02.) sz\u00e1m\u00fa hat\u00e1rozata a Semmelweis Tudom\u00e1nyos \u00e9s \u00dczleti Szalon programsorozat, mint \u00faj szabadon v\u00e1laszthat\u00f3 tant\u00e1rgy bevezet\u00e9s\u00e9r\u0151l<\/a><\/p>\n<p style=\"text-align: justify\"><a href=\"https:\/\/semmelweis.hu\/jogigfoig\/files\/2021\/11\/124_2021_a-Plasztikai-Seb\u00e9szeti-Tansz\u00e9ki-Csoport-Seb\u00e9szeti-Transzplant\u00e1ci\u00f3s-\u00e9s-Gasztroenterol\u00f3giai-Klinika-al\u00e1-t\u00f6rt\u00e9n\u0151-integr\u00e1l\u00e1s\u00e1r\u00f3l.pdf\">A Semmelweis Egyetem Szen\u00e1tus\u00e1nak\u00a0124\/2021. (XI.02.) sz\u00e1m\u00fa hat\u00e1rozata a Plasztikai Seb\u00e9szeti Tansz\u00e9ki Csoport Seb\u00e9szeti, Transzplant\u00e1ci\u00f3s \u00e9s Gasztroenterol\u00f3giai Klinika al\u00e1 t\u00f6rt\u00e9n\u0151 integr\u00e1l\u00e1s\u00e1r\u00f3l<\/a><\/p>\n<p style=\"text-align: justify\"><a href=\"https:\/\/semmelweis.hu\/jogigfoig\/files\/2021\/11\/125_2021_az-Obezitol\u00f3giai-Tansz\u00e9ki-Csoport-l\u00e9trehoz\u00e1s\u00e1r\u00f3l-a-V\u00e1rosmajori-Sz\u00edv-\u00e9s-\u00c9rgy\u00f3gy\u00e1szati-Klinik\u00e1hoz-rendelten.pdf\">A Semmelweis Egyetem\u00a0Szen\u00e1tus\u00e1nak 125\/2021. (XI.02.) sz\u00e1m\u00fa hat\u00e1rozata\u00a0az Obezitol\u00f3giai Tansz\u00e9ki Csoport l\u00e9trehoz\u00e1s\u00e1r\u00f3l a V\u00e1rosmajori Sz\u00edv- \u00e9s \u00c9rgy\u00f3gy\u00e1szati Klinik\u00e1hoz rendelten<\/a><\/p>\n<p style=\"text-align: justify\"><a href=\"https:\/\/semmelweis.hu\/jogigfoig\/files\/2021\/11\/126_2021_a-Funkcion\u00e1lis-Idegseb\u00e9szeti-Tansz\u00e9ki-Csoport-l\u00e9trehoz\u00e1s\u00e1r\u00f3l-az-Idegseb\u00e9szeti-Tansz\u00e9khez-rendelten.pdf\">A Semmelweis Egyetem\u00a0Szen\u00e1tus\u00e1nak 126\/2021. (XI.02.) sz\u00e1m\u00fa hat\u00e1rozata a Funkcion\u00e1lis Idegseb\u00e9szeti Tansz\u00e9ki Csoport l\u00e9trehoz\u00e1s\u00e1r\u00f3l az Idegseb\u00e9szeti Tansz\u00e9khez rendelten<\/a><\/p>\n<p style=\"text-align: justify\"><a href=\"https:\/\/semmelweis.hu\/jogigfoig\/files\/2021\/11\/127_2021_a-Szen\u00e1tus-\u00e1ltal-l\u00e9trehozott-Pet\u0151-Andr\u00e1s-Karon-m\u0171k\u00f6d\u0151-\u00e1lland\u00f3-bizotts\u00e1gok-\u00fcgyrendj\u00e9nek-j\u00f3v\u00e1hagy\u00e1s\u00e1r\u00f3l.pdf\">A Semmelweis Egyetem\u00a0Szen\u00e1tus\u00e1nak 127\/2021. (XI.02.) sz\u00e1m\u00fa hat\u00e1rozata\u00a0a Szen\u00e1tus \u00e1ltal l\u00e9trehozott, Pet\u0151 Andr\u00e1s Karon m\u0171k\u00f6d\u0151 \u00e1lland\u00f3 bizotts\u00e1gok \u00fcgyrendj\u00e9nek j\u00f3v\u00e1hagy\u00e1s\u00e1r\u00f3l<\/a><\/p>\n<p style=\"text-align: justify\"><a href=\"https:\/\/semmelweis.hu\/jogigfoig\/files\/2021\/11\/PAK_Etikai-\u00e9s-Fegyelmi-Bizotts\u00e1g.pdf\">A Semmelweis Egyetem Szen\u00e1tus\u00e1nak 127\/2021. (XI.02.) sz\u00e1m\u00fa hat\u00e1rozata a Szen\u00e1tus \u00e1ltal l\u00e9trehozott, Pet\u0151 Andr\u00e1s Karon m\u0171k\u00f6d\u0151 \u00e1lland\u00f3 bizotts\u00e1gok \u00fcgyrendj\u00e9nek j\u00f3v\u00e1hagy\u00e1s\u00e1r\u00f3l &#8211; 1. sz\u00e1m\u00fa mell\u00e9klet<\/a><\/p>\n<p style=\"text-align: justify\"><a href=\"https:\/\/semmelweis.hu\/jogigfoig\/files\/2021\/11\/PAK_Gyakorlati-\u00e9s-K\u00e9pz\u00e9si-Bizotts\u00e1g.pdf\">A Semmelweis Egyetem Szen\u00e1tus\u00e1nak 127\/2021. (XI.02.) sz\u00e1m\u00fa hat\u00e1rozata a Szen\u00e1tus \u00e1ltal l\u00e9trehozott, Pet\u0151 Andr\u00e1s Karon m\u0171k\u00f6d\u0151 \u00e1lland\u00f3 bizotts\u00e1gok \u00fcgyrendj\u00e9nek j\u00f3v\u00e1hagy\u00e1s\u00e1r\u00f3l &#8211; 2. sz\u00e1m\u00fa mell\u00e9klet<\/a><\/p>\n<p style=\"text-align: justify\"><a href=\"https:\/\/semmelweis.hu\/jogigfoig\/files\/2021\/11\/PAK_Kiad\u00f3i-\u00e9s-K\u00f6nyvt\u00e1r-Bizotts\u00e1g.pdf\">A Semmelweis Egyetem Szen\u00e1tus\u00e1nak 127\/2021. (XI.02.) sz\u00e1m\u00fa hat\u00e1rozata a Szen\u00e1tus \u00e1ltal l\u00e9trehozott, Pet\u0151 Andr\u00e1s Karon m\u0171k\u00f6d\u0151 \u00e1lland\u00f3 bizotts\u00e1gok \u00fcgyrendj\u00e9nek j\u00f3v\u00e1hagy\u00e1s\u00e1r\u00f3l &#8211; 3. sz\u00e1m\u00fa mell\u00e9klet<\/a><\/p>\n<p style=\"text-align: justify\"><a href=\"https:\/\/semmelweis.hu\/jogigfoig\/files\/2021\/11\/PAK_Kredit\u00e1tviteli-Bizotts\u00e1g.pdf\">A Semmelweis Egyetem Szen\u00e1tus\u00e1nak 127\/2021. (XI.02.) sz\u00e1m\u00fa hat\u00e1rozata a Szen\u00e1tus \u00e1ltal l\u00e9trehozott, Pet\u0151 Andr\u00e1s Karon m\u0171k\u00f6d\u0151 \u00e1lland\u00f3 bizotts\u00e1gok \u00fcgyrendj\u00e9nek j\u00f3v\u00e1hagy\u00e1s\u00e1r\u00f3l &#8211; 4. sz\u00e1m\u00fa mell\u00e9klet<\/a><\/p>\n<p style=\"text-align: justify\"><a href=\"https:\/\/semmelweis.hu\/jogigfoig\/files\/2021\/11\/PAK_Tanulm\u00e1nyi-\u00e9s-Vizsgabizotts\u00e1g.pdf\">A Semmelweis Egyetem Szen\u00e1tus\u00e1nak 127\/2021. (XI.02.) sz\u00e1m\u00fa hat\u00e1rozata a Szen\u00e1tus \u00e1ltal l\u00e9trehozott, Pet\u0151 Andr\u00e1s Karon m\u0171k\u00f6d\u0151 \u00e1lland\u00f3 bizotts\u00e1gok \u00fcgyrendj\u00e9nek j\u00f3v\u00e1hagy\u00e1s\u00e1r\u00f3l &#8211; 5. sz\u00e1m\u00fa mell\u00e9klet<\/a><\/p>\n<p style=\"text-align: justify\"><a href=\"https:\/\/semmelweis.hu\/jogigfoig\/files\/2021\/11\/128_2021_az-aktu\u00e1lis-vezet\u0151i-p\u00e1ly\u00e1zat-v\u00e9lem\u00e9nyez\u00e9s\u00e9r\u0151l.pdf\">A Semmelweis Egyetem\u00a0Szen\u00e1tus\u00e1nak 128\/2021. (XI.02.) sz\u00e1m\u00fa hat\u00e1rozata az aktu\u00e1lis vezet\u0151i p\u00e1ly\u00e1zat v\u00e9lem\u00e9nyez\u00e9s\u00e9r\u0151l<\/a><\/p>\n","protected":false},"excerpt":{"rendered":"<p><a href=\"https:\/\/semmelweis.hu\/jogigfoig\/files\/2021\/11\/N_8_2021_hat\u00e1rozat.pdf\">A Semmelweis Egyetem\u00a0Szen\u00e1tus\u00e1nak N-8.2021. (XI.02.) sz\u00e1m\u00fa hat\u00e1rozata a szen\u00e1tusi \u00fcl\u00e9s napirendj\u00e9r\u0151l<\/a><br \/>\n<a href=\"https:\/\/semmelweis.hu\/jogigfoig\/files\/2021\/11\/116_2021_a-Szervezeti-\u00e9s-M\u0171k\u00f6d\u00e9si-Szab\u00e1lyzat-egyes-rendelkez\u00e9seinek-m\u00f3dos\u00edt\u00e1s\u00e1r\u00f3l.pdf\">A Semmelweis Egyetem\u00a0Szen\u00e1tus\u00e1nak 116\/2021. (XI.02.) sz\u00e1m\u00fa hat\u00e1rozata a Szervezeti \u00e9s M\u0171k\u00f6d\u00e9si Szab\u00e1lyzat egyes rendelkez\u00e9seinek m\u00f3dos\u00edt\u00e1s\u00e1r\u00f3l<\/a><br \/>\n<a href=\"https:\/\/semmelweis.hu\/jogigfoig\/files\/2021\/11\/116_2021_Mell\u00e9klet.pdf\">A Semmelweis Egyetem Szen\u00e1tus\u00e1nak 116\/2021. (XI.02.) sz\u00e1m\u00fa hat\u00e1rozata a Szervezeti \u00e9s M\u0171k\u00f6d\u00e9si Szab\u00e1lyzat egyes rendelkez\u00e9seinek m\u00f3dos\u00edt\u00e1s\u00e1r\u00f3l &#8211; 1. sz\u00e1m\u00fa mell\u00e9klet<\/a><br \/>\n<a href=\"https:\/\/semmelweis.hu\/jogigfoig\/files\/2021\/11\/117_2021_a-Bp-i-Egyetemi-V\u00edv\u00f3-Club-alap\u00edt\u00e1s\u00e1r\u00f3l.pdf\">A Semmelweis Egyetem Szen\u00e1tus\u00e1nak 117\/2021. (XI.02.) sz\u00e1m\u00fa hat\u00e1rozata a Budapesti Egyetemi V\u00edv\u00f3 Club Kft. alap\u00edt\u00e1s\u00e1r\u00f3l<\/a><br \/>\n<a href=\"https:\/\/semmelweis.hu\/jogigfoig\/files\/2021\/11\/118_2021_az-Egyetem-2022.-\u00e9vi-int\u00e9zm\u00e9nyi-k\u00f6lts\u00e9gvet\u00e9st-megalapoz\u00f3-koncepci\u00f3.pdf\">A Semmelweis Egyetem\u00a0Szen\u00e1tus\u00e1nak 118\/2021. (XI.02.) sz\u00e1m\u00fa hat\u00e1rozata az Egyetem 2022. \u00e9vi int\u00e9zm\u00e9nyi k\u00f6lts\u00e9gvet\u00e9st megalapoz\u00f3 koncepci\u00f3 j\u00f3v\u00e1hagy\u00e1s\u00e1r\u00f3l<\/a><br \/>\n<a href=\"https:\/\/semmelweis.hu\/jogigfoig\/files\/2021\/11\/119_2021_a-Semmelweis-Egyetem-Szervezeti-\u00e9s-M\u0171k\u00f6d\u00e9si-Szab\u00e1lyzat-III.-K\u00f6nyv-Hallgat\u00f3-k\u00f6vetelm\u00e9nyrendszer-III.1.-R\u00e9sz-Felv\u00e9teli-Szab\u00e1lyzat-m\u00f3dos\u00edt\u00e1s\u00e1r\u00f3l.pdf\">A Semmelweis Egyetem\u00a0Szen\u00e1tus\u00e1nak 119\/2021. (XI.02.) sz\u00e1m\u00fa hat\u00e1rozata a Semmelweis Egyetem Szervezeti \u00e9s M\u0171k\u00f6d\u00e9si Szab\u00e1lyzat III. K\u00f6nyv Hallgat\u00f3 k\u00f6vetelm\u00e9nyrendszer III.1. R\u00e9sz Felv\u00e9teli Szab\u00e1lyzat m\u00f3dos\u00edt\u00e1s\u00e1r\u00f3l<\/a><br \/>\n<a href=\"https:\/\/semmelweis.hu\/jogigfoig\/files\/2021\/11\/119_2021_Mell\u00e9klet.pdf\">A Semmelweis Egyetem Szen\u00e1tus\u00e1nak 119\/2021. (XI.02.) sz\u00e1m\u00fa hat\u00e1rozata a Semmelweis Egyetem Szervezeti \u00e9s M\u0171k\u00f6d\u00e9si Szab\u00e1lyzat III. K\u00f6nyv Hallgat\u00f3 k\u00f6vetelm\u00e9nyrendszer III.1. R\u00e9sz Felv\u00e9teli Szab\u00e1lyzat m\u00f3dos\u00edt\u00e1s\u00e1r\u00f3l &#8211; 1. sz\u00e1m\u00fa mell\u00e9klet<\/a><br \/>\n<a href=\"https:\/\/semmelweis.hu\/jogigfoig\/files\/2021\/11\/120_2021_a-\u201eZen\u00e9l\u0151-orvostanhallgat\u00f3k-\u2013-a-Medikus-Zenekar\u201d-c\u00edm\u0171.pdf\">A Semmelweis Egyetem\u00a0Szen\u00e1tus\u00e1nak 120\/2021. (XI.02.) sz\u00e1m\u00fa hat\u00e1rozata a \u201eZen\u00e9l\u0151 orvostanhallgat\u00f3k \u2013 a Medikus Zenekar\u201d c\u00edm\u0171 szabadon v\u00e1laszthat\u00f3 tant\u00e1rgy bevezet\u00e9s\u00e9r\u0151l<\/a><br \/>\n<a href=\"https:\/\/semmelweis.hu\/jogigfoig\/files\/2021\/11\/120_2021_Mell\u00e9klet.pdf\">A Semmelweis Egyetem Szen\u00e1tus\u00e1nak 120\/2021. (XI.02.) sz\u00e1m\u00fa hat\u00e1rozata a \u201eZen\u00e9l\u0151 orvostanhallgat\u00f3k \u2013 a Medikus Zenekar\u201d c\u00edm\u0171 szabadon v\u00e1laszthat\u00f3 tant\u00e1rgy bevezet\u00e9s\u00e9r\u0151l &#8211; 1. sz\u00e1m\u00fa mell\u00e9klet<\/a><br \/>\n<a href=\"https:\/\/semmelweis.hu\/jogigfoig\/files\/2021\/11\/121_2021_a-Semmelweis-Egyetem-Szaknyelvi-Int\u00e9zet\u00e9nek-eg\u00e9szs\u00e9gtudom\u00e1nyi-szakford\u00edt\u00f3-tolm\u00e1cs-posztgradu\u00e1lis-k\u00e9pz\u00e9s\u00e9nek-ind\u00edt\u00e1s\u00e1r\u00f3l-n\u00e9met-magyar-nyelvp\u00e1rban.pdf\">A Semmelweis Egyetem\u00a0Szen\u00e1tus\u00e1nak 121\/2021. (XI.02.) sz\u00e1m\u00fa hat\u00e1rozata a Semmelweis Egyetem Szaknyelvi Int\u00e9zet\u00e9nek eg\u00e9szs\u00e9gtudom\u00e1nyi szakford\u00edt\u00f3-tolm\u00e1cs posztgradu\u00e1lis k\u00e9pz\u00e9s\u00e9nek ind\u00edt\u00e1s\u00e1r\u00f3l n\u00e9met-magyar nyelvp\u00e1rban<\/a><br \/>\n<a href=\"https:\/\/semmelweis.hu\/jogigfoig\/files\/2024\/07\/121_2021_Melleklet.pdf\">A Semmelweis Egyetem\u00a0Szen\u00e1tus\u00e1nak 121\/2021. (XI.02.) sz\u00e1m\u00fa hat\u00e1rozata a Semmelweis Egyetem Szaknyelvi Int\u00e9zet\u00e9nek eg\u00e9szs\u00e9gtudom\u00e1nyi szakford\u00edt\u00f3-tolm\u00e1cs posztgradu\u00e1lis k\u00e9pz\u00e9s\u00e9nek ind\u00edt\u00e1s\u00e1r\u00f3l n\u00e9met-magyar nyelvp\u00e1rban- 1. sz\u00e1m\u00fa mell\u00e9klet<\/a><br \/>\n<a href=\"https:\/\/semmelweis.hu\/jogigfoig\/files\/2021\/11\/122_2021_a-Semmelweis-Szimp\u00f3zium-szab\u00e1lyzat-elfogad\u00e1s\u00e1r\u00f3l.pdf\">A Semmelweis Egyetem\u00a0Szen\u00e1tus\u00e1nak 122\/2021. (XI.02.) sz\u00e1m\u00fa hat\u00e1rozata a Semmelweis Szimp\u00f3zium szab\u00e1lyzat elfogad\u00e1s\u00e1r\u00f3l<\/a><br \/>\n<a href=\"https:\/\/semmelweis.hu\/jogigfoig\/files\/2021\/11\/122_2021_Mell\u00e9klet.pdf\">A Semmelweis Egyetem\u00a0Szen\u00e1tus\u00e1nak 122\/2021. (XI.02.) sz\u00e1m\u00fa hat\u00e1rozata a Semmelweis Szimp\u00f3zium szab\u00e1lyzat elfogad\u00e1s\u00e1r\u00f3l- 1. sz\u00e1m\u00fa mell\u00e9klet<\/a><br \/>\n<a href=\"https:\/\/semmelweis.hu\/jogigfoig\/files\/2021\/11\/123_2021_a-Semmelweis-Tudom\u00e1nyos-\u00e9s-\u00dczleti-Szalon-programsorozat-mint-\u00faj-szabadon-v\u00e1laszthat\u00f3-tant\u00e1rgy-bevezet\u00e9s\u00e9r\u0151l.pdf\">A Semmelweis Egyetem Szen\u00e1tus\u00e1nak\u00a0123\/2021. (XI.02.) sz\u00e1m\u00fa hat\u00e1rozata a Semmelweis Tudom\u00e1nyos \u00e9s \u00dczleti Szalon programsorozat, mint \u00faj szabadon v\u00e1laszthat\u00f3 tant\u00e1rgy bevezet\u00e9s\u00e9r\u0151l<\/a><br \/>\n<a href=\"https:\/\/semmelweis.hu\/jogigfoig\/files\/2021\/11\/124_2021_a-Plasztikai-Seb\u00e9szeti-Tansz\u00e9ki-Csoport-Seb\u00e9szeti-Transzplant\u00e1ci\u00f3s-\u00e9s-Gasztroenterol\u00f3giai-Klinika-al\u00e1-t\u00f6rt\u00e9n\u0151-integr\u00e1l\u00e1s\u00e1r\u00f3l.pdf\">A Semmelweis Egyetem Szen\u00e1tus\u00e1nak\u00a0124\/2021. (XI.02.) sz\u00e1m\u00fa hat\u00e1rozata a Plasztikai Seb\u00e9szeti Tansz\u00e9ki Csoport Seb\u00e9szeti, Transzplant\u00e1ci\u00f3s \u00e9s Gasztroenterol\u00f3giai Klinika al\u00e1 t\u00f6rt\u00e9n\u0151 integr\u00e1l\u00e1s\u00e1r\u00f3l<\/a><br \/>\n<a href=\"https:\/\/semmelweis.hu\/jogigfoig\/files\/2021\/11\/125_2021_az-Obezitol\u00f3giai-Tansz\u00e9ki-Csoport-l\u00e9trehoz\u00e1s\u00e1r\u00f3l-a-V\u00e1rosmajori-Sz\u00edv-\u00e9s-\u00c9rgy\u00f3gy\u00e1szati-Klinik\u00e1hoz-rendelten.pdf\">A Semmelweis Egyetem\u00a0Szen\u00e1tus\u00e1nak 125\/2021. (XI.02.) sz\u00e1m\u00fa hat\u00e1rozata\u00a0az Obezitol\u00f3giai Tansz\u00e9ki Csoport l\u00e9trehoz\u00e1s\u00e1r\u00f3l a V\u00e1rosmajori Sz\u00edv- \u00e9s \u00c9rgy\u00f3gy\u00e1szati Klinik\u00e1hoz rendelten<\/a><br \/>\n<a href=\"https:\/\/semmelweis.hu\/jogigfoig\/files\/2021\/11\/126_2021_a-Funkcion\u00e1lis-Idegseb\u00e9szeti-Tansz\u00e9ki-Csoport-l\u00e9trehoz\u00e1s\u00e1r\u00f3l-az-Idegseb\u00e9szeti-Tansz\u00e9khez-rendelten.pdf\">A Semmelweis Egyetem\u00a0Szen\u00e1tus\u00e1nak 126\/2021. (XI.02.) sz\u00e1m\u00fa hat\u00e1rozata a Funkcion\u00e1lis Idegseb\u00e9szeti Tansz\u00e9ki Csoport l\u00e9trehoz\u00e1s\u00e1r\u00f3l az Idegseb\u00e9szeti Tansz\u00e9khez rendelten<\/a><br \/>\n<a href=\"https:\/\/semmelweis.hu\/jogigfoig\/files\/2021\/11\/127_2021_a-Szen\u00e1tus-\u00e1ltal-l\u00e9trehozott-Pet\u0151-Andr\u00e1s-Karon-m\u0171k\u00f6d\u0151-\u00e1lland\u00f3-bizotts\u00e1gok-\u00fcgyrendj\u00e9nek-j\u00f3v\u00e1hagy\u00e1s\u00e1r\u00f3l.pdf\">A Semmelweis Egyetem\u00a0Szen\u00e1tus\u00e1nak 127\/2021. (XI.02.) sz\u00e1m\u00fa hat\u00e1rozata\u00a0a Szen\u00e1tus \u00e1ltal l\u00e9trehozott, Pet\u0151 Andr\u00e1s Karon m\u0171k\u00f6d\u0151 \u00e1lland\u00f3 bizotts\u00e1gok \u00fcgyrendj\u00e9nek j\u00f3v\u00e1hagy\u00e1s\u00e1r\u00f3l<\/a><br \/>\n<a href=\"https:\/\/semmelweis.hu\/jogigfoig\/files\/2021\/11\/PAK_Etikai-\u00e9s-Fegyelmi-Bizotts\u00e1g.pdf\">A Semmelweis Egyetem Szen\u00e1tus\u00e1nak 127\/2021. (XI.02.) sz\u00e1m\u00fa hat\u00e1rozata a Szen\u00e1tus \u00e1ltal l\u00e9trehozott, Pet\u0151 Andr\u00e1s Karon m\u0171k\u00f6d\u0151 \u00e1lland\u00f3 bizotts\u00e1gok \u00fcgyrendj\u00e9nek j\u00f3v\u00e1hagy\u00e1s\u00e1r\u00f3l &#8211; 1. sz\u00e1m\u00fa mell\u00e9klet<\/a><br \/>\n<a href=\"https:\/\/semmelweis.hu\/jogigfoig\/files\/2021\/11\/PAK_Gyakorlati-\u00e9s-K\u00e9pz\u00e9si-Bizotts\u00e1g.pdf\">A Semmelweis Egyetem Szen\u00e1tus\u00e1nak 127\/2021. (XI.02.) sz\u00e1m\u00fa hat\u00e1rozata a Szen\u00e1tus \u00e1ltal l\u00e9trehozott, Pet\u0151 Andr\u00e1s Karon m\u0171k\u00f6d\u0151 \u00e1lland\u00f3 bizotts\u00e1gok \u00fcgyrendj\u00e9nek j\u00f3v\u00e1hagy\u00e1s\u00e1r\u00f3l &#8211; 2. sz\u00e1m\u00fa mell\u00e9klet<\/a><br \/>\n<a href=\"https:\/\/semmelweis.hu\/jogigfoig\/files\/2021\/11\/PAK_Kiad\u00f3i-\u00e9s-K\u00f6nyvt\u00e1r-Bizotts\u00e1g.pdf\">A Semmelweis Egyetem Szen\u00e1tus\u00e1nak 127\/2021. (XI.02.) sz\u00e1m\u00fa hat\u00e1rozata a Szen\u00e1tus \u00e1ltal l\u00e9trehozott, Pet\u0151 Andr\u00e1s Karon m\u0171k\u00f6d\u0151 \u00e1lland\u00f3 bizotts\u00e1gok \u00fcgyrendj\u00e9nek j\u00f3v\u00e1hagy\u00e1s\u00e1r\u00f3l &#8211; 3. sz\u00e1m\u00fa mell\u00e9klet<\/a><br \/>\n<a href=\"https:\/\/semmelweis.hu\/jogigfoig\/files\/2021\/11\/PAK_Kredit\u00e1tviteli-Bizotts\u00e1g.pdf\">A Semmelweis Egyetem Szen\u00e1tus\u00e1nak 127\/2021. (XI.02.) sz\u00e1m\u00fa hat\u00e1rozata a Szen\u00e1tus \u00e1ltal l\u00e9trehozott, Pet\u0151 Andr\u00e1s Karon m\u0171k\u00f6d\u0151 \u00e1lland\u00f3 bizotts\u00e1gok \u00fcgyrendj\u00e9nek j\u00f3v\u00e1hagy\u00e1s\u00e1r\u00f3l &#8211; 4. sz\u00e1m\u00fa mell\u00e9klet<\/a><br \/>\n<a href=\"https:\/\/semmelweis.hu\/jogigfoig\/files\/2021\/11\/PAK_Tanulm\u00e1nyi-\u00e9s-Vizsgabizotts\u00e1g.pdf\">A Semmelweis Egyetem Szen\u00e1tus\u00e1nak 127\/2021. (XI.02.) sz\u00e1m\u00fa hat\u00e1rozata a Szen\u00e1tus \u00e1ltal l\u00e9trehozott, Pet\u0151 Andr\u00e1s Karon m\u0171k\u00f6d\u0151 \u00e1lland\u00f3 bizotts\u00e1gok \u00fcgyrendj\u00e9nek j\u00f3v\u00e1hagy\u00e1s\u00e1r\u00f3l &#8211; 5. sz\u00e1m\u00fa mell\u00e9klet<\/a><br \/>\n<a href=\"https:\/\/semmelweis.hu\/jogigfoig\/files\/2021\/11\/128_2021_az-aktu\u00e1lis-vezet\u0151i-p\u00e1ly\u00e1zat-v\u00e9lem\u00e9nyez\u00e9s\u00e9r\u0151l.pdf\">A Semmelweis Egyetem\u00a0Szen\u00e1tus\u00e1nak 128\/2021. (XI.02.) sz\u00e1m\u00fa hat\u00e1rozata az aktu\u00e1lis vezet\u0151i p\u00e1ly\u00e1zat v\u00e9lem\u00e9nyez\u00e9s\u00e9r\u0151l<\/a><\/p>\n","protected":false},"author":101467,"featured_media":0,"parent":79349,"menu_order":12,"comment_status":"closed","ping_status":"closed","template":"","meta":{"_acf_changed":false,"footnotes":""},"categories":[],"tags":[],"class_list":["post-82454","page","type-page","status-publish","hentry"],"acf":[],"_links":{"self":[{"href":"https:\/\/semmelweis.hu\/jogigfoig\/wp-json\/wp\/v2\/pages\/82454","targetHints":{"allow":["GET"]}}],"collection":[{"href":"https:\/\/semmelweis.hu\/jogigfoig\/wp-json\/wp\/v2\/pages"}],"about":[{"href":"https:\/\/semmelweis.hu\/jogigfoig\/wp-json\/wp\/v2\/types\/page"}],"author":[{"embeddable":true,"href":"https:\/\/semmelweis.hu\/jogigfoig\/wp-json\/wp\/v2\/users\/101467"}],"replies":[{"embeddable":true,"href":"https:\/\/semmelweis.hu\/jogigfoig\/wp-json\/wp\/v2\/comments?post=82454"}],"version-history":[{"count":7,"href":"https:\/\/semmelweis.hu\/jogigfoig\/wp-json\/wp\/v2\/pages\/82454\/revisions"}],"predecessor-version":[{"id":91049,"href":"https:\/\/semmelweis.hu\/jogigfoig\/wp-json\/wp\/v2\/pages\/82454\/revisions\/91049"}],"up":[{"embeddable":true,"href":"https:\/\/semmelweis.hu\/jogigfoig\/wp-json\/wp\/v2\/pages\/79349"}],"wp:attachment":[{"href":"https:\/\/semmelweis.hu\/jogigfoig\/wp-json\/wp\/v2\/media?parent=82454"}],"wp:term":[{"taxonomy":"category","embeddable":true,"href":"https:\/\/semmelweis.hu\/jogigfoig\/wp-json\/wp\/v2\/categories?post=82454"},{"taxonomy":"post_tag","embeddable":true,"href":"https:\/\/semmelweis.hu\/jogigfoig\/wp-json\/wp\/v2\/tags?post=82454"}],"curies":[{"name":"wp","href":"https:\/\/api.w.org\/{rel}","templated":true}]}}