{"id":82304,"date":"2021-10-01T11:28:46","date_gmt":"2021-10-01T09:28:46","guid":{"rendered":"https:\/\/semmelweis.hu\/jogigfoig\/?page_id=82304"},"modified":"2022-11-21T14:40:54","modified_gmt":"2022-11-21T13:40:54","slug":"2021-szeptember-30","status":"publish","type":"page","link":"https:\/\/semmelweis.hu\/jogigfoig\/testuletek\/szenatus\/2021-evi-szenatusi-hatarozatok\/2021-szeptember-30\/","title":{"rendered":"2021. szeptember 30."},"content":{"rendered":"<p style=\"text-align: justify\"><a href=\"https:\/\/semmelweis.hu\/jogigfoig\/files\/2021\/10\/99_2021_mukaterv-II.-f\u00e9l\u00e9v.pdf\">A Semmelweis Egyetem\u00a0Szen\u00e1tus\u00e1nak 99\/2021. (IX.30.) sz\u00e1m\u00fa hat\u00e1rozata a Szen\u00e1tus 2021. II. f\u00e9l\u00e9vi (\u0151szi) munkaterv\u00e9r\u0151l<\/a><\/p>\n<p style=\"text-align: justify\"><a href=\"https:\/\/semmelweis.hu\/jogigfoig\/files\/2021\/10\/99_2021_mell\u00e9klet_Munkaterv_2021-II-f\u00e9l\u00e9v.pdf\">A Semmelweis Egyetem Szen\u00e1tus\u00e1nak 99\/2021. (IX.30.) sz\u00e1m\u00fa hat\u00e1rozata a Szen\u00e1tus 2021. II. f\u00e9l\u00e9vi (\u0151szi) munkaterv\u00e9r\u0151l &#8211; 1. sz\u00e1m\u00fa mell\u00e9klet<\/a><\/p>\n<p style=\"text-align: justify\"><a href=\"https:\/\/semmelweis.hu\/jogigfoig\/files\/2021\/10\/100_2021_SzMSz-m\u00f3dos\u00edt\u00e1s.pdf\">A Semmelweis Egyetem Szen\u00e1tus\u00e1nak\u00a0100\/2021. (IX.30.) sz\u00e1m\u00fa hat\u00e1rozata\u00a0a Szervezeti \u00e9s M\u0171k\u00f6d\u00e9si Szab\u00e1lyzat egyes rendelkez\u00e9seinek m\u00f3dos\u00edt\u00e1s\u00e1r\u00f3l<\/a><\/p>\n<p style=\"text-align: justify\"><a href=\"https:\/\/semmelweis.hu\/jogigfoig\/files\/2021\/10\/100_2021_-mell\u00e9kelt_SZMSZ-m\u00f3dos\u00edt\u00e1s\u00e1r\u00f3l.pdf\">A Semmelweis Egyetem Szen\u00e1tus\u00e1nak\u00a0100\/2021. (IX.30.) sz\u00e1m\u00fa hat\u00e1rozata\u00a0a Szervezeti \u00e9s M\u0171k\u00f6d\u00e9si Szab\u00e1lyzat egyes rendelkez\u00e9seinek m\u00f3dos\u00edt\u00e1s\u00e1r\u00f3l &#8211; 1. sz\u00e1m\u00fa mell\u00e9klet<\/a><\/p>\n<p style=\"text-align: justify\"><a href=\"https:\/\/semmelweis.hu\/jogigfoig\/files\/2021\/10\/101_2021_\u00c1OK-kurrikulum-m\u00f3dos\u00edt\u00e1s_2021-22-es-tan\u00e9v.pdf\">A Semmelweis Egyetem\u00a0Szen\u00e1tus\u00e1nak\u00a0101\/2021. (IX.30.) sz\u00e1m\u00fa hat\u00e1rozata\u00a0az \u00c1ltal\u00e1nos Orvostudom\u00e1nyi Karon, a 2019\/2020-as tan\u00e9vt\u0151l bevezetett orvosk\u00e9pz\u00e9s kurrikulum\u00e1nak 2021\/2022. tan\u00e9vt\u0151l t\u00f6rt\u00e9n\u0151 m\u00f3dos\u00edt\u00e1s\u00e1r\u00f3l<\/a><\/p>\n<p style=\"text-align: justify\"><a href=\"https:\/\/semmelweis.hu\/jogigfoig\/files\/2021\/10\/101_2021_mell\u00e9klet_tanterv.pdf\">A Semmelweis Egyetem\u00a0Szen\u00e1tus\u00e1nak\u00a0101\/2021. (IX.30.) sz\u00e1m\u00fa hat\u00e1rozata\u00a0az \u00c1ltal\u00e1nos Orvostudom\u00e1nyi Karon, a 2019\/2020-as tan\u00e9vt\u0151l bevezetett orvosk\u00e9pz\u00e9s kurrikulum\u00e1nak 2021\/2022. tan\u00e9vt\u0151l t\u00f6rt\u00e9n\u0151 m\u00f3dos\u00edt\u00e1s\u00e1r\u00f3l &#8211; 1. sz\u00e1m\u00fa mell\u00e9klet<\/a><\/p>\n<p style=\"text-align: justify\"><a href=\"https:\/\/semmelweis.hu\/jogigfoig\/files\/2021\/10\/102_2021_ACH_\u00faj-k\u00f6telez\u0151en-v\u00e1laszthat\u00f3-tant\u00e1rgy.pdf\">A Semmelweis Egyetem\u00a0Szen\u00e1tus\u00e1nak 102\/2021. (IX.30.) sz\u00e1m\u00fa hat\u00e1rozata az Asklepios Campus Hamburgon 2021\/2022. tan\u00e9vt\u0151l k\u00f6telez\u0151en v\u00e1laszthat\u00f3 \u201eArtificial Intelligence in Healthcare and Medical Science\u201d c\u00edm\u0171 t\u00e1rgy bevezet\u00e9s\u00e9r\u0151l<\/a><\/p>\n<p style=\"text-align: justify\"><a href=\"https:\/\/semmelweis.hu\/jogigfoig\/files\/2021\/10\/102_2021_mell\u00e9klet_k\u00f6vetelm\u00e9nyrendszer.pdf\">A Semmelweis Egyetem\u00a0Szen\u00e1tus\u00e1nak 102\/2021. (IX.30.) sz\u00e1m\u00fa hat\u00e1rozata az Asklepios Campus Hamburgon 2021\/2022. tan\u00e9vt\u0151l k\u00f6telez\u0151en v\u00e1laszthat\u00f3 \u201eArtificial Intelligence in Healthcare and Medical Science\u201d c\u00edm\u0171 t\u00e1rgy bevezet\u00e9s\u00e9r\u0151l &#8211; 1. sz\u00e1m\u00fa mell\u00e9klet<\/a><\/p>\n<p style=\"text-align: justify\"><a href=\"https:\/\/semmelweis.hu\/jogigfoig\/files\/2021\/10\/103_2021_Geri\u00e1triai-Tansz\u00e9ki-Csoport-\u00e1thelyez\u00e9se.pdf\">A Semmelweis Egyetem\u00a0Szen\u00e1tus\u00e1nak 103\/2021. (IX.30.) sz\u00e1m\u00fa hat\u00e1rozata a Geri\u00e1triai Tansz\u00e9ki Csoport Belgy\u00f3gy\u00e1szati \u00e9s Onkol\u00f3giai Klinika al\u00e1 t\u00f6rt\u00e9n\u0151 \u00e1thelyez\u00e9s\u00e9r\u0151l<\/a><\/p>\n<p style=\"text-align: justify\"><a href=\"https:\/\/semmelweis.hu\/jogigfoig\/files\/2021\/10\/104_2021_Csontv\u00e1ryal-a-magyar-kult\u00fara-\u00fatj\u00e1n.pdf\">A Semmelweis Egyetem\u00a0Szen\u00e1tus\u00e1nak\u00a0104\/2021. (IX.30.) sz\u00e1m\u00fa hat\u00e1rozata a \u201e<em>Csontv\u00e1ryval a magyar kult\u00fara \u00fatj\u00e1n<\/em>\u201d c\u00edm\u0171 szabadon v\u00e1laszthat\u00f3 tant\u00e1rgy meghirdet\u00e9s\u00e9r\u0151l<\/a><\/p>\n<p style=\"text-align: justify\"><a href=\"https:\/\/semmelweis.hu\/jogigfoig\/files\/2021\/10\/104_2021_mell\u00e9klet_k\u00f6vetelm\u00e9nyrendszer.pdf\">A Semmelweis Egyetem\u00a0Szen\u00e1tus\u00e1nak\u00a0104\/2021. (IX.30.) sz\u00e1m\u00fa hat\u00e1rozata a \u201e<em>Csontv\u00e1ryval a magyar kult\u00fara \u00fatj\u00e1n<\/em>\u201d c\u00edm\u0171 szabadon v\u00e1laszthat\u00f3 tant\u00e1rgy meghirdet\u00e9s\u00e9r\u0151l &#8211; 1. sz\u00e1m\u00fa mell\u00e9klet<\/a><\/p>\n<p style=\"text-align: justify\"><a href=\"https:\/\/semmelweis.hu\/jogigfoig\/files\/2021\/10\/105_2021_FB-\u00f6sszet\u00e9tel\u00e9nek-meg\u00faj\u00edt\u00e1sa.pdf\">A Semmelweis Egyetem Szen\u00e1tus\u00e1nak 105\/2021. (IX.30.) sz\u00e1m\u00fa hat\u00e1rozata a Fel\u00fclb\u00edr\u00e1lati Bizotts\u00e1g szem\u00e9lyi\u00a0 \u00f6sszet\u00e9tel\u00e9nek meg\u00faj\u00edt\u00e1s\u00e1r\u00f3l<\/a><\/p>\n<p style=\"text-align: justify\"><a href=\"https:\/\/semmelweis.hu\/jogigfoig\/files\/2021\/10\/106_2021_Transzplant-\u00e9s-Seb-beolvad\u00e1s.pdf\">A Semmelweis Egyetem\u00a0Szen\u00e1tus\u00e1nak 106\/2021. (IX.30.) sz\u00e1m\u00fa hat\u00e1rozata a Transzplant\u00e1ci\u00f3s \u00e9s Seb\u00e9szeti Klinika I. Sz. Seb\u00e9szeti \u00e9s Intervenci\u00f3s Gasztroenterol\u00f3giai Klinik\u00e1ba val\u00f3 beolvad\u00e1s\u00e1r\u00f3l<\/a><\/p>\n<p style=\"text-align: justify\"><a href=\"https:\/\/semmelweis.hu\/jogigfoig\/files\/2021\/10\/106_2021_mell\u00e9klet_Transzplant-\u00e9s-Seb-beolvad\u00e1s.pdf\">A Semmelweis Egyetem Szen\u00e1tus\u00e1nak 106\/2021. (IX.30.) sz\u00e1m\u00fa hat\u00e1rozata a Transzplant\u00e1ci\u00f3s \u00e9s Seb\u00e9szeti Klinika I. Sz. Seb\u00e9szeti \u00e9s Intervenci\u00f3s Gasztroenterol\u00f3giai Klinik\u00e1ba val\u00f3 beolvad\u00e1s\u00e1r\u00f3l &#8211; 1. sz\u00e1m\u00fa mell\u00e9klet<\/a><\/p>\n<p style=\"text-align: justify\"><a href=\"https:\/\/semmelweis.hu\/jogigfoig\/files\/2021\/10\/107_2021_Semmelweis-Szimp\u00f3zium_\u00faj-szabadon-v\u00e1laszthat\u00f3-t\u00e1rgy.pdf\">A Semmelweis Egyetem\u00a0Szen\u00e1tus\u00e1nak 107\/2021. (IX.30.) sz\u00e1m\u00fa hat\u00e1rozata a Semmelweis Szimp\u00f3zium, mint \u00faj szabadon v\u00e1laszthat\u00f3 tant\u00e1rgy bevezet\u00e9s\u00e9r\u0151l<\/a><\/p>\n<p style=\"text-align: justify\"><a href=\"https:\/\/semmelweis.hu\/jogigfoig\/files\/2021\/10\/108_2021_Gy\u00f3gyszerter\u00e1pi\u00e1s-Bizotts\u00e1g_\u00fcgyrend-m\u00f3dos\u00edt\u00e1s.pdf\">A Semmelweis Egyetem\u00a0Szen\u00e1tus\u00e1nak 108\/2021. (IX.30.) sz\u00e1m\u00fa hat\u00e1rozata a Gy\u00f3gyszerter\u00e1pi\u00e1s, Antibiotikum \u00e9s Infekci\u00f3kontroll Bizotts\u00e1g \u00fcgyrendj\u00e9nek m\u00f3dos\u00edt\u00e1s\u00e1r\u00f3l<\/a><\/p>\n<p style=\"text-align: justify\"><a href=\"https:\/\/semmelweis.hu\/jogigfoig\/files\/2021\/10\/108_2021_mell\u00e9klet.pdf\">A Semmelweis Egyetem\u00a0Szen\u00e1tus\u00e1nak 108\/2021. (IX.30.) sz\u00e1m\u00fa hat\u00e1rozata a Gy\u00f3gyszerter\u00e1pi\u00e1s, Antibiotikum \u00e9s Infekci\u00f3kontroll Bizotts\u00e1g \u00fcgyrendj\u00e9nek m\u00f3dos\u00edt\u00e1s\u00e1r\u00f3l &#8211; 1. sz\u00e1m\u00fa mell\u00e9klet<\/a><\/p>\n<p style=\"text-align: justify\"><a href=\"https:\/\/semmelweis.hu\/jogigfoig\/files\/2021\/10\/109_2021_Gy\u00f3gyszerter\u00e1pi\u00e1s-Bizotts\u00e1g_\u00faj-szem\u00e9lyi-\u00f6sszet\u00e9tel.pdf\">A Semmelweis Egyetem\u00a0Szen\u00e1tus\u00e1nak 109\/2021. (IX.30.) sz\u00e1m\u00fa hat\u00e1rozata a Gy\u00f3gyszerter\u00e1pi\u00e1s, Antibiotikum \u00e9s Infekci\u00f3kontroll Bizotts\u00e1g \u00faj szem\u00e9lyi \u00f6sszet\u00e9tel\u00e9r\u0151l<\/a><\/p>\n<p style=\"text-align: justify\"><a href=\"https:\/\/semmelweis.hu\/jogigfoig\/files\/2021\/10\/110_2021_Eg\u00e9szs\u00e9gt\u00e1mogat\u00e1si-M\u00f3dszertani-Tansz\u00e9k-alap\u00edt\u00e1sa.pdf\">A Semmelweis Egyetem\u00a0Szen\u00e1tus\u00e1nak 110\/2021. (IX.30.) sz\u00e1m\u00fa hat\u00e1rozata az Eg\u00e9szs\u00e9gt\u00e1mogat\u00e1si M\u00f3dszertani Tansz\u00e9k alap\u00edt\u00e1s\u00e1r\u00f3l az Eg\u00e9szs\u00e9gtudom\u00e1nyi Karon<\/a><\/p>\n<p style=\"text-align: justify\"><a href=\"https:\/\/semmelweis.hu\/jogigfoig\/files\/2021\/10\/111_2021_\u00f3raad\u00f3-oktat\u00f3knak-adom\u00e1nyozhat\u00f3-c\u00edmek.pdf\">A Semmelweis Egyetem\u00a0Szen\u00e1tus\u00e1nak\u00a0111\/2021. (IX.30.) sz\u00e1m\u00fa hat\u00e1rozata\u00a0az \u00f3raad\u00f3 oktat\u00f3knak adom\u00e1nyozhat\u00f3 c\u00edmek oda\u00edt\u00e9l\u00e9s\u00e9r\u0151l<\/a><\/p>\n<p style=\"text-align: justify\"><a href=\"https:\/\/semmelweis.hu\/jogigfoig\/files\/2021\/10\/112_2021_aktu\u00e1lis-vezet\u0151i-\u00e9s-oktat\u00f3i-p\u00e1ly\u00e1zatok.pdf\">A Semmelweis Egyetem\u00a0Szen\u00e1tus\u00e1nak 112\/2021. (IX.30.) sz\u00e1m\u00fa hat\u00e1rozata az aktu\u00e1lis vezet\u0151i \u00e9s oktat\u00f3i p\u00e1ly\u00e1zatok v\u00e9lem\u00e9nyez\u00e9s\u00e9r\u0151l<\/a><\/p>\n<p style=\"text-align: justify\"><a href=\"https:\/\/semmelweis.hu\/jogigfoig\/files\/2021\/10\/113_2021_SID-adom\u00e1nyoz\u00e1s.pdf\">A Semmelweis Egyetem Szen\u00e1tus\u00e1nak\u00a0113\/2021. (IX.30.) sz\u00e1m\u00fa hat\u00e1rozata a 2021. \u00e9vi Semmelweis Innov\u00e1ci\u00f3s D\u00edjak adom\u00e1nyoz\u00e1s\u00e1r\u00f3l<\/a><\/p>\n<p style=\"text-align: justify\"><a href=\"https:\/\/semmelweis.hu\/jogigfoig\/files\/2021\/10\/114_2021_Arculati-K\u00e9zik\u00f6nyv.pdf\">A Semmelweis Egyetem Szen\u00e1tus\u00e1nak 114\/2021. (IX.30.) sz\u00e1m\u00fa hat\u00e1rozata az Arculati K\u00e9zik\u00f6nyv elfogad\u00e1s\u00e1r\u00f3l<\/a><\/p>\n<p style=\"text-align: justify\"><a href=\"https:\/\/semmelweis.hu\/jogigfoig\/files\/2021\/10\/114_2021_melleklet_Semmelweis_Arculati_Kezikonyv_.pdf\">A Semmelweis Egyetem Szen\u00e1tus\u00e1nak 114\/2021. (IX.30.) sz\u00e1m\u00fa hat\u00e1rozata az Arculati K\u00e9zik\u00f6nyv elfogad\u00e1s\u00e1r\u00f3l &#8211; 1. sz\u00e1m\u00fa mell\u00e9klet<\/a><\/p>\n<p style=\"text-align: justify\"><a href=\"https:\/\/semmelweis.hu\/jogigfoig\/files\/2021\/10\/115_2021_Sz\u00edv\u00f3s-Istv\u00e1n-Sportol\u00f3i-\u00d6szt\u00f6nd\u00edj.pdf\">A Semmelweis Egyetem\u00a0Szen\u00e1tus\u00e1nak 115\/2021. (IX.30.) sz\u00e1m\u00fa hat\u00e1rozata a Sz\u00edv\u00f3s Istv\u00e1n Sportol\u00f3i \u00d6szt\u00f6nd\u00edjr\u00f3l<\/a><\/p>\n","protected":false},"excerpt":{"rendered":"<p><a href=\"https:\/\/semmelweis.hu\/jogigfoig\/files\/2021\/10\/99_2021_mukaterv-II.-f\u00e9l\u00e9v.pdf\">A Semmelweis Egyetem\u00a0Szen\u00e1tus\u00e1nak 99\/2021. (IX.30.) sz\u00e1m\u00fa hat\u00e1rozata a Szen\u00e1tus 2021. II. f\u00e9l\u00e9vi (\u0151szi) munkaterv\u00e9r\u0151l<\/a><br \/>\n<a href=\"https:\/\/semmelweis.hu\/jogigfoig\/files\/2021\/10\/99_2021_mell\u00e9klet_Munkaterv_2021-II-f\u00e9l\u00e9v.pdf\">A Semmelweis Egyetem Szen\u00e1tus\u00e1nak 99\/2021. (IX.30.) sz\u00e1m\u00fa hat\u00e1rozata a Szen\u00e1tus 2021. II. f\u00e9l\u00e9vi (\u0151szi) munkaterv\u00e9r\u0151l &#8211; 1. sz\u00e1m\u00fa mell\u00e9klet<\/a><br \/>\n<a href=\"https:\/\/semmelweis.hu\/jogigfoig\/files\/2021\/10\/100_2021_SzMSz-m\u00f3dos\u00edt\u00e1s.pdf\">A Semmelweis Egyetem Szen\u00e1tus\u00e1nak\u00a0100\/2021. (IX.30.) sz\u00e1m\u00fa hat\u00e1rozata\u00a0a Szervezeti \u00e9s M\u0171k\u00f6d\u00e9si Szab\u00e1lyzat egyes rendelkez\u00e9seinek m\u00f3dos\u00edt\u00e1s\u00e1r\u00f3l<\/a><br \/>\n<a href=\"https:\/\/semmelweis.hu\/jogigfoig\/files\/2021\/10\/100_2021_-mell\u00e9kelt_SZMSZ-m\u00f3dos\u00edt\u00e1s\u00e1r\u00f3l.pdf\">A Semmelweis Egyetem Szen\u00e1tus\u00e1nak\u00a0100\/2021. (IX.30.) sz\u00e1m\u00fa hat\u00e1rozata\u00a0a Szervezeti \u00e9s M\u0171k\u00f6d\u00e9si Szab\u00e1lyzat egyes rendelkez\u00e9seinek m\u00f3dos\u00edt\u00e1s\u00e1r\u00f3l &#8211; 1. sz\u00e1m\u00fa mell\u00e9klet<\/a><br \/>\n<a href=\"https:\/\/semmelweis.hu\/jogigfoig\/files\/2021\/10\/101_2021_\u00c1OK-kurrikulum-m\u00f3dos\u00edt\u00e1s_2021-22-es-tan\u00e9v.pdf\">A Semmelweis Egyetem\u00a0Szen\u00e1tus\u00e1nak\u00a0101\/2021. (IX.30.) sz\u00e1m\u00fa hat\u00e1rozata\u00a0az \u00c1ltal\u00e1nos Orvostudom\u00e1nyi Karon, a 2019\/2020-as tan\u00e9vt\u0151l bevezetett orvosk\u00e9pz\u00e9s kurrikulum\u00e1nak 2021\/2022. tan\u00e9vt\u0151l t\u00f6rt\u00e9n\u0151 m\u00f3dos\u00edt\u00e1s\u00e1r\u00f3l<\/a><br \/>\n<a href=\"https:\/\/semmelweis.hu\/jogigfoig\/files\/2021\/10\/101_2021_mell\u00e9klet_tanterv.pdf\">A Semmelweis Egyetem\u00a0Szen\u00e1tus\u00e1nak\u00a0101\/2021. (IX.30.) sz\u00e1m\u00fa hat\u00e1rozata\u00a0az \u00c1ltal\u00e1nos Orvostudom\u00e1nyi Karon, a 2019\/2020-as tan\u00e9vt\u0151l bevezetett orvosk\u00e9pz\u00e9s kurrikulum\u00e1nak 2021\/2022. tan\u00e9vt\u0151l t\u00f6rt\u00e9n\u0151 m\u00f3dos\u00edt\u00e1s\u00e1r\u00f3l &#8211; 1. sz\u00e1m\u00fa mell\u00e9klet<\/a><br \/>\n<a href=\"https:\/\/semmelweis.hu\/jogigfoig\/files\/2021\/10\/102_2021_ACH_\u00faj-k\u00f6telez\u0151en-v\u00e1laszthat\u00f3-tant\u00e1rgy.pdf\">A Semmelweis Egyetem\u00a0Szen\u00e1tus\u00e1nak 102\/2021. (IX.30.) sz\u00e1m\u00fa hat\u00e1rozata az Asklepios Campus Hamburgon 2021\/2022. tan\u00e9vt\u0151l k\u00f6telez\u0151en v\u00e1laszthat\u00f3 \u201eArtificial Intelligence in Healthcare and Medical Science\u201d c\u00edm\u0171 t\u00e1rgy bevezet\u00e9s\u00e9r\u0151l<\/a><br \/>\n<a href=\"https:\/\/semmelweis.hu\/jogigfoig\/files\/2021\/10\/102_2021_mell\u00e9klet_k\u00f6vetelm\u00e9nyrendszer.pdf\">A Semmelweis Egyetem\u00a0Szen\u00e1tus\u00e1nak 102\/2021. (IX.30.) sz\u00e1m\u00fa hat\u00e1rozata az Asklepios Campus Hamburgon 2021\/2022. tan\u00e9vt\u0151l k\u00f6telez\u0151en v\u00e1laszthat\u00f3 \u201eArtificial Intelligence in Healthcare and Medical Science\u201d c\u00edm\u0171 t\u00e1rgy bevezet\u00e9s\u00e9r\u0151l &#8211; 1. sz\u00e1m\u00fa mell\u00e9klet<\/a><br \/>\n<a href=\"https:\/\/semmelweis.hu\/jogigfoig\/files\/2021\/10\/103_2021_Geri\u00e1triai-Tansz\u00e9ki-Csoport-\u00e1thelyez\u00e9se.pdf\">A Semmelweis Egyetem\u00a0Szen\u00e1tus\u00e1nak 103\/2021. (IX.30.) sz\u00e1m\u00fa hat\u00e1rozata a Geri\u00e1triai Tansz\u00e9ki Csoport Belgy\u00f3gy\u00e1szati \u00e9s Onkol\u00f3giai Klinika al\u00e1 t\u00f6rt\u00e9n\u0151 \u00e1thelyez\u00e9s\u00e9r\u0151l<\/a><br \/>\n<a href=\"https:\/\/semmelweis.hu\/jogigfoig\/files\/2021\/10\/104_2021_Csontv\u00e1ryal-a-magyar-kult\u00fara-\u00fatj\u00e1n.pdf\">A Semmelweis Egyetem\u00a0Szen\u00e1tus\u00e1nak\u00a0104\/2021. (IX.30.) sz\u00e1m\u00fa hat\u00e1rozata a \u201eCsontv\u00e1ryval a magyar kult\u00fara \u00fatj\u00e1n\u201d c\u00edm\u0171 szabadon v\u00e1laszthat\u00f3 tant\u00e1rgy meghirdet\u00e9s\u00e9r\u0151l<\/a><br \/>\n<a href=\"https:\/\/semmelweis.hu\/jogigfoig\/files\/2021\/10\/104_2021_mell\u00e9klet_k\u00f6vetelm\u00e9nyrendszer.pdf\">A Semmelweis Egyetem\u00a0Szen\u00e1tus\u00e1nak\u00a0104\/2021. (IX.30.) sz\u00e1m\u00fa hat\u00e1rozata a \u201eCsontv\u00e1ryval a magyar kult\u00fara \u00fatj\u00e1n\u201d c\u00edm\u0171 szabadon v\u00e1laszthat\u00f3 tant\u00e1rgy meghirdet\u00e9s\u00e9r\u0151l &#8211; 1. sz\u00e1m\u00fa mell\u00e9klet<\/a><br \/>\n<a href=\"https:\/\/semmelweis.hu\/jogigfoig\/files\/2021\/10\/105_2021_FB-\u00f6sszet\u00e9tel\u00e9nek-meg\u00faj\u00edt\u00e1sa.pdf\">A Semmelweis Egyetem Szen\u00e1tus\u00e1nak 105\/2021. (IX.30.) sz\u00e1m\u00fa hat\u00e1rozata a Fel\u00fclb\u00edr\u00e1lati Bizotts\u00e1g szem\u00e9lyi\u00a0 \u00f6sszet\u00e9tel\u00e9nek meg\u00faj\u00edt\u00e1s\u00e1r\u00f3l<\/a><br \/>\n<a href=\"https:\/\/semmelweis.hu\/jogigfoig\/files\/2021\/10\/106_2021_Transzplant-\u00e9s-Seb-beolvad\u00e1s.pdf\">A Semmelweis Egyetem\u00a0Szen\u00e1tus\u00e1nak 106\/2021. (IX.30.) sz\u00e1m\u00fa hat\u00e1rozata a Transzplant\u00e1ci\u00f3s \u00e9s Seb\u00e9szeti Klinika I. Sz. Seb\u00e9szeti \u00e9s Intervenci\u00f3s Gasztroenterol\u00f3giai Klinik\u00e1ba val\u00f3 beolvad\u00e1s\u00e1r\u00f3l<\/a><br \/>\n<a href=\"https:\/\/semmelweis.hu\/jogigfoig\/files\/2021\/10\/106_2021_mell\u00e9klet_Transzplant-\u00e9s-Seb-beolvad\u00e1s.pdf\">A Semmelweis Egyetem Szen\u00e1tus\u00e1nak 106\/2021. (IX.30.) sz\u00e1m\u00fa hat\u00e1rozata a Transzplant\u00e1ci\u00f3s \u00e9s Seb\u00e9szeti Klinika I. Sz. Seb\u00e9szeti \u00e9s Intervenci\u00f3s Gasztroenterol\u00f3giai Klinik\u00e1ba val\u00f3 beolvad\u00e1s\u00e1r\u00f3l &#8211; 1. sz\u00e1m\u00fa mell\u00e9klet<\/a><br \/>\n<a href=\"https:\/\/semmelweis.hu\/jogigfoig\/files\/2021\/10\/107_2021_Semmelweis-Szimp\u00f3zium_\u00faj-szabadon-v\u00e1laszthat\u00f3-t\u00e1rgy.pdf\">A Semmelweis Egyetem\u00a0Szen\u00e1tus\u00e1nak 107\/2021. (IX.30.) sz\u00e1m\u00fa hat\u00e1rozata a Semmelweis Szimp\u00f3zium, mint \u00faj szabadon v\u00e1laszthat\u00f3 tant\u00e1rgy bevezet\u00e9s\u00e9r\u0151l<\/a><br \/>\n<a href=\"https:\/\/semmelweis.hu\/jogigfoig\/files\/2021\/10\/108_2021_Gy\u00f3gyszerter\u00e1pi\u00e1s-Bizotts\u00e1g_\u00fcgyrend-m\u00f3dos\u00edt\u00e1s.pdf\">A Semmelweis Egyetem\u00a0Szen\u00e1tus\u00e1nak 108\/2021. (IX.30.) sz\u00e1m\u00fa hat\u00e1rozata a Gy\u00f3gyszerter\u00e1pi\u00e1s, Antibiotikum \u00e9s Infekci\u00f3kontroll Bizotts\u00e1g \u00fcgyrendj\u00e9nek m\u00f3dos\u00edt\u00e1s\u00e1r\u00f3l<\/a><br \/>\n<a href=\"https:\/\/semmelweis.hu\/jogigfoig\/files\/2021\/10\/108_2021_mell\u00e9klet.pdf\">A Semmelweis Egyetem\u00a0Szen\u00e1tus\u00e1nak 108\/2021. (IX.30.) sz\u00e1m\u00fa hat\u00e1rozata a Gy\u00f3gyszerter\u00e1pi\u00e1s, Antibiotikum \u00e9s Infekci\u00f3kontroll Bizotts\u00e1g \u00fcgyrendj\u00e9nek m\u00f3dos\u00edt\u00e1s\u00e1r\u00f3l &#8211; 1. sz\u00e1m\u00fa mell\u00e9klet<\/a><br \/>\n<a href=\"https:\/\/semmelweis.hu\/jogigfoig\/files\/2021\/10\/109_2021_Gy\u00f3gyszerter\u00e1pi\u00e1s-Bizotts\u00e1g_\u00faj-szem\u00e9lyi-\u00f6sszet\u00e9tel.pdf\">A Semmelweis Egyetem\u00a0Szen\u00e1tus\u00e1nak 109\/2021. (IX.30.) sz\u00e1m\u00fa hat\u00e1rozata a Gy\u00f3gyszerter\u00e1pi\u00e1s, Antibiotikum \u00e9s Infekci\u00f3kontroll Bizotts\u00e1g \u00faj szem\u00e9lyi \u00f6sszet\u00e9tel\u00e9r\u0151l<\/a><br \/>\n<a href=\"https:\/\/semmelweis.hu\/jogigfoig\/files\/2021\/10\/110_2021_Eg\u00e9szs\u00e9gt\u00e1mogat\u00e1si-M\u00f3dszertani-Tansz\u00e9k-alap\u00edt\u00e1sa.pdf\">A Semmelweis Egyetem\u00a0Szen\u00e1tus\u00e1nak 110\/2021. (IX.30.) sz\u00e1m\u00fa hat\u00e1rozata az Eg\u00e9szs\u00e9gt\u00e1mogat\u00e1si M\u00f3dszertani Tansz\u00e9k alap\u00edt\u00e1s\u00e1r\u00f3l az Eg\u00e9szs\u00e9gtudom\u00e1nyi Karon<\/a><br \/>\n<a href=\"https:\/\/semmelweis.hu\/jogigfoig\/files\/2021\/10\/111_2021_\u00f3raad\u00f3-oktat\u00f3knak-adom\u00e1nyozhat\u00f3-c\u00edmek.pdf\">A Semmelweis Egyetem\u00a0Szen\u00e1tus\u00e1nak\u00a0111\/2021. (IX.30.) sz\u00e1m\u00fa hat\u00e1rozata\u00a0az \u00f3raad\u00f3 oktat\u00f3knak adom\u00e1nyozhat\u00f3 c\u00edmek oda\u00edt\u00e9l\u00e9s\u00e9r\u0151l<\/a><br \/>\n<a href=\"https:\/\/semmelweis.hu\/jogigfoig\/files\/2021\/10\/112_2021_aktu\u00e1lis-vezet\u0151i-\u00e9s-oktat\u00f3i-p\u00e1ly\u00e1zatok.pdf\">A Semmelweis Egyetem\u00a0Szen\u00e1tus\u00e1nak 112\/2021. (IX.30.) sz\u00e1m\u00fa hat\u00e1rozata az aktu\u00e1lis vezet\u0151i \u00e9s oktat\u00f3i p\u00e1ly\u00e1zatok v\u00e9lem\u00e9nyez\u00e9s\u00e9r\u0151l<\/a><br \/>\n<a href=\"https:\/\/semmelweis.hu\/jogigfoig\/files\/2021\/10\/113_2021_SID-adom\u00e1nyoz\u00e1s.pdf\">A Semmelweis Egyetem Szen\u00e1tus\u00e1nak\u00a0113\/2021. (IX.30.) sz\u00e1m\u00fa hat\u00e1rozata a 2021. \u00e9vi Semmelweis Innov\u00e1ci\u00f3s D\u00edjak adom\u00e1nyoz\u00e1s\u00e1r\u00f3l<\/a><br \/>\n<a href=\"https:\/\/semmelweis.hu\/jogigfoig\/files\/2021\/10\/114_2021_Arculati-K\u00e9zik\u00f6nyv.pdf\">A Semmelweis Egyetem Szen\u00e1tus\u00e1nak 114\/2021. (IX.30.) sz\u00e1m\u00fa hat\u00e1rozata az Arculati K\u00e9zik\u00f6nyv elfogad\u00e1s\u00e1r\u00f3l<\/a><br \/>\n<a href=\"https:\/\/semmelweis.hu\/jogigfoig\/files\/2021\/10\/114_2021_melleklet_Semmelweis_Arculati_Kezikonyv_.pdf\">A Semmelweis Egyetem Szen\u00e1tus\u00e1nak 114\/2021. (IX.30.) sz\u00e1m\u00fa hat\u00e1rozata az Arculati K\u00e9zik\u00f6nyv elfogad\u00e1s\u00e1r\u00f3l &#8211; 1. sz\u00e1m\u00fa mell\u00e9klet<\/a><br \/>\n<a href=\"https:\/\/semmelweis.hu\/jogigfoig\/files\/2021\/10\/115_2021_Sz\u00edv\u00f3s-Istv\u00e1n-Sportol\u00f3i-\u00d6szt\u00f6nd\u00edj.pdf\">A Semmelweis Egyetem\u00a0Szen\u00e1tus\u00e1nak 115\/2021. (IX.30.) sz\u00e1m\u00fa hat\u00e1rozata a Sz\u00edv\u00f3s Istv\u00e1n Sportol\u00f3i \u00d6szt\u00f6nd\u00edjr\u00f3l<\/a><\/p>\n","protected":false},"author":101467,"featured_media":0,"parent":79349,"menu_order":11,"comment_status":"closed","ping_status":"closed","template":"","meta":{"_acf_changed":false,"footnotes":""},"categories":[],"tags":[],"class_list":["post-82304","page","type-page","status-publish","hentry"],"acf":[],"_links":{"self":[{"href":"https:\/\/semmelweis.hu\/jogigfoig\/wp-json\/wp\/v2\/pages\/82304","targetHints":{"allow":["GET"]}}],"collection":[{"href":"https:\/\/semmelweis.hu\/jogigfoig\/wp-json\/wp\/v2\/pages"}],"about":[{"href":"https:\/\/semmelweis.hu\/jogigfoig\/wp-json\/wp\/v2\/types\/page"}],"author":[{"embeddable":true,"href":"https:\/\/semmelweis.hu\/jogigfoig\/wp-json\/wp\/v2\/users\/101467"}],"replies":[{"embeddable":true,"href":"https:\/\/semmelweis.hu\/jogigfoig\/wp-json\/wp\/v2\/comments?post=82304"}],"version-history":[{"count":6,"href":"https:\/\/semmelweis.hu\/jogigfoig\/wp-json\/wp\/v2\/pages\/82304\/revisions"}],"predecessor-version":[{"id":82428,"href":"https:\/\/semmelweis.hu\/jogigfoig\/wp-json\/wp\/v2\/pages\/82304\/revisions\/82428"}],"up":[{"embeddable":true,"href":"https:\/\/semmelweis.hu\/jogigfoig\/wp-json\/wp\/v2\/pages\/79349"}],"wp:attachment":[{"href":"https:\/\/semmelweis.hu\/jogigfoig\/wp-json\/wp\/v2\/media?parent=82304"}],"wp:term":[{"taxonomy":"category","embeddable":true,"href":"https:\/\/semmelweis.hu\/jogigfoig\/wp-json\/wp\/v2\/categories?post=82304"},{"taxonomy":"post_tag","embeddable":true,"href":"https:\/\/semmelweis.hu\/jogigfoig\/wp-json\/wp\/v2\/tags?post=82304"}],"curies":[{"name":"wp","href":"https:\/\/api.w.org\/{rel}","templated":true}]}}