{"id":82173,"date":"2021-09-17T09:47:22","date_gmt":"2021-09-17T07:47:22","guid":{"rendered":"https:\/\/semmelweis.hu\/jogigfoig\/?page_id=82173"},"modified":"2026-03-16T10:01:37","modified_gmt":"2026-03-16T09:01:37","slug":"beszerzesi-igazgatosag-altal-lefolytatott-kozbeszerzesi-eljarasok-eredmenyekeppen-kotott-szerzodesek-amelyek-erteke-a-netto-otmillio-forintot-eleri-vagy-meghaladja-archivum","status":"publish","type":"page","link":"https:\/\/semmelweis.hu\/jogigfoig\/adatvedelem-betegjog\/kozerdeku-adatok-archivum\/beszerzesi-igazgatosag-altal-lefolytatott-kozbeszerzesi-eljarasok-eredmenyekeppen-kotott-szerzodesek-amelyek-erteke-a-netto-otmillio-forintot-eleri-vagy-meghaladja-archivum\/","title":{"rendered":"Beszerz\u00e9si Igazgat\u00f3s\u00e1g \u00e1ltal lefolytatott (k\u00f6z)beszerz\u00e9si elj\u00e1r\u00e1sok eredm\u00e9nyek\u00e9ppen k\u00f6t\u00f6tt szerz\u0151d\u00e9sek, amelyek \u00e9rt\u00e9ke a nett\u00f3 \u00f6tmilli\u00f3 forintot el\u00e9ri, vagy meghaladja (Arch\u00edvum)"},"content":{"rendered":"<div class=\"responsive-tabs\">\n<h2 class=\"tabtitle\">2026<\/h2>\n<div class=\"tabcontent\">\n\n<p><a href=\"https:\/\/semmelweis.hu\/jogigfoig\/files\/2026\/01\/Szerzodesek-5M-felett-202512.pdf\">2026. janu\u00e1r<\/a><\/p>\n<p><a href=\"https:\/\/semmelweis.hu\/jogigfoig\/files\/2026\/03\/5-mFt-feletti-szerzodesek_2026.02.18.-2026.02.24.pdf\">2026. febru\u00e1r<\/a><\/p>\n\n<\/div><h2 class=\"tabtitle\">2025<\/h2>\n<div class=\"tabcontent\">\n\n<ul>\n<li><a href=\"https:\/\/semmelweis.hu\/jogigfoig\/files\/2025\/02\/Szerzodesek_5M_felett_202501.pdf\">2025. janu\u00e1r<\/a><\/li>\n<li><a href=\"https:\/\/semmelweis.hu\/jogigfoig\/files\/2025\/03\/Szerzodesek_5M_felett_202502_.pdf\">2025. febru\u00e1r<\/a><\/li>\n<li><a href=\"https:\/\/semmelweis.hu\/jogigfoig\/files\/2025\/04\/Szerzodesek_5M_felett_202503.pdf\">2025. m\u00e1rcius<\/a><\/li>\n<li><a href=\"https:\/\/semmelweis.hu\/jogigfoig\/files\/2025\/05\/Szerzodesek_5M_felett_202504.pdf\">2025. \u00e1prilis<\/a><\/li>\n<li><a href=\"https:\/\/semmelweis.hu\/jogigfoig\/files\/2025\/07\/Szerzodesek-5M-felett-202506-1.pdf\">2025. j\u00fanius<\/a><\/li>\n<li><a href=\"https:\/\/semmelweis.hu\/jogigfoig\/files\/2025\/08\/Szerzodesek-5M-felett-202507.pdf\">2025. j\u00falius<\/a><\/li>\n<li><a href=\"https:\/\/semmelweis.hu\/jogigfoig\/files\/2025\/09\/Szerzodesek-5M-felett-202508.pdf\">2025. augusztus<\/a><\/li>\n<li><a href=\"https:\/\/semmelweis.hu\/jogigfoig\/files\/2025\/10\/Szerzodesek-5M-felett-202509.pdf\">2025. szeptember<\/a><\/li>\n<li><a href=\"https:\/\/semmelweis.hu\/jogigfoig\/files\/2025\/11\/Szerzodesek-5M-felett-202510.pdf\">2025. okt\u00f3ber<\/a><\/li>\n<li><a href=\"https:\/\/semmelweis.hu\/jogigfoig\/files\/2025\/12\/Szerzodesek-5M-felett-202511.pdf\">2025. november<\/a><\/li>\n<li><a href=\"https:\/\/semmelweis.hu\/jogigfoig\/files\/2026\/01\/Szerzodesek-5M-felett-202512.pdf\">2025. december<\/a><\/li>\n<\/ul>\n\n<\/div><h2 class=\"tabtitle\">2024<\/h2>\n<div class=\"tabcontent\">\n\n<ul>\n<li><a href=\"https:\/\/semmelweis.hu\/jogigfoig\/files\/2024\/02\/Szerzodesek_5M_felett_202401.pdf?_gl=1*lrcltn*_up*MQ..*_ga*MTMwOTk2NTM4Mi4xNzEwMzMyMTcz*_ga_5B3MMKXDLW*MTcxMDMzMjE3My4xLjEuMTcxMDMzMjMyOC4wLjAuMA..\">2024. janu\u00e1r<\/a><\/li>\n<li><a href=\"https:\/\/semmelweis.hu\/jogigfoig\/files\/2024\/03\/Szerzodesek_5M_felett_202402.pdf\">2024. febru\u00e1r<\/a><\/li>\n<li><a href=\"http:\/\/Szerzodesek_5M_felett_202403.pdf\">2024. m\u00e1rcius<\/a><\/li>\n<li><a href=\"https:\/\/semmelweis.hu\/jogigfoig\/files\/2024\/05\/Szerzodesek_5M_felett_202404.pdf\">2024. \u00e1prilis<\/a><\/li>\n<li><a href=\"https:\/\/semmelweis.hu\/jogigfoig\/files\/2024\/06\/Szerzodesek_5M_felett_202405.pdf\">2024. m\u00e1jus<\/a><\/li>\n<li><a href=\"https:\/\/semmelweis.hu\/jogigfoig\/files\/2024\/07\/Szerzodesek_5M_felett_202406.pdf\">2024. j\u00fanius<\/a><\/li>\n<li><a href=\"https:\/\/semmelweis.hu\/jogigfoig\/files\/2024\/08\/Szerzodesek_5M_felett_2024_07.pdf\">2024. j\u00falius<\/a><\/li>\n<li><a href=\"https:\/\/semmelweis.hu\/jogigfoig\/files\/2024\/09\/Szerzodesek_5M_felett_202408.pdf\">2024. augusztus<\/a><\/li>\n<li><a href=\"https:\/\/semmelweis.hu\/jogigfoig\/files\/2024\/10\/Szerzodesek_5M_felett_202409.pdf\">2024. szeptember<\/a><\/li>\n<li><a href=\"https:\/\/semmelweis.hu\/jogigfoig\/files\/2024\/11\/Szerzodesek_5M_felett_202410.pdf\">2024. okt\u00f3ber<\/a><\/li>\n<li><a href=\"https:\/\/semmelweis.hu\/jogigfoig\/files\/2025\/01\/Szerzodesek_5M_felett_202411.pdf\">2024. november<\/a><\/li>\n<li><a href=\"https:\/\/semmelweis.hu\/jogigfoig\/files\/2025\/01\/Szerzodesek_5M_felett_202412.pdf\">2024. december<\/a><\/li>\n<\/ul>\n\n<\/div><h2 class=\"tabtitle\">2023<\/h2>\n<div class=\"tabcontent\">\n\n<ul>\n<li><a href=\"https:\/\/semmelweis.hu\/jogigfoig\/files\/2023\/02\/Szerzodesek_5M_felett_202301.pdf\">2023. janu\u00e1r<\/a><\/li>\n<li><a href=\"https:\/\/semmelweis.hu\/jogigfoig\/files\/2023\/03\/Szerzodesek_5M_felett_202302.pdf\">2023. febru\u00e1r<\/a><\/li>\n<li><a href=\"https:\/\/semmelweis.hu\/jogigfoig\/files\/2023\/04\/Szerzodesek_5M_felett_202303.pdf\">2023. m\u00e1rcius<\/a><\/li>\n<li><a href=\"https:\/\/semmelweis.hu\/jogigfoig\/files\/2023\/05\/Szerzodesek_5M_202304.pdf\">2023. \u00e1prilis<\/a><\/li>\n<li><a href=\"https:\/\/semmelweis.hu\/jogigfoig\/files\/2023\/06\/Szerzodesek_5M_202305.pdf\">2023. m\u00e1jus<\/a><\/li>\n<li><a href=\"https:\/\/semmelweis.hu\/jogigfoig\/files\/2023\/07\/Szerzodesek_5M_felett_202306.pdf\">2023. j\u00fanius<\/a><\/li>\n<li><a href=\"https:\/\/semmelweis.hu\/jogigfoig\/files\/2023\/08\/Szerzodesek_5M_felett_202307.pdf\">2023. j\u00falius<\/a><\/li>\n<li><a href=\"https:\/\/semmelweis.hu\/jogigfoig\/files\/2023\/09\/Szerzodesek_5M_felett_202308.pdf\">2023. augusztus<\/a><\/li>\n<li><a href=\"https:\/\/semmelweis.hu\/jogigfoig\/files\/2023\/10\/Szerzodesek_5M_felett_202309.pdf\">2023. szeptember<\/a><\/li>\n<li><a href=\"https:\/\/semmelweis.hu\/jogigfoig\/files\/2023\/11\/Szerzodesek_5M_felett_202310.pdf\">2023. okt\u00f3ber<\/a><\/li>\n<li><a href=\"https:\/\/semmelweis.hu\/jogigfoig\/files\/2023\/12\/Szerzodesek_5M_felett_202311.pdf\">2023. november<\/a><\/li>\n<li><a href=\"https:\/\/semmelweis.hu\/jogigfoig\/files\/2024\/01\/Szerzodesek_5M_felett_202312.pdf\">2023. december<\/a><\/li>\n<\/ul>\n\n<\/div><h2 class=\"tabtitle\">2022<\/h2>\n<div class=\"tabcontent\">\n\n<ul>\n<li><a href=\"https:\/\/semmelweis.hu\/jogigfoig\/files\/2022\/02\/Szerzodesek_5M_felett_202201.pdf\">2022. janu\u00e1r<\/a><\/li>\n<li><a href=\"https:\/\/semmelweis.hu\/jogigfoig\/files\/2022\/03\/Szerzodesek_5M_felett_202202.pdf\">2022. febru\u00e1r<\/a><\/li>\n<li><a href=\"https:\/\/semmelweis.hu\/jogigfoig\/files\/2022\/04\/Szerzodesek_5M_felett_202203.pdf\">2022. m\u00e1rcius<\/a><\/li>\n<li><a href=\"https:\/\/semmelweis.hu\/jogigfoig\/files\/2022\/05\/Szerzodesek_5M_felett_202204.pdf\">2022. \u00e1prilis<\/a><\/li>\n<li><a href=\"https:\/\/semmelweis.hu\/jogigfoig\/files\/2022\/06\/Szerzodesek_5M_felett_202205.pdf\">2022. m\u00e1jus<\/a><\/li>\n<li><a href=\"https:\/\/semmelweis.hu\/jogigfoig\/files\/2022\/07\/Szerzodesek_5M_felett_202206.pdf\">2022. j\u00fanius<\/a><\/li>\n<li><a href=\"https:\/\/semmelweis.hu\/jogigfoig\/files\/2022\/08\/Szerzodesek_5M_felett_202207.pdf\">2022. j\u00falius<\/a><\/li>\n<li><a href=\"https:\/\/semmelweis.hu\/jogigfoig\/files\/2022\/09\/Szerzodesek_5M_felett_202208.pdf\">2022. augusztus<\/a><\/li>\n<li><a href=\"https:\/\/semmelweis.hu\/jogigfoig\/files\/2022\/10\/Szerzodesek_5M_felett_202209.pdf\">2022. szeptember<\/a><\/li>\n<li><a href=\"https:\/\/semmelweis.hu\/jogigfoig\/files\/2022\/11\/Szerzodesek_5M_felett_202210.pdf\">2022. okt\u00f3ber<\/a><\/li>\n<li><a href=\"https:\/\/semmelweis.hu\/jogigfoig\/files\/2022\/12\/Szerzodesek_5M_felett_202211.pdf\">2022. november<\/a><\/li>\n<li><a href=\"https:\/\/semmelweis.hu\/jogigfoig\/files\/2023\/01\/Szerzodesek_5M_felett_202212.pdf\">2022. december<\/a><\/li>\n<\/ul>\n\n<\/div><h2 class=\"tabtitle\">2021<\/h2>\n<div class=\"tabcontent\">\n\n<ul>\n<li><a href=\"https:\/\/semmelweis.hu\/jogigfoig\/files\/2021\/09\/Szerzodesek_5M_felett_202101.pdf\">2021. janu\u00e1r<\/a><\/li>\n<li><a href=\"https:\/\/semmelweis.hu\/jogigfoig\/files\/2021\/09\/Szerzodesek_5M_felett_202102.pdf\">2021. febru\u00e1r<\/a><\/li>\n<li><a href=\"https:\/\/semmelweis.hu\/jogigfoig\/files\/2021\/09\/Szerzodesek_5M_felett_202103.pdf\">2021. m\u00e1rcius<\/a><\/li>\n<li><a href=\"https:\/\/semmelweis.hu\/jogigfoig\/files\/2021\/09\/Szerzodesek_5M_felett_202104.pdf\">2021. \u00e1prilis<\/a><\/li>\n<li><a href=\"https:\/\/semmelweis.hu\/jogigfoig\/files\/2021\/09\/Szerzodesek_5M_felett_202105.pdf\">2021. m\u00e1jus<\/a><\/li>\n<li><a href=\"https:\/\/semmelweis.hu\/jogigfoig\/files\/2021\/09\/Szerzodesek_5M_felett_202106.pdf\">2021. j\u00fanius<\/a><\/li>\n<li><a href=\"https:\/\/semmelweis.hu\/jogigfoig\/files\/2021\/09\/Szerzodesek_5M_felett_202107.pdf\">2021. j\u00falius<\/a><\/li>\n<li><a href=\"https:\/\/semmelweis.hu\/jogigfoig\/files\/2021\/09\/Szerzodesek_5M_202108.pdf\">2021. augusztus<\/a><\/li>\n<li><a href=\"https:\/\/semmelweis.hu\/jogigfoig\/files\/2021\/10\/Szerzodesek_5M_202109.pdf\">2021. szeptember<\/a><\/li>\n<li><a href=\"https:\/\/semmelweis.hu\/jogigfoig\/files\/2021\/11\/Szerzodesek_5M_202110.pdf\">2021. okt\u00f3ber<\/a><\/li>\n<li><a href=\"https:\/\/semmelweis.hu\/jogigfoig\/files\/2021\/12\/Szerzodesek_5M_felett_202111.pdf\">2021. november<\/a><\/li>\n<li><a href=\"https:\/\/semmelweis.hu\/jogigfoig\/files\/2022\/01\/Szerzodesek_5M-felett_202112.pdf\">2021. december<\/a><\/li>\n<\/ul>\n\n<\/div><h2 class=\"tabtitle\">2020<\/h2>\n<div class=\"tabcontent\">\n\n<ul>\n<li><a href=\"https:\/\/semmelweis.hu\/jogigfoig\/files\/2021\/09\/Szerzodesek_5M_felett_202001.pdf\">2020. janu\u00e1r<\/a><\/li>\n<li><a href=\"https:\/\/semmelweis.hu\/jogigfoig\/files\/2021\/09\/Szerzodesek_5M_felett_202002.pdf\">2020. febru\u00e1r<\/a><\/li>\n<li><a href=\"https:\/\/semmelweis.hu\/jogigfoig\/files\/2021\/09\/Szerzodesek_5M_felett_202003.pdf\">2020. m\u00e1rcius<\/a><\/li>\n<li><a href=\"https:\/\/semmelweis.hu\/jogigfoig\/files\/2021\/09\/Szerzodesek_5M_felett_202004.pdf\">2020. \u00e1prilis<\/a><\/li>\n<li><a href=\"https:\/\/semmelweis.hu\/jogigfoig\/files\/2021\/09\/Szerzodesek_5M_felett_202005.pdf\">2020. m\u00e1jus<\/a><\/li>\n<li><a href=\"https:\/\/semmelweis.hu\/jogigfoig\/files\/2021\/09\/Szerzodesek_5M_felett_202006.pdf\">2020. j\u00fanius<\/a><\/li>\n<li><a href=\"https:\/\/semmelweis.hu\/jogigfoig\/files\/2021\/09\/Szerzodesek_5M_felett_202007.pdf\">2020. j\u00falius<\/a><\/li>\n<li><a href=\"https:\/\/semmelweis.hu\/jogigfoig\/files\/2021\/09\/Szerzodesek_5M_felett_-202008.pdf\">2020. augusztus<\/a><\/li>\n<li><a href=\"https:\/\/semmelweis.hu\/jogigfoig\/files\/2021\/09\/Szerzodesek_5M_felett_202009.pdf\">2020. szeptember<\/a><\/li>\n<li><a href=\"https:\/\/semmelweis.hu\/jogigfoig\/files\/2021\/09\/Szerzodesek_5M_felett_202010.pdf\">2020. okt\u00f3ber<\/a><\/li>\n<li><a href=\"https:\/\/semmelweis.hu\/jogigfoig\/files\/2021\/09\/Szerzodesek_5M_felett_202011.pdf\">2020. november<\/a><\/li>\n<li><a href=\"https:\/\/semmelweis.hu\/jogigfoig\/files\/2021\/09\/Szerzodesek_5M_felett_202012.pdf\">2020. december<\/a><\/li>\n<\/ul>\n\n<\/div><h2 class=\"tabtitle\">2019<\/h2>\n<div class=\"tabcontent\">\n\n<ul>\n<li><a href=\"https:\/\/semmelweis.hu\/jogigfoig\/files\/2021\/09\/Szerzodesek_5M_felett_201901.pdf\">2019. janu\u00e1r<\/a><\/li>\n<li><a href=\"https:\/\/semmelweis.hu\/jogigfoig\/files\/2021\/09\/Szerzodesek_5M_felett_201902.pdf\">2019. febru\u00e1r<\/a><\/li>\n<li><a href=\"https:\/\/semmelweis.hu\/jogigfoig\/files\/2021\/09\/Szerzodesek_5M_felett_201903.pdf\">2019. m\u00e1rcius<\/a><\/li>\n<li><a href=\"https:\/\/semmelweis.hu\/jogigfoig\/files\/2021\/09\/Szerzodesek_5M_felett_201904.pdf\">2019. \u00e1prilis<\/a><\/li>\n<li><a href=\"https:\/\/semmelweis.hu\/jogigfoig\/files\/2021\/09\/Szerzodesek_5M_felett_201905.pdf\">2019. m\u00e1jus<\/a><\/li>\n<li><a href=\"https:\/\/semmelweis.hu\/jogigfoig\/files\/2021\/09\/Szerzodesek_5M_felett_201906.pdf\">2019. j\u00fanius<\/a><\/li>\n<li><a href=\"https:\/\/semmelweis.hu\/jogigfoig\/files\/2021\/09\/Szerzodesek_5M_felett_201907.pdf\">2019. j\u00falius<\/a><\/li>\n<li><a href=\"https:\/\/semmelweis.hu\/jogigfoig\/files\/2021\/09\/Szerzodesek_5M_felett_201908.pdf\">2019. augusztus<\/a><\/li>\n<li><a href=\"https:\/\/semmelweis.hu\/jogigfoig\/files\/2021\/09\/Szerzodesek_5M_felett_201909.pdf\">2019. szeptember<\/a><\/li>\n<li><a href=\"https:\/\/semmelweis.hu\/jogigfoig\/files\/2021\/09\/Szerzodesek_5M_felett_201910.pdf\">2019. okt\u00f3ber<\/a><\/li>\n<li><a href=\"https:\/\/semmelweis.hu\/jogigfoig\/files\/2021\/09\/Szerzodesek_5M_felett_201911.pdf\">2019. november<\/a><\/li>\n<li><a href=\"https:\/\/semmelweis.hu\/jogigfoig\/files\/2021\/09\/Szerzodesek_5M_felett_201912.pdf\">2019. december<\/a><\/li>\n<\/ul>\n<\/div><\/div>\n","protected":false},"excerpt":{"rendered":"<p><a href=\"https:\/\/semmelweis.hu\/jogigfoig\/files\/2026\/01\/Szerzodesek-5M-felett-202512.pdf\">2026. janu\u00e1r<\/a> <a href=\"https:\/\/semmelweis.hu\/jogigfoig\/files\/2026\/03\/5-mFt-feletti-szerzodesek_2026.02.18.-2026.02.24.pdf\">2026. febru\u00e1r<\/a> <a href=\"https:\/\/semmelweis.hu\/jogigfoig\/files\/2025\/02\/Szerzodesek_5M_felett_202501.pdf\">2025. janu\u00e1r<\/a> <a href=\"https:\/\/semmelweis.hu\/jogigfoig\/files\/2025\/03\/Szerzodesek_5M_felett_202502_.pdf\">2025. febru\u00e1r<\/a> <a href=\"https:\/\/semmelweis.hu\/jogigfoig\/files\/2025\/04\/Szerzodesek_5M_felett_202503.pdf\">2025. m\u00e1rcius<\/a> <a href=\"https:\/\/semmelweis.hu\/jogigfoig\/files\/2025\/05\/Szerzodesek_5M_felett_202504.pdf\">2025. \u00e1prilis<\/a> <a href=\"https:\/\/semmelweis.hu\/jogigfoig\/files\/2025\/07\/Szerzodesek-5M-felett-202506-1.pdf\">2025. j\u00fanius<\/a> <a href=\"https:\/\/semmelweis.hu\/jogigfoig\/files\/2025\/08\/Szerzodesek-5M-felett-202507.pdf\">2025. j\u00falius<\/a> <a href=\"https:\/\/semmelweis.hu\/jogigfoig\/files\/2025\/09\/Szerzodesek-5M-felett-202508.pdf\">2025. augusztus<\/a> <a href=\"https:\/\/semmelweis.hu\/jogigfoig\/files\/2025\/10\/Szerzodesek-5M-felett-202509.pdf\">2025. szeptember<\/a> <a href=\"https:\/\/semmelweis.hu\/jogigfoig\/files\/2025\/11\/Szerzodesek-5M-felett-202510.pdf\">2025. okt\u00f3ber<\/a> <a href=\"https:\/\/semmelweis.hu\/jogigfoig\/files\/2025\/12\/Szerzodesek-5M-felett-202511.pdf\">2025. november<\/a> <a href=\"https:\/\/semmelweis.hu\/jogigfoig\/files\/2026\/01\/Szerzodesek-5M-felett-202512.pdf\">2025. december<\/a> <a href=\"https:\/\/semmelweis.hu\/jogigfoig\/files\/2024\/02\/Szerzodesek_5M_felett_202401.pdf?_gl=1*lrcltn*_up*MQ..*_ga*MTMwOTk2NTM4Mi4xNzEwMzMyMTcz*_ga_5B3MMKXDLW*MTcxMDMzMjE3My4xLjEuMTcxMDMzMjMyOC4wLjAuMA..\">2024. janu\u00e1r<\/a> <a href=\"https:\/\/semmelweis.hu\/jogigfoig\/files\/2024\/03\/Szerzodesek_5M_felett_202402.pdf\">2024. febru\u00e1r<\/a> <a href=\"http:\/\/Szerzodesek_5M_felett_202403.pdf\">2024. m\u00e1rcius<\/a> <a href=\"https:\/\/semmelweis.hu\/jogigfoig\/files\/2024\/05\/Szerzodesek_5M_felett_202404.pdf\">2024. \u00e1prilis<\/a> <a href=\"https:\/\/semmelweis.hu\/jogigfoig\/files\/2024\/06\/Szerzodesek_5M_felett_202405.pdf\">2024. m\u00e1jus<\/a> <a href=\"https:\/\/semmelweis.hu\/jogigfoig\/files\/2024\/07\/Szerzodesek_5M_felett_202406.pdf\">2024. j\u00fanius<\/a> <a href=\"https:\/\/semmelweis.hu\/jogigfoig\/files\/2024\/08\/Szerzodesek_5M_felett_2024_07.pdf\">2024. j\u00falius<\/a> <a href=\"https:\/\/semmelweis.hu\/jogigfoig\/files\/2024\/09\/Szerzodesek_5M_felett_202408.pdf\">2024. augusztus<\/a> <a href=\"https:\/\/semmelweis.hu\/jogigfoig\/files\/2024\/10\/Szerzodesek_5M_felett_202409.pdf\">2024. szeptember<\/a> <a href=\"https:\/\/semmelweis.hu\/jogigfoig\/files\/2024\/11\/Szerzodesek_5M_felett_202410.pdf\">2024. okt\u00f3ber<\/a> <a href=\"https:\/\/semmelweis.hu\/jogigfoig\/files\/2025\/01\/Szerzodesek_5M_felett_202411.pdf\">2024. november<\/a> <a href=\"https:\/\/semmelweis.hu\/jogigfoig\/files\/2025\/01\/Szerzodesek_5M_felett_202412.pdf\">2024. december<\/a> <a href=\"https:\/\/semmelweis.hu\/jogigfoig\/files\/2023\/02\/Szerzodesek_5M_felett_202301.pdf\">2023. janu\u00e1r<\/a> <a href=\"https:\/\/semmelweis.hu\/jogigfoig\/files\/2023\/03\/Szerzodesek_5M_felett_202302.pdf\">2023. febru\u00e1r<\/a> <a href=\"https:\/\/semmelweis.hu\/jogigfoig\/files\/2023\/04\/Szerzodesek_5M_felett_202303.pdf\">2023. m\u00e1rcius<\/a> <a href=\"https:\/\/semmelweis.hu\/jogigfoig\/files\/2023\/05\/Szerzodesek_5M_202304.pdf\">2023. \u00e1prilis<\/a> <a href=\"https:\/\/semmelweis.hu\/jogigfoig\/files\/2023\/06\/Szerzodesek_5M_202305.pdf\">2023. m\u00e1jus<\/a> <a href=\"https:\/\/semmelweis.hu\/jogigfoig\/files\/2023\/07\/Szerzodesek_5M_felett_202306.pdf\">2023. j\u00fanius<\/a> <a href=\"https:\/\/semmelweis.hu\/jogigfoig\/files\/2023\/08\/Szerzodesek_5M_felett_202307.pdf\">2023. j\u00falius<\/a> <a href=\"https:\/\/semmelweis.hu\/jogigfoig\/files\/2023\/09\/Szerzodesek_5M_felett_202308.pdf\">2023. augusztus<\/a> <a href=\"https:\/\/semmelweis.hu\/jogigfoig\/files\/2023\/10\/Szerzodesek_5M_felett_202309.pdf\">2023. szeptember<\/a> <a href=\"https:\/\/semmelweis.hu\/jogigfoig\/files\/2023\/11\/Szerzodesek_5M_felett_202310.pdf\">2023. okt\u00f3ber<\/a> <a href=\"https:\/\/semmelweis.hu\/jogigfoig\/files\/2023\/12\/Szerzodesek_5M_felett_202311.pdf\">2023. november<\/a> <a href=\"https:\/\/semmelweis.hu\/jogigfoig\/files\/2024\/01\/Szerzodesek_5M_felett_202312.pdf\">2023. december<\/a> <a href=\"https:\/\/semmelweis.hu\/jogigfoig\/files\/2022\/02\/Szerzodesek_5M_felett_202201.pdf\">2022. janu\u00e1r<\/a> <a href=\"https:\/\/semmelweis.hu\/jogigfoig\/files\/2022\/03\/Szerzodesek_5M_felett_202202.pdf\">2022. febru\u00e1r<\/a> <a href=\"https:\/\/semmelweis.hu\/jogigfoig\/files\/2022\/04\/Szerzodesek_5M_felett_202203.pdf\">2022. m\u00e1rcius<\/a> <a href=\"https:\/\/semmelweis.hu\/jogigfoig\/files\/2022\/05\/Szerzodesek_5M_felett_202204.pdf\">2022. \u00e1prilis<\/a> <a href=\"https:\/\/semmelweis.hu\/jogigfoig\/files\/2022\/06\/Szerzodesek_5M_felett_202205.pdf\">2022. m\u00e1jus<\/a> <a href=\"https:\/\/semmelweis.hu\/jogigfoig\/files\/2022\/07\/Szerzodesek_5M_felett_202206.pdf\">2022. j\u00fanius<\/a> <a href=\"https:\/\/semmelweis.hu\/jogigfoig\/files\/2022\/08\/Szerzodesek_5M_felett_202207.pdf\">2022. j\u00falius<\/a> <a href=\"https:\/\/semmelweis.hu\/jogigfoig\/files\/2022\/09\/Szerzodesek_5M_felett_202208.pdf\">2022. augusztus<\/a> <a href=\"https:\/\/semmelweis.hu\/jogigfoig\/files\/2022\/10\/Szerzodesek_5M_felett_202209.pdf\">2022. szeptember<\/a> <a href=\"https:\/\/semmelweis.hu\/jogigfoig\/files\/2022\/11\/Szerzodesek_5M_felett_202210.pdf\">2022. okt\u00f3ber<\/a> <a href=\"https:\/\/semmelweis.hu\/jogigfoig\/files\/2022\/12\/Szerzodesek_5M_felett_202211.pdf\">2022. november<\/a> <a href=\"https:\/\/semmelweis.hu\/jogigfoig\/files\/2023\/01\/Szerzodesek_5M_felett_202212.pdf\">2022. december<\/a> <a href=\"https:\/\/semmelweis.hu\/jogigfoig\/files\/2021\/09\/Szerzodesek_5M_felett_202101.pdf\">2021. janu\u00e1r<\/a> <a href=\"https:\/\/semmelweis.hu\/jogigfoig\/files\/2021\/09\/Szerzodesek_5M_felett_202102.pdf\">2021. febru\u00e1r<\/a> <a href=\"https:\/\/semmelweis.hu\/jogigfoig\/files\/2021\/09\/Szerzodesek_5M_felett_202103.pdf\">2021. m\u00e1rcius<\/a> <a href=\"https:\/\/semmelweis.hu\/jogigfoig\/files\/2021\/09\/Szerzodesek_5M_felett_202104.pdf\">2021. \u00e1prilis<\/a> <a href=\"https:\/\/semmelweis.hu\/jogigfoig\/files\/2021\/09\/Szerzodesek_5M_felett_202105.pdf\">2021. m\u00e1jus<\/a> <a href=\"https:\/\/semmelweis.hu\/jogigfoig\/files\/2021\/09\/Szerzodesek_5M_felett_202106.pdf\">2021. j\u00fanius<\/a> <a href=\"https:\/\/semmelweis.hu\/jogigfoig\/files\/2021\/09\/Szerzodesek_5M_felett_202107.pdf\">2021. j\u00falius<\/a> <a href=\"https:\/\/semmelweis.hu\/jogigfoig\/files\/2021\/09\/Szerzodesek_5M_202108.pdf\">2021. augusztus<\/a> <a href=\"https:\/\/semmelweis.hu\/jogigfoig\/files\/2021\/10\/Szerzodesek_5M_202109.pdf\">2021. szeptember<\/a> <a href=\"https:\/\/semmelweis.hu\/jogigfoig\/files\/2021\/11\/Szerzodesek_5M_202110.pdf\">2021. okt\u00f3ber<\/a> <a href=\"https:\/\/semmelweis.hu\/jogigfoig\/files\/2021\/12\/Szerzodesek_5M_felett_202111.pdf\">2021. november<\/a> <a href=\"https:\/\/semmelweis.hu\/jogigfoig\/files\/2022\/01\/Szerzodesek_5M-felett_202112.pdf\">2021. december<\/a> <a href=\"https:\/\/semmelweis.hu\/jogigfoig\/files\/2021\/09\/Szerzodesek_5M_felett_202001.pdf\">2020. janu\u00e1r<\/a> <a href=\"https:\/\/semmelweis.hu\/jogigfoig\/files\/2021\/09\/Szerzodesek_5M_felett_202002.pdf\">2020. febru\u00e1r<\/a> <a href=\"https:\/\/semmelweis.hu\/jogigfoig\/files\/2021\/09\/Szerzodesek_5M_felett_202003.pdf\">2020. m\u00e1rcius<\/a> <a href=\"https:\/\/semmelweis.hu\/jogigfoig\/files\/2021\/09\/Szerzodesek_5M_felett_202004.pdf\">2020. \u00e1prilis<\/a> <a href=\"https:\/\/semmelweis.hu\/jogigfoig\/files\/2021\/09\/Szerzodesek_5M_felett_202005.pdf\">2020. m\u00e1jus<\/a> <a href=\"https:\/\/semmelweis.hu\/jogigfoig\/files\/2021\/09\/Szerzodesek_5M_felett_202006.pdf\">2020. j\u00fanius<\/a> <a href=\"https:\/\/semmelweis.hu\/jogigfoig\/files\/2021\/09\/Szerzodesek_5M_felett_202007.pdf\">2020. j\u00falius<\/a> <a href=\"https:\/\/semmelweis.hu\/jogigfoig\/files\/2021\/09\/Szerzodesek_5M_felett_-202008.pdf\">2020. augusztus<\/a> <a href=\"https:\/\/semmelweis.hu\/jogigfoig\/files\/2021\/09\/Szerzodesek_5M_felett_202009.pdf\">2020. szeptember<\/a> <a href=\"https:\/\/semmelweis.hu\/jogigfoig\/files\/2021\/09\/Szerzodesek_5M_felett_202010.pdf\">2020. okt\u00f3ber<\/a> <a href=\"https:\/\/semmelweis.hu\/jogigfoig\/files\/2021\/09\/Szerzodesek_5M_felett_202011.pdf\">2020. november<\/a> <a href=\"https:\/\/semmelweis.hu\/jogigfoig\/files\/2021\/09\/Szerzodesek_5M_felett_202012.pdf\">2020. december<\/a> <a href=\"https:\/\/semmelweis.hu\/jogigfoig\/files\/2021\/09\/Szerzodesek_5M_felett_201901.pdf\">2019. janu\u00e1r<\/a> <a href=\"https:\/\/semmelweis.hu\/jogigfoig\/files\/2021\/09\/Szerzodesek_5M_felett_201902.pdf\">2019. febru\u00e1r<\/a> <a href=\"https:\/\/semmelweis.hu\/jogigfoig\/files\/2021\/09\/Szerzodesek_5M_felett_201903.pdf\">2019. m\u00e1rcius<\/a> <a href=\"https:\/\/semmelweis.hu\/jogigfoig\/files\/2021\/09\/Szerzodesek_5M_felett_201904.pdf\">2019. \u00e1prilis<\/a> <a href=\"https:\/\/semmelweis.hu\/jogigfoig\/files\/2021\/09\/Szerzodesek_5M_felett_201905.pdf\">2019. m\u00e1jus<\/a> <a href=\"https:\/\/semmelweis.hu\/jogigfoig\/files\/2021\/09\/Szerzodesek_5M_felett_201906.pdf\">2019. j\u00fanius<\/a> <a href=\"https:\/\/semmelweis.hu\/jogigfoig\/files\/2021\/09\/Szerzodesek_5M_felett_201907.pdf\">2019. j\u00falius<\/a> <a href=\"https:\/\/semmelweis.hu\/jogigfoig\/files\/2021\/09\/Szerzodesek_5M_felett_201908.pdf\">2019. augusztus<\/a> <a href=\"https:\/\/semmelweis.hu\/jogigfoig\/files\/2021\/09\/Szerzodesek_5M_felett_201909.pdf\">2019. szeptember<\/a> <a href=\"https:\/\/semmelweis.hu\/jogigfoig\/files\/2021\/09\/Szerzodesek_5M_felett_201910.pdf\">2019. okt\u00f3ber<\/a> <a href=\"https:\/\/semmelweis.hu\/jogigfoig\/files\/2021\/09\/Szerzodesek_5M_felett_201911.pdf\">2019. november<\/a> &hellip;<\/p>\n","protected":false},"author":101467,"featured_media":0,"parent":932,"menu_order":0,"comment_status":"closed","ping_status":"closed","template":"","meta":{"_acf_changed":false,"footnotes":""},"categories":[],"tags":[],"class_list":["post-82173","page","type-page","status-publish","hentry"],"acf":[],"_links":{"self":[{"href":"https:\/\/semmelweis.hu\/jogigfoig\/wp-json\/wp\/v2\/pages\/82173","targetHints":{"allow":["GET"]}}],"collection":[{"href":"https:\/\/semmelweis.hu\/jogigfoig\/wp-json\/wp\/v2\/pages"}],"about":[{"href":"https:\/\/semmelweis.hu\/jogigfoig\/wp-json\/wp\/v2\/types\/page"}],"author":[{"embeddable":true,"href":"https:\/\/semmelweis.hu\/jogigfoig\/wp-json\/wp\/v2\/users\/101467"}],"replies":[{"embeddable":true,"href":"https:\/\/semmelweis.hu\/jogigfoig\/wp-json\/wp\/v2\/comments?post=82173"}],"version-history":[{"count":11,"href":"https:\/\/semmelweis.hu\/jogigfoig\/wp-json\/wp\/v2\/pages\/82173\/revisions"}],"predecessor-version":[{"id":105703,"href":"https:\/\/semmelweis.hu\/jogigfoig\/wp-json\/wp\/v2\/pages\/82173\/revisions\/105703"}],"up":[{"embeddable":true,"href":"https:\/\/semmelweis.hu\/jogigfoig\/wp-json\/wp\/v2\/pages\/932"}],"wp:attachment":[{"href":"https:\/\/semmelweis.hu\/jogigfoig\/wp-json\/wp\/v2\/media?parent=82173"}],"wp:term":[{"taxonomy":"category","embeddable":true,"href":"https:\/\/semmelweis.hu\/jogigfoig\/wp-json\/wp\/v2\/categories?post=82173"},{"taxonomy":"post_tag","embeddable":true,"href":"https:\/\/semmelweis.hu\/jogigfoig\/wp-json\/wp\/v2\/tags?post=82173"}],"curies":[{"name":"wp","href":"https:\/\/api.w.org\/{rel}","templated":true}]}}