{"id":82007,"date":"2021-08-12T13:42:48","date_gmt":"2021-08-12T11:42:48","guid":{"rendered":"https:\/\/semmelweis.hu\/jogigfoig\/?page_id=82007"},"modified":"2022-11-21T14:40:27","modified_gmt":"2022-11-21T13:40:27","slug":"2021-augusztus-9","status":"publish","type":"page","link":"https:\/\/semmelweis.hu\/jogigfoig\/testuletek\/szenatus\/2021-evi-szenatusi-hatarozatok\/2021-augusztus-9\/","title":{"rendered":"2021. augusztus 9."},"content":{"rendered":"<p style=\"text-align: justify\"><a href=\"https:\/\/semmelweis.hu\/jogigfoig\/files\/2021\/08\/82_2021_a-Semmelweis-Egyetem-Napk\u00f6ziotthonos-\u00d3voda-\u00faj-alap\u00edt\u00f3-okirat\u00e1nak-elfogad\u00e1s\u00e1r\u00f3l.pdf\">A Semmelweis Egyetem\u00a0Szen\u00e1tus\u00e1nak\u00a082\/2021. (VIII.10.) sz\u00e1m\u00fa hat\u00e1rozata a Semmelweis Egyetem Napk\u00f6ziotthonos \u00d3voda \u00faj alap\u00edt\u00f3 okirat\u00e1nak\u00a0elfogad\u00e1s\u00e1r\u00f3l<\/a><\/p>\n<p style=\"text-align: justify\"><a href=\"https:\/\/semmelweis.hu\/jogigfoig\/files\/2021\/08\/A-Semmelweis-Egyetem-Napk\u00f6ziotthonos-\u00d3vod\u00e1j\u00e1nak-Alap\u00edt\u00f3-Okirata.pdf\">A Semmelweis Egyetem Szen\u00e1tus\u00e1nak 82\/2021. (VIII.10.) sz\u00e1m\u00fa hat\u00e1rozata a Semmelweis Egyetem Napk\u00f6ziotthonos \u00d3voda \u00faj alap\u00edt\u00f3 okirat\u00e1nak elfogad\u00e1s\u00e1r\u00f3l &#8211; Alap\u00edt\u00f3 Okirat<\/a><\/p>\n","protected":false},"excerpt":{"rendered":"<p><a href=\"https:\/\/semmelweis.hu\/jogigfoig\/files\/2021\/08\/82_2021_a-Semmelweis-Egyetem-Napk\u00f6ziotthonos-\u00d3voda-\u00faj-alap\u00edt\u00f3-okirat\u00e1nak-elfogad\u00e1s\u00e1r\u00f3l.pdf\">A Semmelweis Egyetem\u00a0Szen\u00e1tus\u00e1nak\u00a082\/2021. (VIII.10.) sz\u00e1m\u00fa hat\u00e1rozata a Semmelweis Egyetem Napk\u00f6ziotthonos \u00d3voda \u00faj alap\u00edt\u00f3 okirat\u00e1nak\u00a0elfogad\u00e1s\u00e1r\u00f3l<\/a><br \/>\n<a href=\"https:\/\/semmelweis.hu\/jogigfoig\/files\/2021\/08\/A-Semmelweis-Egyetem-Napk\u00f6ziotthonos-\u00d3vod\u00e1j\u00e1nak-Alap\u00edt\u00f3-Okirata.pdf\">A Semmelweis Egyetem Szen\u00e1tus\u00e1nak 82\/2021. (VIII.10.) sz\u00e1m\u00fa hat\u00e1rozata a Semmelweis Egyetem Napk\u00f6ziotthonos \u00d3voda \u00faj alap\u00edt\u00f3 okirat\u00e1nak elfogad\u00e1s\u00e1r\u00f3l &#8211; Alap\u00edt\u00f3 Okirat<\/a><\/p>\n","protected":false},"author":101467,"featured_media":0,"parent":79349,"menu_order":9,"comment_status":"closed","ping_status":"closed","template":"","meta":{"_acf_changed":false,"footnotes":""},"categories":[],"tags":[],"class_list":["post-82007","page","type-page","status-publish","hentry"],"acf":[],"_links":{"self":[{"href":"https:\/\/semmelweis.hu\/jogigfoig\/wp-json\/wp\/v2\/pages\/82007","targetHints":{"allow":["GET"]}}],"collection":[{"href":"https:\/\/semmelweis.hu\/jogigfoig\/wp-json\/wp\/v2\/pages"}],"about":[{"href":"https:\/\/semmelweis.hu\/jogigfoig\/wp-json\/wp\/v2\/types\/page"}],"author":[{"embeddable":true,"href":"https:\/\/semmelweis.hu\/jogigfoig\/wp-json\/wp\/v2\/users\/101467"}],"replies":[{"embeddable":true,"href":"https:\/\/semmelweis.hu\/jogigfoig\/wp-json\/wp\/v2\/comments?post=82007"}],"version-history":[{"count":1,"href":"https:\/\/semmelweis.hu\/jogigfoig\/wp-json\/wp\/v2\/pages\/82007\/revisions"}],"predecessor-version":[{"id":82010,"href":"https:\/\/semmelweis.hu\/jogigfoig\/wp-json\/wp\/v2\/pages\/82007\/revisions\/82010"}],"up":[{"embeddable":true,"href":"https:\/\/semmelweis.hu\/jogigfoig\/wp-json\/wp\/v2\/pages\/79349"}],"wp:attachment":[{"href":"https:\/\/semmelweis.hu\/jogigfoig\/wp-json\/wp\/v2\/media?parent=82007"}],"wp:term":[{"taxonomy":"category","embeddable":true,"href":"https:\/\/semmelweis.hu\/jogigfoig\/wp-json\/wp\/v2\/categories?post=82007"},{"taxonomy":"post_tag","embeddable":true,"href":"https:\/\/semmelweis.hu\/jogigfoig\/wp-json\/wp\/v2\/tags?post=82007"}],"curies":[{"name":"wp","href":"https:\/\/api.w.org\/{rel}","templated":true}]}}