{"id":81642,"date":"2021-07-21T13:09:30","date_gmt":"2021-07-21T11:09:30","guid":{"rendered":"https:\/\/semmelweis.hu\/jogigfoig\/?page_id=81642"},"modified":"2022-11-21T14:40:18","modified_gmt":"2022-11-21T13:40:18","slug":"2021-julius-16","status":"publish","type":"page","link":"https:\/\/semmelweis.hu\/jogigfoig\/testuletek\/szenatus\/2021-evi-szenatusi-hatarozatok\/2021-julius-16\/","title":{"rendered":"2021. j\u00falius 16."},"content":{"rendered":"<p style=\"text-align: justify\"><a href=\"https:\/\/semmelweis.hu\/jogigfoig\/files\/2021\/07\/77_2021_2021-2022-es-tan\u00e9v-tant\u00e1rgyi-k\u00f6vetelm\u00e9nyrendszereir\u0151l-az-\u00c1OK-on.pdf\">A Semmelweis Egyetem\u00a0Szen\u00e1tus\u00e1nak\u00a077\/2021. (VII.16.) sz\u00e1m\u00fa hat\u00e1rozata a 2021\/2022-es tan\u00e9v tant\u00e1rgyi k\u00f6vetelm\u00e9nyrendszereir\u0151l az \u00c1ltal\u00e1nos Orvostudom\u00e1nyi Karon<\/a><\/p>\n<p style=\"text-align: justify\"><a href=\"https:\/\/semmelweis.hu\/jogigfoig\/files\/2021\/07\/77_2021_mell\u00e9klet_\u00faj-k\u00f6telez\u0151en-\u00e9s-szabadon-v\u00e1laszthat\u00f3-t\u00e1rgyak.pdf\">A Semmelweis Egyetem Szen\u00e1tus\u00e1nak 77\/2021. (VII.16.) sz\u00e1m\u00fa hat\u00e1rozata a 2021\/2022-es tan\u00e9v tant\u00e1rgyi k\u00f6vetelm\u00e9nyrendszereir\u0151l az \u00c1ltal\u00e1nos Orvostudom\u00e1nyi Karon &#8211; 1. sz\u00e1m\u00fa mell\u00e9klet<\/a><\/p>\n<p style=\"text-align: justify\"><a href=\"https:\/\/semmelweis.hu\/jogigfoig\/files\/2021\/07\/78_2021_a-2019_2020-as-tan\u00e9vt\u0151l-bevezetett-orvosk\u00e9pz\u00e9s-kurrikulum\u00e1nak-m\u00f3dos\u00edt\u00e1s\u00e1ra-az-\u00c1ltal\u00e1nos-Orvostudom\u00e1nyi-Karon.pdf\">A Semmelweis Egyetem\u00a0Szen\u00e1tus\u00e1nak 78\/2021. (VII.16.) sz\u00e1m\u00fa hat\u00e1rozata a 2019\/2020-as tan\u00e9vt\u0151l bevezetett orvosk\u00e9pz\u00e9s kurrikulum\u00e1nak m\u00f3dos\u00edt\u00e1s\u00e1r\u00f3l az \u00c1ltal\u00e1nos Orvostudom\u00e1nyi Karon<\/a><\/p>\n<p style=\"text-align: justify\"><a href=\"https:\/\/semmelweis.hu\/jogigfoig\/files\/2021\/07\/78_2021_mell\u00e9klet_k\u00f6vetelm\u00e9nyrendszer_Intenz\u00edv-ter\u00e1pia-\u00e9s-aneszteziol\u00f3gia_3.pdf\">A Semmelweis Egyetem Szen\u00e1tus\u00e1nak 78\/2021. (VII.16.) sz\u00e1m\u00fa hat\u00e1rozata a 2019\/2020-as tan\u00e9vt\u0151l bevezetett orvosk\u00e9pz\u00e9s kurrikulum\u00e1nak m\u00f3dos\u00edt\u00e1s\u00e1r\u00f3l az \u00c1ltal\u00e1nos Orvostudom\u00e1nyi Karon &#8211; 1. sz\u00e1m\u00fa mell\u00e9klet<\/a><\/p>\n<p style=\"text-align: justify\"><a href=\"https:\/\/semmelweis.hu\/jogigfoig\/files\/2021\/07\/78_2021_mell\u00e9klet_k\u00f6vetelm\u00e9nyrendszer_Kardiol\u00f3gia-sz\u00edvseb\u00e9szet_2.pdf\">A Semmelweis Egyetem\u00a0Szen\u00e1tus\u00e1nak 78\/2021. (VII.16.) sz\u00e1m\u00fa hat\u00e1rozata a 2019\/2020-as tan\u00e9vt\u0151l bevezetett orvosk\u00e9pz\u00e9s kurrikulum\u00e1nak m\u00f3dos\u00edt\u00e1s\u00e1r\u00f3l az \u00c1ltal\u00e1nos Orvostudom\u00e1nyi Karon &#8211; 2. sz\u00e1m\u00fa mell\u00e9klet<\/a><\/p>\n<p style=\"text-align: justify\"><a href=\"https:\/\/semmelweis.hu\/jogigfoig\/files\/2021\/07\/78_2021_mell\u00e9klet_k\u00f6vetelm\u00e9nyrendszer_Transzl\u00e1ci\u00f3s-medicina-\u00e9s-k\u00f3r\u00e9lettan-I._2.pdf\">A Semmelweis Egyetem\u00a0Szen\u00e1tus\u00e1nak 78\/2021. (VII.16.) sz\u00e1m\u00fa hat\u00e1rozata a 2019\/2020-as tan\u00e9vt\u0151l bevezetett orvosk\u00e9pz\u00e9s kurrikulum\u00e1nak m\u00f3dos\u00edt\u00e1s\u00e1r\u00f3l az \u00c1ltal\u00e1nos Orvostudom\u00e1nyi Karon &#8211; 3. sz\u00e1m\u00fa mell\u00e9klet<\/a><\/p>\n<p style=\"text-align: justify\"><a href=\"https:\/\/semmelweis.hu\/jogigfoig\/files\/2021\/07\/79_2021_a-2019_2020-as-tan\u00e9vt\u0151l-bevezetett-orvosk\u00e9pz\u00e9s-kurrikulum\u00e1nak-az-idegen-nyelv\u0171-k\u00e9pz\u00e9seket-\u00e9rint\u0151-m\u00f3dos\u00edt\u00e1s\u00e1ra-az-\u00c1ltal\u00e1nos-Orvostudom\u00e1nyi-Karon.pdf\">A Semmelweis Egyetem\u00a0Szen\u00e1tus\u00e1nak 79\/2021. (VII.16.) sz\u00e1m\u00fa hat\u00e1rozata a 2019\/2020-as tan\u00e9vt\u0151l bevezetett orvosk\u00e9pz\u00e9s kurrikulum\u00e1nak az idegen nyelv\u0171 k\u00e9pz\u00e9seket \u00e9rint\u0151 m\u00f3dos\u00edt\u00e1s\u00e1r\u00f3l az \u00c1ltal\u00e1nos Orvostudom\u00e1nyi Karon<\/a><\/p>\n<p style=\"text-align: justify\"><a href=\"https:\/\/semmelweis.hu\/jogigfoig\/files\/2021\/07\/79_2021_mell\u00e9klet_KT-ra-magyar-orv.-szaknyelv-4-f\u00e9l\u00e9ves-tematika_magyar-nyelven.pdf\">A Semmelweis Egyetem Szen\u00e1tus\u00e1nak 79\/2021. (VII.16.) sz\u00e1m\u00fa hat\u00e1rozata a 2019\/2020-as tan\u00e9vt\u0151l bevezetett orvosk\u00e9pz\u00e9s kurrikulum\u00e1nak az idegen nyelv\u0171 k\u00e9pz\u00e9seket \u00e9rint\u0151 m\u00f3dos\u00edt\u00e1s\u00e1r\u00f3l az \u00c1ltal\u00e1nos Orvostudom\u00e1nyi Karon &#8211; 1. sz\u00e1m\u00fa mell\u00e9klet<\/a><\/p>\n<p style=\"text-align: justify\"><a href=\"https:\/\/semmelweis.hu\/jogigfoig\/files\/2021\/07\/79_2021_mell\u00e9klet_KT-ra-magyar-orv.-szaknyelv-4-f\u00e9l\u00e9ves-tematika_angol-nyelven.pdf\">A Semmelweis Egyetem Szen\u00e1tus\u00e1nak 79\/2021. (VII.16.) sz\u00e1m\u00fa hat\u00e1rozata a 2019\/2020-as tan\u00e9vt\u0151l bevezetett orvosk\u00e9pz\u00e9s kurrikulum\u00e1nak az idegen nyelv\u0171 k\u00e9pz\u00e9seket \u00e9rint\u0151 m\u00f3dos\u00edt\u00e1s\u00e1r\u00f3l az \u00c1ltal\u00e1nos Orvostudom\u00e1nyi Karon &#8211; 2. sz\u00e1m\u00fa mell\u00e9klet<\/a><\/p>\n<p style=\"text-align: justify\"><a href=\"https:\/\/semmelweis.hu\/jogigfoig\/files\/2021\/07\/79_2021_mell\u00e9klet_KT-ra-magyar-orv.-szaknyelv-4-f\u00e9l\u00e9ves-tematika_n\u00e9met-nyelven.pdf\">A Semmelweis Egyetem Szen\u00e1tus\u00e1nak 79\/2021. (VII.16.) sz\u00e1m\u00fa hat\u00e1rozata a 2019\/2020-as tan\u00e9vt\u0151l bevezetett orvosk\u00e9pz\u00e9s kurrikulum\u00e1nak az idegen nyelv\u0171 k\u00e9pz\u00e9seket \u00e9rint\u0151 m\u00f3dos\u00edt\u00e1s\u00e1r\u00f3l az \u00c1ltal\u00e1nos Orvostudom\u00e1nyi Karon &#8211; 3. sz\u00e1m\u00fa mell\u00e9klet<\/a><\/p>\n<p style=\"text-align: justify\"><a href=\"https:\/\/semmelweis.hu\/jogigfoig\/files\/2021\/07\/80_2021_a-Semmelweis-Egyetem-EKK_EMK_-eg\u00e9szs\u00e9g\u00fcgyi-menedzser-mesterk\u00e9pz\u00e9si-szak-nappali-\u00e9s-levelez\u0151-munkarend\u0171-k\u00e9pz\u00e9sek-elfogadott-tanterveinek-kijav\u00edt\u00e1s\u00e1r\u00f3l.pdf\">A Semmelweis Egyetem\u00a0Szen\u00e1tus\u00e1nak\u00a080\/2021. (VII.16.) sz\u00e1m\u00fa hat\u00e1rozata a Semmelweis Egyetem Eg\u00e9szs\u00e9g\u00fcgyi K\u00f6zszolg\u00e1lati Kar Eg\u00e9szs\u00e9g\u00fcgyi Menedzserk\u00e9pz\u0151 K\u00f6zpont eg\u00e9szs\u00e9g\u00fcgyi menedzser mesterk\u00e9pz\u00e9si szak nappali \u00e9s levelez\u0151 munkarend\u0171 k\u00e9pz\u00e9sek elfogadott tanterveinek kijav\u00edt\u00e1s\u00e1r\u00f3l<\/a><\/p>\n<p style=\"text-align: justify\"><a href=\"https:\/\/semmelweis.hu\/jogigfoig\/files\/2021\/07\/80_2021_mell\u00e9klet_nappali-mintatanterv.pdf\">A Semmelweis Egyetem Szen\u00e1tus\u00e1nak 80\/2021. (VII.16.) sz\u00e1m\u00fa hat\u00e1rozata a Semmelweis Egyetem Eg\u00e9szs\u00e9g\u00fcgyi K\u00f6zszolg\u00e1lati Kar Eg\u00e9szs\u00e9g\u00fcgyi Menedzserk\u00e9pz\u0151 K\u00f6zpont eg\u00e9szs\u00e9g\u00fcgyi menedzser mesterk\u00e9pz\u00e9si szak nappali \u00e9s levelez\u0151 munkarend\u0171 k\u00e9pz\u00e9sek elfogadott tanterveinek kijav\u00edt\u00e1s\u00e1r\u00f3l &#8211; 1. sz\u00e1m\u00fa mell\u00e9klet<\/a><\/p>\n<p style=\"text-align: justify\"><a href=\"https:\/\/semmelweis.hu\/jogigfoig\/files\/2021\/07\/80_2021_mell\u00e9klet_levelez\u0151-mintatanterv.pdf\">A Semmelweis Egyetem Szen\u00e1tus\u00e1nak 80\/2021. (VII.16.) sz\u00e1m\u00fa hat\u00e1rozata a Semmelweis Egyetem Eg\u00e9szs\u00e9g\u00fcgyi K\u00f6zszolg\u00e1lati Kar Eg\u00e9szs\u00e9g\u00fcgyi Menedzserk\u00e9pz\u0151 K\u00f6zpont eg\u00e9szs\u00e9g\u00fcgyi menedzser mesterk\u00e9pz\u00e9si szak nappali \u00e9s levelez\u0151 munkarend\u0171 k\u00e9pz\u00e9sek elfogadott tanterveinek kijav\u00edt\u00e1s\u00e1r\u00f3l &#8211; 2. sz\u00e1m\u00fa mell\u00e9klet<\/a><\/p>\n<p style=\"text-align: justify\"><a href=\"https:\/\/semmelweis.hu\/jogigfoig\/files\/2021\/07\/81_2021_a-Klinikai-K\u00f6zpont-szervezeti-egys\u00e9geinek-struktur\u00e1lis-v\u00e1ltoz\u00e1sair\u00f3l.pdf\">A Semmelweis Egyetem\u00a0Szen\u00e1tus\u00e1nak 81\/2021. (VII.16.) sz\u00e1m\u00fa hat\u00e1rozata a Klinikai K\u00f6zpont szervezeti egys\u00e9geinek struktur\u00e1lis v\u00e1ltoz\u00e1sair\u00f3l<\/a><\/p>\n<p style=\"text-align: justify\"><a href=\"https:\/\/semmelweis.hu\/jogigfoig\/files\/2021\/07\/81_2021_Mell\u00e9klet.pdf\">A Semmelweis Egyetem Szen\u00e1tus\u00e1nak 81\/2021. (VII.16.) sz\u00e1m\u00fa hat\u00e1rozata a Klinikai K\u00f6zpont szervezeti egys\u00e9geinek struktur\u00e1lis v\u00e1ltoz\u00e1sair\u00f3l &#8211; 1. sz\u00e1m\u00fa mell\u00e9klet<\/a><\/p>\n","protected":false},"excerpt":{"rendered":"<p><a href=\"https:\/\/semmelweis.hu\/jogigfoig\/files\/2021\/07\/77_2021_2021-2022-es-tan\u00e9v-tant\u00e1rgyi-k\u00f6vetelm\u00e9nyrendszereir\u0151l-az-\u00c1OK-on.pdf\">A Semmelweis Egyetem\u00a0Szen\u00e1tus\u00e1nak\u00a077\/2021. (VII.16.) sz\u00e1m\u00fa hat\u00e1rozata a 2021\/2022-es tan\u00e9v tant\u00e1rgyi k\u00f6vetelm\u00e9nyrendszereir\u0151l az \u00c1ltal\u00e1nos Orvostudom\u00e1nyi Karon<\/a><br \/>\n<a href=\"https:\/\/semmelweis.hu\/jogigfoig\/files\/2021\/07\/77_2021_mell\u00e9klet_\u00faj-k\u00f6telez\u0151en-\u00e9s-szabadon-v\u00e1laszthat\u00f3-t\u00e1rgyak.pdf\">A Semmelweis Egyetem Szen\u00e1tus\u00e1nak 77\/2021. (VII.16.) sz\u00e1m\u00fa hat\u00e1rozata a 2021\/2022-es tan\u00e9v tant\u00e1rgyi k\u00f6vetelm\u00e9nyrendszereir\u0151l az \u00c1ltal\u00e1nos Orvostudom\u00e1nyi Karon &#8211; 1. sz\u00e1m\u00fa mell\u00e9klet<\/a><br \/>\n<a href=\"https:\/\/semmelweis.hu\/jogigfoig\/files\/2021\/07\/78_2021_a-2019_2020-as-tan\u00e9vt\u0151l-bevezetett-orvosk\u00e9pz\u00e9s-kurrikulum\u00e1nak-m\u00f3dos\u00edt\u00e1s\u00e1ra-az-\u00c1ltal\u00e1nos-Orvostudom\u00e1nyi-Karon.pdf\">A Semmelweis Egyetem\u00a0Szen\u00e1tus\u00e1nak 78\/2021. (VII.16.) sz\u00e1m\u00fa hat\u00e1rozata a 2019\/2020-as tan\u00e9vt\u0151l bevezetett orvosk\u00e9pz\u00e9s kurrikulum\u00e1nak m\u00f3dos\u00edt\u00e1s\u00e1r\u00f3l az \u00c1ltal\u00e1nos Orvostudom\u00e1nyi Karon<\/a><br \/>\n<a href=\"https:\/\/semmelweis.hu\/jogigfoig\/files\/2021\/07\/78_2021_mell\u00e9klet_k\u00f6vetelm\u00e9nyrendszer_Intenz\u00edv-ter\u00e1pia-\u00e9s-aneszteziol\u00f3gia_3.pdf\">A Semmelweis Egyetem Szen\u00e1tus\u00e1nak 78\/2021. (VII.16.) sz\u00e1m\u00fa hat\u00e1rozata a 2019\/2020-as tan\u00e9vt\u0151l bevezetett orvosk\u00e9pz\u00e9s kurrikulum\u00e1nak m\u00f3dos\u00edt\u00e1s\u00e1r\u00f3l az \u00c1ltal\u00e1nos Orvostudom\u00e1nyi Karon &#8211; 1. sz\u00e1m\u00fa mell\u00e9klet<\/a><br \/>\n<a href=\"https:\/\/semmelweis.hu\/jogigfoig\/files\/2021\/07\/78_2021_mell\u00e9klet_k\u00f6vetelm\u00e9nyrendszer_Kardiol\u00f3gia-sz\u00edvseb\u00e9szet_2.pdf\">A Semmelweis Egyetem\u00a0Szen\u00e1tus\u00e1nak 78\/2021. (VII.16.) sz\u00e1m\u00fa hat\u00e1rozata a 2019\/2020-as tan\u00e9vt\u0151l bevezetett orvosk\u00e9pz\u00e9s kurrikulum\u00e1nak m\u00f3dos\u00edt\u00e1s\u00e1r\u00f3l az \u00c1ltal\u00e1nos Orvostudom\u00e1nyi Karon &#8211; 2. sz\u00e1m\u00fa mell\u00e9klet<\/a><br \/>\n<a href=\"https:\/\/semmelweis.hu\/jogigfoig\/files\/2021\/07\/78_2021_mell\u00e9klet_k\u00f6vetelm\u00e9nyrendszer_Transzl\u00e1ci\u00f3s-medicina-\u00e9s-k\u00f3r\u00e9lettan-I._2.pdf\">A Semmelweis Egyetem\u00a0Szen\u00e1tus\u00e1nak 78\/2021. (VII.16.) sz\u00e1m\u00fa hat\u00e1rozata a 2019\/2020-as tan\u00e9vt\u0151l bevezetett orvosk\u00e9pz\u00e9s kurrikulum\u00e1nak m\u00f3dos\u00edt\u00e1s\u00e1r\u00f3l az \u00c1ltal\u00e1nos Orvostudom\u00e1nyi Karon &#8211; 3. sz\u00e1m\u00fa mell\u00e9klet<\/a><br \/>\n<a href=\"https:\/\/semmelweis.hu\/jogigfoig\/files\/2021\/07\/79_2021_a-2019_2020-as-tan\u00e9vt\u0151l-bevezetett-orvosk\u00e9pz\u00e9s-kurrikulum\u00e1nak-az-idegen-nyelv\u0171-k\u00e9pz\u00e9seket-\u00e9rint\u0151-m\u00f3dos\u00edt\u00e1s\u00e1ra-az-\u00c1ltal\u00e1nos-Orvostudom\u00e1nyi-Karon.pdf\">A Semmelweis Egyetem\u00a0Szen\u00e1tus\u00e1nak 79\/2021. (VII.16.) sz\u00e1m\u00fa hat\u00e1rozata a 2019\/2020-as tan\u00e9vt\u0151l bevezetett orvosk\u00e9pz\u00e9s kurrikulum\u00e1nak az idegen nyelv\u0171 k\u00e9pz\u00e9seket \u00e9rint\u0151 m\u00f3dos\u00edt\u00e1s\u00e1r\u00f3l az \u00c1ltal\u00e1nos Orvostudom\u00e1nyi Karon<\/a><br \/>\n<a href=\"https:\/\/semmelweis.hu\/jogigfoig\/files\/2021\/07\/79_2021_mell\u00e9klet_KT-ra-magyar-orv.-szaknyelv-4-f\u00e9l\u00e9ves-tematika_magyar-nyelven.pdf\">A Semmelweis Egyetem Szen\u00e1tus\u00e1nak 79\/2021. (VII.16.) sz\u00e1m\u00fa hat\u00e1rozata a 2019\/2020-as tan\u00e9vt\u0151l bevezetett orvosk\u00e9pz\u00e9s kurrikulum\u00e1nak az idegen nyelv\u0171 k\u00e9pz\u00e9seket \u00e9rint\u0151 m\u00f3dos\u00edt\u00e1s\u00e1r\u00f3l az \u00c1ltal\u00e1nos Orvostudom\u00e1nyi Karon &#8211; 1. sz\u00e1m\u00fa mell\u00e9klet<\/a><br \/>\n<a href=\"https:\/\/semmelweis.hu\/jogigfoig\/files\/2021\/07\/79_2021_mell\u00e9klet_KT-ra-magyar-orv.-szaknyelv-4-f\u00e9l\u00e9ves-tematika_angol-nyelven.pdf\">A Semmelweis Egyetem Szen\u00e1tus\u00e1nak 79\/2021. (VII.16.) sz\u00e1m\u00fa hat\u00e1rozata a 2019\/2020-as tan\u00e9vt\u0151l bevezetett orvosk\u00e9pz\u00e9s kurrikulum\u00e1nak az idegen nyelv\u0171 k\u00e9pz\u00e9seket \u00e9rint\u0151 m\u00f3dos\u00edt\u00e1s\u00e1r\u00f3l az \u00c1ltal\u00e1nos Orvostudom\u00e1nyi Karon &#8211; 2. sz\u00e1m\u00fa mell\u00e9klet<\/a><br \/>\n<a href=\"https:\/\/semmelweis.hu\/jogigfoig\/files\/2021\/07\/79_2021_mell\u00e9klet_KT-ra-magyar-orv.-szaknyelv-4-f\u00e9l\u00e9ves-tematika_n\u00e9met-nyelven.pdf\">A Semmelweis Egyetem Szen\u00e1tus\u00e1nak 79\/2021. (VII.16.) sz\u00e1m\u00fa hat\u00e1rozata a 2019\/2020-as tan\u00e9vt\u0151l bevezetett orvosk\u00e9pz\u00e9s kurrikulum\u00e1nak az idegen nyelv\u0171 k\u00e9pz\u00e9seket \u00e9rint\u0151 m\u00f3dos\u00edt\u00e1s\u00e1r\u00f3l az \u00c1ltal\u00e1nos Orvostudom\u00e1nyi Karon &#8211; 3. sz\u00e1m\u00fa mell\u00e9klet<\/a><br \/>\n<a href=\"https:\/\/semmelweis.hu\/jogigfoig\/files\/2021\/07\/80_2021_a-Semmelweis-Egyetem-EKK_EMK_-eg\u00e9szs\u00e9g\u00fcgyi-menedzser-mesterk\u00e9pz\u00e9si-szak-nappali-\u00e9s-levelez\u0151-munkarend\u0171-k\u00e9pz\u00e9sek-elfogadott-tanterveinek-kijav\u00edt\u00e1s\u00e1r\u00f3l.pdf\">A Semmelweis Egyetem\u00a0Szen\u00e1tus\u00e1nak\u00a080\/2021. (VII.16.) sz\u00e1m\u00fa hat\u00e1rozata a Semmelweis Egyetem Eg\u00e9szs\u00e9g\u00fcgyi K\u00f6zszolg\u00e1lati Kar Eg\u00e9szs\u00e9g\u00fcgyi Menedzserk\u00e9pz\u0151 K\u00f6zpont eg\u00e9szs\u00e9g\u00fcgyi menedzser mesterk\u00e9pz\u00e9si szak nappali \u00e9s levelez\u0151 munkarend\u0171 k\u00e9pz\u00e9sek elfogadott tanterveinek kijav\u00edt\u00e1s\u00e1r\u00f3l<\/a><br \/>\n<a href=\"https:\/\/semmelweis.hu\/jogigfoig\/files\/2021\/07\/80_2021_mell\u00e9klet_nappali-mintatanterv.pdf\">A Semmelweis Egyetem Szen\u00e1tus\u00e1nak 80\/2021. (VII.16.) sz\u00e1m\u00fa hat\u00e1rozata a Semmelweis Egyetem Eg\u00e9szs\u00e9g\u00fcgyi K\u00f6zszolg\u00e1lati Kar Eg\u00e9szs\u00e9g\u00fcgyi Menedzserk\u00e9pz\u0151 K\u00f6zpont eg\u00e9szs\u00e9g\u00fcgyi menedzser mesterk\u00e9pz\u00e9si szak nappali \u00e9s levelez\u0151 munkarend\u0171 k\u00e9pz\u00e9sek elfogadott tanterveinek kijav\u00edt\u00e1s\u00e1r\u00f3l &#8211; 1. sz\u00e1m\u00fa mell\u00e9klet<\/a><br \/>\n<a href=\"https:\/\/semmelweis.hu\/jogigfoig\/files\/2021\/07\/80_2021_mell\u00e9klet_levelez\u0151-mintatanterv.pdf\">A Semmelweis Egyetem Szen\u00e1tus\u00e1nak 80\/2021. (VII.16.) sz\u00e1m\u00fa hat\u00e1rozata a Semmelweis Egyetem Eg\u00e9szs\u00e9g\u00fcgyi K\u00f6zszolg\u00e1lati Kar Eg\u00e9szs\u00e9g\u00fcgyi Menedzserk\u00e9pz\u0151 K\u00f6zpont eg\u00e9szs\u00e9g\u00fcgyi menedzser mesterk\u00e9pz\u00e9si szak nappali \u00e9s levelez\u0151 munkarend\u0171 k\u00e9pz\u00e9sek elfogadott tanterveinek kijav\u00edt\u00e1s\u00e1r\u00f3l &#8211; 2. sz\u00e1m\u00fa mell\u00e9klet<\/a><br \/>\n<a href=\"https:\/\/semmelweis.hu\/jogigfoig\/files\/2021\/07\/81_2021_a-Klinikai-K\u00f6zpont-szervezeti-egys\u00e9geinek-struktur\u00e1lis-v\u00e1ltoz\u00e1sair\u00f3l.pdf\">A Semmelweis Egyetem\u00a0Szen\u00e1tus\u00e1nak 81\/2021. (VII.16.) sz\u00e1m\u00fa hat\u00e1rozata a Klinikai K\u00f6zpont szervezeti egys\u00e9geinek struktur\u00e1lis v\u00e1ltoz\u00e1sair\u00f3l<\/a><br \/>\n<a href=\"https:\/\/semmelweis.hu\/jogigfoig\/files\/2021\/07\/81_2021_Mell\u00e9klet.pdf\">A Semmelweis Egyetem Szen\u00e1tus\u00e1nak 81\/2021. (VII.16.) sz\u00e1m\u00fa hat\u00e1rozata a Klinikai K\u00f6zpont szervezeti egys\u00e9geinek struktur\u00e1lis v\u00e1ltoz\u00e1sair\u00f3l &#8211; 1. sz\u00e1m\u00fa mell\u00e9klet<\/a><\/p>\n","protected":false},"author":101467,"featured_media":0,"parent":79349,"menu_order":8,"comment_status":"closed","ping_status":"closed","template":"","meta":{"_acf_changed":false,"footnotes":""},"categories":[],"tags":[],"class_list":["post-81642","page","type-page","status-publish","hentry"],"acf":[],"_links":{"self":[{"href":"https:\/\/semmelweis.hu\/jogigfoig\/wp-json\/wp\/v2\/pages\/81642","targetHints":{"allow":["GET"]}}],"collection":[{"href":"https:\/\/semmelweis.hu\/jogigfoig\/wp-json\/wp\/v2\/pages"}],"about":[{"href":"https:\/\/semmelweis.hu\/jogigfoig\/wp-json\/wp\/v2\/types\/page"}],"author":[{"embeddable":true,"href":"https:\/\/semmelweis.hu\/jogigfoig\/wp-json\/wp\/v2\/users\/101467"}],"replies":[{"embeddable":true,"href":"https:\/\/semmelweis.hu\/jogigfoig\/wp-json\/wp\/v2\/comments?post=81642"}],"version-history":[{"count":1,"href":"https:\/\/semmelweis.hu\/jogigfoig\/wp-json\/wp\/v2\/pages\/81642\/revisions"}],"predecessor-version":[{"id":81658,"href":"https:\/\/semmelweis.hu\/jogigfoig\/wp-json\/wp\/v2\/pages\/81642\/revisions\/81658"}],"up":[{"embeddable":true,"href":"https:\/\/semmelweis.hu\/jogigfoig\/wp-json\/wp\/v2\/pages\/79349"}],"wp:attachment":[{"href":"https:\/\/semmelweis.hu\/jogigfoig\/wp-json\/wp\/v2\/media?parent=81642"}],"wp:term":[{"taxonomy":"category","embeddable":true,"href":"https:\/\/semmelweis.hu\/jogigfoig\/wp-json\/wp\/v2\/categories?post=81642"},{"taxonomy":"post_tag","embeddable":true,"href":"https:\/\/semmelweis.hu\/jogigfoig\/wp-json\/wp\/v2\/tags?post=81642"}],"curies":[{"name":"wp","href":"https:\/\/api.w.org\/{rel}","templated":true}]}}