{"id":81635,"date":"2021-07-21T12:53:26","date_gmt":"2021-07-21T10:53:26","guid":{"rendered":"https:\/\/semmelweis.hu\/jogigfoig\/?page_id=81635"},"modified":"2022-11-21T14:40:08","modified_gmt":"2022-11-21T13:40:08","slug":"2021-julius-14","status":"publish","type":"page","link":"https:\/\/semmelweis.hu\/jogigfoig\/testuletek\/szenatus\/2021-evi-szenatusi-hatarozatok\/2021-julius-14\/","title":{"rendered":"2021. j\u00falius 14."},"content":{"rendered":"<p style=\"text-align: justify\"><a href=\"https:\/\/semmelweis.hu\/jogigfoig\/files\/2021\/07\/N_6_2021_hat\u00e1rozat.pdf\">A Semmelweis Egyetem Szen\u00e1tus\u00e1nak N-6. 2021. (VII.14.) sz\u00e1m\u00fa hat\u00e1rozata a a szen\u00e1tusi \u00fcl\u00e9s napirendj\u00e9r\u0151l<\/a><\/p>\n<p style=\"text-align: justify\"><a href=\"https:\/\/semmelweis.hu\/jogigfoig\/files\/2021\/07\/75_2021_SzMSz-m\u00f3dos\u00edt\u00e1s-a-modellv\u00e1lt\u00e1shoz-kapcsol\u00f3d\u00f3an.pdf\">A Semmelweis Egyetem\u00a0Szen\u00e1tus\u00e1nak 75\/2021. (VII.14.) sz\u00e1m\u00fa hat\u00e1rozata\u00a0a Szervezeti \u00e9s M\u0171k\u00f6d\u00e9si Szab\u00e1lyzat modellv\u00e1lt\u00e1ssal \u00f6sszef\u00fcgg\u0151, az SzMSz I.1. R\u00e9sz\u00e9nek \u00e9s az SzMSz II. K\u00f6nyv alkalmaz\u00e1sa tekintet\u00e9ben \u00e1tmeneti szab\u00e1lyok elfogad\u00e1s\u00e1r\u00f3l,\u00a0valamint\u00a0az SzMSz III.4. R\u00e9sz a T\u00e9r\u00edt\u00e9si \u00e9s Juttat\u00e1si Szab\u00e1lyzat m\u00f3dos\u00edt\u00e1s\u00e1r\u00f3l<\/a><\/p>\n<p style=\"text-align: justify\"><a href=\"https:\/\/semmelweis.hu\/jogigfoig\/files\/2021\/07\/75_2021_mell\u00e9klet_78198_39._2021.-_VII.29.-SE-H\u00d6K-ELN\u00d6KI-HAT\u00c1ROZAT-AZ-EGYET\u00c9RT\u00c9SI-JOG-GYAKORL\u00c1S\u00c1R\u00d3L.pdf\">A Semmelweis Egyetem Szen\u00e1tus\u00e1nak 75\/2021. (VII.14.) sz\u00e1m\u00fa hat\u00e1rozata a Szervezeti \u00e9s M\u0171k\u00f6d\u00e9si Szab\u00e1lyzat modellv\u00e1lt\u00e1ssal \u00f6sszef\u00fcgg\u0151, az SzMSz I.1. R\u00e9sz\u00e9nek \u00e9s az SzMSz II. K\u00f6nyv alkalmaz\u00e1sa tekintet\u00e9ben \u00e1tmeneti szab\u00e1lyok elfogad\u00e1s\u00e1r\u00f3l, valamint az SzMSz III.4. R\u00e9sz a T\u00e9r\u00edt\u00e9si \u00e9s Juttat\u00e1si Szab\u00e1lyzat m\u00f3dos\u00edt\u00e1s\u00e1r\u00f3l &#8211; Hallgat\u00f3i \u00d6nkorm\u00e1nyzat egyet\u00e9rt\u00e9si jog gyakorl\u00e1sa<\/a><\/p>\n<p style=\"text-align: justify\"><a href=\"https:\/\/semmelweis.hu\/jogigfoig\/files\/2021\/07\/75_2021_1.-sz.-mell\u00e9klet_SZMSZ-I.1.-\u00e1ltal\u00e1nos-r\u00e9sz.pdf\">A Semmelweis Egyetem Szen\u00e1tus\u00e1nak 75\/2021. (VII.14.) sz\u00e1m\u00fa hat\u00e1rozata a Szervezeti \u00e9s M\u0171k\u00f6d\u00e9si Szab\u00e1lyzat modellv\u00e1lt\u00e1ssal \u00f6sszef\u00fcgg\u0151, az SzMSz I.1. R\u00e9sz\u00e9nek \u00e9s az SzMSz II. K\u00f6nyv alkalmaz\u00e1sa tekintet\u00e9ben \u00e1tmeneti szab\u00e1lyok elfogad\u00e1s\u00e1r\u00f3l, valamint az SzMSz III.4. R\u00e9sz a T\u00e9r\u00edt\u00e9si \u00e9s Juttat\u00e1si Szab\u00e1lyzat m\u00f3dos\u00edt\u00e1s\u00e1r\u00f3l &#8211; 1. sz\u00e1m\u00fa mell\u00e9klet<\/a><\/p>\n<p style=\"text-align: justify\"><a href=\"https:\/\/semmelweis.hu\/jogigfoig\/files\/2021\/07\/75_2021_2.-sz.-mell\u00e9klet_SZMSZ_HKR_TJSZ-m\u00f3dos\u00edt\u00e1s.pdf\">A Semmelweis Egyetem\u00a0Szen\u00e1tus\u00e1nak 75\/2021. (VII.14.) sz\u00e1m\u00fa hat\u00e1rozata\u00a0a Szervezeti \u00e9s M\u0171k\u00f6d\u00e9si Szab\u00e1lyzat modellv\u00e1lt\u00e1ssal \u00f6sszef\u00fcgg\u0151, az SzMSz I.1. R\u00e9sz\u00e9nek \u00e9s az SzMSz II. K\u00f6nyv alkalmaz\u00e1sa tekintet\u00e9ben \u00e1tmeneti szab\u00e1lyok elfogad\u00e1s\u00e1r\u00f3l,\u00a0valamint\u00a0az SzMSz III.4. R\u00e9sz a T\u00e9r\u00edt\u00e9si \u00e9s Juttat\u00e1si Szab\u00e1lyzat m\u00f3dos\u00edt\u00e1s\u00e1r\u00f3l &#8211; 2. sz\u00e1m\u00fa mell\u00e9klet<\/a><\/p>\n<p style=\"text-align: justify\"><a href=\"https:\/\/semmelweis.hu\/jogigfoig\/files\/2021\/07\/76_2021_Semmelweis-Ign\u00e1c-jutalomd\u00edj.pdf\">A Semmelweis Egyetem Szen\u00e1tus\u00e1nak 76\/2021. (VII.14.) sz\u00e1m\u00fa hat\u00e1rozata a 2021. \u00e9vi Semmelweis Ign\u00e1c eml\u00e9k\u00e9rem \u00e9s jutalomd\u00edj adom\u00e1nyoz\u00e1s\u00e1r\u00f3l<\/a><\/p>\n<p style=\"text-align: justify\"><a href=\"https:\/\/semmelweis.hu\/jogigfoig\/files\/2021\/07\/76_2021_Kancell\u00e1ri-egyet\u00e9rt\u00e9s.pdf\">A Semmelweis Egyetem Szen\u00e1tus\u00e1nak 76\/2021. (VII.14.) sz\u00e1m\u00fa hat\u00e1rozata a 2021. \u00e9vi Semmelweis Ign\u00e1c eml\u00e9k\u00e9rem \u00e9s jutalomd\u00edj adom\u00e1nyoz\u00e1s\u00e1r\u00f3l &#8211; kancell\u00e1ri egyet\u00e9rt\u00e9si jog gyakorl\u00e1sa<\/a><\/p>\n<p>&nbsp;<\/p>\n","protected":false},"excerpt":{"rendered":"<p><a href=\"https:\/\/semmelweis.hu\/jogigfoig\/files\/2021\/07\/N_6_2021_hat\u00e1rozat.pdf\">A Semmelweis Egyetem Szen\u00e1tus\u00e1nak N-6. 2021. (VII.14.) sz\u00e1m\u00fa hat\u00e1rozata a a szen\u00e1tusi \u00fcl\u00e9s napirendj\u00e9r\u0151l<\/a><br \/>\n<a href=\"https:\/\/semmelweis.hu\/jogigfoig\/files\/2021\/07\/75_2021_SzMSz-m\u00f3dos\u00edt\u00e1s-a-modellv\u00e1lt\u00e1shoz-kapcsol\u00f3d\u00f3an.pdf\">A Semmelweis Egyetem\u00a0Szen\u00e1tus\u00e1nak 75\/2021. (VII.14.) sz\u00e1m\u00fa hat\u00e1rozata\u00a0a Szervezeti \u00e9s M\u0171k\u00f6d\u00e9si Szab\u00e1lyzat modellv\u00e1lt\u00e1ssal \u00f6sszef\u00fcgg\u0151, az SzMSz I.1. R\u00e9sz\u00e9nek \u00e9s az SzMSz II. K\u00f6nyv alkalmaz\u00e1sa tekintet\u00e9ben \u00e1tmeneti szab\u00e1lyok elfogad\u00e1s\u00e1r\u00f3l,\u00a0valamint\u00a0az SzMSz III.4. R\u00e9sz a T\u00e9r\u00edt\u00e9si \u00e9s Juttat\u00e1si Szab\u00e1lyzat m\u00f3dos\u00edt\u00e1s\u00e1r\u00f3l<\/a><br \/>\n<a href=\"https:\/\/semmelweis.hu\/jogigfoig\/files\/2021\/07\/75_2021_mell\u00e9klet_78198_39._2021.-_VII.29.-SE-H\u00d6K-ELN\u00d6KI-HAT\u00c1ROZAT-AZ-EGYET\u00c9RT\u00c9SI-JOG-GYAKORL\u00c1S\u00c1R\u00d3L.pdf\">A Semmelweis Egyetem Szen\u00e1tus\u00e1nak 75\/2021. (VII.14.) sz\u00e1m\u00fa hat\u00e1rozata a Szervezeti \u00e9s M\u0171k\u00f6d\u00e9si Szab\u00e1lyzat modellv\u00e1lt\u00e1ssal \u00f6sszef\u00fcgg\u0151, az SzMSz I.1. R\u00e9sz\u00e9nek \u00e9s az SzMSz II. K\u00f6nyv alkalmaz\u00e1sa tekintet\u00e9ben \u00e1tmeneti szab\u00e1lyok elfogad\u00e1s\u00e1r\u00f3l, valamint az SzMSz III.4. R\u00e9sz a T\u00e9r\u00edt\u00e9si \u00e9s Juttat\u00e1si Szab\u00e1lyzat m\u00f3dos\u00edt\u00e1s\u00e1r\u00f3l &#8211; Hallgat\u00f3i \u00d6nkorm\u00e1nyzat egyet\u00e9rt\u00e9si jog gyakorl\u00e1sa<\/a><br \/>\n<a href=\"https:\/\/semmelweis.hu\/jogigfoig\/files\/2021\/07\/75_2021_1.-sz.-mell\u00e9klet_SZMSZ-I.1.-\u00e1ltal\u00e1nos-r\u00e9sz.pdf\">A Semmelweis Egyetem Szen\u00e1tus\u00e1nak 75\/2021. (VII.14.) sz\u00e1m\u00fa hat\u00e1rozata a Szervezeti \u00e9s M\u0171k\u00f6d\u00e9si Szab\u00e1lyzat modellv\u00e1lt\u00e1ssal \u00f6sszef\u00fcgg\u0151, az SzMSz I.1. R\u00e9sz\u00e9nek \u00e9s az SzMSz II. K\u00f6nyv alkalmaz\u00e1sa tekintet\u00e9ben \u00e1tmeneti szab\u00e1lyok elfogad\u00e1s\u00e1r\u00f3l, valamint az SzMSz III.4. R\u00e9sz a T\u00e9r\u00edt\u00e9si \u00e9s Juttat\u00e1si Szab\u00e1lyzat m\u00f3dos\u00edt\u00e1s\u00e1r\u00f3l &#8211; 1. sz\u00e1m\u00fa mell\u00e9klet<\/a><br \/>\n<a href=\"https:\/\/semmelweis.hu\/jogigfoig\/files\/2021\/07\/75_2021_2.-sz.-mell\u00e9klet_SZMSZ_HKR_TJSZ-m\u00f3dos\u00edt\u00e1s.pdf\">A Semmelweis Egyetem\u00a0Szen\u00e1tus\u00e1nak 75\/2021. (VII.14.) sz\u00e1m\u00fa hat\u00e1rozata\u00a0a Szervezeti \u00e9s M\u0171k\u00f6d\u00e9si Szab\u00e1lyzat modellv\u00e1lt\u00e1ssal \u00f6sszef\u00fcgg\u0151, az SzMSz I.1. R\u00e9sz\u00e9nek \u00e9s az SzMSz II. K\u00f6nyv alkalmaz\u00e1sa tekintet\u00e9ben \u00e1tmeneti szab\u00e1lyok elfogad\u00e1s\u00e1r\u00f3l,\u00a0valamint\u00a0az SzMSz III.4. R\u00e9sz a T\u00e9r\u00edt\u00e9si \u00e9s Juttat\u00e1si Szab\u00e1lyzat m\u00f3dos\u00edt\u00e1s\u00e1r\u00f3l &#8211; 2. sz\u00e1m\u00fa mell\u00e9klet<\/a><br \/>\n<a href=\"https:\/\/semmelweis.hu\/jogigfoig\/files\/2021\/07\/76_2021_Semmelweis-Ign\u00e1c-jutalomd\u00edj.pdf\">A Semmelweis Egyetem Szen\u00e1tus\u00e1nak 76\/2021. (VII.14.) sz\u00e1m\u00fa hat\u00e1rozata a 2021. \u00e9vi Semmelweis Ign\u00e1c eml\u00e9k\u00e9rem \u00e9s jutalomd\u00edj adom\u00e1nyoz\u00e1s\u00e1r\u00f3l<\/a><br \/>\n<a href=\"https:\/\/semmelweis.hu\/jogigfoig\/files\/2021\/07\/76_2021_Kancell\u00e1ri-egyet\u00e9rt\u00e9s.pdf\">A Semmelweis Egyetem Szen\u00e1tus\u00e1nak 76\/2021. (VII.14.) sz\u00e1m\u00fa hat\u00e1rozata a 2021. \u00e9vi Semmelweis Ign\u00e1c eml\u00e9k\u00e9rem \u00e9s jutalomd\u00edj adom\u00e1nyoz\u00e1s\u00e1r\u00f3l &#8211; kancell\u00e1ri egyet\u00e9rt\u00e9si jog gyakorl\u00e1sa<\/a><br \/>\n&nbsp;<\/p>\n","protected":false},"author":101467,"featured_media":0,"parent":79349,"menu_order":7,"comment_status":"closed","ping_status":"closed","template":"","meta":{"_acf_changed":false,"footnotes":""},"categories":[],"tags":[],"class_list":["post-81635","page","type-page","status-publish","hentry"],"acf":[],"_links":{"self":[{"href":"https:\/\/semmelweis.hu\/jogigfoig\/wp-json\/wp\/v2\/pages\/81635","targetHints":{"allow":["GET"]}}],"collection":[{"href":"https:\/\/semmelweis.hu\/jogigfoig\/wp-json\/wp\/v2\/pages"}],"about":[{"href":"https:\/\/semmelweis.hu\/jogigfoig\/wp-json\/wp\/v2\/types\/page"}],"author":[{"embeddable":true,"href":"https:\/\/semmelweis.hu\/jogigfoig\/wp-json\/wp\/v2\/users\/101467"}],"replies":[{"embeddable":true,"href":"https:\/\/semmelweis.hu\/jogigfoig\/wp-json\/wp\/v2\/comments?post=81635"}],"version-history":[{"count":6,"href":"https:\/\/semmelweis.hu\/jogigfoig\/wp-json\/wp\/v2\/pages\/81635\/revisions"}],"predecessor-version":[{"id":81794,"href":"https:\/\/semmelweis.hu\/jogigfoig\/wp-json\/wp\/v2\/pages\/81635\/revisions\/81794"}],"up":[{"embeddable":true,"href":"https:\/\/semmelweis.hu\/jogigfoig\/wp-json\/wp\/v2\/pages\/79349"}],"wp:attachment":[{"href":"https:\/\/semmelweis.hu\/jogigfoig\/wp-json\/wp\/v2\/media?parent=81635"}],"wp:term":[{"taxonomy":"category","embeddable":true,"href":"https:\/\/semmelweis.hu\/jogigfoig\/wp-json\/wp\/v2\/categories?post=81635"},{"taxonomy":"post_tag","embeddable":true,"href":"https:\/\/semmelweis.hu\/jogigfoig\/wp-json\/wp\/v2\/tags?post=81635"}],"curies":[{"name":"wp","href":"https:\/\/api.w.org\/{rel}","templated":true}]}}