{"id":81086,"date":"2021-06-01T13:06:03","date_gmt":"2021-06-01T11:06:03","guid":{"rendered":"https:\/\/semmelweis.hu\/jogigfoig\/?page_id=81086"},"modified":"2022-11-21T14:39:45","modified_gmt":"2022-11-21T13:39:45","slug":"2021-majus-27","status":"publish","type":"page","link":"https:\/\/semmelweis.hu\/jogigfoig\/testuletek\/szenatus\/2021-evi-szenatusi-hatarozatok\/2021-majus-27\/","title":{"rendered":"2021. m\u00e1jus 27."},"content":{"rendered":"<p style=\"text-align: justify\"><a href=\"https:\/\/semmelweis.hu\/jogigfoig\/files\/2021\/06\/N_4_2021_05_21.pdf\">A Semmelweis Egyetem\u00a0Szen\u00e1tus\u00e1nak\u00a0N-4.2021. (V.27.) sz\u00e1m\u00fa hat\u00e1rozata\u00a0a szen\u00e1tusi \u00fcl\u00e9s napirendj\u00e9r\u0151l<\/a><\/p>\n<p style=\"text-align: justify\"><a href=\"https:\/\/semmelweis.hu\/jogigfoig\/files\/2021\/06\/46_az-SzMSz-III.4.-R\u00e9sz-T\u00e9r\u00edt\u00e9si-\u00e9s-Juttat\u00e1si-Szab\u00e1lyzat-m\u00f3dos\u00edt\u00e1s\u00e1r\u00f3l.pdf\">A Semmelweis Egyetem\u00a0Szen\u00e1tus\u00e1nak\u00a046\/2021. (V.27.) sz\u00e1m\u00fa hat\u00e1rozata\u00a0az SzMSz III.4. R\u00e9sz T\u00e9r\u00edt\u00e9si \u00e9s Juttat\u00e1si Szab\u00e1lyzat m\u00f3dos\u00edt\u00e1s\u00e1r\u00f3l<\/a><\/p>\n<p style=\"text-align: justify\"><a href=\"https:\/\/semmelweis.hu\/jogigfoig\/files\/2021\/06\/46_2021_H\u00d6K_EGYET\u00c9RT\u00c9S.pdf\">A Semmelweis Egyetem Szen\u00e1tus\u00e1nak 46\/2021. (V.27.) sz\u00e1m\u00fa hat\u00e1rozata az SzMSz III.4. R\u00e9sz T\u00e9r\u00edt\u00e9si \u00e9s Juttat\u00e1si Szab\u00e1lyzat m\u00f3dos\u00edt\u00e1s\u00e1r\u00f3l \u2013 Hallgat\u00f3i \u00d6nkorm\u00e1nyzat egyet\u00e9rt\u00e9si jog gyakorl\u00e1sa<\/a><\/p>\n<p style=\"text-align: justify\"><a href=\"https:\/\/semmelweis.hu\/jogigfoig\/files\/2021\/06\/46_2021_Mell\u00e9klet1.pdf\">A Semmelweis Egyetem Szen\u00e1tus\u00e1nak 46\/2021. (V.27.) sz\u00e1m\u00fa hat\u00e1rozata az SzMSz III.4. R\u00e9sz T\u00e9r\u00edt\u00e9si \u00e9s Juttat\u00e1si Szab\u00e1lyzat m\u00f3dos\u00edt\u00e1s\u00e1r\u00f3l &#8211; 1. sz\u00e1m\u00fa mell\u00e9klet<\/a><\/p>\n<p style=\"text-align: justify\"><a href=\"https:\/\/semmelweis.hu\/jogigfoig\/files\/2021\/06\/46_2021_Mell\u00e9klet2.pdf\">A Semmelweis Egyetem\u00a0Szen\u00e1tus\u00e1nak\u00a046\/2021. (V.27.) sz\u00e1m\u00fa hat\u00e1rozata\u00a0az SzMSz III.4. R\u00e9sz T\u00e9r\u00edt\u00e9si \u00e9s Juttat\u00e1si Szab\u00e1lyzat m\u00f3dos\u00edt\u00e1s\u00e1r\u00f3l &#8211; 2. sz\u00e1m\u00fa mell\u00e9klet<\/a><\/p>\n<p style=\"text-align: justify\"><a href=\"https:\/\/semmelweis.hu\/jogigfoig\/files\/2021\/06\/47_2021_az-Asklepios-Campus-Hamburg-tant\u00e1rgyfelel\u0151si-p\u00e1ly\u00e1zatok-v\u00e9lem\u00e9nyez\u00e9s\u00e9r\u0151l.pdf\">A Semmelweis Egyetem Szen\u00e1tus\u00e1nak 47\/2021. (V.27.) sz\u00e1m\u00fa hat\u00e1rozata\u00a0az Asklepios Campus Hamburg tant\u00e1rgyfelel\u0151si p\u00e1ly\u00e1zatok v\u00e9lem\u00e9nyez\u00e9s\u00e9r\u0151l<\/a><\/p>\n<p style=\"text-align: justify\"><a href=\"https:\/\/semmelweis.hu\/jogigfoig\/files\/2021\/06\/48_2021_az-Asklepios-Campus-Hamburgon-2021_2022.-tan\u00e9vt\u0151l-bevezetni-k\u00edv\u00e1nt-k\u00f6telez\u0151en-v\u00e1laszthat\u00f3-t\u00e1rgyak-bevezet\u00e9s\u00e9r\u0151l.pdf\">A Semmelweis Egyetem\u00a0Szen\u00e1tus\u00e1nak\u00a048\/2021. (V.27.) sz\u00e1m\u00fa hat\u00e1rozata\u00a0az Asklepios Campus Hamburgon 2021\/2022. tan\u00e9vt\u0151l bevezetni k\u00edv\u00e1nt k\u00f6telez\u0151en v\u00e1laszthat\u00f3 t\u00e1rgyak bevezet\u00e9s\u00e9r\u0151l<\/a><\/p>\n<p style=\"text-align: justify\"><a href=\"https:\/\/semmelweis.hu\/jogigfoig\/files\/2021\/06\/48_2021_Mell\u00e9klet_DaVinci-Robotic.pdf\">A Semmelweis Egyetem Szen\u00e1tus\u00e1nak 48\/2021. (V.27.) sz\u00e1m\u00fa hat\u00e1rozata az Asklepios Campus Hamburgon 2021\/2022. tan\u00e9vt\u0151l bevezetni k\u00edv\u00e1nt k\u00f6telez\u0151en v\u00e1laszthat\u00f3 t\u00e1rgyak bevezet\u00e9s\u00e9r\u0151l \u2013 1. sz\u00e1m\u00fa mell\u00e9klet<\/a><\/p>\n<p style=\"text-align: justify\"><a href=\"https:\/\/semmelweis.hu\/jogigfoig\/files\/2021\/06\/48_2021_Mell\u00e9klet_Global-Health.pdf\">A Semmelweis Egyetem Szen\u00e1tus\u00e1nak 48\/2021. (V.27.) sz\u00e1m\u00fa hat\u00e1rozata az Asklepios Campus Hamburgon 2021\/2022. tan\u00e9vt\u0151l bevezetni k\u00edv\u00e1nt k\u00f6telez\u0151en v\u00e1laszthat\u00f3 t\u00e1rgyak bevezet\u00e9s\u00e9r\u0151l \u2013 2. sz\u00e1m\u00fa mell\u00e9klet<\/a><\/p>\n<p style=\"text-align: justify\"><a href=\"https:\/\/semmelweis.hu\/jogigfoig\/files\/2021\/06\/48_2021_Mell\u00e9klet_Sonography.pdf\">A Semmelweis Egyetem Szen\u00e1tus\u00e1nak 48\/2021. (V.27.) sz\u00e1m\u00fa hat\u00e1rozata az Asklepios Campus Hamburgon 2021\/2022. tan\u00e9vt\u0151l bevezetni k\u00edv\u00e1nt k\u00f6telez\u0151en v\u00e1laszthat\u00f3 t\u00e1rgyak bevezet\u00e9s\u00e9r\u0151l \u2013 3. sz\u00e1m\u00fa mell\u00e9klet<\/a><\/p>\n<p style=\"text-align: justify\"><a href=\"https:\/\/semmelweis.hu\/jogigfoig\/files\/2021\/06\/49_2021_a-2019_2020-as-tan\u00e9vt\u0151l-bevezetett-orvosk\u00e9pz\u00e9s-kurrikulum\u00e1nak-m\u00f3dos\u00edt\u00e1s\u00e1ra.pdf\">A Semmelweis Egyetem\u00a0Szen\u00e1tus\u00e1nak\u00a049\/2021. (V.27.) sz\u00e1m\u00fa hat\u00e1rozata\u00a0a 2019\/2020-as tan\u00e9vt\u0151l bevezetett orvosk\u00e9pz\u00e9s kurrikulum\u00e1nak m\u00f3dos\u00edt\u00e1s\u00e1ra<\/a><\/p>\n<p style=\"text-align: justify\"><a href=\"https:\/\/semmelweis.hu\/jogigfoig\/files\/2021\/06\/49_2021_Mell\u00e9klet_tanterv_m\u00f3d.pdf\">A Semmelweis Egyetem Szen\u00e1tus\u00e1nak 49\/2021. (V.27.) sz\u00e1m\u00fa hat\u00e1rozata a 2019\/2020-as tan\u00e9vt\u0151l bevezetett orvosk\u00e9pz\u00e9s kurrikulum\u00e1nak m\u00f3dos\u00edt\u00e1s\u00e1ra &#8211; 1. sz\u00e1m\u00fa mell\u00e9klet<\/a><\/p>\n<p style=\"text-align: justify\"><a href=\"https:\/\/semmelweis.hu\/jogigfoig\/files\/2021\/06\/50_2021_az-SZMSZ-II.6.-r\u00e9sz\u00e9nek-m\u00f3dos\u00edt\u00e1s\u00e1r\u00f3l.pdf\">A Semmelweis Egyetem\u00a0Szen\u00e1tus\u00e1nak\u00a050\/2021. (V.27.) sz\u00e1m\u00fa hat\u00e1rozata\u00a0a Szervezeti \u00e9s M\u0171k\u00f6d\u00e9si Szab\u00e1lyzat II.6. r\u00e9sz\u00e9nek m\u00f3dos\u00edt\u00e1s\u00e1r\u00f3l\u00a0(a Professor Emeritus c\u00edm adom\u00e1nyoz\u00e1s\u00e1ra vonatkoz\u00f3 szab\u00e1lyok m\u00f3dos\u00edt\u00e1sa)<\/a><\/p>\n<p style=\"text-align: justify\"><a href=\"https:\/\/semmelweis.hu\/jogigfoig\/files\/2021\/06\/50_2021_mell\u00e9klet_SzMSz_II.6_m\u00f3d.pdf\">A Semmelweis Egyetem Szen\u00e1tus\u00e1nak 50\/2021. (V.27.) sz\u00e1m\u00fa hat\u00e1rozata a Szervezeti \u00e9s M\u0171k\u00f6d\u00e9si Szab\u00e1lyzat II.6. r\u00e9sz\u00e9nek m\u00f3dos\u00edt\u00e1s\u00e1r\u00f3l (a Professor Emeritus c\u00edm adom\u00e1nyoz\u00e1s\u00e1ra vonatkoz\u00f3 szab\u00e1lyok m\u00f3dos\u00edt\u00e1sa) \u2013 1. sz\u00e1m\u00fa mell\u00e9klet<\/a><\/p>\n<p style=\"text-align: justify\"><a href=\"https:\/\/semmelweis.hu\/jogigfoig\/files\/2021\/06\/51_2021_a-Professor-Emeritus-valamint-Professor-Honoris-Causa-c\u00edm-oda\u00edt\u00e9l\u00e9s\u00e9r\u0151l.pdf\">A Semmelweis Egyetem\u00a0Szen\u00e1tus\u00e1nak\u00a0 51\/2021. (V.27.) sz\u00e1m\u00fa hat\u00e1rozata a Professor Emeritus, valamint Professor Honoris Causa c\u00edm oda\u00edt\u00e9l\u00e9s\u00e9r\u0151l<\/a><\/p>\n<p style=\"text-align: justify\"><a href=\"https:\/\/semmelweis.hu\/jogigfoig\/files\/2021\/06\/51_2021_Kancell\u00e1ri-egyet\u00e9rt\u00e9s.pdf\">A Semmelweis Egyetem Szen\u00e1tus\u00e1nak\u00a0 51\/2021. (V.27.) sz\u00e1m\u00fa hat\u00e1rozata a Professor Emeritus, valamint Professor Honoris Causa c\u00edm oda\u00edt\u00e9l\u00e9s\u00e9r\u0151l \u2013 kancell\u00e1ri egyet\u00e9rt\u00e9si jog gyakorl\u00e1sa<\/a><\/p>\n<p style=\"text-align: justify\"><a href=\"https:\/\/semmelweis.hu\/jogigfoig\/files\/2021\/06\/52_2021_az-oktat\u00e1s-kutat\u00e1s-ter\u00e9n-elind\u00edtott-egyetemi-\u00e9letp\u00e1lyamodellek-t\u00e1rgy\u00e1ban.pdf\">A Semmelweis Egyetem\u00a0Szen\u00e1tus\u00e1nak\u00a052\/2021. (V.27.) sz\u00e1m\u00fa hat\u00e1rozata\u00a0az oktat\u00e1s-kutat\u00e1s ter\u00e9n elind\u00edtott egyetemi \u00e9letp\u00e1lyamodellek t\u00e1rgy\u00e1ban<\/a><\/p>\n<p style=\"text-align: justify\"><a href=\"https:\/\/semmelweis.hu\/jogigfoig\/files\/2021\/06\/53_2021_az-aktu\u00e1lis-vezet\u0151i-\u00e9s-oktat\u00f3-kutat\u00f3i-p\u00e1ly\u00e1zatok-v\u00e9lem\u00e9nyez\u00e9s\u00e9r\u0151l.pdf\">A Semmelweis Egyetem\u00a0Szen\u00e1tus\u00e1nak 53\/2021. (V.27.) sz\u00e1m\u00fa hat\u00e1rozata\u00a0az aktu\u00e1lis vezet\u0151i \u00e9s oktat\u00f3-kutat\u00f3i p\u00e1ly\u00e1zatok v\u00e9lem\u00e9nyez\u00e9s\u00e9r\u0151l<\/a><\/p>\n<p style=\"text-align: justify\"><a href=\"https:\/\/semmelweis.hu\/jogigfoig\/files\/2021\/06\/53_2021_Kancell\u00e1ri-egyet\u00e9rt\u00e9s.pdf\">A Semmelweis Egyetem\u00a0Szen\u00e1tus\u00e1nak 53\/2021. (V.27.) sz\u00e1m\u00fa hat\u00e1rozata\u00a0az aktu\u00e1lis vezet\u0151i \u00e9s oktat\u00f3-kutat\u00f3i p\u00e1ly\u00e1zatok v\u00e9lem\u00e9nyez\u00e9s\u00e9r\u0151l \u2013 kancell\u00e1ri egyet\u00e9rt\u00e9si jog gyakorl\u00e1sa<\/a><\/p>\n<p style=\"text-align: justify\"><a href=\"https:\/\/semmelweis.hu\/jogigfoig\/files\/2021\/06\/54_2021_a-Szervezeti-\u00e9s-M\u0171k\u00f6d\u00e9si-Szab\u00e1lyzat-egyes-rendelkez\u00e9seinek-m\u00f3dos\u00edt\u00e1s\u00e1r\u00f3l.pdf\">A Semmelweis Egyetem\u00a0Szen\u00e1tus\u00e1nak\u00a054\/2021. (V.27.) sz\u00e1m\u00fa hat\u00e1rozata\u00a0a Szervezeti \u00e9s M\u0171k\u00f6d\u00e9si Szab\u00e1lyzat egyes rendelkez\u00e9seinek m\u00f3dos\u00edt\u00e1s\u00e1r\u00f3l<\/a><\/p>\n<p style=\"text-align: justify\"><a href=\"https:\/\/semmelweis.hu\/jogigfoig\/files\/2021\/06\/54_2021_mell\u00e9klet_SzMSz_m\u00f3d_JIF_feladatok.pdf\">A Semmelweis Egyetem Szen\u00e1tus\u00e1nak 54\/2021. (V.27.) sz\u00e1m\u00fa hat\u00e1rozata a Szervezeti \u00e9s M\u0171k\u00f6d\u00e9si Szab\u00e1lyzat egyes rendelkez\u00e9seinek m\u00f3dos\u00edt\u00e1s\u00e1r\u00f3l \u2013 1. sz\u00e1m\u00fa mell\u00e9klet<\/a><\/p>\n<p style=\"text-align: justify\"><a href=\"https:\/\/semmelweis.hu\/jogigfoig\/files\/2021\/06\/55_2021_a-Pro-Universitate-\u00e9letm\u0171d\u00edj-valamint-Pro-Universitate-d\u00edj-oda\u00edt\u00e9l\u00e9s\u00e9r\u0151l.pdf\">A Semmelweis Egyetem\u00a0Szen\u00e1tus\u00e1nak\u00a055\/2021. (V.27.) sz\u00e1m\u00fa hat\u00e1rozata\u00a0a Pro Universitate \u00e9letm\u0171d\u00edj, valamint Pro Universitate d\u00edj oda\u00edt\u00e9l\u00e9s\u00e9r\u0151l<\/a><\/p>\n<p style=\"text-align: justify\"><a href=\"https:\/\/semmelweis.hu\/jogigfoig\/files\/2021\/06\/55_2021_Kancell\u00e1ri-egyet\u00e9rt\u00e9s.pdf\">A Semmelweis Egyetem Szen\u00e1tus\u00e1nak 55\/2021. (V.27.) sz\u00e1m\u00fa hat\u00e1rozata a Pro Universitate \u00e9letm\u0171d\u00edj, valamint Pro Universitate d\u00edj oda\u00edt\u00e9l\u00e9s\u00e9r\u0151l \u2013 kancell\u00e1ri egyet\u00e9rt\u00e9si jog gyakorl\u00e1sa<\/a><\/p>\n","protected":false},"excerpt":{"rendered":"<p><a href=\"https:\/\/semmelweis.hu\/jogigfoig\/files\/2021\/06\/N_4_2021_05_21.pdf\">A Semmelweis Egyetem\u00a0Szen\u00e1tus\u00e1nak\u00a0N-4.2021. (V.27.) sz\u00e1m\u00fa hat\u00e1rozata\u00a0a szen\u00e1tusi \u00fcl\u00e9s napirendj\u00e9r\u0151l<\/a><br \/>\n<a href=\"https:\/\/semmelweis.hu\/jogigfoig\/files\/2021\/06\/46_az-SzMSz-III.4.-R\u00e9sz-T\u00e9r\u00edt\u00e9si-\u00e9s-Juttat\u00e1si-Szab\u00e1lyzat-m\u00f3dos\u00edt\u00e1s\u00e1r\u00f3l.pdf\">A Semmelweis Egyetem\u00a0Szen\u00e1tus\u00e1nak\u00a046\/2021. (V.27.) sz\u00e1m\u00fa hat\u00e1rozata\u00a0az SzMSz III.4. R\u00e9sz T\u00e9r\u00edt\u00e9si \u00e9s Juttat\u00e1si Szab\u00e1lyzat m\u00f3dos\u00edt\u00e1s\u00e1r\u00f3l<\/a><br \/>\n<a href=\"https:\/\/semmelweis.hu\/jogigfoig\/files\/2021\/06\/46_2021_H\u00d6K_EGYET\u00c9RT\u00c9S.pdf\">A Semmelweis Egyetem Szen\u00e1tus\u00e1nak 46\/2021. (V.27.) sz\u00e1m\u00fa hat\u00e1rozata az SzMSz III.4. R\u00e9sz T\u00e9r\u00edt\u00e9si \u00e9s Juttat\u00e1si Szab\u00e1lyzat m\u00f3dos\u00edt\u00e1s\u00e1r\u00f3l \u2013 Hallgat\u00f3i \u00d6nkorm\u00e1nyzat egyet\u00e9rt\u00e9si jog gyakorl\u00e1sa<\/a><br \/>\n<a href=\"https:\/\/semmelweis.hu\/jogigfoig\/files\/2021\/06\/46_2021_Mell\u00e9klet1.pdf\">A Semmelweis Egyetem Szen\u00e1tus\u00e1nak 46\/2021. (V.27.) sz\u00e1m\u00fa hat\u00e1rozata az SzMSz III.4. R\u00e9sz T\u00e9r\u00edt\u00e9si \u00e9s Juttat\u00e1si Szab\u00e1lyzat m\u00f3dos\u00edt\u00e1s\u00e1r\u00f3l &#8211; 1. sz\u00e1m\u00fa mell\u00e9klet<\/a><br \/>\n<a href=\"https:\/\/semmelweis.hu\/jogigfoig\/files\/2021\/06\/46_2021_Mell\u00e9klet2.pdf\">A Semmelweis Egyetem\u00a0Szen\u00e1tus\u00e1nak\u00a046\/2021. (V.27.) sz\u00e1m\u00fa hat\u00e1rozata\u00a0az SzMSz III.4. R\u00e9sz T\u00e9r\u00edt\u00e9si \u00e9s Juttat\u00e1si Szab\u00e1lyzat m\u00f3dos\u00edt\u00e1s\u00e1r\u00f3l &#8211; 2. sz\u00e1m\u00fa mell\u00e9klet<\/a><br \/>\n<a href=\"https:\/\/semmelweis.hu\/jogigfoig\/files\/2021\/06\/47_2021_az-Asklepios-Campus-Hamburg-tant\u00e1rgyfelel\u0151si-p\u00e1ly\u00e1zatok-v\u00e9lem\u00e9nyez\u00e9s\u00e9r\u0151l.pdf\">A Semmelweis Egyetem Szen\u00e1tus\u00e1nak 47\/2021. (V.27.) sz\u00e1m\u00fa hat\u00e1rozata\u00a0az Asklepios Campus Hamburg tant\u00e1rgyfelel\u0151si p\u00e1ly\u00e1zatok v\u00e9lem\u00e9nyez\u00e9s\u00e9r\u0151l<\/a><br \/>\n<a href=\"https:\/\/semmelweis.hu\/jogigfoig\/files\/2021\/06\/48_2021_az-Asklepios-Campus-Hamburgon-2021_2022.-tan\u00e9vt\u0151l-bevezetni-k\u00edv\u00e1nt-k\u00f6telez\u0151en-v\u00e1laszthat\u00f3-t\u00e1rgyak-bevezet\u00e9s\u00e9r\u0151l.pdf\">A Semmelweis Egyetem\u00a0Szen\u00e1tus\u00e1nak\u00a048\/2021. (V.27.) sz\u00e1m\u00fa hat\u00e1rozata\u00a0az Asklepios Campus Hamburgon 2021\/2022. tan\u00e9vt\u0151l bevezetni k\u00edv\u00e1nt k\u00f6telez\u0151en v\u00e1laszthat\u00f3 t\u00e1rgyak bevezet\u00e9s\u00e9r\u0151l<\/a><br \/>\n<a href=\"https:\/\/semmelweis.hu\/jogigfoig\/files\/2021\/06\/48_2021_Mell\u00e9klet_DaVinci-Robotic.pdf\">A Semmelweis Egyetem Szen\u00e1tus\u00e1nak 48\/2021. (V.27.) sz\u00e1m\u00fa hat\u00e1rozata az Asklepios Campus Hamburgon 2021\/2022. tan\u00e9vt\u0151l bevezetni k\u00edv\u00e1nt k\u00f6telez\u0151en v\u00e1laszthat\u00f3 t\u00e1rgyak bevezet\u00e9s\u00e9r\u0151l \u2013 1. sz\u00e1m\u00fa mell\u00e9klet<\/a><br \/>\n<a href=\"https:\/\/semmelweis.hu\/jogigfoig\/files\/2021\/06\/48_2021_Mell\u00e9klet_Global-Health.pdf\">A Semmelweis Egyetem Szen\u00e1tus\u00e1nak 48\/2021. (V.27.) sz\u00e1m\u00fa hat\u00e1rozata az Asklepios Campus Hamburgon 2021\/2022. tan\u00e9vt\u0151l bevezetni k\u00edv\u00e1nt k\u00f6telez\u0151en v\u00e1laszthat\u00f3 t\u00e1rgyak bevezet\u00e9s\u00e9r\u0151l \u2013 2. sz\u00e1m\u00fa mell\u00e9klet<\/a><br \/>\n<a href=\"https:\/\/semmelweis.hu\/jogigfoig\/files\/2021\/06\/48_2021_Mell\u00e9klet_Sonography.pdf\">A Semmelweis Egyetem Szen\u00e1tus\u00e1nak 48\/2021. (V.27.) sz\u00e1m\u00fa hat\u00e1rozata az Asklepios Campus Hamburgon 2021\/2022. tan\u00e9vt\u0151l bevezetni k\u00edv\u00e1nt k\u00f6telez\u0151en v\u00e1laszthat\u00f3 t\u00e1rgyak bevezet\u00e9s\u00e9r\u0151l \u2013 3. sz\u00e1m\u00fa mell\u00e9klet<\/a><br \/>\n<a href=\"https:\/\/semmelweis.hu\/jogigfoig\/files\/2021\/06\/49_2021_a-2019_2020-as-tan\u00e9vt\u0151l-bevezetett-orvosk\u00e9pz\u00e9s-kurrikulum\u00e1nak-m\u00f3dos\u00edt\u00e1s\u00e1ra.pdf\">A Semmelweis Egyetem\u00a0Szen\u00e1tus\u00e1nak\u00a049\/2021. (V.27.) sz\u00e1m\u00fa hat\u00e1rozata\u00a0a 2019\/2020-as tan\u00e9vt\u0151l bevezetett orvosk\u00e9pz\u00e9s kurrikulum\u00e1nak m\u00f3dos\u00edt\u00e1s\u00e1ra<\/a><br \/>\n<a href=\"https:\/\/semmelweis.hu\/jogigfoig\/files\/2021\/06\/49_2021_Mell\u00e9klet_tanterv_m\u00f3d.pdf\">A Semmelweis Egyetem Szen\u00e1tus\u00e1nak 49\/2021. (V.27.) sz\u00e1m\u00fa hat\u00e1rozata a 2019\/2020-as tan\u00e9vt\u0151l bevezetett orvosk\u00e9pz\u00e9s kurrikulum\u00e1nak m\u00f3dos\u00edt\u00e1s\u00e1ra &#8211; 1. sz\u00e1m\u00fa mell\u00e9klet<\/a><br \/>\n<a href=\"https:\/\/semmelweis.hu\/jogigfoig\/files\/2021\/06\/50_2021_az-SZMSZ-II.6.-r\u00e9sz\u00e9nek-m\u00f3dos\u00edt\u00e1s\u00e1r\u00f3l.pdf\">A Semmelweis Egyetem\u00a0Szen\u00e1tus\u00e1nak\u00a050\/2021. (V.27.) sz\u00e1m\u00fa hat\u00e1rozata\u00a0a Szervezeti \u00e9s M\u0171k\u00f6d\u00e9si Szab\u00e1lyzat II.6. r\u00e9sz\u00e9nek m\u00f3dos\u00edt\u00e1s\u00e1r\u00f3l\u00a0(a Professor Emeritus c\u00edm adom\u00e1nyoz\u00e1s\u00e1ra vonatkoz\u00f3 szab\u00e1lyok m\u00f3dos\u00edt\u00e1sa)<\/a><br \/>\n<a href=\"https:\/\/semmelweis.hu\/jogigfoig\/files\/2021\/06\/50_2021_mell\u00e9klet_SzMSz_II.6_m\u00f3d.pdf\">A Semmelweis Egyetem Szen\u00e1tus\u00e1nak 50\/2021. (V.27.) sz\u00e1m\u00fa hat\u00e1rozata a Szervezeti \u00e9s M\u0171k\u00f6d\u00e9si Szab\u00e1lyzat II.6. r\u00e9sz\u00e9nek m\u00f3dos\u00edt\u00e1s\u00e1r\u00f3l (a Professor Emeritus c\u00edm adom\u00e1nyoz\u00e1s\u00e1ra vonatkoz\u00f3 szab\u00e1lyok m\u00f3dos\u00edt\u00e1sa) \u2013 1. sz\u00e1m\u00fa mell\u00e9klet<\/a><br \/>\n<a href=\"https:\/\/semmelweis.hu\/jogigfoig\/files\/2021\/06\/51_2021_a-Professor-Emeritus-valamint-Professor-Honoris-Causa-c\u00edm-oda\u00edt\u00e9l\u00e9s\u00e9r\u0151l.pdf\">A Semmelweis Egyetem\u00a0Szen\u00e1tus\u00e1nak\u00a0 51\/2021. (V.27.) sz\u00e1m\u00fa hat\u00e1rozata a Professor Emeritus, valamint Professor Honoris Causa c\u00edm oda\u00edt\u00e9l\u00e9s\u00e9r\u0151l<\/a><br \/>\n<a href=\"https:\/\/semmelweis.hu\/jogigfoig\/files\/2021\/06\/51_2021_Kancell\u00e1ri-egyet\u00e9rt\u00e9s.pdf\">A Semmelweis Egyetem Szen\u00e1tus\u00e1nak\u00a0 51\/2021. (V.27.) sz\u00e1m\u00fa hat\u00e1rozata a Professor Emeritus, valamint Professor Honoris Causa c\u00edm oda\u00edt\u00e9l\u00e9s\u00e9r\u0151l \u2013 kancell\u00e1ri egyet\u00e9rt\u00e9si jog gyakorl\u00e1sa<\/a><br \/>\n<a href=\"https:\/\/semmelweis.hu\/jogigfoig\/files\/2021\/06\/52_2021_az-oktat\u00e1s-kutat\u00e1s-ter\u00e9n-elind\u00edtott-egyetemi-\u00e9letp\u00e1lyamodellek-t\u00e1rgy\u00e1ban.pdf\">A Semmelweis Egyetem\u00a0Szen\u00e1tus\u00e1nak\u00a052\/2021. (V.27.) sz\u00e1m\u00fa hat\u00e1rozata\u00a0az oktat\u00e1s-kutat\u00e1s ter\u00e9n elind\u00edtott egyetemi \u00e9letp\u00e1lyamodellek t\u00e1rgy\u00e1ban<\/a><br \/>\n<a href=\"https:\/\/semmelweis.hu\/jogigfoig\/files\/2021\/06\/53_2021_az-aktu\u00e1lis-vezet\u0151i-\u00e9s-oktat\u00f3-kutat\u00f3i-p\u00e1ly\u00e1zatok-v\u00e9lem\u00e9nyez\u00e9s\u00e9r\u0151l.pdf\">A Semmelweis Egyetem\u00a0Szen\u00e1tus\u00e1nak 53\/2021. (V.27.) sz\u00e1m\u00fa hat\u00e1rozata\u00a0az aktu\u00e1lis vezet\u0151i \u00e9s oktat\u00f3-kutat\u00f3i p\u00e1ly\u00e1zatok v\u00e9lem\u00e9nyez\u00e9s\u00e9r\u0151l<\/a><br \/>\n<a href=\"https:\/\/semmelweis.hu\/jogigfoig\/files\/2021\/06\/53_2021_Kancell\u00e1ri-egyet\u00e9rt\u00e9s.pdf\">A Semmelweis Egyetem\u00a0Szen\u00e1tus\u00e1nak 53\/2021. (V.27.) sz\u00e1m\u00fa hat\u00e1rozata\u00a0az aktu\u00e1lis vezet\u0151i \u00e9s oktat\u00f3-kutat\u00f3i p\u00e1ly\u00e1zatok v\u00e9lem\u00e9nyez\u00e9s\u00e9r\u0151l \u2013 kancell\u00e1ri egyet\u00e9rt\u00e9si jog gyakorl\u00e1sa<\/a><br \/>\n<a href=\"https:\/\/semmelweis.hu\/jogigfoig\/files\/2021\/06\/54_2021_a-Szervezeti-\u00e9s-M\u0171k\u00f6d\u00e9si-Szab\u00e1lyzat-egyes-rendelkez\u00e9seinek-m\u00f3dos\u00edt\u00e1s\u00e1r\u00f3l.pdf\">A Semmelweis Egyetem\u00a0Szen\u00e1tus\u00e1nak\u00a054\/2021. (V.27.) sz\u00e1m\u00fa hat\u00e1rozata\u00a0a Szervezeti \u00e9s M\u0171k\u00f6d\u00e9si Szab\u00e1lyzat egyes rendelkez\u00e9seinek m\u00f3dos\u00edt\u00e1s\u00e1r\u00f3l<\/a><br \/>\n<a href=\"https:\/\/semmelweis.hu\/jogigfoig\/files\/2021\/06\/54_2021_mell\u00e9klet_SzMSz_m\u00f3d_JIF_feladatok.pdf\">A Semmelweis Egyetem Szen\u00e1tus\u00e1nak 54\/2021. (V.27.) sz\u00e1m\u00fa hat\u00e1rozata a Szervezeti \u00e9s M\u0171k\u00f6d\u00e9si Szab\u00e1lyzat egyes rendelkez\u00e9seinek m\u00f3dos\u00edt\u00e1s\u00e1r\u00f3l \u2013 1. sz\u00e1m\u00fa mell\u00e9klet<\/a><br \/>\n<a href=\"https:\/\/semmelweis.hu\/jogigfoig\/files\/2021\/06\/55_2021_a-Pro-Universitate-\u00e9letm\u0171d\u00edj-valamint-Pro-Universitate-d\u00edj-oda\u00edt\u00e9l\u00e9s\u00e9r\u0151l.pdf\">A Semmelweis Egyetem\u00a0Szen\u00e1tus\u00e1nak\u00a055\/2021. (V.27.) sz\u00e1m\u00fa hat\u00e1rozata\u00a0a Pro Universitate \u00e9letm\u0171d\u00edj, valamint Pro Universitate d\u00edj oda\u00edt\u00e9l\u00e9s\u00e9r\u0151l<\/a><br \/>\n<a href=\"https:\/\/semmelweis.hu\/jogigfoig\/files\/2021\/06\/55_2021_Kancell\u00e1ri-egyet\u00e9rt\u00e9s.pdf\">A Semmelweis Egyetem Szen\u00e1tus\u00e1nak 55\/2021. (V.27.) sz\u00e1m\u00fa hat\u00e1rozata a Pro Universitate \u00e9letm\u0171d\u00edj, valamint Pro Universitate d\u00edj oda\u00edt\u00e9l\u00e9s\u00e9r\u0151l \u2013 kancell\u00e1ri egyet\u00e9rt\u00e9si jog gyakorl\u00e1sa<\/a><\/p>\n","protected":false},"author":101467,"featured_media":0,"parent":79349,"menu_order":5,"comment_status":"closed","ping_status":"closed","template":"","meta":{"_acf_changed":false,"footnotes":""},"categories":[],"tags":[],"class_list":["post-81086","page","type-page","status-publish","hentry"],"acf":[],"_links":{"self":[{"href":"https:\/\/semmelweis.hu\/jogigfoig\/wp-json\/wp\/v2\/pages\/81086","targetHints":{"allow":["GET"]}}],"collection":[{"href":"https:\/\/semmelweis.hu\/jogigfoig\/wp-json\/wp\/v2\/pages"}],"about":[{"href":"https:\/\/semmelweis.hu\/jogigfoig\/wp-json\/wp\/v2\/types\/page"}],"author":[{"embeddable":true,"href":"https:\/\/semmelweis.hu\/jogigfoig\/wp-json\/wp\/v2\/users\/101467"}],"replies":[{"embeddable":true,"href":"https:\/\/semmelweis.hu\/jogigfoig\/wp-json\/wp\/v2\/comments?post=81086"}],"version-history":[{"count":4,"href":"https:\/\/semmelweis.hu\/jogigfoig\/wp-json\/wp\/v2\/pages\/81086\/revisions"}],"predecessor-version":[{"id":81128,"href":"https:\/\/semmelweis.hu\/jogigfoig\/wp-json\/wp\/v2\/pages\/81086\/revisions\/81128"}],"up":[{"embeddable":true,"href":"https:\/\/semmelweis.hu\/jogigfoig\/wp-json\/wp\/v2\/pages\/79349"}],"wp:attachment":[{"href":"https:\/\/semmelweis.hu\/jogigfoig\/wp-json\/wp\/v2\/media?parent=81086"}],"wp:term":[{"taxonomy":"category","embeddable":true,"href":"https:\/\/semmelweis.hu\/jogigfoig\/wp-json\/wp\/v2\/categories?post=81086"},{"taxonomy":"post_tag","embeddable":true,"href":"https:\/\/semmelweis.hu\/jogigfoig\/wp-json\/wp\/v2\/tags?post=81086"}],"curies":[{"name":"wp","href":"https:\/\/api.w.org\/{rel}","templated":true}]}}