{"id":8097,"date":"2017-05-31T22:53:15","date_gmt":"2017-05-31T20:53:15","guid":{"rendered":"http:\/\/semmelweis.hu\/jogigfoig\/?page_id=8097"},"modified":"2020-02-11T11:04:16","modified_gmt":"2020-02-11T10:04:16","slug":"2017-majus-25","status":"publish","type":"page","link":"https:\/\/semmelweis.hu\/jogigfoig\/testuletek\/szenatus\/2017-evi-szenatusi-hatarozatok\/2017-majus-25\/","title":{"rendered":"2017. m\u00e1jus 25."},"content":{"rendered":"<p style=\"text-align: left\"><a href=\"https:\/\/semmelweis.hu\/jogigfoig\/files\/2017\/05\/55_2017-V.25._SZMSZ-I.-r\u00e9sz-m\u00f3dos\u00edt\u00e1s.pdf\">55\/2017. (V. 25.) sz\u00e1m\u00fa hat\u00e1rozat a Szervezeti \u00e9s M\u0171k\u00f6d\u00e9si Szab\u00e1lyzat egyes rendelkez\u00e9seinek m\u00f3dos\u00edt\u00e1s\u00e1r\u00f3l<\/a><\/p>\n<p><a href=\"https:\/\/semmelweis.hu\/jogigfoig\/files\/2017\/05\/56_2017_V.25._Gazd\u00e1lkod\u00e1si-szab\u00e1lyzat.pdf\">56\/2017. (V.25.) sz\u00e1m\u00fa hat\u00e1rozat a Gazd\u00e1lkod\u00e1si Szab\u00e1lyzat elfogad\u00e1s\u00e1r\u00f3l<\/a><\/p>\n<p><a href=\"https:\/\/semmelweis.hu\/jogigfoig\/files\/2017\/05\/57_2017_V.25._Doktori-Szab.-m\u00f3d.pdf\">57\/2017. (V.25. ) sz\u00e1m\u00fa hat\u00e1rozat a Doktori Szab\u00e1lyzat \u00e9s a 2016. szeptember 1. napj\u00e1t k\u00f6vet\u0151en megkezdett doktori k\u00e9pz\u00e9s \u00e9s fokozatszerz\u00e9si elj\u00e1r\u00e1s szab\u00e1lyai egyes rendelkez\u00e9seinek m\u00f3dos\u00edt\u00e1s\u00e1r\u00f3l sz\u00f3l\u00f3 el\u0151terjeszt\u00e9s elfogad\u00e1s\u00e1r\u00f3l<\/a><\/p>\n<p><a href=\"https:\/\/semmelweis.hu\/jogigfoig\/files\/2017\/05\/58_2017_V.25._DI-vezet\u0151k.pdf\">58\/2017. (V.25.) sz\u00e1m\u00fa hat\u00e1rozat a Gy\u00f3gyszertudom\u00e1nyok Doktori Iskola a Molekul\u00e1sris orvostudom\u00e1nyok Doktori Iskola \u00e9s a Patol\u00f3giai tudom\u00e1nyok Doktori Iskola \u00faj vezet\u0151j\u00e9nek j\u00f3v\u00e1hagy\u00e1s\u00e1r\u00f3l \u00e9s sz\u00f3l\u00f3 el\u0151terjeszt\u00e9s elfogad\u00e1s\u00e1r\u00f3l<\/a><\/p>\n<p><a href=\"https:\/\/semmelweis.hu\/jogigfoig\/files\/2017\/05\/59_2017_V.25._\u00c1OK_igazgat\u00f3i_tansz\u00e9kvezet\u0151i.pdf\">59\/2017. (V. 25.) sz\u00e1m\u00fa hat\u00e1rozat az \u00c1ltal\u00e1nos Orvostudom\u00e1nyi Kar igazgat\u00f3i\/tansz\u00e9kvezet\u0151i megb\u00edz\u00e1saira be\u00e9rkezett p\u00e1ly\u00e1zatok v\u00e9lem\u00e9nyez\u00e9s\u00e9hez<\/a><\/p>\n<p><a href=\"https:\/\/semmelweis.hu\/jogigfoig\/files\/2017\/05\/60_2017_V.25._egyetemi_docens_\u00c1OK_EKK.pdf\">60\/2017. (V. 25.) sz\u00e1m\u00fa hat\u00e1rozat az \u00c1ltal\u00e1nos Orvostudom\u00e1nyi Karon \u00e9s az Eg\u00e9szs\u00e9g\u00fcgyi K\u00f6zszolg\u00e1lati Karon meghirdetett egyetemi docensi \u00e1ll\u00e1shelyekre be\u00e9rkezett p\u00e1ly\u00e1zatok v\u00e9lem\u00e9nyez\u00e9s\u00e9r\u0151l<\/a><\/p>\n<p><a href=\"https:\/\/semmelweis.hu\/jogigfoig\/files\/2017\/05\/61_2017_V.25._FOK_igazgat\u00f3i_tansz\u00e9kvezet\u0151i.pdf\">61\/2017. (V. 25.) sz\u00e1m\u00fa hat\u00e1rozat a Fogorvostudom\u00e1nyi Kar igazgat\u00f3i\/tansz\u00e9kvezet\u0151i megb\u00edz\u00e1saira be\u00e9rkezett p\u00e1ly\u00e1zatok v\u00e9lem\u00e9nyez\u00e9s\u00e9hez<\/a><\/p>\n<p><a href=\"https:\/\/semmelweis.hu\/jogigfoig\/files\/2017\/05\/62_2017_V.25._GYTK_d\u00e9k\u00e1nhelyettes.pdf\">62\/2017. (V. 25.) sz\u00e1m\u00fa hat\u00e1rozat a Gy\u00f3gyszer\u00e9sztudom\u00e1nyi Kar d\u00e9k\u00e1nhelyettesi megb\u00edz\u00e1s\u00e1ra be\u00e9rkezett p\u00e1ly\u00e1zat v\u00e9lem\u00e9nyez\u00e9s\u00e9hez k\u00e9sz\u00fclt el\u0151terjeszt\u00e9s elfogad\u00e1s\u00e1r\u00f3l<\/a><\/p>\n<p><a href=\"https:\/\/semmelweis.hu\/jogigfoig\/files\/2017\/05\/63_2017_V.25._Szerves_Vegytani_Int_igazgat\u00f3i.pdf\">63\/2017. (V. 25.) sz\u00e1m\u00fa hat\u00e1rozat a Gy\u00f3gyszer\u00e9sztudom\u00e1nyi Kar Szerves Vegytani Int\u00e9zet igazgat\u00f3i megb\u00edz\u00e1s\u00e1ra be\u00e9rkezett p\u00e1ly\u00e1zat v\u00e9lem\u00e9nyez\u00e9s\u00e9r\u0151l<\/a><\/p>\n<p><a href=\"https:\/\/semmelweis.hu\/jogigfoig\/files\/2017\/05\/64_2017_V.25._\u00c1OK_tud_f\u0151munkat\u00e1rsak.pdf\">64\/2017. (V. 25.) sz\u00e1m\u00fa hat\u00e1rozat az \u00c1ltal\u00e1nos Orvostudom\u00e1nyi Karon meghirdetett tudom\u00e1nyos f\u0151munkat\u00e1rsi \u00e1ll\u00e1shelyekre be\u00e9rkezett p\u00e1ly\u00e1zatok v\u00e9lem\u00e9nyez\u00e9s\u00e9r\u0151l<\/a><\/p>\n<p><a href=\"https:\/\/semmelweis.hu\/jogigfoig\/files\/2017\/05\/65_2017_V.25._Professor-Emeritus-2017.pdf\">65\/2017. (V. 25.) hat\u00e1rozat a 2017. \u00e9vi \u201eProfessor Emeritus\u201d c\u00edmek adom\u00e1nyoz\u00e1s\u00e1r\u00f3l<\/a><\/p>\n<p><a href=\"https:\/\/semmelweis.hu\/jogigfoig\/files\/2017\/05\/66_2017_V.25._\u00f3raad\u00f3-oktat\u00f3i-c\u00edmek.pdf\">66\/2017. (V. 25.) hat\u00e1rozata az \u00f3raad\u00f3 oktat\u00f3knak adom\u00e1nyozhat\u00f3 c\u00edmek oda\u00edt\u00e9l\u00e9s\u00e9r\u0151l<\/a><\/p>\n<p><a href=\"https:\/\/semmelweis.hu\/jogigfoig\/files\/2017\/05\/67_2017_V.25._\u00e1llami-miniszteri-kit\u00fcntet\u00e9sek.pdf\">67\/2017. (V. 25.) hat\u00e1rozat a 2018. \u00e9vi \u00e1llami, miniszteri szint\u0171 kit\u00fcntet\u00e9sekre t\u00f6rt\u00e9n\u0151 felterjeszt\u00e9sr\u0151l<\/a><\/p>\n<p><a href=\"https:\/\/semmelweis.hu\/jogigfoig\/files\/2017\/05\/N-1-V.25_2017.-sz\u00e1m\u00fa_szavaz\u00f3rendszer-\u00f6sszes\u00edt\u00e9seinek-elfogad\u00e1s\u00e1r\u00f3l.pdf\">N-1-V.25.\/2017. sz\u00e1m\u00fa hat\u00e1rozat az \u00faj szavaz\u00f3rendszer haszn\u00e1lat\u00e1nak elfogad\u00e1s\u00e1r\u00f3l<\/a><\/p>\n<p><a href=\"https:\/\/semmelweis.hu\/jogigfoig\/files\/2017\/05\/N-2-V.25._2017.-sz\u00e1m\u00fa-hat\u00e1rozat-a-szen\u00e1tusi-\u00fcl\u00e9s-m\u00f3dos\u00edtott-napirendi-pontjainak-elfogad\u00e1s\u00e1r\u00f3l.pdf\">N-2-V. 25.\/2017. sz\u00e1m\u00fa hat\u00e1rozat a szen\u00e1tusi \u00fcl\u00e9s m\u00f3dos\u00edtott napirendi pontjainak elfogad\u00e1s\u00e1r\u00f3l<\/a><\/p>\n","protected":false},"excerpt":{"rendered":"<p><a href=\"https:\/\/semmelweis.hu\/jogigfoig\/files\/2017\/05\/55_2017-V.25._SZMSZ-I.-r\u00e9sz-m\u00f3dos\u00edt\u00e1s.pdf\">55\/2017. (V. 25.) sz\u00e1m\u00fa hat\u00e1rozat a Szervezeti \u00e9s M\u0171k\u00f6d\u00e9si Szab\u00e1lyzat egyes rendelkez\u00e9seinek m\u00f3dos\u00edt\u00e1s\u00e1r\u00f3l<\/a><br \/>\n<a href=\"https:\/\/semmelweis.hu\/jogigfoig\/files\/2017\/05\/56_2017_V.25._Gazd\u00e1lkod\u00e1si-szab\u00e1lyzat.pdf\">56\/2017. (V.25.) sz\u00e1m\u00fa hat\u00e1rozat a Gazd\u00e1lkod\u00e1si Szab\u00e1lyzat elfogad\u00e1s\u00e1r\u00f3l<\/a><br \/>\n<a href=\"https:\/\/semmelweis.hu\/jogigfoig\/files\/2017\/05\/57_2017_V.25._Doktori-Szab.-m\u00f3d.pdf\">57\/2017. (V.25. ) sz\u00e1m\u00fa hat\u00e1rozat a Doktori Szab\u00e1lyzat \u00e9s a 2016. szeptember 1. napj\u00e1t k\u00f6vet\u0151en megkezdett doktori k\u00e9pz\u00e9s \u00e9s fokozatszerz\u00e9si elj\u00e1r\u00e1s szab\u00e1lyai egyes rendelkez\u00e9seinek m\u00f3dos\u00edt\u00e1s\u00e1r\u00f3l sz\u00f3l\u00f3 el\u0151terjeszt\u00e9s elfogad\u00e1s\u00e1r\u00f3l<\/a><br \/>\n<a href=\"https:\/\/semmelweis.hu\/jogigfoig\/files\/2017\/05\/58_2017_V.25._DI-vezet\u0151k.pdf\">58\/2017. (V.25.) sz\u00e1m\u00fa hat\u00e1rozat a Gy\u00f3gyszertudom\u00e1nyok Doktori Iskola a Molekul\u00e1sris orvostudom\u00e1nyok Doktori Iskola \u00e9s a Patol\u00f3giai tudom\u00e1nyok Doktori Iskola \u00faj vezet\u0151j\u00e9nek j\u00f3v\u00e1hagy\u00e1s\u00e1r\u00f3l \u00e9s sz\u00f3l\u00f3 el\u0151terjeszt\u00e9s elfogad\u00e1s\u00e1r\u00f3l<\/a><br \/>\n<a href=\"https:\/\/semmelweis.hu\/jogigfoig\/files\/2017\/05\/59_2017_V.25._\u00c1OK_igazgat\u00f3i_tansz\u00e9kvezet\u0151i.pdf\">59\/2017. (V. 25.) sz\u00e1m\u00fa hat\u00e1rozat az \u00c1ltal\u00e1nos Orvostudom\u00e1nyi Kar igazgat\u00f3i\/tansz\u00e9kvezet\u0151i megb\u00edz\u00e1saira be\u00e9rkezett p\u00e1ly\u00e1zatok v\u00e9lem\u00e9nyez\u00e9s\u00e9hez<\/a><br \/>\n<a href=\"https:\/\/semmelweis.hu\/jogigfoig\/files\/2017\/05\/60_2017_V.25._egyetemi_docens_\u00c1OK_EKK.pdf\">60\/2017. (V. 25.) sz\u00e1m\u00fa hat\u00e1rozat az \u00c1ltal\u00e1nos Orvostudom\u00e1nyi Karon \u00e9s az Eg\u00e9szs\u00e9g\u00fcgyi K\u00f6zszolg\u00e1lati Karon meghirdetett egyetemi docensi \u00e1ll\u00e1shelyekre be\u00e9rkezett p\u00e1ly\u00e1zatok v\u00e9lem\u00e9nyez\u00e9s\u00e9r\u0151l<\/a><br \/>\n<a href=\"https:\/\/semmelweis.hu\/jogigfoig\/files\/2017\/05\/61_2017_V.25._FOK_igazgat\u00f3i_tansz\u00e9kvezet\u0151i.pdf\">61\/2017. (V. 25.) sz\u00e1m\u00fa hat\u00e1rozat a Fogorvostudom\u00e1nyi Kar igazgat\u00f3i\/tansz\u00e9kvezet\u0151i megb\u00edz\u00e1saira be\u00e9rkezett p\u00e1ly\u00e1zatok v\u00e9lem\u00e9nyez\u00e9s\u00e9hez<\/a><br \/>\n<a href=\"https:\/\/semmelweis.hu\/jogigfoig\/files\/2017\/05\/62_2017_V.25._GYTK_d\u00e9k\u00e1nhelyettes.pdf\">62\/2017. (V. 25.) sz\u00e1m\u00fa hat\u00e1rozat a Gy\u00f3gyszer\u00e9sztudom\u00e1nyi Kar d\u00e9k\u00e1nhelyettesi megb\u00edz\u00e1s\u00e1ra be\u00e9rkezett p\u00e1ly\u00e1zat v\u00e9lem\u00e9nyez\u00e9s\u00e9hez k\u00e9sz\u00fclt el\u0151terjeszt\u00e9s elfogad\u00e1s\u00e1r\u00f3l<\/a><br \/>\n<a href=\"https:\/\/semmelweis.hu\/jogigfoig\/files\/2017\/05\/63_2017_V.25._Szerves_Vegytani_Int_igazgat\u00f3i.pdf\">63\/2017. (V. 25.) sz\u00e1m\u00fa hat\u00e1rozat a Gy\u00f3gyszer\u00e9sztudom\u00e1nyi Kar Szerves Vegytani Int\u00e9zet igazgat\u00f3i megb\u00edz\u00e1s\u00e1ra be\u00e9rkezett p\u00e1ly\u00e1zat v\u00e9lem\u00e9nyez\u00e9s\u00e9r\u0151l<\/a><br \/>\n<a href=\"https:\/\/semmelweis.hu\/jogigfoig\/files\/2017\/05\/64_2017_V.25._\u00c1OK_tud_f\u0151munkat\u00e1rsak.pdf\">64\/2017. (V. 25.) sz\u00e1m\u00fa hat\u00e1rozat az \u00c1ltal\u00e1nos Orvostudom\u00e1nyi Karon meghirdetett tudom\u00e1nyos f\u0151munkat\u00e1rsi \u00e1ll\u00e1shelyekre be\u00e9rkezett p\u00e1ly\u00e1zatok v\u00e9lem\u00e9nyez\u00e9s\u00e9r\u0151l<\/a><br \/>\n<a href=\"https:\/\/semmelweis.hu\/jogigfoig\/files\/2017\/05\/65_2017_V.25._Professor-Emeritus-2017.pdf\">65\/2017. (V. 25.) hat\u00e1rozat a 2017. \u00e9vi \u201eProfessor Emeritus\u201d c\u00edmek adom\u00e1nyoz\u00e1s\u00e1r\u00f3l<\/a><br \/>\n<a href=\"https:\/\/semmelweis.hu\/jogigfoig\/files\/2017\/05\/66_2017_V.25._\u00f3raad\u00f3-oktat\u00f3i-c\u00edmek.pdf\">66\/2017. (V. 25.) hat\u00e1rozata az \u00f3raad\u00f3 oktat\u00f3knak adom\u00e1nyozhat\u00f3 c\u00edmek oda\u00edt\u00e9l\u00e9s\u00e9r\u0151l<\/a><br \/>\n<a href=\"https:\/\/semmelweis.hu\/jogigfoig\/files\/2017\/05\/67_2017_V.25._\u00e1llami-miniszteri-kit\u00fcntet\u00e9sek.pdf\">67\/2017. (V. 25.) hat\u00e1rozat a 2018. \u00e9vi \u00e1llami, miniszteri szint\u0171 kit\u00fcntet\u00e9sekre t\u00f6rt\u00e9n\u0151 felterjeszt\u00e9sr\u0151l<\/a><br \/>\n<a href=\"https:\/\/semmelweis.hu\/jogigfoig\/files\/2017\/05\/N-1-V.25_2017.-sz\u00e1m\u00fa_szavaz\u00f3rendszer-\u00f6sszes\u00edt\u00e9seinek-elfogad\u00e1s\u00e1r\u00f3l.pdf\">N-1-V.25.\/2017. sz\u00e1m\u00fa hat\u00e1rozat az \u00faj szavaz\u00f3rendszer haszn\u00e1lat\u00e1nak elfogad\u00e1s\u00e1r\u00f3l<\/a><br \/>\n<a href=\"https:\/\/semmelweis.hu\/jogigfoig\/files\/2017\/05\/N-2-V.25._2017.-sz\u00e1m\u00fa-hat\u00e1rozat-a-szen\u00e1tusi-\u00fcl\u00e9s-m\u00f3dos\u00edtott-napirendi-pontjainak-elfogad\u00e1s\u00e1r\u00f3l.pdf\">N-2-V. 25.\/2017. sz\u00e1m\u00fa hat\u00e1rozat a szen\u00e1tusi \u00fcl\u00e9s m\u00f3dos\u00edtott napirendi pontjainak elfogad\u00e1s\u00e1r\u00f3l<\/a><\/p>\n","protected":false},"author":101095,"featured_media":0,"parent":7832,"menu_order":5,"comment_status":"closed","ping_status":"closed","template":"","meta":{"_acf_changed":false,"footnotes":""},"categories":[],"tags":[],"class_list":["post-8097","page","type-page","status-publish","hentry"],"acf":[],"_links":{"self":[{"href":"https:\/\/semmelweis.hu\/jogigfoig\/wp-json\/wp\/v2\/pages\/8097","targetHints":{"allow":["GET"]}}],"collection":[{"href":"https:\/\/semmelweis.hu\/jogigfoig\/wp-json\/wp\/v2\/pages"}],"about":[{"href":"https:\/\/semmelweis.hu\/jogigfoig\/wp-json\/wp\/v2\/types\/page"}],"author":[{"embeddable":true,"href":"https:\/\/semmelweis.hu\/jogigfoig\/wp-json\/wp\/v2\/users\/101095"}],"replies":[{"embeddable":true,"href":"https:\/\/semmelweis.hu\/jogigfoig\/wp-json\/wp\/v2\/comments?post=8097"}],"version-history":[{"count":10,"href":"https:\/\/semmelweis.hu\/jogigfoig\/wp-json\/wp\/v2\/pages\/8097\/revisions"}],"predecessor-version":[{"id":9466,"href":"https:\/\/semmelweis.hu\/jogigfoig\/wp-json\/wp\/v2\/pages\/8097\/revisions\/9466"}],"up":[{"embeddable":true,"href":"https:\/\/semmelweis.hu\/jogigfoig\/wp-json\/wp\/v2\/pages\/7832"}],"wp:attachment":[{"href":"https:\/\/semmelweis.hu\/jogigfoig\/wp-json\/wp\/v2\/media?parent=8097"}],"wp:term":[{"taxonomy":"category","embeddable":true,"href":"https:\/\/semmelweis.hu\/jogigfoig\/wp-json\/wp\/v2\/categories?post=8097"},{"taxonomy":"post_tag","embeddable":true,"href":"https:\/\/semmelweis.hu\/jogigfoig\/wp-json\/wp\/v2\/tags?post=8097"}],"curies":[{"name":"wp","href":"https:\/\/api.w.org\/{rel}","templated":true}]}}