{"id":807,"date":"2012-12-18T11:52:59","date_gmt":"2012-12-18T11:52:59","guid":{"rendered":"http:\/\/semmelweis-egyetem.hu\/rektori-hivatal\/?page_id=807"},"modified":"2020-02-13T09:46:42","modified_gmt":"2020-02-13T08:46:42","slug":"2012-november-29","status":"publish","type":"page","link":"https:\/\/semmelweis.hu\/jogigfoig\/testuletek\/szenatus\/2012-evi-szenatusi-hatarozatok\/2012-november-29\/","title":{"rendered":"2012. november 29."},"content":{"rendered":"<ul>\n<li style=\"text-align: justify\"><a href=\"https:\/\/semmelweis.hu\/rektori-hivatal\/files\/2012\/12\/N-XI_29_2012_sz_napirend-elfogad\u00e1sa.pdf\" target=\"_blank\" rel=\"noopener noreferrer\">N_XI. 29\/2012. sz. hat. a szen\u00e1tusi \u00fcl\u00e9s napirendi pontjainak elfogad\u00e1s\u00e1r\u00f3l<\/a><\/li>\n<li style=\"text-align: justify\"><a href=\"https:\/\/semmelweis.hu\/rektori-hivatal\/files\/2012\/12\/111_a_sz_XI.-29_SZMSZ-m\u00f3d_oktat\u00f3i-kutat\u00f3i_k\u00e9rd\u0151\u00edv.pdf\" target=\"_blank\" rel=\"noopener noreferrer\">111\/A\/2012.\u00a0(XI.29.) sz. hat. a Semmelweis Egyetem Szervezeti \u00e9s M\u0171k\u00f6d\u00e9si Szab\u00e1lyzat\u00e1nak r\u00e9sz\u00e9t k\u00e9pez\u0151 oktat\u00f3i kutat\u00f3 el\u0151menetelhez sz\u00fcks\u00e9ges k\u00e9rd\u0151\u00edvek m\u00f3dos\u00edt\u00e1sa<\/a><\/li>\n<li style=\"text-align: justify\"><a href=\"https:\/\/semmelweis.hu\/rektori-hivatal\/files\/2012\/12\/111_b_XI_29_SZMSZ-m\u00f3d_oktat\u00f3i-kutat\u00f3i-el\u0151remenetel.pdf\" target=\"_blank\" rel=\"noopener noreferrer\">111\/B\/2012. (XI.29.) sz. hat. a Semmelweis Egyetem Szervezeti \u00e9s M\u0171k\u00f6d\u00e9si Szab\u00e1lyzat\u00e1nak m\u00f3dos\u00edt\u00e1s\u00e1r\u00f3l<\/a><\/li>\n<li style=\"text-align: justify\"><a href=\"https:\/\/semmelweis.hu\/rektori-hivatal\/files\/2012\/12\/112_sz_XI_29_Egyetemi-docensi-\u00e1ll\u00e1shelyeg-\u00c1OK-FOK.pdf\" target=\"_blank\" rel=\"noopener noreferrer\">112\/2012. (XI.29.) sz. hat. a 2013. \u00e9vre meghirdetni tervezett egyetemi docensi \u00e1ll\u00e1shelyek l\u00e9trehoz\u00e1s\u00e1r\u00f3l<\/a><\/li>\n<li style=\"text-align: justify\"><a href=\"https:\/\/semmelweis.hu\/rektori-hivatal\/files\/2012\/12\/113_sz_XI_29_EKK-bizotts\u00e1gok-meg\u00faj\u00edt\u00e1sa.pdf\" target=\"_blank\" rel=\"noopener noreferrer\">113\/2012. (XI.29.) sz. hat. az Eg\u00e9szs\u00e9g\u00fcgyi K\u00f6zszolg\u00e1lati Karon m\u0171k\u00f6d\u0151, Szen\u00e1tus \u00e1ltal l\u00e9trehozott bizotts\u00e1gok szem\u00e9lyi \u00f6sszet\u00e9tel\u00e9nek meg\u00faj\u00edt\u00e1s\u00e1r\u00f3l<\/a><\/li>\n<li style=\"text-align: justify\"><a href=\"https:\/\/semmelweis.hu\/rektori-hivatal\/files\/2012\/12\/114_sz_XI_29_TF-Fegyelmi-Bizotts\u00e1g-meg\u00faj\u00edt\u00e1sa.pdf\" target=\"_blank\" rel=\"noopener noreferrer\">114\/2012. (XI.29.) sz. hat. a Szen\u00e1tus \u00e1ltal l\u00e9trehozni rendelt kari bizotts\u00e1g, a Testnevel\u00e9si \u00e9s Sporttudom\u00e1nyi Kar Fegyelmi Bizotts\u00e1g\u00e1nak meg\u00faj\u00edt\u00e1s\u00e1r\u00f3l<\/a><\/li>\n<li style=\"text-align: justify\"><a href=\"https:\/\/semmelweis.hu\/rektori-hivatal\/files\/2012\/12\/115_a_-sz_XI_29_SZMSZ-m\u00f3d_nem-oktat\u00f3i-kutat\u00f3-szen\u00e1tusi-k\u00e9pviselete.pdf\" target=\"_blank\" rel=\"noopener noreferrer\">115\/A\/2012. (XI.29.) sz. hat. a Semmelweis Egyetem Szervezeti \u00e9s M\u0171k\u00f6d\u00e9si Szab\u00e1lyzat\u00e1nak a nem oktat\u00f3i, kutat\u00f3i munkak\u00f6rben foglalkoztatottak szen\u00e1tusi k\u00e9pviselet\u00e9nek t\u00e1rgy\u00e1ban t\u00f6rt\u00e9n\u0151 m\u00f3dos\u00edt\u00e1s\u00e1r\u00f3l<\/a><\/li>\n<li style=\"text-align: justify\"><a href=\"https:\/\/semmelweis.hu\/rektori-hivatal\/files\/2012\/12\/115_b_sz_XI_29_SZMSZ_nem-oktat\u00f3i-kutat\u00f3i-munkak\u00f6rben-foglalkoztatottak.pdf\" target=\"_blank\" rel=\"noopener noreferrer\">115\/B\/2012. (XI.29.) sz. hat. a Szervezeti \u00e9s M\u0171k\u00f6d\u00e9si Szab\u00e1lyzat\u00e1nak a nem oktat\u00f3i, kutat\u00f3i munkak\u00f6rben foglalkoztatottak szen\u00e1tusi k\u00e9pviselet\u00e9nek t\u00e1rgy\u00e1ban t\u00f6rt\u00e9n\u0151 m\u00f3dos\u00edt\u00e1s\u00e1r\u00f3l<\/a><\/li>\n<li style=\"text-align: justify\"><a href=\"https:\/\/semmelweis.hu\/rektori-hivatal\/files\/2012\/12\/116_sz_XI_29_Hugonnai-Vilma-jutalomd\u00edj-\u00f6sszege.pdf\" target=\"_blank\" rel=\"noopener noreferrer\">116\/2012. (XI.29.) sz. hat. a Hugonnai Vilma jutalomd\u00edj \u00f6sszeg\u00e9r\u0151l<\/a><\/li>\n<li style=\"text-align: justify\"><a href=\"https:\/\/semmelweis.hu\/rektori-hivatal\/files\/2012\/12\/117_sz_XI_29_Testnevel\u0151-mentortan\u00e1r.pdf\" target=\"_blank\" rel=\"noopener noreferrer\">117\/2012. (XI.29.) sz. hat. a Testnevel\u0151 mentortan\u00e1r pedag\u00f3gus szakvizsg\u00e1ra felk\u00e9sz\u00edt\u0151 szakir\u00e1ny\u00fa tov\u00e1bbk\u00e9pz\u00e9si szak l\u00e9tes\u00edt\u00e9s\u00e9r\u0151l \u00e9s ind\u00edt\u00e1s\u00e1r\u00f3l<\/a><\/li>\n<li style=\"text-align: justify\"><a href=\"https:\/\/semmelweis.hu\/rektori-hivatal\/files\/2012\/12\/118_sz_XI_29_Gy\u00f3gytestnevel\u0151-mentortan\u00e1r.pdf\" target=\"_blank\" rel=\"noopener noreferrer\">118\/2012. (XI.29.) sz. hat. a Gy\u00f3gytestnevel\u0151 mentortan\u00e1r pedag\u00f3gus szakvizsg\u00e1ra felk\u00e9sz\u00edt\u0151 szakir\u00e1ny\u00fa tov\u00e1bbk\u00e9pz\u00e9si szak l\u00e9tes\u00edt\u00e9s\u00e9r\u0151l \u00e9s ind\u00edt\u00e1s\u00e1r\u00f3l<\/a><\/li>\n<li style=\"text-align: justify\"><a href=\"https:\/\/semmelweis.hu\/rektori-hivatal\/files\/2012\/12\/119_a_-sz_XI_29_SZMSZ-m\u00f3d_KT-\u00f6sszet\u00e9tele.pdf\" target=\"_blank\" rel=\"noopener noreferrer\">119\/A\/2012. (XI.29.) sz. hat. a Szervezeti \u00e9s M\u0171k\u00f6d\u00e9si Szab\u00e1lyzatnak a Kari Tan\u00e1cs \u00f6sszet\u00e9tel\u00e9re vonatkoz\u00f3 rendelkez\u00e9sei m\u00f3dos\u00edt\u00e1s\u00e1r\u00f3l<\/a><\/li>\n<li style=\"text-align: justify\"><a href=\"https:\/\/semmelweis.hu\/rektori-hivatal\/files\/2012\/12\/119_b_2012_XI_29_SZMSZ-FOK_KT.pdf\" target=\"_blank\" rel=\"noopener noreferrer\">119\/B\/2012. (XI.29.) sz. hat. a Szervezeti \u00e9s M\u0171k\u00f6d\u00e9si Szab\u00e1lyzatnak a Kari Tan\u00e1cs\u00a0 \u00f6sszet\u00e9tel\u00e9re vonatkoz\u00f3 rendelkez\u00e9sei m\u00f3dos\u00edt\u00e1s\u00e1r\u00f3l<\/a><\/li>\n<li style=\"text-align: justify\"><a href=\"https:\/\/semmelweis.hu\/rektori-hivatal\/files\/2012\/12\/120_sz_XI_29_\u00d3budai-egyetem-egy\u00fcttm\u0171k\u00f6d\u00e9si-meg\u00e1llapod\u00e1s.pdf\" target=\"_blank\" rel=\"noopener noreferrer\">120\/2012. (XI.29.) sz. hat. az \u00d3budai Egyetemmel k\u00f6tend\u0151 Egy\u00fcttm\u0171k\u00f6d\u00e9si Meg\u00e1llapod\u00e1sr\u00f3l<\/a><\/li>\n<\/ul>\n<p>&nbsp;<\/p>\n","protected":false},"excerpt":{"rendered":"<p><a href=\"https:\/\/semmelweis.hu\/rektori-hivatal\/files\/2012\/12\/N-XI_29_2012_sz_napirend-elfogad\u00e1sa.pdf\" target=\"_blank\" rel=\"noopener noreferrer\">N_XI. 29\/2012. sz. hat. a szen\u00e1tusi \u00fcl\u00e9s napirendi pontjainak elfogad\u00e1s\u00e1r\u00f3l<\/a><br \/>\n<a href=\"https:\/\/semmelweis.hu\/rektori-hivatal\/files\/2012\/12\/111_a_sz_XI.-29_SZMSZ-m\u00f3d_oktat\u00f3i-kutat\u00f3i_k\u00e9rd\u0151\u00edv.pdf\" target=\"_blank\" rel=\"noopener noreferrer\">111\/A\/2012.\u00a0(XI.29.) sz. hat. a Semmelweis Egyetem Szervezeti \u00e9s M\u0171k\u00f6d\u00e9si Szab\u00e1lyzat\u00e1nak r\u00e9sz\u00e9t k\u00e9pez\u0151 oktat\u00f3i kutat\u00f3 el\u0151menetelhez sz\u00fcks\u00e9ges k\u00e9rd\u0151\u00edvek m\u00f3dos\u00edt\u00e1sa<\/a><br \/>\n<a href=\"https:\/\/semmelweis.hu\/rektori-hivatal\/files\/2012\/12\/111_b_XI_29_SZMSZ-m\u00f3d_oktat\u00f3i-kutat\u00f3i-el\u0151remenetel.pdf\" target=\"_blank\" rel=\"noopener noreferrer\">111\/B\/2012. (XI.29.) sz. hat. a Semmelweis Egyetem Szervezeti \u00e9s M\u0171k\u00f6d\u00e9si Szab\u00e1lyzat\u00e1nak m\u00f3dos\u00edt\u00e1s\u00e1r\u00f3l<\/a><br \/>\n<a href=\"https:\/\/semmelweis.hu\/rektori-hivatal\/files\/2012\/12\/112_sz_XI_29_Egyetemi-docensi-\u00e1ll\u00e1shelyeg-\u00c1OK-FOK.pdf\" target=\"_blank\" rel=\"noopener noreferrer\">112\/2012. (XI.29.) sz. hat. a 2013. \u00e9vre meghirdetni tervezett egyetemi docensi \u00e1ll\u00e1shelyek l\u00e9trehoz\u00e1s\u00e1r\u00f3l<\/a><br \/>\n<a href=\"https:\/\/semmelweis.hu\/rektori-hivatal\/files\/2012\/12\/113_sz_XI_29_EKK-bizotts\u00e1gok-meg\u00faj\u00edt\u00e1sa.pdf\" target=\"_blank\" rel=\"noopener noreferrer\">113\/2012. (XI.29.) sz. hat. az Eg\u00e9szs\u00e9g\u00fcgyi K\u00f6zszolg\u00e1lati Karon m\u0171k\u00f6d\u0151, Szen\u00e1tus \u00e1ltal l\u00e9trehozott bizotts\u00e1gok szem\u00e9lyi \u00f6sszet\u00e9tel\u00e9nek meg\u00faj\u00edt\u00e1s\u00e1r\u00f3l<\/a><br \/>\n<a href=\"https:\/\/semmelweis.hu\/rektori-hivatal\/files\/2012\/12\/114_sz_XI_29_TF-Fegyelmi-Bizotts\u00e1g-meg\u00faj\u00edt\u00e1sa.pdf\" target=\"_blank\" rel=\"noopener noreferrer\">114\/2012. (XI.29.) sz. hat. a Szen\u00e1tus \u00e1ltal l\u00e9trehozni rendelt kari bizotts\u00e1g, a Testnevel\u00e9si \u00e9s Sporttudom\u00e1nyi Kar Fegyelmi Bizotts\u00e1g\u00e1nak meg\u00faj\u00edt\u00e1s\u00e1r\u00f3l<\/a><br \/>\n<a href=\"https:\/\/semmelweis.hu\/rektori-hivatal\/files\/2012\/12\/115_a_-sz_XI_29_SZMSZ-m\u00f3d_nem-oktat\u00f3i-kutat\u00f3-szen\u00e1tusi-k\u00e9pviselete.pdf\" target=\"_blank\" rel=\"noopener noreferrer\">115\/A\/2012. (XI.29.) sz. hat. a Semmelweis Egyetem Szervezeti \u00e9s M\u0171k\u00f6d\u00e9si Szab\u00e1lyzat\u00e1nak a nem oktat\u00f3i, kutat\u00f3i munkak\u00f6rben foglalkoztatottak szen\u00e1tusi k\u00e9pviselet\u00e9nek t\u00e1rgy\u00e1ban t\u00f6rt\u00e9n\u0151 m\u00f3dos\u00edt\u00e1s\u00e1r\u00f3l<\/a><br \/>\n<a href=\"https:\/\/semmelweis.hu\/rektori-hivatal\/files\/2012\/12\/115_b_sz_XI_29_SZMSZ_nem-oktat\u00f3i-kutat\u00f3i-munkak\u00f6rben-foglalkoztatottak.pdf\" target=\"_blank\" rel=\"noopener noreferrer\">115\/B\/2012. (XI.29.) sz. hat. a Szervezeti \u00e9s M\u0171k\u00f6d\u00e9si Szab\u00e1lyzat\u00e1nak a nem oktat\u00f3i, kutat\u00f3i munkak\u00f6rben foglalkoztatottak szen\u00e1tusi k\u00e9pviselet\u00e9nek t\u00e1rgy\u00e1ban t\u00f6rt\u00e9n\u0151 m\u00f3dos\u00edt\u00e1s\u00e1r\u00f3l<\/a><br \/>\n<a href=\"https:\/\/semmelweis.hu\/rektori-hivatal\/files\/2012\/12\/116_sz_XI_29_Hugonnai-Vilma-jutalomd\u00edj-\u00f6sszege.pdf\" target=\"_blank\" rel=\"noopener noreferrer\">116\/2012. (XI.29.) sz. hat. a Hugonnai Vilma jutalomd\u00edj \u00f6sszeg\u00e9r\u0151l<\/a><br \/>\n<a href=\"https:\/\/semmelweis.hu\/rektori-hivatal\/files\/2012\/12\/117_sz_XI_29_Testnevel\u0151-mentortan\u00e1r.pdf\" target=\"_blank\" rel=\"noopener noreferrer\">117\/2012. (XI.29.) sz. hat. a Testnevel\u0151 mentortan\u00e1r pedag\u00f3gus szakvizsg\u00e1ra felk\u00e9sz\u00edt\u0151 szakir\u00e1ny\u00fa tov\u00e1bbk\u00e9pz\u00e9si szak l\u00e9tes\u00edt\u00e9s\u00e9r\u0151l \u00e9s ind\u00edt\u00e1s\u00e1r\u00f3l<\/a><br \/>\n<a href=\"https:\/\/semmelweis.hu\/rektori-hivatal\/files\/2012\/12\/118_sz_XI_29_Gy\u00f3gytestnevel\u0151-mentortan\u00e1r.pdf\" target=\"_blank\" rel=\"noopener noreferrer\">118\/2012. (XI.29.) sz. hat. a Gy\u00f3gytestnevel\u0151 mentortan\u00e1r pedag\u00f3gus szakvizsg\u00e1ra felk\u00e9sz\u00edt\u0151 szakir\u00e1ny\u00fa tov\u00e1bbk\u00e9pz\u00e9si szak l\u00e9tes\u00edt\u00e9s\u00e9r\u0151l \u00e9s ind\u00edt\u00e1s\u00e1r\u00f3l<\/a><br \/>\n<a href=\"https:\/\/semmelweis.hu\/rektori-hivatal\/files\/2012\/12\/119_a_-sz_XI_29_SZMSZ-m\u00f3d_KT-\u00f6sszet\u00e9tele.pdf\" target=\"_blank\" rel=\"noopener noreferrer\">119\/A\/2012. (XI.29.) sz. hat. a Szervezeti \u00e9s M\u0171k\u00f6d\u00e9si Szab\u00e1lyzatnak a Kari Tan\u00e1cs \u00f6sszet\u00e9tel\u00e9re vonatkoz\u00f3 rendelkez\u00e9sei m\u00f3dos\u00edt\u00e1s\u00e1r\u00f3l<\/a><br \/>\n<a href=\"https:\/\/semmelweis.hu\/rektori-hivatal\/files\/2012\/12\/119_b_2012_XI_29_SZMSZ-FOK_KT.pdf\" target=\"_blank\" rel=\"noopener noreferrer\">119\/B\/2012. (XI.29.) sz. hat. a Szervezeti \u00e9s M\u0171k\u00f6d\u00e9si Szab\u00e1lyzatnak a Kari Tan\u00e1cs\u00a0 \u00f6sszet\u00e9tel\u00e9re vonatkoz\u00f3 rendelkez\u00e9sei m\u00f3dos\u00edt\u00e1s\u00e1r\u00f3l<\/a><br \/>\n<a href=\"https:\/\/semmelweis.hu\/rektori-hivatal\/files\/2012\/12\/120_sz_XI_29_\u00d3budai-egyetem-egy\u00fcttm\u0171k\u00f6d\u00e9si-meg\u00e1llapod\u00e1s.pdf\" target=\"_blank\" rel=\"noopener noreferrer\">120\/2012. (XI.29.) sz. hat. az \u00d3budai Egyetemmel k\u00f6tend\u0151 Egy\u00fcttm\u0171k\u00f6d\u00e9si Meg\u00e1llapod\u00e1sr\u00f3l<\/a><\/p>\n<p>&nbsp;<\/p>\n","protected":false},"author":12,"featured_media":0,"parent":7842,"menu_order":11,"comment_status":"open","ping_status":"open","template":"","meta":{"_acf_changed":false,"footnotes":""},"categories":[1],"tags":[],"class_list":["post-807","page","type-page","status-publish","hentry","category-egyeb"],"acf":[],"_links":{"self":[{"href":"https:\/\/semmelweis.hu\/jogigfoig\/wp-json\/wp\/v2\/pages\/807","targetHints":{"allow":["GET"]}}],"collection":[{"href":"https:\/\/semmelweis.hu\/jogigfoig\/wp-json\/wp\/v2\/pages"}],"about":[{"href":"https:\/\/semmelweis.hu\/jogigfoig\/wp-json\/wp\/v2\/types\/page"}],"author":[{"embeddable":true,"href":"https:\/\/semmelweis.hu\/jogigfoig\/wp-json\/wp\/v2\/users\/12"}],"replies":[{"embeddable":true,"href":"https:\/\/semmelweis.hu\/jogigfoig\/wp-json\/wp\/v2\/comments?post=807"}],"version-history":[{"count":7,"href":"https:\/\/semmelweis.hu\/jogigfoig\/wp-json\/wp\/v2\/pages\/807\/revisions"}],"predecessor-version":[{"id":7919,"href":"https:\/\/semmelweis.hu\/jogigfoig\/wp-json\/wp\/v2\/pages\/807\/revisions\/7919"}],"up":[{"embeddable":true,"href":"https:\/\/semmelweis.hu\/jogigfoig\/wp-json\/wp\/v2\/pages\/7842"}],"wp:attachment":[{"href":"https:\/\/semmelweis.hu\/jogigfoig\/wp-json\/wp\/v2\/media?parent=807"}],"wp:term":[{"taxonomy":"category","embeddable":true,"href":"https:\/\/semmelweis.hu\/jogigfoig\/wp-json\/wp\/v2\/categories?post=807"},{"taxonomy":"post_tag","embeddable":true,"href":"https:\/\/semmelweis.hu\/jogigfoig\/wp-json\/wp\/v2\/tags?post=807"}],"curies":[{"name":"wp","href":"https:\/\/api.w.org\/{rel}","templated":true}]}}