{"id":8044,"date":"2017-05-17T17:39:06","date_gmt":"2017-05-17T15:39:06","guid":{"rendered":"http:\/\/semmelweis.hu\/jogigfoig\/?page_id=8044"},"modified":"2024-04-22T09:40:39","modified_gmt":"2024-04-22T07:40:39","slug":"kozerdeku-adatigenyles","status":"publish","type":"page","link":"https:\/\/semmelweis.hu\/jogigfoig\/adatvedelem-betegjog\/kozerdeku-adatigenyles\/","title":{"rendered":"K\u00f6z\u00e9rdek\u0171 adatig\u00e9nyl\u00e9s"},"content":{"rendered":"<div class=\"keretes w-100\">\n<p style=\"text-align: justify;\"><em>Az inform\u00e1ci\u00f3s \u00f6nrendelkez\u00e9si jogr\u00f3l \u00e9s az inform\u00e1ci\u00f3szabads\u00e1gr\u00f3l sz\u00f3l\u00f3 2011. \u00e9vi CXII. t\u00f6rv\u00e9ny<\/em> \u00e9s a <em>Semmelweis Egyetem adatv\u00e9delmi, valamint a k\u00f6z\u00e9rdek\u0171 adatok megismer\u00e9s\u00e9re ir\u00e1nyul\u00f3 ig\u00e9nyek teljes\u00edt\u00e9s\u00e9nek, tov\u00e1bb\u00e1 a k\u00f6telezend\u0151en k\u00f6zz\u00e9teend\u0151 adatok nyilv\u00e1noss\u00e1gra hozatal\u00e1nak rendj\u00e9r\u0151l sz\u00f3l\u00f3 (1. E\/2017. (IV. 28.) sz\u00e1m\u00fa rektori \u00e9s kancell\u00e1ri hat\u00e1rozat) szab\u00e1lyzat <\/em>alapj\u00e1n a k\u00f6z\u00e9rdek\u0171 adatig\u00e9nyl\u00e9s rendje a Semmelweis Egyetemen:<\/p>\n<\/div>\n<h4><strong>K\u00e9relem beny\u00fajt\u00e1sa<\/strong><\/h4>\n<p style=\"text-align: justify;\">K\u00f6z\u00e9rdek\u0171 adat vagy k\u00f6z\u00e9rdekb\u0151l nyilv\u00e1nos adat megismer\u00e9se ir\u00e1nti ig\u00e9nyt b\u00e1rki beny\u00fajthat:<\/p>\n<ul style=\"text-align: justify;\">\n<li>sz\u00f3ban: az Adatv\u00e9delmi \u00e9s Betegjogi K\u00f6zpont irod\u00e1j\u00e1ban (munkaid\u0151ben: kedden \u00e9s szerd\u00e1n: 9-12 \u00e9s 13-15 k\u00f6z\u00f6tt)<\/li>\n<li>\u00edr\u00e1sban\n<ul style=\"text-align: justify;\">\n<li>postai \u00faton: 1085 Budapest, \u00dcll\u0151i \u00fat 26.; 1428 Budapest, Pf.2.;<\/li>\n<li>elektronikusan: a <a href=\"mailto:kozerdeku@semmelweis.hu\">kozerdeku@semmelweis.hu<\/a> k\u00f6zponti e-mail c\u00edmen.<\/li>\n<\/ul>\n<\/li>\n<\/ul>\n<h4 style=\"text-align: justify;\"><strong>K\u00f6z\u00e9rdek\u0171 adatig\u00e9nyl\u00e9s teljes\u00edt\u00e9s\u00e9nek hat\u00e1rideje<\/strong><\/h4>\n<p style=\"text-align: justify;\">A k\u00f6z\u00e9rdek\u0171 adatszolg\u00e1ltat\u00e1si ig\u00e9nynek a be\u00e9rkez\u00e9st k\u00f6vet\u0151 legr\u00f6videbb id\u0151 alatt, legfeljebb azonban 15 napon bel\u00fcl eleget kell tenni vagy indokolt esetben az adatig\u00e9nyl\u00e9st elutas\u00edtani.<\/p>\n<p style=\"text-align: justify;\">Amennyiben az adatig\u00e9nyl\u00e9s jelent\u0151s terjedelm\u0171, nagysz\u00e1m\u00fa adatra vonatkozik vagy az alaptev\u00e9kenys\u00e9g ell\u00e1t\u00e1s\u00e1hoz sz\u00fcks\u00e9ges munkaer\u0151forr\u00e1s ar\u00e1nytalan m\u00e9rt\u00e9k\u0171 ig\u00e9nybev\u00e9tel\u00e9vel j\u00e1r a 15 napos hat\u00e1rid\u0151 egy alkalommal 15 nappal meghosszabb\u00edthat\u00f3.<\/p>\n<h4 style=\"text-align: justify;\"><strong>K\u00f6lts\u00e9gt\u00e9r\u00edt\u00e9s<\/strong><strong>\u00a0<\/strong><\/h4>\n<p style=\"text-align: justify;\">Az adatig\u00e9nyl\u00e9s teljes\u00edt\u00e9s\u00e9\u00e9rt az azzal kapcsolatban felmer\u00fclt k\u00f6lts\u00e9g m\u00e9rt\u00e9k\u00e9ig terjed\u0151en k\u00f6lts\u00e9gt\u00e9r\u00edt\u00e9s \u00e1llap\u00edthat\u00f3 meg, amelynek \u00f6sszeg\u00e9r\u0151l az adatig\u00e9nyl\u00e9s teljes\u00edt\u00e9s\u00e9t megel\u0151z\u0151en az adatig\u00e9nyl\u0151t az Adatv\u00e9delmi \u00e9s Betegjogi K\u00f6zpont t\u00e1j\u00e9koztatja.<\/p>\n<p style=\"text-align: justify;\">Az adatig\u00e9nyl\u0151nek a k\u00f6lts\u00e9gt\u00e9r\u00edt\u00e9sr\u0151l sz\u00f3l\u00f3 t\u00e1j\u00e9koztat\u00e1s k\u00e9zhezv\u00e9tel\u00e9t k\u00f6vet\u0151 30 napon bel\u00fcl nyilatkoznia kell, hogy az adatig\u00e9nyl\u00e9s\u00e9t fenntartja-e.<\/p>\n<p style=\"text-align: justify;\">Amennyiben nyilatkozat\u00e1t fenntartja \u00fagy k\u00f6teles megjel\u00f6lni nyilatkozat\u00e1ban a fizet\u00e9s m\u00f3dj\u00e1t (k\u00e9szp\u00e9nzfizet\u00e9si vagy \u00e1tutal\u00e1sos sz\u00e1mla), tov\u00e1bb\u00e1 a k\u00f6lts\u00e9gt\u00e9r\u00edt\u00e9st az Egyetem \u00e1ltal meg\u00e1llap\u00edtott (legal\u00e1bb 15 napos) hat\u00e1rid\u0151ben megfizetni.<\/p>\n<p style=\"text-align: justify;\">Az adatig\u00e9nyl\u00e9s teljes\u00edt\u00e9s\u00e9re vonatkoz\u00f3 hat\u00e1rid\u0151be nem sz\u00e1m\u00edt bele a t\u00e1j\u00e9koztat\u00e1s megt\u00e9tel\u00e9t\u0151l az adatig\u00e9nyl\u0151 nyilatkozat\u00e1nak az adatkezel\u0151h\u00f6z val\u00f3 be\u00e9rkez\u00e9s\u00e9ig terjed\u0151 id\u0151tartam.<strong>\u00a0<\/strong><\/p>\n<h4 style=\"text-align: justify;\"><strong>Az adatig\u00e9nyl\u00e9s teljes\u00edt\u00e9s\u00e9nek megtagad\u00e1sa, az adatszolg\u00e1ltat\u00e1s korl\u00e1toz\u00e1sa<\/strong><strong>\u00a0<\/strong><\/h4>\n<h6 style=\"text-align: justify;\">Az adatig\u00e9nyl\u00e9snek az Egyetem <strong>nem k\u00f6teles eleget tenni<\/strong>:<\/h6>\n<ol style=\"list-style-type: lower-alpha; text-align: justify;\">\n<li>ha k\u00f6z\u00e9rdekb\u0151l nyilv\u00e1nos adatnak nem min\u0151s\u00fcl\u0151 szem\u00e9lyes adatokra vonatkozik,<\/li>\n<li>ha a min\u0151s\u00edtett adat v\u00e9delm\u00e9r\u0151l sz\u00f3l\u00f3 t\u00f6rv\u00e9ny szerinti min\u0151s\u00edtett adatokra vonatkozik,<\/li>\n<li>ha d\u00f6nt\u00e9s megalapoz\u00e1s\u00e1t szolg\u00e1l\u00f3 adatra vonatkozik,<\/li>\n<li>ha \u00e1tfog\u00f3 sz\u00e1mlaszint\u0171, illetve t\u00e9teles ellen\u0151rz\u00e9sre feljogos\u00edtott szervek hat\u00e1sk\u00f6r\u00e9be tartoz\u00f3 sz\u00e1mlaszint\u0171 adatokra vonatkozik,<\/li>\n<li>ha nem \u00e1ll rendelkez\u00e9sre az adott adat,<\/li>\n<li>abban a r\u00e9szben, amelyben az azonos adatig\u00e9nyl\u0151 \u00e1ltal egy \u00e9ven bel\u00fcl beny\u00fajtott, azonos adatk\u00f6rre ir\u00e1nyul\u00f3 adatig\u00e9nyl\u00e9ssel megegyezik, felt\u00e9ve, hogy az azonos adatk\u00f6rbe tartoz\u00f3 adatokban v\u00e1ltoz\u00e1s nem \u00e1llt be,<\/li>\n<li>ha az adatig\u00e9nyl\u0151 nem adja meg nev\u00e9t, nem term\u00e9szetes szem\u00e9ly adatig\u00e9nyl\u0151 eset\u00e9n megnevez\u00e9s\u00e9t, valamint azt az el\u00e9rhet\u0151s\u00e9get, amelyen sz\u00e1m\u00e1ra az adatig\u00e9nyl\u00e9ssel kapcsolatos b\u00e1rmely t\u00e1j\u00e9koztat\u00e1s \u00e9s \u00e9rtes\u00edt\u00e9s megadhat\u00f3,<\/li>\n<li>ha a jelent\u0151s terjedelm\u0171 adatszolg\u00e1ltat\u00e1s teljes\u00edt\u00e9s\u00e9re meg\u00e1llap\u00edtott k\u00f6lts\u00e9gt\u00e9r\u00edt\u00e9s \u00f6sszeg\u00e9r\u0151l sz\u00f3l\u00f3 t\u00e1j\u00e9koztat\u00e1st k\u00f6vet\u0151en az adatig\u00e9nyl\u0151 nem, vagy nem hat\u00e1rid\u0151ben nyilatkozik, valamint, ha azt az adatig\u00e9nyl\u0151 hat\u00e1rid\u0151ben nem fizeti meg.<strong>\u00a0<\/strong><\/li>\n<\/ol>\n<h6 style=\"text-align: justify;\">Az adatszolg\u00e1ltat\u00e1s <strong>korl\u00e1tozhat\u00f3<\/strong>:<\/h6>\n<ol style=\"list-style-type: lower-alpha;\">\n<li style=\"text-align: justify;\">az Info tv.-ben meghat\u00e1rozott \u00e9rdekb\u0151l (honv\u00e9delmi, nemzetbiztons\u00e1gi, k\u00f6rnyezet- vagy term\u00e9szetv\u00e9delmi, k\u00f6zponti p\u00e9nz\u00fcgyi vagy devizapolitikai \u00e9rdekb\u0151l, b\u0171ncselekm\u00e9nyek \u00fcld\u00f6z\u00e9se vagy megel\u0151z\u00e9se \u00e9rdek\u00e9ben, k\u00fcl\u00fcgyi kapcsolatokra, nemzetk\u00f6zi szervezetekkel val\u00f3 kapcsolatokra, b\u00edr\u00f3s\u00e1gi vagy k\u00f6zigazgat\u00e1si hat\u00f3s\u00e1gi elj\u00e1r\u00e1sra tekintettel),<\/li>\n<li style=\"text-align: justify;\">ha olyan adatokhoz &#8211; \u00edgy k\u00fcl\u00f6n\u00f6sen a v\u00e9dett ismerethez &#8211; val\u00f3 hozz\u00e1f\u00e9r\u00e9st eredm\u00e9nyez, amelyek megismer\u00e9se az \u00fczleti tev\u00e9kenys\u00e9g v\u00e9gz\u00e9se szempontj\u00e1b\u00f3l ar\u00e1nytalan s\u00e9relmet okozna a Semmelweis Egyetemmel szerz\u0151d\u00e9ses jogviszonyban \u00e1ll\u00f3 szerveknek, szem\u00e9lyeknek,<\/li>\n<li style=\"text-align: justify;\">az Eur\u00f3pai Uni\u00f3 jelent\u0151s p\u00e9nz\u00fcgyi- vagy gazdas\u00e1gpolitikai \u00e9rdek\u00e9re tekintettel,<\/li>\n<li style=\"text-align: justify;\">sz\u00e1mlaszint\u0171 adatok eset\u00e9n meghat\u00e1rozott adatszolg\u00e1ltat\u00e1s k\u00f6r\u00e9ben,<\/li>\n<li style=\"text-align: justify;\">az Egyetem azon alkalmazottainak adatai tekintet\u00e9ben, akiknek tev\u00e9kenys\u00e9ge nem kapcsol\u00f3dik k\u00f6zvetlen\u00fcl az egyetem k\u00f6zfeladatainak ell\u00e1t\u00e1s\u00e1hoz,<\/li>\n<li style=\"text-align: justify;\">amennyiben az adatig\u00e9nyl\u0151 felh\u00edv\u00e1s ellen\u00e9re nem pontos\u00edtja adatig\u00e9ny\u00e9t.<strong>\u00a0<\/strong><\/li>\n<\/ol>\n<div class=\"keretes w-100\">\n<h4><strong>Az Adatv\u00e9delmi \u00e9s Betegjogi K\u00f6zpont el\u00e9rhet\u0151s\u00e9gei:<\/strong><\/h4>\n<p><strong>Dr. Phd Tr\u00f3cs\u00e1nyi S\u00e1ra<\/strong><br \/>\n<strong>igazgat\u00f3<\/strong><\/p>\n<p><b>Levelez\u00e9si c\u00edm:\u00a0<\/b>1085 Budapest, \u00dcll\u0151i \u00fat 26.<br \/>\n<strong>Telephely:\u00a0<\/strong>1085 Budapest, Baross utca 52. 6. em. 605.<\/p>\n<p><strong>Tel.:<\/strong> 06-1\/459-1500<br \/>\n<strong>E-mail c\u00edm:<\/strong> <a href=\"mailto:kozerdeku@semmelweis.hu\">kozerdeku@semmelweis.hu<\/a><\/p>\n<\/div>\n","protected":false},"excerpt":{"rendered":"<p>Az inform\u00e1ci\u00f3s \u00f6nrendelkez\u00e9si jogr\u00f3l \u00e9s az inform\u00e1ci\u00f3szabads\u00e1gr\u00f3l sz\u00f3l\u00f3 2011. \u00e9vi CXII. t\u00f6rv\u00e9ny \u00e9s a Semmelweis Egyetem adatv\u00e9delmi, valamint a k\u00f6z\u00e9rdek\u0171 adatok megismer\u00e9s\u00e9re ir\u00e1nyul\u00f3 ig\u00e9nyek teljes\u00edt\u00e9s\u00e9nek, tov\u00e1bb\u00e1 a k\u00f6telezend\u0151en k\u00f6zz\u00e9teend\u0151 adatok nyilv\u00e1noss\u00e1gra hozatal\u00e1nak rendj\u00e9r\u0151l sz\u00f3l\u00f3 (1. E\/2017. (IV. 28.) sz\u00e1m\u00fa rektori \u00e9s kancell\u00e1ri hat\u00e1rozat) szab\u00e1lyzat alapj\u00e1n a k\u00f6z\u00e9rdek\u0171 adatig\u00e9nyl\u00e9s rendje a Semmelweis Egyetemen: K\u00e9relem beny\u00fajt\u00e1sa K\u00f6z\u00e9rdek\u0171 &hellip;<\/p>\n","protected":false},"author":101117,"featured_media":0,"parent":8034,"menu_order":9,"comment_status":"closed","ping_status":"closed","template":"","meta":{"_acf_changed":false,"footnotes":""},"categories":[],"tags":[],"class_list":["post-8044","page","type-page","status-publish","hentry"],"acf":[],"_links":{"self":[{"href":"https:\/\/semmelweis.hu\/jogigfoig\/wp-json\/wp\/v2\/pages\/8044","targetHints":{"allow":["GET"]}}],"collection":[{"href":"https:\/\/semmelweis.hu\/jogigfoig\/wp-json\/wp\/v2\/pages"}],"about":[{"href":"https:\/\/semmelweis.hu\/jogigfoig\/wp-json\/wp\/v2\/types\/page"}],"author":[{"embeddable":true,"href":"https:\/\/semmelweis.hu\/jogigfoig\/wp-json\/wp\/v2\/users\/101117"}],"replies":[{"embeddable":true,"href":"https:\/\/semmelweis.hu\/jogigfoig\/wp-json\/wp\/v2\/comments?post=8044"}],"version-history":[{"count":10,"href":"https:\/\/semmelweis.hu\/jogigfoig\/wp-json\/wp\/v2\/pages\/8044\/revisions"}],"predecessor-version":[{"id":90215,"href":"https:\/\/semmelweis.hu\/jogigfoig\/wp-json\/wp\/v2\/pages\/8044\/revisions\/90215"}],"up":[{"embeddable":true,"href":"https:\/\/semmelweis.hu\/jogigfoig\/wp-json\/wp\/v2\/pages\/8034"}],"wp:attachment":[{"href":"https:\/\/semmelweis.hu\/jogigfoig\/wp-json\/wp\/v2\/media?parent=8044"}],"wp:term":[{"taxonomy":"category","embeddable":true,"href":"https:\/\/semmelweis.hu\/jogigfoig\/wp-json\/wp\/v2\/categories?post=8044"},{"taxonomy":"post_tag","embeddable":true,"href":"https:\/\/semmelweis.hu\/jogigfoig\/wp-json\/wp\/v2\/tags?post=8044"}],"curies":[{"name":"wp","href":"https:\/\/api.w.org\/{rel}","templated":true}]}}