{"id":8034,"date":"2017-05-17T17:31:11","date_gmt":"2017-05-17T15:31:11","guid":{"rendered":"http:\/\/semmelweis.hu\/jogigfoig\/?page_id=8034"},"modified":"2024-05-03T10:42:52","modified_gmt":"2024-05-03T08:42:52","slug":"adatvedelem-betegjog","status":"publish","type":"page","link":"https:\/\/semmelweis.hu\/jogigfoig\/adatvedelem-betegjog\/","title":{"rendered":"Adatv\u00e9delem, betegjog"},"content":{"rendered":"<div class=\"keretes w-100\">\n<p style=\"font-weight: 400;text-align: justify\">A Semmelweis Egyetem az Egyetemen kezelt adatok v\u00e9delm\u00e9nek rendj\u00e9t az Alapt\u00f6rv\u00e9ny, a Polg\u00e1ri T\u00f6rv\u00e9nyk\u00f6nyvr\u0151l sz\u00f3l\u00f3 2013. \u00e9vi V. t\u00f6rv\u00e9ny, az inform\u00e1ci\u00f3s \u00f6nrendelkez\u00e9si jogr\u00f3l \u00e9s az inform\u00e1ci\u00f3szabads\u00e1gr\u00f3l sz\u00f3l\u00f3 2011. \u00e9vi CXII. t\u00f6rv\u00e9ny, a nemzeti fels\u0151oktat\u00e1sr\u00f3l sz\u00f3l\u00f3 2011. \u00e9vi CCIV. t\u00f6rv\u00e9ny, az eg\u00e9szs\u00e9g\u00fcgyr\u0151l sz\u00f3l\u00f3 1997. CLIV. t\u00f6rv\u00e9ny, az eg\u00e9szs\u00e9g\u00fcgyi \u00e9s a hozz\u00e1juk kapcsol\u00f3d\u00f3 szem\u00e9lyes adatok kezel\u00e9s\u00e9r\u0151l \u00e9s v\u00e9delm\u00e9r\u0151l sz\u00f3l\u00f3 1997. \u00e9vi XLVII. t\u00f6rv\u00e9ny, valamint az eg\u00e9szs\u00e9g\u00fcgyi \u00e9s a hozz\u00e1juk kapcsol\u00f3d\u00f3 szem\u00e9lyes adatok kezel\u00e9s\u00e9nek egyes k\u00e9rd\u00e9seir\u0151l sz\u00f3l\u00f3 62\/1997. (XII. 21.) NM rendelet alapj\u00e1n \u00e1llap\u00edtja meg.<\/p>\n<p style=\"text-align: justify\"><strong>A Semmelweis Egyetemen a\u00a0szem\u00e9lyes \u00e9s k\u00fcl\u00f6nleges adatok kezel\u00e9se \u00e9s v\u00e9delme\u00a0a jogszab\u00e1lyoknak megfelel\u0151en, biztons\u00e1gosan t\u00f6rt\u00e9nik.<\/strong><\/p>\n<\/div>\n<p style=\"text-align: justify\">Ezt a<a href=\"https:\/\/semmelweis.hu\/jogigfoig\/dokumentumtar\/szabalyzattar\/adatvedelmi-szabalyzat\/\">\u00a0<strong>Semmelweis Egyetem Adatv\u00e9delmi Szab\u00e1lyzata<\/strong><\/a>\u00a0foglalja \u00f6ssze.<\/p>\n<p style=\"text-align: justify\">Az egyetemi adatv\u00e9delmi felel\u0151s alapvet\u0151 feladata, hogy az adatv\u00e9delmi szab\u00e1lyzat\u00e1ban r\u00f6gz\u00edtett feladatait teljes\u00edtve gondoskodjon az egyetem adatv\u00e9delmi \u00e9s az ezzel \u00f6sszef\u00fcgg\u0151 adatbiztons\u00e1gi szempontokat kiel\u00e9g\u00edt\u0151 m\u0171k\u00f6d\u00e9s\u00e9r\u0151l.<\/p>\n<h5 style=\"text-align: justify\">A Semmelweis Egyetem adatv\u00e9delmi tisztvisel\u0151je:<\/h5>\n<p style=\"text-align: justify\"><strong>Dr., PHD Tr\u00f3cs\u00e1nyi S\u00e1ra<\/strong><\/p>\n<p><b>Levelez\u00e9si c\u00edm:\u00a0<\/b>1085 Budapest, \u00dcll\u0151i \u00fat 26.<br \/>\n<strong>Telephely:\u00a0<\/strong>1085 Budapest, Baross utca 52. 6. em. 605.<br \/>\n<strong>Tel.:<\/strong> 06-1\/459-1500<br \/>\n<strong>E-mail:<\/strong>\u00a0<a href=\"mailto:adatvedelem@semmelweis.hu\">adatvedelem@semmelweis.hu<\/a><\/p>\n<h5>Adatv\u00e9delmi t\u00e1j\u00e9koztat\u00f3k:<\/h5>\n<ul style=\"list-style-type: square\">\n<li><a href=\"https:\/\/semmelweis.hu\/jogigfoig\/adatvedelem-betegjog\/tajekoztatas\/\">\u00c1ltal\u00e1nos egyetemi adatkezel\u00e9si t\u00e1j\u00e9koztat\u00f3k<\/a><\/li>\n<li><a href=\"https:\/\/semmelweis.hu\/jogigfoig\/adatvedelem-betegjog\/adatkezelesi-tajekoztatok\/egyedi-adatkezelesi-tajekoztato-jogi-es-igazgatasi-foigazgatosag\/\">Egyedi adatkezel\u00e9si t\u00e1j\u00e9koztat\u00f3 \u2013 Jogi \u00e9s Igazgat\u00e1si F\u0151igazgat\u00f3s\u00e1g<\/a><\/li>\n<li>\n<p><a href=\"https:\/\/semmelweis.hu\/jogigfoig\/adatvedelem-betegjog\/adatkezelesi-tajekoztatok\/szervezeti-egysegek-adatkezelesi-tajekoztatoi\/\">Szervezeti egys\u00e9gek adatkezel\u00e9si t\u00e1j\u00e9koztat\u00f3i<\/a><\/p>\n<\/li>\n<\/ul>\n<h5>K\u00f6z\u00e9rdek\u0171 adatok:<\/h5>\n<ul>\n<li>\n<p><a href=\"https:\/\/semmelweis.hu\/jogigfoig\/adatvedelem-betegjog\/kozerdeku-adatigenyles\/\">K\u00f6z\u00e9rdek\u0171 adatig\u00e9nyl\u00e9s<\/a><\/p>\n<\/li>\n<\/ul>\n<h5>Betegjogok:<\/h5>\n<ul>\n<li><a href=\"https:\/\/semmelweis.hu\/jogigfoig\/adatvedelem-betegjog\/betegdokumentacio-masolatanak-kikerese\/\">Betegdokument\u00e1ci\u00f3 m\u00e1solat\u00e1nak kik\u00e9r\u00e9se<\/a><\/li>\n<\/ul>\n","protected":false},"excerpt":{"rendered":"<p>A Semmelweis Egyetem az Egyetemen kezelt adatok v\u00e9delm\u00e9nek rendj\u00e9t az Alapt\u00f6rv\u00e9ny, a Polg\u00e1ri T\u00f6rv\u00e9nyk\u00f6nyvr\u0151l sz\u00f3l\u00f3 2013. \u00e9vi V. t\u00f6rv\u00e9ny, az inform\u00e1ci\u00f3s \u00f6nrendelkez\u00e9si jogr\u00f3l \u00e9s az inform\u00e1ci\u00f3szabads\u00e1gr\u00f3l sz\u00f3l\u00f3 2011. \u00e9vi CXII. t\u00f6rv\u00e9ny, a nemzeti fels\u0151oktat\u00e1sr\u00f3l sz\u00f3l\u00f3 2011. \u00e9vi CCIV. t\u00f6rv\u00e9ny, az eg\u00e9szs\u00e9g\u00fcgyr\u0151l sz\u00f3l\u00f3 1997. CLIV. t\u00f6rv\u00e9ny, az eg\u00e9szs\u00e9g\u00fcgyi \u00e9s a hozz\u00e1juk kapcsol\u00f3d\u00f3 szem\u00e9lyes adatok kezel\u00e9s\u00e9r\u0151l \u00e9s &hellip;<\/p>\n","protected":false},"author":101117,"featured_media":0,"parent":0,"menu_order":3,"comment_status":"closed","ping_status":"closed","template":"","meta":{"_acf_changed":false,"footnotes":""},"categories":[],"tags":[],"class_list":["post-8034","page","type-page","status-publish","hentry"],"acf":[],"_links":{"self":[{"href":"https:\/\/semmelweis.hu\/jogigfoig\/wp-json\/wp\/v2\/pages\/8034","targetHints":{"allow":["GET"]}}],"collection":[{"href":"https:\/\/semmelweis.hu\/jogigfoig\/wp-json\/wp\/v2\/pages"}],"about":[{"href":"https:\/\/semmelweis.hu\/jogigfoig\/wp-json\/wp\/v2\/types\/page"}],"author":[{"embeddable":true,"href":"https:\/\/semmelweis.hu\/jogigfoig\/wp-json\/wp\/v2\/users\/101117"}],"replies":[{"embeddable":true,"href":"https:\/\/semmelweis.hu\/jogigfoig\/wp-json\/wp\/v2\/comments?post=8034"}],"version-history":[{"count":11,"href":"https:\/\/semmelweis.hu\/jogigfoig\/wp-json\/wp\/v2\/pages\/8034\/revisions"}],"predecessor-version":[{"id":90415,"href":"https:\/\/semmelweis.hu\/jogigfoig\/wp-json\/wp\/v2\/pages\/8034\/revisions\/90415"}],"wp:attachment":[{"href":"https:\/\/semmelweis.hu\/jogigfoig\/wp-json\/wp\/v2\/media?parent=8034"}],"wp:term":[{"taxonomy":"category","embeddable":true,"href":"https:\/\/semmelweis.hu\/jogigfoig\/wp-json\/wp\/v2\/categories?post=8034"},{"taxonomy":"post_tag","embeddable":true,"href":"https:\/\/semmelweis.hu\/jogigfoig\/wp-json\/wp\/v2\/tags?post=8034"}],"curies":[{"name":"wp","href":"https:\/\/api.w.org\/{rel}","templated":true}]}}