{"id":80033,"date":"2021-03-08T11:48:12","date_gmt":"2021-03-08T10:48:12","guid":{"rendered":"https:\/\/semmelweis.hu\/jogigfoig\/?page_id=80033"},"modified":"2021-03-08T11:48:12","modified_gmt":"2021-03-08T10:48:12","slug":"2021-februar-25","status":"publish","type":"page","link":"https:\/\/semmelweis.hu\/jogigfoig\/testuletek\/szenatus\/2021-evi-szenatusi-hatarozatok\/2021-februar-25\/","title":{"rendered":"2021. febru\u00e1r 25."},"content":{"rendered":"<p style=\"text-align: justify\"><a href=\"https:\/\/semmelweis.hu\/jogigfoig\/files\/2021\/03\/7_2021_Hat\u00e1rozat_tavaszi-munkaterv.pdf\">A Semmelweis Egyetem\u00a0Szen\u00e1tus\u00e1nak 7\/2021. (II.25.) sz\u00e1m\u00fa hat\u00e1rozata\u00a0a Szen\u00e1tus 2021. I. f\u00e9l\u00e9vi (tavaszi) munkaterv\u00e9r\u0151l<\/a><\/p>\n<p style=\"text-align: justify\"><a href=\"https:\/\/semmelweis.hu\/jogigfoig\/files\/2021\/03\/7_mell\u00e9klet_Munkaterv_2021-I-f\u00e9l\u00e9v_\u00d6SSZES\u00cdTETT-t\u00e1bla.xlsx\">A Semmelweis Egyetem Szen\u00e1tus\u00e1nak 7\/2021. (II.25.) sz\u00e1m\u00fa hat\u00e1rozata a Szen\u00e1tus 2021. I. f\u00e9l\u00e9vi (tavaszi) munkaterv\u00e9r\u0151l \u2013 1. sz\u00e1m\u00fa mell\u00e9klet<\/a><\/p>\n<p style=\"text-align: justify\"><a href=\"https:\/\/semmelweis.hu\/jogigfoig\/files\/2021\/03\/8_2021_SzMSz-m\u00f3dos\u00edt\u00e1s.pdf\">A Semmelweis Egyetem\u00a0Szen\u00e1tus\u00e1nak\u00a08\/2021. (II.25.) sz\u00e1m\u00fa hat\u00e1rozata\u00a0a Szervezeti \u00e9s M\u0171k\u00f6d\u00e9si Szab\u00e1lyzat egyes rendelkez\u00e9seinek m\u00f3dos\u00edt\u00e1s\u00e1r\u00f3l<\/a><\/p>\n<p style=\"text-align: justify\"><a href=\"https:\/\/semmelweis.hu\/jogigfoig\/files\/2021\/03\/8_2021_Kancell\u00e1ri-egyet\u00e9rt\u00e9s.pdf\">A Semmelweis Egyetem Szen\u00e1tus\u00e1nak 8\/2021. (II.25.) sz\u00e1m\u00fa hat\u00e1rozata a Szervezeti \u00e9s M\u0171k\u00f6d\u00e9si Szab\u00e1lyzat egyes rendelkez\u00e9seinek m\u00f3dos\u00edt\u00e1s\u00e1r\u00f3l \u2013 kancell\u00e1ri egyet\u00e9rt\u00e9si jog gyakorl\u00e1sa<\/a><\/p>\n<p style=\"text-align: justify\"><a href=\"https:\/\/semmelweis.hu\/jogigfoig\/files\/2021\/03\/8_Mell\u00e9klet_SZMSZ_m\u00f3d.pdf\">A Semmelweis Egyetem Szen\u00e1tus\u00e1nak 8\/2021. (II.25.) sz\u00e1m\u00fa hat\u00e1rozata a Szervezeti \u00e9s M\u0171k\u00f6d\u00e9si Szab\u00e1lyzat egyes rendelkez\u00e9seinek m\u00f3dos\u00edt\u00e1s\u00e1r\u00f3l \u2013 1. sz\u00e1m\u00fa mell\u00e9klet<\/a><\/p>\n<p style=\"text-align: justify\"><a href=\"https:\/\/semmelweis.hu\/jogigfoig\/files\/2021\/03\/9_2021_Csontv\u00e1ry-szabv\u00e1ll.pdf\">A Semmelweis Egyetem\u00a0Szen\u00e1tus\u00e1nak\u00a09\/2021. (II.25.) sz\u00e1m\u00fa hat\u00e1rozata\u00a0a <em>Csontv\u00e1ryval a magyar kult\u00fara \u00fatj\u00e1n<\/em> c\u00edm\u0171 szabadon v\u00e1laszthat\u00f3 tant\u00e1rgy meghirdet\u00e9s\u00e9r\u0151l<\/a><\/p>\n<p style=\"text-align: justify\"><a href=\"https:\/\/semmelweis.hu\/jogigfoig\/files\/2021\/03\/9_2021_Kancell\u00e1ri-egyet\u00e9rt\u00e9s.pdf\">A Semmelweis Egyetem\u00a0Szen\u00e1tus\u00e1nak\u00a09\/2021. (II.25.) sz\u00e1m\u00fa hat\u00e1rozata\u00a0a <em>Csontv\u00e1ryval a magyar kult\u00fara \u00fatj\u00e1n<\/em> c\u00edm\u0171 szabadon v\u00e1laszthat\u00f3 tant\u00e1rgy meghirdet\u00e9s\u00e9r\u0151l \u2013 kancell\u00e1ri egyet\u00e9rt\u00e9si jog gyakorl\u00e1sa<\/a><\/p>\n<p style=\"text-align: justify\"><a href=\"https:\/\/semmelweis.hu\/jogigfoig\/files\/2021\/03\/9_Mell\u00e9klet_K\u00f6vetelm\u00e9nyrendszer-Csontv\u00e1ry-2020-21.-tan\u00e9v-II.-f\u00e9l\u00e9v.pdf\">A Semmelweis Egyetem\u00a0Szen\u00e1tus\u00e1nak\u00a09\/2021. (II.25.) sz\u00e1m\u00fa hat\u00e1rozata\u00a0a <em>Csontv\u00e1ryval a magyar kult\u00fara \u00fatj\u00e1n<\/em> c\u00edm\u0171 szabadon v\u00e1laszthat\u00f3 tant\u00e1rgy meghirdet\u00e9s\u00e9r\u0151l \u2013 1. sz\u00e1m\u00fa mell\u00e9klet<\/a><\/p>\n<p style=\"text-align: justify\"><a href=\"https:\/\/semmelweis.hu\/jogigfoig\/files\/2021\/03\/10_2021_M\u00c1B-szem\u00e9lyi-\u00f6sszet\u00e9tel.pdf\">A Semmelweis Egyetem\u00a0Szen\u00e1tus\u00e1nak\u00a010\/2021. (II.25.) sz\u00e1m\u00fa hat\u00e1rozata\u00a0a Munkahelyi \u00e9s \u00c1llatj\u00f3l\u00e9ti Bizotts\u00e1g szem\u00e9lyi \u00f6sszet\u00e9tel\u00e9nek m\u00f3dos\u00edt\u00e1s\u00e1r\u00f3l<\/a><\/p>\n<p style=\"text-align: justify\"><a href=\"https:\/\/semmelweis.hu\/jogigfoig\/files\/2021\/03\/11_2021_M\u00c1B-\u00fcgyrend.pdf\">A Semmelweis Egyetem\u00a0Szen\u00e1tus\u00e1nak\u00a011\/2021. (II.25.) sz\u00e1m\u00fa hat\u00e1rozata\u00a0a Munkahelyi \u00e9s \u00c1llatj\u00f3l\u00e9ti Bizotts\u00e1g \u00fcgyrendj\u00e9nek m\u00f3dos\u00edt\u00e1s\u00e1r\u00f3l<\/a><\/p>\n<p style=\"text-align: justify\"><a href=\"https:\/\/semmelweis.hu\/jogigfoig\/files\/2021\/03\/11_2021_Mell\u00e9klet-M\u00c1B-\u00fcgyrend.pdf\">A Semmelweis Egyetem Szen\u00e1tus\u00e1nak 11\/2021. (II.25.) sz\u00e1m\u00fa hat\u00e1rozata a Munkahelyi \u00e9s \u00c1llatj\u00f3l\u00e9ti Bizotts\u00e1g \u00fcgyrendj\u00e9nek m\u00f3dos\u00edt\u00e1s\u00e1r\u00f3l \u2013 1. sz\u00e1m\u00fa mell\u00e9klet<\/a><\/p>\n<p style=\"text-align: justify\"><a href=\"https:\/\/semmelweis.hu\/jogigfoig\/files\/2021\/03\/12_2021_Min\u0151s\u00e9gfejl-\u00e9s-\u00e9rt-biz_\u00fcgyrend.pdf\">A Semmelweis Egyetem\u00a0Szen\u00e1tus\u00e1nak\u00a012\/2021. (II.25.) sz\u00e1m\u00fa hat\u00e1rozata\u00a0a Min\u0151s\u00e9gfejleszt\u00e9si \u00e9s Min\u0151s\u00e9g\u00e9rt\u00e9kel\u0151 Bizotts\u00e1g \u00fcgyrendj\u00e9nek m\u00f3dos\u00edt\u00e1s\u00e1r\u00f3l<\/a><\/p>\n<p style=\"text-align: justify\"><a href=\"https:\/\/semmelweis.hu\/jogigfoig\/files\/2021\/03\/12_Mell\u00e9klet.pdf\">A Semmelweis Egyetem Szen\u00e1tus\u00e1nak 12\/2021. (II.25.) sz\u00e1m\u00fa hat\u00e1rozata a Min\u0151s\u00e9gfejleszt\u00e9si \u00e9s Min\u0151s\u00e9g\u00e9rt\u00e9kel\u0151 Bizotts\u00e1g \u00fcgyrendj\u00e9nek m\u00f3dos\u00edt\u00e1s\u00e1r\u00f3l \u2013 1. sz\u00e1m\u00fa mell\u00e9klet<\/a><\/p>\n<p style=\"text-align: justify\"><a href=\"https:\/\/semmelweis.hu\/jogigfoig\/files\/2021\/03\/13_2021_Z\u00f6ld-Egyetem.pdf\">A Semmelweis Egyetem\u00a0Szen\u00e1tus\u00e1nak\u00a013\/2021. (II.25.) sz\u00e1m\u00fa hat\u00e1rozata\u00a0a Z\u00f6ld Egyetem projektr\u0151l<\/a><\/p>\n<p style=\"text-align: justify\"><a href=\"https:\/\/semmelweis.hu\/jogigfoig\/files\/2021\/03\/13_2021_Kancell\u00e1ri-egyet\u00e9rt\u00e9s.pdf\">A Semmelweis Egyetem Szen\u00e1tus\u00e1nak 13\/2021. (II.25.) sz\u00e1m\u00fa hat\u00e1rozata a Z\u00f6ld Egyetem projektr\u0151l \u2013 kancell\u00e1ri egyet\u00e9rt\u00e9si jog gyakorl\u00e1sa<\/a><\/p>\n<p style=\"text-align: justify\"><a href=\"https:\/\/semmelweis.hu\/jogigfoig\/files\/2021\/03\/13_Mell\u00e9klet_Z\u00f6ld-Egyetem_Project-1.pdf\">A Semmelweis Egyetem Szen\u00e1tus\u00e1nak 13\/2021. (II.25.) sz\u00e1m\u00fa hat\u00e1rozata a Z\u00f6ld Egyetem projektr\u0151l \u2013 1. sz\u00e1m\u00fa mell\u00e9klet<\/a><\/p>\n<p style=\"text-align: justify\"><a href=\"https:\/\/semmelweis.hu\/jogigfoig\/files\/2021\/03\/13_Mell\u00e9klet_Z\u00f6ld-Egyetem_Project-2.pdf\">A Semmelweis Egyetem Szen\u00e1tus\u00e1nak 13\/2021. (II.25.) sz\u00e1m\u00fa hat\u00e1rozata a Z\u00f6ld Egyetem projektr\u0151l \u2013 2. sz\u00e1m\u00fa mell\u00e9klet<\/a><\/p>\n<p style=\"text-align: justify\"><a href=\"https:\/\/semmelweis.hu\/jogigfoig\/files\/2021\/03\/14_2021_ACH-tant\u00e1rgyfelel\u0151si-p\u00e1ly\u00e1zatok.pdf\">A Semmelweis Egyetem\u00a0Szen\u00e1tus\u00e1nak\u00a014\/2021. (II.25.) sz\u00e1m\u00fa hat\u00e1rozata\u00a0az Asklepios Campus Hamburg tant\u00e1rgyfelel\u0151si p\u00e1ly\u00e1zatok v\u00e9lem\u00e9nyez\u00e9s\u00e9r\u0151l<\/a><\/p>\n<p style=\"text-align: justify\"><a href=\"https:\/\/semmelweis.hu\/jogigfoig\/files\/2021\/03\/15_2021_ETK_foly\u00f3-k\u00e9pz\u00e9s_angol.pdf\">A Semmelweis Egyetem\u00a0Szen\u00e1tus\u00e1nak\u00a015\/2021. (II.25.) sz\u00e1m\u00fa hat\u00e1rozata\u00a0az Eg\u00e9szs\u00e9gtudom\u00e1nyi Karon foly\u00f3 k\u00e9pz\u00e9s angol nyelv\u0171 programj\u00e1nak ind\u00edt\u00e1s\u00e1r\u00f3l<\/a><\/p>\n<p style=\"text-align: justify\"><a href=\"https:\/\/semmelweis.hu\/jogigfoig\/files\/2021\/03\/15_2021_Kancell\u00e1ri-egyet\u00e9rt\u00e9s.pdf\">A Semmelweis Egyetem Szen\u00e1tus\u00e1nak 15\/2021. (II.25.) sz\u00e1m\u00fa hat\u00e1rozata az Eg\u00e9szs\u00e9gtudom\u00e1nyi Karon foly\u00f3 k\u00e9pz\u00e9s angol nyelv\u0171 programj\u00e1nak ind\u00edt\u00e1s\u00e1r\u00f3l \u2013 kancell\u00e1ri egyet\u00e9rt\u00e9si jog gyakorl\u00e1sa<\/a><\/p>\n<p style=\"text-align: justify\"><a href=\"https:\/\/semmelweis.hu\/jogigfoig\/files\/2021\/03\/15_2021_Mell\u00e9klet_Public-Health-Supervisor_curriculum.pdf\">A Semmelweis Egyetem Szen\u00e1tus\u00e1nak 15\/2021. (II.25.) sz\u00e1m\u00fa hat\u00e1rozata az Eg\u00e9szs\u00e9gtudom\u00e1nyi Karon foly\u00f3 k\u00e9pz\u00e9s angol nyelv\u0171 programj\u00e1nak ind\u00edt\u00e1s\u00e1r\u00f3l \u2013 1. sz\u00e1m\u00fa mell\u00e9klet<\/a><\/p>\n<p style=\"text-align: justify\"><a href=\"https:\/\/semmelweis.hu\/jogigfoig\/files\/2021\/03\/16_2021_karokon-m\u0171k\u00f6d\u0151-\u00e1lland\u00f3-bizotts\u00e1gok_besz\u00e1mol\u00f3.pdf\">A Semmelweis Egyetem\u00a0Szen\u00e1tus\u00e1nak\u00a016\/2021. (II.25.) sz\u00e1m\u00fa hat\u00e1rozata\u00a0a Szen\u00e1tus \u00e1ltal l\u00e9trehozott, <em>(Tanulm\u00e1nyi \u00e9s Vizsga Bizotts\u00e1g, Kredit\u00e1tviteli Bizotts\u00e1g, Etikai \u00e9s Fegyelmi Bizotts\u00e1g, a Pet\u0151 Andr\u00e1s Kar tekintet\u00e9ben tov\u00e1bbi k\u00e9t bizotts\u00e1g a Gyakorlati K\u00e9pz\u00e9si Bizotts\u00e1g \u00e9s a Kiad\u00f3i \u00e9s K\u00f6nyvt\u00e1r Bizotts\u00e1g)<\/em> karokon m\u0171k\u00f6d\u0151 \u00e1lland\u00f3 bizotts\u00e1gok munk\u00e1j\u00e1r\u00f3l<\/a><\/p>\n<p style=\"text-align: justify\"><a href=\"https:\/\/semmelweis.hu\/jogigfoig\/files\/2021\/03\/17_2021_Pro-Universitate.pdf\">A Semmelweis Egyetem\u00a0Szen\u00e1tus\u00e1nak\u00a017\/2021. (II.25.) sz\u00e1m\u00fa hat\u00e1rozata\u00a0a Pro Universitate d\u00edj, valamint a Semmelweis Egyetem Kiv\u00e1l\u00f3 Oktat\u00f3ja kit\u00fcntet\u00e9s adom\u00e1nyoz\u00e1s\u00e1r\u00f3l<\/a><\/p>\n<p style=\"text-align: justify\"><a href=\"https:\/\/semmelweis.hu\/jogigfoig\/files\/2021\/03\/17_2021_Kancell\u00e1ri-egyet\u00e9rt\u00e9s.pdf\">A Semmelweis Egyetem Szen\u00e1tus\u00e1nak 17\/2021. (II.25.) sz\u00e1m\u00fa hat\u00e1rozata a Pro Universitate d\u00edj, valamint a Semmelweis Egyetem Kiv\u00e1l\u00f3 Oktat\u00f3ja kit\u00fcntet\u00e9s adom\u00e1nyoz\u00e1s\u00e1r\u00f3l \u2013 kancell\u00e1ri egyet\u00e9rt\u00e9si jog gyakorl\u00e1sa<\/a><\/p>\n<p style=\"text-align: justify\"><a href=\"https:\/\/semmelweis.hu\/jogigfoig\/files\/2021\/03\/18_2021_aktu\u00e1lis-vezet\u0151i-\u00e9s-oktat\u00f3i-kutat\u00f3i-p\u00e1ly\u00e1zatok.pdf\">A Semmelweis Egyetem\u00a0Szen\u00e1tus\u00e1nak\u00a018\/2021. (II.25.) sz\u00e1m\u00fa hat\u00e1rozata az aktu\u00e1lis vezet\u0151i \u00e9s oktat\u00f3i-kutat\u00f3i p\u00e1ly\u00e1zatok v\u00e9lem\u00e9nyez\u00e9s\u00e9r\u0151l<\/a><\/p>\n<p style=\"text-align: justify\"><a href=\"https:\/\/semmelweis.hu\/jogigfoig\/files\/2021\/03\/18_2021_Kancell\u00e1ri-egyet\u00e9rt\u00e9s.pdf\">A Semmelweis Egyetem Szen\u00e1tus\u00e1nak 18\/2021. (II.25.) sz\u00e1m\u00fa hat\u00e1rozata az aktu\u00e1lis vezet\u0151i \u00e9s oktat\u00f3i-kutat\u00f3i p\u00e1ly\u00e1zatok v\u00e9lem\u00e9nyez\u00e9s\u00e9r\u0151l \u2013 kancell\u00e1ri egyet\u00e9rt\u00e9si jog gyakorl\u00e1sa<\/a><\/p>\n","protected":false},"excerpt":{"rendered":"<p><a href=\"https:\/\/semmelweis.hu\/jogigfoig\/files\/2021\/03\/7_2021_Hat\u00e1rozat_tavaszi-munkaterv.pdf\">A Semmelweis Egyetem\u00a0Szen\u00e1tus\u00e1nak 7\/2021. (II.25.) sz\u00e1m\u00fa hat\u00e1rozata\u00a0a Szen\u00e1tus 2021. I. f\u00e9l\u00e9vi (tavaszi) munkaterv\u00e9r\u0151l<\/a><br \/>\n<a href=\"https:\/\/semmelweis.hu\/jogigfoig\/files\/2021\/03\/7_mell\u00e9klet_Munkaterv_2021-I-f\u00e9l\u00e9v_\u00d6SSZES\u00cdTETT-t\u00e1bla.xlsx\">A Semmelweis Egyetem Szen\u00e1tus\u00e1nak 7\/2021. (II.25.) sz\u00e1m\u00fa hat\u00e1rozata a Szen\u00e1tus 2021. I. f\u00e9l\u00e9vi (tavaszi) munkaterv\u00e9r\u0151l \u2013 1. sz\u00e1m\u00fa mell\u00e9klet<\/a><br \/>\n<a href=\"https:\/\/semmelweis.hu\/jogigfoig\/files\/2021\/03\/8_2021_SzMSz-m\u00f3dos\u00edt\u00e1s.pdf\">A Semmelweis Egyetem\u00a0Szen\u00e1tus\u00e1nak\u00a08\/2021. (II.25.) sz\u00e1m\u00fa hat\u00e1rozata\u00a0a Szervezeti \u00e9s M\u0171k\u00f6d\u00e9si Szab\u00e1lyzat egyes rendelkez\u00e9seinek m\u00f3dos\u00edt\u00e1s\u00e1r\u00f3l<\/a><br \/>\n<a href=\"https:\/\/semmelweis.hu\/jogigfoig\/files\/2021\/03\/8_2021_Kancell\u00e1ri-egyet\u00e9rt\u00e9s.pdf\">A Semmelweis Egyetem Szen\u00e1tus\u00e1nak 8\/2021. (II.25.) sz\u00e1m\u00fa hat\u00e1rozata a Szervezeti \u00e9s M\u0171k\u00f6d\u00e9si Szab\u00e1lyzat egyes rendelkez\u00e9seinek m\u00f3dos\u00edt\u00e1s\u00e1r\u00f3l \u2013 kancell\u00e1ri egyet\u00e9rt\u00e9si jog gyakorl\u00e1sa<\/a><br \/>\n<a href=\"https:\/\/semmelweis.hu\/jogigfoig\/files\/2021\/03\/8_Mell\u00e9klet_SZMSZ_m\u00f3d.pdf\">A Semmelweis Egyetem Szen\u00e1tus\u00e1nak 8\/2021. (II.25.) sz\u00e1m\u00fa hat\u00e1rozata a Szervezeti \u00e9s M\u0171k\u00f6d\u00e9si Szab\u00e1lyzat egyes rendelkez\u00e9seinek m\u00f3dos\u00edt\u00e1s\u00e1r\u00f3l \u2013 1. sz\u00e1m\u00fa mell\u00e9klet<\/a><br \/>\n<a href=\"https:\/\/semmelweis.hu\/jogigfoig\/files\/2021\/03\/9_2021_Csontv\u00e1ry-szabv\u00e1ll.pdf\">A Semmelweis Egyetem\u00a0Szen\u00e1tus\u00e1nak\u00a09\/2021. (II.25.) sz\u00e1m\u00fa hat\u00e1rozata\u00a0a Csontv\u00e1ryval a magyar kult\u00fara \u00fatj\u00e1n c\u00edm\u0171 szabadon v\u00e1laszthat\u00f3 tant\u00e1rgy meghirdet\u00e9s\u00e9r\u0151l<\/a><br \/>\n<a href=\"https:\/\/semmelweis.hu\/jogigfoig\/files\/2021\/03\/9_2021_Kancell\u00e1ri-egyet\u00e9rt\u00e9s.pdf\">A Semmelweis Egyetem\u00a0Szen\u00e1tus\u00e1nak\u00a09\/2021. (II.25.) sz\u00e1m\u00fa hat\u00e1rozata\u00a0a Csontv\u00e1ryval a magyar kult\u00fara \u00fatj\u00e1n c\u00edm\u0171 szabadon v\u00e1laszthat\u00f3 tant\u00e1rgy meghirdet\u00e9s\u00e9r\u0151l \u2013 kancell\u00e1ri egyet\u00e9rt\u00e9si jog gyakorl\u00e1sa<\/a><br \/>\n<a href=\"https:\/\/semmelweis.hu\/jogigfoig\/files\/2021\/03\/9_Mell\u00e9klet_K\u00f6vetelm\u00e9nyrendszer-Csontv\u00e1ry-2020-21.-tan\u00e9v-II.-f\u00e9l\u00e9v.pdf\">A Semmelweis Egyetem\u00a0Szen\u00e1tus\u00e1nak\u00a09\/2021. (II.25.) sz\u00e1m\u00fa hat\u00e1rozata\u00a0a Csontv\u00e1ryval a magyar kult\u00fara \u00fatj\u00e1n c\u00edm\u0171 szabadon v\u00e1laszthat\u00f3 tant\u00e1rgy meghirdet\u00e9s\u00e9r\u0151l \u2013 1. sz\u00e1m\u00fa mell\u00e9klet<\/a><br \/>\n<a href=\"https:\/\/semmelweis.hu\/jogigfoig\/files\/2021\/03\/10_2021_M\u00c1B-szem\u00e9lyi-\u00f6sszet\u00e9tel.pdf\">A Semmelweis Egyetem\u00a0Szen\u00e1tus\u00e1nak\u00a010\/2021. (II.25.) sz\u00e1m\u00fa hat\u00e1rozata\u00a0a Munkahelyi \u00e9s \u00c1llatj\u00f3l\u00e9ti Bizotts\u00e1g szem\u00e9lyi \u00f6sszet\u00e9tel\u00e9nek m\u00f3dos\u00edt\u00e1s\u00e1r\u00f3l<\/a><br \/>\n<a href=\"https:\/\/semmelweis.hu\/jogigfoig\/files\/2021\/03\/11_2021_M\u00c1B-\u00fcgyrend.pdf\">A Semmelweis Egyetem\u00a0Szen\u00e1tus\u00e1nak\u00a011\/2021. (II.25.) sz\u00e1m\u00fa hat\u00e1rozata\u00a0a Munkahelyi \u00e9s \u00c1llatj\u00f3l\u00e9ti Bizotts\u00e1g \u00fcgyrendj\u00e9nek m\u00f3dos\u00edt\u00e1s\u00e1r\u00f3l<\/a><br \/>\n<a href=\"https:\/\/semmelweis.hu\/jogigfoig\/files\/2021\/03\/11_2021_Mell\u00e9klet-M\u00c1B-\u00fcgyrend.pdf\">A Semmelweis Egyetem Szen\u00e1tus\u00e1nak 11\/2021. (II.25.) sz\u00e1m\u00fa hat\u00e1rozata a Munkahelyi \u00e9s \u00c1llatj\u00f3l\u00e9ti Bizotts\u00e1g \u00fcgyrendj\u00e9nek m\u00f3dos\u00edt\u00e1s\u00e1r\u00f3l \u2013 1. sz\u00e1m\u00fa mell\u00e9klet<\/a><br \/>\n<a href=\"https:\/\/semmelweis.hu\/jogigfoig\/files\/2021\/03\/12_2021_Min\u0151s\u00e9gfejl-\u00e9s-\u00e9rt-biz_\u00fcgyrend.pdf\">A Semmelweis Egyetem\u00a0Szen\u00e1tus\u00e1nak\u00a012\/2021. (II.25.) sz\u00e1m\u00fa hat\u00e1rozata\u00a0a Min\u0151s\u00e9gfejleszt\u00e9si \u00e9s Min\u0151s\u00e9g\u00e9rt\u00e9kel\u0151 Bizotts\u00e1g \u00fcgyrendj\u00e9nek m\u00f3dos\u00edt\u00e1s\u00e1r\u00f3l<\/a><br \/>\n<a href=\"https:\/\/semmelweis.hu\/jogigfoig\/files\/2021\/03\/12_Mell\u00e9klet.pdf\">A Semmelweis Egyetem Szen\u00e1tus\u00e1nak 12\/2021. (II.25.) sz\u00e1m\u00fa hat\u00e1rozata a Min\u0151s\u00e9gfejleszt\u00e9si \u00e9s Min\u0151s\u00e9g\u00e9rt\u00e9kel\u0151 Bizotts\u00e1g \u00fcgyrendj\u00e9nek m\u00f3dos\u00edt\u00e1s\u00e1r\u00f3l \u2013 1. sz\u00e1m\u00fa mell\u00e9klet<\/a><br \/>\n<a href=\"https:\/\/semmelweis.hu\/jogigfoig\/files\/2021\/03\/13_2021_Z\u00f6ld-Egyetem.pdf\">A Semmelweis Egyetem\u00a0Szen\u00e1tus\u00e1nak\u00a013\/2021. (II.25.) sz\u00e1m\u00fa hat\u00e1rozata\u00a0a Z\u00f6ld Egyetem projektr\u0151l<\/a><br \/>\n<a href=\"https:\/\/semmelweis.hu\/jogigfoig\/files\/2021\/03\/13_2021_Kancell\u00e1ri-egyet\u00e9rt\u00e9s.pdf\">A Semmelweis Egyetem Szen\u00e1tus\u00e1nak 13\/2021. (II.25.) sz\u00e1m\u00fa hat\u00e1rozata a Z\u00f6ld Egyetem projektr\u0151l \u2013 kancell\u00e1ri egyet\u00e9rt\u00e9si jog gyakorl\u00e1sa<\/a><br \/>\n<a href=\"https:\/\/semmelweis.hu\/jogigfoig\/files\/2021\/03\/13_Mell\u00e9klet_Z\u00f6ld-Egyetem_Project-1.pdf\">A Semmelweis Egyetem Szen\u00e1tus\u00e1nak 13\/2021. (II.25.) sz\u00e1m\u00fa hat\u00e1rozata a Z\u00f6ld Egyetem projektr\u0151l \u2013 1. sz\u00e1m\u00fa mell\u00e9klet<\/a><br \/>\n<a href=\"https:\/\/semmelweis.hu\/jogigfoig\/files\/2021\/03\/13_Mell\u00e9klet_Z\u00f6ld-Egyetem_Project-2.pdf\">A Semmelweis Egyetem Szen\u00e1tus\u00e1nak 13\/2021. (II.25.) sz\u00e1m\u00fa hat\u00e1rozata a Z\u00f6ld Egyetem projektr\u0151l \u2013 2. sz\u00e1m\u00fa mell\u00e9klet<\/a><br \/>\n<a href=\"https:\/\/semmelweis.hu\/jogigfoig\/files\/2021\/03\/14_2021_ACH-tant\u00e1rgyfelel\u0151si-p\u00e1ly\u00e1zatok.pdf\">A Semmelweis Egyetem\u00a0Szen\u00e1tus\u00e1nak\u00a014\/2021. (II.25.) sz\u00e1m\u00fa hat\u00e1rozata\u00a0az Asklepios Campus Hamburg tant\u00e1rgyfelel\u0151si p\u00e1ly\u00e1zatok v\u00e9lem\u00e9nyez\u00e9s\u00e9r\u0151l<\/a><br \/>\n<a href=\"https:\/\/semmelweis.hu\/jogigfoig\/files\/2021\/03\/15_2021_ETK_foly\u00f3-k\u00e9pz\u00e9s_angol.pdf\">A Semmelweis Egyetem\u00a0Szen\u00e1tus\u00e1nak\u00a015\/2021. (II.25.) sz\u00e1m\u00fa hat\u00e1rozata\u00a0az Eg\u00e9szs\u00e9gtudom\u00e1nyi Karon foly\u00f3 k\u00e9pz\u00e9s angol nyelv\u0171 programj\u00e1nak ind\u00edt\u00e1s\u00e1r\u00f3l<\/a><br \/>\n<a href=\"https:\/\/semmelweis.hu\/jogigfoig\/files\/2021\/03\/15_2021_Kancell\u00e1ri-egyet\u00e9rt\u00e9s.pdf\">A Semmelweis Egyetem Szen\u00e1tus\u00e1nak 15\/2021. (II.25.) sz\u00e1m\u00fa hat\u00e1rozata az Eg\u00e9szs\u00e9gtudom\u00e1nyi Karon foly\u00f3 k\u00e9pz\u00e9s angol nyelv\u0171 programj\u00e1nak ind\u00edt\u00e1s\u00e1r\u00f3l \u2013 kancell\u00e1ri egyet\u00e9rt\u00e9si jog gyakorl\u00e1sa<\/a><br \/>\n<a href=\"https:\/\/semmelweis.hu\/jogigfoig\/files\/2021\/03\/15_2021_Mell\u00e9klet_Public-Health-Supervisor_curriculum.pdf\">A Semmelweis Egyetem Szen\u00e1tus\u00e1nak 15\/2021. (II.25.) sz\u00e1m\u00fa hat\u00e1rozata az Eg\u00e9szs\u00e9gtudom\u00e1nyi Karon foly\u00f3 k\u00e9pz\u00e9s angol nyelv\u0171 programj\u00e1nak ind\u00edt\u00e1s\u00e1r\u00f3l \u2013 1. sz\u00e1m\u00fa mell\u00e9klet<\/a><br \/>\n<a href=\"https:\/\/semmelweis.hu\/jogigfoig\/files\/2021\/03\/16_2021_karokon-m\u0171k\u00f6d\u0151-\u00e1lland\u00f3-bizotts\u00e1gok_besz\u00e1mol\u00f3.pdf\">A Semmelweis Egyetem\u00a0Szen\u00e1tus\u00e1nak\u00a016\/2021. (II.25.) sz\u00e1m\u00fa hat\u00e1rozata\u00a0a Szen\u00e1tus \u00e1ltal l\u00e9trehozott, (Tanulm\u00e1nyi \u00e9s Vizsga Bizotts\u00e1g, Kredit\u00e1tviteli Bizotts\u00e1g, Etikai \u00e9s Fegyelmi Bizotts\u00e1g, a Pet\u0151 Andr\u00e1s Kar tekintet\u00e9ben tov\u00e1bbi k\u00e9t bizotts\u00e1g a Gyakorlati K\u00e9pz\u00e9si Bizotts\u00e1g \u00e9s a Kiad\u00f3i \u00e9s K\u00f6nyvt\u00e1r Bizotts\u00e1g) karokon m\u0171k\u00f6d\u0151 \u00e1lland\u00f3 bizotts\u00e1gok munk\u00e1j\u00e1r\u00f3l<\/a><br \/>\n<a href=\"https:\/\/semmelweis.hu\/jogigfoig\/files\/2021\/03\/17_2021_Pro-Universitate.pdf\">A Semmelweis Egyetem\u00a0Szen\u00e1tus\u00e1nak\u00a017\/2021. (II.25.) sz\u00e1m\u00fa hat\u00e1rozata\u00a0a Pro Universitate d\u00edj, valamint a Semmelweis Egyetem Kiv\u00e1l\u00f3 Oktat\u00f3ja kit\u00fcntet\u00e9s adom\u00e1nyoz\u00e1s\u00e1r\u00f3l<\/a><br \/>\n<a href=\"https:\/\/semmelweis.hu\/jogigfoig\/files\/2021\/03\/17_2021_Kancell\u00e1ri-egyet\u00e9rt\u00e9s.pdf\">A Semmelweis Egyetem Szen\u00e1tus\u00e1nak 17\/2021. (II.25.) sz\u00e1m\u00fa hat\u00e1rozata a Pro Universitate d\u00edj, valamint a Semmelweis Egyetem Kiv\u00e1l\u00f3 Oktat\u00f3ja kit\u00fcntet\u00e9s adom\u00e1nyoz\u00e1s\u00e1r\u00f3l \u2013 kancell\u00e1ri egyet\u00e9rt\u00e9si jog gyakorl\u00e1sa<\/a><br \/>\n<a href=\"https:\/\/semmelweis.hu\/jogigfoig\/files\/2021\/03\/18_2021_aktu\u00e1lis-vezet\u0151i-\u00e9s-oktat\u00f3i-kutat\u00f3i-p\u00e1ly\u00e1zatok.pdf\">A Semmelweis Egyetem\u00a0Szen\u00e1tus\u00e1nak\u00a018\/2021. (II.25.) sz\u00e1m\u00fa hat\u00e1rozata az aktu\u00e1lis vezet\u0151i \u00e9s oktat\u00f3i-kutat\u00f3i p\u00e1ly\u00e1zatok v\u00e9lem\u00e9nyez\u00e9s\u00e9r\u0151l<\/a><br \/>\n<a href=\"https:\/\/semmelweis.hu\/jogigfoig\/files\/2021\/03\/18_2021_Kancell\u00e1ri-egyet\u00e9rt\u00e9s.pdf\">A Semmelweis Egyetem Szen\u00e1tus\u00e1nak 18\/2021. (II.25.) sz\u00e1m\u00fa hat\u00e1rozata az aktu\u00e1lis vezet\u0151i \u00e9s oktat\u00f3i-kutat\u00f3i p\u00e1ly\u00e1zatok v\u00e9lem\u00e9nyez\u00e9s\u00e9r\u0151l \u2013 kancell\u00e1ri egyet\u00e9rt\u00e9si jog gyakorl\u00e1sa<\/a><\/p>\n","protected":false},"author":101467,"featured_media":0,"parent":79349,"menu_order":1,"comment_status":"closed","ping_status":"closed","template":"","meta":{"_acf_changed":false,"footnotes":""},"categories":[],"tags":[],"class_list":["post-80033","page","type-page","status-publish","hentry"],"acf":[],"_links":{"self":[{"href":"https:\/\/semmelweis.hu\/jogigfoig\/wp-json\/wp\/v2\/pages\/80033","targetHints":{"allow":["GET"]}}],"collection":[{"href":"https:\/\/semmelweis.hu\/jogigfoig\/wp-json\/wp\/v2\/pages"}],"about":[{"href":"https:\/\/semmelweis.hu\/jogigfoig\/wp-json\/wp\/v2\/types\/page"}],"author":[{"embeddable":true,"href":"https:\/\/semmelweis.hu\/jogigfoig\/wp-json\/wp\/v2\/users\/101467"}],"replies":[{"embeddable":true,"href":"https:\/\/semmelweis.hu\/jogigfoig\/wp-json\/wp\/v2\/comments?post=80033"}],"version-history":[{"count":1,"href":"https:\/\/semmelweis.hu\/jogigfoig\/wp-json\/wp\/v2\/pages\/80033\/revisions"}],"predecessor-version":[{"id":80060,"href":"https:\/\/semmelweis.hu\/jogigfoig\/wp-json\/wp\/v2\/pages\/80033\/revisions\/80060"}],"up":[{"embeddable":true,"href":"https:\/\/semmelweis.hu\/jogigfoig\/wp-json\/wp\/v2\/pages\/79349"}],"wp:attachment":[{"href":"https:\/\/semmelweis.hu\/jogigfoig\/wp-json\/wp\/v2\/media?parent=80033"}],"wp:term":[{"taxonomy":"category","embeddable":true,"href":"https:\/\/semmelweis.hu\/jogigfoig\/wp-json\/wp\/v2\/categories?post=80033"},{"taxonomy":"post_tag","embeddable":true,"href":"https:\/\/semmelweis.hu\/jogigfoig\/wp-json\/wp\/v2\/tags?post=80033"}],"curies":[{"name":"wp","href":"https:\/\/api.w.org\/{rel}","templated":true}]}}