{"id":79916,"date":"2021-03-03T13:39:11","date_gmt":"2021-03-03T12:39:11","guid":{"rendered":"https:\/\/semmelweis.hu\/jogigfoig\/?page_id=79916"},"modified":"2025-08-15T11:47:58","modified_gmt":"2025-08-15T09:47:58","slug":"konyvtarhasznalati-szabalyzat-archivum","status":"publish","type":"page","link":"https:\/\/semmelweis.hu\/jogigfoig\/dokumentumtar\/szabalyzattar-archivum\/konyvtarhasznalati-szabalyzat-archivum\/","title":{"rendered":"K\u00f6nyvt\u00e1rhaszn\u00e1lati szab\u00e1lyzat (Arch\u00edvum)"},"content":{"rendered":"<p style=\"text-align: justify;\"><div class=\"responsive-tabs\">\n<h2 class=\"tabtitle\">Szab\u00e1lyzat arch\u00edv v\u00e1ltozatai<\/h2>\n<div class=\"tabcontent\">\n<\/p>\n<ul style=\"list-style-type: disc;\">\n<li><a href=\"https:\/\/semmelweis.hu\/jogigfoig\/files\/2021\/03\/K\u00f6nyvt\u00e1rhaszn\u00e1lati-Szab\u00e1lyzat_hataly_2019_11_05_20200716.pdf\">2020. j\u00falius 16-ig<\/a><\/li>\n<li><a href=\"https:\/\/semmelweis.hu\/jogigfoig\/files\/2020\/07\/Konyvtarhasznalati_szabalyzat_hatalyos_2020_07_17.pdf\">2021. \u00e1prilis 14-ig<\/a><\/li>\n<li><a href=\"https:\/\/semmelweis.hu\/jogigfoig\/files\/2021\/07\/Konyvtarhasznalati_szabalyzat_hatalyos_2021_04_15.pdf\">2022. m\u00e1jus 20-ig<\/a><\/li>\n<li><a href=\"https:\/\/semmelweis.hu\/jogigfoig\/files\/2022\/05\/Konyvtarhasznalati_szabalyzat_hataly_2022_V_21.pdf\">2022. m\u00e1jus 21 &#8211; 2022. december 20.<\/a><\/li>\n<li>2022. december 21 &#8211; 2023. november 29.\n<ul>\n<li><a href=\"https:\/\/semmelweis.hu\/jogigfoig\/files\/2023\/02\/SE_Kozponti_Konyvtar_konyvtarhasznalati_rend_2023_final.pdf\">K\u00f6zponti K\u00f6nyvt\u00e1r K\u00f6nyvt\u00e1rhaszn\u00e1lati rendje<\/a>\n<ul>\n<li><a href=\"https:\/\/semmelweis.hu\/jogigfoig\/files\/2023\/03\/SE_Kozponti_Konyvtar_konyvtarhasznalati_rend_2023_02_23_ENG_.pdf\">The Semmelweis University Central Library Library Use Policy<\/a><\/li>\n<\/ul>\n<\/li>\n<li><a href=\"https:\/\/semmelweis.hu\/jogigfoig\/files\/2023\/02\/EOK_konyvtarhasznalati_rend_2023_final.pdf\">K\u00f6zponti K\u00f6nyvt\u00e1r Elm\u00e9leti Orvostudom\u00e1nyi K\u00f6zpontban m\u0171k\u00f6d\u0151 fi\u00f3kk\u00f6nyvt\u00e1r\u00e1nak K\u00f6nyvt\u00e1rhaszn\u00e1lati rendje<\/a>\n<ul>\n<li><a href=\"https:\/\/semmelweis.hu\/jogigfoig\/files\/2023\/03\/EOK_konyvtarhasznalati_rend_2023_02_23_ENG_.pdf\">Library Use Policy of the Branch Library of the Central Library of Semmelweis University in the Centre for Theoretical Medicine (EOK)<\/a><\/li>\n<\/ul>\n<\/li>\n<li><a href=\"https:\/\/semmelweis.hu\/jogigfoig\/files\/2023\/02\/ETK_konyvtarhasznalati_rend_2023_final.pdf\">Eg\u00e9szs\u00e9gtudom\u00e1nyi Kar K\u00f6nyvt\u00e1r\u00e1nak K\u00f6nyvt\u00e1rhaszn\u00e1lati rendje<\/a>\n<ul>\n<li><a href=\"https:\/\/semmelweis.hu\/jogigfoig\/files\/2023\/04\/ETK_konyvtarhasznalati_rend_2023_04_20_ENG_final.pdf\">The Library of the Faculty of Health Sciences of Semmelweis University Library Use Policy<\/a><\/li>\n<\/ul>\n<\/li>\n<li><a href=\"https:\/\/semmelweis.hu\/jogigfoig\/files\/2023\/02\/PAK_konyvtarhasznalati_rend_2023_final.pdf\">Pet\u0151 Andr\u00e1s Kar H\u00e1ri M\u00e1ria Kari K\u00f6nyvt\u00e1r \u00e9s Forr\u00e1sk\u00f6zpont K\u00f6nyvt\u00e1rhaszn\u00e1lati Rendje<\/a>\n<ul>\n<li><a href=\"https:\/\/semmelweis.hu\/jogigfoig\/files\/2023\/06\/PAK_konyvtarhasznalati_rend_2023_05_15_ENG_jav.pdf\">Semmelweis University Pet\u0151 Andr\u00e1s Faculty H\u00e1ri M\u00e1ria Faculty Library and Resource Centre Library Use Policy<\/a><\/li>\n<\/ul>\n<\/li>\n<\/ul>\n<\/li>\n<li>2023. november 30 &#8211; 2024. m\u00e1rcius 12.\n<ul>\n<li><a href=\"https:\/\/semmelweis.hu\/jogigfoig\/files\/2023\/12\/SE_Kozponti_Konyvtar_konyvtarhasznalati_rend_20231130_final_alairt.pdf\">K\u00f6zponti K\u00f6nyvt\u00e1r K\u00f6nyvt\u00e1rhaszn\u00e1lati rendje<\/a>\n<ul>\n<li><strong>English version:<\/strong>\u00a0<a href=\"https:\/\/semmelweis.hu\/jogigfoig\/files\/2024\/02\/SE_KK_Konytarhasznalati_rend_2023.12.06._eng-US.pdf\">The Semmelweis University Central Library Library use policy<\/a><\/li>\n<li><strong>Deutsche Version:<\/strong>\u00a0<a href=\"https:\/\/semmelweis.hu\/jogigfoig\/files\/2024\/02\/SE_KK_Konytarhasznalati_rend_2023.12.06._DE.pdf\">Die Zentralbibliothek der Semmelweis Universit\u00e4t Benutzungsordnung der Bibliothek<\/a><\/li>\n<\/ul>\n<\/li>\n<\/ul>\n<\/li>\n<li style=\"list-style-type: none;\">\n<ul>\n<li><a href=\"https:\/\/semmelweis.hu\/jogigfoig\/files\/2023\/12\/EOK_konyvtarhasznalati_rend_20231130_final_alairt.pdf\">K\u00f6zponti K\u00f6nyvt\u00e1r Elm\u00e9leti Orvostudom\u00e1nyi K\u00f6zpontban m\u0171k\u00f6d\u0151 fi\u00f3kk\u00f6nyvt\u00e1r\u00e1nak K\u00f6nyvt\u00e1rhaszn\u00e1lati rendje<\/a>\n<ul>\n<li><strong>English version:<\/strong>\u00a0<a href=\"https:\/\/semmelweis.hu\/jogigfoig\/files\/2024\/02\/EOK_Konytarhasznalati_rend_2023.12.06._eng-US.pdf\">Library Use Policy of the Branch Library of the Central Library of Semmelweis University in the Centre for Theoretical Medicine (EOK)<\/a><\/li>\n<li><strong>Deutsche Version:<\/strong>\u00a0<a href=\"https:\/\/semmelweis.hu\/jogigfoig\/files\/2024\/02\/EOK_Konytarhasznalati_rend_2023.12.06._DE.pdf\">Bibliotheksbenutzungsordnung der Zweigbibliothek der Zentralbibliothek der Semmelweis-Universit\u00e4t im Zentrum f\u00fcr Theoretische Medizin<\/a><\/li>\n<\/ul>\n<\/li>\n<\/ul>\n<\/li>\n<li>2023. febru\u00e1r 23 &#8211; 2024. \u00e1prilis 24.\n<ul>\n<li><a href=\"https:\/\/semmelweis.hu\/jogigfoig\/files\/2023\/02\/FOK_konyvtarhasznalati_rend_2023_final.pdf\">Fogorvostudom\u00e1nyi Kar Oktat\u00e1si Centrum K\u00f6nyvt\u00e1r\u00e1nak K\u00f6nyvt\u00e1rhaszn\u00e1lati rendje<\/a><\/li>\n<\/ul>\n<\/li>\n<li>2022. december 21 &#8211; 2024. okt\u00f3ber 1.\n<ul>\n<li>\u00a0<a href=\"https:\/\/semmelweis.hu\/jogigfoig\/files\/2023\/01\/Konyvtarhasznalati-szabalyzat_hataly_2022.XII_.21.pdf\">K\u00f6nyvt\u00e1rhaszn\u00e1lati szab\u00e1lyzat\u00a0<\/a>\n<ul>\n<li><strong>English version:<\/strong>\u00a0<a href=\"https:\/\/semmelweis.hu\/jogigfoig\/files\/2023\/03\/Konyvtarhasznalati-szabalyzat_2022_12_21_ENG_.pdf\">Library usage policy<\/a><\/li>\n<\/ul>\n<\/li>\n<\/ul>\n<\/li>\n<li><a href=\"https:\/\/semmelweis.hu\/jogigfoig\/files\/2024\/10\/Konyvtarhasznalati-szabalyzat_hataly_20241002.pdf\">2024. okt\u00f3ber 2 &#8211; 2024. december 31.<\/a><\/li>\n<li>2024. m\u00e1rcius 13 &#8211; 2024. december 31.\n<ul>\n<li style=\"text-align: justify;\"><a href=\"https:\/\/semmelweis.hu\/jogigfoig\/files\/2024\/03\/SE_Kozponti_Konyvtar_konyvtarhasznalati_rend_20240313_alairasra.pdf\">K\u00f6zponti K\u00f6nyvt\u00e1r K\u00f6nyvt\u00e1rhaszn\u00e1lati rendje<\/a>\n<ul>\n<li><strong>English version: <\/strong><a href=\"https:\/\/semmelweis.hu\/jogigfoig\/files\/2024\/04\/SE_KK_konytarhasznalati_rend_eng-US_14March2024.pdf\">The Semmelweis University Central Library Library use policy<\/a><\/li>\n<li><strong>Deutsche Version: <\/strong><a href=\"https:\/\/semmelweis.hu\/jogigfoig\/files\/2024\/04\/SE_KK_Konyvtarhasznalati_rend_DE_14Marz2024_korr.pdf\">Die Zentralbibliothek der Semmelweis Universit\u00e4t Benutzungsordnung der Bibliothek<\/a><\/li>\n<li style=\"text-align: justify;\"><a href=\"https:\/\/semmelweis.hu\/jogigfoig\/files\/2024\/03\/SE_KK_EOK_konyvtarhasznalati_rend_20240313_alairasra.pdf\">K\u00f6zponti K\u00f6nyvt\u00e1r Elm\u00e9leti Orvostudom\u00e1nyi K\u00f6zpontban m\u0171k\u00f6d\u0151 fi\u00f3kk\u00f6nyvt\u00e1r\u00e1nak K\u00f6nyvt\u00e1rhaszn\u00e1lati rendje<\/a>\n<ul>\n<li><strong>English version: <\/strong><a href=\"https:\/\/semmelweis.hu\/jogigfoig\/files\/2024\/04\/EOK_konyvtarhasznalati_rend_eng-US_14March2024.pdf\">Library Use Policy of the Branch Library of the Central Library of Semmelweis University in the Centre for Theoretical Medicine (EOK)<\/a><\/li>\n<li><strong>Deutsche Version: <\/strong><a href=\"https:\/\/semmelweis.hu\/jogigfoig\/files\/2024\/04\/EOK_Konyvtarhasznalati_rend_DE_14_Marz2024.pdf\">Bibliotheksbenutzungsordnung der Zweigbibliothek der Zentralbibliothek der Semmelweis-Universit\u00e4t im Zentrum f\u00fcr Theoretische Medizin<\/a><\/li>\n<\/ul>\n<\/li>\n<\/ul>\n<\/li>\n<\/ul>\n<\/li>\n<li>2023. november 30 &#8211; 2024. december 31.\n<ul>\n<li style=\"list-style-type: none;\">\n<ul style=\"list-style-type: circle;\">\n<li>\n<p style=\"text-align: justify;\"><a href=\"https:\/\/semmelweis.hu\/jogigfoig\/files\/2023\/12\/ETK_konyvtarhasznalati_rend_20231130_final_alairt.pdf\">Eg\u00e9szs\u00e9gtudom\u00e1nyi Kar K\u00f6nyvt\u00e1r\u00e1nak K\u00f6nyvt\u00e1rhaszn\u00e1lati rendje<\/a><\/p>\n<ul>\n<li><strong>English version:<\/strong> <a href=\"https:\/\/semmelweis.hu\/jogigfoig\/files\/2024\/02\/ETK_Konytarhasznalati_rend_2023.12.06._eng-US.pdf\">Library Use Policy of the Branch Library of the Central Library of Semmelweis University in the Centre for Theoretical Medicine<\/a><\/li>\n<li><strong>Deutsche Version:<\/strong> <a href=\"https:\/\/semmelweis.hu\/jogigfoig\/files\/2024\/02\/ETK_Konytarhasznalati_rend_2023.12.06._DE.pdf\">Die Bibliothek der Fakult\u00e4t f\u00fcr GesundheitswissenschaHUFen der Semmelweis-Universit\u00e4t Benutzungsordnung der Bibliothek<\/a><\/li>\n<\/ul>\n<\/li>\n<\/ul>\n<\/li>\n<\/ul>\n<\/li>\n<li>2025. janu\u00e1r 01 &#8211; 2025. augusztus 24.\n<ul>\n<li style=\"list-style-type: none;\">\n<ul style=\"text-align: justify; list-style-type: circle;\">\n<li><a style=\"background-color: #ffffff; font-size: 1rem;\" href=\"https:\/\/semmelweis.hu\/jogigfoig\/files\/2025\/01\/SE_Kozponti_Konyvtar_konyvtarhasznalati_rend_hataly_2025_01_01.pdf\">K\u00f6zponti K\u00f6nyvt\u00e1r K\u00f6nyvt\u00e1rhaszn\u00e1lati rendje<\/a>\n<ul style=\"text-align: justify; list-style-type: square;\">\n<li><strong>English version:<\/strong> <a href=\"https:\/\/semmelweis.hu\/jogigfoig\/files\/2025\/01\/SE_Kozponti_Konyvtar_konyvtarhasznalati_rend_20250101_alairasra_eng-GB.pdf\">The Semmelweis University Central Library Library use policy<\/a><\/li>\n<li><strong>Deutsche Version:<\/strong> <a href=\"https:\/\/semmelweis.hu\/jogigfoig\/files\/2025\/01\/SE_Kozponti_Konyvtar_konyvtarhasznalati_rend_20250101_alairasra_ger.pdf\">Zentralbibliothek der Semmelweis Universit\u00e4t Benutzungsordnung der Bibliothek<\/a><\/li>\n<\/ul>\n<\/li>\n<li><a href=\"https:\/\/semmelweis.hu\/jogigfoig\/files\/2025\/01\/SE_KK_EOK_konyvtarhasznalati_rend_hataly_2025_01_01.pdf\">K\u00f6zponti K\u00f6nyvt\u00e1r Elm\u00e9leti Orvostudom\u00e1nyi K\u00f6zpontban m\u0171k\u00f6d\u0151 fi\u00f3kk\u00f6nyvt\u00e1r\u00e1nak K\u00f6nyvt\u00e1rhaszn\u00e1lati rendje<\/a>\n<ul style=\"list-style-type: square;\">\n<li><strong>English version:<\/strong>\u00a0<a href=\"https:\/\/semmelweis.hu\/jogigfoig\/files\/2025\/01\/SE_KK_EOK_konyvtarhasznalati_rend_20250101_alairasra_eng-GB.pdf\">Library Use Policy of the Branch Library of the Central Library of Semmelweis University in the Centre for Theoretical Medicine (EOK)<\/a><\/li>\n<li><strong>Deutsche Version:<\/strong>\u00a0<a href=\"https:\/\/semmelweis.hu\/jogigfoig\/files\/2025\/01\/SE_KK_EOK_konyvtarhasznalati_rend_20250101_alairasra_eng-GB-1.pdf\">Bibliotheksbenutzungsordnung der Zweigbibliothek der Zentralbibliothek der Semmelweis-Universit\u00e4t im Zentrum f\u00fcr Theoretische Medizin<\/a><\/li>\n<\/ul>\n<\/li>\n<li><a href=\"https:\/\/semmelweis.hu\/jogigfoig\/files\/2025\/01\/ETK_konyvtarhasznalati_rend_hataly_2025_01_01.pdf\">Eg\u00e9szs\u00e9gtudom\u00e1nyi Kar K\u00f6nyvt\u00e1r\u00e1nak K\u00f6nyvt\u00e1rhaszn\u00e1lati rendje<\/a>\n<ul style=\"list-style-type: square;\">\n<li><strong>English version:<\/strong>\u00a0<a href=\"https:\/\/semmelweis.hu\/jogigfoig\/files\/2025\/01\/ETK_konyvtarhasznalati_rend_20250101_alairasra_eng-GB.pdf\">Library Use Policy of the Branch Library of the Faculty of Health Sciences of Semmelweis University<\/a><\/li>\n<li><strong>Deutsche Version:<\/strong>\u00a0<a href=\"https:\/\/semmelweis.hu\/jogigfoig\/files\/2025\/01\/ETK_konyvtarhasznalati_rend_20250101_alairasra_ger.pdf\">Die Bibliothek der Fakult\u00e4t f\u00fcr Gesundheitswissenschaften der Semmelweis-Universit\u00e4t Benutzungsordnung der Bibliothek<\/a><\/li>\n<\/ul>\n<\/li>\n<\/ul>\n<\/li>\n<\/ul>\n<\/li>\n<li style=\"list-style-type: none;\">\n<ul>\n<li style=\"list-style-type: none;\">\n<ul>\n<li style=\"list-style-type: none;\">\u00a0<\/li>\n<\/ul>\n<\/li>\n<\/ul>\n<\/li>\n<\/ul>\n<p style=\"text-align: justify; padding-left: 40px;\">\n<\/div><h2 class=\"tabtitle\">M\u00f3dos\u00edt\u00f3<br \/>\nhat\u00e1rozatok<\/h2>\n<div class=\"tabcontent\">\n<\/p>\n<ul style=\"text-align: justify;\">\n<li><a href=\"https:\/\/semmelweis.hu\/jogigfoig\/files\/2022\/12\/107_2022_Szabalyzatok-Konyve-IV.-utem-1.pdf\">107\/2022. (XII.19.)<\/a><\/li>\n<li><a href=\"https:\/\/semmelweis.hu\/jogigfoig\/files\/2024\/10\/77_2024_SzMSz-modositas.pdf\">77\/2024. (IX.27.)<\/a><\/li>\n<\/ul>\n<p style=\"text-align: justify;\">\n<\/div><h2 class=\"tabtitle\">Hat\u00e1lyon k\u00edv\u00fcl helyezett hat\u00e1rozatok<\/h2>\n<div class=\"tabcontent\">\n<\/p>\n<ul style=\"text-align: justify;\">\n<li><a href=\"https:\/\/semmelweis.hu\/jogigfoig\/files\/2019\/11\/124_A-K%C3%B6nyvt%C3%A1rhaszn%C3%A1lati-Szab%C3%A1lyzat-elfogad%C3%A1s%C3%A1r%C3%B3l-1.pdf\">124\/2019. (X.24.)<\/a><\/li>\n<li><a href=\"https:\/\/semmelweis.hu\/jogigfoig\/files\/2020\/07\/108_2020_hat%C3%A1rozat_K%C3%B6nyvt%C3%A1rhaszn%C3%A1lati-szab%C3%A1lyzat.pdf\">108\/2020. (VII.07.)<\/a><\/li>\n<\/ul>\n<p style=\"text-align: justify;\"><\/div><\/div><\/p>\n","protected":false},"excerpt":{"rendered":"<p><a href=\"https:\/\/semmelweis.hu\/jogigfoig\/files\/2021\/03\/K\u00f6nyvt\u00e1rhaszn\u00e1lati-Szab\u00e1lyzat_hataly_2019_11_05_20200716.pdf\">2020. j\u00falius 16-ig<\/a> <a href=\"https:\/\/semmelweis.hu\/jogigfoig\/files\/2020\/07\/Konyvtarhasznalati_szabalyzat_hatalyos_2020_07_17.pdf\">2021. \u00e1prilis 14-ig<\/a> <a href=\"https:\/\/semmelweis.hu\/jogigfoig\/files\/2021\/07\/Konyvtarhasznalati_szabalyzat_hatalyos_2021_04_15.pdf\">2022. m\u00e1jus 20-ig<\/a> <a href=\"https:\/\/semmelweis.hu\/jogigfoig\/files\/2022\/05\/Konyvtarhasznalati_szabalyzat_hataly_2022_V_21.pdf\">2022. m\u00e1jus 21 &#8211; 2022. december 20.<\/a> 2022. december 21 &#8211; 2023. november 29. <a href=\"https:\/\/semmelweis.hu\/jogigfoig\/files\/2023\/02\/SE_Kozponti_Konyvtar_konyvtarhasznalati_rend_2023_final.pdf\">K\u00f6zponti K\u00f6nyvt\u00e1r K\u00f6nyvt\u00e1rhaszn\u00e1lati rendje<\/a> <a href=\"https:\/\/semmelweis.hu\/jogigfoig\/files\/2023\/03\/SE_Kozponti_Konyvtar_konyvtarhasznalati_rend_2023_02_23_ENG_.pdf\">The Semmelweis University Central Library Library Use Policy<\/a> <a href=\"https:\/\/semmelweis.hu\/jogigfoig\/files\/2023\/02\/EOK_konyvtarhasznalati_rend_2023_final.pdf\">K\u00f6zponti K\u00f6nyvt\u00e1r Elm\u00e9leti Orvostudom\u00e1nyi K\u00f6zpontban m\u0171k\u00f6d\u0151 fi\u00f3kk\u00f6nyvt\u00e1r\u00e1nak K\u00f6nyvt\u00e1rhaszn\u00e1lati rendje<\/a> <a href=\"https:\/\/semmelweis.hu\/jogigfoig\/files\/2023\/03\/EOK_konyvtarhasznalati_rend_2023_02_23_ENG_.pdf\">Library Use Policy of the Branch Library of the Central Library of Semmelweis University in the Centre for Theoretical Medicine (EOK)<\/a> <a href=\"https:\/\/semmelweis.hu\/jogigfoig\/files\/2023\/02\/ETK_konyvtarhasznalati_rend_2023_final.pdf\">Eg\u00e9szs\u00e9gtudom\u00e1nyi Kar K\u00f6nyvt\u00e1r\u00e1nak K\u00f6nyvt\u00e1rhaszn\u00e1lati rendje<\/a> <a href=\"https:\/\/semmelweis.hu\/jogigfoig\/files\/2023\/04\/ETK_konyvtarhasznalati_rend_2023_04_20_ENG_final.pdf\">The Library of the Faculty of Health Sciences of Semmelweis University Library Use Policy<\/a> <a href=\"https:\/\/semmelweis.hu\/jogigfoig\/files\/2023\/02\/PAK_konyvtarhasznalati_rend_2023_final.pdf\">Pet\u0151 Andr\u00e1s Kar H\u00e1ri M\u00e1ria Kari K\u00f6nyvt\u00e1r \u00e9s Forr\u00e1sk\u00f6zpont K\u00f6nyvt\u00e1rhaszn\u00e1lati Rendje<\/a> <a href=\"https:\/\/semmelweis.hu\/jogigfoig\/files\/2023\/06\/PAK_konyvtarhasznalati_rend_2023_05_15_ENG_jav.pdf\">Semmelweis University Pet\u0151 Andr\u00e1s Faculty H\u00e1ri M\u00e1ria Faculty Library and Resource Centre Library Use Policy<\/a> 2023. november 30 &#8211; 2024. m\u00e1rcius 12. <a href=\"https:\/\/semmelweis.hu\/jogigfoig\/files\/2023\/12\/SE_Kozponti_Konyvtar_konyvtarhasznalati_rend_20231130_final_alairt.pdf\">K\u00f6zponti K\u00f6nyvt\u00e1r K\u00f6nyvt\u00e1rhaszn\u00e1lati rendje<\/a> English version:\u00a0 <a href=\"https:\/\/semmelweis.hu\/jogigfoig\/files\/2024\/02\/SE_KK_Konytarhasznalati_rend_2023.12.06._eng-US.pdf\">The Semmelweis University Central Library Library use policy<\/a> Deutsche Version:\u00a0 <a href=\"https:\/\/semmelweis.hu\/jogigfoig\/files\/2024\/02\/SE_KK_Konytarhasznalati_rend_2023.12.06._DE.pdf\">Die Zentralbibliothek der Semmelweis Universit\u00e4t Benutzungsordnung der Bibliothek<\/a> <a href=\"https:\/\/semmelweis.hu\/jogigfoig\/files\/2023\/12\/EOK_konyvtarhasznalati_rend_20231130_final_alairt.pdf\">K\u00f6zponti K\u00f6nyvt\u00e1r Elm\u00e9leti Orvostudom\u00e1nyi K\u00f6zpontban m\u0171k\u00f6d\u0151 fi\u00f3kk\u00f6nyvt\u00e1r\u00e1nak K\u00f6nyvt\u00e1rhaszn\u00e1lati rendje<\/a> English version:\u00a0 <a href=\"https:\/\/semmelweis.hu\/jogigfoig\/files\/2024\/02\/EOK_Konytarhasznalati_rend_2023.12.06._eng-US.pdf\">Library Use Policy of the Branch Library of the Central Library of Semmelweis University in the Centre for Theoretical Medicine (EOK)<\/a> Deutsche Version:\u00a0 <a href=\"https:\/\/semmelweis.hu\/jogigfoig\/files\/2024\/02\/EOK_Konytarhasznalati_rend_2023.12.06._DE.pdf\">Bibliotheksbenutzungsordnung der Zweigbibliothek der Zentralbibliothek der Semmelweis-Universit\u00e4t im Zentrum f\u00fcr Theoretische Medizin<\/a> 2023. febru\u00e1r 23 &#8211; 2024. \u00e1prilis 24. <a href=\"https:\/\/semmelweis.hu\/jogigfoig\/files\/2023\/02\/FOK_konyvtarhasznalati_rend_2023_final.pdf\">Fogorvostudom\u00e1nyi Kar Oktat\u00e1si Centrum K\u00f6nyvt\u00e1r\u00e1nak K\u00f6nyvt\u00e1rhaszn\u00e1lati rendje<\/a> 2022. december 21 &#8211; 2024. okt\u00f3ber 1. \u00a0 <a href=\"https:\/\/semmelweis.hu\/jogigfoig\/files\/2023\/01\/Konyvtarhasznalati-szabalyzat_hataly_2022.XII_.21.pdf\">K\u00f6nyvt\u00e1rhaszn\u00e1lati szab\u00e1lyzat\u00a0<\/a> English version:\u00a0 <a href=\"https:\/\/semmelweis.hu\/jogigfoig\/files\/2023\/03\/Konyvtarhasznalati-szabalyzat_2022_12_21_ENG_.pdf\">Library usage policy<\/a> <a href=\"https:\/\/semmelweis.hu\/jogigfoig\/files\/2024\/10\/Konyvtarhasznalati-szabalyzat_hataly_20241002.pdf\">2024. okt\u00f3ber 2 &#8211; 2024. december 31.<\/a> 2024. m\u00e1rcius 13 &#8211; 2024. december 31. <a href=\"https:\/\/semmelweis.hu\/jogigfoig\/files\/2024\/03\/SE_Kozponti_Konyvtar_konyvtarhasznalati_rend_20240313_alairasra.pdf\">K\u00f6zponti K\u00f6nyvt\u00e1r K\u00f6nyvt\u00e1rhaszn\u00e1lati rendje<\/a> English version: <a href=\"https:\/\/semmelweis.hu\/jogigfoig\/files\/2024\/04\/SE_KK_konytarhasznalati_rend_eng-US_14March2024.pdf\">The Semmelweis University Central Library Library use policy<\/a> Deutsche Version: <a href=\"https:\/\/semmelweis.hu\/jogigfoig\/files\/2024\/04\/SE_KK_Konyvtarhasznalati_rend_DE_14Marz2024_korr.pdf\">Die Zentralbibliothek der Semmelweis Universit\u00e4t Benutzungsordnung der Bibliothek<\/a> <a href=\"https:\/\/semmelweis.hu\/jogigfoig\/files\/2024\/03\/SE_KK_EOK_konyvtarhasznalati_rend_20240313_alairasra.pdf\">K\u00f6zponti K\u00f6nyvt\u00e1r Elm\u00e9leti Orvostudom\u00e1nyi K\u00f6zpontban m\u0171k\u00f6d\u0151 fi\u00f3kk\u00f6nyvt\u00e1r\u00e1nak K\u00f6nyvt\u00e1rhaszn\u00e1lati rendje<\/a> English version: <a href=\"https:\/\/semmelweis.hu\/jogigfoig\/files\/2024\/04\/EOK_konyvtarhasznalati_rend_eng-US_14March2024.pdf\">Library Use Policy of the Branch Library of the Central Library of Semmelweis University in the Centre for Theoretical Medicine (EOK)<\/a> Deutsche Version: <a href=\"https:\/\/semmelweis.hu\/jogigfoig\/files\/2024\/04\/EOK_Konyvtarhasznalati_rend_DE_14_Marz2024.pdf\">Bibliotheksbenutzungsordnung der Zweigbibliothek der Zentralbibliothek der Semmelweis-Universit\u00e4t im Zentrum f\u00fcr Theoretische Medizin<\/a> 2023. &hellip;<\/p>\n","protected":false},"author":101467,"featured_media":0,"parent":362,"menu_order":0,"comment_status":"closed","ping_status":"closed","template":"","meta":{"_acf_changed":false,"footnotes":""},"categories":[],"tags":[],"class_list":["post-79916","page","type-page","status-publish","hentry"],"acf":[],"_links":{"self":[{"href":"https:\/\/semmelweis.hu\/jogigfoig\/wp-json\/wp\/v2\/pages\/79916","targetHints":{"allow":["GET"]}}],"collection":[{"href":"https:\/\/semmelweis.hu\/jogigfoig\/wp-json\/wp\/v2\/pages"}],"about":[{"href":"https:\/\/semmelweis.hu\/jogigfoig\/wp-json\/wp\/v2\/types\/page"}],"author":[{"embeddable":true,"href":"https:\/\/semmelweis.hu\/jogigfoig\/wp-json\/wp\/v2\/users\/101467"}],"replies":[{"embeddable":true,"href":"https:\/\/semmelweis.hu\/jogigfoig\/wp-json\/wp\/v2\/comments?post=79916"}],"version-history":[{"count":11,"href":"https:\/\/semmelweis.hu\/jogigfoig\/wp-json\/wp\/v2\/pages\/79916\/revisions"}],"predecessor-version":[{"id":100834,"href":"https:\/\/semmelweis.hu\/jogigfoig\/wp-json\/wp\/v2\/pages\/79916\/revisions\/100834"}],"up":[{"embeddable":true,"href":"https:\/\/semmelweis.hu\/jogigfoig\/wp-json\/wp\/v2\/pages\/362"}],"wp:attachment":[{"href":"https:\/\/semmelweis.hu\/jogigfoig\/wp-json\/wp\/v2\/media?parent=79916"}],"wp:term":[{"taxonomy":"category","embeddable":true,"href":"https:\/\/semmelweis.hu\/jogigfoig\/wp-json\/wp\/v2\/categories?post=79916"},{"taxonomy":"post_tag","embeddable":true,"href":"https:\/\/semmelweis.hu\/jogigfoig\/wp-json\/wp\/v2\/tags?post=79916"}],"curies":[{"name":"wp","href":"https:\/\/api.w.org\/{rel}","templated":true}]}}