{"id":79906,"date":"2021-03-03T13:28:10","date_gmt":"2021-03-03T12:28:10","guid":{"rendered":"https:\/\/semmelweis.hu\/jogigfoig\/?page_id=79906"},"modified":"2022-09-13T14:51:31","modified_gmt":"2022-09-13T12:51:31","slug":"katasztrofavedelmi-es-polgari-vedelmi-szabalyzat-archivum","status":"publish","type":"page","link":"https:\/\/semmelweis.hu\/jogigfoig\/dokumentumtar\/szabalyzattar-archivum\/katasztrofavedelmi-es-polgari-vedelmi-szabalyzat-archivum\/","title":{"rendered":"Katasztr\u00f3fav\u00e9delmi \u00e9s polg\u00e1ri v\u00e9delmi szab\u00e1lyzat (Arch\u00edvum)"},"content":{"rendered":"<p><strong>Szab\u00e1lyzat arch\u00edv v\u00e1ltozatai:<\/strong><\/p>\n<ul>\n<li><a href=\"https:\/\/semmelweis.hu\/jogigfoig\/files\/2021\/03\/Katasztrofavedelmi_es_Polgari_vedelmi_Szabalyzat_hataly_20171215_20200616.pdf\">2020. j\u00fanius 16-ig<\/a><\/li>\n<li><a href=\"https:\/\/semmelweis.hu\/jogigfoig\/files\/2020\/06\/Katasztrofavedelmi_es_polgari_vedelmi_szabalyzat_hatalyos_2020_06_17_tol.pdf\">2021. j\u00falius 27-ig<\/a><\/li>\n<li><a href=\"https:\/\/semmelweis.hu\/jogigfoig\/files\/2021\/07\/Katasztr%C3%B3fav%C3%A9delmi-%C3%A9s-polg%C3%A1ri-v%C3%A9delmi-szab%C3%A1lyzat_hat%C3%A1lyos_2021.07.28.pdf\">2022. szeptember 9-ig<\/a><\/li>\n<\/ul>\n","protected":false},"excerpt":{"rendered":"<p>Szab\u00e1lyzat arch\u00edv v\u00e1ltozatai:<\/p>\n<p><a href=\"https:\/\/semmelweis.hu\/jogigfoig\/files\/2021\/03\/Katasztrofavedelmi_es_Polgari_vedelmi_Szabalyzat_hataly_20171215_20200616.pdf\">2020. j\u00fanius 16-ig<\/a><br \/>\n<a href=\"https:\/\/semmelweis.hu\/jogigfoig\/files\/2020\/06\/Katasztrofavedelmi_es_polgari_vedelmi_szabalyzat_hatalyos_2020_06_17_tol.pdf\">2021. j\u00falius 27-ig<\/a><br \/>\n<a href=\"https:\/\/semmelweis.hu\/jogigfoig\/files\/2021\/07\/Katasztr%C3%B3fav%C3%A9delmi-%C3%A9s-polg%C3%A1ri-v%C3%A9delmi-szab%C3%A1lyzat_hat%C3%A1lyos_2021.07.28.pdf\">2022. szeptember 9-ig<\/a><\/p>\n","protected":false},"author":101467,"featured_media":0,"parent":362,"menu_order":0,"comment_status":"closed","ping_status":"closed","template":"","meta":{"_acf_changed":false,"footnotes":""},"categories":[],"tags":[],"class_list":["post-79906","page","type-page","status-publish","hentry"],"acf":[],"_links":{"self":[{"href":"https:\/\/semmelweis.hu\/jogigfoig\/wp-json\/wp\/v2\/pages\/79906","targetHints":{"allow":["GET"]}}],"collection":[{"href":"https:\/\/semmelweis.hu\/jogigfoig\/wp-json\/wp\/v2\/pages"}],"about":[{"href":"https:\/\/semmelweis.hu\/jogigfoig\/wp-json\/wp\/v2\/types\/page"}],"author":[{"embeddable":true,"href":"https:\/\/semmelweis.hu\/jogigfoig\/wp-json\/wp\/v2\/users\/101467"}],"replies":[{"embeddable":true,"href":"https:\/\/semmelweis.hu\/jogigfoig\/wp-json\/wp\/v2\/comments?post=79906"}],"version-history":[{"count":3,"href":"https:\/\/semmelweis.hu\/jogigfoig\/wp-json\/wp\/v2\/pages\/79906\/revisions"}],"predecessor-version":[{"id":84823,"href":"https:\/\/semmelweis.hu\/jogigfoig\/wp-json\/wp\/v2\/pages\/79906\/revisions\/84823"}],"up":[{"embeddable":true,"href":"https:\/\/semmelweis.hu\/jogigfoig\/wp-json\/wp\/v2\/pages\/362"}],"wp:attachment":[{"href":"https:\/\/semmelweis.hu\/jogigfoig\/wp-json\/wp\/v2\/media?parent=79906"}],"wp:term":[{"taxonomy":"category","embeddable":true,"href":"https:\/\/semmelweis.hu\/jogigfoig\/wp-json\/wp\/v2\/categories?post=79906"},{"taxonomy":"post_tag","embeddable":true,"href":"https:\/\/semmelweis.hu\/jogigfoig\/wp-json\/wp\/v2\/tags?post=79906"}],"curies":[{"name":"wp","href":"https:\/\/api.w.org\/{rel}","templated":true}]}}