{"id":79897,"date":"2021-03-03T13:22:33","date_gmt":"2021-03-03T12:22:33","guid":{"rendered":"https:\/\/semmelweis.hu\/jogigfoig\/?page_id=79897"},"modified":"2025-08-08T10:29:04","modified_gmt":"2025-08-08T08:29:04","slug":"informacioatadasi-szabalyzat-archivum","status":"publish","type":"page","link":"https:\/\/semmelweis.hu\/jogigfoig\/dokumentumtar\/szabalyzattar-archivum\/informacioatadasi-szabalyzat-archivum\/","title":{"rendered":"Inform\u00e1ci\u00f3\u00e1tad\u00e1si szab\u00e1lyzat (Arch\u00edvum)"},"content":{"rendered":"<div class=\"responsive-tabs\">\n<h2 class=\"tabtitle\">Szab\u00e1lyzat arch\u00edv v\u00e1ltozatai<\/h2>\n<div class=\"tabcontent\">\n\n<ul>\n<li><a href=\"https:\/\/semmelweis.hu\/jogigfoig\/files\/2021\/03\/Informacio_atadasi_szabalyzat_20180507_20200731.pdf\">2020. j\u00falius 31-ig<\/a><\/li>\n<li><a href=\"https:\/\/semmelweis.hu\/jogigfoig\/files\/2020\/11\/Informacioatadasi_szabalyzat_hatalyos_2020_09_01.pdf\">2021. j\u00falius 22-ig<\/a><\/li>\n<li><a href=\"https:\/\/semmelweis.hu\/jogigfoig\/files\/2021\/07\/Informacioatadasi_szabalyzat_hatalyos_20210723.pdf\">2022. j\u00fanius 17-ig<\/a><\/li>\n<li><a href=\"https:\/\/semmelweis.hu\/jogigfoig\/files\/2022\/06\/Informacioatadasi_szabalyzat_hatal_2022_VI_18.pdf\">2025. augusztus 22-ig<\/a><\/li>\n<\/ul>\n\n<\/div><h2 class=\"tabtitle\">Hat\u00e1lyon k\u00edv\u00fcl helyezett <br \/>\nhat\u00e1rozatok<\/h2>\n<div class=\"tabcontent\">\n\n<ul>\n<li style=\"list-style-type: none\">\n<ul>\n<li><a href=\"https:\/\/semmelweis.hu\/jogigfoig\/files\/2018\/04\/K_3_2018_IV_20.pdf\">K\/3\/2018. (IV.20.)<\/a><\/li>\n<li><a href=\"https:\/\/semmelweis.hu\/jogigfoig\/files\/2020\/08\/K_15_2020_08_05.pdf\">K\/15\/2020. (VIII.05.)<\/a><\/li>\n<li><a href=\"https:\/\/semmelweis.hu\/jogigfoig\/files\/2022\/05\/33_2022_Szabalyzatok-Konyve-I.utem_.pdf\">33\/2022. (V.13.)<\/a><\/li>\n<\/ul>\n<\/li>\n<\/ul>\n<p>&nbsp;<\/p>\n<\/div><\/div>\n","protected":false},"excerpt":{"rendered":"<p><a href=\"https:\/\/semmelweis.hu\/jogigfoig\/files\/2021\/03\/Informacio_atadasi_szabalyzat_20180507_20200731.pdf\">2020. j\u00falius 31-ig<\/a><br \/>\n<a href=\"https:\/\/semmelweis.hu\/jogigfoig\/files\/2020\/11\/Informacioatadasi_szabalyzat_hatalyos_2020_09_01.pdf\">2021. j\u00falius 22-ig<\/a><br \/>\n<a href=\"https:\/\/semmelweis.hu\/jogigfoig\/files\/2021\/07\/Informacioatadasi_szabalyzat_hatalyos_20210723.pdf\">2022. j\u00fanius 17-ig<\/a><br \/>\n<a href=\"https:\/\/semmelweis.hu\/jogigfoig\/files\/2022\/06\/Informacioatadasi_szabalyzat_hatal_2022_VI_18.pdf\">2025. augusztus 22-ig<\/a><\/p>\n<p><a href=\"https:\/\/semmelweis.hu\/jogigfoig\/files\/2018\/04\/K_3_2018_IV_20.pdf\">K\/3\/2018. (IV.20.)<\/a><br \/>\n<a href=\"https:\/\/semmelweis.hu\/jogigfoig\/files\/2020\/08\/K_15_2020_08_05.pdf\">K\/15\/2020. (VIII.05.)<\/a><br \/>\n<a href=\"https:\/\/semmelweis.hu\/jogigfoig\/files\/2022\/05\/33_2022_Szabalyzatok-Konyve-I.utem_.pdf\">33\/2022. (V.13.)<\/a><\/p>\n<p>&nbsp;<\/p>\n","protected":false},"author":101467,"featured_media":0,"parent":362,"menu_order":0,"comment_status":"closed","ping_status":"closed","template":"","meta":{"_acf_changed":false,"footnotes":""},"categories":[],"tags":[],"class_list":["post-79897","page","type-page","status-publish","hentry"],"acf":[],"_links":{"self":[{"href":"https:\/\/semmelweis.hu\/jogigfoig\/wp-json\/wp\/v2\/pages\/79897","targetHints":{"allow":["GET"]}}],"collection":[{"href":"https:\/\/semmelweis.hu\/jogigfoig\/wp-json\/wp\/v2\/pages"}],"about":[{"href":"https:\/\/semmelweis.hu\/jogigfoig\/wp-json\/wp\/v2\/types\/page"}],"author":[{"embeddable":true,"href":"https:\/\/semmelweis.hu\/jogigfoig\/wp-json\/wp\/v2\/users\/101467"}],"replies":[{"embeddable":true,"href":"https:\/\/semmelweis.hu\/jogigfoig\/wp-json\/wp\/v2\/comments?post=79897"}],"version-history":[{"count":9,"href":"https:\/\/semmelweis.hu\/jogigfoig\/wp-json\/wp\/v2\/pages\/79897\/revisions"}],"predecessor-version":[{"id":100491,"href":"https:\/\/semmelweis.hu\/jogigfoig\/wp-json\/wp\/v2\/pages\/79897\/revisions\/100491"}],"up":[{"embeddable":true,"href":"https:\/\/semmelweis.hu\/jogigfoig\/wp-json\/wp\/v2\/pages\/362"}],"wp:attachment":[{"href":"https:\/\/semmelweis.hu\/jogigfoig\/wp-json\/wp\/v2\/media?parent=79897"}],"wp:term":[{"taxonomy":"category","embeddable":true,"href":"https:\/\/semmelweis.hu\/jogigfoig\/wp-json\/wp\/v2\/categories?post=79897"},{"taxonomy":"post_tag","embeddable":true,"href":"https:\/\/semmelweis.hu\/jogigfoig\/wp-json\/wp\/v2\/tags?post=79897"}],"curies":[{"name":"wp","href":"https:\/\/api.w.org\/{rel}","templated":true}]}}